{"id":45625,"date":"2023-10-19T11:20:13","date_gmt":"2023-10-19T08:20:13","guid":{"rendered":"https:\/\/ebikespareparts.fi\/?page_id=45625"},"modified":"2025-03-03T20:03:41","modified_gmt":"2025-03-03T18:03:41","slug":"toimitusehdot","status":"publish","type":"page","link":"https:\/\/ebikespareparts.fi\/da\/toimitusehdot\/","title":{"rendered":"Betingelser for levering"},"content":{"rendered":"<div class=\"wp-block-group\"><div class=\"wp-block-group__inner-container is-layout-flow wp-block-group-is-layout-flow\">\n<h2 class=\"wp-block-heading\"><strong>Betingelser for levering<\/strong><\/h2>\n\n\n\n<p>VIRKSOMHED 2839573-7 (herefter kaldet netbutikken) s\u00e6lger produkter til virksomheder og privatpersoner i Finland. Vi forbeholder os ret til at \u00e6ndre leveringsbetingelser og priser. Priserne p\u00e5 produkterne er inklusive moms.<\/p>\n\n\n\n<p><\/p>\n<\/div><\/div>\n\n\n\n<div class=\"wp-block-group\"><div class=\"wp-block-group__inner-container is-layout-flow wp-block-group-is-layout-flow\">\n<h4 class=\"wp-block-heading\"><strong>Kontaktoplysninger til onlinebutikken<\/strong><\/h4>\n\n\n\n<p>E-mail: info@ebikespareparts.fi<br>Telefon: <a href=\"tel:+358400445600\">+358 44 9019 737<\/a><br>Postadresse: EBIKESPAREPARTS \/ Andreas L\u00f6nnqvist<br>Jaakonkatu 39, 68600 Pietarsaari<\/p>\n\n\n\n<p><\/p>\n<\/div><\/div>\n\n\n\n<div class=\"wp-block-group\"><div class=\"wp-block-group__inner-container is-layout-flow wp-block-group-is-layout-flow\">\n<h4 class=\"wp-block-heading\"><strong>For at bestille<\/strong><\/h4>\n\n\n\n<p>De produkter, du \u00f8nsker at bestille, v\u00e6lges p\u00e5 hjemmesiden ved at l\u00e6gge dem i din indk\u00f8bskurv. Ordren sendes ved at betale for indholdet af indk\u00f8bskurven i online-kassen. Ved at afgive en ordre accepterer du disse vilk\u00e5r og betingelser, priserne p\u00e5 produkterne og leveringsomkostningerne. Hvis der oplyses en e-mailadresse p\u00e5 bestillingstidspunktet, sendes en ordrebekr\u00e6ftelse pr. e-mail. Ordrebekr\u00e6ftelsen angiver de bestilte produkter og prisen.<\/p>\n\n\n\n<p><\/p>\n<\/div><\/div>\n\n\n\n<div class=\"wp-block-group\"><div class=\"wp-block-group__inner-container is-layout-flow wp-block-group-is-layout-flow\">\n<h4 class=\"wp-block-heading\"><strong>Betaling<\/strong><\/h4>\n\n\n\n<p>Udbyderen af e-handelsbetalingen er Visma Pay (Visma Payments Oy, virksomheds-id 2486559-4), som er registreret i Finanstilsynets register over betalingsinstitutter. Betaling sker via Visma Pays onlinetjeneste, og Visma Pay eller Visma Payments Oy fremg\u00e5r af kontoudtoget og fakturaen som modtager af betalingen. Visma Pay videresender betalingerne til onlineforhandleren. Betalingen er sikker, da alle oplysninger om betalingstransaktionen overf\u00f8res via en krypteret forbindelse, s\u00e5 ingen tredjepart kan se oplysningerne om betalingstransaktionen.<\/p>\n\n\n\n<p>Der oprettes en transaktion mellem en e-handelskunde og en netbutik. Netbutikken er ansvarlig for alle forpligtelser i forbindelse med transaktionen.<\/p>\n\n\n\n<p>L\u00e6s mere om Visma Pay: https:\/\/www.visma.fi\/vismapay\/<\/p>\n\n\n\n<p><\/p>\n<\/div><\/div>\n\n\n\n<div class=\"wp-block-group\"><div class=\"wp-block-group__inner-container is-layout-flow wp-block-group-is-layout-flow\">\n<h4 class=\"wp-block-heading\"><strong>Betalingsmetoder<\/strong><\/h4>\n\n\n\n<p class=\"translation-block\">Via <strong>Visma Pay<\/strong> kan du betale med dit netbank-id, wallet, betalingskort (kredit\/debit), faktura eller afbetaling. F\u00f8lgende betalingsmetoder er tilg\u00e6ngelige.<\/p>\n\n\n\n<p class=\"translation-block\"><strong>MobilePay<\/strong>: Du kan betale med din MobilePay-wallet, hvis du har aktiveret onlinebetalinger i app-indstillingerne. Betalinger foretaget med en MobilePay-wallet tr\u00e6kkes p\u00e5 det betalingskort, der er knyttet til wallet'en. Hvis betalingen ikke kan tr\u00e6kkes fra betalingskortet, er det ikke muligt at betale med MobilePay-wallet i webshoppen.<\/p>\n\n\n\n<p class=\"translation-block\"><strong>Pivo<\/strong>: Vilk\u00e5r for brug er tilg\u00e6ngelige p\u00e5 Pivos hjemmeside: https:\/\/pivo.fi\/kayttoehdot\/pivon-kayttoehdot\/<\/p>\n\n\n\n<p class=\"translation-block\"><strong>Justo regnings- og afdragsbetaling<\/strong> er en husholdningstjeneste, der giver dig mulighed for at foretage dine k\u00f8b hurtigt og sikkert. Flexusto er for personer, der har styr p\u00e5 deres \u00f8konomi. Med Flexusto f\u00e5r du 30 dages rente- og gebyrfrihed. N\u00e5r du modtager din regning, kan du v\u00e6lge, om du vil betale den fuldt ud eller i rater. Med afbetaling kan du betale for dine k\u00f8b i op til 36 rater fra 9,90 \u20ac\/m\u00e5ned. Prisen for en fleksibel afdragsordning er 3,90 \u20ac\/m\u00e5ned plus en kreditrente p\u00e5 19,90%. Du kan betale med Flexusto for k\u00f8b mellem \u20ac30 og \u20ac3000. Kreditten er udstedt af Aurajoki Nordic Oy. L\u00e6s mere om Jousto p\u00e5 www.jousto.com.<\/p>\n\n\n\n<p class=\"translation-block\"><strong>OP Invoice<\/strong> - En fleksibel m\u00e5de at betale for k\u00f8b p\u00e5 nettet. For kunder i alle banker. Med OP Invoice kan du k\u00f8be for op til 5.000 euro og betale rentefrit inden for 45 dage. Hvis du \u00f8nsker det, kan du dele fakturaen op i flere rater. Dine k\u00f8b vises p\u00e5 \u00e9t sted, s\u00e5 du nemt kan f\u00f8lge med i, hvordan dine penge bliver brugt. Med en kreditgr\u00e6nse kan du holde dit forbrug inden for de gr\u00e6nser, du \u00f8nsker. Modtag dine fakturaer nemt via e-mail. I vores onlinetjeneste kan du se oplysninger om dit OP Bill-forbrug og bel\u00f8bet for dine k\u00f8b. Du kan bruge OP Faktura, hvis du er over 20 \u00e5r gammel og i stand til at betale, og hvis du har en finsk banks dom\u00e6nenavn. For mere information om OP Invoice, bes\u00f8g venligst: https:\/\/www.op.fi\/henkiloasiakkaat\/paivittaiset\/maksaminen\/op-lasku<\/p>\n\n\n\n<p><\/p>\n<\/div><\/div>\n\n\n\n<div class=\"wp-block-group\"><div class=\"wp-block-group__inner-container is-layout-flow wp-block-group-is-layout-flow\">\n<h4 class=\"wp-block-heading\"><strong>Visma Pay kontaktoplysninger<\/strong><\/h4>\n\n\n\n<p>Visma Payments Oy (forretnings-ID 2486559-4)<br>E-mail: helpdesk@vismapay.com<br>Telefon: 09 315 42 037 (hverdage 8-16)<br>Postadresse: Brahenkatu 4, 53100 Lappeenranta<\/p>\n\n\n\n<p><\/p>\n<\/div><\/div>\n\n\n\n<div class=\"wp-block-group\"><div class=\"wp-block-group__inner-container is-layout-flow wp-block-group-is-layout-flow\">\n<h4 class=\"wp-block-heading\"><strong>Levering<\/strong><\/h4>\n\n\n\n<p>Ordrer afsendes p\u00e5 hverdage. Leveringstiden for lagervarer er normalt 3-5 arbejdsdage. Hvis de produkter, der skal leveres, er specialfremstillede produkter, er leveringstiden normalt 1-3 uger. Leveringsomkostningerne bestemmes af den valgte leveringsmetode, eventuelle ekstra tjenester, ordrens v\u00e6gt og st\u00f8rrelse. Du kan se leveringsomkostningerne i onlinebutikkens checkout-funktion, f\u00f8r du godkender ordren endeligt.<\/p>\n\n\n\n<p>Hvis produktet g\u00e5r tabt eller beskadiges under leveringen, skal onlinebutikken straks underrettes, men inden for 14 dage. Den virksomhed, der er ansvarlig for leveringen, skal straks informeres om eventuelle beskadigede pakker.<\/p>\n\n\n\n<p><\/p>\n<\/div><\/div>\n\n\n\n<div class=\"wp-block-group\"><div class=\"wp-block-group__inner-container is-layout-flow wp-block-group-is-layout-flow\">\n<h4 class=\"wp-block-heading\"><strong>Returnerer<\/strong><\/h4>\n\n\n\n<p>Kunder har 14 dages bytte- og returret i henhold til forbrugerbeskyttelsesloven. Kunden har ret til at bytte eller returnere nogle eller alle de bestilte produkter. De produkter, der skal returneres eller byttes, skal v\u00e6re i deres originale emballage og i god stand. Hvis du \u00f8nsker at returnere eller bytte produkter, bedes du f\u00f8rst kontakte webshoppen og bede om returinstruktioner. Medsend venligst dit navn, dine kontaktoplysninger og dit kontonummer, s\u00e5 du eventuelt kan f\u00e5 pengene tilbage. <\/p>\n\n\n\n<p><\/p>\n<\/div><\/div>\n\n\n\n<div class=\"wp-block-group\"><div class=\"wp-block-group__inner-container is-layout-flow wp-block-group-is-layout-flow\">\n<h4 class=\"wp-block-heading\"><strong>Afbestilling, ansvar og klager <\/strong><\/h4>\n\n\n\n<p>F\u00f8r levering af ordren kan ordren annulleres ved skriftlig meddelelse via e-mail.<\/p>\n\n\n\n<p>Netbutikken er juridisk ansvarlig for fejl i de solgte produkter. I tilf\u00e6lde af klager bedes du kontakte vores kundeservice. Forbrugeren har ret til at henvise eventuelle tvister til Forbrugerklagen\u00e6vnet.<\/p>\n<\/div><\/div>","protected":false},"excerpt":{"rendered":"<p>Toimitusehdot YRITYS 2839573-7 (j\u00e4ljemp\u00e4n\u00e4 verkkokauppa) myy tuotteita yrityksille ja yksityishenkil\u00f6ille Suomeen. Pid\u00e4t\u00e4mme oikeuden toimitusehtojen ja hintojen muutoksiin. Tuotteiden hinnat sis\u00e4lt\u00e4v\u00e4t arvonlis\u00e4veron. Verkkokaupan yhteystiedot S\u00e4hk\u00f6posti: info@ebikespareparts.fiPuhelin: +358 44 9019 737Postiosoite: EBIKESPAREPARTS \/ Andreas L\u00f6nnqvistJaakonkatu 39, 68600 Pietarsaari Tilaaminen Tilattavat tuotteet valitaan verkkosivuilla lis\u00e4\u00e4m\u00e4ll\u00e4 ne ostoskoriin. Tilaus l\u00e4hetet\u00e4\u00e4n maksamalla ostoskorin sis\u00e4lt\u00f6 verkkokaupan kassatoiminnossa. Tehdess\u00e4si tilauksen hyv\u00e4ksyt n\u00e4m\u00e4 <a href=\"https:\/\/ebikespareparts.fi\/da\/toimitusehdot\/\" class=\"more-link\">&#8230;<span class=\"screen-reader-text\">  Betingelser for levering<\/span><\/a><\/p>","protected":false},"author":1,"featured_media":0,"parent":0,"menu_order":0,"comment_status":"closed","ping_status":"closed","template":"","meta":{"_acf_changed":false,"footnotes":""},"class_list":["post-45625","page","type-page","status-publish","hentry"],"acf":[],"yoast_head":"<!-- This site is optimized with the Yoast SEO plugin v27.5 - https:\/\/yoast.com\/product\/yoast-seo-wordpress\/ -->\n<title>Toimitusehdot - Ebikespareparts.fi<\/title>\n<meta name=\"robots\" content=\"index, follow, max-snippet:-1, max-image-preview:large, max-video-preview:-1\" \/>\n<link rel=\"canonical\" href=\"https:\/\/ebikespareparts.fi\/da\/toimitusehdot\/\" \/>\n<meta property=\"og:locale\" content=\"da_DK\" \/>\n<meta property=\"og:type\" content=\"article\" \/>\n<meta property=\"og:title\" content=\"Toimitusehdot - Ebikespareparts.fi\" \/>\n<meta property=\"og:description\" content=\"Toimitusehdot YRITYS 2839573-7 (j\u00e4ljemp\u00e4n\u00e4 verkkokauppa) myy tuotteita yrityksille ja yksityishenkil\u00f6ille Suomeen. Pid\u00e4t\u00e4mme oikeuden toimitusehtojen ja hintojen muutoksiin. Tuotteiden hinnat sis\u00e4lt\u00e4v\u00e4t arvonlis\u00e4veron. Verkkokaupan yhteystiedot S\u00e4hk\u00f6posti: info@ebikespareparts.fiPuhelin: +358 44 9019 737Postiosoite: EBIKESPAREPARTS \/ Andreas L\u00f6nnqvistJaakonkatu 39, 68600 Pietarsaari Tilaaminen Tilattavat tuotteet valitaan verkkosivuilla lis\u00e4\u00e4m\u00e4ll\u00e4 ne ostoskoriin. Tilaus l\u00e4hetet\u00e4\u00e4n maksamalla ostoskorin sis\u00e4lt\u00f6 verkkokaupan kassatoiminnossa. Tehdess\u00e4si tilauksen hyv\u00e4ksyt n\u00e4m\u00e4 ... Toimitusehdot\" \/>\n<meta property=\"og:url\" content=\"https:\/\/ebikespareparts.fi\/da\/toimitusehdot\/\" \/>\n<meta property=\"og:site_name\" content=\"Ebikespareparts.fi\" \/>\n<meta property=\"article:publisher\" content=\"https:\/\/www.facebook.com\/smhj.fi\" \/>\n<meta property=\"article:modified_time\" content=\"2025-03-03T18:03:41+00:00\" \/>\n<meta name=\"twitter:card\" content=\"summary_large_image\" \/>\n<meta name=\"twitter:label1\" content=\"Estimeret l\u00e6setid\" \/>\n\t<meta name=\"twitter:data1\" content=\"4 minutter\" \/>\n<script type=\"application\/ld+json\" class=\"yoast-schema-graph\">{\"@context\":\"https:\\\/\\\/schema.org\",\"@graph\":[{\"@type\":\"WebPage\",\"@id\":\"https:\\\/\\\/ebikespareparts.fi\\\/toimitusehdot\\\/\",\"url\":\"https:\\\/\\\/ebikespareparts.fi\\\/toimitusehdot\\\/\",\"name\":\"Toimitusehdot - Ebikespareparts.fi\",\"isPartOf\":{\"@id\":\"https:\\\/\\\/ebikespareparts.fi\\\/#website\"},\"datePublished\":\"2023-10-19T08:20:13+00:00\",\"dateModified\":\"2025-03-03T18:03:41+00:00\",\"breadcrumb\":{\"@id\":\"https:\\\/\\\/ebikespareparts.fi\\\/toimitusehdot\\\/#breadcrumb\"},\"inLanguage\":\"da-DK\",\"potentialAction\":[{\"@type\":\"ReadAction\",\"target\":[\"https:\\\/\\\/ebikespareparts.fi\\\/toimitusehdot\\\/\"]}]},{\"@type\":\"BreadcrumbList\",\"@id\":\"https:\\\/\\\/ebikespareparts.fi\\\/toimitusehdot\\\/#breadcrumb\",\"itemListElement\":[{\"@type\":\"ListItem\",\"position\":1,\"name\":\"Etusivu\",\"item\":\"https:\\\/\\\/ebikespareparts.fi\\\/\"},{\"@type\":\"ListItem\",\"position\":2,\"name\":\"Toimitusehdot\"}]},{\"@type\":\"WebSite\",\"@id\":\"https:\\\/\\\/ebikespareparts.fi\\\/#website\",\"url\":\"https:\\\/\\\/ebikespareparts.fi\\\/\",\"name\":\"Ebikespareparts.fi\",\"description\":\"S\u00e4hk\u00f6py\u00f6r\u00e4n osat - E-bike osat - Huolto\",\"publisher\":{\"@id\":\"https:\\\/\\\/ebikespareparts.fi\\\/#organization\"},\"potentialAction\":[{\"@type\":\"SearchAction\",\"target\":{\"@type\":\"EntryPoint\",\"urlTemplate\":\"https:\\\/\\\/ebikespareparts.fi\\\/?s={search_term_string}\"},\"query-input\":{\"@type\":\"PropertyValueSpecification\",\"valueRequired\":true,\"valueName\":\"search_term_string\"}}],\"inLanguage\":\"da-DK\"},{\"@type\":\"Organization\",\"@id\":\"https:\\\/\\\/ebikespareparts.fi\\\/#organization\",\"name\":\"Ebikespareparts.fi\",\"url\":\"https:\\\/\\\/ebikespareparts.fi\\\/\",\"logo\":{\"@type\":\"ImageObject\",\"inLanguage\":\"da-DK\",\"@id\":\"https:\\\/\\\/ebikespareparts.fi\\\/#\\\/schema\\\/logo\\\/image\\\/\",\"url\":\"https:\\\/\\\/ebikespareparts.fi\\\/wp-content\\\/uploads\\\/2024\\\/05\\\/logo-musta-tausta.jpg\",\"contentUrl\":\"https:\\\/\\\/ebikespareparts.fi\\\/wp-content\\\/uploads\\\/2024\\\/05\\\/logo-musta-tausta.jpg\",\"width\":1013,\"height\":950,\"caption\":\"Ebikespareparts.fi\"},\"image\":{\"@id\":\"https:\\\/\\\/ebikespareparts.fi\\\/#\\\/schema\\\/logo\\\/image\\\/\"},\"sameAs\":[\"https:\\\/\\\/www.facebook.com\\\/smhj.fi\"]}]}<\/script>\n<!-- \/ Yoast SEO plugin. -->","yoast_head_json":{"title":"Toimitusehdot - Ebikespareparts.fi","robots":{"index":"index","follow":"follow","max-snippet":"max-snippet:-1","max-image-preview":"max-image-preview:large","max-video-preview":"max-video-preview:-1"},"canonical":"https:\/\/ebikespareparts.fi\/da\/toimitusehdot\/","og_locale":"da_DK","og_type":"article","og_title":"Toimitusehdot - Ebikespareparts.fi","og_description":"Toimitusehdot YRITYS 2839573-7 (j\u00e4ljemp\u00e4n\u00e4 verkkokauppa) myy tuotteita yrityksille ja yksityishenkil\u00f6ille Suomeen. Pid\u00e4t\u00e4mme oikeuden toimitusehtojen ja hintojen muutoksiin. Tuotteiden hinnat sis\u00e4lt\u00e4v\u00e4t arvonlis\u00e4veron. Verkkokaupan yhteystiedot S\u00e4hk\u00f6posti: info@ebikespareparts.fiPuhelin: +358 44 9019 737Postiosoite: EBIKESPAREPARTS \/ Andreas L\u00f6nnqvistJaakonkatu 39, 68600 Pietarsaari Tilaaminen Tilattavat tuotteet valitaan verkkosivuilla lis\u00e4\u00e4m\u00e4ll\u00e4 ne ostoskoriin. Tilaus l\u00e4hetet\u00e4\u00e4n maksamalla ostoskorin sis\u00e4lt\u00f6 verkkokaupan kassatoiminnossa. Tehdess\u00e4si tilauksen hyv\u00e4ksyt n\u00e4m\u00e4 ... Toimitusehdot","og_url":"https:\/\/ebikespareparts.fi\/da\/toimitusehdot\/","og_site_name":"Ebikespareparts.fi","article_publisher":"https:\/\/www.facebook.com\/smhj.fi","article_modified_time":"2025-03-03T18:03:41+00:00","twitter_card":"summary_large_image","twitter_misc":{"Estimeret l\u00e6setid":"4 minutter"},"schema":{"@context":"https:\/\/schema.org","@graph":[{"@type":"WebPage","@id":"https:\/\/ebikespareparts.fi\/toimitusehdot\/","url":"https:\/\/ebikespareparts.fi\/toimitusehdot\/","name":"Toimitusehdot - Ebikespareparts.fi","isPartOf":{"@id":"https:\/\/ebikespareparts.fi\/#website"},"datePublished":"2023-10-19T08:20:13+00:00","dateModified":"2025-03-03T18:03:41+00:00","breadcrumb":{"@id":"https:\/\/ebikespareparts.fi\/toimitusehdot\/#breadcrumb"},"inLanguage":"da-DK","potentialAction":[{"@type":"ReadAction","target":["https:\/\/ebikespareparts.fi\/toimitusehdot\/"]}]},{"@type":"BreadcrumbList","@id":"https:\/\/ebikespareparts.fi\/toimitusehdot\/#breadcrumb","itemListElement":[{"@type":"ListItem","position":1,"name":"Etusivu","item":"https:\/\/ebikespareparts.fi\/"},{"@type":"ListItem","position":2,"name":"Toimitusehdot"}]},{"@type":"WebSite","@id":"https:\/\/ebikespareparts.fi\/#website","url":"https:\/\/ebikespareparts.fi\/","name":"Ebikespareparts.fi","description":"S\u00e4hk\u00f6py\u00f6r\u00e4n osat - E-bike osat - Huolto","publisher":{"@id":"https:\/\/ebikespareparts.fi\/#organization"},"potentialAction":[{"@type":"SearchAction","target":{"@type":"EntryPoint","urlTemplate":"https:\/\/ebikespareparts.fi\/?s={search_term_string}"},"query-input":{"@type":"PropertyValueSpecification","valueRequired":true,"valueName":"search_term_string"}}],"inLanguage":"da-DK"},{"@type":"Organization","@id":"https:\/\/ebikespareparts.fi\/#organization","name":"Ebikespareparts.fi","url":"https:\/\/ebikespareparts.fi\/","logo":{"@type":"ImageObject","inLanguage":"da-DK","@id":"https:\/\/ebikespareparts.fi\/#\/schema\/logo\/image\/","url":"https:\/\/ebikespareparts.fi\/wp-content\/uploads\/2024\/05\/logo-musta-tausta.jpg","contentUrl":"https:\/\/ebikespareparts.fi\/wp-content\/uploads\/2024\/05\/logo-musta-tausta.jpg","width":1013,"height":950,"caption":"Ebikespareparts.fi"},"image":{"@id":"https:\/\/ebikespareparts.fi\/#\/schema\/logo\/image\/"},"sameAs":["https:\/\/www.facebook.com\/smhj.fi"]}]}},"_links":{"self":[{"href":"https:\/\/ebikespareparts.fi\/da\/wp-json\/wp\/v2\/pages\/45625","targetHints":{"allow":["GET"]}}],"collection":[{"href":"https:\/\/ebikespareparts.fi\/da\/wp-json\/wp\/v2\/pages"}],"about":[{"href":"https:\/\/ebikespareparts.fi\/da\/wp-json\/wp\/v2\/types\/page"}],"author":[{"embeddable":true,"href":"https:\/\/ebikespareparts.fi\/da\/wp-json\/wp\/v2\/users\/1"}],"replies":[{"embeddable":true,"href":"https:\/\/ebikespareparts.fi\/da\/wp-json\/wp\/v2\/comments?post=45625"}],"version-history":[{"count":0,"href":"https:\/\/ebikespareparts.fi\/da\/wp-json\/wp\/v2\/pages\/45625\/revisions"}],"wp:attachment":[{"href":"https:\/\/ebikespareparts.fi\/da\/wp-json\/wp\/v2\/media?parent=45625"}],"curies":[{"name":"wp","href":"https:\/\/api.w.org\/{rel}","templated":true}]}}