{"id":45703,"date":"2023-10-19T15:11:45","date_gmt":"2023-10-19T12:11:45","guid":{"rendered":"https:\/\/ebikespareparts.fi\/?page_id=45703"},"modified":"2023-11-15T10:21:07","modified_gmt":"2023-11-15T08:21:07","slug":"bosch-gen-1","status":"publish","type":"page","link":"https:\/\/ebikespareparts.fi\/da\/laakerien-tunnistaminen\/bosch-gen-1\/","title":{"rendered":"Bosch Gen 1"},"content":{"rendered":"<div class=\"wp-block-group\"><div class=\"wp-block-group__inner-container is-layout-flow wp-block-group-is-layout-flow\">\n<div class=\"wp-block-columns is-layout-flex wp-container-core-columns-is-layout-28f84493 wp-block-columns-is-layout-flex\">\n<div class=\"wp-block-column is-layout-flow wp-block-column-is-layout-flow\">\n<h2 class=\"wp-block-heading\">Bosch Gen 1<\/h2>\n\n\n\n<p><strong>Generation 1<\/strong><br>Gen 1 Bosch \u201cClassic\u201d Line 50 Nm (2011 - 2014) er mest installeret p\u00e5 hybrid- og citybikes, men er ogs\u00e5 blevet brugt p\u00e5 nogle af de tidlige EMTB-modeller som Moustache og Haibike.<\/p>\n<\/div>\n\n\n\n<div class=\"wp-block-column is-layout-flow wp-block-column-is-layout-flow\">\n<figure class=\"wp-block-image size-full\"><img fetchpriority=\"high\" decoding=\"async\" width=\"1024\" height=\"682\" src=\"https:\/\/ebikespareparts.fi\/wp-content\/uploads\/2023\/10\/bosch-gen-1-kuva.png\" alt=\"\" class=\"wp-image-45691\" srcset=\"https:\/\/ebikespareparts.fi\/wp-content\/uploads\/2023\/10\/bosch-gen-1-kuva.png 1024w, https:\/\/ebikespareparts.fi\/wp-content\/uploads\/2023\/10\/bosch-gen-1-kuva-600x400.png 600w, https:\/\/ebikespareparts.fi\/wp-content\/uploads\/2023\/10\/bosch-gen-1-kuva-300x200.png 300w, https:\/\/ebikespareparts.fi\/wp-content\/uploads\/2023\/10\/bosch-gen-1-kuva-768x512.png 768w\" sizes=\"(max-width: 1024px) 100vw, 1024px\" \/><\/figure>\n<\/div>\n<\/div>\n\n\n\n<p><strong>Har din Bosch-motor brug for regelm\u00e6ssig vedligeholdelse?<\/strong><br><br>Bosch-motorer er ikke designet til at blive serviceret og b\u00f8r kun repareres, hvis de bliver defekte. Motorerne er forseglede og kan, hvis de holdes t\u00f8rre, k\u00f8re over 80.000 km uden problemer.<\/p>\n\n\n\n<p>Min Bosch-motor lyder lidt uj\u00e6vn, skal jeg k\u00f8re videre, indtil den holder op med at virke?<\/p>\n\n\n\n<p>Nej, nej, nej! Hvis du h\u00f8rer din motor larme ekstra meget under k\u00f8rslen, er det allerede for sent! Lejerne er beskadigede, kuglerne inde i lejet slides hurtigt, og n\u00e5r de slides, krymper de, og det f\u00e5r lejet\u00e6tningerne til at l\u00f8fte sig op fra de indre\/ydre hulrum, s\u00e5 vand eller snavs kan komme direkte ind i motoren! Alle elcykelmotorer fejler p\u00e5 denne m\u00e5de. Ignorer ikke \u00e6ndringerne i st\u00f8jniveauet i din motor, da der er en gr\u00e6nse for, hvad der kan repareres.<\/p>\n\n\n\n<p>Hvorfor fejler lejer, er de af d\u00e5rlig kvalitet?<br>Lejerne i de fleste Bosh-motorer er af meget god kvalitet og godt forseglede, men selv om et leje er klassificeret som \u201cforseglet\u201d, er det ikke vandt\u00e6t! I bedste fald er de vand- og st\u00f8vafvisende. Det g\u00e6lder for 99 af ebike-motorerne p\u00e5 markedet med %.<\/p>\n\n\n\n<p><strong>Hvorfor forsegler producenterne ikke elcykelmotorer mod vand og<\/strong><strong>&nbsp;fra jord?<\/strong><\/p>\n\n\n\n<p>Det ville v\u00e6re meget nemt at forsegle motoren i designfasen, men forseglinger \u00f8ger luftmodstanden og batteriforbruget. Det ville v\u00e6re en konkurrencem\u00e6ssig ulempe for en producent at lancere en motor, der opn\u00e5r 2 km mindre afstand end konkurrenten.<br><br><strong>Min motor knirker, uanset om det er lejerne<\/strong><br><strong>- Lejerne vil tordne, slibe af og til eller s\u00e6tte sig fast. De knirker normalt ikke.<\/strong><br><strong>Ardannelse er normalt for\u00e5rsaget af et af f\u00f8lgende:<\/strong><strong><br>- L\u00f8snede motorbolte. Det f\u00e5r aluminiumsmotorrammen til at knirke mod aluminiumsrammen.<\/strong><br><strong>- S\u00e6depladen knirker i rammen (de fleste lyde bev\u00e6ger sig langs rammen og ind i motoromr\u00e5det).<\/strong><br><strong>- Krumtap l\u00f8s<\/strong><\/p>\n\n\n\n<p><strong>- Hvis der er monteret et nyt bur og forhjul (Gen 3 og 4), skal du kontrollere forhjulets bolte.<\/strong><br><strong>- Pedalen laver st\u00f8j<\/strong><br><strong>- Oph\u00e6ngsleddene laver st\u00f8j<\/strong><br><strong>- Baghjulets aksel er l\u00f8s<\/strong><\/p>\n\n\n\n<p><strong>Kan jeg f\u00e5 en ekstra pakning til min Gen 4-motor?<\/strong><\/p>\n\n\n\n<p>Der er i \u00f8jeblikket ingen ekstra beskyttelse til Gen 4-motoren, men denne motor har allerede ret gode t\u00e6tninger installeret, da den var ny. De skal fjernes og sm\u00f8res igen fra tid til anden, afh\u00e6ngigt af k\u00f8rselsforhold, dine reng\u00f8ringsvaner, vejrforhold osv.<\/p>\n\n\n\n<p>Vil tuningen beskadige eller slide dele p\u00e5 min Bosch-motor?<br>Der er ikke observeret nogen skade p\u00e5 motoren under vedligeholdelse p\u00e5 grund af brugen af decelerationsanordningen.<\/p>\n\n\n\n<p><strong>Hvad kan for\u00e5rsage skade eller slitage p\u00e5 min motor ud over vand og st\u00f8v?<\/strong><br>Der er observeret lidt h\u00f8jere slid p\u00e5 motorer, der bruges ved lave pedalhastigheder og h\u00f8je gear, hvor motoren k\u00f8rer relativt langsomt og fors\u00f8ger at \u00f8ge effekten. Det er helt sikkert bedre og mere effektivt for motoren at tr\u00e6de med en h\u00f8jere pedalhastighed. Der kan opst\u00e5 skader p\u00e5 grund af st\u00f8d i pedalerne og kollisioner, men det er alt!<br>Motorer er generelt meget holdbare, hvis de bliver passet godt p\u00e5.<\/p>\n\n\n\n<p><strong>Hvorn\u00e5r skal jeg indlevere min motor til service?<\/strong><br>Bosch-motorer er vedligeholdelsesfrie og holder i tusindvis af kilometer, n\u00e5r de holdes t\u00f8rre.<br><br><strong>Kan jeg f\u00e5 mere kraft ud af motoren?<\/strong><br>Ikke lige nu.<\/p>\n\n\n\n<p><strong>Kan jeg skifte motoren ud med en nyere model?<\/strong><br>I nogle tilf\u00e6lde ville det v\u00e6re muligt, men ikke s\u00e5 let, som det lyder. Motorer kan variere meget fra model til model, st\u00f8rrelse, kamtype, st\u00f8rrelse og placering af monteringsbolte, type og placering af stik osv. Alt dette kan \u00e6ndre sig, og det samme kan kompatibiliteten med \u00e6ldre batterier og controllere. Generelt er det i sidste ende billigere og nemmere at k\u00f8be en ny cykel p\u00e5 nuv\u00e6rende tidspunkt.<\/p>\n<\/div><\/div>","protected":false},"excerpt":{"rendered":"<p>Bosch Gen 1 Generation 1Gen 1 Bosch \u201cClassic\u201d Line 50 Nm (2011 - 2014) er mest monteret p\u00e5 hybrid- og citybikes, men er ogs\u00e5 blevet brugt p\u00e5 nogle tidlige EMTB-modeller som Moustache og Haibike. Skal min Bosch-motor vedligeholdes regelm\u00e6ssigt? Bosch-motorer er ikke designet til at blive serviceret og b\u00f8r kun repareres, hvis de bliver defekte. Motorerne er forseglede og <a href=\"https:\/\/ebikespareparts.fi\/da\/laakerien-tunnistaminen\/bosch-gen-1\/\" class=\"more-link\">&#8230;<span class=\"screen-reader-text\">  Bosch Gen 1<\/span><\/a><\/p>","protected":false},"author":1,"featured_media":0,"parent":45721,"menu_order":0,"comment_status":"closed","ping_status":"closed","template":"","meta":{"_acf_changed":false,"footnotes":""},"class_list":["post-45703","page","type-page","status-publish","hentry"],"acf":[],"yoast_head":"<!-- This site is optimized with the Yoast SEO plugin v27.4 - https:\/\/yoast.com\/product\/yoast-seo-wordpress\/ -->\n<title>Bosch Gen 1 - Ebikespareparts.fi<\/title>\n<meta name=\"robots\" content=\"index, follow, max-snippet:-1, max-image-preview:large, max-video-preview:-1\" \/>\n<link rel=\"canonical\" href=\"https:\/\/ebikespareparts.fi\/da\/laakerien-tunnistaminen\/bosch-gen-1\/\" \/>\n<meta property=\"og:locale\" content=\"da_DK\" \/>\n<meta property=\"og:type\" content=\"article\" \/>\n<meta property=\"og:title\" content=\"Bosch Gen 1 - Ebikespareparts.fi\" \/>\n<meta property=\"og:description\" content=\"Bosch Gen 1 Generation 1Gen 1 Bosch \u201cClassic\u201d Line 50 Nm (2011 \u2013 2014) on enimm\u00e4kseen asennettu hybridi ja kaupunkipy\u00f6riin, mutta sit\u00e4 on k\u00e4ytetty muutamissa varhaisissa EMTB malleissa kuten Moustache ja Haibike. Tarvitseeko Bosch Moottori s\u00e4\u00e4nn\u00f6llist\u00e4 huoltoa? Bosch-moottoreita ei ole suunniteltu huollettavaksi, ja ne tulee korjata vain, jos siihen tulee vikaa. Moottorit on sinet\u00f6ity ja ... Bosch Gen 1\" \/>\n<meta property=\"og:url\" content=\"https:\/\/ebikespareparts.fi\/da\/laakerien-tunnistaminen\/bosch-gen-1\/\" \/>\n<meta property=\"og:site_name\" content=\"Ebikespareparts.fi\" \/>\n<meta property=\"article:publisher\" content=\"https:\/\/www.facebook.com\/smhj.fi\" \/>\n<meta property=\"article:modified_time\" content=\"2023-11-15T08:21:07+00:00\" \/>\n<meta property=\"og:image\" content=\"https:\/\/smhjfi-wp23116.test.cchosting.fi\/wp-content\/uploads\/2023\/10\/bosch-gen-1-kuva.png\" \/>\n<meta name=\"twitter:card\" content=\"summary_large_image\" \/>\n<meta name=\"twitter:label1\" content=\"Estimeret l\u00e6setid\" \/>\n\t<meta name=\"twitter:data1\" content=\"4 minutter\" \/>\n<script type=\"application\/ld+json\" class=\"yoast-schema-graph\">{\"@context\":\"https:\\\/\\\/schema.org\",\"@graph\":[{\"@type\":\"WebPage\",\"@id\":\"https:\\\/\\\/ebikespareparts.fi\\\/laakerien-tunnistaminen\\\/bosch-gen-1\\\/\",\"url\":\"https:\\\/\\\/ebikespareparts.fi\\\/laakerien-tunnistaminen\\\/bosch-gen-1\\\/\",\"name\":\"Bosch Gen 1 - Ebikespareparts.fi\",\"isPartOf\":{\"@id\":\"https:\\\/\\\/ebikespareparts.fi\\\/#website\"},\"primaryImageOfPage\":{\"@id\":\"https:\\\/\\\/ebikespareparts.fi\\\/laakerien-tunnistaminen\\\/bosch-gen-1\\\/#primaryimage\"},\"image\":{\"@id\":\"https:\\\/\\\/ebikespareparts.fi\\\/laakerien-tunnistaminen\\\/bosch-gen-1\\\/#primaryimage\"},\"thumbnailUrl\":\"https:\\\/\\\/ebikespareparts.fi\\\/wp-content\\\/uploads\\\/2023\\\/10\\\/bosch-gen-1-kuva.png\",\"datePublished\":\"2023-10-19T12:11:45+00:00\",\"dateModified\":\"2023-11-15T08:21:07+00:00\",\"breadcrumb\":{\"@id\":\"https:\\\/\\\/ebikespareparts.fi\\\/laakerien-tunnistaminen\\\/bosch-gen-1\\\/#breadcrumb\"},\"inLanguage\":\"da-DK\",\"potentialAction\":[{\"@type\":\"ReadAction\",\"target\":[\"https:\\\/\\\/ebikespareparts.fi\\\/laakerien-tunnistaminen\\\/bosch-gen-1\\\/\"]}]},{\"@type\":\"ImageObject\",\"inLanguage\":\"da-DK\",\"@id\":\"https:\\\/\\\/ebikespareparts.fi\\\/laakerien-tunnistaminen\\\/bosch-gen-1\\\/#primaryimage\",\"url\":\"https:\\\/\\\/ebikespareparts.fi\\\/wp-content\\\/uploads\\\/2023\\\/10\\\/bosch-gen-1-kuva.png\",\"contentUrl\":\"https:\\\/\\\/ebikespareparts.fi\\\/wp-content\\\/uploads\\\/2023\\\/10\\\/bosch-gen-1-kuva.png\"},{\"@type\":\"BreadcrumbList\",\"@id\":\"https:\\\/\\\/ebikespareparts.fi\\\/laakerien-tunnistaminen\\\/bosch-gen-1\\\/#breadcrumb\",\"itemListElement\":[{\"@type\":\"ListItem\",\"position\":1,\"name\":\"Etusivu\",\"item\":\"https:\\\/\\\/ebikespareparts.fi\\\/\"},{\"@type\":\"ListItem\",\"position\":2,\"name\":\"Laakerien tunnistaminen\",\"item\":\"https:\\\/\\\/ebikespareparts.fi\\\/laakerien-tunnistaminen\\\/\"},{\"@type\":\"ListItem\",\"position\":3,\"name\":\"Bosch Gen 1\"}]},{\"@type\":\"WebSite\",\"@id\":\"https:\\\/\\\/ebikespareparts.fi\\\/#website\",\"url\":\"https:\\\/\\\/ebikespareparts.fi\\\/\",\"name\":\"Ebikespareparts.fi\",\"description\":\"S\u00e4hk\u00f6py\u00f6r\u00e4n osat - E-bike osat - Huolto\",\"publisher\":{\"@id\":\"https:\\\/\\\/ebikespareparts.fi\\\/#organization\"},\"potentialAction\":[{\"@type\":\"SearchAction\",\"target\":{\"@type\":\"EntryPoint\",\"urlTemplate\":\"https:\\\/\\\/ebikespareparts.fi\\\/?s={search_term_string}\"},\"query-input\":{\"@type\":\"PropertyValueSpecification\",\"valueRequired\":true,\"valueName\":\"search_term_string\"}}],\"inLanguage\":\"da-DK\"},{\"@type\":\"Organization\",\"@id\":\"https:\\\/\\\/ebikespareparts.fi\\\/#organization\",\"name\":\"Ebikespareparts.fi\",\"url\":\"https:\\\/\\\/ebikespareparts.fi\\\/\",\"logo\":{\"@type\":\"ImageObject\",\"inLanguage\":\"da-DK\",\"@id\":\"https:\\\/\\\/ebikespareparts.fi\\\/#\\\/schema\\\/logo\\\/image\\\/\",\"url\":\"https:\\\/\\\/ebikespareparts.fi\\\/wp-content\\\/uploads\\\/2024\\\/05\\\/logo-musta-tausta.jpg\",\"contentUrl\":\"https:\\\/\\\/ebikespareparts.fi\\\/wp-content\\\/uploads\\\/2024\\\/05\\\/logo-musta-tausta.jpg\",\"width\":1013,\"height\":950,\"caption\":\"Ebikespareparts.fi\"},\"image\":{\"@id\":\"https:\\\/\\\/ebikespareparts.fi\\\/#\\\/schema\\\/logo\\\/image\\\/\"},\"sameAs\":[\"https:\\\/\\\/www.facebook.com\\\/smhj.fi\"]}]}<\/script>\n<!-- \/ Yoast SEO plugin. -->","yoast_head_json":{"title":"Bosch Gen 1 - Ebikespareparts.fi","robots":{"index":"index","follow":"follow","max-snippet":"max-snippet:-1","max-image-preview":"max-image-preview:large","max-video-preview":"max-video-preview:-1"},"canonical":"https:\/\/ebikespareparts.fi\/da\/laakerien-tunnistaminen\/bosch-gen-1\/","og_locale":"da_DK","og_type":"article","og_title":"Bosch Gen 1 - Ebikespareparts.fi","og_description":"Bosch Gen 1 Generation 1Gen 1 Bosch \u201cClassic\u201d Line 50 Nm (2011 \u2013 2014) on enimm\u00e4kseen asennettu hybridi ja kaupunkipy\u00f6riin, mutta sit\u00e4 on k\u00e4ytetty muutamissa varhaisissa EMTB malleissa kuten Moustache ja Haibike. Tarvitseeko Bosch Moottori s\u00e4\u00e4nn\u00f6llist\u00e4 huoltoa? Bosch-moottoreita ei ole suunniteltu huollettavaksi, ja ne tulee korjata vain, jos siihen tulee vikaa. Moottorit on sinet\u00f6ity ja ... Bosch Gen 1","og_url":"https:\/\/ebikespareparts.fi\/da\/laakerien-tunnistaminen\/bosch-gen-1\/","og_site_name":"Ebikespareparts.fi","article_publisher":"https:\/\/www.facebook.com\/smhj.fi","article_modified_time":"2023-11-15T08:21:07+00:00","og_image":[{"url":"https:\/\/smhjfi-wp23116.test.cchosting.fi\/wp-content\/uploads\/2023\/10\/bosch-gen-1-kuva.png","type":"","width":"","height":""}],"twitter_card":"summary_large_image","twitter_misc":{"Estimeret l\u00e6setid":"4 minutter"},"schema":{"@context":"https:\/\/schema.org","@graph":[{"@type":"WebPage","@id":"https:\/\/ebikespareparts.fi\/laakerien-tunnistaminen\/bosch-gen-1\/","url":"https:\/\/ebikespareparts.fi\/laakerien-tunnistaminen\/bosch-gen-1\/","name":"Bosch Gen 1 - Ebikespareparts.fi","isPartOf":{"@id":"https:\/\/ebikespareparts.fi\/#website"},"primaryImageOfPage":{"@id":"https:\/\/ebikespareparts.fi\/laakerien-tunnistaminen\/bosch-gen-1\/#primaryimage"},"image":{"@id":"https:\/\/ebikespareparts.fi\/laakerien-tunnistaminen\/bosch-gen-1\/#primaryimage"},"thumbnailUrl":"https:\/\/ebikespareparts.fi\/wp-content\/uploads\/2023\/10\/bosch-gen-1-kuva.png","datePublished":"2023-10-19T12:11:45+00:00","dateModified":"2023-11-15T08:21:07+00:00","breadcrumb":{"@id":"https:\/\/ebikespareparts.fi\/laakerien-tunnistaminen\/bosch-gen-1\/#breadcrumb"},"inLanguage":"da-DK","potentialAction":[{"@type":"ReadAction","target":["https:\/\/ebikespareparts.fi\/laakerien-tunnistaminen\/bosch-gen-1\/"]}]},{"@type":"ImageObject","inLanguage":"da-DK","@id":"https:\/\/ebikespareparts.fi\/laakerien-tunnistaminen\/bosch-gen-1\/#primaryimage","url":"https:\/\/ebikespareparts.fi\/wp-content\/uploads\/2023\/10\/bosch-gen-1-kuva.png","contentUrl":"https:\/\/ebikespareparts.fi\/wp-content\/uploads\/2023\/10\/bosch-gen-1-kuva.png"},{"@type":"BreadcrumbList","@id":"https:\/\/ebikespareparts.fi\/laakerien-tunnistaminen\/bosch-gen-1\/#breadcrumb","itemListElement":[{"@type":"ListItem","position":1,"name":"Etusivu","item":"https:\/\/ebikespareparts.fi\/"},{"@type":"ListItem","position":2,"name":"Laakerien tunnistaminen","item":"https:\/\/ebikespareparts.fi\/laakerien-tunnistaminen\/"},{"@type":"ListItem","position":3,"name":"Bosch Gen 1"}]},{"@type":"WebSite","@id":"https:\/\/ebikespareparts.fi\/#website","url":"https:\/\/ebikespareparts.fi\/","name":"Ebikespareparts.fi","description":"S\u00e4hk\u00f6py\u00f6r\u00e4n osat - E-bike osat - Huolto","publisher":{"@id":"https:\/\/ebikespareparts.fi\/#organization"},"potentialAction":[{"@type":"SearchAction","target":{"@type":"EntryPoint","urlTemplate":"https:\/\/ebikespareparts.fi\/?s={search_term_string}"},"query-input":{"@type":"PropertyValueSpecification","valueRequired":true,"valueName":"search_term_string"}}],"inLanguage":"da-DK"},{"@type":"Organization","@id":"https:\/\/ebikespareparts.fi\/#organization","name":"Ebikespareparts.fi","url":"https:\/\/ebikespareparts.fi\/","logo":{"@type":"ImageObject","inLanguage":"da-DK","@id":"https:\/\/ebikespareparts.fi\/#\/schema\/logo\/image\/","url":"https:\/\/ebikespareparts.fi\/wp-content\/uploads\/2024\/05\/logo-musta-tausta.jpg","contentUrl":"https:\/\/ebikespareparts.fi\/wp-content\/uploads\/2024\/05\/logo-musta-tausta.jpg","width":1013,"height":950,"caption":"Ebikespareparts.fi"},"image":{"@id":"https:\/\/ebikespareparts.fi\/#\/schema\/logo\/image\/"},"sameAs":["https:\/\/www.facebook.com\/smhj.fi"]}]}},"_links":{"self":[{"href":"https:\/\/ebikespareparts.fi\/da\/wp-json\/wp\/v2\/pages\/45703","targetHints":{"allow":["GET"]}}],"collection":[{"href":"https:\/\/ebikespareparts.fi\/da\/wp-json\/wp\/v2\/pages"}],"about":[{"href":"https:\/\/ebikespareparts.fi\/da\/wp-json\/wp\/v2\/types\/page"}],"author":[{"embeddable":true,"href":"https:\/\/ebikespareparts.fi\/da\/wp-json\/wp\/v2\/users\/1"}],"replies":[{"embeddable":true,"href":"https:\/\/ebikespareparts.fi\/da\/wp-json\/wp\/v2\/comments?post=45703"}],"version-history":[{"count":0,"href":"https:\/\/ebikespareparts.fi\/da\/wp-json\/wp\/v2\/pages\/45703\/revisions"}],"up":[{"embeddable":true,"href":"https:\/\/ebikespareparts.fi\/da\/wp-json\/wp\/v2\/pages\/45721"}],"wp:attachment":[{"href":"https:\/\/ebikespareparts.fi\/da\/wp-json\/wp\/v2\/media?parent=45703"}],"curies":[{"name":"wp","href":"https:\/\/api.w.org\/{rel}","templated":true}]}}