{"id":45709,"date":"2023-10-19T15:27:34","date_gmt":"2023-10-19T12:27:34","guid":{"rendered":"https:\/\/ebikespareparts.fi\/?page_id=45709"},"modified":"2023-11-15T11:00:16","modified_gmt":"2023-11-15T09:00:16","slug":"bosch-gen-3-2","status":"publish","type":"page","link":"https:\/\/ebikespareparts.fi\/da\/laakerien-tunnistaminen\/bosch-gen-3-2\/","title":{"rendered":"Bosch Gen 3"},"content":{"rendered":"<div class=\"wp-block-group\"><div class=\"wp-block-group__inner-container is-layout-flow wp-block-group-is-layout-flow\">\n<h2 class=\"wp-block-heading\">Bosch Gen 3<\/h2>\n\n\n\n<figure class=\"wp-block-image size-full\"><img fetchpriority=\"high\" decoding=\"async\" width=\"816\" height=\"649\" src=\"https:\/\/ebikespareparts.fi\/wp-content\/uploads\/2023\/10\/bosch-gen-3-identifier-NEW-816px.jpeg\" alt=\"\" class=\"wp-image-45694\" srcset=\"https:\/\/ebikespareparts.fi\/wp-content\/uploads\/2023\/10\/bosch-gen-3-identifier-NEW-816px.jpeg 816w, https:\/\/ebikespareparts.fi\/wp-content\/uploads\/2023\/10\/bosch-gen-3-identifier-NEW-816px-600x477.jpeg 600w, https:\/\/ebikespareparts.fi\/wp-content\/uploads\/2023\/10\/bosch-gen-3-identifier-NEW-816px-300x239.jpeg 300w, https:\/\/ebikespareparts.fi\/wp-content\/uploads\/2023\/10\/bosch-gen-3-identifier-NEW-816px-768x611.jpeg 768w\" sizes=\"(max-width: 816px) 100vw, 816px\" \/><\/figure>\n\n\n\n<p>Hvis du selv udskifter lejerne, kan du se p\u00e5 billedet, hvilket leje der sidder hvor, og k\u00f8be de dele, du skal bruge, separat!<\/p>\n\n\n\n<p>Dette er almindeligt anvendte lejer i Bosch ebike Generation 3 Active Line, Active Line Plus og Performance Line-motorer.<\/p>\n\n\n\n<p>Bosch Generation 3 (BDU3xx) motor (BEM\u00c6RK: Stort forhjul)<\/p>\n\n\n\n<ol class=\"wp-block-list\">\n<li>&nbsp;Venstre side ankerleje Figur 1 varenr. PLB 30524<\/li>\n\n\n\n<li>&nbsp;H\u00f8jre ankerleje Figur 2 varenr. PLB 30523<\/li>\n\n\n\n<li>&nbsp;Frihjulskoblingsleje figur 3 varenr. PLB 30522<\/li>\n\n\n\n<li>&nbsp;Leje p\u00e5 h\u00f8jre side af f\u00e6lgen billede 4 varenr. PLB 30520<\/li>\n\n\n\n<li>&nbsp;Leje til venstre side af h\u00f8jderyggen Figur 5 varenr. PLB 30521<\/li>\n\n\n\n<li>&nbsp;O-ring til indvendig f\u00e6lgaksel figur 6 varenr. PLB 30525<\/li>\n\n\n\n<li>&nbsp;O-ring til fastg\u00f8relse af tandhjul Figur 7 varenr PLB 30526<\/li>\n<\/ol>\n<\/div><\/div>\n\n\n\n<div class=\"wp-block-group\"><div class=\"wp-block-group__inner-container is-layout-flow wp-block-group-is-layout-flow\">\n<div class=\"wp-block-columns is-layout-flex wp-container-core-columns-is-layout-28f84493 wp-block-columns-is-layout-flex\">\n<div class=\"wp-block-column is-layout-flow wp-block-column-is-layout-flow\">\n<p><strong>Generation 3<\/strong><br>- Gen 3 Active Line 40 Nm 2018 - findes stadig. En cykelmotor til j\u00e6vn byk\u00f8rsel og med lang batterilevetid.<br>- Gen 3 Active Line Plus 50 Nm 2018 - findes stadig. En cykelmotor til byk\u00f8rsel med sm\u00e5 bakker. Samme motor, lidt mere kraft, men stadig bedre batteriforbrug.<br>- Gen 3 Performance Line (ikke tilg\u00e6ngelig p\u00e5 CX) 65 Nm 2018 - stadig tilg\u00e6ngelig. Cykelmotor til hybrid-\/touringcykler, dvs. l\u00e6ngere og h\u00f8jere bakker.<br>- (IKKE INSTALLERET P\u00c5 MOUNTAINBIKES)<br>- Bem\u00e6rk St\u00f8rre tandhjul bruges ikke p\u00e5 GEN 2-modeller<\/p>\n<\/div>\n\n\n\n<div class=\"wp-block-column is-layout-flow wp-block-column-is-layout-flow\">\n<figure class=\"wp-block-image size-large\"><img decoding=\"async\" width=\"1024\" height=\"866\" src=\"https:\/\/ebikespareparts.fi\/wp-content\/uploads\/2023\/10\/bosch-gen-3-1024x866.png\" alt=\"\" class=\"wp-image-45695\" srcset=\"https:\/\/ebikespareparts.fi\/wp-content\/uploads\/2023\/10\/bosch-gen-3-1024x866.png 1024w, https:\/\/ebikespareparts.fi\/wp-content\/uploads\/2023\/10\/bosch-gen-3-600x508.png 600w, https:\/\/ebikespareparts.fi\/wp-content\/uploads\/2023\/10\/bosch-gen-3-300x254.png 300w, https:\/\/ebikespareparts.fi\/wp-content\/uploads\/2023\/10\/bosch-gen-3-768x650.png 768w, https:\/\/ebikespareparts.fi\/wp-content\/uploads\/2023\/10\/bosch-gen-3.png 1040w\" sizes=\"(max-width: 1024px) 100vw, 1024px\" \/><\/figure>\n<\/div>\n<\/div>\n<\/div><\/div>\n\n\n\n<div class=\"wp-block-group\"><div class=\"wp-block-group__inner-container is-layout-flow wp-block-group-is-layout-flow\">\n<p><strong>Har din Bosch-motor brug for regelm\u00e6ssig vedligeholdelse?<\/strong><\/p>\n\n\n\n<p>Bosch-motorer er ikke designet til at blive serviceret og b\u00f8r kun repareres, hvis de bliver defekte. Motorerne er forseglede og kan, hvis de holdes t\u00f8rre, k\u00f8re over 80.000 km uden problemer.<\/p>\n\n\n\n<p>Min Bosch-motor lyder lidt uj\u00e6vn, skal jeg k\u00f8re videre, indtil den holder op med at virke?<\/p>\n\n\n\n<p>Nej, nej, nej! Hvis du h\u00f8rer din motor larme ekstra meget under k\u00f8rslen, er det allerede for sent! Lejerne er beskadigede, kuglerne inde i lejet slides hurtigt, og n\u00e5r de slides, krymper de, og det f\u00e5r lejet\u00e6tningerne til at l\u00f8fte sig op fra de indre\/ydre hulrum, s\u00e5 vand eller snavs kan komme direkte ind i motoren! Alle elcykelmotorer fejler p\u00e5 denne m\u00e5de. Ignorer ikke \u00e6ndringerne i st\u00f8jniveauet i din motor, da der er en gr\u00e6nse for, hvad der kan repareres.<\/p>\n\n\n\n<p>Hvorfor fejler lejer, er de af d\u00e5rlig kvalitet?<br>Lejerne i de fleste Bosh-motorer er af meget god kvalitet og godt forseglede, men selv om et leje er klassificeret som \u201cforseglet\u201d, er det ikke vandt\u00e6t! I bedste fald er de vand- og st\u00f8vafvisende. Det g\u00e6lder for 99 af ebike-motorerne p\u00e5 markedet med %.<\/p>\n\n\n\n<p><strong>Hvorfor forsegler producenterne ikke elcykelmotorer mod vand og snavs?<\/strong><\/p>\n\n\n\n<p>Det ville v\u00e6re meget nemt at forsegle motoren i designfasen, men forseglinger \u00f8ger luftmodstanden og batteriforbruget. Det ville v\u00e6re en konkurrencem\u00e6ssig ulempe for en producent at lancere en motor, der opn\u00e5r 2 km mindre afstand end konkurrenten.<\/p>\n\n\n\n<p><br><strong>Min motor knirker, uanset om det er lejerne<\/strong><br><strong>- Lejerne vil tordne, slibe af og til eller s\u00e6tte sig fast. De knirker normalt ikke. Knirken er normalt for\u00e5rsaget af et af f\u00f8lgende:<\/strong><br><strong>- L\u00f8snede motorbolte. Det f\u00e5r aluminiumsmotorrammen til at knirke mod aluminiumsrammen.<\/strong><br><strong>- S\u00e6depladen knirker i rammen (de fleste lyde bev\u00e6ger sig langs rammen og ind i motoromr\u00e5det).<\/strong><br><strong>- Krumtap l\u00f8s<\/strong><\/p>\n\n\n\n<p><strong>- Hvis der er monteret et nyt bur og forhjul (Gen 3 og 4), skal du kontrollere forhjulets bolte.<\/strong><br><strong>- Pedalen laver st\u00f8j<\/strong><br><strong>- Oph\u00e6ngsleddene laver st\u00f8j<\/strong><br><strong>- Baghjulets aksel er l\u00f8s<\/strong><\/p>\n\n\n\n<p><strong>Kan jeg f\u00e5 en ekstra pakning til min Gen 4-motor?<\/strong><\/p>\n\n\n\n<p>Der er i \u00f8jeblikket ingen ekstra beskyttelse til Gen 4-motoren, men denne motor har allerede ret gode t\u00e6tninger installeret, da den var ny. De skal fjernes og sm\u00f8res igen fra tid til anden, afh\u00e6ngigt af k\u00f8rselsforhold, dine reng\u00f8ringsvaner, vejrforhold osv.<\/p>\n\n\n\n<p>Vil tuningen beskadige eller slide dele p\u00e5 min Bosch-motor?<br>Der er ikke observeret nogen skade p\u00e5 motoren under vedligeholdelse p\u00e5 grund af brugen af decelerationsanordningen.<\/p>\n\n\n\n<p><strong>Hvad kan for\u00e5rsage skade eller slitage p\u00e5 min motor ud over vand og st\u00f8v?<\/strong><br>Der er observeret lidt h\u00f8jere slid p\u00e5 motorer, der bruges ved lave pedalhastigheder og h\u00f8je gear, hvor motoren k\u00f8rer relativt langsomt og fors\u00f8ger at \u00f8ge effekten. Det er helt sikkert bedre og mere effektivt for motoren at tr\u00e6de med en h\u00f8jere pedalhastighed. Der kan opst\u00e5 skader p\u00e5 grund af st\u00f8d i pedalerne og kollisioner, men det er alt! Motorer er generelt meget holdbare, hvis man passer p\u00e5 dem.<\/p>\n\n\n\n<p><strong>Hvorn\u00e5r skal jeg indlevere min motor til service?<\/strong><br>Bosch-motorer er vedligeholdelsesfrie og holder i tusindvis af kilometer, n\u00e5r de holdes t\u00f8rre.<br><strong>Kan jeg f\u00e5 mere kraft ud af motoren?<\/strong><br>Ikke lige nu.<\/p>\n\n\n\n<p><strong>Kan jeg skifte motoren ud med en nyere model?<\/strong><br>I nogle tilf\u00e6lde ville det v\u00e6re muligt, men ikke s\u00e5 let, som det lyder. Motorer kan variere meget fra model til model, st\u00f8rrelse, kamtype, st\u00f8rrelse og placering af monteringsbolte, type og placering af stik osv. Alt dette kan \u00e6ndre sig, og det samme kan kompatibiliteten med \u00e6ldre batterier og controllere. Generelt er det i sidste ende billigere og nemmere at k\u00f8be en ny cykel p\u00e5 nuv\u00e6rende tidspunkt.<\/p>\n<\/div><\/div>","protected":false},"excerpt":{"rendered":"<p>Bosch Gen 3 Hvis du selv udskifter lejerne, kan du se p\u00e5 billedet, hvilket leje der h\u00f8rer til hvor, og k\u00f8be de dele, du skal bruge, separat! Dette er de almindeligt anvendte lejer til Bosch ebike Generation 3 Active Line-, Active Line Plus- og Performance Line-motorer. Bosch Generation 3 (BDU3xx) motor (BEM\u00c6RK: Stort forhjul) Generation 3 Gen 3 Active Line 40 Nm 2018 <a href=\"https:\/\/ebikespareparts.fi\/da\/laakerien-tunnistaminen\/bosch-gen-3-2\/\" class=\"more-link\">&#8230;<span class=\"screen-reader-text\">  Bosch Gen 3<\/span><\/a><\/p>","protected":false},"author":1,"featured_media":0,"parent":45721,"menu_order":0,"comment_status":"closed","ping_status":"closed","template":"","meta":{"_acf_changed":false,"footnotes":""},"class_list":["post-45709","page","type-page","status-publish","hentry"],"acf":[],"yoast_head":"<!-- This site is optimized with the Yoast SEO plugin v27.4 - https:\/\/yoast.com\/product\/yoast-seo-wordpress\/ -->\n<title>Bosch Gen 3 - Ebikespareparts.fi<\/title>\n<meta name=\"robots\" content=\"index, follow, max-snippet:-1, max-image-preview:large, max-video-preview:-1\" \/>\n<link rel=\"canonical\" href=\"https:\/\/ebikespareparts.fi\/da\/laakerien-tunnistaminen\/bosch-gen-3-2\/\" \/>\n<meta property=\"og:locale\" content=\"da_DK\" \/>\n<meta property=\"og:type\" content=\"article\" \/>\n<meta property=\"og:title\" content=\"Bosch Gen 3 - Ebikespareparts.fi\" \/>\n<meta property=\"og:description\" content=\"Bosch Gen 3 Jos vaihdat laakerit itse, voit kuvasta tunnistaa, mik\u00e4 laakeri menee minnekin, ja ostaa erikseen juuri tarvitsemasi osat! N\u00e4m\u00e4 ovat yleisesti k\u00e4ytettyj\u00e4 laakereita Bosch ebike Generation 3 Active Line-, Active Line Plus- ja Performance Line -moottoreissa. Bosch Generation 3 (BDU3xx) -moottori (HUOMAUTUS: Suuri eturatas) Generation 3\u2022 Gen 3 Active Line 40 Nm 2018 ... Bosch Gen 3\" \/>\n<meta property=\"og:url\" content=\"https:\/\/ebikespareparts.fi\/da\/laakerien-tunnistaminen\/bosch-gen-3-2\/\" \/>\n<meta property=\"og:site_name\" content=\"Ebikespareparts.fi\" \/>\n<meta property=\"article:publisher\" content=\"https:\/\/www.facebook.com\/smhj.fi\" \/>\n<meta property=\"article:modified_time\" content=\"2023-11-15T09:00:16+00:00\" \/>\n<meta property=\"og:image\" content=\"https:\/\/smhjfi-wp23116.test.cchosting.fi\/wp-content\/uploads\/2023\/10\/bosch-gen-3-identifier-NEW-816px.jpeg\" \/>\n<meta name=\"twitter:card\" content=\"summary_large_image\" \/>\n<meta name=\"twitter:label1\" content=\"Estimeret l\u00e6setid\" \/>\n\t<meta name=\"twitter:data1\" content=\"5 minutter\" \/>\n<script type=\"application\/ld+json\" class=\"yoast-schema-graph\">{\"@context\":\"https:\\\/\\\/schema.org\",\"@graph\":[{\"@type\":\"WebPage\",\"@id\":\"https:\\\/\\\/ebikespareparts.fi\\\/laakerien-tunnistaminen\\\/bosch-gen-3-2\\\/\",\"url\":\"https:\\\/\\\/ebikespareparts.fi\\\/laakerien-tunnistaminen\\\/bosch-gen-3-2\\\/\",\"name\":\"Bosch Gen 3 - Ebikespareparts.fi\",\"isPartOf\":{\"@id\":\"https:\\\/\\\/ebikespareparts.fi\\\/#website\"},\"primaryImageOfPage\":{\"@id\":\"https:\\\/\\\/ebikespareparts.fi\\\/laakerien-tunnistaminen\\\/bosch-gen-3-2\\\/#primaryimage\"},\"image\":{\"@id\":\"https:\\\/\\\/ebikespareparts.fi\\\/laakerien-tunnistaminen\\\/bosch-gen-3-2\\\/#primaryimage\"},\"thumbnailUrl\":\"https:\\\/\\\/ebikespareparts.fi\\\/wp-content\\\/uploads\\\/2023\\\/10\\\/bosch-gen-3-identifier-NEW-816px.jpeg\",\"datePublished\":\"2023-10-19T12:27:34+00:00\",\"dateModified\":\"2023-11-15T09:00:16+00:00\",\"breadcrumb\":{\"@id\":\"https:\\\/\\\/ebikespareparts.fi\\\/laakerien-tunnistaminen\\\/bosch-gen-3-2\\\/#breadcrumb\"},\"inLanguage\":\"da-DK\",\"potentialAction\":[{\"@type\":\"ReadAction\",\"target\":[\"https:\\\/\\\/ebikespareparts.fi\\\/laakerien-tunnistaminen\\\/bosch-gen-3-2\\\/\"]}]},{\"@type\":\"ImageObject\",\"inLanguage\":\"da-DK\",\"@id\":\"https:\\\/\\\/ebikespareparts.fi\\\/laakerien-tunnistaminen\\\/bosch-gen-3-2\\\/#primaryimage\",\"url\":\"https:\\\/\\\/ebikespareparts.fi\\\/wp-content\\\/uploads\\\/2023\\\/10\\\/bosch-gen-3-identifier-NEW-816px.jpeg\",\"contentUrl\":\"https:\\\/\\\/ebikespareparts.fi\\\/wp-content\\\/uploads\\\/2023\\\/10\\\/bosch-gen-3-identifier-NEW-816px.jpeg\"},{\"@type\":\"BreadcrumbList\",\"@id\":\"https:\\\/\\\/ebikespareparts.fi\\\/laakerien-tunnistaminen\\\/bosch-gen-3-2\\\/#breadcrumb\",\"itemListElement\":[{\"@type\":\"ListItem\",\"position\":1,\"name\":\"Etusivu\",\"item\":\"https:\\\/\\\/ebikespareparts.fi\\\/\"},{\"@type\":\"ListItem\",\"position\":2,\"name\":\"Laakerien tunnistaminen\",\"item\":\"https:\\\/\\\/ebikespareparts.fi\\\/laakerien-tunnistaminen\\\/\"},{\"@type\":\"ListItem\",\"position\":3,\"name\":\"Bosch Gen 3\"}]},{\"@type\":\"WebSite\",\"@id\":\"https:\\\/\\\/ebikespareparts.fi\\\/#website\",\"url\":\"https:\\\/\\\/ebikespareparts.fi\\\/\",\"name\":\"Ebikespareparts.fi\",\"description\":\"S\u00e4hk\u00f6py\u00f6r\u00e4n osat - E-bike osat - Huolto\",\"publisher\":{\"@id\":\"https:\\\/\\\/ebikespareparts.fi\\\/#organization\"},\"potentialAction\":[{\"@type\":\"SearchAction\",\"target\":{\"@type\":\"EntryPoint\",\"urlTemplate\":\"https:\\\/\\\/ebikespareparts.fi\\\/?s={search_term_string}\"},\"query-input\":{\"@type\":\"PropertyValueSpecification\",\"valueRequired\":true,\"valueName\":\"search_term_string\"}}],\"inLanguage\":\"da-DK\"},{\"@type\":\"Organization\",\"@id\":\"https:\\\/\\\/ebikespareparts.fi\\\/#organization\",\"name\":\"Ebikespareparts.fi\",\"url\":\"https:\\\/\\\/ebikespareparts.fi\\\/\",\"logo\":{\"@type\":\"ImageObject\",\"inLanguage\":\"da-DK\",\"@id\":\"https:\\\/\\\/ebikespareparts.fi\\\/#\\\/schema\\\/logo\\\/image\\\/\",\"url\":\"https:\\\/\\\/ebikespareparts.fi\\\/wp-content\\\/uploads\\\/2024\\\/05\\\/logo-musta-tausta.jpg\",\"contentUrl\":\"https:\\\/\\\/ebikespareparts.fi\\\/wp-content\\\/uploads\\\/2024\\\/05\\\/logo-musta-tausta.jpg\",\"width\":1013,\"height\":950,\"caption\":\"Ebikespareparts.fi\"},\"image\":{\"@id\":\"https:\\\/\\\/ebikespareparts.fi\\\/#\\\/schema\\\/logo\\\/image\\\/\"},\"sameAs\":[\"https:\\\/\\\/www.facebook.com\\\/smhj.fi\"]}]}<\/script>\n<!-- \/ Yoast SEO plugin. -->","yoast_head_json":{"title":"Bosch Gen 3 - Ebikespareparts.fi","robots":{"index":"index","follow":"follow","max-snippet":"max-snippet:-1","max-image-preview":"max-image-preview:large","max-video-preview":"max-video-preview:-1"},"canonical":"https:\/\/ebikespareparts.fi\/da\/laakerien-tunnistaminen\/bosch-gen-3-2\/","og_locale":"da_DK","og_type":"article","og_title":"Bosch Gen 3 - Ebikespareparts.fi","og_description":"Bosch Gen 3 Jos vaihdat laakerit itse, voit kuvasta tunnistaa, mik\u00e4 laakeri menee minnekin, ja ostaa erikseen juuri tarvitsemasi osat! N\u00e4m\u00e4 ovat yleisesti k\u00e4ytettyj\u00e4 laakereita Bosch ebike Generation 3 Active Line-, Active Line Plus- ja Performance Line -moottoreissa. Bosch Generation 3 (BDU3xx) -moottori (HUOMAUTUS: Suuri eturatas) Generation 3\u2022 Gen 3 Active Line 40 Nm 2018 ... Bosch Gen 3","og_url":"https:\/\/ebikespareparts.fi\/da\/laakerien-tunnistaminen\/bosch-gen-3-2\/","og_site_name":"Ebikespareparts.fi","article_publisher":"https:\/\/www.facebook.com\/smhj.fi","article_modified_time":"2023-11-15T09:00:16+00:00","og_image":[{"url":"https:\/\/smhjfi-wp23116.test.cchosting.fi\/wp-content\/uploads\/2023\/10\/bosch-gen-3-identifier-NEW-816px.jpeg","type":"","width":"","height":""}],"twitter_card":"summary_large_image","twitter_misc":{"Estimeret l\u00e6setid":"5 minutter"},"schema":{"@context":"https:\/\/schema.org","@graph":[{"@type":"WebPage","@id":"https:\/\/ebikespareparts.fi\/laakerien-tunnistaminen\/bosch-gen-3-2\/","url":"https:\/\/ebikespareparts.fi\/laakerien-tunnistaminen\/bosch-gen-3-2\/","name":"Bosch Gen 3 - Ebikespareparts.fi","isPartOf":{"@id":"https:\/\/ebikespareparts.fi\/#website"},"primaryImageOfPage":{"@id":"https:\/\/ebikespareparts.fi\/laakerien-tunnistaminen\/bosch-gen-3-2\/#primaryimage"},"image":{"@id":"https:\/\/ebikespareparts.fi\/laakerien-tunnistaminen\/bosch-gen-3-2\/#primaryimage"},"thumbnailUrl":"https:\/\/ebikespareparts.fi\/wp-content\/uploads\/2023\/10\/bosch-gen-3-identifier-NEW-816px.jpeg","datePublished":"2023-10-19T12:27:34+00:00","dateModified":"2023-11-15T09:00:16+00:00","breadcrumb":{"@id":"https:\/\/ebikespareparts.fi\/laakerien-tunnistaminen\/bosch-gen-3-2\/#breadcrumb"},"inLanguage":"da-DK","potentialAction":[{"@type":"ReadAction","target":["https:\/\/ebikespareparts.fi\/laakerien-tunnistaminen\/bosch-gen-3-2\/"]}]},{"@type":"ImageObject","inLanguage":"da-DK","@id":"https:\/\/ebikespareparts.fi\/laakerien-tunnistaminen\/bosch-gen-3-2\/#primaryimage","url":"https:\/\/ebikespareparts.fi\/wp-content\/uploads\/2023\/10\/bosch-gen-3-identifier-NEW-816px.jpeg","contentUrl":"https:\/\/ebikespareparts.fi\/wp-content\/uploads\/2023\/10\/bosch-gen-3-identifier-NEW-816px.jpeg"},{"@type":"BreadcrumbList","@id":"https:\/\/ebikespareparts.fi\/laakerien-tunnistaminen\/bosch-gen-3-2\/#breadcrumb","itemListElement":[{"@type":"ListItem","position":1,"name":"Etusivu","item":"https:\/\/ebikespareparts.fi\/"},{"@type":"ListItem","position":2,"name":"Laakerien tunnistaminen","item":"https:\/\/ebikespareparts.fi\/laakerien-tunnistaminen\/"},{"@type":"ListItem","position":3,"name":"Bosch Gen 3"}]},{"@type":"WebSite","@id":"https:\/\/ebikespareparts.fi\/#website","url":"https:\/\/ebikespareparts.fi\/","name":"Ebikespareparts.fi","description":"S\u00e4hk\u00f6py\u00f6r\u00e4n osat - E-bike osat - Huolto","publisher":{"@id":"https:\/\/ebikespareparts.fi\/#organization"},"potentialAction":[{"@type":"SearchAction","target":{"@type":"EntryPoint","urlTemplate":"https:\/\/ebikespareparts.fi\/?s={search_term_string}"},"query-input":{"@type":"PropertyValueSpecification","valueRequired":true,"valueName":"search_term_string"}}],"inLanguage":"da-DK"},{"@type":"Organization","@id":"https:\/\/ebikespareparts.fi\/#organization","name":"Ebikespareparts.fi","url":"https:\/\/ebikespareparts.fi\/","logo":{"@type":"ImageObject","inLanguage":"da-DK","@id":"https:\/\/ebikespareparts.fi\/#\/schema\/logo\/image\/","url":"https:\/\/ebikespareparts.fi\/wp-content\/uploads\/2024\/05\/logo-musta-tausta.jpg","contentUrl":"https:\/\/ebikespareparts.fi\/wp-content\/uploads\/2024\/05\/logo-musta-tausta.jpg","width":1013,"height":950,"caption":"Ebikespareparts.fi"},"image":{"@id":"https:\/\/ebikespareparts.fi\/#\/schema\/logo\/image\/"},"sameAs":["https:\/\/www.facebook.com\/smhj.fi"]}]}},"_links":{"self":[{"href":"https:\/\/ebikespareparts.fi\/da\/wp-json\/wp\/v2\/pages\/45709","targetHints":{"allow":["GET"]}}],"collection":[{"href":"https:\/\/ebikespareparts.fi\/da\/wp-json\/wp\/v2\/pages"}],"about":[{"href":"https:\/\/ebikespareparts.fi\/da\/wp-json\/wp\/v2\/types\/page"}],"author":[{"embeddable":true,"href":"https:\/\/ebikespareparts.fi\/da\/wp-json\/wp\/v2\/users\/1"}],"replies":[{"embeddable":true,"href":"https:\/\/ebikespareparts.fi\/da\/wp-json\/wp\/v2\/comments?post=45709"}],"version-history":[{"count":0,"href":"https:\/\/ebikespareparts.fi\/da\/wp-json\/wp\/v2\/pages\/45709\/revisions"}],"up":[{"embeddable":true,"href":"https:\/\/ebikespareparts.fi\/da\/wp-json\/wp\/v2\/pages\/45721"}],"wp:attachment":[{"href":"https:\/\/ebikespareparts.fi\/da\/wp-json\/wp\/v2\/media?parent=45709"}],"curies":[{"name":"wp","href":"https:\/\/api.w.org\/{rel}","templated":true}]}}