{"id":45713,"date":"2023-10-19T15:36:43","date_gmt":"2023-10-19T12:36:43","guid":{"rendered":"https:\/\/ebikespareparts.fi\/?page_id=45713"},"modified":"2025-05-03T12:37:00","modified_gmt":"2025-05-03T09:37:00","slug":"brose-t-s","status":"publish","type":"page","link":"https:\/\/ebikespareparts.fi\/da\/laakerien-tunnistaminen\/brose-t-s\/","title":{"rendered":"Brose \u2019T\u2019 og \u2019S\u2019"},"content":{"rendered":"<div class=\"wp-block-group\"><div class=\"wp-block-group__inner-container is-layout-flow wp-block-group-is-layout-flow\">\n<h2 class=\"wp-block-heading\">Brose \u2019T\u2019 og \u2019S\u2019<\/h2>\n\n\n\n<figure class=\"wp-block-image size-full\"><img fetchpriority=\"high\" decoding=\"async\" width=\"1024\" height=\"826\" src=\"https:\/\/ebikespareparts.fi\/wp-content\/uploads\/2025\/05\/broseguide.png\" alt=\"\" class=\"wp-image-47709\" srcset=\"https:\/\/ebikespareparts.fi\/wp-content\/uploads\/2025\/05\/broseguide.png 1024w, https:\/\/ebikespareparts.fi\/wp-content\/uploads\/2025\/05\/broseguide-600x484.png 600w, https:\/\/ebikespareparts.fi\/wp-content\/uploads\/2025\/05\/broseguide-300x242.png 300w, https:\/\/ebikespareparts.fi\/wp-content\/uploads\/2025\/05\/broseguide-768x620.png 768w, https:\/\/ebikespareparts.fi\/wp-content\/uploads\/2025\/05\/broseguide-50x40.png 50w, https:\/\/ebikespareparts.fi\/wp-content\/uploads\/2025\/05\/broseguide-15x12.png 15w\" sizes=\"(max-width: 1024px) 100vw, 1024px\" \/><\/figure>\n\n\n\n<p>Hvis du selv udskifter lejerne, kan du identificere, hvilke lejer der h\u00f8rer til hvor, og k\u00f8be de lejer, du har brug for, et ad gangen.<\/p>\n\n\n\n<p>&nbsp;Billedet viser alle de mest almindelige lejer til Brose \u201cT\u201d, \u201cS\u201d og \u201cS\u201d MAG elcykelmotorer. Disse lejer er mest tilb\u00f8jelige til at svigte p\u00e5 grund af slid eller vandindtr\u00e6ngning. Vi kan ogs\u00e5 levere t\u00e6tninger til disse motorer. Hvis den del, du leder efter, ikke kan findes p\u00e5 vores hjemmeside, bedes du kontakte os og fort\u00e6lle os, hvilken del du har brug for, s\u00e5 vil vi fors\u00f8ge at hj\u00e6lpe.<\/p>\n<\/div><\/div>","protected":false},"excerpt":{"rendered":"<p>Brose \u2019T\u2019 &amp; \u2019S\u2019 Hvis du selv udskifter lejerne, kan du identificere, hvilke lejer der sidder hvor, og k\u00f8be de lejer, du har brug for, \u00e9n efter \u00e9n.  Billedet viser alle de mest almindelige lejer til Brose \u201cT\u201d, \u201cS\u201d og \u201cS\u201d MAG elcykelmotorer. Disse lejer er mest tilb\u00f8jelige til at svigte p\u00e5 grund af slid eller vandindtr\u00e6ngning. Vi kan ogs\u00e5 levere t\u00e6tninger til disse motorer. Hvis du ikke kan finde den del, du leder efter, p\u00e5 vores hjemmeside, bedes du kontakte os. <a href=\"https:\/\/ebikespareparts.fi\/da\/laakerien-tunnistaminen\/brose-t-s\/\" class=\"more-link\">&#8230;<span class=\"screen-reader-text\">  Brose \u2019T\u2019 og \u2019S\u2019<\/span><\/a><\/p>","protected":false},"author":1,"featured_media":0,"parent":45721,"menu_order":0,"comment_status":"closed","ping_status":"closed","template":"","meta":{"_acf_changed":false,"footnotes":""},"class_list":["post-45713","page","type-page","status-publish","hentry"],"acf":[],"yoast_head":"<!-- This site is optimized with the Yoast SEO plugin v27.4 - https:\/\/yoast.com\/product\/yoast-seo-wordpress\/ -->\n<title>Brose &#039;T&#039; &amp; &#039;S&#039; - Ebikespareparts.fi<\/title>\n<meta name=\"robots\" content=\"index, follow, max-snippet:-1, max-image-preview:large, max-video-preview:-1\" \/>\n<link rel=\"canonical\" href=\"https:\/\/ebikespareparts.fi\/da\/laakerien-tunnistaminen\/brose-t-s\/\" \/>\n<meta property=\"og:locale\" content=\"da_DK\" \/>\n<meta property=\"og:type\" content=\"article\" \/>\n<meta property=\"og:title\" content=\"Brose &#039;T&#039; &amp; &#039;S&#039; - Ebikespareparts.fi\" \/>\n<meta property=\"og:description\" content=\"Brose &#8217;T&#8217; &amp; &#8217;S&#8217; Jos vaihdat laakerit itse, voit tunnistaa, mik\u00e4 laakerit menee minnekin ja ostaa yksitellen juuri tarvitsemasi laakerit. &nbsp;Kuvassa kaikki yleisimm\u00e4t laakerit Brose \u201cT\u201d, \u201cS\u201d ja \u201cS\u201d MAG ebike -moottoreihin.Kyseiset laakerit vioittuvat todenn\u00e4k\u00f6isimmin kulumisen tai veden sis\u00e4\u00e4np\u00e4\u00e4syn vuoksi. Voimme toimittaa my\u00f6s tiivisteet n\u00e4ihin moottoreihin. Jos etsim\u00e4\u00e4si osaa ei l\u00f6ydy sivuilta, ota meihin yhteytt\u00e4 ... Brose &#8217;T&#8217; &#038; &#8217;S&#8217;\" \/>\n<meta property=\"og:url\" content=\"https:\/\/ebikespareparts.fi\/da\/laakerien-tunnistaminen\/brose-t-s\/\" \/>\n<meta property=\"og:site_name\" content=\"Ebikespareparts.fi\" \/>\n<meta property=\"article:publisher\" content=\"https:\/\/www.facebook.com\/smhj.fi\" \/>\n<meta property=\"article:modified_time\" content=\"2025-05-03T09:37:00+00:00\" \/>\n<meta property=\"og:image\" content=\"https:\/\/ebikespareparts.fi\/wp-content\/uploads\/2025\/05\/broseguide.png\" \/>\n\t<meta property=\"og:image:width\" content=\"1024\" \/>\n\t<meta property=\"og:image:height\" content=\"826\" \/>\n\t<meta property=\"og:image:type\" content=\"image\/png\" \/>\n<meta name=\"twitter:card\" content=\"summary_large_image\" \/>\n<meta name=\"twitter:label1\" content=\"Estimeret l\u00e6setid\" \/>\n\t<meta name=\"twitter:data1\" content=\"1 minut\" \/>\n<script type=\"application\/ld+json\" class=\"yoast-schema-graph\">{\"@context\":\"https:\\\/\\\/schema.org\",\"@graph\":[{\"@type\":\"WebPage\",\"@id\":\"https:\\\/\\\/ebikespareparts.fi\\\/laakerien-tunnistaminen\\\/brose-t-s\\\/\",\"url\":\"https:\\\/\\\/ebikespareparts.fi\\\/laakerien-tunnistaminen\\\/brose-t-s\\\/\",\"name\":\"Brose 'T' & 'S' - Ebikespareparts.fi\",\"isPartOf\":{\"@id\":\"https:\\\/\\\/ebikespareparts.fi\\\/#website\"},\"primaryImageOfPage\":{\"@id\":\"https:\\\/\\\/ebikespareparts.fi\\\/laakerien-tunnistaminen\\\/brose-t-s\\\/#primaryimage\"},\"image\":{\"@id\":\"https:\\\/\\\/ebikespareparts.fi\\\/laakerien-tunnistaminen\\\/brose-t-s\\\/#primaryimage\"},\"thumbnailUrl\":\"https:\\\/\\\/ebikespareparts.fi\\\/wp-content\\\/uploads\\\/2025\\\/05\\\/broseguide.png\",\"datePublished\":\"2023-10-19T12:36:43+00:00\",\"dateModified\":\"2025-05-03T09:37:00+00:00\",\"breadcrumb\":{\"@id\":\"https:\\\/\\\/ebikespareparts.fi\\\/laakerien-tunnistaminen\\\/brose-t-s\\\/#breadcrumb\"},\"inLanguage\":\"da-DK\",\"potentialAction\":[{\"@type\":\"ReadAction\",\"target\":[\"https:\\\/\\\/ebikespareparts.fi\\\/laakerien-tunnistaminen\\\/brose-t-s\\\/\"]}]},{\"@type\":\"ImageObject\",\"inLanguage\":\"da-DK\",\"@id\":\"https:\\\/\\\/ebikespareparts.fi\\\/laakerien-tunnistaminen\\\/brose-t-s\\\/#primaryimage\",\"url\":\"https:\\\/\\\/ebikespareparts.fi\\\/wp-content\\\/uploads\\\/2025\\\/05\\\/broseguide.png\",\"contentUrl\":\"https:\\\/\\\/ebikespareparts.fi\\\/wp-content\\\/uploads\\\/2025\\\/05\\\/broseguide.png\"},{\"@type\":\"BreadcrumbList\",\"@id\":\"https:\\\/\\\/ebikespareparts.fi\\\/laakerien-tunnistaminen\\\/brose-t-s\\\/#breadcrumb\",\"itemListElement\":[{\"@type\":\"ListItem\",\"position\":1,\"name\":\"Etusivu\",\"item\":\"https:\\\/\\\/ebikespareparts.fi\\\/\"},{\"@type\":\"ListItem\",\"position\":2,\"name\":\"Laakerien tunnistaminen\",\"item\":\"https:\\\/\\\/ebikespareparts.fi\\\/laakerien-tunnistaminen\\\/\"},{\"@type\":\"ListItem\",\"position\":3,\"name\":\"Brose &#8217;T&#8217; &#038; &#8217;S&#8217;\"}]},{\"@type\":\"WebSite\",\"@id\":\"https:\\\/\\\/ebikespareparts.fi\\\/#website\",\"url\":\"https:\\\/\\\/ebikespareparts.fi\\\/\",\"name\":\"Ebikespareparts.fi\",\"description\":\"S\u00e4hk\u00f6py\u00f6r\u00e4n osat - E-bike osat - Huolto\",\"publisher\":{\"@id\":\"https:\\\/\\\/ebikespareparts.fi\\\/#organization\"},\"potentialAction\":[{\"@type\":\"SearchAction\",\"target\":{\"@type\":\"EntryPoint\",\"urlTemplate\":\"https:\\\/\\\/ebikespareparts.fi\\\/?s={search_term_string}\"},\"query-input\":{\"@type\":\"PropertyValueSpecification\",\"valueRequired\":true,\"valueName\":\"search_term_string\"}}],\"inLanguage\":\"da-DK\"},{\"@type\":\"Organization\",\"@id\":\"https:\\\/\\\/ebikespareparts.fi\\\/#organization\",\"name\":\"Ebikespareparts.fi\",\"url\":\"https:\\\/\\\/ebikespareparts.fi\\\/\",\"logo\":{\"@type\":\"ImageObject\",\"inLanguage\":\"da-DK\",\"@id\":\"https:\\\/\\\/ebikespareparts.fi\\\/#\\\/schema\\\/logo\\\/image\\\/\",\"url\":\"https:\\\/\\\/ebikespareparts.fi\\\/wp-content\\\/uploads\\\/2024\\\/05\\\/logo-musta-tausta.jpg\",\"contentUrl\":\"https:\\\/\\\/ebikespareparts.fi\\\/wp-content\\\/uploads\\\/2024\\\/05\\\/logo-musta-tausta.jpg\",\"width\":1013,\"height\":950,\"caption\":\"Ebikespareparts.fi\"},\"image\":{\"@id\":\"https:\\\/\\\/ebikespareparts.fi\\\/#\\\/schema\\\/logo\\\/image\\\/\"},\"sameAs\":[\"https:\\\/\\\/www.facebook.com\\\/smhj.fi\"]}]}<\/script>\n<!-- \/ Yoast SEO plugin. -->","yoast_head_json":{"title":"Brose 'T' & 'S' - Ebikespareparts.fi","robots":{"index":"index","follow":"follow","max-snippet":"max-snippet:-1","max-image-preview":"max-image-preview:large","max-video-preview":"max-video-preview:-1"},"canonical":"https:\/\/ebikespareparts.fi\/da\/laakerien-tunnistaminen\/brose-t-s\/","og_locale":"da_DK","og_type":"article","og_title":"Brose 'T' & 'S' - Ebikespareparts.fi","og_description":"Brose &#8217;T&#8217; &amp; &#8217;S&#8217; Jos vaihdat laakerit itse, voit tunnistaa, mik\u00e4 laakerit menee minnekin ja ostaa yksitellen juuri tarvitsemasi laakerit. &nbsp;Kuvassa kaikki yleisimm\u00e4t laakerit Brose \u201cT\u201d, \u201cS\u201d ja \u201cS\u201d MAG ebike -moottoreihin.Kyseiset laakerit vioittuvat todenn\u00e4k\u00f6isimmin kulumisen tai veden sis\u00e4\u00e4np\u00e4\u00e4syn vuoksi. Voimme toimittaa my\u00f6s tiivisteet n\u00e4ihin moottoreihin. Jos etsim\u00e4\u00e4si osaa ei l\u00f6ydy sivuilta, ota meihin yhteytt\u00e4 ... Brose &#8217;T&#8217; &#038; &#8217;S&#8217;","og_url":"https:\/\/ebikespareparts.fi\/da\/laakerien-tunnistaminen\/brose-t-s\/","og_site_name":"Ebikespareparts.fi","article_publisher":"https:\/\/www.facebook.com\/smhj.fi","article_modified_time":"2025-05-03T09:37:00+00:00","og_image":[{"width":1024,"height":826,"url":"https:\/\/ebikespareparts.fi\/wp-content\/uploads\/2025\/05\/broseguide.png","type":"image\/png"}],"twitter_card":"summary_large_image","twitter_misc":{"Estimeret l\u00e6setid":"1 minut"},"schema":{"@context":"https:\/\/schema.org","@graph":[{"@type":"WebPage","@id":"https:\/\/ebikespareparts.fi\/laakerien-tunnistaminen\/brose-t-s\/","url":"https:\/\/ebikespareparts.fi\/laakerien-tunnistaminen\/brose-t-s\/","name":"Brose 'T' & 'S' - Ebikespareparts.fi","isPartOf":{"@id":"https:\/\/ebikespareparts.fi\/#website"},"primaryImageOfPage":{"@id":"https:\/\/ebikespareparts.fi\/laakerien-tunnistaminen\/brose-t-s\/#primaryimage"},"image":{"@id":"https:\/\/ebikespareparts.fi\/laakerien-tunnistaminen\/brose-t-s\/#primaryimage"},"thumbnailUrl":"https:\/\/ebikespareparts.fi\/wp-content\/uploads\/2025\/05\/broseguide.png","datePublished":"2023-10-19T12:36:43+00:00","dateModified":"2025-05-03T09:37:00+00:00","breadcrumb":{"@id":"https:\/\/ebikespareparts.fi\/laakerien-tunnistaminen\/brose-t-s\/#breadcrumb"},"inLanguage":"da-DK","potentialAction":[{"@type":"ReadAction","target":["https:\/\/ebikespareparts.fi\/laakerien-tunnistaminen\/brose-t-s\/"]}]},{"@type":"ImageObject","inLanguage":"da-DK","@id":"https:\/\/ebikespareparts.fi\/laakerien-tunnistaminen\/brose-t-s\/#primaryimage","url":"https:\/\/ebikespareparts.fi\/wp-content\/uploads\/2025\/05\/broseguide.png","contentUrl":"https:\/\/ebikespareparts.fi\/wp-content\/uploads\/2025\/05\/broseguide.png"},{"@type":"BreadcrumbList","@id":"https:\/\/ebikespareparts.fi\/laakerien-tunnistaminen\/brose-t-s\/#breadcrumb","itemListElement":[{"@type":"ListItem","position":1,"name":"Etusivu","item":"https:\/\/ebikespareparts.fi\/"},{"@type":"ListItem","position":2,"name":"Laakerien tunnistaminen","item":"https:\/\/ebikespareparts.fi\/laakerien-tunnistaminen\/"},{"@type":"ListItem","position":3,"name":"Brose &#8217;T&#8217; &#038; &#8217;S&#8217;"}]},{"@type":"WebSite","@id":"https:\/\/ebikespareparts.fi\/#website","url":"https:\/\/ebikespareparts.fi\/","name":"Ebikespareparts.fi","description":"S\u00e4hk\u00f6py\u00f6r\u00e4n osat - E-bike osat - Huolto","publisher":{"@id":"https:\/\/ebikespareparts.fi\/#organization"},"potentialAction":[{"@type":"SearchAction","target":{"@type":"EntryPoint","urlTemplate":"https:\/\/ebikespareparts.fi\/?s={search_term_string}"},"query-input":{"@type":"PropertyValueSpecification","valueRequired":true,"valueName":"search_term_string"}}],"inLanguage":"da-DK"},{"@type":"Organization","@id":"https:\/\/ebikespareparts.fi\/#organization","name":"Ebikespareparts.fi","url":"https:\/\/ebikespareparts.fi\/","logo":{"@type":"ImageObject","inLanguage":"da-DK","@id":"https:\/\/ebikespareparts.fi\/#\/schema\/logo\/image\/","url":"https:\/\/ebikespareparts.fi\/wp-content\/uploads\/2024\/05\/logo-musta-tausta.jpg","contentUrl":"https:\/\/ebikespareparts.fi\/wp-content\/uploads\/2024\/05\/logo-musta-tausta.jpg","width":1013,"height":950,"caption":"Ebikespareparts.fi"},"image":{"@id":"https:\/\/ebikespareparts.fi\/#\/schema\/logo\/image\/"},"sameAs":["https:\/\/www.facebook.com\/smhj.fi"]}]}},"_links":{"self":[{"href":"https:\/\/ebikespareparts.fi\/da\/wp-json\/wp\/v2\/pages\/45713","targetHints":{"allow":["GET"]}}],"collection":[{"href":"https:\/\/ebikespareparts.fi\/da\/wp-json\/wp\/v2\/pages"}],"about":[{"href":"https:\/\/ebikespareparts.fi\/da\/wp-json\/wp\/v2\/types\/page"}],"author":[{"embeddable":true,"href":"https:\/\/ebikespareparts.fi\/da\/wp-json\/wp\/v2\/users\/1"}],"replies":[{"embeddable":true,"href":"https:\/\/ebikespareparts.fi\/da\/wp-json\/wp\/v2\/comments?post=45713"}],"version-history":[{"count":0,"href":"https:\/\/ebikespareparts.fi\/da\/wp-json\/wp\/v2\/pages\/45713\/revisions"}],"up":[{"embeddable":true,"href":"https:\/\/ebikespareparts.fi\/da\/wp-json\/wp\/v2\/pages\/45721"}],"wp:attachment":[{"href":"https:\/\/ebikespareparts.fi\/da\/wp-json\/wp\/v2\/media?parent=45713"}],"curies":[{"name":"wp","href":"https:\/\/api.w.org\/{rel}","templated":true}]}}