{"id":45721,"date":"2023-10-19T15:42:32","date_gmt":"2023-10-19T12:42:32","guid":{"rendered":"https:\/\/ebikespareparts.fi\/?page_id=45721"},"modified":"2025-08-26T09:21:09","modified_gmt":"2025-08-26T06:21:09","slug":"laakerien-tunnistaminen","status":"publish","type":"page","link":"https:\/\/ebikespareparts.fi\/da\/laakerien-tunnistaminen\/","title":{"rendered":"Identifikation af lejer"},"content":{"rendered":"<div class=\"wp-block-group\"><div class=\"wp-block-group__inner-container is-layout-flow wp-block-group-is-layout-flow\">\n<p>Hvis du selv udskifter lejerne, kan du s\u00f8ge efter det rigtige leje i afsnittet \u201dLejeidentifikation\u201d og k\u00f8be lejerne alene. Du kan f\u00e5 produktnumrene p\u00e5 de enkelte dele fra spredningsdiagrammerne.<\/p>\n\n\n\n<p>Spredningsdiagrammerne p\u00e5 denne side er nyttige, n\u00e5r du leder efter lejer til Bosch-, Brose-, Mahlen-, Panasonic-, Shimano- eller Yamaha-motorer.<\/p>\n\n\n\n<p>Den mest almindelige \u00e5rsag til lejesvigt er slid eller vandindtr\u00e6ngning. Vi leverer ogs\u00e5 O-ringe, t\u00e6tninger og l\u00e5seringe.<br><br>Kontakt os, hvis du ikke kan finde det rigtige produkt til dine behov p\u00e5 vores hjemmeside, s\u00e5 hj\u00e6lper vi dig gerne!<\/p>\n<\/div><\/div>\n\n\n\n<div style=\"height:40px\" aria-hidden=\"true\" class=\"wp-block-spacer\"><\/div>\n\n\n\n<div class=\"wp-block-query bearing-grid is-layout-flow wp-block-query-is-layout-flow\"><ul class=\"wp-block-post-template is-layout-flow wp-block-post-template-is-layout-flow\"><li class=\"wp-block-post post-45703 page type-page status-publish hentry\">\n<h4 class=\"wp-block-post-title\"><a href=\"https:\/\/ebikespareparts.fi\/da\/laakerien-tunnistaminen\/bosch-gen-1\/\" target=\"_self\" >Bosch Gen 1<\/a><\/h4>\n\n<div style=\"font-size:1rem;\" class=\"wp-block-post-excerpt\"><p class=\"wp-block-post-excerpt__excerpt\">Bosch Gen 1 Generation 1Gen 1 Bosch \u201cClassic\u201d Line 50 Nm (2011 - 2014) er mest monteret p\u00e5 hybrid- og citybikes, men er ogs\u00e5 blevet brugt p\u00e5 nogle tidlige EMTB-modeller som Moustache og Haibike. Skal min Bosch-motor vedligeholdes regelm\u00e6ssigt? Bosch-motorer er ikke designet til at blive serviceret og b\u00f8r kun repareres, hvis de bliver defekte. Motorerne er forseglede og<\/p><p class=\"wp-block-post-excerpt__more-text\"><a class=\"wp-block-post-excerpt__more-link\" href=\"https:\/\/ebikespareparts.fi\/da\/laakerien-tunnistaminen\/bosch-gen-1\/\">L\u00e6s mere om det<\/a><\/p><\/div>\n<\/li><li class=\"wp-block-post post-45706 page type-page status-publish hentry\">\n<h4 class=\"wp-block-post-title\"><a href=\"https:\/\/ebikespareparts.fi\/da\/laakerien-tunnistaminen\/bosch-gen-2-2\/\" target=\"_self\" >Bosch Gen 2<\/a><\/h4>\n\n<div style=\"font-size:1rem;\" class=\"wp-block-post-excerpt\"><p class=\"wp-block-post-excerpt__excerpt\">Bosch Gen 2 Hvis du selv udskifter lejerne, kan du se p\u00e5 billedet, hvilket leje der h\u00f8rer til hvor, og k\u00f8be det, du har brug for, separat i onlinebutikken! Dette er almindelige lejer til Bosch ebike Active- og Performance Line\/CX-motorer. Disse lejer har st\u00f8rst risiko for at g\u00e5 i stykker p\u00e5 grund af slid eller vandindtr\u00e6ngning. Vi kan ogs\u00e5 levere O-ringe og sm\u00e5dele til disse motorer. Hvis du ikke kan finde det, du leder efter<\/p><p class=\"wp-block-post-excerpt__more-text\"><a class=\"wp-block-post-excerpt__more-link\" href=\"https:\/\/ebikespareparts.fi\/da\/laakerien-tunnistaminen\/bosch-gen-2-2\/\">L\u00e6s mere om det<\/a><\/p><\/div>\n<\/li><li class=\"wp-block-post post-45709 page type-page status-publish hentry\">\n<h4 class=\"wp-block-post-title\"><a href=\"https:\/\/ebikespareparts.fi\/da\/laakerien-tunnistaminen\/bosch-gen-3-2\/\" target=\"_self\" >Bosch Gen 3<\/a><\/h4>\n\n<div style=\"font-size:1rem;\" class=\"wp-block-post-excerpt\"><p class=\"wp-block-post-excerpt__excerpt\">Bosch Gen 3 Hvis du selv udskifter lejerne, kan du se p\u00e5 billedet, hvilket leje der h\u00f8rer til hvor, og k\u00f8be de dele, du skal bruge, separat! Dette er de almindeligt anvendte lejer til Bosch ebike Generation 3 Active Line-, Active Line Plus- og Performance Line-motorer. Bosch Generation 3 (BDU3xx) motor (BEM\u00c6RK: Stort forhjul) Generation 3 Gen 3 Active Line 40 Nm 2018<\/p><p class=\"wp-block-post-excerpt__more-text\"><a class=\"wp-block-post-excerpt__more-link\" href=\"https:\/\/ebikespareparts.fi\/da\/laakerien-tunnistaminen\/bosch-gen-3-2\/\">L\u00e6s mere om det<\/a><\/p><\/div>\n<\/li><li class=\"wp-block-post post-45711 page type-page status-publish hentry\">\n<h4 class=\"wp-block-post-title\"><a href=\"https:\/\/ebikespareparts.fi\/da\/laakerien-tunnistaminen\/bosch-gen-4\/\" target=\"_self\" >Bosch Gen 4<\/a><\/h4>\n\n<div style=\"font-size:1rem;\" class=\"wp-block-post-excerpt\"><p class=\"wp-block-post-excerpt__excerpt\">Bosch Gen 4 Hvis du udskifter dine egne lejer, kan du finde de lejer, du skal bruge, og deres reservedelsnumre i vores lejeidentifikation. Disse dele kan derefter findes i vores butik. Hvis du har brug for andre motordele, s\u00e5 kontakt os, s\u00e5 hj\u00e6lper vi dig gerne. Generation 4- Gen 4 Performance Line CX 75 Nm mountainbikemotor. Senere opgraderet til 85 Nm 2020 - stadig p\u00e5 programmet - Gen 4 Speed Line og Cargo Line<\/p><p class=\"wp-block-post-excerpt__more-text\"><a class=\"wp-block-post-excerpt__more-link\" href=\"https:\/\/ebikespareparts.fi\/da\/laakerien-tunnistaminen\/bosch-gen-4\/\">L\u00e6s mere om det<\/a><\/p><\/div>\n<\/li><li class=\"wp-block-post post-45715 page type-page status-publish hentry\">\n<h4 class=\"wp-block-post-title\"><a href=\"https:\/\/ebikespareparts.fi\/da\/laakerien-tunnistaminen\/brose-s-mag\/\" target=\"_self\" >Brose \u2019S\u2019 MAG<\/a><\/h4>\n\n<div style=\"font-size:1rem;\" class=\"wp-block-post-excerpt\"><p class=\"wp-block-post-excerpt__excerpt\">Brose \u2019S\u2019 MAG Hvis du selv udskifter lejerne, kan du identificere, hvilke lejer der h\u00f8rer til hvor, og k\u00f8be de lejer, du har brug for, \u00e9n efter \u00e9n.  Billedet viser alle de mest almindelige lejer til Brose \u201cT\u201d, \u201cS\u201d og \u201cS\u201d MAG elcykelmotorer. Disse lejer er de mest sandsynlige at svigte p\u00e5 grund af slid eller vandindtr\u00e6ngning. Vi kan ogs\u00e5 levere t\u00e6tninger til disse motorer. Hvis du ikke kan finde den del, du leder efter, p\u00e5 vores hjemmeside, bedes du kontakte os og<\/p><p class=\"wp-block-post-excerpt__more-text\"><a class=\"wp-block-post-excerpt__more-link\" href=\"https:\/\/ebikespareparts.fi\/da\/laakerien-tunnistaminen\/brose-s-mag\/\">L\u00e6s mere om det<\/a><\/p><\/div>\n<\/li><li class=\"wp-block-post post-45713 page type-page status-publish hentry\">\n<h4 class=\"wp-block-post-title\"><a href=\"https:\/\/ebikespareparts.fi\/da\/laakerien-tunnistaminen\/brose-t-s\/\" target=\"_self\" >Brose \u2019T\u2019 og \u2019S\u2019<\/a><\/h4>\n\n<div style=\"font-size:1rem;\" class=\"wp-block-post-excerpt\"><p class=\"wp-block-post-excerpt__excerpt\">Brose \u2019T\u2019 &amp; \u2019S\u2019 Hvis du selv udskifter lejerne, kan du identificere, hvilke lejer der sidder hvor, og k\u00f8be de lejer, du har brug for, \u00e9n efter \u00e9n.  Billedet viser alle de mest almindelige lejer til Brose \u201cT\u201d, \u201cS\u201d og \u201cS\u201d MAG elcykelmotorer. Disse lejer er mest tilb\u00f8jelige til at svigte p\u00e5 grund af slid eller vandindtr\u00e6ngning. Vi kan ogs\u00e5 levere t\u00e6tninger til disse motorer. Hvis du ikke kan finde den del, du leder efter, p\u00e5 vores hjemmeside, bedes du kontakte os.<\/p><p class=\"wp-block-post-excerpt__more-text\"><a class=\"wp-block-post-excerpt__more-link\" href=\"https:\/\/ebikespareparts.fi\/da\/laakerien-tunnistaminen\/brose-t-s\/\">L\u00e6s mere om det<\/a><\/p><\/div>\n<\/li><li class=\"wp-block-post post-45723 page type-page status-publish hentry\">\n<h4 class=\"wp-block-post-title\"><a href=\"https:\/\/ebikespareparts.fi\/da\/laakerien-tunnistaminen\/impulse-2-0\/\" target=\"_self\" >Impuls 2.0<\/a><\/h4>\n\n<div style=\"font-size:1rem;\" class=\"wp-block-post-excerpt\"><p class=\"wp-block-post-excerpt__excerpt\">Impulse 2.0 Selvom vi startede med at servicere og renovere Bosch elcykelmotorer, var der mange, der spurgte, om vi ogs\u00e5 lavede andre motorer? S\u00e5 vi begyndte at unders\u00f8ge andre motorer. Vi fandt det samme problem ... lejesvigt! Hvis du selv udskifter lejerne, kan du identificere, hvilke lejer der h\u00f8rer til hvor, og k\u00f8be lige pr\u00e6cis det, du har brug for! Dette er alle de mest almindelige lejer p\u00e5 Impulse 2.0 elcykelmotorer. De viste lejer er dem, der er mest tilb\u00f8jelige til at svigte p\u00e5 grund af slid<\/p><p class=\"wp-block-post-excerpt__more-text\"><a class=\"wp-block-post-excerpt__more-link\" href=\"https:\/\/ebikespareparts.fi\/da\/laakerien-tunnistaminen\/impulse-2-0\/\">L\u00e6s mere om det<\/a><\/p><\/div>\n<\/li><li class=\"wp-block-post post-45719 page type-page status-publish hentry\">\n<h4 class=\"wp-block-post-title\"><a href=\"https:\/\/ebikespareparts.fi\/da\/laakerien-tunnistaminen\/panasonic\/\" target=\"_self\" >Panasonic<\/a><\/h4>\n\n<div style=\"font-size:1rem;\" class=\"wp-block-post-excerpt\"><p class=\"wp-block-post-excerpt__excerpt\">Panasonic Selvom vi startede med at servicere og renovere Bosch elcykelmotorer, var der mange, der spurgte, om vi ogs\u00e5 lavede andre motorer? S\u00e5 vi begyndte at unders\u00f8ge andre motorer. Vi fandt det samme problem ... lejesvigt! Hvis du selv udskifter lejerne, kan du identificere, hvilke lejer der h\u00f8rer til hvor, og k\u00f8be lige pr\u00e6cis det, du har brug for! Dette er alle de mest almindelige lejer i Panasonics elcykelmotorer. De viste lejer er mest tilb\u00f8jelige til at svigte p\u00e5 grund af slid eller vandindtr\u00e6ngning<\/p><p class=\"wp-block-post-excerpt__more-text\"><a class=\"wp-block-post-excerpt__more-link\" href=\"https:\/\/ebikespareparts.fi\/da\/laakerien-tunnistaminen\/panasonic\/\">L\u00e6s mere om det<\/a><\/p><\/div>\n<\/li><li class=\"wp-block-post post-45717 page type-page status-publish hentry\">\n<h4 class=\"wp-block-post-title\"><a href=\"https:\/\/ebikespareparts.fi\/da\/laakerien-tunnistaminen\/yamaha\/\" target=\"_self\" >Yamaha<\/a><\/h4>\n\n<div style=\"font-size:1rem;\" class=\"wp-block-post-excerpt\"><p class=\"wp-block-post-excerpt__excerpt\">Yamaha Selvom vi startede med at servicere og renovere Bosch-motorer til elcykler, var der mange, der spurgte, om vi ogs\u00e5 lavede andre motorer? S\u00e5 vi begyndte at unders\u00f8ge andre motorer. Vi fandt det samme problem ... lejesvigt! Hvis du selv udskifter lejerne, kan du identificere, hvilke lejer der h\u00f8rer til hvor, og k\u00f8be lige pr\u00e6cis det, du har brug for! Dette er alle de mest almindelige lejer, der findes i Yamaha-PW elcykelmotorer. De viste lejer er de mest sandsynlige at svigte p\u00e5 grund af slid eller vand<\/p><p class=\"wp-block-post-excerpt__more-text\"><a class=\"wp-block-post-excerpt__more-link\" href=\"https:\/\/ebikespareparts.fi\/da\/laakerien-tunnistaminen\/yamaha\/\">L\u00e6s mere om det<\/a><\/p><\/div>\n<\/li><\/ul>\n\n\n\n<\/div>","protected":false},"excerpt":{"rendered":"<p>Mik\u00e4li vaihdat laakerit itse, voit hakea \u201dlaakereiden tunnistaminen\u201d -kohdasta oikean laakerin ja ostaa pelk\u00e4t laakerit. Hajoituskuvista saat yksitt\u00e4isten osien tuotenumerot. Sivuston hajoituskuvista on apua, kun etsit laakeria esim. Boschin, Brosen, Mahlen, Panasonicin, Shimanon tai Yamahan moottoreihin. Yleisin syy laakereiden vioittumiselle on kuluminen tai veden p\u00e4\u00e4sy laakereihin. Toimitamme my\u00f6s O-renkaat, tiivisteet ja lukkorenkaat. Ole yhteydess\u00e4 meihin, <a href=\"https:\/\/ebikespareparts.fi\/da\/laakerien-tunnistaminen\/\" class=\"more-link\">&#8230;<span class=\"screen-reader-text\">  Identifikation af lejer<\/span><\/a><\/p>","protected":false},"author":1,"featured_media":0,"parent":0,"menu_order":0,"comment_status":"closed","ping_status":"closed","template":"","meta":{"_acf_changed":false,"footnotes":""},"class_list":["post-45721","page","type-page","status-publish","hentry"],"acf":[],"yoast_head":"<!-- This site is optimized with the Yoast SEO plugin v27.4 - https:\/\/yoast.com\/product\/yoast-seo-wordpress\/ -->\n<title>Laakerien tunnistaminen - Ebikespareparts.fi<\/title>\n<meta name=\"robots\" content=\"index, follow, max-snippet:-1, max-image-preview:large, max-video-preview:-1\" \/>\n<link rel=\"canonical\" href=\"https:\/\/ebikespareparts.fi\/da\/laakerien-tunnistaminen\/\" \/>\n<meta property=\"og:locale\" content=\"da_DK\" \/>\n<meta property=\"og:type\" content=\"article\" \/>\n<meta property=\"og:title\" content=\"Laakerien tunnistaminen - Ebikespareparts.fi\" \/>\n<meta property=\"og:description\" content=\"Mik\u00e4li vaihdat laakerit itse, voit hakea \u201dlaakereiden tunnistaminen\u201d -kohdasta oikean laakerin ja ostaa pelk\u00e4t laakerit. Hajoituskuvista saat yksitt\u00e4isten osien tuotenumerot. Sivuston hajoituskuvista on apua, kun etsit laakeria esim. Boschin, Brosen, Mahlen, Panasonicin, Shimanon tai Yamahan moottoreihin. Yleisin syy laakereiden vioittumiselle on kuluminen tai veden p\u00e4\u00e4sy laakereihin. Toimitamme my\u00f6s O-renkaat, tiivisteet ja lukkorenkaat. Ole yhteydess\u00e4 meihin, ... Laakerien tunnistaminen\" \/>\n<meta property=\"og:url\" content=\"https:\/\/ebikespareparts.fi\/da\/laakerien-tunnistaminen\/\" \/>\n<meta property=\"og:site_name\" content=\"Ebikespareparts.fi\" \/>\n<meta property=\"article:publisher\" content=\"https:\/\/www.facebook.com\/smhj.fi\" \/>\n<meta property=\"article:modified_time\" content=\"2025-08-26T06:21:09+00:00\" \/>\n<meta name=\"twitter:card\" content=\"summary_large_image\" \/>\n<meta name=\"twitter:label1\" content=\"Estimeret l\u00e6setid\" \/>\n\t<meta name=\"twitter:data1\" content=\"1 minut\" \/>\n<script type=\"application\/ld+json\" class=\"yoast-schema-graph\">{\"@context\":\"https:\\\/\\\/schema.org\",\"@graph\":[{\"@type\":\"WebPage\",\"@id\":\"https:\\\/\\\/ebikespareparts.fi\\\/laakerien-tunnistaminen\\\/\",\"url\":\"https:\\\/\\\/ebikespareparts.fi\\\/laakerien-tunnistaminen\\\/\",\"name\":\"Laakerien tunnistaminen - Ebikespareparts.fi\",\"isPartOf\":{\"@id\":\"https:\\\/\\\/ebikespareparts.fi\\\/#website\"},\"datePublished\":\"2023-10-19T12:42:32+00:00\",\"dateModified\":\"2025-08-26T06:21:09+00:00\",\"breadcrumb\":{\"@id\":\"https:\\\/\\\/ebikespareparts.fi\\\/laakerien-tunnistaminen\\\/#breadcrumb\"},\"inLanguage\":\"da-DK\",\"potentialAction\":[{\"@type\":\"ReadAction\",\"target\":[\"https:\\\/\\\/ebikespareparts.fi\\\/laakerien-tunnistaminen\\\/\"]}]},{\"@type\":\"BreadcrumbList\",\"@id\":\"https:\\\/\\\/ebikespareparts.fi\\\/laakerien-tunnistaminen\\\/#breadcrumb\",\"itemListElement\":[{\"@type\":\"ListItem\",\"position\":1,\"name\":\"Etusivu\",\"item\":\"https:\\\/\\\/ebikespareparts.fi\\\/\"},{\"@type\":\"ListItem\",\"position\":2,\"name\":\"Laakerien tunnistaminen\"}]},{\"@type\":\"WebSite\",\"@id\":\"https:\\\/\\\/ebikespareparts.fi\\\/#website\",\"url\":\"https:\\\/\\\/ebikespareparts.fi\\\/\",\"name\":\"Ebikespareparts.fi\",\"description\":\"S\u00e4hk\u00f6py\u00f6r\u00e4n osat - E-bike osat - Huolto\",\"publisher\":{\"@id\":\"https:\\\/\\\/ebikespareparts.fi\\\/#organization\"},\"potentialAction\":[{\"@type\":\"SearchAction\",\"target\":{\"@type\":\"EntryPoint\",\"urlTemplate\":\"https:\\\/\\\/ebikespareparts.fi\\\/?s={search_term_string}\"},\"query-input\":{\"@type\":\"PropertyValueSpecification\",\"valueRequired\":true,\"valueName\":\"search_term_string\"}}],\"inLanguage\":\"da-DK\"},{\"@type\":\"Organization\",\"@id\":\"https:\\\/\\\/ebikespareparts.fi\\\/#organization\",\"name\":\"Ebikespareparts.fi\",\"url\":\"https:\\\/\\\/ebikespareparts.fi\\\/\",\"logo\":{\"@type\":\"ImageObject\",\"inLanguage\":\"da-DK\",\"@id\":\"https:\\\/\\\/ebikespareparts.fi\\\/#\\\/schema\\\/logo\\\/image\\\/\",\"url\":\"https:\\\/\\\/ebikespareparts.fi\\\/wp-content\\\/uploads\\\/2024\\\/05\\\/logo-musta-tausta.jpg\",\"contentUrl\":\"https:\\\/\\\/ebikespareparts.fi\\\/wp-content\\\/uploads\\\/2024\\\/05\\\/logo-musta-tausta.jpg\",\"width\":1013,\"height\":950,\"caption\":\"Ebikespareparts.fi\"},\"image\":{\"@id\":\"https:\\\/\\\/ebikespareparts.fi\\\/#\\\/schema\\\/logo\\\/image\\\/\"},\"sameAs\":[\"https:\\\/\\\/www.facebook.com\\\/smhj.fi\"]}]}<\/script>\n<!-- \/ Yoast SEO plugin. -->","yoast_head_json":{"title":"Laakerien tunnistaminen - Ebikespareparts.fi","robots":{"index":"index","follow":"follow","max-snippet":"max-snippet:-1","max-image-preview":"max-image-preview:large","max-video-preview":"max-video-preview:-1"},"canonical":"https:\/\/ebikespareparts.fi\/da\/laakerien-tunnistaminen\/","og_locale":"da_DK","og_type":"article","og_title":"Laakerien tunnistaminen - Ebikespareparts.fi","og_description":"Mik\u00e4li vaihdat laakerit itse, voit hakea \u201dlaakereiden tunnistaminen\u201d -kohdasta oikean laakerin ja ostaa pelk\u00e4t laakerit. Hajoituskuvista saat yksitt\u00e4isten osien tuotenumerot. Sivuston hajoituskuvista on apua, kun etsit laakeria esim. Boschin, Brosen, Mahlen, Panasonicin, Shimanon tai Yamahan moottoreihin. Yleisin syy laakereiden vioittumiselle on kuluminen tai veden p\u00e4\u00e4sy laakereihin. Toimitamme my\u00f6s O-renkaat, tiivisteet ja lukkorenkaat. Ole yhteydess\u00e4 meihin, ... Laakerien tunnistaminen","og_url":"https:\/\/ebikespareparts.fi\/da\/laakerien-tunnistaminen\/","og_site_name":"Ebikespareparts.fi","article_publisher":"https:\/\/www.facebook.com\/smhj.fi","article_modified_time":"2025-08-26T06:21:09+00:00","twitter_card":"summary_large_image","twitter_misc":{"Estimeret l\u00e6setid":"1 minut"},"schema":{"@context":"https:\/\/schema.org","@graph":[{"@type":"WebPage","@id":"https:\/\/ebikespareparts.fi\/laakerien-tunnistaminen\/","url":"https:\/\/ebikespareparts.fi\/laakerien-tunnistaminen\/","name":"Laakerien tunnistaminen - Ebikespareparts.fi","isPartOf":{"@id":"https:\/\/ebikespareparts.fi\/#website"},"datePublished":"2023-10-19T12:42:32+00:00","dateModified":"2025-08-26T06:21:09+00:00","breadcrumb":{"@id":"https:\/\/ebikespareparts.fi\/laakerien-tunnistaminen\/#breadcrumb"},"inLanguage":"da-DK","potentialAction":[{"@type":"ReadAction","target":["https:\/\/ebikespareparts.fi\/laakerien-tunnistaminen\/"]}]},{"@type":"BreadcrumbList","@id":"https:\/\/ebikespareparts.fi\/laakerien-tunnistaminen\/#breadcrumb","itemListElement":[{"@type":"ListItem","position":1,"name":"Etusivu","item":"https:\/\/ebikespareparts.fi\/"},{"@type":"ListItem","position":2,"name":"Laakerien tunnistaminen"}]},{"@type":"WebSite","@id":"https:\/\/ebikespareparts.fi\/#website","url":"https:\/\/ebikespareparts.fi\/","name":"Ebikespareparts.fi","description":"S\u00e4hk\u00f6py\u00f6r\u00e4n osat - E-bike osat - Huolto","publisher":{"@id":"https:\/\/ebikespareparts.fi\/#organization"},"potentialAction":[{"@type":"SearchAction","target":{"@type":"EntryPoint","urlTemplate":"https:\/\/ebikespareparts.fi\/?s={search_term_string}"},"query-input":{"@type":"PropertyValueSpecification","valueRequired":true,"valueName":"search_term_string"}}],"inLanguage":"da-DK"},{"@type":"Organization","@id":"https:\/\/ebikespareparts.fi\/#organization","name":"Ebikespareparts.fi","url":"https:\/\/ebikespareparts.fi\/","logo":{"@type":"ImageObject","inLanguage":"da-DK","@id":"https:\/\/ebikespareparts.fi\/#\/schema\/logo\/image\/","url":"https:\/\/ebikespareparts.fi\/wp-content\/uploads\/2024\/05\/logo-musta-tausta.jpg","contentUrl":"https:\/\/ebikespareparts.fi\/wp-content\/uploads\/2024\/05\/logo-musta-tausta.jpg","width":1013,"height":950,"caption":"Ebikespareparts.fi"},"image":{"@id":"https:\/\/ebikespareparts.fi\/#\/schema\/logo\/image\/"},"sameAs":["https:\/\/www.facebook.com\/smhj.fi"]}]}},"_links":{"self":[{"href":"https:\/\/ebikespareparts.fi\/da\/wp-json\/wp\/v2\/pages\/45721","targetHints":{"allow":["GET"]}}],"collection":[{"href":"https:\/\/ebikespareparts.fi\/da\/wp-json\/wp\/v2\/pages"}],"about":[{"href":"https:\/\/ebikespareparts.fi\/da\/wp-json\/wp\/v2\/types\/page"}],"author":[{"embeddable":true,"href":"https:\/\/ebikespareparts.fi\/da\/wp-json\/wp\/v2\/users\/1"}],"replies":[{"embeddable":true,"href":"https:\/\/ebikespareparts.fi\/da\/wp-json\/wp\/v2\/comments?post=45721"}],"version-history":[{"count":0,"href":"https:\/\/ebikespareparts.fi\/da\/wp-json\/wp\/v2\/pages\/45721\/revisions"}],"wp:attachment":[{"href":"https:\/\/ebikespareparts.fi\/da\/wp-json\/wp\/v2\/media?parent=45721"}],"curies":[{"name":"wp","href":"https:\/\/api.w.org\/{rel}","templated":true}]}}