{"id":48453,"date":"2025-08-26T13:03:22","date_gmt":"2025-08-26T10:03:22","guid":{"rendered":"https:\/\/ebikespareparts.fi\/?page_id=48453"},"modified":"2025-08-26T13:07:16","modified_gmt":"2025-08-26T10:07:16","slug":"toimitusohjeet-ja-videot","status":"publish","type":"page","link":"https:\/\/ebikespareparts.fi\/da\/huolto\/toimitusohjeet-ja-videot\/","title":{"rendered":"Leveringsinstruktioner og videoer"},"content":{"rendered":"<div data-elementor-type=\"wp-page\" data-elementor-id=\"48453\" class=\"elementor elementor-48453\" data-elementor-post-type=\"page\">\n\t\t\t\t<div class=\"elementor-element elementor-element-2871cc6 e-con-full e-flex e-con e-child\" data-id=\"2871cc6\" data-element_type=\"container\" data-e-type=\"container\">\n\t\t\t\t<div class=\"elementor-element elementor-element-2c06653 elementor-widget elementor-widget-heading\" data-id=\"2c06653\" data-element_type=\"widget\" data-e-type=\"widget\" data-widget_type=\"heading.default\">\n\t\t\t\t<div class=\"elementor-widget-container\">\n\t\t\t\t\t<h2 class=\"elementor-heading-title elementor-size-default\">S\u00e5dan fungerer det<\/h2>\t\t\t\t<\/div>\n\t\t\t\t<\/div>\n\t\t<div class=\"elementor-element elementor-element-685258d e-con-full e-grid e-con e-child\" data-id=\"685258d\" data-element_type=\"container\" data-e-type=\"container\">\n\t\t<div class=\"elementor-element elementor-element-310d1ae e-con-full e-flex e-con e-child\" data-id=\"310d1ae\" data-element_type=\"container\" data-e-type=\"container\" data-settings=\"{&quot;background_background&quot;:&quot;classic&quot;}\">\n\t\t\t\t<div class=\"elementor-element elementor-element-d8635f0 elementor-widget__width-initial elementor-widget elementor-widget-heading\" data-id=\"d8635f0\" data-element_type=\"widget\" data-e-type=\"widget\" data-widget_type=\"heading.default\">\n\t\t\t\t<div class=\"elementor-widget-container\">\n\t\t\t\t\t<span class=\"elementor-heading-title elementor-size-default\">1<\/span>\t\t\t\t<\/div>\n\t\t\t\t<\/div>\n\t\t\t\t<div class=\"elementor-element elementor-element-c554345 elementor-widget elementor-widget-heading\" data-id=\"c554345\" data-element_type=\"widget\" data-e-type=\"widget\" data-widget_type=\"heading.default\">\n\t\t\t\t<div class=\"elementor-widget-container\">\n\t\t\t\t\t<h4 class=\"elementor-heading-title elementor-size-default\">Pak motoren omhyggeligt.<\/h4>\t\t\t\t<\/div>\n\t\t\t\t<\/div>\n\t\t\t\t<div class=\"elementor-element elementor-element-ecd3abe elementor-widget elementor-widget-text-editor\" data-id=\"ecd3abe\" data-element_type=\"widget\" data-e-type=\"widget\" data-widget_type=\"text-editor.default\">\n\t\t\t\t<div class=\"elementor-widget-container\">\n\t\t\t\t\t\t\t\t\t<p>Brug puder for at undg\u00e5 skader p\u00e5 motoren under transport.<\/p>\t\t\t\t\t\t\t\t<\/div>\n\t\t\t\t<\/div>\n\t\t\t\t<\/div>\n\t\t<div class=\"elementor-element elementor-element-cec8e5c e-con-full e-flex e-con e-child\" data-id=\"cec8e5c\" data-element_type=\"container\" data-e-type=\"container\" data-settings=\"{&quot;background_background&quot;:&quot;classic&quot;}\">\n\t\t\t\t<div class=\"elementor-element elementor-element-d171e7e elementor-widget__width-initial elementor-widget elementor-widget-heading\" data-id=\"d171e7e\" data-element_type=\"widget\" data-e-type=\"widget\" data-widget_type=\"heading.default\">\n\t\t\t\t<div class=\"elementor-widget-container\">\n\t\t\t\t\t<span class=\"elementor-heading-title elementor-size-default\">2<\/span>\t\t\t\t<\/div>\n\t\t\t\t<\/div>\n\t\t\t\t<div class=\"elementor-element elementor-element-af9c976 elementor-widget elementor-widget-heading\" data-id=\"af9c976\" data-element_type=\"widget\" data-e-type=\"widget\" data-widget_type=\"heading.default\">\n\t\t\t\t<div class=\"elementor-widget-container\">\n\t\t\t\t\t<h4 class=\"elementor-heading-title elementor-size-default\">Tag pakken med til et posthus<\/h4>\t\t\t\t<\/div>\n\t\t\t\t<\/div>\n\t\t\t\t<div class=\"elementor-element elementor-element-b475c99 elementor-widget elementor-widget-text-editor\" data-id=\"b475c99\" data-element_type=\"widget\" data-e-type=\"widget\" data-widget_type=\"text-editor.default\">\n\t\t\t\t<div class=\"elementor-widget-container\">\n\t\t\t\t\t\t\t\t\t<p>For eksempel til et Citymarket-servicepunkt<\/p>\t\t\t\t\t\t\t\t<\/div>\n\t\t\t\t<\/div>\n\t\t<div class=\"elementor-element elementor-element-fa1c7dc e-con-full e-flex e-con e-child\" data-id=\"fa1c7dc\" data-element_type=\"container\" data-e-type=\"container\">\n\t\t\t\t<div class=\"elementor-element elementor-element-fe44636 elementor-widget elementor-widget-heading\" data-id=\"fe44636\" data-element_type=\"widget\" data-e-type=\"widget\" data-widget_type=\"heading.default\">\n\t\t\t\t<div class=\"elementor-widget-container\">\n\t\t\t\t\t<h2 class=\"elementor-heading-title elementor-size-default\">Leveringsadresse<\/h2>\t\t\t\t<\/div>\n\t\t\t\t<\/div>\n\t\t\t\t<div class=\"elementor-element elementor-element-0660220 elementor-widget elementor-widget-text-editor\" data-id=\"0660220\" data-element_type=\"widget\" data-e-type=\"widget\" data-widget_type=\"text-editor.default\">\n\t\t\t\t<div class=\"elementor-widget-container\">\n\t\t\t\t\t\t\t\t\t<p><em>Ebikespareparts<\/em><br \/>Jaakonkatu 39, 68600 Pietarsaari<br \/><a href=\"mailto:info@ebikespareparts.fi\">info@ebikespareparts.fi<\/a> <br \/><a href=\"tel:+358449019737\">+358 44 9019 737<\/a><\/p>\t\t\t\t\t\t\t\t<\/div>\n\t\t\t\t<\/div>\n\t\t\t\t<div class=\"elementor-element elementor-element-d2582a5 elementor-widget__width-initial elementor-widget elementor-widget-text-editor\" data-id=\"d2582a5\" data-element_type=\"widget\" data-e-type=\"widget\" data-widget_type=\"text-editor.default\">\n\t\t\t\t<div class=\"elementor-widget-container\">\n\t\t\t\t\t\t\t\t\t<p>N\u00e5r motoren ankommer, kontakter vi dig og begynder at servicere den s\u00e5 hurtigt som muligt.<\/p>\t\t\t\t\t\t\t\t<\/div>\n\t\t\t\t<\/div>\n\t\t\t\t<\/div>\n\t\t\t\t<\/div>\n\t\t<div class=\"elementor-element elementor-element-830910a e-con-full e-flex e-con e-child\" data-id=\"830910a\" data-element_type=\"container\" data-e-type=\"container\" data-settings=\"{&quot;background_background&quot;:&quot;classic&quot;}\">\n\t\t\t\t<div class=\"elementor-element elementor-element-c265492 elementor-widget__width-initial elementor-widget elementor-widget-heading\" data-id=\"c265492\" data-element_type=\"widget\" data-e-type=\"widget\" data-widget_type=\"heading.default\">\n\t\t\t\t<div class=\"elementor-widget-container\">\n\t\t\t\t\t<span class=\"elementor-heading-title elementor-size-default\">3<\/span>\t\t\t\t<\/div>\n\t\t\t\t<\/div>\n\t\t\t\t<div class=\"elementor-element elementor-element-40d7ba0 elementor-widget elementor-widget-heading\" data-id=\"40d7ba0\" data-element_type=\"widget\" data-e-type=\"widget\" data-widget_type=\"heading.default\">\n\t\t\t\t<div class=\"elementor-widget-container\">\n\t\t\t\t\t<h4 class=\"elementor-heading-title elementor-size-default\">Indtast returkoden 685783<\/h4>\t\t\t\t<\/div>\n\t\t\t\t<\/div>\n\t\t\t\t<div class=\"elementor-element elementor-element-b671866 elementor-widget elementor-widget-text-editor\" data-id=\"b671866\" data-element_type=\"widget\" data-e-type=\"widget\" data-widget_type=\"text-editor.default\">\n\t\t\t\t<div class=\"elementor-widget-container\">\n\t\t\t\t\t\t\t\t\t<p>Dette d\u00e6kker forsendelsesomkostningerne, og du skal ikke betale for forsendelsen.<\/p>\t\t\t\t\t\t\t\t<\/div>\n\t\t\t\t<\/div>\n\t\t\t\t<\/div>\n\t\t<div class=\"elementor-element elementor-element-17cf45c e-con-full e-flex e-con e-child\" data-id=\"17cf45c\" data-element_type=\"container\" data-e-type=\"container\" data-settings=\"{&quot;background_background&quot;:&quot;classic&quot;}\">\n\t\t\t\t<div class=\"elementor-element elementor-element-1110d16 elementor-widget__width-initial elementor-widget elementor-widget-heading\" data-id=\"1110d16\" data-element_type=\"widget\" data-e-type=\"widget\" data-widget_type=\"heading.default\">\n\t\t\t\t<div class=\"elementor-widget-container\">\n\t\t\t\t\t<span class=\"elementor-heading-title elementor-size-default\">4<\/span>\t\t\t\t<\/div>\n\t\t\t\t<\/div>\n\t\t\t\t<div class=\"elementor-element elementor-element-97f7bf2 elementor-widget elementor-widget-heading\" data-id=\"97f7bf2\" data-element_type=\"widget\" data-e-type=\"widget\" data-widget_type=\"heading.default\">\n\t\t\t\t<div class=\"elementor-widget-container\">\n\t\t\t\t\t<h4 class=\"elementor-heading-title elementor-size-default\">Tag kvitteringen og send os et billede af den via e-mail til<\/h4>\t\t\t\t<\/div>\n\t\t\t\t<\/div>\n\t\t\t\t<div class=\"elementor-element elementor-element-2ff6355 elementor-widget elementor-widget-text-editor\" data-id=\"2ff6355\" data-element_type=\"widget\" data-e-type=\"widget\" data-widget_type=\"text-editor.default\">\n\t\t\t\t<div class=\"elementor-widget-container\">\n\t\t\t\t\t\t\t\t\t<p><a href=\"mailto:info@ebikespareparts.fi\">info@ebikespareparts.fi<\/a><\/p>\t\t\t\t\t\t\t\t<\/div>\n\t\t\t\t<\/div>\n\t\t\t\t<\/div>\n\t\t\t\t<\/div>\n\t\t\t\t<\/div>\n\t\t\t\t<\/div>","protected":false},"excerpt":{"rendered":"<p>N\u00e4in se toimii 1 Pakkaa moottori huolellisesti. K\u00e4yt\u00e4 pehmusteita, jotta moottori ei vahingoitu kuljetuksessa. 2 Vie paketti Postin toimipisteeseen Esimerkiksi Citymarketin palvelupisteelle Toimitusosoite EbikesparepartsJaakonkatu 39, 68600 Pietarsaariinfo@ebikespareparts.fi +358 44 9019 737 Kun moottori saapuu meille, otamme sinuun yhteytt\u00e4 ja aloitamme huollon mahdollisimman nopeasti. 3 Anna palautustunnus 685783 T\u00e4m\u00e4 kattaa toimituskulut, eik\u00e4 sinun tarvitse maksaa l\u00e4hetyksest\u00e4. <a href=\"https:\/\/ebikespareparts.fi\/da\/huolto\/toimitusohjeet-ja-videot\/\" class=\"more-link\">&#8230;<span class=\"screen-reader-text\">  Leveringsinstruktioner og videoer<\/span><\/a><\/p>","protected":false},"author":1,"featured_media":0,"parent":45453,"menu_order":0,"comment_status":"closed","ping_status":"closed","template":"","meta":{"_acf_changed":false,"footnotes":""},"class_list":["post-48453","page","type-page","status-publish","hentry"],"acf":[],"yoast_head":"<!-- This site is optimized with the Yoast SEO plugin v27.4 - https:\/\/yoast.com\/product\/yoast-seo-wordpress\/ -->\n<title>Toimitusohjeet ja -videot - Ebikespareparts.fi<\/title>\n<meta name=\"robots\" content=\"index, follow, max-snippet:-1, max-image-preview:large, max-video-preview:-1\" \/>\n<link rel=\"canonical\" href=\"https:\/\/ebikespareparts.fi\/da\/huolto\/toimitusohjeet-ja-videot\/\" \/>\n<meta property=\"og:locale\" content=\"da_DK\" \/>\n<meta property=\"og:type\" content=\"article\" \/>\n<meta property=\"og:title\" content=\"Toimitusohjeet ja -videot - Ebikespareparts.fi\" \/>\n<meta property=\"og:description\" content=\"N\u00e4in se toimii 1 Pakkaa moottori huolellisesti. K\u00e4yt\u00e4 pehmusteita, jotta moottori ei vahingoitu kuljetuksessa. 2 Vie paketti Postin toimipisteeseen Esimerkiksi Citymarketin palvelupisteelle Toimitusosoite EbikesparepartsJaakonkatu 39, 68600 Pietarsaariinfo@ebikespareparts.fi +358 44 9019 737 Kun moottori saapuu meille, otamme sinuun yhteytt\u00e4 ja aloitamme huollon mahdollisimman nopeasti. 3 Anna palautustunnus 685783 T\u00e4m\u00e4 kattaa toimituskulut, eik\u00e4 sinun tarvitse maksaa l\u00e4hetyksest\u00e4. ... Toimitusohjeet ja -videot\" \/>\n<meta property=\"og:url\" content=\"https:\/\/ebikespareparts.fi\/da\/huolto\/toimitusohjeet-ja-videot\/\" \/>\n<meta property=\"og:site_name\" content=\"Ebikespareparts.fi\" \/>\n<meta property=\"article:publisher\" content=\"https:\/\/www.facebook.com\/smhj.fi\" \/>\n<meta property=\"article:modified_time\" content=\"2025-08-26T10:07:16+00:00\" \/>\n<meta name=\"twitter:card\" content=\"summary_large_image\" \/>\n<meta name=\"twitter:label1\" content=\"Estimeret l\u00e6setid\" \/>\n\t<meta name=\"twitter:data1\" content=\"1 minut\" \/>\n<script type=\"application\/ld+json\" class=\"yoast-schema-graph\">{\"@context\":\"https:\\\/\\\/schema.org\",\"@graph\":[{\"@type\":\"WebPage\",\"@id\":\"https:\\\/\\\/ebikespareparts.fi\\\/huolto\\\/toimitusohjeet-ja-videot\\\/\",\"url\":\"https:\\\/\\\/ebikespareparts.fi\\\/huolto\\\/toimitusohjeet-ja-videot\\\/\",\"name\":\"Toimitusohjeet ja -videot - Ebikespareparts.fi\",\"isPartOf\":{\"@id\":\"https:\\\/\\\/ebikespareparts.fi\\\/#website\"},\"datePublished\":\"2025-08-26T10:03:22+00:00\",\"dateModified\":\"2025-08-26T10:07:16+00:00\",\"breadcrumb\":{\"@id\":\"https:\\\/\\\/ebikespareparts.fi\\\/huolto\\\/toimitusohjeet-ja-videot\\\/#breadcrumb\"},\"inLanguage\":\"da-DK\",\"potentialAction\":[{\"@type\":\"ReadAction\",\"target\":[\"https:\\\/\\\/ebikespareparts.fi\\\/huolto\\\/toimitusohjeet-ja-videot\\\/\"]}]},{\"@type\":\"BreadcrumbList\",\"@id\":\"https:\\\/\\\/ebikespareparts.fi\\\/huolto\\\/toimitusohjeet-ja-videot\\\/#breadcrumb\",\"itemListElement\":[{\"@type\":\"ListItem\",\"position\":1,\"name\":\"Etusivu\",\"item\":\"https:\\\/\\\/ebikespareparts.fi\\\/\"},{\"@type\":\"ListItem\",\"position\":2,\"name\":\"Huolto\",\"item\":\"https:\\\/\\\/ebikespareparts.fi\\\/huolto\\\/\"},{\"@type\":\"ListItem\",\"position\":3,\"name\":\"Toimitusohjeet ja -videot\"}]},{\"@type\":\"WebSite\",\"@id\":\"https:\\\/\\\/ebikespareparts.fi\\\/#website\",\"url\":\"https:\\\/\\\/ebikespareparts.fi\\\/\",\"name\":\"Ebikespareparts.fi\",\"description\":\"S\u00e4hk\u00f6py\u00f6r\u00e4n osat - E-bike osat - Huolto\",\"publisher\":{\"@id\":\"https:\\\/\\\/ebikespareparts.fi\\\/#organization\"},\"potentialAction\":[{\"@type\":\"SearchAction\",\"target\":{\"@type\":\"EntryPoint\",\"urlTemplate\":\"https:\\\/\\\/ebikespareparts.fi\\\/?s={search_term_string}\"},\"query-input\":{\"@type\":\"PropertyValueSpecification\",\"valueRequired\":true,\"valueName\":\"search_term_string\"}}],\"inLanguage\":\"da-DK\"},{\"@type\":\"Organization\",\"@id\":\"https:\\\/\\\/ebikespareparts.fi\\\/#organization\",\"name\":\"Ebikespareparts.fi\",\"url\":\"https:\\\/\\\/ebikespareparts.fi\\\/\",\"logo\":{\"@type\":\"ImageObject\",\"inLanguage\":\"da-DK\",\"@id\":\"https:\\\/\\\/ebikespareparts.fi\\\/#\\\/schema\\\/logo\\\/image\\\/\",\"url\":\"https:\\\/\\\/ebikespareparts.fi\\\/wp-content\\\/uploads\\\/2024\\\/05\\\/logo-musta-tausta.jpg\",\"contentUrl\":\"https:\\\/\\\/ebikespareparts.fi\\\/wp-content\\\/uploads\\\/2024\\\/05\\\/logo-musta-tausta.jpg\",\"width\":1013,\"height\":950,\"caption\":\"Ebikespareparts.fi\"},\"image\":{\"@id\":\"https:\\\/\\\/ebikespareparts.fi\\\/#\\\/schema\\\/logo\\\/image\\\/\"},\"sameAs\":[\"https:\\\/\\\/www.facebook.com\\\/smhj.fi\"]}]}<\/script>\n<!-- \/ Yoast SEO plugin. -->","yoast_head_json":{"title":"Toimitusohjeet ja -videot - Ebikespareparts.fi","robots":{"index":"index","follow":"follow","max-snippet":"max-snippet:-1","max-image-preview":"max-image-preview:large","max-video-preview":"max-video-preview:-1"},"canonical":"https:\/\/ebikespareparts.fi\/da\/huolto\/toimitusohjeet-ja-videot\/","og_locale":"da_DK","og_type":"article","og_title":"Toimitusohjeet ja -videot - Ebikespareparts.fi","og_description":"N\u00e4in se toimii 1 Pakkaa moottori huolellisesti. K\u00e4yt\u00e4 pehmusteita, jotta moottori ei vahingoitu kuljetuksessa. 2 Vie paketti Postin toimipisteeseen Esimerkiksi Citymarketin palvelupisteelle Toimitusosoite EbikesparepartsJaakonkatu 39, 68600 Pietarsaariinfo@ebikespareparts.fi +358 44 9019 737 Kun moottori saapuu meille, otamme sinuun yhteytt\u00e4 ja aloitamme huollon mahdollisimman nopeasti. 3 Anna palautustunnus 685783 T\u00e4m\u00e4 kattaa toimituskulut, eik\u00e4 sinun tarvitse maksaa l\u00e4hetyksest\u00e4. ... Toimitusohjeet ja -videot","og_url":"https:\/\/ebikespareparts.fi\/da\/huolto\/toimitusohjeet-ja-videot\/","og_site_name":"Ebikespareparts.fi","article_publisher":"https:\/\/www.facebook.com\/smhj.fi","article_modified_time":"2025-08-26T10:07:16+00:00","twitter_card":"summary_large_image","twitter_misc":{"Estimeret l\u00e6setid":"1 minut"},"schema":{"@context":"https:\/\/schema.org","@graph":[{"@type":"WebPage","@id":"https:\/\/ebikespareparts.fi\/huolto\/toimitusohjeet-ja-videot\/","url":"https:\/\/ebikespareparts.fi\/huolto\/toimitusohjeet-ja-videot\/","name":"Toimitusohjeet ja -videot - Ebikespareparts.fi","isPartOf":{"@id":"https:\/\/ebikespareparts.fi\/#website"},"datePublished":"2025-08-26T10:03:22+00:00","dateModified":"2025-08-26T10:07:16+00:00","breadcrumb":{"@id":"https:\/\/ebikespareparts.fi\/huolto\/toimitusohjeet-ja-videot\/#breadcrumb"},"inLanguage":"da-DK","potentialAction":[{"@type":"ReadAction","target":["https:\/\/ebikespareparts.fi\/huolto\/toimitusohjeet-ja-videot\/"]}]},{"@type":"BreadcrumbList","@id":"https:\/\/ebikespareparts.fi\/huolto\/toimitusohjeet-ja-videot\/#breadcrumb","itemListElement":[{"@type":"ListItem","position":1,"name":"Etusivu","item":"https:\/\/ebikespareparts.fi\/"},{"@type":"ListItem","position":2,"name":"Huolto","item":"https:\/\/ebikespareparts.fi\/huolto\/"},{"@type":"ListItem","position":3,"name":"Toimitusohjeet ja -videot"}]},{"@type":"WebSite","@id":"https:\/\/ebikespareparts.fi\/#website","url":"https:\/\/ebikespareparts.fi\/","name":"Ebikespareparts.fi","description":"S\u00e4hk\u00f6py\u00f6r\u00e4n osat - E-bike osat - Huolto","publisher":{"@id":"https:\/\/ebikespareparts.fi\/#organization"},"potentialAction":[{"@type":"SearchAction","target":{"@type":"EntryPoint","urlTemplate":"https:\/\/ebikespareparts.fi\/?s={search_term_string}"},"query-input":{"@type":"PropertyValueSpecification","valueRequired":true,"valueName":"search_term_string"}}],"inLanguage":"da-DK"},{"@type":"Organization","@id":"https:\/\/ebikespareparts.fi\/#organization","name":"Ebikespareparts.fi","url":"https:\/\/ebikespareparts.fi\/","logo":{"@type":"ImageObject","inLanguage":"da-DK","@id":"https:\/\/ebikespareparts.fi\/#\/schema\/logo\/image\/","url":"https:\/\/ebikespareparts.fi\/wp-content\/uploads\/2024\/05\/logo-musta-tausta.jpg","contentUrl":"https:\/\/ebikespareparts.fi\/wp-content\/uploads\/2024\/05\/logo-musta-tausta.jpg","width":1013,"height":950,"caption":"Ebikespareparts.fi"},"image":{"@id":"https:\/\/ebikespareparts.fi\/#\/schema\/logo\/image\/"},"sameAs":["https:\/\/www.facebook.com\/smhj.fi"]}]}},"_links":{"self":[{"href":"https:\/\/ebikespareparts.fi\/da\/wp-json\/wp\/v2\/pages\/48453","targetHints":{"allow":["GET"]}}],"collection":[{"href":"https:\/\/ebikespareparts.fi\/da\/wp-json\/wp\/v2\/pages"}],"about":[{"href":"https:\/\/ebikespareparts.fi\/da\/wp-json\/wp\/v2\/types\/page"}],"author":[{"embeddable":true,"href":"https:\/\/ebikespareparts.fi\/da\/wp-json\/wp\/v2\/users\/1"}],"replies":[{"embeddable":true,"href":"https:\/\/ebikespareparts.fi\/da\/wp-json\/wp\/v2\/comments?post=48453"}],"version-history":[{"count":0,"href":"https:\/\/ebikespareparts.fi\/da\/wp-json\/wp\/v2\/pages\/48453\/revisions"}],"up":[{"embeddable":true,"href":"https:\/\/ebikespareparts.fi\/da\/wp-json\/wp\/v2\/pages\/45453"}],"wp:attachment":[{"href":"https:\/\/ebikespareparts.fi\/da\/wp-json\/wp\/v2\/media?parent=48453"}],"curies":[{"name":"wp","href":"https:\/\/api.w.org\/{rel}","templated":true}]}}