{"id":103,"date":"2023-10-03T15:16:41","date_gmt":"2023-10-03T12:16:41","guid":{"rendered":"https:\/\/ebikespareparts.fi\/?post_type=product&#038;p=103"},"modified":"2026-03-10T15:27:25","modified_gmt":"2026-03-10T13:27:25","slug":"bosch-gen-2-moottorin-huoltokorjaus-sarja","status":"publish","type":"product","link":"https:\/\/ebikespareparts.fi\/da\/vare\/bosch-gen-2-moottorin-huoltokorjaus-sarja\/","title":{"rendered":"PLB00703 Bosch Gen 2 motor service reparationss\u00e6t +."},"content":{"rendered":"<h4 dir=\"ltr\" data-placeholder=\"K\u00e4\u00e4nn\u00f6s\">PLB00703 Bosch Gen 2 motor service reparationss\u00e6t +.<\/h4>\n<h5>N\u00e5r du vil g\u00f8re arbejdet let, er dette s\u00e6t fantastisk - du beh\u00f8ver ikke andre dele, og du f\u00e5r den rigtige motortransmission.<\/h5>\n<p>S\u00e6ttet indeholder det originale Bosch service-\/reparationss\u00e6t, hvor t\u00e6ppepakningerne er fjernet*, og alle de dele, der skal bruges til resten af motoren, er tilf\u00f8jet. Venstre krumtapakselleje, frihjulsn\u00e5leleje, begge gearkasselejer, O-ring til venstre krumtapaksel og O-ring til tandhjulsposition, alle 10 nye l\u00e5seringe, 2 trykplader, placeret p\u00e5 hver side af krumtapakslens drivhjul, h\u00f8jre krumtapakselt\u00e6tning (denne erstatter Bosch-filtpakningerne og er 100 % vandt\u00e6t) og et komplet s\u00e6t nye d\u00e6mpningsmembraner til montering mellem motor og ramme.<\/p>\n<p>Det er kendt, at mange af de motorer, der er blevet serviceret, har f\u00e5et vandskader, som nu er blevet tilf\u00f8jet andre lejer i drivenheden, som ikke blev udskiftet, da Bosch-servicekittet blev installeret. Disse lejer og komponenter er nu blevet tilf\u00f8jet til s\u00e6ttet, s\u00e5 du ogs\u00e5 kan servicere venstre side af motoren. Det sikrer, at du har alt, hvad du skal bruge for at g\u00f8re arbejdet rigtigt.<\/p>\n<p>Du kan ogs\u00e5 overveje Mega Kit PLB00704, som indeholder alt, hvad du skal bruge til at efterse din motor for at mindske risikoen for en gentagelse. Selv specialv\u00e6rkt\u00f8j er inkluderet. S\u00e6ttet indeholder ikke h\u00e5ndv\u00e6rkt\u00f8j eller INSTRUKTIONER!<\/p>\n<p>* Rektor anbefaler, at der ikke monteres filtt\u00e6tninger, fordi de skaber un\u00f8dvendige problemer under v\u00e5de eller st\u00f8vede forhold ved at absorbere fugt og snavs.<\/p>\n<p><img fetchpriority=\"high\" decoding=\"async\" class=\"alignnone size-full wp-image-998\" src=\"https:\/\/www.performancelinebearings.com\/wp-content\/uploads\/2019\/02\/IMG_1392-e1551354934821.jpg\" alt=\"\" width=\"1000\" height=\"750\" \/><\/p>\n<p>Bosch Generation 2-motor BDU2xx (BEM\u00c6RK: Lille klinge)<\/p>\n<p><img decoding=\"async\" class=\"alignnone wp-image-8226\" src=\"https:\/\/www.performancelinebearings.com\/wp-content\/uploads\/2019\/09\/Bosch-Gen-2--300x200.jpg\" alt=\"\" width=\"200\" height=\"133\" \/><\/p>","protected":false},"excerpt":{"rendered":"<p>PLB00703 Bosch Gen 2 moottorin huoltokorjaus sarja + Kun haluat tehd\u00e4 ty\u00f6n helpoksi on t\u00e4m\u00e4 sarja loistava et tarvitse muita osia ja saat moottorin voimansiirron kuntoon. Sarja sis\u00e4lt\u00e4\u00e4 alkuper\u00e4isen Boschin huolto-\/korjaussarjan, siit\u00e4 on poistettu huopatiivisteet* ja lis\u00e4tty kaikki muuhun moottoriin tarvittavat osat. Vasen kampiakselin laakeri, vapaapy\u00f6r\u00e4n neularullalaakeri, molemmat vaihteiston laakerit, vasemman kampiakselin O-rengas ja ketjupy\u00f6r\u00e4n <a href=\"https:\/\/ebikespareparts.fi\/da\/vare\/bosch-gen-2-moottorin-huoltokorjaus-sarja\/\" class=\"more-link\">&#8230;<span class=\"screen-reader-text\">  PLB00703 Bosch Gen 2 motor service reparationss\u00e6t +.<\/span><\/a><\/p>","protected":false},"featured_media":47414,"comment_status":"closed","ping_status":"closed","template":"","meta":{"_acf_changed":false},"product_brand":[],"product_cat":[18,19],"product_tag":[],"class_list":{"0":"post-103","1":"product","2":"type-product","3":"status-publish","4":"has-post-thumbnail","6":"product_cat-bosch-gen-2","7":"product_cat-bosch-laakerit","8":"product_shipping_class-grease","10":"first","11":"outofstock","12":"taxable","13":"shipping-taxable","14":"purchasable","15":"product-type-simple"},"acf":[],"yoast_head":"<!-- This site is optimized with the Yoast SEO plugin v27.5 - https:\/\/yoast.com\/product\/yoast-seo-wordpress\/ -->\n<title>PLB00703 Bosch Gen 2 moottorin huoltokorjaus sarja + - Ebikespareparts.fi<\/title>\n<meta name=\"description\" content=\"Bosch Gen 2 moottorin huoltokorjaus sarja +\" \/>\n<meta name=\"robots\" content=\"index, follow, max-snippet:-1, max-image-preview:large, max-video-preview:-1\" \/>\n<link rel=\"canonical\" href=\"https:\/\/ebikespareparts.fi\/da\/vare\/bosch-gen-2-moottorin-huoltokorjaus-sarja\/\" \/>\n<meta property=\"og:locale\" content=\"da_DK\" \/>\n<meta property=\"og:type\" content=\"article\" \/>\n<meta property=\"og:title\" content=\"PLB00703 Bosch Gen 2 moottorin huoltokorjaus sarja + - Ebikespareparts.fi\" \/>\n<meta property=\"og:description\" content=\"Bosch Gen 2 moottorin huoltokorjaus sarja +\" \/>\n<meta property=\"og:url\" content=\"https:\/\/ebikespareparts.fi\/da\/vare\/bosch-gen-2-moottorin-huoltokorjaus-sarja\/\" \/>\n<meta property=\"og:site_name\" content=\"Ebikespareparts.fi\" \/>\n<meta property=\"article:publisher\" content=\"https:\/\/www.facebook.com\/smhj.fi\" \/>\n<meta property=\"article:modified_time\" content=\"2026-03-10T13:27:25+00:00\" \/>\n<meta property=\"og:image\" content=\"https:\/\/ebikespareparts.fi\/wp-content\/uploads\/2025\/03\/qarP0o7IpmQ3FyxbRcIvVVd4BegGzOERtPDr29tWSebvYQyXae.jpg\" \/>\n\t<meta property=\"og:image:width\" content=\"1000\" \/>\n\t<meta property=\"og:image:height\" content=\"750\" \/>\n\t<meta property=\"og:image:type\" content=\"image\/jpeg\" \/>\n<meta name=\"twitter:card\" content=\"summary_large_image\" \/>\n<meta name=\"twitter:label1\" content=\"Estimeret l\u00e6setid\" \/>\n\t<meta name=\"twitter:data1\" content=\"2 minutter\" \/>\n<script type=\"application\/ld+json\" class=\"yoast-schema-graph\">{\"@context\":\"https:\\\/\\\/schema.org\",\"@graph\":[{\"@type\":\"WebPage\",\"@id\":\"https:\\\/\\\/ebikespareparts.fi\\\/tuote\\\/bosch-gen-2-moottorin-huoltokorjaus-sarja\\\/\",\"url\":\"https:\\\/\\\/ebikespareparts.fi\\\/tuote\\\/bosch-gen-2-moottorin-huoltokorjaus-sarja\\\/\",\"name\":\"PLB00703 Bosch Gen 2 moottorin huoltokorjaus sarja + - Ebikespareparts.fi\",\"isPartOf\":{\"@id\":\"https:\\\/\\\/ebikespareparts.fi\\\/#website\"},\"primaryImageOfPage\":{\"@id\":\"https:\\\/\\\/ebikespareparts.fi\\\/tuote\\\/bosch-gen-2-moottorin-huoltokorjaus-sarja\\\/#primaryimage\"},\"image\":{\"@id\":\"https:\\\/\\\/ebikespareparts.fi\\\/tuote\\\/bosch-gen-2-moottorin-huoltokorjaus-sarja\\\/#primaryimage\"},\"thumbnailUrl\":\"https:\\\/\\\/ebikespareparts.fi\\\/wp-content\\\/uploads\\\/2025\\\/03\\\/qarP0o7IpmQ3FyxbRcIvVVd4BegGzOERtPDr29tWSebvYQyXae.jpg\",\"datePublished\":\"2023-10-03T12:16:41+00:00\",\"dateModified\":\"2026-03-10T13:27:25+00:00\",\"description\":\"Bosch Gen 2 moottorin huoltokorjaus sarja +\",\"breadcrumb\":{\"@id\":\"https:\\\/\\\/ebikespareparts.fi\\\/tuote\\\/bosch-gen-2-moottorin-huoltokorjaus-sarja\\\/#breadcrumb\"},\"inLanguage\":\"da-DK\",\"potentialAction\":[{\"@type\":\"ReadAction\",\"target\":[\"https:\\\/\\\/ebikespareparts.fi\\\/tuote\\\/bosch-gen-2-moottorin-huoltokorjaus-sarja\\\/\"]}]},{\"@type\":\"ImageObject\",\"inLanguage\":\"da-DK\",\"@id\":\"https:\\\/\\\/ebikespareparts.fi\\\/tuote\\\/bosch-gen-2-moottorin-huoltokorjaus-sarja\\\/#primaryimage\",\"url\":\"https:\\\/\\\/ebikespareparts.fi\\\/wp-content\\\/uploads\\\/2025\\\/03\\\/qarP0o7IpmQ3FyxbRcIvVVd4BegGzOERtPDr29tWSebvYQyXae.jpg\",\"contentUrl\":\"https:\\\/\\\/ebikespareparts.fi\\\/wp-content\\\/uploads\\\/2025\\\/03\\\/qarP0o7IpmQ3FyxbRcIvVVd4BegGzOERtPDr29tWSebvYQyXae.jpg\",\"width\":1000,\"height\":750,\"caption\":\"qarP0o7IpmQ3FyxbRcIvVVd4BegGzOERtPDr29tWSebvYQyXae\"},{\"@type\":\"BreadcrumbList\",\"@id\":\"https:\\\/\\\/ebikespareparts.fi\\\/tuote\\\/bosch-gen-2-moottorin-huoltokorjaus-sarja\\\/#breadcrumb\",\"itemListElement\":[{\"@type\":\"ListItem\",\"position\":1,\"name\":\"Etusivu\",\"item\":\"https:\\\/\\\/ebikespareparts.fi\\\/\"},{\"@type\":\"ListItem\",\"position\":2,\"name\":\"Kauppa\",\"item\":\"https:\\\/\\\/ebikespareparts.fi\\\/kauppa\\\/\"},{\"@type\":\"ListItem\",\"position\":3,\"name\":\"PLB00703 Bosch Gen 2 moottorin huoltokorjaus sarja +\"}]},{\"@type\":\"WebSite\",\"@id\":\"https:\\\/\\\/ebikespareparts.fi\\\/#website\",\"url\":\"https:\\\/\\\/ebikespareparts.fi\\\/\",\"name\":\"Ebikespareparts.fi\",\"description\":\"S\u00e4hk\u00f6py\u00f6r\u00e4n osat - E-bike osat - Huolto\",\"publisher\":{\"@id\":\"https:\\\/\\\/ebikespareparts.fi\\\/#organization\"},\"potentialAction\":[{\"@type\":\"SearchAction\",\"target\":{\"@type\":\"EntryPoint\",\"urlTemplate\":\"https:\\\/\\\/ebikespareparts.fi\\\/?s={search_term_string}\"},\"query-input\":{\"@type\":\"PropertyValueSpecification\",\"valueRequired\":true,\"valueName\":\"search_term_string\"}}],\"inLanguage\":\"da-DK\"},{\"@type\":\"Organization\",\"@id\":\"https:\\\/\\\/ebikespareparts.fi\\\/#organization\",\"name\":\"Ebikespareparts.fi\",\"url\":\"https:\\\/\\\/ebikespareparts.fi\\\/\",\"logo\":{\"@type\":\"ImageObject\",\"inLanguage\":\"da-DK\",\"@id\":\"https:\\\/\\\/ebikespareparts.fi\\\/#\\\/schema\\\/logo\\\/image\\\/\",\"url\":\"https:\\\/\\\/ebikespareparts.fi\\\/wp-content\\\/uploads\\\/2024\\\/05\\\/logo-musta-tausta.jpg\",\"contentUrl\":\"https:\\\/\\\/ebikespareparts.fi\\\/wp-content\\\/uploads\\\/2024\\\/05\\\/logo-musta-tausta.jpg\",\"width\":1013,\"height\":950,\"caption\":\"Ebikespareparts.fi\"},\"image\":{\"@id\":\"https:\\\/\\\/ebikespareparts.fi\\\/#\\\/schema\\\/logo\\\/image\\\/\"},\"sameAs\":[\"https:\\\/\\\/www.facebook.com\\\/smhj.fi\"]}]}<\/script>\n<!-- \/ Yoast SEO plugin. -->","yoast_head_json":{"title":"PLB00703 Bosch Gen 2 moottorin huoltokorjaus sarja + - Ebikespareparts.fi","description":"Bosch Gen 2 moottorin huoltokorjaus sarja +","robots":{"index":"index","follow":"follow","max-snippet":"max-snippet:-1","max-image-preview":"max-image-preview:large","max-video-preview":"max-video-preview:-1"},"canonical":"https:\/\/ebikespareparts.fi\/da\/vare\/bosch-gen-2-moottorin-huoltokorjaus-sarja\/","og_locale":"da_DK","og_type":"article","og_title":"PLB00703 Bosch Gen 2 moottorin huoltokorjaus sarja + - Ebikespareparts.fi","og_description":"Bosch Gen 2 moottorin huoltokorjaus sarja +","og_url":"https:\/\/ebikespareparts.fi\/da\/vare\/bosch-gen-2-moottorin-huoltokorjaus-sarja\/","og_site_name":"Ebikespareparts.fi","article_publisher":"https:\/\/www.facebook.com\/smhj.fi","article_modified_time":"2026-03-10T13:27:25+00:00","og_image":[{"width":1000,"height":750,"url":"https:\/\/ebikespareparts.fi\/wp-content\/uploads\/2025\/03\/qarP0o7IpmQ3FyxbRcIvVVd4BegGzOERtPDr29tWSebvYQyXae.jpg","type":"image\/jpeg"}],"twitter_card":"summary_large_image","twitter_misc":{"Estimeret l\u00e6setid":"2 minutter"},"schema":{"@context":"https:\/\/schema.org","@graph":[{"@type":"WebPage","@id":"https:\/\/ebikespareparts.fi\/tuote\/bosch-gen-2-moottorin-huoltokorjaus-sarja\/","url":"https:\/\/ebikespareparts.fi\/tuote\/bosch-gen-2-moottorin-huoltokorjaus-sarja\/","name":"PLB00703 Bosch Gen 2 moottorin huoltokorjaus sarja + - Ebikespareparts.fi","isPartOf":{"@id":"https:\/\/ebikespareparts.fi\/#website"},"primaryImageOfPage":{"@id":"https:\/\/ebikespareparts.fi\/tuote\/bosch-gen-2-moottorin-huoltokorjaus-sarja\/#primaryimage"},"image":{"@id":"https:\/\/ebikespareparts.fi\/tuote\/bosch-gen-2-moottorin-huoltokorjaus-sarja\/#primaryimage"},"thumbnailUrl":"https:\/\/ebikespareparts.fi\/wp-content\/uploads\/2025\/03\/qarP0o7IpmQ3FyxbRcIvVVd4BegGzOERtPDr29tWSebvYQyXae.jpg","datePublished":"2023-10-03T12:16:41+00:00","dateModified":"2026-03-10T13:27:25+00:00","description":"Bosch Gen 2 moottorin huoltokorjaus sarja +","breadcrumb":{"@id":"https:\/\/ebikespareparts.fi\/tuote\/bosch-gen-2-moottorin-huoltokorjaus-sarja\/#breadcrumb"},"inLanguage":"da-DK","potentialAction":[{"@type":"ReadAction","target":["https:\/\/ebikespareparts.fi\/tuote\/bosch-gen-2-moottorin-huoltokorjaus-sarja\/"]}]},{"@type":"ImageObject","inLanguage":"da-DK","@id":"https:\/\/ebikespareparts.fi\/tuote\/bosch-gen-2-moottorin-huoltokorjaus-sarja\/#primaryimage","url":"https:\/\/ebikespareparts.fi\/wp-content\/uploads\/2025\/03\/qarP0o7IpmQ3FyxbRcIvVVd4BegGzOERtPDr29tWSebvYQyXae.jpg","contentUrl":"https:\/\/ebikespareparts.fi\/wp-content\/uploads\/2025\/03\/qarP0o7IpmQ3FyxbRcIvVVd4BegGzOERtPDr29tWSebvYQyXae.jpg","width":1000,"height":750,"caption":"qarP0o7IpmQ3FyxbRcIvVVd4BegGzOERtPDr29tWSebvYQyXae"},{"@type":"BreadcrumbList","@id":"https:\/\/ebikespareparts.fi\/tuote\/bosch-gen-2-moottorin-huoltokorjaus-sarja\/#breadcrumb","itemListElement":[{"@type":"ListItem","position":1,"name":"Etusivu","item":"https:\/\/ebikespareparts.fi\/"},{"@type":"ListItem","position":2,"name":"Kauppa","item":"https:\/\/ebikespareparts.fi\/kauppa\/"},{"@type":"ListItem","position":3,"name":"PLB00703 Bosch Gen 2 moottorin huoltokorjaus sarja +"}]},{"@type":"WebSite","@id":"https:\/\/ebikespareparts.fi\/#website","url":"https:\/\/ebikespareparts.fi\/","name":"Ebikespareparts.fi","description":"S\u00e4hk\u00f6py\u00f6r\u00e4n osat - E-bike osat - Huolto","publisher":{"@id":"https:\/\/ebikespareparts.fi\/#organization"},"potentialAction":[{"@type":"SearchAction","target":{"@type":"EntryPoint","urlTemplate":"https:\/\/ebikespareparts.fi\/?s={search_term_string}"},"query-input":{"@type":"PropertyValueSpecification","valueRequired":true,"valueName":"search_term_string"}}],"inLanguage":"da-DK"},{"@type":"Organization","@id":"https:\/\/ebikespareparts.fi\/#organization","name":"Ebikespareparts.fi","url":"https:\/\/ebikespareparts.fi\/","logo":{"@type":"ImageObject","inLanguage":"da-DK","@id":"https:\/\/ebikespareparts.fi\/#\/schema\/logo\/image\/","url":"https:\/\/ebikespareparts.fi\/wp-content\/uploads\/2024\/05\/logo-musta-tausta.jpg","contentUrl":"https:\/\/ebikespareparts.fi\/wp-content\/uploads\/2024\/05\/logo-musta-tausta.jpg","width":1013,"height":950,"caption":"Ebikespareparts.fi"},"image":{"@id":"https:\/\/ebikespareparts.fi\/#\/schema\/logo\/image\/"},"sameAs":["https:\/\/www.facebook.com\/smhj.fi"]}]}},"_links":{"self":[{"href":"https:\/\/ebikespareparts.fi\/da\/wp-json\/wp\/v2\/product\/103","targetHints":{"allow":["GET"]}}],"collection":[{"href":"https:\/\/ebikespareparts.fi\/da\/wp-json\/wp\/v2\/product"}],"about":[{"href":"https:\/\/ebikespareparts.fi\/da\/wp-json\/wp\/v2\/types\/product"}],"replies":[{"embeddable":true,"href":"https:\/\/ebikespareparts.fi\/da\/wp-json\/wp\/v2\/comments?post=103"}],"version-history":[{"count":1,"href":"https:\/\/ebikespareparts.fi\/da\/wp-json\/wp\/v2\/product\/103\/revisions"}],"predecessor-version":[{"id":49166,"href":"https:\/\/ebikespareparts.fi\/da\/wp-json\/wp\/v2\/product\/103\/revisions\/49166"}],"wp:featuredmedia":[{"embeddable":true,"href":"https:\/\/ebikespareparts.fi\/da\/wp-json\/wp\/v2\/media\/47414"}],"wp:attachment":[{"href":"https:\/\/ebikespareparts.fi\/da\/wp-json\/wp\/v2\/media?parent=103"}],"wp:term":[{"taxonomy":"product_brand","embeddable":true,"href":"https:\/\/ebikespareparts.fi\/da\/wp-json\/wp\/v2\/product_brand?post=103"},{"taxonomy":"product_cat","embeddable":true,"href":"https:\/\/ebikespareparts.fi\/da\/wp-json\/wp\/v2\/product_cat?post=103"},{"taxonomy":"product_tag","embeddable":true,"href":"https:\/\/ebikespareparts.fi\/da\/wp-json\/wp\/v2\/product_tag?post=103"}],"curies":[{"name":"wp","href":"https:\/\/api.w.org\/{rel}","templated":true}]}}