{"id":157,"date":"2023-10-03T15:17:02","date_gmt":"2023-10-03T12:17:02","guid":{"rendered":"https:\/\/ebikespareparts.fi\/?post_type=product&#038;p=157"},"modified":"2026-03-10T15:27:35","modified_gmt":"2026-03-10T13:27:35","slug":"kammen-ulosvedin","status":"publish","type":"product","link":"https:\/\/ebikespareparts.fi\/da\/vare\/kammen-ulosvedin\/","title":{"rendered":"PLA00932 Udsugning til skorsten"},"content":{"rendered":"<p id=\"tw-target-text\" class=\"tw-data-text tw-text-large tw-ta\" dir=\"ltr\" data-placeholder=\"K\u00e4\u00e4nn\u00f6s\"><span class=\"Y2IQFc\" lang=\"fi\">Kammerudsugning Bosch, Brose, Impulse, Yamaha. Denne udsugning passer til alle motormodeller.<\/span><\/p>\n<p id=\"tw-target-text\" class=\"tw-data-text tw-text-large tw-ta\" dir=\"ltr\" data-placeholder=\"K\u00e4\u00e4nn\u00f6s\"><span class=\"Y2IQFc\" lang=\"fi\">Den er velegnet til ISIS-tr\u00e6kkamme, firkantede kamme Bosch Gen 3 Octalink. Udtr\u00e6kkerens ende har en adapter til forskellige kamtyper.<\/span><\/p>","protected":false},"excerpt":{"rendered":"<p>Kammen ulosvedin Bosch, Brose, Impulse, Yamaha. T\u00e4m\u00e4 ulosvedin sopii kaikkiin moottori malleihin. Se sopii ISIS-vetokammille, neli\u00f6m\u00e4isille kammille Bosch Gen 3 Octalinkille. Ulosvetimen p\u00e4\u00e4ss\u00e4 on adapteri eri kampi-vaihtoehdoille.<\/p>","protected":false},"featured_media":47427,"comment_status":"closed","ping_status":"closed","template":"","meta":{"_acf_changed":false},"product_brand":[],"product_cat":[46,47,49,39,48],"product_tag":[],"class_list":{"0":"post-157","1":"product","2":"type-product","3":"status-publish","4":"has-post-thumbnail","6":"product_cat-bosch-tyokalut","7":"product_cat-brose-tyokalut","8":"product_cat-impulse-tyokalut","9":"product_cat-tyokalut","10":"product_cat-yamaha-tyokalut","11":"product_shipping_class-grease","13":"first","14":"outofstock","15":"taxable","16":"shipping-taxable","17":"purchasable","18":"product-type-simple"},"acf":[],"yoast_head":"<!-- This site is optimized with the Yoast SEO plugin v27.5 - https:\/\/yoast.com\/product\/yoast-seo-wordpress\/ -->\n<title>PLA00932 Kammen ulosvedin - Ebikespareparts.fi<\/title>\n<meta name=\"robots\" content=\"index, follow, max-snippet:-1, max-image-preview:large, max-video-preview:-1\" \/>\n<link rel=\"canonical\" href=\"https:\/\/ebikespareparts.fi\/da\/vare\/kammen-ulosvedin\/\" \/>\n<meta property=\"og:locale\" content=\"da_DK\" \/>\n<meta property=\"og:type\" content=\"article\" \/>\n<meta property=\"og:title\" content=\"PLA00932 Kammen ulosvedin - Ebikespareparts.fi\" \/>\n<meta property=\"og:description\" content=\"Kammen ulosvedin Bosch, Brose, Impulse, Yamaha. T\u00e4m\u00e4 ulosvedin sopii kaikkiin moottori malleihin. Se sopii ISIS-vetokammille, neli\u00f6m\u00e4isille kammille Bosch Gen 3 Octalinkille. Ulosvetimen p\u00e4\u00e4ss\u00e4 on adapteri eri kampi-vaihtoehdoille.\" \/>\n<meta property=\"og:url\" content=\"https:\/\/ebikespareparts.fi\/da\/vare\/kammen-ulosvedin\/\" \/>\n<meta property=\"og:site_name\" content=\"Ebikespareparts.fi\" \/>\n<meta property=\"article:publisher\" content=\"https:\/\/www.facebook.com\/smhj.fi\" \/>\n<meta property=\"article:modified_time\" content=\"2026-03-10T13:27:35+00:00\" \/>\n<meta property=\"og:image\" content=\"https:\/\/ebikespareparts.fi\/wp-content\/uploads\/2025\/03\/DymB7aMZBuzUDdr1VRcccKrYf8RUsHPnZFrydgymjtISXCr1yL.jpg\" \/>\n\t<meta property=\"og:image:width\" content=\"969\" \/>\n\t<meta property=\"og:image:height\" content=\"638\" \/>\n\t<meta property=\"og:image:type\" content=\"image\/jpeg\" \/>\n<meta name=\"twitter:card\" content=\"summary_large_image\" \/>\n<meta name=\"twitter:label1\" content=\"Estimeret l\u00e6setid\" \/>\n\t<meta name=\"twitter:data1\" content=\"1 minut\" \/>\n<script type=\"application\/ld+json\" class=\"yoast-schema-graph\">{\"@context\":\"https:\\\/\\\/schema.org\",\"@graph\":[{\"@type\":\"WebPage\",\"@id\":\"https:\\\/\\\/ebikespareparts.fi\\\/tuote\\\/kammen-ulosvedin\\\/\",\"url\":\"https:\\\/\\\/ebikespareparts.fi\\\/tuote\\\/kammen-ulosvedin\\\/\",\"name\":\"PLA00932 Kammen ulosvedin - Ebikespareparts.fi\",\"isPartOf\":{\"@id\":\"https:\\\/\\\/ebikespareparts.fi\\\/#website\"},\"primaryImageOfPage\":{\"@id\":\"https:\\\/\\\/ebikespareparts.fi\\\/tuote\\\/kammen-ulosvedin\\\/#primaryimage\"},\"image\":{\"@id\":\"https:\\\/\\\/ebikespareparts.fi\\\/tuote\\\/kammen-ulosvedin\\\/#primaryimage\"},\"thumbnailUrl\":\"https:\\\/\\\/ebikespareparts.fi\\\/wp-content\\\/uploads\\\/2025\\\/03\\\/DymB7aMZBuzUDdr1VRcccKrYf8RUsHPnZFrydgymjtISXCr1yL.jpg\",\"datePublished\":\"2023-10-03T12:17:02+00:00\",\"dateModified\":\"2026-03-10T13:27:35+00:00\",\"breadcrumb\":{\"@id\":\"https:\\\/\\\/ebikespareparts.fi\\\/tuote\\\/kammen-ulosvedin\\\/#breadcrumb\"},\"inLanguage\":\"da-DK\",\"potentialAction\":[{\"@type\":\"ReadAction\",\"target\":[\"https:\\\/\\\/ebikespareparts.fi\\\/tuote\\\/kammen-ulosvedin\\\/\"]}]},{\"@type\":\"ImageObject\",\"inLanguage\":\"da-DK\",\"@id\":\"https:\\\/\\\/ebikespareparts.fi\\\/tuote\\\/kammen-ulosvedin\\\/#primaryimage\",\"url\":\"https:\\\/\\\/ebikespareparts.fi\\\/wp-content\\\/uploads\\\/2025\\\/03\\\/DymB7aMZBuzUDdr1VRcccKrYf8RUsHPnZFrydgymjtISXCr1yL.jpg\",\"contentUrl\":\"https:\\\/\\\/ebikespareparts.fi\\\/wp-content\\\/uploads\\\/2025\\\/03\\\/DymB7aMZBuzUDdr1VRcccKrYf8RUsHPnZFrydgymjtISXCr1yL.jpg\",\"width\":969,\"height\":638,\"caption\":\"DymB7aMZBuzUDdr1VRcccKrYf8RUsHPnZFrydgymjtISXCr1yL\"},{\"@type\":\"BreadcrumbList\",\"@id\":\"https:\\\/\\\/ebikespareparts.fi\\\/tuote\\\/kammen-ulosvedin\\\/#breadcrumb\",\"itemListElement\":[{\"@type\":\"ListItem\",\"position\":1,\"name\":\"Etusivu\",\"item\":\"https:\\\/\\\/ebikespareparts.fi\\\/\"},{\"@type\":\"ListItem\",\"position\":2,\"name\":\"Kauppa\",\"item\":\"https:\\\/\\\/ebikespareparts.fi\\\/kauppa\\\/\"},{\"@type\":\"ListItem\",\"position\":3,\"name\":\"PLA00932 Kammen ulosvedin\"}]},{\"@type\":\"WebSite\",\"@id\":\"https:\\\/\\\/ebikespareparts.fi\\\/#website\",\"url\":\"https:\\\/\\\/ebikespareparts.fi\\\/\",\"name\":\"Ebikespareparts.fi\",\"description\":\"S\u00e4hk\u00f6py\u00f6r\u00e4n osat - E-bike osat - Huolto\",\"publisher\":{\"@id\":\"https:\\\/\\\/ebikespareparts.fi\\\/#organization\"},\"potentialAction\":[{\"@type\":\"SearchAction\",\"target\":{\"@type\":\"EntryPoint\",\"urlTemplate\":\"https:\\\/\\\/ebikespareparts.fi\\\/?s={search_term_string}\"},\"query-input\":{\"@type\":\"PropertyValueSpecification\",\"valueRequired\":true,\"valueName\":\"search_term_string\"}}],\"inLanguage\":\"da-DK\"},{\"@type\":\"Organization\",\"@id\":\"https:\\\/\\\/ebikespareparts.fi\\\/#organization\",\"name\":\"Ebikespareparts.fi\",\"url\":\"https:\\\/\\\/ebikespareparts.fi\\\/\",\"logo\":{\"@type\":\"ImageObject\",\"inLanguage\":\"da-DK\",\"@id\":\"https:\\\/\\\/ebikespareparts.fi\\\/#\\\/schema\\\/logo\\\/image\\\/\",\"url\":\"https:\\\/\\\/ebikespareparts.fi\\\/wp-content\\\/uploads\\\/2024\\\/05\\\/logo-musta-tausta.jpg\",\"contentUrl\":\"https:\\\/\\\/ebikespareparts.fi\\\/wp-content\\\/uploads\\\/2024\\\/05\\\/logo-musta-tausta.jpg\",\"width\":1013,\"height\":950,\"caption\":\"Ebikespareparts.fi\"},\"image\":{\"@id\":\"https:\\\/\\\/ebikespareparts.fi\\\/#\\\/schema\\\/logo\\\/image\\\/\"},\"sameAs\":[\"https:\\\/\\\/www.facebook.com\\\/smhj.fi\"]}]}<\/script>\n<!-- \/ Yoast SEO plugin. -->","yoast_head_json":{"title":"PLA00932 Kammen ulosvedin - Ebikespareparts.fi","robots":{"index":"index","follow":"follow","max-snippet":"max-snippet:-1","max-image-preview":"max-image-preview:large","max-video-preview":"max-video-preview:-1"},"canonical":"https:\/\/ebikespareparts.fi\/da\/vare\/kammen-ulosvedin\/","og_locale":"da_DK","og_type":"article","og_title":"PLA00932 Kammen ulosvedin - Ebikespareparts.fi","og_description":"Kammen ulosvedin Bosch, Brose, Impulse, Yamaha. T\u00e4m\u00e4 ulosvedin sopii kaikkiin moottori malleihin. Se sopii ISIS-vetokammille, neli\u00f6m\u00e4isille kammille Bosch Gen 3 Octalinkille. Ulosvetimen p\u00e4\u00e4ss\u00e4 on adapteri eri kampi-vaihtoehdoille.","og_url":"https:\/\/ebikespareparts.fi\/da\/vare\/kammen-ulosvedin\/","og_site_name":"Ebikespareparts.fi","article_publisher":"https:\/\/www.facebook.com\/smhj.fi","article_modified_time":"2026-03-10T13:27:35+00:00","og_image":[{"width":969,"height":638,"url":"https:\/\/ebikespareparts.fi\/wp-content\/uploads\/2025\/03\/DymB7aMZBuzUDdr1VRcccKrYf8RUsHPnZFrydgymjtISXCr1yL.jpg","type":"image\/jpeg"}],"twitter_card":"summary_large_image","twitter_misc":{"Estimeret l\u00e6setid":"1 minut"},"schema":{"@context":"https:\/\/schema.org","@graph":[{"@type":"WebPage","@id":"https:\/\/ebikespareparts.fi\/tuote\/kammen-ulosvedin\/","url":"https:\/\/ebikespareparts.fi\/tuote\/kammen-ulosvedin\/","name":"PLA00932 Kammen ulosvedin - Ebikespareparts.fi","isPartOf":{"@id":"https:\/\/ebikespareparts.fi\/#website"},"primaryImageOfPage":{"@id":"https:\/\/ebikespareparts.fi\/tuote\/kammen-ulosvedin\/#primaryimage"},"image":{"@id":"https:\/\/ebikespareparts.fi\/tuote\/kammen-ulosvedin\/#primaryimage"},"thumbnailUrl":"https:\/\/ebikespareparts.fi\/wp-content\/uploads\/2025\/03\/DymB7aMZBuzUDdr1VRcccKrYf8RUsHPnZFrydgymjtISXCr1yL.jpg","datePublished":"2023-10-03T12:17:02+00:00","dateModified":"2026-03-10T13:27:35+00:00","breadcrumb":{"@id":"https:\/\/ebikespareparts.fi\/tuote\/kammen-ulosvedin\/#breadcrumb"},"inLanguage":"da-DK","potentialAction":[{"@type":"ReadAction","target":["https:\/\/ebikespareparts.fi\/tuote\/kammen-ulosvedin\/"]}]},{"@type":"ImageObject","inLanguage":"da-DK","@id":"https:\/\/ebikespareparts.fi\/tuote\/kammen-ulosvedin\/#primaryimage","url":"https:\/\/ebikespareparts.fi\/wp-content\/uploads\/2025\/03\/DymB7aMZBuzUDdr1VRcccKrYf8RUsHPnZFrydgymjtISXCr1yL.jpg","contentUrl":"https:\/\/ebikespareparts.fi\/wp-content\/uploads\/2025\/03\/DymB7aMZBuzUDdr1VRcccKrYf8RUsHPnZFrydgymjtISXCr1yL.jpg","width":969,"height":638,"caption":"DymB7aMZBuzUDdr1VRcccKrYf8RUsHPnZFrydgymjtISXCr1yL"},{"@type":"BreadcrumbList","@id":"https:\/\/ebikespareparts.fi\/tuote\/kammen-ulosvedin\/#breadcrumb","itemListElement":[{"@type":"ListItem","position":1,"name":"Etusivu","item":"https:\/\/ebikespareparts.fi\/"},{"@type":"ListItem","position":2,"name":"Kauppa","item":"https:\/\/ebikespareparts.fi\/kauppa\/"},{"@type":"ListItem","position":3,"name":"PLA00932 Kammen ulosvedin"}]},{"@type":"WebSite","@id":"https:\/\/ebikespareparts.fi\/#website","url":"https:\/\/ebikespareparts.fi\/","name":"Ebikespareparts.fi","description":"S\u00e4hk\u00f6py\u00f6r\u00e4n osat - E-bike osat - Huolto","publisher":{"@id":"https:\/\/ebikespareparts.fi\/#organization"},"potentialAction":[{"@type":"SearchAction","target":{"@type":"EntryPoint","urlTemplate":"https:\/\/ebikespareparts.fi\/?s={search_term_string}"},"query-input":{"@type":"PropertyValueSpecification","valueRequired":true,"valueName":"search_term_string"}}],"inLanguage":"da-DK"},{"@type":"Organization","@id":"https:\/\/ebikespareparts.fi\/#organization","name":"Ebikespareparts.fi","url":"https:\/\/ebikespareparts.fi\/","logo":{"@type":"ImageObject","inLanguage":"da-DK","@id":"https:\/\/ebikespareparts.fi\/#\/schema\/logo\/image\/","url":"https:\/\/ebikespareparts.fi\/wp-content\/uploads\/2024\/05\/logo-musta-tausta.jpg","contentUrl":"https:\/\/ebikespareparts.fi\/wp-content\/uploads\/2024\/05\/logo-musta-tausta.jpg","width":1013,"height":950,"caption":"Ebikespareparts.fi"},"image":{"@id":"https:\/\/ebikespareparts.fi\/#\/schema\/logo\/image\/"},"sameAs":["https:\/\/www.facebook.com\/smhj.fi"]}]}},"_links":{"self":[{"href":"https:\/\/ebikespareparts.fi\/da\/wp-json\/wp\/v2\/product\/157","targetHints":{"allow":["GET"]}}],"collection":[{"href":"https:\/\/ebikespareparts.fi\/da\/wp-json\/wp\/v2\/product"}],"about":[{"href":"https:\/\/ebikespareparts.fi\/da\/wp-json\/wp\/v2\/types\/product"}],"replies":[{"embeddable":true,"href":"https:\/\/ebikespareparts.fi\/da\/wp-json\/wp\/v2\/comments?post=157"}],"version-history":[{"count":1,"href":"https:\/\/ebikespareparts.fi\/da\/wp-json\/wp\/v2\/product\/157\/revisions"}],"predecessor-version":[{"id":49197,"href":"https:\/\/ebikespareparts.fi\/da\/wp-json\/wp\/v2\/product\/157\/revisions\/49197"}],"wp:featuredmedia":[{"embeddable":true,"href":"https:\/\/ebikespareparts.fi\/da\/wp-json\/wp\/v2\/media\/47427"}],"wp:attachment":[{"href":"https:\/\/ebikespareparts.fi\/da\/wp-json\/wp\/v2\/media?parent=157"}],"wp:term":[{"taxonomy":"product_brand","embeddable":true,"href":"https:\/\/ebikespareparts.fi\/da\/wp-json\/wp\/v2\/product_brand?post=157"},{"taxonomy":"product_cat","embeddable":true,"href":"https:\/\/ebikespareparts.fi\/da\/wp-json\/wp\/v2\/product_cat?post=157"},{"taxonomy":"product_tag","embeddable":true,"href":"https:\/\/ebikespareparts.fi\/da\/wp-json\/wp\/v2\/product_tag?post=157"}],"curies":[{"name":"wp","href":"https:\/\/api.w.org\/{rel}","templated":true}]}}