{"id":18,"date":"2023-10-03T15:16:20","date_gmt":"2023-10-03T12:16:20","guid":{"rendered":"https:\/\/ebikespareparts.fi\/?post_type=product&#038;p=18"},"modified":"2026-04-23T03:00:13","modified_gmt":"2026-04-23T00:00:13","slug":"bosch-gen-2-paamoottorin-laakeri-osa-no-plb00518","status":"publish","type":"product","link":"https:\/\/ebikespareparts.fi\/da\/vare\/bosch-gen-2-paamoottorin-laakeri-osa-no-plb00518\/","title":{"rendered":"PLB00518 Bosch Gen 2 Hovedmotorleje."},"content":{"rendered":"<p class=\"tw-data-text tw-text-large tw-ta\" data-placeholder=\"K\u00e4\u00e4nn\u00f6s\" dir=\"ltr\" id=\"tw-target-text\"><span class=\"Y2IQFc\" lang=\"fi\">Bosch Active Line Performance Line og Performance Line CX hovedmotorleje.<\/span><\/p>\n<p class=\"tw-data-text tw-text-large tw-ta\" data-placeholder=\"K\u00e4\u00e4nn\u00f6s\" dir=\"ltr\" id=\"tw-target-text\"><span class=\"Y2IQFc\" lang=\"fi\">Vi bruger kun lejer af h\u00f8j kvalitet og s\u00f8rger for, at de har sokkelt\u00e6tninger for at give ekstra beskyttelse mod vandindtr\u00e6ngning.<\/span><\/p>\n<p class=\"tw-data-text tw-text-large tw-ta\" data-placeholder=\"K\u00e4\u00e4nn\u00f6s\" dir=\"ltr\" id=\"tw-target-text\"><span class=\"Y2IQFc\" lang=\"fi\">Installer IKKE lejer m\u00e6rket \u201dMAX\u201d, disse lejer er designet som rotationslejer og ikke rullelejer. De vil svigte for tidligt i motoranvendelser.<\/span><\/p>\n<p class=\"tw-data-text tw-text-large tw-ta\" data-placeholder=\"K\u00e4\u00e4nn\u00f6s\" dir=\"ltr\" id=\"tw-target-text\"><span class=\"Y2IQFc\" lang=\"fi\">Bosch Generation 2-motor BDU2xx (BEM\u00c6RK: Lille forhjul)<\/span><\/p>\n<p><img decoding=\"async\" alt=\"\" class=\"alignnone wp-image-8226\" height=\"133\" src=\"https:\/\/www.performancelinebearings.com\/wp-content\/uploads\/2019\/09\/Bosch-Gen-2--300x200.jpg\" width=\"200\" \/><\/p>","protected":false},"excerpt":{"rendered":"<p>Bosch Active Line Performance Line ja Performance Line CX p\u00e4\u00e4moottorin laakeri. K\u00e4yt\u00e4mme vain korkealaatuisia laakereita ja varmistamme, ett\u00e4 niiss\u00e4 on sokkelotiivisteet antamaan lis\u00e4suojauksen veden p\u00e4\u00e4sy\u00e4 vastaan. \u00c4L\u00c4 asenna laakereita, joissa on merkint\u00e4 &#8221;MAX&#8221;, n\u00e4m\u00e4 laakerit on suunniteltu k\u00e4\u00e4nt\u00f6laakereiksi eiv\u00e4tk\u00e4 vierint\u00e4laakeriksi. Ne vioittuvat ennenaikaisesti moottorisovelluksessa. Bosch Generation 2 -moottori BDU2xx (HUOM: Pieni eturatas)<\/p>","protected":false},"featured_media":47492,"comment_status":"closed","ping_status":"closed","template":"","meta":{"_acf_changed":false},"product_brand":[],"product_cat":[18,19],"product_tag":[],"class_list":{"0":"post-18","1":"product","2":"type-product","3":"status-publish","4":"has-post-thumbnail","6":"product_cat-bosch-gen-2","7":"product_cat-bosch-laakerit","8":"product_shipping_class-small","10":"first","11":"instock","12":"taxable","13":"shipping-taxable","14":"purchasable","15":"product-type-simple"},"acf":[],"yoast_head":"<!-- This site is optimized with the Yoast SEO plugin v27.5 - https:\/\/yoast.com\/product\/yoast-seo-wordpress\/ -->\n<title>PLB00518 Bosch Gen 2 P\u00e4\u00e4moottorin laakeri. - Ebikespareparts.fi<\/title>\n<meta name=\"robots\" content=\"index, follow, max-snippet:-1, max-image-preview:large, max-video-preview:-1\" \/>\n<link rel=\"canonical\" href=\"https:\/\/ebikespareparts.fi\/da\/vare\/bosch-gen-2-paamoottorin-laakeri-osa-no-plb00518\/\" \/>\n<meta property=\"og:locale\" content=\"da_DK\" \/>\n<meta property=\"og:type\" content=\"article\" \/>\n<meta property=\"og:title\" content=\"PLB00518 Bosch Gen 2 P\u00e4\u00e4moottorin laakeri. - Ebikespareparts.fi\" \/>\n<meta property=\"og:description\" content=\"Bosch Active Line Performance Line ja Performance Line CX p\u00e4\u00e4moottorin laakeri. K\u00e4yt\u00e4mme vain korkealaatuisia laakereita ja varmistamme, ett\u00e4 niiss\u00e4 on sokkelotiivisteet antamaan lis\u00e4suojauksen veden p\u00e4\u00e4sy\u00e4 vastaan. \u00c4L\u00c4 asenna laakereita, joissa on merkint\u00e4 &#8221;MAX&#8221;, n\u00e4m\u00e4 laakerit on suunniteltu k\u00e4\u00e4nt\u00f6laakereiksi eiv\u00e4tk\u00e4 vierint\u00e4laakeriksi. Ne vioittuvat ennenaikaisesti moottorisovelluksessa. Bosch Generation 2 -moottori BDU2xx (HUOM: Pieni eturatas)\" \/>\n<meta property=\"og:url\" content=\"https:\/\/ebikespareparts.fi\/da\/vare\/bosch-gen-2-paamoottorin-laakeri-osa-no-plb00518\/\" \/>\n<meta property=\"og:site_name\" content=\"Ebikespareparts.fi\" \/>\n<meta property=\"article:publisher\" content=\"https:\/\/www.facebook.com\/smhj.fi\" \/>\n<meta property=\"article:modified_time\" content=\"2026-04-23T00:00:13+00:00\" \/>\n<meta property=\"og:image\" content=\"https:\/\/ebikespareparts.fi\/wp-content\/uploads\/2025\/03\/fzaWdWdX1ygDLlnHO3RWAsiqw1MWQLAWOX0ifOhv7EYchu6Ltr.jpg\" \/>\n\t<meta property=\"og:image:width\" content=\"999\" \/>\n\t<meta property=\"og:image:height\" content=\"945\" \/>\n\t<meta property=\"og:image:type\" content=\"image\/jpeg\" \/>\n<meta name=\"twitter:card\" content=\"summary_large_image\" \/>\n<meta name=\"twitter:label1\" content=\"Estimeret l\u00e6setid\" \/>\n\t<meta name=\"twitter:data1\" content=\"1 minut\" \/>\n<script type=\"application\/ld+json\" class=\"yoast-schema-graph\">{\"@context\":\"https:\\\/\\\/schema.org\",\"@graph\":[{\"@type\":\"WebPage\",\"@id\":\"https:\\\/\\\/ebikespareparts.fi\\\/tuote\\\/bosch-gen-2-paamoottorin-laakeri-osa-no-plb00518\\\/\",\"url\":\"https:\\\/\\\/ebikespareparts.fi\\\/tuote\\\/bosch-gen-2-paamoottorin-laakeri-osa-no-plb00518\\\/\",\"name\":\"PLB00518 Bosch Gen 2 P\u00e4\u00e4moottorin laakeri. - Ebikespareparts.fi\",\"isPartOf\":{\"@id\":\"https:\\\/\\\/ebikespareparts.fi\\\/#website\"},\"primaryImageOfPage\":{\"@id\":\"https:\\\/\\\/ebikespareparts.fi\\\/tuote\\\/bosch-gen-2-paamoottorin-laakeri-osa-no-plb00518\\\/#primaryimage\"},\"image\":{\"@id\":\"https:\\\/\\\/ebikespareparts.fi\\\/tuote\\\/bosch-gen-2-paamoottorin-laakeri-osa-no-plb00518\\\/#primaryimage\"},\"thumbnailUrl\":\"https:\\\/\\\/ebikespareparts.fi\\\/wp-content\\\/uploads\\\/2025\\\/03\\\/fzaWdWdX1ygDLlnHO3RWAsiqw1MWQLAWOX0ifOhv7EYchu6Ltr.jpg\",\"datePublished\":\"2023-10-03T12:16:20+00:00\",\"dateModified\":\"2026-04-23T00:00:13+00:00\",\"breadcrumb\":{\"@id\":\"https:\\\/\\\/ebikespareparts.fi\\\/tuote\\\/bosch-gen-2-paamoottorin-laakeri-osa-no-plb00518\\\/#breadcrumb\"},\"inLanguage\":\"da-DK\",\"potentialAction\":[{\"@type\":\"ReadAction\",\"target\":[\"https:\\\/\\\/ebikespareparts.fi\\\/tuote\\\/bosch-gen-2-paamoottorin-laakeri-osa-no-plb00518\\\/\"]}]},{\"@type\":\"ImageObject\",\"inLanguage\":\"da-DK\",\"@id\":\"https:\\\/\\\/ebikespareparts.fi\\\/tuote\\\/bosch-gen-2-paamoottorin-laakeri-osa-no-plb00518\\\/#primaryimage\",\"url\":\"https:\\\/\\\/ebikespareparts.fi\\\/wp-content\\\/uploads\\\/2025\\\/03\\\/fzaWdWdX1ygDLlnHO3RWAsiqw1MWQLAWOX0ifOhv7EYchu6Ltr.jpg\",\"contentUrl\":\"https:\\\/\\\/ebikespareparts.fi\\\/wp-content\\\/uploads\\\/2025\\\/03\\\/fzaWdWdX1ygDLlnHO3RWAsiqw1MWQLAWOX0ifOhv7EYchu6Ltr.jpg\",\"width\":999,\"height\":945,\"caption\":\"fzaWdWdX1ygDLlnHO3RWAsiqw1MWQLAWOX0ifOhv7EYchu6Ltr\"},{\"@type\":\"BreadcrumbList\",\"@id\":\"https:\\\/\\\/ebikespareparts.fi\\\/tuote\\\/bosch-gen-2-paamoottorin-laakeri-osa-no-plb00518\\\/#breadcrumb\",\"itemListElement\":[{\"@type\":\"ListItem\",\"position\":1,\"name\":\"Etusivu\",\"item\":\"https:\\\/\\\/ebikespareparts.fi\\\/\"},{\"@type\":\"ListItem\",\"position\":2,\"name\":\"Kauppa\",\"item\":\"https:\\\/\\\/ebikespareparts.fi\\\/kauppa\\\/\"},{\"@type\":\"ListItem\",\"position\":3,\"name\":\"PLB00518 Bosch Gen 2 P\u00e4\u00e4moottorin laakeri.\"}]},{\"@type\":\"WebSite\",\"@id\":\"https:\\\/\\\/ebikespareparts.fi\\\/#website\",\"url\":\"https:\\\/\\\/ebikespareparts.fi\\\/\",\"name\":\"Ebikespareparts.fi\",\"description\":\"S\u00e4hk\u00f6py\u00f6r\u00e4n osat - E-bike osat - Huolto\",\"publisher\":{\"@id\":\"https:\\\/\\\/ebikespareparts.fi\\\/#organization\"},\"potentialAction\":[{\"@type\":\"SearchAction\",\"target\":{\"@type\":\"EntryPoint\",\"urlTemplate\":\"https:\\\/\\\/ebikespareparts.fi\\\/?s={search_term_string}\"},\"query-input\":{\"@type\":\"PropertyValueSpecification\",\"valueRequired\":true,\"valueName\":\"search_term_string\"}}],\"inLanguage\":\"da-DK\"},{\"@type\":\"Organization\",\"@id\":\"https:\\\/\\\/ebikespareparts.fi\\\/#organization\",\"name\":\"Ebikespareparts.fi\",\"url\":\"https:\\\/\\\/ebikespareparts.fi\\\/\",\"logo\":{\"@type\":\"ImageObject\",\"inLanguage\":\"da-DK\",\"@id\":\"https:\\\/\\\/ebikespareparts.fi\\\/#\\\/schema\\\/logo\\\/image\\\/\",\"url\":\"https:\\\/\\\/ebikespareparts.fi\\\/wp-content\\\/uploads\\\/2024\\\/05\\\/logo-musta-tausta.jpg\",\"contentUrl\":\"https:\\\/\\\/ebikespareparts.fi\\\/wp-content\\\/uploads\\\/2024\\\/05\\\/logo-musta-tausta.jpg\",\"width\":1013,\"height\":950,\"caption\":\"Ebikespareparts.fi\"},\"image\":{\"@id\":\"https:\\\/\\\/ebikespareparts.fi\\\/#\\\/schema\\\/logo\\\/image\\\/\"},\"sameAs\":[\"https:\\\/\\\/www.facebook.com\\\/smhj.fi\"]}]}<\/script>\n<!-- \/ Yoast SEO plugin. -->","yoast_head_json":{"title":"PLB00518 Bosch Gen 2 P\u00e4\u00e4moottorin laakeri. - Ebikespareparts.fi","robots":{"index":"index","follow":"follow","max-snippet":"max-snippet:-1","max-image-preview":"max-image-preview:large","max-video-preview":"max-video-preview:-1"},"canonical":"https:\/\/ebikespareparts.fi\/da\/vare\/bosch-gen-2-paamoottorin-laakeri-osa-no-plb00518\/","og_locale":"da_DK","og_type":"article","og_title":"PLB00518 Bosch Gen 2 P\u00e4\u00e4moottorin laakeri. - Ebikespareparts.fi","og_description":"Bosch Active Line Performance Line ja Performance Line CX p\u00e4\u00e4moottorin laakeri. K\u00e4yt\u00e4mme vain korkealaatuisia laakereita ja varmistamme, ett\u00e4 niiss\u00e4 on sokkelotiivisteet antamaan lis\u00e4suojauksen veden p\u00e4\u00e4sy\u00e4 vastaan. \u00c4L\u00c4 asenna laakereita, joissa on merkint\u00e4 &#8221;MAX&#8221;, n\u00e4m\u00e4 laakerit on suunniteltu k\u00e4\u00e4nt\u00f6laakereiksi eiv\u00e4tk\u00e4 vierint\u00e4laakeriksi. Ne vioittuvat ennenaikaisesti moottorisovelluksessa. Bosch Generation 2 -moottori BDU2xx (HUOM: Pieni eturatas)","og_url":"https:\/\/ebikespareparts.fi\/da\/vare\/bosch-gen-2-paamoottorin-laakeri-osa-no-plb00518\/","og_site_name":"Ebikespareparts.fi","article_publisher":"https:\/\/www.facebook.com\/smhj.fi","article_modified_time":"2026-04-23T00:00:13+00:00","og_image":[{"width":999,"height":945,"url":"https:\/\/ebikespareparts.fi\/wp-content\/uploads\/2025\/03\/fzaWdWdX1ygDLlnHO3RWAsiqw1MWQLAWOX0ifOhv7EYchu6Ltr.jpg","type":"image\/jpeg"}],"twitter_card":"summary_large_image","twitter_misc":{"Estimeret l\u00e6setid":"1 minut"},"schema":{"@context":"https:\/\/schema.org","@graph":[{"@type":"WebPage","@id":"https:\/\/ebikespareparts.fi\/tuote\/bosch-gen-2-paamoottorin-laakeri-osa-no-plb00518\/","url":"https:\/\/ebikespareparts.fi\/tuote\/bosch-gen-2-paamoottorin-laakeri-osa-no-plb00518\/","name":"PLB00518 Bosch Gen 2 P\u00e4\u00e4moottorin laakeri. - Ebikespareparts.fi","isPartOf":{"@id":"https:\/\/ebikespareparts.fi\/#website"},"primaryImageOfPage":{"@id":"https:\/\/ebikespareparts.fi\/tuote\/bosch-gen-2-paamoottorin-laakeri-osa-no-plb00518\/#primaryimage"},"image":{"@id":"https:\/\/ebikespareparts.fi\/tuote\/bosch-gen-2-paamoottorin-laakeri-osa-no-plb00518\/#primaryimage"},"thumbnailUrl":"https:\/\/ebikespareparts.fi\/wp-content\/uploads\/2025\/03\/fzaWdWdX1ygDLlnHO3RWAsiqw1MWQLAWOX0ifOhv7EYchu6Ltr.jpg","datePublished":"2023-10-03T12:16:20+00:00","dateModified":"2026-04-23T00:00:13+00:00","breadcrumb":{"@id":"https:\/\/ebikespareparts.fi\/tuote\/bosch-gen-2-paamoottorin-laakeri-osa-no-plb00518\/#breadcrumb"},"inLanguage":"da-DK","potentialAction":[{"@type":"ReadAction","target":["https:\/\/ebikespareparts.fi\/tuote\/bosch-gen-2-paamoottorin-laakeri-osa-no-plb00518\/"]}]},{"@type":"ImageObject","inLanguage":"da-DK","@id":"https:\/\/ebikespareparts.fi\/tuote\/bosch-gen-2-paamoottorin-laakeri-osa-no-plb00518\/#primaryimage","url":"https:\/\/ebikespareparts.fi\/wp-content\/uploads\/2025\/03\/fzaWdWdX1ygDLlnHO3RWAsiqw1MWQLAWOX0ifOhv7EYchu6Ltr.jpg","contentUrl":"https:\/\/ebikespareparts.fi\/wp-content\/uploads\/2025\/03\/fzaWdWdX1ygDLlnHO3RWAsiqw1MWQLAWOX0ifOhv7EYchu6Ltr.jpg","width":999,"height":945,"caption":"fzaWdWdX1ygDLlnHO3RWAsiqw1MWQLAWOX0ifOhv7EYchu6Ltr"},{"@type":"BreadcrumbList","@id":"https:\/\/ebikespareparts.fi\/tuote\/bosch-gen-2-paamoottorin-laakeri-osa-no-plb00518\/#breadcrumb","itemListElement":[{"@type":"ListItem","position":1,"name":"Etusivu","item":"https:\/\/ebikespareparts.fi\/"},{"@type":"ListItem","position":2,"name":"Kauppa","item":"https:\/\/ebikespareparts.fi\/kauppa\/"},{"@type":"ListItem","position":3,"name":"PLB00518 Bosch Gen 2 P\u00e4\u00e4moottorin laakeri."}]},{"@type":"WebSite","@id":"https:\/\/ebikespareparts.fi\/#website","url":"https:\/\/ebikespareparts.fi\/","name":"Ebikespareparts.fi","description":"S\u00e4hk\u00f6py\u00f6r\u00e4n osat - E-bike osat - Huolto","publisher":{"@id":"https:\/\/ebikespareparts.fi\/#organization"},"potentialAction":[{"@type":"SearchAction","target":{"@type":"EntryPoint","urlTemplate":"https:\/\/ebikespareparts.fi\/?s={search_term_string}"},"query-input":{"@type":"PropertyValueSpecification","valueRequired":true,"valueName":"search_term_string"}}],"inLanguage":"da-DK"},{"@type":"Organization","@id":"https:\/\/ebikespareparts.fi\/#organization","name":"Ebikespareparts.fi","url":"https:\/\/ebikespareparts.fi\/","logo":{"@type":"ImageObject","inLanguage":"da-DK","@id":"https:\/\/ebikespareparts.fi\/#\/schema\/logo\/image\/","url":"https:\/\/ebikespareparts.fi\/wp-content\/uploads\/2024\/05\/logo-musta-tausta.jpg","contentUrl":"https:\/\/ebikespareparts.fi\/wp-content\/uploads\/2024\/05\/logo-musta-tausta.jpg","width":1013,"height":950,"caption":"Ebikespareparts.fi"},"image":{"@id":"https:\/\/ebikespareparts.fi\/#\/schema\/logo\/image\/"},"sameAs":["https:\/\/www.facebook.com\/smhj.fi"]}]}},"_links":{"self":[{"href":"https:\/\/ebikespareparts.fi\/da\/wp-json\/wp\/v2\/product\/18","targetHints":{"allow":["GET"]}}],"collection":[{"href":"https:\/\/ebikespareparts.fi\/da\/wp-json\/wp\/v2\/product"}],"about":[{"href":"https:\/\/ebikespareparts.fi\/da\/wp-json\/wp\/v2\/types\/product"}],"replies":[{"embeddable":true,"href":"https:\/\/ebikespareparts.fi\/da\/wp-json\/wp\/v2\/comments?post=18"}],"version-history":[{"count":1,"href":"https:\/\/ebikespareparts.fi\/da\/wp-json\/wp\/v2\/product\/18\/revisions"}],"predecessor-version":[{"id":49243,"href":"https:\/\/ebikespareparts.fi\/da\/wp-json\/wp\/v2\/product\/18\/revisions\/49243"}],"wp:featuredmedia":[{"embeddable":true,"href":"https:\/\/ebikespareparts.fi\/da\/wp-json\/wp\/v2\/media\/47492"}],"wp:attachment":[{"href":"https:\/\/ebikespareparts.fi\/da\/wp-json\/wp\/v2\/media?parent=18"}],"wp:term":[{"taxonomy":"product_brand","embeddable":true,"href":"https:\/\/ebikespareparts.fi\/da\/wp-json\/wp\/v2\/product_brand?post=18"},{"taxonomy":"product_cat","embeddable":true,"href":"https:\/\/ebikespareparts.fi\/da\/wp-json\/wp\/v2\/product_cat?post=18"},{"taxonomy":"product_tag","embeddable":true,"href":"https:\/\/ebikespareparts.fi\/da\/wp-json\/wp\/v2\/product_tag?post=18"}],"curies":[{"name":"wp","href":"https:\/\/api.w.org\/{rel}","templated":true}]}}