{"id":275,"date":"2023-10-03T15:17:41","date_gmt":"2023-10-03T12:17:41","guid":{"rendered":"https:\/\/ebikespareparts.fi\/?post_type=product&#038;p=275"},"modified":"2026-03-10T15:27:11","modified_gmt":"2026-03-10T13:27:11","slug":"yamaha-steel-drive-gear","status":"publish","type":"product","link":"https:\/\/ebikespareparts.fi\/da\/vare\/yamaha-steel-drive-gear\/","title":{"rendered":"Yamaha drivhjul i st\u00e5l"},"content":{"rendered":"<p><\/p>\r\n\r\n<h5 class=\"wp-block-heading\">Yamaha PW &amp; PW-SE ST TE CE drevgearsamling i st\u00e5l<\/h5>\r\n\r\n<p><\/p>\r\n\r\n<p><\/p>\r\n\r\n<div class=\"wp-block-columns is-layout-flex wp-container-core-columns-is-layout-28f84493 wp-block-columns-is-layout-flex\">\r\n<p>&nbsp;<\/p>\r\n\r\n<div class=\"wp-block-column is-layout-flow wp-block-column-is-layout-flow\" style=\"flex-basis: 66.66%\">Dette er en original Yamaha-del. Det er det drivhjul i st\u00e5l, der underst\u00f8tter den forreste k\u00e6dehjulspind. Denne del kan ofte blive beskadiget, n\u00e5r man strammer eller fjerner den 36 mm store m\u00f8trik.<br \/>\r\nGearet leveres med nye lejer, krumtapakselt\u00e6tning og frihjulspaler monteret.\r\n<p>&nbsp;<\/p>\r\n\r\n<p>Dette drivhjul passer til f\u00f8lgende<br \/>\r\nYamaha PW serie 1, 2 og 3<br \/>\r\nYamaha PW-SE<br \/>\r\nYamaha PW-ST<br \/>\r\nYamaha PW-TE<br \/>\r\nYamaha PW-CE<\/p>\r\n<\/div>\r\n\r\n<p><\/p>\r\n<\/div>\r\n\r\n<p><\/p>\r\n\r\n<p><\/p>\r\n\r\n<div class=\"wp-block-columns are-vertically-aligned-top is-layout-flex wp-container-core-columns-is-layout-28f84493 wp-block-columns-is-layout-flex\">\r\n<p>&nbsp;<\/p>\r\n\r\n<div class=\"wp-block-column is-vertically-aligned-top is-layout-flow wp-block-column-is-layout-flow\">\r\n<p>&nbsp;<\/p>\r\n\r\n<div class=\"wp-block-image\">\r\n<figure class=\"aligncenter size-full\"><img decoding=\"async\" alt=\"\" class=\"wp-image-3263\" src=\"https:\/\/www.ebikemotorcentre.com\/wp-content\/uploads\/2021\/12\/Yamaha-PW-Steel-drive-gear-1500.jpg\" \/><\/figure>\r\n<\/div>\r\n\r\n<p><\/p>\r\n<\/div>\r\n\r\n<p><\/p>\r\n<\/div>\r\n\r\n<p><\/p>","protected":false},"excerpt":{"rendered":"<p>Yamaha PW &amp; PW-SE ST TE CE steel drive gear assembly This is a genuine Yamaha part. It is the steel drive gear that supports the front chainring spider. This part can often be damaged by tightening or removing the 36mm spider nut. The gear comes with new bearing, crankshaft seal and freewheel pawls fitted.This <a href=\"https:\/\/ebikespareparts.fi\/da\/vare\/yamaha-steel-drive-gear\/\" class=\"more-link\">&#8230;<span class=\"screen-reader-text\">  Yamaha drivhjul i st\u00e5l<\/span><\/a><\/p>","protected":false},"featured_media":47335,"comment_status":"closed","ping_status":"closed","template":"","meta":{"_acf_changed":false},"product_brand":[],"product_cat":[54],"product_tag":[],"class_list":{"0":"post-275","1":"product","2":"type-product","3":"status-publish","4":"has-post-thumbnail","6":"product_cat-yamaha-moottori-osat","7":"product_shipping_class-small","9":"first","10":"outofstock","11":"taxable","12":"shipping-taxable","13":"purchasable","14":"product-type-simple"},"acf":[],"yoast_head":"<!-- This site is optimized with the Yoast SEO plugin v27.5 - https:\/\/yoast.com\/product\/yoast-seo-wordpress\/ -->\n<title>Yamaha Steel Drive Gear - Ebikespareparts.fi<\/title>\n<meta name=\"robots\" content=\"index, follow, max-snippet:-1, max-image-preview:large, max-video-preview:-1\" \/>\n<link rel=\"canonical\" href=\"https:\/\/ebikespareparts.fi\/da\/vare\/yamaha-steel-drive-gear\/\" \/>\n<meta property=\"og:locale\" content=\"da_DK\" \/>\n<meta property=\"og:type\" content=\"article\" \/>\n<meta property=\"og:title\" content=\"Yamaha Steel Drive Gear - Ebikespareparts.fi\" \/>\n<meta property=\"og:description\" content=\"Yamaha PW &amp; PW-SE ST TE CE steel drive gear assembly This is a genuine Yamaha part. It is the steel drive gear that supports the front chainring spider. This part can often be damaged by tightening or removing the 36mm spider nut. The gear comes with new bearing, crankshaft seal and freewheel pawls fitted.This ... Yamaha Steel Drive Gear\" \/>\n<meta property=\"og:url\" content=\"https:\/\/ebikespareparts.fi\/da\/vare\/yamaha-steel-drive-gear\/\" \/>\n<meta property=\"og:site_name\" content=\"Ebikespareparts.fi\" \/>\n<meta property=\"article:publisher\" content=\"https:\/\/www.facebook.com\/smhj.fi\" \/>\n<meta property=\"article:modified_time\" content=\"2026-03-10T13:27:11+00:00\" \/>\n<meta property=\"og:image\" content=\"https:\/\/ebikespareparts.fi\/wp-content\/uploads\/2025\/03\/W0E4bJL7HyhT9e05nfVeS6wUGcIndMHtpq4qgdtd0l5BLm7z6j.jpg\" \/>\n\t<meta property=\"og:image:width\" content=\"1000\" \/>\n\t<meta property=\"og:image:height\" content=\"1000\" \/>\n\t<meta property=\"og:image:type\" content=\"image\/jpeg\" \/>\n<meta name=\"twitter:card\" content=\"summary_large_image\" \/>\n<script type=\"application\/ld+json\" class=\"yoast-schema-graph\">{\"@context\":\"https:\\\/\\\/schema.org\",\"@graph\":[{\"@type\":\"WebPage\",\"@id\":\"https:\\\/\\\/ebikespareparts.fi\\\/tuote\\\/yamaha-steel-drive-gear\\\/\",\"url\":\"https:\\\/\\\/ebikespareparts.fi\\\/tuote\\\/yamaha-steel-drive-gear\\\/\",\"name\":\"Yamaha Steel Drive Gear - Ebikespareparts.fi\",\"isPartOf\":{\"@id\":\"https:\\\/\\\/ebikespareparts.fi\\\/#website\"},\"primaryImageOfPage\":{\"@id\":\"https:\\\/\\\/ebikespareparts.fi\\\/tuote\\\/yamaha-steel-drive-gear\\\/#primaryimage\"},\"image\":{\"@id\":\"https:\\\/\\\/ebikespareparts.fi\\\/tuote\\\/yamaha-steel-drive-gear\\\/#primaryimage\"},\"thumbnailUrl\":\"https:\\\/\\\/ebikespareparts.fi\\\/wp-content\\\/uploads\\\/2025\\\/03\\\/W0E4bJL7HyhT9e05nfVeS6wUGcIndMHtpq4qgdtd0l5BLm7z6j.jpg\",\"datePublished\":\"2023-10-03T12:17:41+00:00\",\"dateModified\":\"2026-03-10T13:27:11+00:00\",\"breadcrumb\":{\"@id\":\"https:\\\/\\\/ebikespareparts.fi\\\/tuote\\\/yamaha-steel-drive-gear\\\/#breadcrumb\"},\"inLanguage\":\"da-DK\",\"potentialAction\":[{\"@type\":\"ReadAction\",\"target\":[\"https:\\\/\\\/ebikespareparts.fi\\\/tuote\\\/yamaha-steel-drive-gear\\\/\"]}]},{\"@type\":\"ImageObject\",\"inLanguage\":\"da-DK\",\"@id\":\"https:\\\/\\\/ebikespareparts.fi\\\/tuote\\\/yamaha-steel-drive-gear\\\/#primaryimage\",\"url\":\"https:\\\/\\\/ebikespareparts.fi\\\/wp-content\\\/uploads\\\/2025\\\/03\\\/W0E4bJL7HyhT9e05nfVeS6wUGcIndMHtpq4qgdtd0l5BLm7z6j.jpg\",\"contentUrl\":\"https:\\\/\\\/ebikespareparts.fi\\\/wp-content\\\/uploads\\\/2025\\\/03\\\/W0E4bJL7HyhT9e05nfVeS6wUGcIndMHtpq4qgdtd0l5BLm7z6j.jpg\",\"width\":1000,\"height\":1000,\"caption\":\"W0E4bJL7HyhT9e05nfVeS6wUGcIndMHtpq4qgdtd0l5BLm7z6j\"},{\"@type\":\"BreadcrumbList\",\"@id\":\"https:\\\/\\\/ebikespareparts.fi\\\/tuote\\\/yamaha-steel-drive-gear\\\/#breadcrumb\",\"itemListElement\":[{\"@type\":\"ListItem\",\"position\":1,\"name\":\"Etusivu\",\"item\":\"https:\\\/\\\/ebikespareparts.fi\\\/\"},{\"@type\":\"ListItem\",\"position\":2,\"name\":\"Kauppa\",\"item\":\"https:\\\/\\\/ebikespareparts.fi\\\/kauppa\\\/\"},{\"@type\":\"ListItem\",\"position\":3,\"name\":\"Yamaha Steel Drive Gear\"}]},{\"@type\":\"WebSite\",\"@id\":\"https:\\\/\\\/ebikespareparts.fi\\\/#website\",\"url\":\"https:\\\/\\\/ebikespareparts.fi\\\/\",\"name\":\"Ebikespareparts.fi\",\"description\":\"S\u00e4hk\u00f6py\u00f6r\u00e4n osat - E-bike osat - Huolto\",\"publisher\":{\"@id\":\"https:\\\/\\\/ebikespareparts.fi\\\/#organization\"},\"potentialAction\":[{\"@type\":\"SearchAction\",\"target\":{\"@type\":\"EntryPoint\",\"urlTemplate\":\"https:\\\/\\\/ebikespareparts.fi\\\/?s={search_term_string}\"},\"query-input\":{\"@type\":\"PropertyValueSpecification\",\"valueRequired\":true,\"valueName\":\"search_term_string\"}}],\"inLanguage\":\"da-DK\"},{\"@type\":\"Organization\",\"@id\":\"https:\\\/\\\/ebikespareparts.fi\\\/#organization\",\"name\":\"Ebikespareparts.fi\",\"url\":\"https:\\\/\\\/ebikespareparts.fi\\\/\",\"logo\":{\"@type\":\"ImageObject\",\"inLanguage\":\"da-DK\",\"@id\":\"https:\\\/\\\/ebikespareparts.fi\\\/#\\\/schema\\\/logo\\\/image\\\/\",\"url\":\"https:\\\/\\\/ebikespareparts.fi\\\/wp-content\\\/uploads\\\/2024\\\/05\\\/logo-musta-tausta.jpg\",\"contentUrl\":\"https:\\\/\\\/ebikespareparts.fi\\\/wp-content\\\/uploads\\\/2024\\\/05\\\/logo-musta-tausta.jpg\",\"width\":1013,\"height\":950,\"caption\":\"Ebikespareparts.fi\"},\"image\":{\"@id\":\"https:\\\/\\\/ebikespareparts.fi\\\/#\\\/schema\\\/logo\\\/image\\\/\"},\"sameAs\":[\"https:\\\/\\\/www.facebook.com\\\/smhj.fi\"]}]}<\/script>\n<!-- \/ Yoast SEO plugin. -->","yoast_head_json":{"title":"Yamaha Steel Drive Gear - Ebikespareparts.fi","robots":{"index":"index","follow":"follow","max-snippet":"max-snippet:-1","max-image-preview":"max-image-preview:large","max-video-preview":"max-video-preview:-1"},"canonical":"https:\/\/ebikespareparts.fi\/da\/vare\/yamaha-steel-drive-gear\/","og_locale":"da_DK","og_type":"article","og_title":"Yamaha Steel Drive Gear - Ebikespareparts.fi","og_description":"Yamaha PW &amp; PW-SE ST TE CE steel drive gear assembly This is a genuine Yamaha part. It is the steel drive gear that supports the front chainring spider. This part can often be damaged by tightening or removing the 36mm spider nut. The gear comes with new bearing, crankshaft seal and freewheel pawls fitted.This ... Yamaha Steel Drive Gear","og_url":"https:\/\/ebikespareparts.fi\/da\/vare\/yamaha-steel-drive-gear\/","og_site_name":"Ebikespareparts.fi","article_publisher":"https:\/\/www.facebook.com\/smhj.fi","article_modified_time":"2026-03-10T13:27:11+00:00","og_image":[{"width":1000,"height":1000,"url":"https:\/\/ebikespareparts.fi\/wp-content\/uploads\/2025\/03\/W0E4bJL7HyhT9e05nfVeS6wUGcIndMHtpq4qgdtd0l5BLm7z6j.jpg","type":"image\/jpeg"}],"twitter_card":"summary_large_image","schema":{"@context":"https:\/\/schema.org","@graph":[{"@type":"WebPage","@id":"https:\/\/ebikespareparts.fi\/tuote\/yamaha-steel-drive-gear\/","url":"https:\/\/ebikespareparts.fi\/tuote\/yamaha-steel-drive-gear\/","name":"Yamaha Steel Drive Gear - Ebikespareparts.fi","isPartOf":{"@id":"https:\/\/ebikespareparts.fi\/#website"},"primaryImageOfPage":{"@id":"https:\/\/ebikespareparts.fi\/tuote\/yamaha-steel-drive-gear\/#primaryimage"},"image":{"@id":"https:\/\/ebikespareparts.fi\/tuote\/yamaha-steel-drive-gear\/#primaryimage"},"thumbnailUrl":"https:\/\/ebikespareparts.fi\/wp-content\/uploads\/2025\/03\/W0E4bJL7HyhT9e05nfVeS6wUGcIndMHtpq4qgdtd0l5BLm7z6j.jpg","datePublished":"2023-10-03T12:17:41+00:00","dateModified":"2026-03-10T13:27:11+00:00","breadcrumb":{"@id":"https:\/\/ebikespareparts.fi\/tuote\/yamaha-steel-drive-gear\/#breadcrumb"},"inLanguage":"da-DK","potentialAction":[{"@type":"ReadAction","target":["https:\/\/ebikespareparts.fi\/tuote\/yamaha-steel-drive-gear\/"]}]},{"@type":"ImageObject","inLanguage":"da-DK","@id":"https:\/\/ebikespareparts.fi\/tuote\/yamaha-steel-drive-gear\/#primaryimage","url":"https:\/\/ebikespareparts.fi\/wp-content\/uploads\/2025\/03\/W0E4bJL7HyhT9e05nfVeS6wUGcIndMHtpq4qgdtd0l5BLm7z6j.jpg","contentUrl":"https:\/\/ebikespareparts.fi\/wp-content\/uploads\/2025\/03\/W0E4bJL7HyhT9e05nfVeS6wUGcIndMHtpq4qgdtd0l5BLm7z6j.jpg","width":1000,"height":1000,"caption":"W0E4bJL7HyhT9e05nfVeS6wUGcIndMHtpq4qgdtd0l5BLm7z6j"},{"@type":"BreadcrumbList","@id":"https:\/\/ebikespareparts.fi\/tuote\/yamaha-steel-drive-gear\/#breadcrumb","itemListElement":[{"@type":"ListItem","position":1,"name":"Etusivu","item":"https:\/\/ebikespareparts.fi\/"},{"@type":"ListItem","position":2,"name":"Kauppa","item":"https:\/\/ebikespareparts.fi\/kauppa\/"},{"@type":"ListItem","position":3,"name":"Yamaha Steel Drive Gear"}]},{"@type":"WebSite","@id":"https:\/\/ebikespareparts.fi\/#website","url":"https:\/\/ebikespareparts.fi\/","name":"Ebikespareparts.fi","description":"S\u00e4hk\u00f6py\u00f6r\u00e4n osat - E-bike osat - Huolto","publisher":{"@id":"https:\/\/ebikespareparts.fi\/#organization"},"potentialAction":[{"@type":"SearchAction","target":{"@type":"EntryPoint","urlTemplate":"https:\/\/ebikespareparts.fi\/?s={search_term_string}"},"query-input":{"@type":"PropertyValueSpecification","valueRequired":true,"valueName":"search_term_string"}}],"inLanguage":"da-DK"},{"@type":"Organization","@id":"https:\/\/ebikespareparts.fi\/#organization","name":"Ebikespareparts.fi","url":"https:\/\/ebikespareparts.fi\/","logo":{"@type":"ImageObject","inLanguage":"da-DK","@id":"https:\/\/ebikespareparts.fi\/#\/schema\/logo\/image\/","url":"https:\/\/ebikespareparts.fi\/wp-content\/uploads\/2024\/05\/logo-musta-tausta.jpg","contentUrl":"https:\/\/ebikespareparts.fi\/wp-content\/uploads\/2024\/05\/logo-musta-tausta.jpg","width":1013,"height":950,"caption":"Ebikespareparts.fi"},"image":{"@id":"https:\/\/ebikespareparts.fi\/#\/schema\/logo\/image\/"},"sameAs":["https:\/\/www.facebook.com\/smhj.fi"]}]}},"_links":{"self":[{"href":"https:\/\/ebikespareparts.fi\/da\/wp-json\/wp\/v2\/product\/275","targetHints":{"allow":["GET"]}}],"collection":[{"href":"https:\/\/ebikespareparts.fi\/da\/wp-json\/wp\/v2\/product"}],"about":[{"href":"https:\/\/ebikespareparts.fi\/da\/wp-json\/wp\/v2\/types\/product"}],"replies":[{"embeddable":true,"href":"https:\/\/ebikespareparts.fi\/da\/wp-json\/wp\/v2\/comments?post=275"}],"version-history":[{"count":1,"href":"https:\/\/ebikespareparts.fi\/da\/wp-json\/wp\/v2\/product\/275\/revisions"}],"predecessor-version":[{"id":49039,"href":"https:\/\/ebikespareparts.fi\/da\/wp-json\/wp\/v2\/product\/275\/revisions\/49039"}],"wp:featuredmedia":[{"embeddable":true,"href":"https:\/\/ebikespareparts.fi\/da\/wp-json\/wp\/v2\/media\/47335"}],"wp:attachment":[{"href":"https:\/\/ebikespareparts.fi\/da\/wp-json\/wp\/v2\/media?parent=275"}],"wp:term":[{"taxonomy":"product_brand","embeddable":true,"href":"https:\/\/ebikespareparts.fi\/da\/wp-json\/wp\/v2\/product_brand?post=275"},{"taxonomy":"product_cat","embeddable":true,"href":"https:\/\/ebikespareparts.fi\/da\/wp-json\/wp\/v2\/product_cat?post=275"},{"taxonomy":"product_tag","embeddable":true,"href":"https:\/\/ebikespareparts.fi\/da\/wp-json\/wp\/v2\/product_tag?post=275"}],"curies":[{"name":"wp","href":"https:\/\/api.w.org\/{rel}","templated":true}]}}