{"id":282,"date":"2023-10-03T15:17:42","date_gmt":"2023-10-03T12:17:42","guid":{"rendered":"https:\/\/ebikespareparts.fi\/?post_type=product&#038;p=282"},"modified":"2026-04-23T03:00:12","modified_gmt":"2026-04-23T00:00:12","slug":"yamaha-hammasratas-vaseliini","status":"publish","type":"product","link":"https:\/\/ebikespareparts.fi\/da\/vare\/yamaha-hammasratas-vaseliini\/","title":{"rendered":"PLA00940 Yamaha-gear med vaseline"},"content":{"rendered":"<p><\/p>\r\n\r\n<p>Yamaha-gear med vaseline<\/p>\r\n\r\n<p><\/p>\r\n\r\n<p><\/p>\r\n\r\n<div class=\"wp-block-columns is-layout-flex wp-container-core-columns-is-layout-28f84493 wp-block-columns-is-layout-flex\">\r\n<p><\/p>\r\n\r\n<div class=\"wp-block-column is-layout-flow wp-block-column-is-layout-flow\" style=\"flex-basis: 66.66%\">\r\n<p><\/p>\r\n\r\n<p class=\"tw-data-text tw-text-large tw-ta\" data-placeholder=\"K\u00e4\u00e4nn\u00f6s\" dir=\"ltr\" id=\"tw-target-text\"><span class=\"Y2IQFc\" lang=\"fi\">Pakken indeholder 50 ml \u00e6gte Yamaha MULTEMP AC-N\u00ae-motorfedt.<br \/>\r\nDet burde v\u00e6re nok til to til tre motorservices.<br \/>\r\nMULTEMP AC-N\u00ae er et relativt dyrt fedt,<br \/>\r\nsom normalt kun f\u00e5s i store m\u00e6ngder.<br \/>\r\nVi har dekanteret dette fedt for at spare penge og affald.<\/span><\/p>\r\n\r\n<p><\/p>\r\n<\/div>\r\n\r\n<p><\/p>\r\n<\/div>\r\n\r\n<p><\/p>","protected":false},"excerpt":{"rendered":"<p>Yamaha hammasratas vaseliini Pakkaus sis\u00e4lt\u00e4\u00e4 50 ml aitoa Yamaha MULTEMP AC-N\u00ae -moottorirasvaa. T\u00e4m\u00e4n pit\u00e4isi riitt\u00e4\u00e4 kahdesta kolmeen moottorin huoltoon. MULTEMP AC-N\u00ae on suhteellisen kallis rasva, jota on yleens\u00e4 saatavana vain suuria m\u00e4\u00e4ri\u00e4. Olemme dekantoineet t\u00e4m\u00e4n rasvan s\u00e4\u00e4st\u00e4\u00e4ksemme rahaa ja j\u00e4tett\u00e4.<\/p>","protected":false},"featured_media":47476,"comment_status":"closed","ping_status":"closed","template":"","meta":{"_acf_changed":false},"product_brand":[],"product_cat":[70,32,54,33,43],"product_tag":[],"class_list":{"0":"post-282","1":"product","2":"type-product","3":"status-publish","4":"has-post-thumbnail","6":"product_cat-yamaha","7":"product_cat-yamaha-laakerit","8":"product_cat-yamaha-moottori-osat","9":"product_cat-yamaha-pw-pw-se","10":"product_cat-yamaha-pw-x-pw-x2","11":"product_shipping_class-small","13":"first","14":"instock","15":"taxable","16":"shipping-taxable","17":"purchasable","18":"product-type-simple"},"acf":[],"yoast_head":"<!-- This site is optimized with the Yoast SEO plugin v27.5 - https:\/\/yoast.com\/product\/yoast-seo-wordpress\/ -->\n<title>PLA00940 Yamaha hammasratas vaseliini - Ebikespareparts.fi<\/title>\n<meta name=\"robots\" content=\"index, follow, max-snippet:-1, max-image-preview:large, max-video-preview:-1\" \/>\n<link rel=\"canonical\" href=\"https:\/\/ebikespareparts.fi\/da\/vare\/yamaha-hammasratas-vaseliini\/\" \/>\n<meta property=\"og:locale\" content=\"da_DK\" \/>\n<meta property=\"og:type\" content=\"article\" \/>\n<meta property=\"og:title\" content=\"PLA00940 Yamaha hammasratas vaseliini - Ebikespareparts.fi\" \/>\n<meta property=\"og:description\" content=\"Yamaha hammasratas vaseliini Pakkaus sis\u00e4lt\u00e4\u00e4 50 ml aitoa Yamaha MULTEMP AC-N\u00ae -moottorirasvaa. T\u00e4m\u00e4n pit\u00e4isi riitt\u00e4\u00e4 kahdesta kolmeen moottorin huoltoon. MULTEMP AC-N\u00ae on suhteellisen kallis rasva, jota on yleens\u00e4 saatavana vain suuria m\u00e4\u00e4ri\u00e4. Olemme dekantoineet t\u00e4m\u00e4n rasvan s\u00e4\u00e4st\u00e4\u00e4ksemme rahaa ja j\u00e4tett\u00e4.\" \/>\n<meta property=\"og:url\" content=\"https:\/\/ebikespareparts.fi\/da\/vare\/yamaha-hammasratas-vaseliini\/\" \/>\n<meta property=\"og:site_name\" content=\"Ebikespareparts.fi\" \/>\n<meta property=\"article:publisher\" content=\"https:\/\/www.facebook.com\/smhj.fi\" \/>\n<meta property=\"article:modified_time\" content=\"2026-04-23T00:00:12+00:00\" \/>\n<meta property=\"og:image\" content=\"https:\/\/ebikespareparts.fi\/wp-content\/uploads\/2025\/03\/U1QX3rENLtlqjUs2OsxDFTXZyT9ihEOWDjyILfKAwsxvxMcWMA.jpg\" \/>\n\t<meta property=\"og:image:width\" content=\"1000\" \/>\n\t<meta property=\"og:image:height\" content=\"666\" \/>\n\t<meta property=\"og:image:type\" content=\"image\/jpeg\" \/>\n<meta name=\"twitter:card\" content=\"summary_large_image\" \/>\n<meta name=\"twitter:label1\" content=\"Estimeret l\u00e6setid\" \/>\n\t<meta name=\"twitter:data1\" content=\"1 minut\" \/>\n<script type=\"application\/ld+json\" class=\"yoast-schema-graph\">{\"@context\":\"https:\\\/\\\/schema.org\",\"@graph\":[{\"@type\":\"WebPage\",\"@id\":\"https:\\\/\\\/ebikespareparts.fi\\\/tuote\\\/yamaha-hammasratas-vaseliini\\\/\",\"url\":\"https:\\\/\\\/ebikespareparts.fi\\\/tuote\\\/yamaha-hammasratas-vaseliini\\\/\",\"name\":\"PLA00940 Yamaha hammasratas vaseliini - Ebikespareparts.fi\",\"isPartOf\":{\"@id\":\"https:\\\/\\\/ebikespareparts.fi\\\/#website\"},\"primaryImageOfPage\":{\"@id\":\"https:\\\/\\\/ebikespareparts.fi\\\/tuote\\\/yamaha-hammasratas-vaseliini\\\/#primaryimage\"},\"image\":{\"@id\":\"https:\\\/\\\/ebikespareparts.fi\\\/tuote\\\/yamaha-hammasratas-vaseliini\\\/#primaryimage\"},\"thumbnailUrl\":\"https:\\\/\\\/ebikespareparts.fi\\\/wp-content\\\/uploads\\\/2025\\\/03\\\/U1QX3rENLtlqjUs2OsxDFTXZyT9ihEOWDjyILfKAwsxvxMcWMA.jpg\",\"datePublished\":\"2023-10-03T12:17:42+00:00\",\"dateModified\":\"2026-04-23T00:00:12+00:00\",\"breadcrumb\":{\"@id\":\"https:\\\/\\\/ebikespareparts.fi\\\/tuote\\\/yamaha-hammasratas-vaseliini\\\/#breadcrumb\"},\"inLanguage\":\"da-DK\",\"potentialAction\":[{\"@type\":\"ReadAction\",\"target\":[\"https:\\\/\\\/ebikespareparts.fi\\\/tuote\\\/yamaha-hammasratas-vaseliini\\\/\"]}]},{\"@type\":\"ImageObject\",\"inLanguage\":\"da-DK\",\"@id\":\"https:\\\/\\\/ebikespareparts.fi\\\/tuote\\\/yamaha-hammasratas-vaseliini\\\/#primaryimage\",\"url\":\"https:\\\/\\\/ebikespareparts.fi\\\/wp-content\\\/uploads\\\/2025\\\/03\\\/U1QX3rENLtlqjUs2OsxDFTXZyT9ihEOWDjyILfKAwsxvxMcWMA.jpg\",\"contentUrl\":\"https:\\\/\\\/ebikespareparts.fi\\\/wp-content\\\/uploads\\\/2025\\\/03\\\/U1QX3rENLtlqjUs2OsxDFTXZyT9ihEOWDjyILfKAwsxvxMcWMA.jpg\",\"width\":1000,\"height\":666,\"caption\":\"U1QX3rENLtlqjUs2OsxDFTXZyT9ihEOWDjyILfKAwsxvxMcWMA\"},{\"@type\":\"BreadcrumbList\",\"@id\":\"https:\\\/\\\/ebikespareparts.fi\\\/tuote\\\/yamaha-hammasratas-vaseliini\\\/#breadcrumb\",\"itemListElement\":[{\"@type\":\"ListItem\",\"position\":1,\"name\":\"Etusivu\",\"item\":\"https:\\\/\\\/ebikespareparts.fi\\\/\"},{\"@type\":\"ListItem\",\"position\":2,\"name\":\"Kauppa\",\"item\":\"https:\\\/\\\/ebikespareparts.fi\\\/kauppa\\\/\"},{\"@type\":\"ListItem\",\"position\":3,\"name\":\"PLA00940 Yamaha hammasratas vaseliini\"}]},{\"@type\":\"WebSite\",\"@id\":\"https:\\\/\\\/ebikespareparts.fi\\\/#website\",\"url\":\"https:\\\/\\\/ebikespareparts.fi\\\/\",\"name\":\"Ebikespareparts.fi\",\"description\":\"S\u00e4hk\u00f6py\u00f6r\u00e4n osat - E-bike osat - Huolto\",\"publisher\":{\"@id\":\"https:\\\/\\\/ebikespareparts.fi\\\/#organization\"},\"potentialAction\":[{\"@type\":\"SearchAction\",\"target\":{\"@type\":\"EntryPoint\",\"urlTemplate\":\"https:\\\/\\\/ebikespareparts.fi\\\/?s={search_term_string}\"},\"query-input\":{\"@type\":\"PropertyValueSpecification\",\"valueRequired\":true,\"valueName\":\"search_term_string\"}}],\"inLanguage\":\"da-DK\"},{\"@type\":\"Organization\",\"@id\":\"https:\\\/\\\/ebikespareparts.fi\\\/#organization\",\"name\":\"Ebikespareparts.fi\",\"url\":\"https:\\\/\\\/ebikespareparts.fi\\\/\",\"logo\":{\"@type\":\"ImageObject\",\"inLanguage\":\"da-DK\",\"@id\":\"https:\\\/\\\/ebikespareparts.fi\\\/#\\\/schema\\\/logo\\\/image\\\/\",\"url\":\"https:\\\/\\\/ebikespareparts.fi\\\/wp-content\\\/uploads\\\/2024\\\/05\\\/logo-musta-tausta.jpg\",\"contentUrl\":\"https:\\\/\\\/ebikespareparts.fi\\\/wp-content\\\/uploads\\\/2024\\\/05\\\/logo-musta-tausta.jpg\",\"width\":1013,\"height\":950,\"caption\":\"Ebikespareparts.fi\"},\"image\":{\"@id\":\"https:\\\/\\\/ebikespareparts.fi\\\/#\\\/schema\\\/logo\\\/image\\\/\"},\"sameAs\":[\"https:\\\/\\\/www.facebook.com\\\/smhj.fi\"]}]}<\/script>\n<!-- \/ Yoast SEO plugin. -->","yoast_head_json":{"title":"PLA00940 Yamaha hammasratas vaseliini - Ebikespareparts.fi","robots":{"index":"index","follow":"follow","max-snippet":"max-snippet:-1","max-image-preview":"max-image-preview:large","max-video-preview":"max-video-preview:-1"},"canonical":"https:\/\/ebikespareparts.fi\/da\/vare\/yamaha-hammasratas-vaseliini\/","og_locale":"da_DK","og_type":"article","og_title":"PLA00940 Yamaha hammasratas vaseliini - Ebikespareparts.fi","og_description":"Yamaha hammasratas vaseliini Pakkaus sis\u00e4lt\u00e4\u00e4 50 ml aitoa Yamaha MULTEMP AC-N\u00ae -moottorirasvaa. T\u00e4m\u00e4n pit\u00e4isi riitt\u00e4\u00e4 kahdesta kolmeen moottorin huoltoon. MULTEMP AC-N\u00ae on suhteellisen kallis rasva, jota on yleens\u00e4 saatavana vain suuria m\u00e4\u00e4ri\u00e4. Olemme dekantoineet t\u00e4m\u00e4n rasvan s\u00e4\u00e4st\u00e4\u00e4ksemme rahaa ja j\u00e4tett\u00e4.","og_url":"https:\/\/ebikespareparts.fi\/da\/vare\/yamaha-hammasratas-vaseliini\/","og_site_name":"Ebikespareparts.fi","article_publisher":"https:\/\/www.facebook.com\/smhj.fi","article_modified_time":"2026-04-23T00:00:12+00:00","og_image":[{"width":1000,"height":666,"url":"https:\/\/ebikespareparts.fi\/wp-content\/uploads\/2025\/03\/U1QX3rENLtlqjUs2OsxDFTXZyT9ihEOWDjyILfKAwsxvxMcWMA.jpg","type":"image\/jpeg"}],"twitter_card":"summary_large_image","twitter_misc":{"Estimeret l\u00e6setid":"1 minut"},"schema":{"@context":"https:\/\/schema.org","@graph":[{"@type":"WebPage","@id":"https:\/\/ebikespareparts.fi\/tuote\/yamaha-hammasratas-vaseliini\/","url":"https:\/\/ebikespareparts.fi\/tuote\/yamaha-hammasratas-vaseliini\/","name":"PLA00940 Yamaha hammasratas vaseliini - Ebikespareparts.fi","isPartOf":{"@id":"https:\/\/ebikespareparts.fi\/#website"},"primaryImageOfPage":{"@id":"https:\/\/ebikespareparts.fi\/tuote\/yamaha-hammasratas-vaseliini\/#primaryimage"},"image":{"@id":"https:\/\/ebikespareparts.fi\/tuote\/yamaha-hammasratas-vaseliini\/#primaryimage"},"thumbnailUrl":"https:\/\/ebikespareparts.fi\/wp-content\/uploads\/2025\/03\/U1QX3rENLtlqjUs2OsxDFTXZyT9ihEOWDjyILfKAwsxvxMcWMA.jpg","datePublished":"2023-10-03T12:17:42+00:00","dateModified":"2026-04-23T00:00:12+00:00","breadcrumb":{"@id":"https:\/\/ebikespareparts.fi\/tuote\/yamaha-hammasratas-vaseliini\/#breadcrumb"},"inLanguage":"da-DK","potentialAction":[{"@type":"ReadAction","target":["https:\/\/ebikespareparts.fi\/tuote\/yamaha-hammasratas-vaseliini\/"]}]},{"@type":"ImageObject","inLanguage":"da-DK","@id":"https:\/\/ebikespareparts.fi\/tuote\/yamaha-hammasratas-vaseliini\/#primaryimage","url":"https:\/\/ebikespareparts.fi\/wp-content\/uploads\/2025\/03\/U1QX3rENLtlqjUs2OsxDFTXZyT9ihEOWDjyILfKAwsxvxMcWMA.jpg","contentUrl":"https:\/\/ebikespareparts.fi\/wp-content\/uploads\/2025\/03\/U1QX3rENLtlqjUs2OsxDFTXZyT9ihEOWDjyILfKAwsxvxMcWMA.jpg","width":1000,"height":666,"caption":"U1QX3rENLtlqjUs2OsxDFTXZyT9ihEOWDjyILfKAwsxvxMcWMA"},{"@type":"BreadcrumbList","@id":"https:\/\/ebikespareparts.fi\/tuote\/yamaha-hammasratas-vaseliini\/#breadcrumb","itemListElement":[{"@type":"ListItem","position":1,"name":"Etusivu","item":"https:\/\/ebikespareparts.fi\/"},{"@type":"ListItem","position":2,"name":"Kauppa","item":"https:\/\/ebikespareparts.fi\/kauppa\/"},{"@type":"ListItem","position":3,"name":"PLA00940 Yamaha hammasratas vaseliini"}]},{"@type":"WebSite","@id":"https:\/\/ebikespareparts.fi\/#website","url":"https:\/\/ebikespareparts.fi\/","name":"Ebikespareparts.fi","description":"S\u00e4hk\u00f6py\u00f6r\u00e4n osat - E-bike osat - Huolto","publisher":{"@id":"https:\/\/ebikespareparts.fi\/#organization"},"potentialAction":[{"@type":"SearchAction","target":{"@type":"EntryPoint","urlTemplate":"https:\/\/ebikespareparts.fi\/?s={search_term_string}"},"query-input":{"@type":"PropertyValueSpecification","valueRequired":true,"valueName":"search_term_string"}}],"inLanguage":"da-DK"},{"@type":"Organization","@id":"https:\/\/ebikespareparts.fi\/#organization","name":"Ebikespareparts.fi","url":"https:\/\/ebikespareparts.fi\/","logo":{"@type":"ImageObject","inLanguage":"da-DK","@id":"https:\/\/ebikespareparts.fi\/#\/schema\/logo\/image\/","url":"https:\/\/ebikespareparts.fi\/wp-content\/uploads\/2024\/05\/logo-musta-tausta.jpg","contentUrl":"https:\/\/ebikespareparts.fi\/wp-content\/uploads\/2024\/05\/logo-musta-tausta.jpg","width":1013,"height":950,"caption":"Ebikespareparts.fi"},"image":{"@id":"https:\/\/ebikespareparts.fi\/#\/schema\/logo\/image\/"},"sameAs":["https:\/\/www.facebook.com\/smhj.fi"]}]}},"_links":{"self":[{"href":"https:\/\/ebikespareparts.fi\/da\/wp-json\/wp\/v2\/product\/282","targetHints":{"allow":["GET"]}}],"collection":[{"href":"https:\/\/ebikespareparts.fi\/da\/wp-json\/wp\/v2\/product"}],"about":[{"href":"https:\/\/ebikespareparts.fi\/da\/wp-json\/wp\/v2\/types\/product"}],"replies":[{"embeddable":true,"href":"https:\/\/ebikespareparts.fi\/da\/wp-json\/wp\/v2\/comments?post=282"}],"version-history":[{"count":1,"href":"https:\/\/ebikespareparts.fi\/da\/wp-json\/wp\/v2\/product\/282\/revisions"}],"predecessor-version":[{"id":49125,"href":"https:\/\/ebikespareparts.fi\/da\/wp-json\/wp\/v2\/product\/282\/revisions\/49125"}],"wp:featuredmedia":[{"embeddable":true,"href":"https:\/\/ebikespareparts.fi\/da\/wp-json\/wp\/v2\/media\/47476"}],"wp:attachment":[{"href":"https:\/\/ebikespareparts.fi\/da\/wp-json\/wp\/v2\/media?parent=282"}],"wp:term":[{"taxonomy":"product_brand","embeddable":true,"href":"https:\/\/ebikespareparts.fi\/da\/wp-json\/wp\/v2\/product_brand?post=282"},{"taxonomy":"product_cat","embeddable":true,"href":"https:\/\/ebikespareparts.fi\/da\/wp-json\/wp\/v2\/product_cat?post=282"},{"taxonomy":"product_tag","embeddable":true,"href":"https:\/\/ebikespareparts.fi\/da\/wp-json\/wp\/v2\/product_tag?post=282"}],"curies":[{"name":"wp","href":"https:\/\/api.w.org\/{rel}","templated":true}]}}