{"id":285,"date":"2023-10-03T15:17:42","date_gmt":"2023-10-03T12:17:42","guid":{"rendered":"https:\/\/ebikespareparts.fi\/?post_type=product&#038;p=285"},"modified":"2026-03-10T15:27:22","modified_gmt":"2026-03-10T13:27:22","slug":"pla00924a-bosch-moottorin-laakeri-ja-asennustyokalu","status":"publish","type":"product","link":"https:\/\/ebikespareparts.fi\/da\/vare\/pla00924a-bosch-moottorin-laakeri-ja-asennustyokalu\/","title":{"rendered":"PLA00924A Bosch motorleje og installationsv\u00e6rkt\u00f8j"},"content":{"rendered":"<h2>PLA00924A Bosch motorleje og installationsv\u00e6rkt\u00f8j<\/h2>\n<p id=\"tw-target-text\" dir=\"ltr\" data-placeholder=\"K\u00e4\u00e4nn\u00f6s\">Dette v\u00e6rkt\u00f8j sikrer, at motorens nye hovedleje installeres uden at for\u00e5rsage skade. Hovedlejet i en Bosch Gen 2-motor er et stort leje med meget sm\u00e5 kuglelejer. Disse kuglelejer kan meget let blive beskadiget, n\u00e5r lejet monteres. Med v\u00e6rkt\u00f8jet til motorens hovedleje kan lejet monteres p\u00e5 motord\u00e6kslet og derefter st\u00f8tte lejet, mens gearkonsollen\/hovedet monteres p\u00e5 lejet.<\/p>","protected":false},"excerpt":{"rendered":"<p>PLA00924A Bosch moottorin laakeri ja asennusty\u00f6kalu T\u00e4m\u00e4 ty\u00f6kalu varmistaa, ett\u00e4 uusi moottorin p\u00e4\u00e4laakeri asennetaan ilman, ett\u00e4 syntyy vaurioita. Bosch Gen 2 -moottoriin asennettu p\u00e4\u00e4laakeri on suuri laakeri, jossa on eritt\u00e4in pienet kuulalaakerit. N\u00e4m\u00e4 kuulalaakerit voivat vaurioitua eritt\u00e4in helposti laakeria asennettaessa.P\u00e4\u00e4moottorin laakerity\u00f6kalulla voidaan asentaa laakeri moottorin kanteen ja sitten tukea laakeria samalla, kun hammaspy\u00f6r\u00e4n kannatin\/p\u00e4\u00e4osa asennetan <a href=\"https:\/\/ebikespareparts.fi\/da\/vare\/pla00924a-bosch-moottorin-laakeri-ja-asennustyokalu\/\" class=\"more-link\">&#8230;<span class=\"screen-reader-text\">  PLA00924A Bosch motorleje og installationsv\u00e6rkt\u00f8j<\/span><\/a><\/p>","protected":false},"featured_media":47392,"comment_status":"closed","ping_status":"closed","template":"","meta":{"_acf_changed":false},"product_brand":[],"product_cat":[18,19,46,39],"product_tag":[],"class_list":{"0":"post-285","1":"product","2":"type-product","3":"status-publish","4":"has-post-thumbnail","6":"product_cat-bosch-gen-2","7":"product_cat-bosch-laakerit","8":"product_cat-bosch-tyokalut","9":"product_cat-tyokalut","10":"product_shipping_class-small","12":"first","13":"outofstock","14":"taxable","15":"shipping-taxable","16":"purchasable","17":"product-type-simple"},"acf":[],"yoast_head":"<!-- This site is optimized with the Yoast SEO plugin v27.5 - https:\/\/yoast.com\/product\/yoast-seo-wordpress\/ -->\n<title>PLA00924A Bosch moottorin laakeri ja asennusty\u00f6kalu - Ebikespareparts.fi<\/title>\n<meta name=\"robots\" content=\"index, follow, max-snippet:-1, max-image-preview:large, max-video-preview:-1\" \/>\n<link rel=\"canonical\" href=\"https:\/\/ebikespareparts.fi\/da\/vare\/pla00924a-bosch-moottorin-laakeri-ja-asennustyokalu\/\" \/>\n<meta property=\"og:locale\" content=\"da_DK\" \/>\n<meta property=\"og:type\" content=\"article\" \/>\n<meta property=\"og:title\" content=\"PLA00924A Bosch moottorin laakeri ja asennusty\u00f6kalu - Ebikespareparts.fi\" \/>\n<meta property=\"og:description\" content=\"PLA00924A Bosch moottorin laakeri ja asennusty\u00f6kalu T\u00e4m\u00e4 ty\u00f6kalu varmistaa, ett\u00e4 uusi moottorin p\u00e4\u00e4laakeri asennetaan ilman, ett\u00e4 syntyy vaurioita. Bosch Gen 2 -moottoriin asennettu p\u00e4\u00e4laakeri on suuri laakeri, jossa on eritt\u00e4in pienet kuulalaakerit. N\u00e4m\u00e4 kuulalaakerit voivat vaurioitua eritt\u00e4in helposti laakeria asennettaessa.P\u00e4\u00e4moottorin laakerity\u00f6kalulla voidaan asentaa laakeri moottorin kanteen ja sitten tukea laakeria samalla, kun hammaspy\u00f6r\u00e4n kannatin\/p\u00e4\u00e4osa asennetan ... PLA00924A Bosch moottorin laakeri ja asennusty\u00f6kalu\" \/>\n<meta property=\"og:url\" content=\"https:\/\/ebikespareparts.fi\/da\/vare\/pla00924a-bosch-moottorin-laakeri-ja-asennustyokalu\/\" \/>\n<meta property=\"og:site_name\" content=\"Ebikespareparts.fi\" \/>\n<meta property=\"article:publisher\" content=\"https:\/\/www.facebook.com\/smhj.fi\" \/>\n<meta property=\"article:modified_time\" content=\"2026-03-10T13:27:22+00:00\" \/>\n<meta property=\"og:image\" content=\"https:\/\/ebikespareparts.fi\/wp-content\/uploads\/2025\/03\/mKclwV2QEoXMd61CHWqYqenjD3kyoVJaTbRwTX2BO09trXv1vM.jpg\" \/>\n\t<meta property=\"og:image:width\" content=\"1000\" \/>\n\t<meta property=\"og:image:height\" content=\"666\" \/>\n\t<meta property=\"og:image:type\" content=\"image\/jpeg\" \/>\n<meta name=\"twitter:card\" content=\"summary_large_image\" \/>\n<meta name=\"twitter:label1\" content=\"Estimeret l\u00e6setid\" \/>\n\t<meta name=\"twitter:data1\" content=\"1 minut\" \/>\n<script type=\"application\/ld+json\" class=\"yoast-schema-graph\">{\"@context\":\"https:\\\/\\\/schema.org\",\"@graph\":[{\"@type\":\"WebPage\",\"@id\":\"https:\\\/\\\/ebikespareparts.fi\\\/tuote\\\/pla00924a-bosch-moottorin-laakeri-ja-asennustyokalu\\\/\",\"url\":\"https:\\\/\\\/ebikespareparts.fi\\\/tuote\\\/pla00924a-bosch-moottorin-laakeri-ja-asennustyokalu\\\/\",\"name\":\"PLA00924A Bosch moottorin laakeri ja asennusty\u00f6kalu - Ebikespareparts.fi\",\"isPartOf\":{\"@id\":\"https:\\\/\\\/ebikespareparts.fi\\\/#website\"},\"primaryImageOfPage\":{\"@id\":\"https:\\\/\\\/ebikespareparts.fi\\\/tuote\\\/pla00924a-bosch-moottorin-laakeri-ja-asennustyokalu\\\/#primaryimage\"},\"image\":{\"@id\":\"https:\\\/\\\/ebikespareparts.fi\\\/tuote\\\/pla00924a-bosch-moottorin-laakeri-ja-asennustyokalu\\\/#primaryimage\"},\"thumbnailUrl\":\"https:\\\/\\\/ebikespareparts.fi\\\/wp-content\\\/uploads\\\/2025\\\/03\\\/mKclwV2QEoXMd61CHWqYqenjD3kyoVJaTbRwTX2BO09trXv1vM.jpg\",\"datePublished\":\"2023-10-03T12:17:42+00:00\",\"dateModified\":\"2026-03-10T13:27:22+00:00\",\"breadcrumb\":{\"@id\":\"https:\\\/\\\/ebikespareparts.fi\\\/tuote\\\/pla00924a-bosch-moottorin-laakeri-ja-asennustyokalu\\\/#breadcrumb\"},\"inLanguage\":\"da-DK\",\"potentialAction\":[{\"@type\":\"ReadAction\",\"target\":[\"https:\\\/\\\/ebikespareparts.fi\\\/tuote\\\/pla00924a-bosch-moottorin-laakeri-ja-asennustyokalu\\\/\"]}]},{\"@type\":\"ImageObject\",\"inLanguage\":\"da-DK\",\"@id\":\"https:\\\/\\\/ebikespareparts.fi\\\/tuote\\\/pla00924a-bosch-moottorin-laakeri-ja-asennustyokalu\\\/#primaryimage\",\"url\":\"https:\\\/\\\/ebikespareparts.fi\\\/wp-content\\\/uploads\\\/2025\\\/03\\\/mKclwV2QEoXMd61CHWqYqenjD3kyoVJaTbRwTX2BO09trXv1vM.jpg\",\"contentUrl\":\"https:\\\/\\\/ebikespareparts.fi\\\/wp-content\\\/uploads\\\/2025\\\/03\\\/mKclwV2QEoXMd61CHWqYqenjD3kyoVJaTbRwTX2BO09trXv1vM.jpg\",\"width\":1000,\"height\":666,\"caption\":\"mKclwV2QEoXMd61CHWqYqenjD3kyoVJaTbRwTX2BO09trXv1vM\"},{\"@type\":\"BreadcrumbList\",\"@id\":\"https:\\\/\\\/ebikespareparts.fi\\\/tuote\\\/pla00924a-bosch-moottorin-laakeri-ja-asennustyokalu\\\/#breadcrumb\",\"itemListElement\":[{\"@type\":\"ListItem\",\"position\":1,\"name\":\"Etusivu\",\"item\":\"https:\\\/\\\/ebikespareparts.fi\\\/\"},{\"@type\":\"ListItem\",\"position\":2,\"name\":\"Kauppa\",\"item\":\"https:\\\/\\\/ebikespareparts.fi\\\/kauppa\\\/\"},{\"@type\":\"ListItem\",\"position\":3,\"name\":\"PLA00924A Bosch moottorin laakeri ja asennusty\u00f6kalu\"}]},{\"@type\":\"WebSite\",\"@id\":\"https:\\\/\\\/ebikespareparts.fi\\\/#website\",\"url\":\"https:\\\/\\\/ebikespareparts.fi\\\/\",\"name\":\"Ebikespareparts.fi\",\"description\":\"S\u00e4hk\u00f6py\u00f6r\u00e4n osat - E-bike osat - Huolto\",\"publisher\":{\"@id\":\"https:\\\/\\\/ebikespareparts.fi\\\/#organization\"},\"potentialAction\":[{\"@type\":\"SearchAction\",\"target\":{\"@type\":\"EntryPoint\",\"urlTemplate\":\"https:\\\/\\\/ebikespareparts.fi\\\/?s={search_term_string}\"},\"query-input\":{\"@type\":\"PropertyValueSpecification\",\"valueRequired\":true,\"valueName\":\"search_term_string\"}}],\"inLanguage\":\"da-DK\"},{\"@type\":\"Organization\",\"@id\":\"https:\\\/\\\/ebikespareparts.fi\\\/#organization\",\"name\":\"Ebikespareparts.fi\",\"url\":\"https:\\\/\\\/ebikespareparts.fi\\\/\",\"logo\":{\"@type\":\"ImageObject\",\"inLanguage\":\"da-DK\",\"@id\":\"https:\\\/\\\/ebikespareparts.fi\\\/#\\\/schema\\\/logo\\\/image\\\/\",\"url\":\"https:\\\/\\\/ebikespareparts.fi\\\/wp-content\\\/uploads\\\/2024\\\/05\\\/logo-musta-tausta.jpg\",\"contentUrl\":\"https:\\\/\\\/ebikespareparts.fi\\\/wp-content\\\/uploads\\\/2024\\\/05\\\/logo-musta-tausta.jpg\",\"width\":1013,\"height\":950,\"caption\":\"Ebikespareparts.fi\"},\"image\":{\"@id\":\"https:\\\/\\\/ebikespareparts.fi\\\/#\\\/schema\\\/logo\\\/image\\\/\"},\"sameAs\":[\"https:\\\/\\\/www.facebook.com\\\/smhj.fi\"]}]}<\/script>\n<!-- \/ Yoast SEO plugin. -->","yoast_head_json":{"title":"PLA00924A Bosch moottorin laakeri ja asennusty\u00f6kalu - Ebikespareparts.fi","robots":{"index":"index","follow":"follow","max-snippet":"max-snippet:-1","max-image-preview":"max-image-preview:large","max-video-preview":"max-video-preview:-1"},"canonical":"https:\/\/ebikespareparts.fi\/da\/vare\/pla00924a-bosch-moottorin-laakeri-ja-asennustyokalu\/","og_locale":"da_DK","og_type":"article","og_title":"PLA00924A Bosch moottorin laakeri ja asennusty\u00f6kalu - Ebikespareparts.fi","og_description":"PLA00924A Bosch moottorin laakeri ja asennusty\u00f6kalu T\u00e4m\u00e4 ty\u00f6kalu varmistaa, ett\u00e4 uusi moottorin p\u00e4\u00e4laakeri asennetaan ilman, ett\u00e4 syntyy vaurioita. Bosch Gen 2 -moottoriin asennettu p\u00e4\u00e4laakeri on suuri laakeri, jossa on eritt\u00e4in pienet kuulalaakerit. N\u00e4m\u00e4 kuulalaakerit voivat vaurioitua eritt\u00e4in helposti laakeria asennettaessa.P\u00e4\u00e4moottorin laakerity\u00f6kalulla voidaan asentaa laakeri moottorin kanteen ja sitten tukea laakeria samalla, kun hammaspy\u00f6r\u00e4n kannatin\/p\u00e4\u00e4osa asennetan ... PLA00924A Bosch moottorin laakeri ja asennusty\u00f6kalu","og_url":"https:\/\/ebikespareparts.fi\/da\/vare\/pla00924a-bosch-moottorin-laakeri-ja-asennustyokalu\/","og_site_name":"Ebikespareparts.fi","article_publisher":"https:\/\/www.facebook.com\/smhj.fi","article_modified_time":"2026-03-10T13:27:22+00:00","og_image":[{"width":1000,"height":666,"url":"https:\/\/ebikespareparts.fi\/wp-content\/uploads\/2025\/03\/mKclwV2QEoXMd61CHWqYqenjD3kyoVJaTbRwTX2BO09trXv1vM.jpg","type":"image\/jpeg"}],"twitter_card":"summary_large_image","twitter_misc":{"Estimeret l\u00e6setid":"1 minut"},"schema":{"@context":"https:\/\/schema.org","@graph":[{"@type":"WebPage","@id":"https:\/\/ebikespareparts.fi\/tuote\/pla00924a-bosch-moottorin-laakeri-ja-asennustyokalu\/","url":"https:\/\/ebikespareparts.fi\/tuote\/pla00924a-bosch-moottorin-laakeri-ja-asennustyokalu\/","name":"PLA00924A Bosch moottorin laakeri ja asennusty\u00f6kalu - Ebikespareparts.fi","isPartOf":{"@id":"https:\/\/ebikespareparts.fi\/#website"},"primaryImageOfPage":{"@id":"https:\/\/ebikespareparts.fi\/tuote\/pla00924a-bosch-moottorin-laakeri-ja-asennustyokalu\/#primaryimage"},"image":{"@id":"https:\/\/ebikespareparts.fi\/tuote\/pla00924a-bosch-moottorin-laakeri-ja-asennustyokalu\/#primaryimage"},"thumbnailUrl":"https:\/\/ebikespareparts.fi\/wp-content\/uploads\/2025\/03\/mKclwV2QEoXMd61CHWqYqenjD3kyoVJaTbRwTX2BO09trXv1vM.jpg","datePublished":"2023-10-03T12:17:42+00:00","dateModified":"2026-03-10T13:27:22+00:00","breadcrumb":{"@id":"https:\/\/ebikespareparts.fi\/tuote\/pla00924a-bosch-moottorin-laakeri-ja-asennustyokalu\/#breadcrumb"},"inLanguage":"da-DK","potentialAction":[{"@type":"ReadAction","target":["https:\/\/ebikespareparts.fi\/tuote\/pla00924a-bosch-moottorin-laakeri-ja-asennustyokalu\/"]}]},{"@type":"ImageObject","inLanguage":"da-DK","@id":"https:\/\/ebikespareparts.fi\/tuote\/pla00924a-bosch-moottorin-laakeri-ja-asennustyokalu\/#primaryimage","url":"https:\/\/ebikespareparts.fi\/wp-content\/uploads\/2025\/03\/mKclwV2QEoXMd61CHWqYqenjD3kyoVJaTbRwTX2BO09trXv1vM.jpg","contentUrl":"https:\/\/ebikespareparts.fi\/wp-content\/uploads\/2025\/03\/mKclwV2QEoXMd61CHWqYqenjD3kyoVJaTbRwTX2BO09trXv1vM.jpg","width":1000,"height":666,"caption":"mKclwV2QEoXMd61CHWqYqenjD3kyoVJaTbRwTX2BO09trXv1vM"},{"@type":"BreadcrumbList","@id":"https:\/\/ebikespareparts.fi\/tuote\/pla00924a-bosch-moottorin-laakeri-ja-asennustyokalu\/#breadcrumb","itemListElement":[{"@type":"ListItem","position":1,"name":"Etusivu","item":"https:\/\/ebikespareparts.fi\/"},{"@type":"ListItem","position":2,"name":"Kauppa","item":"https:\/\/ebikespareparts.fi\/kauppa\/"},{"@type":"ListItem","position":3,"name":"PLA00924A Bosch moottorin laakeri ja asennusty\u00f6kalu"}]},{"@type":"WebSite","@id":"https:\/\/ebikespareparts.fi\/#website","url":"https:\/\/ebikespareparts.fi\/","name":"Ebikespareparts.fi","description":"S\u00e4hk\u00f6py\u00f6r\u00e4n osat - E-bike osat - Huolto","publisher":{"@id":"https:\/\/ebikespareparts.fi\/#organization"},"potentialAction":[{"@type":"SearchAction","target":{"@type":"EntryPoint","urlTemplate":"https:\/\/ebikespareparts.fi\/?s={search_term_string}"},"query-input":{"@type":"PropertyValueSpecification","valueRequired":true,"valueName":"search_term_string"}}],"inLanguage":"da-DK"},{"@type":"Organization","@id":"https:\/\/ebikespareparts.fi\/#organization","name":"Ebikespareparts.fi","url":"https:\/\/ebikespareparts.fi\/","logo":{"@type":"ImageObject","inLanguage":"da-DK","@id":"https:\/\/ebikespareparts.fi\/#\/schema\/logo\/image\/","url":"https:\/\/ebikespareparts.fi\/wp-content\/uploads\/2024\/05\/logo-musta-tausta.jpg","contentUrl":"https:\/\/ebikespareparts.fi\/wp-content\/uploads\/2024\/05\/logo-musta-tausta.jpg","width":1013,"height":950,"caption":"Ebikespareparts.fi"},"image":{"@id":"https:\/\/ebikespareparts.fi\/#\/schema\/logo\/image\/"},"sameAs":["https:\/\/www.facebook.com\/smhj.fi"]}]}},"_links":{"self":[{"href":"https:\/\/ebikespareparts.fi\/da\/wp-json\/wp\/v2\/product\/285","targetHints":{"allow":["GET"]}}],"collection":[{"href":"https:\/\/ebikespareparts.fi\/da\/wp-json\/wp\/v2\/product"}],"about":[{"href":"https:\/\/ebikespareparts.fi\/da\/wp-json\/wp\/v2\/types\/product"}],"replies":[{"embeddable":true,"href":"https:\/\/ebikespareparts.fi\/da\/wp-json\/wp\/v2\/comments?post=285"}],"version-history":[{"count":1,"href":"https:\/\/ebikespareparts.fi\/da\/wp-json\/wp\/v2\/product\/285\/revisions"}],"predecessor-version":[{"id":49151,"href":"https:\/\/ebikespareparts.fi\/da\/wp-json\/wp\/v2\/product\/285\/revisions\/49151"}],"wp:featuredmedia":[{"embeddable":true,"href":"https:\/\/ebikespareparts.fi\/da\/wp-json\/wp\/v2\/media\/47392"}],"wp:attachment":[{"href":"https:\/\/ebikespareparts.fi\/da\/wp-json\/wp\/v2\/media?parent=285"}],"wp:term":[{"taxonomy":"product_brand","embeddable":true,"href":"https:\/\/ebikespareparts.fi\/da\/wp-json\/wp\/v2\/product_brand?post=285"},{"taxonomy":"product_cat","embeddable":true,"href":"https:\/\/ebikespareparts.fi\/da\/wp-json\/wp\/v2\/product_cat?post=285"},{"taxonomy":"product_tag","embeddable":true,"href":"https:\/\/ebikespareparts.fi\/da\/wp-json\/wp\/v2\/product_tag?post=285"}],"curies":[{"name":"wp","href":"https:\/\/api.w.org\/{rel}","templated":true}]}}