{"id":350,"date":"2023-10-03T15:18:00","date_gmt":"2023-10-03T12:18:00","guid":{"rendered":"https:\/\/ebikespareparts.fi\/?post_type=product&#038;p=350"},"modified":"2026-03-10T15:27:24","modified_gmt":"2026-03-10T13:27:24","slug":"plb20140-brose-s-t-moottorin-hiilikuitu-vahvistettu-kayttohihnasarja-osa-no-plb20140","status":"publish","type":"product","link":"https:\/\/ebikespareparts.fi\/da\/vare\/plb20140-brose-s-t-moottorin-hiilikuitu-vahvistettu-kayttohihnasarja-osa-no-plb20140\/","title":{"rendered":"PLB20140 Kulfiberforst\u00e6rket drivrems\u00e6t til Brose S&amp;T-motor"},"content":{"rendered":"<p>PLB20140 Brose S&amp;T aluminium coppa. Begge sider af motorens Brose kulfiberrem skal sm\u00f8res rigeligt med \u201dteknisk\u201d vaseline. Hvis det ikke g\u00f8res, vil det resultere i h\u00f8jt slid og h\u00f8j temperatur p\u00e5 remmen og kan for\u00e5rsage overdreven st\u00f8j. Teknisk vaseline er en ikke-\u00e6tsende blanding af olier og langk\u00e6dede upol\u00e6re kulbrinter, men er generelt tykkere end vaseline af farmaceutisk kvalitet. Produktet har et lavt smeltepunkt, hvilket er vigtigt, hvis remmen t\u00f8rrer ud og begynder at blive varm.<\/p>\n<p>PLB20151 Teknisk Vaseline til sm\u00f8ring af drivremmen p\u00e5f\u00f8res bedst med en gammel tandb\u00f8rste, der er god til det.<\/p>\n<p><strong>BEM\u00c6RK! Et par tips. Husk at fjerne remskivens justeringsskrue, f\u00f8r du fjerner sided\u00e6kslet. Brug en 6 mm gevindn\u00e5l til at rense gevindet. Monter f\u00f8rst spindlen, n\u00e5r du har monteret sidehovedet for at g\u00f8re arbejdet lettere Sm\u00f8r remmen p\u00e5 begge sider Husk, at remsp\u00e6ndingen kun er 0,2 nm, hvis den bliver for stram, kan den \u00f8del\u00e6gge remskiven og elmotorens leje s\u00e5vel som remmen. Momentn\u00f8gle 0,2nm produktnummer PLA00925 kan findes i Brose's v\u00e6rkt\u00f8jssektion.<\/strong><\/p>","protected":false},"excerpt":{"rendered":"<p>PLB20140 Brose S &amp; T alumiini koppainen. Moottorin Brose-hiilikuituhihnan molemmat puolet on voideltava runsaasti &#8221;teknisell\u00e4&#8221; vaseliinilla. T\u00e4m\u00e4n laiminly\u00f6nti johtaa hihnan korkeaan kulumiseen ja l\u00e4mp\u00f6tilaan ja voi aiheuttaa liiallista melua. Tekninen vaseliini on sy\u00f6vytt\u00e4m\u00e4t\u00f6n \u00f6ljyjen ja pitk\u00e4ketjuisten ei-polaaristen hiilivetyjen seos, mutta yleens\u00e4 paksumpi kuin farmaseuttinen vaseliini. Tuotteella on alhainen sulamispiste joka on t\u00e4rke\u00e4\u00e4, jos hihna kuivuu <a href=\"https:\/\/ebikespareparts.fi\/da\/vare\/plb20140-brose-s-t-moottorin-hiilikuitu-vahvistettu-kayttohihnasarja-osa-no-plb20140\/\" class=\"more-link\">&#8230;<span class=\"screen-reader-text\">  PLB20140 Kulfiberforst\u00e6rket drivrems\u00e6t til Brose S&amp;T-motor<\/span><\/a><\/p>","protected":false},"featured_media":47524,"comment_status":"open","ping_status":"closed","template":"","meta":{"_acf_changed":false},"product_brand":[],"product_cat":[66,131],"product_tag":[],"class_list":{"0":"post-350","1":"product","2":"type-product","3":"status-publish","4":"has-post-thumbnail","6":"product_cat-brose","7":"product_cat-brose-moottorit-ja-varaosat","9":"first","10":"outofstock","11":"taxable","12":"shipping-taxable","13":"purchasable","14":"product-type-simple"},"acf":[],"yoast_head":"<!-- This site is optimized with the Yoast SEO plugin v27.5 - https:\/\/yoast.com\/product\/yoast-seo-wordpress\/ -->\n<title>PLB20140 Brose S &amp; T -moottorin hiilikuitu vahvistettu k\u00e4ytt\u00f6hihnasarja - Ebikespareparts.fi<\/title>\n<meta name=\"robots\" content=\"index, follow, max-snippet:-1, max-image-preview:large, max-video-preview:-1\" \/>\n<link rel=\"canonical\" href=\"https:\/\/ebikespareparts.fi\/da\/vare\/plb20140-brose-s-t-moottorin-hiilikuitu-vahvistettu-kayttohihnasarja-osa-no-plb20140\/\" \/>\n<meta property=\"og:locale\" content=\"da_DK\" \/>\n<meta property=\"og:type\" content=\"article\" \/>\n<meta property=\"og:title\" content=\"PLB20140 Brose S &amp; T -moottorin hiilikuitu vahvistettu k\u00e4ytt\u00f6hihnasarja - Ebikespareparts.fi\" \/>\n<meta property=\"og:description\" content=\"PLB20140 Brose S &amp; T alumiini koppainen. Moottorin Brose-hiilikuituhihnan molemmat puolet on voideltava runsaasti &#8221;teknisell\u00e4&#8221; vaseliinilla. T\u00e4m\u00e4n laiminly\u00f6nti johtaa hihnan korkeaan kulumiseen ja l\u00e4mp\u00f6tilaan ja voi aiheuttaa liiallista melua. Tekninen vaseliini on sy\u00f6vytt\u00e4m\u00e4t\u00f6n \u00f6ljyjen ja pitk\u00e4ketjuisten ei-polaaristen hiilivetyjen seos, mutta yleens\u00e4 paksumpi kuin farmaseuttinen vaseliini. Tuotteella on alhainen sulamispiste joka on t\u00e4rke\u00e4\u00e4, jos hihna kuivuu ... PLB20140 Brose S &amp; T -moottorin hiilikuitu vahvistettu k\u00e4ytt\u00f6hihnasarja\" \/>\n<meta property=\"og:url\" content=\"https:\/\/ebikespareparts.fi\/da\/vare\/plb20140-brose-s-t-moottorin-hiilikuitu-vahvistettu-kayttohihnasarja-osa-no-plb20140\/\" \/>\n<meta property=\"og:site_name\" content=\"Ebikespareparts.fi\" \/>\n<meta property=\"article:publisher\" content=\"https:\/\/www.facebook.com\/smhj.fi\" \/>\n<meta property=\"article:modified_time\" content=\"2026-03-10T13:27:24+00:00\" \/>\n<meta property=\"og:image\" content=\"https:\/\/ebikespareparts.fi\/wp-content\/uploads\/2025\/03\/q8a54ObfkZtpmwODSUCuLi9UOa77H87MUEIV2WjRGcfLiQjsJb.jpg\" \/>\n\t<meta property=\"og:image:width\" content=\"1000\" \/>\n\t<meta property=\"og:image:height\" content=\"628\" \/>\n\t<meta property=\"og:image:type\" content=\"image\/jpeg\" \/>\n<meta name=\"twitter:card\" content=\"summary_large_image\" \/>\n<meta name=\"twitter:label1\" content=\"Estimeret l\u00e6setid\" \/>\n\t<meta name=\"twitter:data1\" content=\"2 minutter\" \/>\n<script type=\"application\/ld+json\" class=\"yoast-schema-graph\">{\"@context\":\"https:\\\/\\\/schema.org\",\"@graph\":[{\"@type\":\"WebPage\",\"@id\":\"https:\\\/\\\/ebikespareparts.fi\\\/tuote\\\/plb20140-brose-s-t-moottorin-hiilikuitu-vahvistettu-kayttohihnasarja-osa-no-plb20140\\\/\",\"url\":\"https:\\\/\\\/ebikespareparts.fi\\\/tuote\\\/plb20140-brose-s-t-moottorin-hiilikuitu-vahvistettu-kayttohihnasarja-osa-no-plb20140\\\/\",\"name\":\"PLB20140 Brose S &amp; T -moottorin hiilikuitu vahvistettu k\u00e4ytt\u00f6hihnasarja - Ebikespareparts.fi\",\"isPartOf\":{\"@id\":\"https:\\\/\\\/ebikespareparts.fi\\\/#website\"},\"primaryImageOfPage\":{\"@id\":\"https:\\\/\\\/ebikespareparts.fi\\\/tuote\\\/plb20140-brose-s-t-moottorin-hiilikuitu-vahvistettu-kayttohihnasarja-osa-no-plb20140\\\/#primaryimage\"},\"image\":{\"@id\":\"https:\\\/\\\/ebikespareparts.fi\\\/tuote\\\/plb20140-brose-s-t-moottorin-hiilikuitu-vahvistettu-kayttohihnasarja-osa-no-plb20140\\\/#primaryimage\"},\"thumbnailUrl\":\"https:\\\/\\\/ebikespareparts.fi\\\/wp-content\\\/uploads\\\/2025\\\/03\\\/q8a54ObfkZtpmwODSUCuLi9UOa77H87MUEIV2WjRGcfLiQjsJb.jpg\",\"datePublished\":\"2023-10-03T12:18:00+00:00\",\"dateModified\":\"2026-03-10T13:27:24+00:00\",\"breadcrumb\":{\"@id\":\"https:\\\/\\\/ebikespareparts.fi\\\/tuote\\\/plb20140-brose-s-t-moottorin-hiilikuitu-vahvistettu-kayttohihnasarja-osa-no-plb20140\\\/#breadcrumb\"},\"inLanguage\":\"da-DK\",\"potentialAction\":[{\"@type\":\"ReadAction\",\"target\":[\"https:\\\/\\\/ebikespareparts.fi\\\/tuote\\\/plb20140-brose-s-t-moottorin-hiilikuitu-vahvistettu-kayttohihnasarja-osa-no-plb20140\\\/\"]}]},{\"@type\":\"ImageObject\",\"inLanguage\":\"da-DK\",\"@id\":\"https:\\\/\\\/ebikespareparts.fi\\\/tuote\\\/plb20140-brose-s-t-moottorin-hiilikuitu-vahvistettu-kayttohihnasarja-osa-no-plb20140\\\/#primaryimage\",\"url\":\"https:\\\/\\\/ebikespareparts.fi\\\/wp-content\\\/uploads\\\/2025\\\/03\\\/q8a54ObfkZtpmwODSUCuLi9UOa77H87MUEIV2WjRGcfLiQjsJb.jpg\",\"contentUrl\":\"https:\\\/\\\/ebikespareparts.fi\\\/wp-content\\\/uploads\\\/2025\\\/03\\\/q8a54ObfkZtpmwODSUCuLi9UOa77H87MUEIV2WjRGcfLiQjsJb.jpg\",\"width\":1000,\"height\":628,\"caption\":\"q8a54ObfkZtpmwODSUCuLi9UOa77H87MUEIV2WjRGcfLiQjsJb\"},{\"@type\":\"BreadcrumbList\",\"@id\":\"https:\\\/\\\/ebikespareparts.fi\\\/tuote\\\/plb20140-brose-s-t-moottorin-hiilikuitu-vahvistettu-kayttohihnasarja-osa-no-plb20140\\\/#breadcrumb\",\"itemListElement\":[{\"@type\":\"ListItem\",\"position\":1,\"name\":\"Etusivu\",\"item\":\"https:\\\/\\\/ebikespareparts.fi\\\/\"},{\"@type\":\"ListItem\",\"position\":2,\"name\":\"Kauppa\",\"item\":\"https:\\\/\\\/ebikespareparts.fi\\\/kauppa\\\/\"},{\"@type\":\"ListItem\",\"position\":3,\"name\":\"PLB20140 Brose S &amp; T -moottorin hiilikuitu vahvistettu k\u00e4ytt\u00f6hihnasarja\"}]},{\"@type\":\"WebSite\",\"@id\":\"https:\\\/\\\/ebikespareparts.fi\\\/#website\",\"url\":\"https:\\\/\\\/ebikespareparts.fi\\\/\",\"name\":\"Ebikespareparts.fi\",\"description\":\"S\u00e4hk\u00f6py\u00f6r\u00e4n osat - E-bike osat - Huolto\",\"publisher\":{\"@id\":\"https:\\\/\\\/ebikespareparts.fi\\\/#organization\"},\"potentialAction\":[{\"@type\":\"SearchAction\",\"target\":{\"@type\":\"EntryPoint\",\"urlTemplate\":\"https:\\\/\\\/ebikespareparts.fi\\\/?s={search_term_string}\"},\"query-input\":{\"@type\":\"PropertyValueSpecification\",\"valueRequired\":true,\"valueName\":\"search_term_string\"}}],\"inLanguage\":\"da-DK\"},{\"@type\":\"Organization\",\"@id\":\"https:\\\/\\\/ebikespareparts.fi\\\/#organization\",\"name\":\"Ebikespareparts.fi\",\"url\":\"https:\\\/\\\/ebikespareparts.fi\\\/\",\"logo\":{\"@type\":\"ImageObject\",\"inLanguage\":\"da-DK\",\"@id\":\"https:\\\/\\\/ebikespareparts.fi\\\/#\\\/schema\\\/logo\\\/image\\\/\",\"url\":\"https:\\\/\\\/ebikespareparts.fi\\\/wp-content\\\/uploads\\\/2024\\\/05\\\/logo-musta-tausta.jpg\",\"contentUrl\":\"https:\\\/\\\/ebikespareparts.fi\\\/wp-content\\\/uploads\\\/2024\\\/05\\\/logo-musta-tausta.jpg\",\"width\":1013,\"height\":950,\"caption\":\"Ebikespareparts.fi\"},\"image\":{\"@id\":\"https:\\\/\\\/ebikespareparts.fi\\\/#\\\/schema\\\/logo\\\/image\\\/\"},\"sameAs\":[\"https:\\\/\\\/www.facebook.com\\\/smhj.fi\"]}]}<\/script>\n<!-- \/ Yoast SEO plugin. -->","yoast_head_json":{"title":"PLB20140 Brose S &amp; T -moottorin hiilikuitu vahvistettu k\u00e4ytt\u00f6hihnasarja - Ebikespareparts.fi","robots":{"index":"index","follow":"follow","max-snippet":"max-snippet:-1","max-image-preview":"max-image-preview:large","max-video-preview":"max-video-preview:-1"},"canonical":"https:\/\/ebikespareparts.fi\/da\/vare\/plb20140-brose-s-t-moottorin-hiilikuitu-vahvistettu-kayttohihnasarja-osa-no-plb20140\/","og_locale":"da_DK","og_type":"article","og_title":"PLB20140 Brose S &amp; T -moottorin hiilikuitu vahvistettu k\u00e4ytt\u00f6hihnasarja - Ebikespareparts.fi","og_description":"PLB20140 Brose S &amp; T alumiini koppainen. Moottorin Brose-hiilikuituhihnan molemmat puolet on voideltava runsaasti &#8221;teknisell\u00e4&#8221; vaseliinilla. T\u00e4m\u00e4n laiminly\u00f6nti johtaa hihnan korkeaan kulumiseen ja l\u00e4mp\u00f6tilaan ja voi aiheuttaa liiallista melua. Tekninen vaseliini on sy\u00f6vytt\u00e4m\u00e4t\u00f6n \u00f6ljyjen ja pitk\u00e4ketjuisten ei-polaaristen hiilivetyjen seos, mutta yleens\u00e4 paksumpi kuin farmaseuttinen vaseliini. Tuotteella on alhainen sulamispiste joka on t\u00e4rke\u00e4\u00e4, jos hihna kuivuu ... PLB20140 Brose S &amp; T -moottorin hiilikuitu vahvistettu k\u00e4ytt\u00f6hihnasarja","og_url":"https:\/\/ebikespareparts.fi\/da\/vare\/plb20140-brose-s-t-moottorin-hiilikuitu-vahvistettu-kayttohihnasarja-osa-no-plb20140\/","og_site_name":"Ebikespareparts.fi","article_publisher":"https:\/\/www.facebook.com\/smhj.fi","article_modified_time":"2026-03-10T13:27:24+00:00","og_image":[{"width":1000,"height":628,"url":"https:\/\/ebikespareparts.fi\/wp-content\/uploads\/2025\/03\/q8a54ObfkZtpmwODSUCuLi9UOa77H87MUEIV2WjRGcfLiQjsJb.jpg","type":"image\/jpeg"}],"twitter_card":"summary_large_image","twitter_misc":{"Estimeret l\u00e6setid":"2 minutter"},"schema":{"@context":"https:\/\/schema.org","@graph":[{"@type":"WebPage","@id":"https:\/\/ebikespareparts.fi\/tuote\/plb20140-brose-s-t-moottorin-hiilikuitu-vahvistettu-kayttohihnasarja-osa-no-plb20140\/","url":"https:\/\/ebikespareparts.fi\/tuote\/plb20140-brose-s-t-moottorin-hiilikuitu-vahvistettu-kayttohihnasarja-osa-no-plb20140\/","name":"PLB20140 Brose S &amp; T -moottorin hiilikuitu vahvistettu k\u00e4ytt\u00f6hihnasarja - Ebikespareparts.fi","isPartOf":{"@id":"https:\/\/ebikespareparts.fi\/#website"},"primaryImageOfPage":{"@id":"https:\/\/ebikespareparts.fi\/tuote\/plb20140-brose-s-t-moottorin-hiilikuitu-vahvistettu-kayttohihnasarja-osa-no-plb20140\/#primaryimage"},"image":{"@id":"https:\/\/ebikespareparts.fi\/tuote\/plb20140-brose-s-t-moottorin-hiilikuitu-vahvistettu-kayttohihnasarja-osa-no-plb20140\/#primaryimage"},"thumbnailUrl":"https:\/\/ebikespareparts.fi\/wp-content\/uploads\/2025\/03\/q8a54ObfkZtpmwODSUCuLi9UOa77H87MUEIV2WjRGcfLiQjsJb.jpg","datePublished":"2023-10-03T12:18:00+00:00","dateModified":"2026-03-10T13:27:24+00:00","breadcrumb":{"@id":"https:\/\/ebikespareparts.fi\/tuote\/plb20140-brose-s-t-moottorin-hiilikuitu-vahvistettu-kayttohihnasarja-osa-no-plb20140\/#breadcrumb"},"inLanguage":"da-DK","potentialAction":[{"@type":"ReadAction","target":["https:\/\/ebikespareparts.fi\/tuote\/plb20140-brose-s-t-moottorin-hiilikuitu-vahvistettu-kayttohihnasarja-osa-no-plb20140\/"]}]},{"@type":"ImageObject","inLanguage":"da-DK","@id":"https:\/\/ebikespareparts.fi\/tuote\/plb20140-brose-s-t-moottorin-hiilikuitu-vahvistettu-kayttohihnasarja-osa-no-plb20140\/#primaryimage","url":"https:\/\/ebikespareparts.fi\/wp-content\/uploads\/2025\/03\/q8a54ObfkZtpmwODSUCuLi9UOa77H87MUEIV2WjRGcfLiQjsJb.jpg","contentUrl":"https:\/\/ebikespareparts.fi\/wp-content\/uploads\/2025\/03\/q8a54ObfkZtpmwODSUCuLi9UOa77H87MUEIV2WjRGcfLiQjsJb.jpg","width":1000,"height":628,"caption":"q8a54ObfkZtpmwODSUCuLi9UOa77H87MUEIV2WjRGcfLiQjsJb"},{"@type":"BreadcrumbList","@id":"https:\/\/ebikespareparts.fi\/tuote\/plb20140-brose-s-t-moottorin-hiilikuitu-vahvistettu-kayttohihnasarja-osa-no-plb20140\/#breadcrumb","itemListElement":[{"@type":"ListItem","position":1,"name":"Etusivu","item":"https:\/\/ebikespareparts.fi\/"},{"@type":"ListItem","position":2,"name":"Kauppa","item":"https:\/\/ebikespareparts.fi\/kauppa\/"},{"@type":"ListItem","position":3,"name":"PLB20140 Brose S &amp; T -moottorin hiilikuitu vahvistettu k\u00e4ytt\u00f6hihnasarja"}]},{"@type":"WebSite","@id":"https:\/\/ebikespareparts.fi\/#website","url":"https:\/\/ebikespareparts.fi\/","name":"Ebikespareparts.fi","description":"S\u00e4hk\u00f6py\u00f6r\u00e4n osat - E-bike osat - Huolto","publisher":{"@id":"https:\/\/ebikespareparts.fi\/#organization"},"potentialAction":[{"@type":"SearchAction","target":{"@type":"EntryPoint","urlTemplate":"https:\/\/ebikespareparts.fi\/?s={search_term_string}"},"query-input":{"@type":"PropertyValueSpecification","valueRequired":true,"valueName":"search_term_string"}}],"inLanguage":"da-DK"},{"@type":"Organization","@id":"https:\/\/ebikespareparts.fi\/#organization","name":"Ebikespareparts.fi","url":"https:\/\/ebikespareparts.fi\/","logo":{"@type":"ImageObject","inLanguage":"da-DK","@id":"https:\/\/ebikespareparts.fi\/#\/schema\/logo\/image\/","url":"https:\/\/ebikespareparts.fi\/wp-content\/uploads\/2024\/05\/logo-musta-tausta.jpg","contentUrl":"https:\/\/ebikespareparts.fi\/wp-content\/uploads\/2024\/05\/logo-musta-tausta.jpg","width":1013,"height":950,"caption":"Ebikespareparts.fi"},"image":{"@id":"https:\/\/ebikespareparts.fi\/#\/schema\/logo\/image\/"},"sameAs":["https:\/\/www.facebook.com\/smhj.fi"]}]}},"_links":{"self":[{"href":"https:\/\/ebikespareparts.fi\/da\/wp-json\/wp\/v2\/product\/350","targetHints":{"allow":["GET"]}}],"collection":[{"href":"https:\/\/ebikespareparts.fi\/da\/wp-json\/wp\/v2\/product"}],"about":[{"href":"https:\/\/ebikespareparts.fi\/da\/wp-json\/wp\/v2\/types\/product"}],"replies":[{"embeddable":true,"href":"https:\/\/ebikespareparts.fi\/da\/wp-json\/wp\/v2\/comments?post=350"}],"version-history":[{"count":1,"href":"https:\/\/ebikespareparts.fi\/da\/wp-json\/wp\/v2\/product\/350\/revisions"}],"predecessor-version":[{"id":49158,"href":"https:\/\/ebikespareparts.fi\/da\/wp-json\/wp\/v2\/product\/350\/revisions\/49158"}],"wp:featuredmedia":[{"embeddable":true,"href":"https:\/\/ebikespareparts.fi\/da\/wp-json\/wp\/v2\/media\/47524"}],"wp:attachment":[{"href":"https:\/\/ebikespareparts.fi\/da\/wp-json\/wp\/v2\/media?parent=350"}],"wp:term":[{"taxonomy":"product_brand","embeddable":true,"href":"https:\/\/ebikespareparts.fi\/da\/wp-json\/wp\/v2\/product_brand?post=350"},{"taxonomy":"product_cat","embeddable":true,"href":"https:\/\/ebikespareparts.fi\/da\/wp-json\/wp\/v2\/product_cat?post=350"},{"taxonomy":"product_tag","embeddable":true,"href":"https:\/\/ebikespareparts.fi\/da\/wp-json\/wp\/v2\/product_tag?post=350"}],"curies":[{"name":"wp","href":"https:\/\/api.w.org\/{rel}","templated":true}]}}