{"id":403,"date":"2023-10-03T15:18:24","date_gmt":"2023-10-03T12:18:24","guid":{"rendered":"https:\/\/ebikespareparts.fi\/?post_type=product&#038;p=403"},"modified":"2026-03-10T15:27:28","modified_gmt":"2026-03-10T13:27:28","slug":"pla00923-gen-4-laakerin-suojarenkaan-huoltosarja","status":"publish","type":"product","link":"https:\/\/ebikespareparts.fi\/da\/vare\/pla00923-gen-4-laakerin-suojarenkaan-huoltosarja\/","title":{"rendered":"PLA00923 GEN 4 LEJEBESKYTTELSESRING SERVICES\u00c6T"},"content":{"rendered":"<h2>PLA00923 GEN 4 LEJEBESKYTTELSESRING SERVICES\u00c6T<\/h2>\n<p>Bruges til at beskytte det ydre leje p\u00e5 venstre og h\u00f8jre side af f\u00e6lgakslen.<\/p>\n<p>T\u00e6tningss\u00e6ttet leveres med en brugervejledning p\u00e5 finsk og svensk.<\/p>\n<p>1 x venstre lejeringst\u00e6tning.<\/p>\n<p>1 x h\u00f8jre lejeringst\u00e6tning.<\/p>\n<p>2 x l\u00e5seringe.<\/p>\n<p>1 x fedttube 20 g<\/p>\n<p>1 x l\u00f8ftev\u00e6rkt\u00f8j til t\u00e6tningskant<\/p>","protected":false},"excerpt":{"rendered":"<p>PLA00923 GEN 4 LAAKERIN SUOJARENKAAN HUOLTOSARJA K\u00e4ytet\u00e4\u00e4n kammen akselin vasemman ja oikean puolen ulomman laakerin suojaamiseen. Tiivistesarjassa mukana Suomen ja Ruotsin kielinen k\u00e4ytt\u00f6ohje. 1 x Vasen laakerin rengastiiviste. 1 x Oikeanpuoleisen laakerin rengastiiviste. 2 x Lukko rengasta. 1 x Rasvaputki 20g 1 x Tiivistereunan nostoty\u00f6kalu<\/p>","protected":false},"featured_media":47344,"comment_status":"open","ping_status":"closed","template":"","meta":{"_acf_changed":false},"product_brand":[],"product_cat":[53],"product_tag":[],"class_list":{"0":"post-403","1":"product","2":"type-product","3":"status-publish","4":"has-post-thumbnail","6":"product_cat-bosch-gen-4","8":"first","9":"outofstock","10":"taxable","11":"shipping-taxable","12":"purchasable","13":"product-type-simple"},"acf":[],"yoast_head":"<!-- This site is optimized with the Yoast SEO plugin v27.4 - https:\/\/yoast.com\/product\/yoast-seo-wordpress\/ -->\n<title>PLA00923 GEN 4 LAAKERIN SUOJARENKAAN HUOLTOSARJA - Ebikespareparts.fi<\/title>\n<meta name=\"robots\" content=\"index, follow, max-snippet:-1, max-image-preview:large, max-video-preview:-1\" \/>\n<link rel=\"canonical\" href=\"https:\/\/ebikespareparts.fi\/da\/vare\/pla00923-gen-4-laakerin-suojarenkaan-huoltosarja\/\" \/>\n<meta property=\"og:locale\" content=\"da_DK\" \/>\n<meta property=\"og:type\" content=\"article\" \/>\n<meta property=\"og:title\" content=\"PLA00923 GEN 4 LAAKERIN SUOJARENKAAN HUOLTOSARJA - Ebikespareparts.fi\" \/>\n<meta property=\"og:description\" content=\"PLA00923 GEN 4 LAAKERIN SUOJARENKAAN HUOLTOSARJA K\u00e4ytet\u00e4\u00e4n kammen akselin vasemman ja oikean puolen ulomman laakerin suojaamiseen. Tiivistesarjassa mukana Suomen ja Ruotsin kielinen k\u00e4ytt\u00f6ohje. 1 x Vasen laakerin rengastiiviste. 1 x Oikeanpuoleisen laakerin rengastiiviste. 2 x Lukko rengasta. 1 x Rasvaputki 20g 1 x Tiivistereunan nostoty\u00f6kalu\" \/>\n<meta property=\"og:url\" content=\"https:\/\/ebikespareparts.fi\/da\/vare\/pla00923-gen-4-laakerin-suojarenkaan-huoltosarja\/\" \/>\n<meta property=\"og:site_name\" content=\"Ebikespareparts.fi\" \/>\n<meta property=\"article:publisher\" content=\"https:\/\/www.facebook.com\/smhj.fi\" \/>\n<meta property=\"article:modified_time\" content=\"2026-03-10T13:27:28+00:00\" \/>\n<meta property=\"og:image\" content=\"https:\/\/ebikespareparts.fi\/wp-content\/uploads\/2023\/10\/Bosch-Gen-4-Seal-kit-PLA00923.jpg\" \/>\n\t<meta property=\"og:image:width\" content=\"1200\" \/>\n\t<meta property=\"og:image:height\" content=\"1200\" \/>\n\t<meta property=\"og:image:type\" content=\"image\/jpeg\" \/>\n<meta name=\"twitter:card\" content=\"summary_large_image\" \/>\n<script type=\"application\/ld+json\" class=\"yoast-schema-graph\">{\"@context\":\"https:\\\/\\\/schema.org\",\"@graph\":[{\"@type\":\"WebPage\",\"@id\":\"https:\\\/\\\/ebikespareparts.fi\\\/tuote\\\/pla00923-gen-4-laakerin-suojarenkaan-huoltosarja\\\/\",\"url\":\"https:\\\/\\\/ebikespareparts.fi\\\/tuote\\\/pla00923-gen-4-laakerin-suojarenkaan-huoltosarja\\\/\",\"name\":\"PLA00923 GEN 4 LAAKERIN SUOJARENKAAN HUOLTOSARJA - Ebikespareparts.fi\",\"isPartOf\":{\"@id\":\"https:\\\/\\\/ebikespareparts.fi\\\/#website\"},\"primaryImageOfPage\":{\"@id\":\"https:\\\/\\\/ebikespareparts.fi\\\/tuote\\\/pla00923-gen-4-laakerin-suojarenkaan-huoltosarja\\\/#primaryimage\"},\"image\":{\"@id\":\"https:\\\/\\\/ebikespareparts.fi\\\/tuote\\\/pla00923-gen-4-laakerin-suojarenkaan-huoltosarja\\\/#primaryimage\"},\"thumbnailUrl\":\"https:\\\/\\\/ebikespareparts.fi\\\/wp-content\\\/uploads\\\/2025\\\/03\\\/NRFhMryC6H8jdpbjEsqZfiSjgBnbIX24V4t9fr8AwCky298xNP.jpg\",\"datePublished\":\"2023-10-03T12:18:24+00:00\",\"dateModified\":\"2026-03-10T13:27:28+00:00\",\"breadcrumb\":{\"@id\":\"https:\\\/\\\/ebikespareparts.fi\\\/tuote\\\/pla00923-gen-4-laakerin-suojarenkaan-huoltosarja\\\/#breadcrumb\"},\"inLanguage\":\"da-DK\",\"potentialAction\":[{\"@type\":\"ReadAction\",\"target\":[\"https:\\\/\\\/ebikespareparts.fi\\\/tuote\\\/pla00923-gen-4-laakerin-suojarenkaan-huoltosarja\\\/\"]}]},{\"@type\":\"ImageObject\",\"inLanguage\":\"da-DK\",\"@id\":\"https:\\\/\\\/ebikespareparts.fi\\\/tuote\\\/pla00923-gen-4-laakerin-suojarenkaan-huoltosarja\\\/#primaryimage\",\"url\":\"https:\\\/\\\/ebikespareparts.fi\\\/wp-content\\\/uploads\\\/2025\\\/03\\\/NRFhMryC6H8jdpbjEsqZfiSjgBnbIX24V4t9fr8AwCky298xNP.jpg\",\"contentUrl\":\"https:\\\/\\\/ebikespareparts.fi\\\/wp-content\\\/uploads\\\/2025\\\/03\\\/NRFhMryC6H8jdpbjEsqZfiSjgBnbIX24V4t9fr8AwCky298xNP.jpg\",\"width\":1000,\"height\":1000,\"caption\":\"NRFhMryC6H8jdpbjEsqZfiSjgBnbIX24V4t9fr8AwCky298xNP\"},{\"@type\":\"BreadcrumbList\",\"@id\":\"https:\\\/\\\/ebikespareparts.fi\\\/tuote\\\/pla00923-gen-4-laakerin-suojarenkaan-huoltosarja\\\/#breadcrumb\",\"itemListElement\":[{\"@type\":\"ListItem\",\"position\":1,\"name\":\"Etusivu\",\"item\":\"https:\\\/\\\/ebikespareparts.fi\\\/\"},{\"@type\":\"ListItem\",\"position\":2,\"name\":\"Kauppa\",\"item\":\"https:\\\/\\\/ebikespareparts.fi\\\/kauppa\\\/\"},{\"@type\":\"ListItem\",\"position\":3,\"name\":\"PLA00923 GEN 4 LAAKERIN SUOJARENKAAN HUOLTOSARJA\"}]},{\"@type\":\"WebSite\",\"@id\":\"https:\\\/\\\/ebikespareparts.fi\\\/#website\",\"url\":\"https:\\\/\\\/ebikespareparts.fi\\\/\",\"name\":\"Ebikespareparts.fi\",\"description\":\"S\u00e4hk\u00f6py\u00f6r\u00e4n osat - E-bike osat - Huolto\",\"publisher\":{\"@id\":\"https:\\\/\\\/ebikespareparts.fi\\\/#organization\"},\"potentialAction\":[{\"@type\":\"SearchAction\",\"target\":{\"@type\":\"EntryPoint\",\"urlTemplate\":\"https:\\\/\\\/ebikespareparts.fi\\\/?s={search_term_string}\"},\"query-input\":{\"@type\":\"PropertyValueSpecification\",\"valueRequired\":true,\"valueName\":\"search_term_string\"}}],\"inLanguage\":\"da-DK\"},{\"@type\":\"Organization\",\"@id\":\"https:\\\/\\\/ebikespareparts.fi\\\/#organization\",\"name\":\"Ebikespareparts.fi\",\"url\":\"https:\\\/\\\/ebikespareparts.fi\\\/\",\"logo\":{\"@type\":\"ImageObject\",\"inLanguage\":\"da-DK\",\"@id\":\"https:\\\/\\\/ebikespareparts.fi\\\/#\\\/schema\\\/logo\\\/image\\\/\",\"url\":\"https:\\\/\\\/ebikespareparts.fi\\\/wp-content\\\/uploads\\\/2024\\\/05\\\/logo-musta-tausta.jpg\",\"contentUrl\":\"https:\\\/\\\/ebikespareparts.fi\\\/wp-content\\\/uploads\\\/2024\\\/05\\\/logo-musta-tausta.jpg\",\"width\":1013,\"height\":950,\"caption\":\"Ebikespareparts.fi\"},\"image\":{\"@id\":\"https:\\\/\\\/ebikespareparts.fi\\\/#\\\/schema\\\/logo\\\/image\\\/\"},\"sameAs\":[\"https:\\\/\\\/www.facebook.com\\\/smhj.fi\"]}]}<\/script>\n<!-- \/ Yoast SEO plugin. -->","yoast_head_json":{"title":"PLA00923 GEN 4 LAAKERIN SUOJARENKAAN HUOLTOSARJA - Ebikespareparts.fi","robots":{"index":"index","follow":"follow","max-snippet":"max-snippet:-1","max-image-preview":"max-image-preview:large","max-video-preview":"max-video-preview:-1"},"canonical":"https:\/\/ebikespareparts.fi\/da\/vare\/pla00923-gen-4-laakerin-suojarenkaan-huoltosarja\/","og_locale":"da_DK","og_type":"article","og_title":"PLA00923 GEN 4 LAAKERIN SUOJARENKAAN HUOLTOSARJA - Ebikespareparts.fi","og_description":"PLA00923 GEN 4 LAAKERIN SUOJARENKAAN HUOLTOSARJA K\u00e4ytet\u00e4\u00e4n kammen akselin vasemman ja oikean puolen ulomman laakerin suojaamiseen. Tiivistesarjassa mukana Suomen ja Ruotsin kielinen k\u00e4ytt\u00f6ohje. 1 x Vasen laakerin rengastiiviste. 1 x Oikeanpuoleisen laakerin rengastiiviste. 2 x Lukko rengasta. 1 x Rasvaputki 20g 1 x Tiivistereunan nostoty\u00f6kalu","og_url":"https:\/\/ebikespareparts.fi\/da\/vare\/pla00923-gen-4-laakerin-suojarenkaan-huoltosarja\/","og_site_name":"Ebikespareparts.fi","article_publisher":"https:\/\/www.facebook.com\/smhj.fi","article_modified_time":"2026-03-10T13:27:28+00:00","og_image":[{"width":1200,"height":1200,"url":"https:\/\/ebikespareparts.fi\/wp-content\/uploads\/2023\/10\/Bosch-Gen-4-Seal-kit-PLA00923.jpg","type":"image\/jpeg"}],"twitter_card":"summary_large_image","schema":{"@context":"https:\/\/schema.org","@graph":[{"@type":"WebPage","@id":"https:\/\/ebikespareparts.fi\/tuote\/pla00923-gen-4-laakerin-suojarenkaan-huoltosarja\/","url":"https:\/\/ebikespareparts.fi\/tuote\/pla00923-gen-4-laakerin-suojarenkaan-huoltosarja\/","name":"PLA00923 GEN 4 LAAKERIN SUOJARENKAAN HUOLTOSARJA - Ebikespareparts.fi","isPartOf":{"@id":"https:\/\/ebikespareparts.fi\/#website"},"primaryImageOfPage":{"@id":"https:\/\/ebikespareparts.fi\/tuote\/pla00923-gen-4-laakerin-suojarenkaan-huoltosarja\/#primaryimage"},"image":{"@id":"https:\/\/ebikespareparts.fi\/tuote\/pla00923-gen-4-laakerin-suojarenkaan-huoltosarja\/#primaryimage"},"thumbnailUrl":"https:\/\/ebikespareparts.fi\/wp-content\/uploads\/2025\/03\/NRFhMryC6H8jdpbjEsqZfiSjgBnbIX24V4t9fr8AwCky298xNP.jpg","datePublished":"2023-10-03T12:18:24+00:00","dateModified":"2026-03-10T13:27:28+00:00","breadcrumb":{"@id":"https:\/\/ebikespareparts.fi\/tuote\/pla00923-gen-4-laakerin-suojarenkaan-huoltosarja\/#breadcrumb"},"inLanguage":"da-DK","potentialAction":[{"@type":"ReadAction","target":["https:\/\/ebikespareparts.fi\/tuote\/pla00923-gen-4-laakerin-suojarenkaan-huoltosarja\/"]}]},{"@type":"ImageObject","inLanguage":"da-DK","@id":"https:\/\/ebikespareparts.fi\/tuote\/pla00923-gen-4-laakerin-suojarenkaan-huoltosarja\/#primaryimage","url":"https:\/\/ebikespareparts.fi\/wp-content\/uploads\/2025\/03\/NRFhMryC6H8jdpbjEsqZfiSjgBnbIX24V4t9fr8AwCky298xNP.jpg","contentUrl":"https:\/\/ebikespareparts.fi\/wp-content\/uploads\/2025\/03\/NRFhMryC6H8jdpbjEsqZfiSjgBnbIX24V4t9fr8AwCky298xNP.jpg","width":1000,"height":1000,"caption":"NRFhMryC6H8jdpbjEsqZfiSjgBnbIX24V4t9fr8AwCky298xNP"},{"@type":"BreadcrumbList","@id":"https:\/\/ebikespareparts.fi\/tuote\/pla00923-gen-4-laakerin-suojarenkaan-huoltosarja\/#breadcrumb","itemListElement":[{"@type":"ListItem","position":1,"name":"Etusivu","item":"https:\/\/ebikespareparts.fi\/"},{"@type":"ListItem","position":2,"name":"Kauppa","item":"https:\/\/ebikespareparts.fi\/kauppa\/"},{"@type":"ListItem","position":3,"name":"PLA00923 GEN 4 LAAKERIN SUOJARENKAAN HUOLTOSARJA"}]},{"@type":"WebSite","@id":"https:\/\/ebikespareparts.fi\/#website","url":"https:\/\/ebikespareparts.fi\/","name":"Ebikespareparts.fi","description":"S\u00e4hk\u00f6py\u00f6r\u00e4n osat - E-bike osat - Huolto","publisher":{"@id":"https:\/\/ebikespareparts.fi\/#organization"},"potentialAction":[{"@type":"SearchAction","target":{"@type":"EntryPoint","urlTemplate":"https:\/\/ebikespareparts.fi\/?s={search_term_string}"},"query-input":{"@type":"PropertyValueSpecification","valueRequired":true,"valueName":"search_term_string"}}],"inLanguage":"da-DK"},{"@type":"Organization","@id":"https:\/\/ebikespareparts.fi\/#organization","name":"Ebikespareparts.fi","url":"https:\/\/ebikespareparts.fi\/","logo":{"@type":"ImageObject","inLanguage":"da-DK","@id":"https:\/\/ebikespareparts.fi\/#\/schema\/logo\/image\/","url":"https:\/\/ebikespareparts.fi\/wp-content\/uploads\/2024\/05\/logo-musta-tausta.jpg","contentUrl":"https:\/\/ebikespareparts.fi\/wp-content\/uploads\/2024\/05\/logo-musta-tausta.jpg","width":1013,"height":950,"caption":"Ebikespareparts.fi"},"image":{"@id":"https:\/\/ebikespareparts.fi\/#\/schema\/logo\/image\/"},"sameAs":["https:\/\/www.facebook.com\/smhj.fi"]}]}},"_links":{"self":[{"href":"https:\/\/ebikespareparts.fi\/da\/wp-json\/wp\/v2\/product\/403","targetHints":{"allow":["GET"]}}],"collection":[{"href":"https:\/\/ebikespareparts.fi\/da\/wp-json\/wp\/v2\/product"}],"about":[{"href":"https:\/\/ebikespareparts.fi\/da\/wp-json\/wp\/v2\/types\/product"}],"replies":[{"embeddable":true,"href":"https:\/\/ebikespareparts.fi\/da\/wp-json\/wp\/v2\/comments?post=403"}],"version-history":[{"count":0,"href":"https:\/\/ebikespareparts.fi\/da\/wp-json\/wp\/v2\/product\/403\/revisions"}],"wp:featuredmedia":[{"embeddable":true,"href":"https:\/\/ebikespareparts.fi\/da\/wp-json\/wp\/v2\/media\/47344"}],"wp:attachment":[{"href":"https:\/\/ebikespareparts.fi\/da\/wp-json\/wp\/v2\/media?parent=403"}],"wp:term":[{"taxonomy":"product_brand","embeddable":true,"href":"https:\/\/ebikespareparts.fi\/da\/wp-json\/wp\/v2\/product_brand?post=403"},{"taxonomy":"product_cat","embeddable":true,"href":"https:\/\/ebikespareparts.fi\/da\/wp-json\/wp\/v2\/product_cat?post=403"},{"taxonomy":"product_tag","embeddable":true,"href":"https:\/\/ebikespareparts.fi\/da\/wp-json\/wp\/v2\/product_tag?post=403"}],"curies":[{"name":"wp","href":"https:\/\/api.w.org\/{rel}","templated":true}]}}