{"id":430,"date":"2023-10-03T15:18:45","date_gmt":"2023-10-03T12:18:45","guid":{"rendered":"https:\/\/ebikespareparts.fi\/?post_type=product&#038;p=430"},"modified":"2026-03-10T15:27:18","modified_gmt":"2026-03-10T13:27:18","slug":"loctite-270-kierrelukite-10ml-suuri-lujuus","status":"publish","type":"product","link":"https:\/\/ebikespareparts.fi\/da\/vare\/loctite-270-kierrelukite-10ml-suuri-lujuus\/","title":{"rendered":"Loctite 270 gevindsikring 10ml h\u00f8j styrke"},"content":{"rendered":"<h2>Loctite 270 gevindsikring 10ml h\u00f8j styrke<\/h2>\n<p>Velegnet til f.eks. at fastg\u00f8re et tandhjul, der let vil l\u00f8sne sig.<\/p>\n<p>Husk at reng\u00f8re overfladerne, f\u00f8r du bruger produktet.<\/p>\n<p>Klik p\u00e5 nedenst\u00e5ende link for at f\u00e5 adgang til sikkerhedsdatabladet<\/p>\n<p><a href=\"http:\/\/www.toolspalvelut.fi\/public\/safety\/Henkel%20Norden%20Oy%20(Loctite,%20Teroson)\/LOCTITE%20270.PDF\">1 (toolspalvelut.fi)<\/a><\/p>","protected":false},"excerpt":{"rendered":"<p>Loctite 270 kierrelukite 10ml suuri lujuus Soveltuu esim ketjurattaan kiinnitykseen joka tahtoo l\u00f6ysty\u00e4 helposti. Muista puhdistaa pinnat ennen tuotteen k\u00e4ytt\u00f6\u00e4. Alla olevasta linkist\u00e4 p\u00e4\u00e4set K\u00e4ytt\u00f6turvallisuustiedotteeseen 1 (toolspalvelut.fi)<\/p>","protected":false},"featured_media":47513,"comment_status":"open","ping_status":"closed","template":"","meta":{"_acf_changed":false},"product_brand":[],"product_cat":[41,18,52,53,19,37,35,50,55,34,30,31,32,54,33,43],"product_tag":[60],"class_list":{"0":"post-430","1":"product","2":"type-product","3":"status-publish","4":"has-post-thumbnail","6":"product_cat-bosch-gen-1","7":"product_cat-bosch-gen-2","8":"product_cat-bosch-gen-3","9":"product_cat-bosch-gen-4","10":"product_cat-bosch-laakerit","11":"product_cat-brose-laakerit","12":"product_cat-impulse-2-0","13":"product_cat-impulse-evo-evo-rs","14":"product_cat-mahle-1-1-laakerit","15":"product_cat-panasonic-bearings","16":"product_cat-shimano-ep8","17":"product_cat-shimano-laakerit","18":"product_cat-yamaha-laakerit","19":"product_cat-yamaha-moottori-osat","20":"product_cat-yamaha-pw-pw-se","21":"product_cat-yamaha-pw-x-pw-x2","22":"product_tag-loctite-270-10-ml","24":"first","25":"outofstock","26":"taxable","27":"shipping-taxable","28":"purchasable","29":"product-type-simple"},"acf":[],"yoast_head":"<!-- This site is optimized with the Yoast SEO plugin v27.5 - https:\/\/yoast.com\/product\/yoast-seo-wordpress\/ -->\n<title>Loctite 270 kierrelukite 10ml suuri lujuus - Ebikespareparts.fi<\/title>\n<meta name=\"robots\" content=\"index, follow, max-snippet:-1, max-image-preview:large, max-video-preview:-1\" \/>\n<link rel=\"canonical\" href=\"https:\/\/ebikespareparts.fi\/da\/vare\/loctite-270-kierrelukite-10ml-suuri-lujuus\/\" \/>\n<meta property=\"og:locale\" content=\"da_DK\" \/>\n<meta property=\"og:type\" content=\"article\" \/>\n<meta property=\"og:title\" content=\"Loctite 270 kierrelukite 10ml suuri lujuus - Ebikespareparts.fi\" \/>\n<meta property=\"og:description\" content=\"Loctite 270 kierrelukite 10ml suuri lujuus Soveltuu esim ketjurattaan kiinnitykseen joka tahtoo l\u00f6ysty\u00e4 helposti. Muista puhdistaa pinnat ennen tuotteen k\u00e4ytt\u00f6\u00e4. Alla olevasta linkist\u00e4 p\u00e4\u00e4set K\u00e4ytt\u00f6turvallisuustiedotteeseen 1 (toolspalvelut.fi)\" \/>\n<meta property=\"og:url\" content=\"https:\/\/ebikespareparts.fi\/da\/vare\/loctite-270-kierrelukite-10ml-suuri-lujuus\/\" \/>\n<meta property=\"og:site_name\" content=\"Ebikespareparts.fi\" \/>\n<meta property=\"article:publisher\" content=\"https:\/\/www.facebook.com\/smhj.fi\" \/>\n<meta property=\"article:modified_time\" content=\"2026-03-10T13:27:18+00:00\" \/>\n<meta property=\"og:image\" content=\"https:\/\/ebikespareparts.fi\/wp-content\/uploads\/2025\/03\/Kr1Vni8YbexskM3CjlC9fAn6BWUMTkrlgV2lIlEFDmiu9V63Tq.jpg\" \/>\n\t<meta property=\"og:image:width\" content=\"949\" \/>\n\t<meta property=\"og:image:height\" content=\"999\" \/>\n\t<meta property=\"og:image:type\" content=\"image\/jpeg\" \/>\n<meta name=\"twitter:card\" content=\"summary_large_image\" \/>\n<script type=\"application\/ld+json\" class=\"yoast-schema-graph\">{\"@context\":\"https:\\\/\\\/schema.org\",\"@graph\":[{\"@type\":\"WebPage\",\"@id\":\"https:\\\/\\\/ebikespareparts.fi\\\/tuote\\\/loctite-270-kierrelukite-10ml-suuri-lujuus\\\/\",\"url\":\"https:\\\/\\\/ebikespareparts.fi\\\/tuote\\\/loctite-270-kierrelukite-10ml-suuri-lujuus\\\/\",\"name\":\"Loctite 270 kierrelukite 10ml suuri lujuus - Ebikespareparts.fi\",\"isPartOf\":{\"@id\":\"https:\\\/\\\/ebikespareparts.fi\\\/#website\"},\"primaryImageOfPage\":{\"@id\":\"https:\\\/\\\/ebikespareparts.fi\\\/tuote\\\/loctite-270-kierrelukite-10ml-suuri-lujuus\\\/#primaryimage\"},\"image\":{\"@id\":\"https:\\\/\\\/ebikespareparts.fi\\\/tuote\\\/loctite-270-kierrelukite-10ml-suuri-lujuus\\\/#primaryimage\"},\"thumbnailUrl\":\"https:\\\/\\\/ebikespareparts.fi\\\/wp-content\\\/uploads\\\/2025\\\/03\\\/Kr1Vni8YbexskM3CjlC9fAn6BWUMTkrlgV2lIlEFDmiu9V63Tq.jpg\",\"datePublished\":\"2023-10-03T12:18:45+00:00\",\"dateModified\":\"2026-03-10T13:27:18+00:00\",\"breadcrumb\":{\"@id\":\"https:\\\/\\\/ebikespareparts.fi\\\/tuote\\\/loctite-270-kierrelukite-10ml-suuri-lujuus\\\/#breadcrumb\"},\"inLanguage\":\"da-DK\",\"potentialAction\":[{\"@type\":\"ReadAction\",\"target\":[\"https:\\\/\\\/ebikespareparts.fi\\\/tuote\\\/loctite-270-kierrelukite-10ml-suuri-lujuus\\\/\"]}]},{\"@type\":\"ImageObject\",\"inLanguage\":\"da-DK\",\"@id\":\"https:\\\/\\\/ebikespareparts.fi\\\/tuote\\\/loctite-270-kierrelukite-10ml-suuri-lujuus\\\/#primaryimage\",\"url\":\"https:\\\/\\\/ebikespareparts.fi\\\/wp-content\\\/uploads\\\/2025\\\/03\\\/Kr1Vni8YbexskM3CjlC9fAn6BWUMTkrlgV2lIlEFDmiu9V63Tq.jpg\",\"contentUrl\":\"https:\\\/\\\/ebikespareparts.fi\\\/wp-content\\\/uploads\\\/2025\\\/03\\\/Kr1Vni8YbexskM3CjlC9fAn6BWUMTkrlgV2lIlEFDmiu9V63Tq.jpg\",\"width\":949,\"height\":999,\"caption\":\"Kr1Vni8YbexskM3CjlC9fAn6BWUMTkrlgV2lIlEFDmiu9V63Tq\"},{\"@type\":\"BreadcrumbList\",\"@id\":\"https:\\\/\\\/ebikespareparts.fi\\\/tuote\\\/loctite-270-kierrelukite-10ml-suuri-lujuus\\\/#breadcrumb\",\"itemListElement\":[{\"@type\":\"ListItem\",\"position\":1,\"name\":\"Etusivu\",\"item\":\"https:\\\/\\\/ebikespareparts.fi\\\/\"},{\"@type\":\"ListItem\",\"position\":2,\"name\":\"Kauppa\",\"item\":\"https:\\\/\\\/ebikespareparts.fi\\\/kauppa\\\/\"},{\"@type\":\"ListItem\",\"position\":3,\"name\":\"Loctite 270 kierrelukite 10ml suuri lujuus\"}]},{\"@type\":\"WebSite\",\"@id\":\"https:\\\/\\\/ebikespareparts.fi\\\/#website\",\"url\":\"https:\\\/\\\/ebikespareparts.fi\\\/\",\"name\":\"Ebikespareparts.fi\",\"description\":\"S\u00e4hk\u00f6py\u00f6r\u00e4n osat - E-bike osat - Huolto\",\"publisher\":{\"@id\":\"https:\\\/\\\/ebikespareparts.fi\\\/#organization\"},\"potentialAction\":[{\"@type\":\"SearchAction\",\"target\":{\"@type\":\"EntryPoint\",\"urlTemplate\":\"https:\\\/\\\/ebikespareparts.fi\\\/?s={search_term_string}\"},\"query-input\":{\"@type\":\"PropertyValueSpecification\",\"valueRequired\":true,\"valueName\":\"search_term_string\"}}],\"inLanguage\":\"da-DK\"},{\"@type\":\"Organization\",\"@id\":\"https:\\\/\\\/ebikespareparts.fi\\\/#organization\",\"name\":\"Ebikespareparts.fi\",\"url\":\"https:\\\/\\\/ebikespareparts.fi\\\/\",\"logo\":{\"@type\":\"ImageObject\",\"inLanguage\":\"da-DK\",\"@id\":\"https:\\\/\\\/ebikespareparts.fi\\\/#\\\/schema\\\/logo\\\/image\\\/\",\"url\":\"https:\\\/\\\/ebikespareparts.fi\\\/wp-content\\\/uploads\\\/2024\\\/05\\\/logo-musta-tausta.jpg\",\"contentUrl\":\"https:\\\/\\\/ebikespareparts.fi\\\/wp-content\\\/uploads\\\/2024\\\/05\\\/logo-musta-tausta.jpg\",\"width\":1013,\"height\":950,\"caption\":\"Ebikespareparts.fi\"},\"image\":{\"@id\":\"https:\\\/\\\/ebikespareparts.fi\\\/#\\\/schema\\\/logo\\\/image\\\/\"},\"sameAs\":[\"https:\\\/\\\/www.facebook.com\\\/smhj.fi\"]}]}<\/script>\n<!-- \/ Yoast SEO plugin. -->","yoast_head_json":{"title":"Loctite 270 kierrelukite 10ml suuri lujuus - Ebikespareparts.fi","robots":{"index":"index","follow":"follow","max-snippet":"max-snippet:-1","max-image-preview":"max-image-preview:large","max-video-preview":"max-video-preview:-1"},"canonical":"https:\/\/ebikespareparts.fi\/da\/vare\/loctite-270-kierrelukite-10ml-suuri-lujuus\/","og_locale":"da_DK","og_type":"article","og_title":"Loctite 270 kierrelukite 10ml suuri lujuus - Ebikespareparts.fi","og_description":"Loctite 270 kierrelukite 10ml suuri lujuus Soveltuu esim ketjurattaan kiinnitykseen joka tahtoo l\u00f6ysty\u00e4 helposti. Muista puhdistaa pinnat ennen tuotteen k\u00e4ytt\u00f6\u00e4. Alla olevasta linkist\u00e4 p\u00e4\u00e4set K\u00e4ytt\u00f6turvallisuustiedotteeseen 1 (toolspalvelut.fi)","og_url":"https:\/\/ebikespareparts.fi\/da\/vare\/loctite-270-kierrelukite-10ml-suuri-lujuus\/","og_site_name":"Ebikespareparts.fi","article_publisher":"https:\/\/www.facebook.com\/smhj.fi","article_modified_time":"2026-03-10T13:27:18+00:00","og_image":[{"width":949,"height":999,"url":"https:\/\/ebikespareparts.fi\/wp-content\/uploads\/2025\/03\/Kr1Vni8YbexskM3CjlC9fAn6BWUMTkrlgV2lIlEFDmiu9V63Tq.jpg","type":"image\/jpeg"}],"twitter_card":"summary_large_image","schema":{"@context":"https:\/\/schema.org","@graph":[{"@type":"WebPage","@id":"https:\/\/ebikespareparts.fi\/tuote\/loctite-270-kierrelukite-10ml-suuri-lujuus\/","url":"https:\/\/ebikespareparts.fi\/tuote\/loctite-270-kierrelukite-10ml-suuri-lujuus\/","name":"Loctite 270 kierrelukite 10ml suuri lujuus - Ebikespareparts.fi","isPartOf":{"@id":"https:\/\/ebikespareparts.fi\/#website"},"primaryImageOfPage":{"@id":"https:\/\/ebikespareparts.fi\/tuote\/loctite-270-kierrelukite-10ml-suuri-lujuus\/#primaryimage"},"image":{"@id":"https:\/\/ebikespareparts.fi\/tuote\/loctite-270-kierrelukite-10ml-suuri-lujuus\/#primaryimage"},"thumbnailUrl":"https:\/\/ebikespareparts.fi\/wp-content\/uploads\/2025\/03\/Kr1Vni8YbexskM3CjlC9fAn6BWUMTkrlgV2lIlEFDmiu9V63Tq.jpg","datePublished":"2023-10-03T12:18:45+00:00","dateModified":"2026-03-10T13:27:18+00:00","breadcrumb":{"@id":"https:\/\/ebikespareparts.fi\/tuote\/loctite-270-kierrelukite-10ml-suuri-lujuus\/#breadcrumb"},"inLanguage":"da-DK","potentialAction":[{"@type":"ReadAction","target":["https:\/\/ebikespareparts.fi\/tuote\/loctite-270-kierrelukite-10ml-suuri-lujuus\/"]}]},{"@type":"ImageObject","inLanguage":"da-DK","@id":"https:\/\/ebikespareparts.fi\/tuote\/loctite-270-kierrelukite-10ml-suuri-lujuus\/#primaryimage","url":"https:\/\/ebikespareparts.fi\/wp-content\/uploads\/2025\/03\/Kr1Vni8YbexskM3CjlC9fAn6BWUMTkrlgV2lIlEFDmiu9V63Tq.jpg","contentUrl":"https:\/\/ebikespareparts.fi\/wp-content\/uploads\/2025\/03\/Kr1Vni8YbexskM3CjlC9fAn6BWUMTkrlgV2lIlEFDmiu9V63Tq.jpg","width":949,"height":999,"caption":"Kr1Vni8YbexskM3CjlC9fAn6BWUMTkrlgV2lIlEFDmiu9V63Tq"},{"@type":"BreadcrumbList","@id":"https:\/\/ebikespareparts.fi\/tuote\/loctite-270-kierrelukite-10ml-suuri-lujuus\/#breadcrumb","itemListElement":[{"@type":"ListItem","position":1,"name":"Etusivu","item":"https:\/\/ebikespareparts.fi\/"},{"@type":"ListItem","position":2,"name":"Kauppa","item":"https:\/\/ebikespareparts.fi\/kauppa\/"},{"@type":"ListItem","position":3,"name":"Loctite 270 kierrelukite 10ml suuri lujuus"}]},{"@type":"WebSite","@id":"https:\/\/ebikespareparts.fi\/#website","url":"https:\/\/ebikespareparts.fi\/","name":"Ebikespareparts.fi","description":"S\u00e4hk\u00f6py\u00f6r\u00e4n osat - E-bike osat - Huolto","publisher":{"@id":"https:\/\/ebikespareparts.fi\/#organization"},"potentialAction":[{"@type":"SearchAction","target":{"@type":"EntryPoint","urlTemplate":"https:\/\/ebikespareparts.fi\/?s={search_term_string}"},"query-input":{"@type":"PropertyValueSpecification","valueRequired":true,"valueName":"search_term_string"}}],"inLanguage":"da-DK"},{"@type":"Organization","@id":"https:\/\/ebikespareparts.fi\/#organization","name":"Ebikespareparts.fi","url":"https:\/\/ebikespareparts.fi\/","logo":{"@type":"ImageObject","inLanguage":"da-DK","@id":"https:\/\/ebikespareparts.fi\/#\/schema\/logo\/image\/","url":"https:\/\/ebikespareparts.fi\/wp-content\/uploads\/2024\/05\/logo-musta-tausta.jpg","contentUrl":"https:\/\/ebikespareparts.fi\/wp-content\/uploads\/2024\/05\/logo-musta-tausta.jpg","width":1013,"height":950,"caption":"Ebikespareparts.fi"},"image":{"@id":"https:\/\/ebikespareparts.fi\/#\/schema\/logo\/image\/"},"sameAs":["https:\/\/www.facebook.com\/smhj.fi"]}]}},"_links":{"self":[{"href":"https:\/\/ebikespareparts.fi\/da\/wp-json\/wp\/v2\/product\/430","targetHints":{"allow":["GET"]}}],"collection":[{"href":"https:\/\/ebikespareparts.fi\/da\/wp-json\/wp\/v2\/product"}],"about":[{"href":"https:\/\/ebikespareparts.fi\/da\/wp-json\/wp\/v2\/types\/product"}],"replies":[{"embeddable":true,"href":"https:\/\/ebikespareparts.fi\/da\/wp-json\/wp\/v2\/comments?post=430"}],"version-history":[{"count":1,"href":"https:\/\/ebikespareparts.fi\/da\/wp-json\/wp\/v2\/product\/430\/revisions"}],"predecessor-version":[{"id":49141,"href":"https:\/\/ebikespareparts.fi\/da\/wp-json\/wp\/v2\/product\/430\/revisions\/49141"}],"wp:featuredmedia":[{"embeddable":true,"href":"https:\/\/ebikespareparts.fi\/da\/wp-json\/wp\/v2\/media\/47513"}],"wp:attachment":[{"href":"https:\/\/ebikespareparts.fi\/da\/wp-json\/wp\/v2\/media?parent=430"}],"wp:term":[{"taxonomy":"product_brand","embeddable":true,"href":"https:\/\/ebikespareparts.fi\/da\/wp-json\/wp\/v2\/product_brand?post=430"},{"taxonomy":"product_cat","embeddable":true,"href":"https:\/\/ebikespareparts.fi\/da\/wp-json\/wp\/v2\/product_cat?post=430"},{"taxonomy":"product_tag","embeddable":true,"href":"https:\/\/ebikespareparts.fi\/da\/wp-json\/wp\/v2\/product_tag?post=430"}],"curies":[{"name":"wp","href":"https:\/\/api.w.org\/{rel}","templated":true}]}}