{"id":45910,"date":"2023-11-02T14:28:55","date_gmt":"2023-11-02T12:28:55","guid":{"rendered":"https:\/\/ebikespareparts.fi\/?post_type=product&#038;p=45910"},"modified":"2026-03-11T02:00:47","modified_gmt":"2026-03-11T00:00:47","slug":"br510-brose-liitantakaapeli-moottorin-ja-nayton-valille","status":"publish","type":"product","link":"https:\/\/ebikespareparts.fi\/da\/vare\/br510-brose-liitantakaapeli-moottorin-ja-nayton-valille\/","title":{"rendered":"BR510 BROSE interface-kabel mellem motor og display"},"content":{"rendered":"<h3>BR510 BROSE interface-kabel mellem motor og display<\/h3>\n<p id=\"tw-target-text\" class=\"tw-data-text tw-text-large tw-ta\" dir=\"ltr\" data-placeholder=\"K\u00e4\u00e4nn\u00f6s\" data-ved=\"2ahUKEwiFluHZpKWCAxXLGRAIHWIUCRgQ3ewLegQIBhAQ\"><span class=\"Y2IQFc\" lang=\"fi\">Forbind displayet og elcykelmotoren - med et eksternt Brose displaykabel Wake-Up. Forbindelseskablet er dataoverf\u00f8rselslinjen mellem tr\u00e6kkraftenheden p\u00e5 understellet og displayet p\u00e5 det elektriske hjul p\u00e5 styret. Det betyder, at du altid har alle de vigtige oplysninger om din elcykel og din aktuelle tur. Brose-displaykablet kan nemt udskiftes eller fornyes, hvis det er n\u00f8dvendigt.<\/span><\/p>","protected":false},"excerpt":{"rendered":"<p>BR510 BROSE liit\u00e4nt\u00e4kaapeli moottorin ja n\u00e4yt\u00f6n v\u00e4lille Yhdist\u00e4 n\u00e4ytt\u00f6 ja s\u00e4hk\u00f6py\u00f6r\u00e4n moottori &#8211; ulkoisella Brose-n\u00e4ytt\u00f6kaapelilla Wake-Up. Liit\u00e4nt\u00e4kaapeli on tiedonsiirtolinja alakannattimessa olevan vetolaitteen ja ohjaustangossa olevan s\u00e4hk\u00f6py\u00f6r\u00e4n n\u00e4yt\u00f6n v\u00e4lill\u00e4. T\u00e4m\u00e4 tarkoittaa, ett\u00e4 saat aina kaikki t\u00e4rke\u00e4t tiedot s\u00e4hk\u00f6py\u00f6r\u00e4st\u00e4si ja nykyisest\u00e4 ajostasi. Brose-n\u00e4ytt\u00f6kaapeli voidaan helposti vaihtaa tai uusia tarvittaessa.<\/p>","protected":false},"featured_media":47408,"comment_status":"open","ping_status":"closed","template":"","meta":{"_acf_changed":false},"product_brand":[],"product_cat":[131],"product_tag":[],"class_list":{"0":"post-45910","1":"product","2":"type-product","3":"status-publish","4":"has-post-thumbnail","6":"product_cat-brose-moottorit-ja-varaosat","8":"first","9":"outofstock","10":"taxable","11":"shipping-taxable","12":"purchasable","13":"product-type-simple"},"acf":[],"yoast_head":"<!-- This site is optimized with the Yoast SEO plugin v27.5 - https:\/\/yoast.com\/product\/yoast-seo-wordpress\/ -->\n<title>BR510 BROSE liit\u00e4nt\u00e4kaapeli moottorin ja n\u00e4yt\u00f6n v\u00e4lille - Ebikespareparts.fi<\/title>\n<meta name=\"robots\" content=\"index, follow, max-snippet:-1, max-image-preview:large, max-video-preview:-1\" \/>\n<link rel=\"canonical\" href=\"https:\/\/ebikespareparts.fi\/da\/vare\/br510-brose-liitantakaapeli-moottorin-ja-nayton-valille\/\" \/>\n<meta property=\"og:locale\" content=\"da_DK\" \/>\n<meta property=\"og:type\" content=\"article\" \/>\n<meta property=\"og:title\" content=\"BR510 BROSE liit\u00e4nt\u00e4kaapeli moottorin ja n\u00e4yt\u00f6n v\u00e4lille - Ebikespareparts.fi\" \/>\n<meta property=\"og:description\" content=\"BR510 BROSE liit\u00e4nt\u00e4kaapeli moottorin ja n\u00e4yt\u00f6n v\u00e4lille Yhdist\u00e4 n\u00e4ytt\u00f6 ja s\u00e4hk\u00f6py\u00f6r\u00e4n moottori &#8211; ulkoisella Brose-n\u00e4ytt\u00f6kaapelilla Wake-Up. Liit\u00e4nt\u00e4kaapeli on tiedonsiirtolinja alakannattimessa olevan vetolaitteen ja ohjaustangossa olevan s\u00e4hk\u00f6py\u00f6r\u00e4n n\u00e4yt\u00f6n v\u00e4lill\u00e4. T\u00e4m\u00e4 tarkoittaa, ett\u00e4 saat aina kaikki t\u00e4rke\u00e4t tiedot s\u00e4hk\u00f6py\u00f6r\u00e4st\u00e4si ja nykyisest\u00e4 ajostasi. Brose-n\u00e4ytt\u00f6kaapeli voidaan helposti vaihtaa tai uusia tarvittaessa.\" \/>\n<meta property=\"og:url\" content=\"https:\/\/ebikespareparts.fi\/da\/vare\/br510-brose-liitantakaapeli-moottorin-ja-nayton-valille\/\" \/>\n<meta property=\"og:site_name\" content=\"Ebikespareparts.fi\" \/>\n<meta property=\"article:publisher\" content=\"https:\/\/www.facebook.com\/smhj.fi\" \/>\n<meta property=\"article:modified_time\" content=\"2026-03-11T00:00:47+00:00\" \/>\n<meta property=\"og:image\" content=\"https:\/\/ebikespareparts.fi\/wp-content\/uploads\/2025\/03\/OmqJ5NiyOGOvZH7Iy45x3df41ydsvt5YjQIipQP96ixyntjqyR.jpg\" \/>\n\t<meta property=\"og:image:width\" content=\"1000\" \/>\n\t<meta property=\"og:image:height\" content=\"700\" \/>\n\t<meta property=\"og:image:type\" content=\"image\/jpeg\" \/>\n<meta name=\"twitter:card\" content=\"summary_large_image\" \/>\n<meta name=\"twitter:label1\" content=\"Estimeret l\u00e6setid\" \/>\n\t<meta name=\"twitter:data1\" content=\"1 minut\" \/>\n<script type=\"application\/ld+json\" class=\"yoast-schema-graph\">{\"@context\":\"https:\\\/\\\/schema.org\",\"@graph\":[{\"@type\":\"WebPage\",\"@id\":\"https:\\\/\\\/ebikespareparts.fi\\\/tuote\\\/br510-brose-liitantakaapeli-moottorin-ja-nayton-valille\\\/\",\"url\":\"https:\\\/\\\/ebikespareparts.fi\\\/tuote\\\/br510-brose-liitantakaapeli-moottorin-ja-nayton-valille\\\/\",\"name\":\"BR510 BROSE liit\u00e4nt\u00e4kaapeli moottorin ja n\u00e4yt\u00f6n v\u00e4lille - Ebikespareparts.fi\",\"isPartOf\":{\"@id\":\"https:\\\/\\\/ebikespareparts.fi\\\/#website\"},\"primaryImageOfPage\":{\"@id\":\"https:\\\/\\\/ebikespareparts.fi\\\/tuote\\\/br510-brose-liitantakaapeli-moottorin-ja-nayton-valille\\\/#primaryimage\"},\"image\":{\"@id\":\"https:\\\/\\\/ebikespareparts.fi\\\/tuote\\\/br510-brose-liitantakaapeli-moottorin-ja-nayton-valille\\\/#primaryimage\"},\"thumbnailUrl\":\"https:\\\/\\\/ebikespareparts.fi\\\/wp-content\\\/uploads\\\/2025\\\/03\\\/OmqJ5NiyOGOvZH7Iy45x3df41ydsvt5YjQIipQP96ixyntjqyR.jpg\",\"datePublished\":\"2023-11-02T12:28:55+00:00\",\"dateModified\":\"2026-03-11T00:00:47+00:00\",\"breadcrumb\":{\"@id\":\"https:\\\/\\\/ebikespareparts.fi\\\/tuote\\\/br510-brose-liitantakaapeli-moottorin-ja-nayton-valille\\\/#breadcrumb\"},\"inLanguage\":\"da-DK\",\"potentialAction\":[{\"@type\":\"ReadAction\",\"target\":[\"https:\\\/\\\/ebikespareparts.fi\\\/tuote\\\/br510-brose-liitantakaapeli-moottorin-ja-nayton-valille\\\/\"]}]},{\"@type\":\"ImageObject\",\"inLanguage\":\"da-DK\",\"@id\":\"https:\\\/\\\/ebikespareparts.fi\\\/tuote\\\/br510-brose-liitantakaapeli-moottorin-ja-nayton-valille\\\/#primaryimage\",\"url\":\"https:\\\/\\\/ebikespareparts.fi\\\/wp-content\\\/uploads\\\/2025\\\/03\\\/OmqJ5NiyOGOvZH7Iy45x3df41ydsvt5YjQIipQP96ixyntjqyR.jpg\",\"contentUrl\":\"https:\\\/\\\/ebikespareparts.fi\\\/wp-content\\\/uploads\\\/2025\\\/03\\\/OmqJ5NiyOGOvZH7Iy45x3df41ydsvt5YjQIipQP96ixyntjqyR.jpg\",\"width\":1000,\"height\":700,\"caption\":\"OmqJ5NiyOGOvZH7Iy45x3df41ydsvt5YjQIipQP96ixyntjqyR\"},{\"@type\":\"BreadcrumbList\",\"@id\":\"https:\\\/\\\/ebikespareparts.fi\\\/tuote\\\/br510-brose-liitantakaapeli-moottorin-ja-nayton-valille\\\/#breadcrumb\",\"itemListElement\":[{\"@type\":\"ListItem\",\"position\":1,\"name\":\"Etusivu\",\"item\":\"https:\\\/\\\/ebikespareparts.fi\\\/\"},{\"@type\":\"ListItem\",\"position\":2,\"name\":\"Kauppa\",\"item\":\"https:\\\/\\\/ebikespareparts.fi\\\/kauppa\\\/\"},{\"@type\":\"ListItem\",\"position\":3,\"name\":\"BR510 BROSE liit\u00e4nt\u00e4kaapeli moottorin ja n\u00e4yt\u00f6n v\u00e4lille\"}]},{\"@type\":\"WebSite\",\"@id\":\"https:\\\/\\\/ebikespareparts.fi\\\/#website\",\"url\":\"https:\\\/\\\/ebikespareparts.fi\\\/\",\"name\":\"Ebikespareparts.fi\",\"description\":\"S\u00e4hk\u00f6py\u00f6r\u00e4n osat - E-bike osat - Huolto\",\"publisher\":{\"@id\":\"https:\\\/\\\/ebikespareparts.fi\\\/#organization\"},\"potentialAction\":[{\"@type\":\"SearchAction\",\"target\":{\"@type\":\"EntryPoint\",\"urlTemplate\":\"https:\\\/\\\/ebikespareparts.fi\\\/?s={search_term_string}\"},\"query-input\":{\"@type\":\"PropertyValueSpecification\",\"valueRequired\":true,\"valueName\":\"search_term_string\"}}],\"inLanguage\":\"da-DK\"},{\"@type\":\"Organization\",\"@id\":\"https:\\\/\\\/ebikespareparts.fi\\\/#organization\",\"name\":\"Ebikespareparts.fi\",\"url\":\"https:\\\/\\\/ebikespareparts.fi\\\/\",\"logo\":{\"@type\":\"ImageObject\",\"inLanguage\":\"da-DK\",\"@id\":\"https:\\\/\\\/ebikespareparts.fi\\\/#\\\/schema\\\/logo\\\/image\\\/\",\"url\":\"https:\\\/\\\/ebikespareparts.fi\\\/wp-content\\\/uploads\\\/2024\\\/05\\\/logo-musta-tausta.jpg\",\"contentUrl\":\"https:\\\/\\\/ebikespareparts.fi\\\/wp-content\\\/uploads\\\/2024\\\/05\\\/logo-musta-tausta.jpg\",\"width\":1013,\"height\":950,\"caption\":\"Ebikespareparts.fi\"},\"image\":{\"@id\":\"https:\\\/\\\/ebikespareparts.fi\\\/#\\\/schema\\\/logo\\\/image\\\/\"},\"sameAs\":[\"https:\\\/\\\/www.facebook.com\\\/smhj.fi\"]}]}<\/script>\n<!-- \/ Yoast SEO plugin. -->","yoast_head_json":{"title":"BR510 BROSE liit\u00e4nt\u00e4kaapeli moottorin ja n\u00e4yt\u00f6n v\u00e4lille - Ebikespareparts.fi","robots":{"index":"index","follow":"follow","max-snippet":"max-snippet:-1","max-image-preview":"max-image-preview:large","max-video-preview":"max-video-preview:-1"},"canonical":"https:\/\/ebikespareparts.fi\/da\/vare\/br510-brose-liitantakaapeli-moottorin-ja-nayton-valille\/","og_locale":"da_DK","og_type":"article","og_title":"BR510 BROSE liit\u00e4nt\u00e4kaapeli moottorin ja n\u00e4yt\u00f6n v\u00e4lille - Ebikespareparts.fi","og_description":"BR510 BROSE liit\u00e4nt\u00e4kaapeli moottorin ja n\u00e4yt\u00f6n v\u00e4lille Yhdist\u00e4 n\u00e4ytt\u00f6 ja s\u00e4hk\u00f6py\u00f6r\u00e4n moottori &#8211; ulkoisella Brose-n\u00e4ytt\u00f6kaapelilla Wake-Up. Liit\u00e4nt\u00e4kaapeli on tiedonsiirtolinja alakannattimessa olevan vetolaitteen ja ohjaustangossa olevan s\u00e4hk\u00f6py\u00f6r\u00e4n n\u00e4yt\u00f6n v\u00e4lill\u00e4. T\u00e4m\u00e4 tarkoittaa, ett\u00e4 saat aina kaikki t\u00e4rke\u00e4t tiedot s\u00e4hk\u00f6py\u00f6r\u00e4st\u00e4si ja nykyisest\u00e4 ajostasi. Brose-n\u00e4ytt\u00f6kaapeli voidaan helposti vaihtaa tai uusia tarvittaessa.","og_url":"https:\/\/ebikespareparts.fi\/da\/vare\/br510-brose-liitantakaapeli-moottorin-ja-nayton-valille\/","og_site_name":"Ebikespareparts.fi","article_publisher":"https:\/\/www.facebook.com\/smhj.fi","article_modified_time":"2026-03-11T00:00:47+00:00","og_image":[{"width":1000,"height":700,"url":"https:\/\/ebikespareparts.fi\/wp-content\/uploads\/2025\/03\/OmqJ5NiyOGOvZH7Iy45x3df41ydsvt5YjQIipQP96ixyntjqyR.jpg","type":"image\/jpeg"}],"twitter_card":"summary_large_image","twitter_misc":{"Estimeret l\u00e6setid":"1 minut"},"schema":{"@context":"https:\/\/schema.org","@graph":[{"@type":"WebPage","@id":"https:\/\/ebikespareparts.fi\/tuote\/br510-brose-liitantakaapeli-moottorin-ja-nayton-valille\/","url":"https:\/\/ebikespareparts.fi\/tuote\/br510-brose-liitantakaapeli-moottorin-ja-nayton-valille\/","name":"BR510 BROSE liit\u00e4nt\u00e4kaapeli moottorin ja n\u00e4yt\u00f6n v\u00e4lille - Ebikespareparts.fi","isPartOf":{"@id":"https:\/\/ebikespareparts.fi\/#website"},"primaryImageOfPage":{"@id":"https:\/\/ebikespareparts.fi\/tuote\/br510-brose-liitantakaapeli-moottorin-ja-nayton-valille\/#primaryimage"},"image":{"@id":"https:\/\/ebikespareparts.fi\/tuote\/br510-brose-liitantakaapeli-moottorin-ja-nayton-valille\/#primaryimage"},"thumbnailUrl":"https:\/\/ebikespareparts.fi\/wp-content\/uploads\/2025\/03\/OmqJ5NiyOGOvZH7Iy45x3df41ydsvt5YjQIipQP96ixyntjqyR.jpg","datePublished":"2023-11-02T12:28:55+00:00","dateModified":"2026-03-11T00:00:47+00:00","breadcrumb":{"@id":"https:\/\/ebikespareparts.fi\/tuote\/br510-brose-liitantakaapeli-moottorin-ja-nayton-valille\/#breadcrumb"},"inLanguage":"da-DK","potentialAction":[{"@type":"ReadAction","target":["https:\/\/ebikespareparts.fi\/tuote\/br510-brose-liitantakaapeli-moottorin-ja-nayton-valille\/"]}]},{"@type":"ImageObject","inLanguage":"da-DK","@id":"https:\/\/ebikespareparts.fi\/tuote\/br510-brose-liitantakaapeli-moottorin-ja-nayton-valille\/#primaryimage","url":"https:\/\/ebikespareparts.fi\/wp-content\/uploads\/2025\/03\/OmqJ5NiyOGOvZH7Iy45x3df41ydsvt5YjQIipQP96ixyntjqyR.jpg","contentUrl":"https:\/\/ebikespareparts.fi\/wp-content\/uploads\/2025\/03\/OmqJ5NiyOGOvZH7Iy45x3df41ydsvt5YjQIipQP96ixyntjqyR.jpg","width":1000,"height":700,"caption":"OmqJ5NiyOGOvZH7Iy45x3df41ydsvt5YjQIipQP96ixyntjqyR"},{"@type":"BreadcrumbList","@id":"https:\/\/ebikespareparts.fi\/tuote\/br510-brose-liitantakaapeli-moottorin-ja-nayton-valille\/#breadcrumb","itemListElement":[{"@type":"ListItem","position":1,"name":"Etusivu","item":"https:\/\/ebikespareparts.fi\/"},{"@type":"ListItem","position":2,"name":"Kauppa","item":"https:\/\/ebikespareparts.fi\/kauppa\/"},{"@type":"ListItem","position":3,"name":"BR510 BROSE liit\u00e4nt\u00e4kaapeli moottorin ja n\u00e4yt\u00f6n v\u00e4lille"}]},{"@type":"WebSite","@id":"https:\/\/ebikespareparts.fi\/#website","url":"https:\/\/ebikespareparts.fi\/","name":"Ebikespareparts.fi","description":"S\u00e4hk\u00f6py\u00f6r\u00e4n osat - E-bike osat - Huolto","publisher":{"@id":"https:\/\/ebikespareparts.fi\/#organization"},"potentialAction":[{"@type":"SearchAction","target":{"@type":"EntryPoint","urlTemplate":"https:\/\/ebikespareparts.fi\/?s={search_term_string}"},"query-input":{"@type":"PropertyValueSpecification","valueRequired":true,"valueName":"search_term_string"}}],"inLanguage":"da-DK"},{"@type":"Organization","@id":"https:\/\/ebikespareparts.fi\/#organization","name":"Ebikespareparts.fi","url":"https:\/\/ebikespareparts.fi\/","logo":{"@type":"ImageObject","inLanguage":"da-DK","@id":"https:\/\/ebikespareparts.fi\/#\/schema\/logo\/image\/","url":"https:\/\/ebikespareparts.fi\/wp-content\/uploads\/2024\/05\/logo-musta-tausta.jpg","contentUrl":"https:\/\/ebikespareparts.fi\/wp-content\/uploads\/2024\/05\/logo-musta-tausta.jpg","width":1013,"height":950,"caption":"Ebikespareparts.fi"},"image":{"@id":"https:\/\/ebikespareparts.fi\/#\/schema\/logo\/image\/"},"sameAs":["https:\/\/www.facebook.com\/smhj.fi"]}]}},"_links":{"self":[{"href":"https:\/\/ebikespareparts.fi\/da\/wp-json\/wp\/v2\/product\/45910","targetHints":{"allow":["GET"]}}],"collection":[{"href":"https:\/\/ebikespareparts.fi\/da\/wp-json\/wp\/v2\/product"}],"about":[{"href":"https:\/\/ebikespareparts.fi\/da\/wp-json\/wp\/v2\/types\/product"}],"replies":[{"embeddable":true,"href":"https:\/\/ebikespareparts.fi\/da\/wp-json\/wp\/v2\/comments?post=45910"}],"version-history":[{"count":1,"href":"https:\/\/ebikespareparts.fi\/da\/wp-json\/wp\/v2\/product\/45910\/revisions"}],"predecessor-version":[{"id":49183,"href":"https:\/\/ebikespareparts.fi\/da\/wp-json\/wp\/v2\/product\/45910\/revisions\/49183"}],"wp:featuredmedia":[{"embeddable":true,"href":"https:\/\/ebikespareparts.fi\/da\/wp-json\/wp\/v2\/media\/47408"}],"wp:attachment":[{"href":"https:\/\/ebikespareparts.fi\/da\/wp-json\/wp\/v2\/media?parent=45910"}],"wp:term":[{"taxonomy":"product_brand","embeddable":true,"href":"https:\/\/ebikespareparts.fi\/da\/wp-json\/wp\/v2\/product_brand?post=45910"},{"taxonomy":"product_cat","embeddable":true,"href":"https:\/\/ebikespareparts.fi\/da\/wp-json\/wp\/v2\/product_cat?post=45910"},{"taxonomy":"product_tag","embeddable":true,"href":"https:\/\/ebikespareparts.fi\/da\/wp-json\/wp\/v2\/product_tag?post=45910"}],"curies":[{"name":"wp","href":"https:\/\/api.w.org\/{rel}","templated":true}]}}