{"id":46845,"date":"2024-03-03T19:40:59","date_gmt":"2024-03-03T17:40:59","guid":{"rendered":"https:\/\/ebikespareparts.fi\/?post_type=product&#038;p=46845"},"modified":"2026-03-10T15:27:08","modified_gmt":"2026-03-10T13:27:08","slug":"yamaha-pw-x-sarjan-piirikortti","status":"publish","type":"product","link":"https:\/\/ebikespareparts.fi\/da\/vare\/yamaha-pw-x-sarjan-piirikortti\/","title":{"rendered":"YAMAHA PW-X SERIES KREDSL\u00d8BSKORT"},"content":{"rendered":"<p>Elektronisk styreenhed til YAMAHA PW-X Series 1<br \/>\nEt enkelt kort uden tilslutningskabler.<br \/>\nKOMPATIBILITET (VIGTIGT):<br \/>\nPW Series 2-motor (koderne er angivet i den TEKNISKE SPECIFIKATION)<br \/>\nKOMPATIBILITET KUN KONTROLLERET FOR HAIBIKE-CYKLER<br \/>\nIKKE KOMPATIBEL MED K\u00c6MPE MOTORER<br \/>\nKOMPATIBILITETEN MED ANDRE EBI-M\u00c6RKER SKAL KONTROLLERES.<br \/>\nKORREKT DRIFT KAN KUN BEKR\u00c6FTES, N\u00c5R MOTORENS PRINTKORT ER BLEVET KONTROLLERET.<br \/>\n<strong>BEM\u00c6RK:<\/strong><br \/>\n<strong>Det er ikke muligt at gendanne\/udskifte produktet, fordi disken kan v\u00e6re beskadiget under installationen (p\u00e5 grund af forkert installation eller andre beskadigede komponenter).<\/strong><br \/>\nKOMPATIBILITET MED MOTORKODE<br \/>\nX0P10, X0P11, X0P12, X0P13, X0P20, X0P21, X1P10, X1P11, X1P12, X1P20, X1P21<\/p>\n<p>&nbsp;<\/p>","protected":false},"excerpt":{"rendered":"<p>Elektroninen ohjausyksikk\u00f6 YAMAHA PW-X Serie 1:lle Yksitt\u00e4inen kortti ilman liit\u00e4nt\u00e4kaapeleita. YHTEENSOPIVUUS (T\u00c4RKE\u00c4\u00c4): PW Serie 2 -moottori (koodit on ilmoitettu TEKNISESS\u00c4 TIEDOSSA) YHTEENSOPIVUUS TARKISTETTU VAIN HAIBIKE-PY\u00d6RILLE EI YHTEENSOPIVA GIANT MOOTTORIEN KANSSA MUIDEN EBIKEMERKKIEN YHTEENSOPIVUUS ON TARKISTETTAVA OIKEAN TOIMINNAN VOIDAAN VAHVISTAA VAIN KUN MOOTTORIN PIIRIKORTTI ON TARKISTETTU. HUOM: Tuotetta ei ole mahdollista palauttaa\/vaihtaa, koska levy voi vaurioitua <a href=\"https:\/\/ebikespareparts.fi\/da\/vare\/yamaha-pw-x-sarjan-piirikortti\/\" class=\"more-link\">&#8230;<span class=\"screen-reader-text\">  YAMAHA PW-X SERIES KREDSL\u00d8BSKORT<\/span><\/a><\/p>","protected":false},"featured_media":47324,"comment_status":"open","ping_status":"closed","template":"","meta":{"_acf_changed":false},"product_brand":[],"product_cat":[54],"product_tag":[],"class_list":{"0":"post-46845","1":"product","2":"type-product","3":"status-publish","4":"has-post-thumbnail","6":"product_cat-yamaha-moottori-osat","8":"first","9":"outofstock","10":"taxable","11":"shipping-taxable","12":"purchasable","13":"product-type-simple"},"acf":[],"yoast_head":"<!-- This site is optimized with the Yoast SEO plugin v27.5 - https:\/\/yoast.com\/product\/yoast-seo-wordpress\/ -->\n<title>YAMAHA PW-X SARJAN PIIRIKORTTI - Ebikespareparts.fi<\/title>\n<meta name=\"robots\" content=\"index, follow, max-snippet:-1, max-image-preview:large, max-video-preview:-1\" \/>\n<link rel=\"canonical\" href=\"https:\/\/ebikespareparts.fi\/da\/vare\/yamaha-pw-x-sarjan-piirikortti\/\" \/>\n<meta property=\"og:locale\" content=\"da_DK\" \/>\n<meta property=\"og:type\" content=\"article\" \/>\n<meta property=\"og:title\" content=\"YAMAHA PW-X SARJAN PIIRIKORTTI - Ebikespareparts.fi\" \/>\n<meta property=\"og:description\" content=\"Elektroninen ohjausyksikk\u00f6 YAMAHA PW-X Serie 1:lle Yksitt\u00e4inen kortti ilman liit\u00e4nt\u00e4kaapeleita. YHTEENSOPIVUUS (T\u00c4RKE\u00c4\u00c4): PW Serie 2 -moottori (koodit on ilmoitettu TEKNISESS\u00c4 TIEDOSSA) YHTEENSOPIVUUS TARKISTETTU VAIN HAIBIKE-PY\u00d6RILLE EI YHTEENSOPIVA GIANT MOOTTORIEN KANSSA MUIDEN EBIKEMERKKIEN YHTEENSOPIVUUS ON TARKISTETTAVA OIKEAN TOIMINNAN VOIDAAN VAHVISTAA VAIN KUN MOOTTORIN PIIRIKORTTI ON TARKISTETTU. HUOM: Tuotetta ei ole mahdollista palauttaa\/vaihtaa, koska levy voi vaurioitua ... YAMAHA PW-X SARJAN PIIRIKORTTI\" \/>\n<meta property=\"og:url\" content=\"https:\/\/ebikespareparts.fi\/da\/vare\/yamaha-pw-x-sarjan-piirikortti\/\" \/>\n<meta property=\"og:site_name\" content=\"Ebikespareparts.fi\" \/>\n<meta property=\"article:publisher\" content=\"https:\/\/www.facebook.com\/smhj.fi\" \/>\n<meta property=\"article:modified_time\" content=\"2026-03-10T13:27:08+00:00\" \/>\n<meta property=\"og:image\" content=\"https:\/\/ebikespareparts.fi\/wp-content\/uploads\/2025\/03\/ViE8YRb96HQ5jfc5oynVsWoeQTGYfSHLQoArFTlSU2w9ZcQmMy.jpg\" \/>\n\t<meta property=\"og:image:width\" content=\"791\" \/>\n\t<meta property=\"og:image:height\" content=\"1000\" \/>\n\t<meta property=\"og:image:type\" content=\"image\/jpeg\" \/>\n<meta name=\"twitter:card\" content=\"summary_large_image\" \/>\n<meta name=\"twitter:label1\" content=\"Estimeret l\u00e6setid\" \/>\n\t<meta name=\"twitter:data1\" content=\"1 minut\" \/>\n<script type=\"application\/ld+json\" class=\"yoast-schema-graph\">{\"@context\":\"https:\\\/\\\/schema.org\",\"@graph\":[{\"@type\":\"WebPage\",\"@id\":\"https:\\\/\\\/ebikespareparts.fi\\\/tuote\\\/yamaha-pw-x-sarjan-piirikortti\\\/\",\"url\":\"https:\\\/\\\/ebikespareparts.fi\\\/tuote\\\/yamaha-pw-x-sarjan-piirikortti\\\/\",\"name\":\"YAMAHA PW-X SARJAN PIIRIKORTTI - Ebikespareparts.fi\",\"isPartOf\":{\"@id\":\"https:\\\/\\\/ebikespareparts.fi\\\/#website\"},\"primaryImageOfPage\":{\"@id\":\"https:\\\/\\\/ebikespareparts.fi\\\/tuote\\\/yamaha-pw-x-sarjan-piirikortti\\\/#primaryimage\"},\"image\":{\"@id\":\"https:\\\/\\\/ebikespareparts.fi\\\/tuote\\\/yamaha-pw-x-sarjan-piirikortti\\\/#primaryimage\"},\"thumbnailUrl\":\"https:\\\/\\\/ebikespareparts.fi\\\/wp-content\\\/uploads\\\/2025\\\/03\\\/ViE8YRb96HQ5jfc5oynVsWoeQTGYfSHLQoArFTlSU2w9ZcQmMy.jpg\",\"datePublished\":\"2024-03-03T17:40:59+00:00\",\"dateModified\":\"2026-03-10T13:27:08+00:00\",\"breadcrumb\":{\"@id\":\"https:\\\/\\\/ebikespareparts.fi\\\/tuote\\\/yamaha-pw-x-sarjan-piirikortti\\\/#breadcrumb\"},\"inLanguage\":\"da-DK\",\"potentialAction\":[{\"@type\":\"ReadAction\",\"target\":[\"https:\\\/\\\/ebikespareparts.fi\\\/tuote\\\/yamaha-pw-x-sarjan-piirikortti\\\/\"]}]},{\"@type\":\"ImageObject\",\"inLanguage\":\"da-DK\",\"@id\":\"https:\\\/\\\/ebikespareparts.fi\\\/tuote\\\/yamaha-pw-x-sarjan-piirikortti\\\/#primaryimage\",\"url\":\"https:\\\/\\\/ebikespareparts.fi\\\/wp-content\\\/uploads\\\/2025\\\/03\\\/ViE8YRb96HQ5jfc5oynVsWoeQTGYfSHLQoArFTlSU2w9ZcQmMy.jpg\",\"contentUrl\":\"https:\\\/\\\/ebikespareparts.fi\\\/wp-content\\\/uploads\\\/2025\\\/03\\\/ViE8YRb96HQ5jfc5oynVsWoeQTGYfSHLQoArFTlSU2w9ZcQmMy.jpg\",\"width\":791,\"height\":1000,\"caption\":\"ViE8YRb96HQ5jfc5oynVsWoeQTGYfSHLQoArFTlSU2w9ZcQmMy\"},{\"@type\":\"BreadcrumbList\",\"@id\":\"https:\\\/\\\/ebikespareparts.fi\\\/tuote\\\/yamaha-pw-x-sarjan-piirikortti\\\/#breadcrumb\",\"itemListElement\":[{\"@type\":\"ListItem\",\"position\":1,\"name\":\"Etusivu\",\"item\":\"https:\\\/\\\/ebikespareparts.fi\\\/\"},{\"@type\":\"ListItem\",\"position\":2,\"name\":\"Kauppa\",\"item\":\"https:\\\/\\\/ebikespareparts.fi\\\/kauppa\\\/\"},{\"@type\":\"ListItem\",\"position\":3,\"name\":\"YAMAHA PW-X SARJAN PIIRIKORTTI\"}]},{\"@type\":\"WebSite\",\"@id\":\"https:\\\/\\\/ebikespareparts.fi\\\/#website\",\"url\":\"https:\\\/\\\/ebikespareparts.fi\\\/\",\"name\":\"Ebikespareparts.fi\",\"description\":\"S\u00e4hk\u00f6py\u00f6r\u00e4n osat - E-bike osat - Huolto\",\"publisher\":{\"@id\":\"https:\\\/\\\/ebikespareparts.fi\\\/#organization\"},\"potentialAction\":[{\"@type\":\"SearchAction\",\"target\":{\"@type\":\"EntryPoint\",\"urlTemplate\":\"https:\\\/\\\/ebikespareparts.fi\\\/?s={search_term_string}\"},\"query-input\":{\"@type\":\"PropertyValueSpecification\",\"valueRequired\":true,\"valueName\":\"search_term_string\"}}],\"inLanguage\":\"da-DK\"},{\"@type\":\"Organization\",\"@id\":\"https:\\\/\\\/ebikespareparts.fi\\\/#organization\",\"name\":\"Ebikespareparts.fi\",\"url\":\"https:\\\/\\\/ebikespareparts.fi\\\/\",\"logo\":{\"@type\":\"ImageObject\",\"inLanguage\":\"da-DK\",\"@id\":\"https:\\\/\\\/ebikespareparts.fi\\\/#\\\/schema\\\/logo\\\/image\\\/\",\"url\":\"https:\\\/\\\/ebikespareparts.fi\\\/wp-content\\\/uploads\\\/2024\\\/05\\\/logo-musta-tausta.jpg\",\"contentUrl\":\"https:\\\/\\\/ebikespareparts.fi\\\/wp-content\\\/uploads\\\/2024\\\/05\\\/logo-musta-tausta.jpg\",\"width\":1013,\"height\":950,\"caption\":\"Ebikespareparts.fi\"},\"image\":{\"@id\":\"https:\\\/\\\/ebikespareparts.fi\\\/#\\\/schema\\\/logo\\\/image\\\/\"},\"sameAs\":[\"https:\\\/\\\/www.facebook.com\\\/smhj.fi\"]}]}<\/script>\n<!-- \/ Yoast SEO plugin. -->","yoast_head_json":{"title":"YAMAHA PW-X SARJAN PIIRIKORTTI - Ebikespareparts.fi","robots":{"index":"index","follow":"follow","max-snippet":"max-snippet:-1","max-image-preview":"max-image-preview:large","max-video-preview":"max-video-preview:-1"},"canonical":"https:\/\/ebikespareparts.fi\/da\/vare\/yamaha-pw-x-sarjan-piirikortti\/","og_locale":"da_DK","og_type":"article","og_title":"YAMAHA PW-X SARJAN PIIRIKORTTI - Ebikespareparts.fi","og_description":"Elektroninen ohjausyksikk\u00f6 YAMAHA PW-X Serie 1:lle Yksitt\u00e4inen kortti ilman liit\u00e4nt\u00e4kaapeleita. YHTEENSOPIVUUS (T\u00c4RKE\u00c4\u00c4): PW Serie 2 -moottori (koodit on ilmoitettu TEKNISESS\u00c4 TIEDOSSA) YHTEENSOPIVUUS TARKISTETTU VAIN HAIBIKE-PY\u00d6RILLE EI YHTEENSOPIVA GIANT MOOTTORIEN KANSSA MUIDEN EBIKEMERKKIEN YHTEENSOPIVUUS ON TARKISTETTAVA OIKEAN TOIMINNAN VOIDAAN VAHVISTAA VAIN KUN MOOTTORIN PIIRIKORTTI ON TARKISTETTU. HUOM: Tuotetta ei ole mahdollista palauttaa\/vaihtaa, koska levy voi vaurioitua ... YAMAHA PW-X SARJAN PIIRIKORTTI","og_url":"https:\/\/ebikespareparts.fi\/da\/vare\/yamaha-pw-x-sarjan-piirikortti\/","og_site_name":"Ebikespareparts.fi","article_publisher":"https:\/\/www.facebook.com\/smhj.fi","article_modified_time":"2026-03-10T13:27:08+00:00","og_image":[{"width":791,"height":1000,"url":"https:\/\/ebikespareparts.fi\/wp-content\/uploads\/2025\/03\/ViE8YRb96HQ5jfc5oynVsWoeQTGYfSHLQoArFTlSU2w9ZcQmMy.jpg","type":"image\/jpeg"}],"twitter_card":"summary_large_image","twitter_misc":{"Estimeret l\u00e6setid":"1 minut"},"schema":{"@context":"https:\/\/schema.org","@graph":[{"@type":"WebPage","@id":"https:\/\/ebikespareparts.fi\/tuote\/yamaha-pw-x-sarjan-piirikortti\/","url":"https:\/\/ebikespareparts.fi\/tuote\/yamaha-pw-x-sarjan-piirikortti\/","name":"YAMAHA PW-X SARJAN PIIRIKORTTI - Ebikespareparts.fi","isPartOf":{"@id":"https:\/\/ebikespareparts.fi\/#website"},"primaryImageOfPage":{"@id":"https:\/\/ebikespareparts.fi\/tuote\/yamaha-pw-x-sarjan-piirikortti\/#primaryimage"},"image":{"@id":"https:\/\/ebikespareparts.fi\/tuote\/yamaha-pw-x-sarjan-piirikortti\/#primaryimage"},"thumbnailUrl":"https:\/\/ebikespareparts.fi\/wp-content\/uploads\/2025\/03\/ViE8YRb96HQ5jfc5oynVsWoeQTGYfSHLQoArFTlSU2w9ZcQmMy.jpg","datePublished":"2024-03-03T17:40:59+00:00","dateModified":"2026-03-10T13:27:08+00:00","breadcrumb":{"@id":"https:\/\/ebikespareparts.fi\/tuote\/yamaha-pw-x-sarjan-piirikortti\/#breadcrumb"},"inLanguage":"da-DK","potentialAction":[{"@type":"ReadAction","target":["https:\/\/ebikespareparts.fi\/tuote\/yamaha-pw-x-sarjan-piirikortti\/"]}]},{"@type":"ImageObject","inLanguage":"da-DK","@id":"https:\/\/ebikespareparts.fi\/tuote\/yamaha-pw-x-sarjan-piirikortti\/#primaryimage","url":"https:\/\/ebikespareparts.fi\/wp-content\/uploads\/2025\/03\/ViE8YRb96HQ5jfc5oynVsWoeQTGYfSHLQoArFTlSU2w9ZcQmMy.jpg","contentUrl":"https:\/\/ebikespareparts.fi\/wp-content\/uploads\/2025\/03\/ViE8YRb96HQ5jfc5oynVsWoeQTGYfSHLQoArFTlSU2w9ZcQmMy.jpg","width":791,"height":1000,"caption":"ViE8YRb96HQ5jfc5oynVsWoeQTGYfSHLQoArFTlSU2w9ZcQmMy"},{"@type":"BreadcrumbList","@id":"https:\/\/ebikespareparts.fi\/tuote\/yamaha-pw-x-sarjan-piirikortti\/#breadcrumb","itemListElement":[{"@type":"ListItem","position":1,"name":"Etusivu","item":"https:\/\/ebikespareparts.fi\/"},{"@type":"ListItem","position":2,"name":"Kauppa","item":"https:\/\/ebikespareparts.fi\/kauppa\/"},{"@type":"ListItem","position":3,"name":"YAMAHA PW-X SARJAN PIIRIKORTTI"}]},{"@type":"WebSite","@id":"https:\/\/ebikespareparts.fi\/#website","url":"https:\/\/ebikespareparts.fi\/","name":"Ebikespareparts.fi","description":"S\u00e4hk\u00f6py\u00f6r\u00e4n osat - E-bike osat - Huolto","publisher":{"@id":"https:\/\/ebikespareparts.fi\/#organization"},"potentialAction":[{"@type":"SearchAction","target":{"@type":"EntryPoint","urlTemplate":"https:\/\/ebikespareparts.fi\/?s={search_term_string}"},"query-input":{"@type":"PropertyValueSpecification","valueRequired":true,"valueName":"search_term_string"}}],"inLanguage":"da-DK"},{"@type":"Organization","@id":"https:\/\/ebikespareparts.fi\/#organization","name":"Ebikespareparts.fi","url":"https:\/\/ebikespareparts.fi\/","logo":{"@type":"ImageObject","inLanguage":"da-DK","@id":"https:\/\/ebikespareparts.fi\/#\/schema\/logo\/image\/","url":"https:\/\/ebikespareparts.fi\/wp-content\/uploads\/2024\/05\/logo-musta-tausta.jpg","contentUrl":"https:\/\/ebikespareparts.fi\/wp-content\/uploads\/2024\/05\/logo-musta-tausta.jpg","width":1013,"height":950,"caption":"Ebikespareparts.fi"},"image":{"@id":"https:\/\/ebikespareparts.fi\/#\/schema\/logo\/image\/"},"sameAs":["https:\/\/www.facebook.com\/smhj.fi"]}]}},"_links":{"self":[{"href":"https:\/\/ebikespareparts.fi\/da\/wp-json\/wp\/v2\/product\/46845","targetHints":{"allow":["GET"]}}],"collection":[{"href":"https:\/\/ebikespareparts.fi\/da\/wp-json\/wp\/v2\/product"}],"about":[{"href":"https:\/\/ebikespareparts.fi\/da\/wp-json\/wp\/v2\/types\/product"}],"replies":[{"embeddable":true,"href":"https:\/\/ebikespareparts.fi\/da\/wp-json\/wp\/v2\/comments?post=46845"}],"version-history":[{"count":1,"href":"https:\/\/ebikespareparts.fi\/da\/wp-json\/wp\/v2\/product\/46845\/revisions"}],"predecessor-version":[{"id":49113,"href":"https:\/\/ebikespareparts.fi\/da\/wp-json\/wp\/v2\/product\/46845\/revisions\/49113"}],"wp:featuredmedia":[{"embeddable":true,"href":"https:\/\/ebikespareparts.fi\/da\/wp-json\/wp\/v2\/media\/47324"}],"wp:attachment":[{"href":"https:\/\/ebikespareparts.fi\/da\/wp-json\/wp\/v2\/media?parent=46845"}],"wp:term":[{"taxonomy":"product_brand","embeddable":true,"href":"https:\/\/ebikespareparts.fi\/da\/wp-json\/wp\/v2\/product_brand?post=46845"},{"taxonomy":"product_cat","embeddable":true,"href":"https:\/\/ebikespareparts.fi\/da\/wp-json\/wp\/v2\/product_cat?post=46845"},{"taxonomy":"product_tag","embeddable":true,"href":"https:\/\/ebikespareparts.fi\/da\/wp-json\/wp\/v2\/product_tag?post=46845"}],"curies":[{"name":"wp","href":"https:\/\/api.w.org\/{rel}","templated":true}]}}