{"id":46967,"date":"2024-04-17T21:32:31","date_gmt":"2024-04-17T18:32:31","guid":{"rendered":"https:\/\/ebikespareparts.fi\/?post_type=product&#038;p=46967"},"modified":"2026-04-17T03:00:12","modified_gmt":"2026-04-17T00:00:12","slug":"momenttiruuvivaannin-saadetty-02-nm","status":"publish","type":"product","link":"https:\/\/ebikespareparts.fi\/da\/vare\/momenttiruuvivaannin-saadetty-02-nm\/","title":{"rendered":"PLA00925 Momentskruetr\u00e6kker justeret 0,2 Nm"},"content":{"rendered":"<div>Et uundv\u00e6rligt v\u00e6rkt\u00f8j, n\u00e5r motorremmen skal skiftes, fordi sp\u00e6ndeskivens moment kun er 0,2 nm. Et forkert tilsp\u00e6ndt moment vil \u00f8del\u00e6gge remmen og remskivens lejer.<\/div>\n<div>Momentskruetr\u00e6kker med robust 2K-momentn\u00f8gle og fast moment. Drejningsmomentet er fast. Fastgjort med permanente magneter.<\/div>\n<div>N\u00e5r det indstillede moment er n\u00e5et, siger skruetr\u00e6kkeren et h\u00f8jt og h\u00f8rbart klik, s\u00e5 man tydeligt kan m\u00e6rke, at den indstillede v\u00e6rdi er n\u00e5et. <strong>inkluderer 3 mm sekskant<\/strong>.<\/div>","protected":false},"excerpt":{"rendered":"<p>V\u00e4ltt\u00e4m\u00e4t\u00f6n ty\u00f6kalu kun vaihdat moottorin hihnan koska kiristin rullan momentti on vain 0,2 nm. V\u00e4\u00e4rin kiristetty momentti rikkoo hihnan ja hihnapy\u00f6r\u00e4n laakerit. Momenttiruuvitaltta tukevalla 2K-poikittaisv\u00e4\u00e4ntimell\u00e4 ja kiinte\u00e4ll\u00e4 v\u00e4\u00e4nt\u00f6momentilla. V\u00e4\u00e4nt\u00f6momentti on kiinte\u00e4sti s\u00e4\u00e4detty. Kiinnityksess\u00e4 kestomagneetit. Kun asetettu v\u00e4\u00e4nt\u00f6momentti on saavutettu, ruuvitaltta naksahtaa kuuluvasti ja tuntuvasti n\u00e4in tunnet selv\u00e4sti, ett\u00e4 asetettu arvo on saavutettu sis\u00e4lt\u00e4\u00e4 3mm kuusiokolon.<\/p>","protected":false},"featured_media":47586,"comment_status":"open","ping_status":"closed","template":"","meta":{"_acf_changed":false},"product_brand":[],"product_cat":[47],"product_tag":[],"class_list":{"0":"post-46967","1":"product","2":"type-product","3":"status-publish","4":"has-post-thumbnail","6":"product_cat-brose-tyokalut","8":"first","9":"instock","10":"taxable","11":"shipping-taxable","12":"purchasable","13":"product-type-simple"},"acf":[],"yoast_head":"<!-- This site is optimized with the Yoast SEO plugin v27.5 - https:\/\/yoast.com\/product\/yoast-seo-wordpress\/ -->\n<title>PLA00925 Momenttiruuviv\u00e4\u00e4nnin s\u00e4\u00e4detty 0,2 Nm - Ebikespareparts.fi<\/title>\n<meta name=\"robots\" content=\"index, follow, max-snippet:-1, max-image-preview:large, max-video-preview:-1\" \/>\n<link rel=\"canonical\" href=\"https:\/\/ebikespareparts.fi\/da\/vare\/momenttiruuvivaannin-saadetty-02-nm\/\" \/>\n<meta property=\"og:locale\" content=\"da_DK\" \/>\n<meta property=\"og:type\" content=\"article\" \/>\n<meta property=\"og:title\" content=\"PLA00925 Momenttiruuviv\u00e4\u00e4nnin s\u00e4\u00e4detty 0,2 Nm - Ebikespareparts.fi\" \/>\n<meta property=\"og:description\" content=\"V\u00e4ltt\u00e4m\u00e4t\u00f6n ty\u00f6kalu kun vaihdat moottorin hihnan koska kiristin rullan momentti on vain 0,2 nm. V\u00e4\u00e4rin kiristetty momentti rikkoo hihnan ja hihnapy\u00f6r\u00e4n laakerit. Momenttiruuvitaltta tukevalla 2K-poikittaisv\u00e4\u00e4ntimell\u00e4 ja kiinte\u00e4ll\u00e4 v\u00e4\u00e4nt\u00f6momentilla. V\u00e4\u00e4nt\u00f6momentti on kiinte\u00e4sti s\u00e4\u00e4detty. Kiinnityksess\u00e4 kestomagneetit. Kun asetettu v\u00e4\u00e4nt\u00f6momentti on saavutettu, ruuvitaltta naksahtaa kuuluvasti ja tuntuvasti n\u00e4in tunnet selv\u00e4sti, ett\u00e4 asetettu arvo on saavutettu sis\u00e4lt\u00e4\u00e4 3mm kuusiokolon.\" \/>\n<meta property=\"og:url\" content=\"https:\/\/ebikespareparts.fi\/da\/vare\/momenttiruuvivaannin-saadetty-02-nm\/\" \/>\n<meta property=\"og:site_name\" content=\"Ebikespareparts.fi\" \/>\n<meta property=\"article:publisher\" content=\"https:\/\/www.facebook.com\/smhj.fi\" \/>\n<meta property=\"article:modified_time\" content=\"2026-04-17T00:00:12+00:00\" \/>\n<meta property=\"og:image\" content=\"https:\/\/ebikespareparts.fi\/wp-content\/uploads\/2025\/03\/2jK9u3oznVPYZKW9KLin1UtAII72IbzZkJmGGCNsBCIy4DVptH.jpg\" \/>\n\t<meta property=\"og:image:width\" content=\"1000\" \/>\n\t<meta property=\"og:image:height\" content=\"1000\" \/>\n\t<meta property=\"og:image:type\" content=\"image\/jpeg\" \/>\n<meta name=\"twitter:card\" content=\"summary_large_image\" \/>\n<meta name=\"twitter:label1\" content=\"Estimeret l\u00e6setid\" \/>\n\t<meta name=\"twitter:data1\" content=\"1 minut\" \/>\n<script type=\"application\/ld+json\" class=\"yoast-schema-graph\">{\"@context\":\"https:\\\/\\\/schema.org\",\"@graph\":[{\"@type\":\"WebPage\",\"@id\":\"https:\\\/\\\/ebikespareparts.fi\\\/tuote\\\/momenttiruuvivaannin-saadetty-02-nm\\\/\",\"url\":\"https:\\\/\\\/ebikespareparts.fi\\\/tuote\\\/momenttiruuvivaannin-saadetty-02-nm\\\/\",\"name\":\"PLA00925 Momenttiruuviv\u00e4\u00e4nnin s\u00e4\u00e4detty 0,2 Nm - Ebikespareparts.fi\",\"isPartOf\":{\"@id\":\"https:\\\/\\\/ebikespareparts.fi\\\/#website\"},\"primaryImageOfPage\":{\"@id\":\"https:\\\/\\\/ebikespareparts.fi\\\/tuote\\\/momenttiruuvivaannin-saadetty-02-nm\\\/#primaryimage\"},\"image\":{\"@id\":\"https:\\\/\\\/ebikespareparts.fi\\\/tuote\\\/momenttiruuvivaannin-saadetty-02-nm\\\/#primaryimage\"},\"thumbnailUrl\":\"https:\\\/\\\/ebikespareparts.fi\\\/wp-content\\\/uploads\\\/2025\\\/03\\\/2jK9u3oznVPYZKW9KLin1UtAII72IbzZkJmGGCNsBCIy4DVptH.jpg\",\"datePublished\":\"2024-04-17T18:32:31+00:00\",\"dateModified\":\"2026-04-17T00:00:12+00:00\",\"breadcrumb\":{\"@id\":\"https:\\\/\\\/ebikespareparts.fi\\\/tuote\\\/momenttiruuvivaannin-saadetty-02-nm\\\/#breadcrumb\"},\"inLanguage\":\"da-DK\",\"potentialAction\":[{\"@type\":\"ReadAction\",\"target\":[\"https:\\\/\\\/ebikespareparts.fi\\\/tuote\\\/momenttiruuvivaannin-saadetty-02-nm\\\/\"]}]},{\"@type\":\"ImageObject\",\"inLanguage\":\"da-DK\",\"@id\":\"https:\\\/\\\/ebikespareparts.fi\\\/tuote\\\/momenttiruuvivaannin-saadetty-02-nm\\\/#primaryimage\",\"url\":\"https:\\\/\\\/ebikespareparts.fi\\\/wp-content\\\/uploads\\\/2025\\\/03\\\/2jK9u3oznVPYZKW9KLin1UtAII72IbzZkJmGGCNsBCIy4DVptH.jpg\",\"contentUrl\":\"https:\\\/\\\/ebikespareparts.fi\\\/wp-content\\\/uploads\\\/2025\\\/03\\\/2jK9u3oznVPYZKW9KLin1UtAII72IbzZkJmGGCNsBCIy4DVptH.jpg\",\"width\":1000,\"height\":1000,\"caption\":\"2jK9u3oznVPYZKW9KLin1UtAII72IbzZkJmGGCNsBCIy4DVptH\"},{\"@type\":\"BreadcrumbList\",\"@id\":\"https:\\\/\\\/ebikespareparts.fi\\\/tuote\\\/momenttiruuvivaannin-saadetty-02-nm\\\/#breadcrumb\",\"itemListElement\":[{\"@type\":\"ListItem\",\"position\":1,\"name\":\"Etusivu\",\"item\":\"https:\\\/\\\/ebikespareparts.fi\\\/\"},{\"@type\":\"ListItem\",\"position\":2,\"name\":\"Kauppa\",\"item\":\"https:\\\/\\\/ebikespareparts.fi\\\/kauppa\\\/\"},{\"@type\":\"ListItem\",\"position\":3,\"name\":\"PLA00925 Momenttiruuviv\u00e4\u00e4nnin s\u00e4\u00e4detty 0,2 Nm\"}]},{\"@type\":\"WebSite\",\"@id\":\"https:\\\/\\\/ebikespareparts.fi\\\/#website\",\"url\":\"https:\\\/\\\/ebikespareparts.fi\\\/\",\"name\":\"Ebikespareparts.fi\",\"description\":\"S\u00e4hk\u00f6py\u00f6r\u00e4n osat - E-bike osat - Huolto\",\"publisher\":{\"@id\":\"https:\\\/\\\/ebikespareparts.fi\\\/#organization\"},\"potentialAction\":[{\"@type\":\"SearchAction\",\"target\":{\"@type\":\"EntryPoint\",\"urlTemplate\":\"https:\\\/\\\/ebikespareparts.fi\\\/?s={search_term_string}\"},\"query-input\":{\"@type\":\"PropertyValueSpecification\",\"valueRequired\":true,\"valueName\":\"search_term_string\"}}],\"inLanguage\":\"da-DK\"},{\"@type\":\"Organization\",\"@id\":\"https:\\\/\\\/ebikespareparts.fi\\\/#organization\",\"name\":\"Ebikespareparts.fi\",\"url\":\"https:\\\/\\\/ebikespareparts.fi\\\/\",\"logo\":{\"@type\":\"ImageObject\",\"inLanguage\":\"da-DK\",\"@id\":\"https:\\\/\\\/ebikespareparts.fi\\\/#\\\/schema\\\/logo\\\/image\\\/\",\"url\":\"https:\\\/\\\/ebikespareparts.fi\\\/wp-content\\\/uploads\\\/2024\\\/05\\\/logo-musta-tausta.jpg\",\"contentUrl\":\"https:\\\/\\\/ebikespareparts.fi\\\/wp-content\\\/uploads\\\/2024\\\/05\\\/logo-musta-tausta.jpg\",\"width\":1013,\"height\":950,\"caption\":\"Ebikespareparts.fi\"},\"image\":{\"@id\":\"https:\\\/\\\/ebikespareparts.fi\\\/#\\\/schema\\\/logo\\\/image\\\/\"},\"sameAs\":[\"https:\\\/\\\/www.facebook.com\\\/smhj.fi\"]}]}<\/script>\n<!-- \/ Yoast SEO plugin. -->","yoast_head_json":{"title":"PLA00925 Momenttiruuviv\u00e4\u00e4nnin s\u00e4\u00e4detty 0,2 Nm - Ebikespareparts.fi","robots":{"index":"index","follow":"follow","max-snippet":"max-snippet:-1","max-image-preview":"max-image-preview:large","max-video-preview":"max-video-preview:-1"},"canonical":"https:\/\/ebikespareparts.fi\/da\/vare\/momenttiruuvivaannin-saadetty-02-nm\/","og_locale":"da_DK","og_type":"article","og_title":"PLA00925 Momenttiruuviv\u00e4\u00e4nnin s\u00e4\u00e4detty 0,2 Nm - Ebikespareparts.fi","og_description":"V\u00e4ltt\u00e4m\u00e4t\u00f6n ty\u00f6kalu kun vaihdat moottorin hihnan koska kiristin rullan momentti on vain 0,2 nm. V\u00e4\u00e4rin kiristetty momentti rikkoo hihnan ja hihnapy\u00f6r\u00e4n laakerit. Momenttiruuvitaltta tukevalla 2K-poikittaisv\u00e4\u00e4ntimell\u00e4 ja kiinte\u00e4ll\u00e4 v\u00e4\u00e4nt\u00f6momentilla. V\u00e4\u00e4nt\u00f6momentti on kiinte\u00e4sti s\u00e4\u00e4detty. Kiinnityksess\u00e4 kestomagneetit. Kun asetettu v\u00e4\u00e4nt\u00f6momentti on saavutettu, ruuvitaltta naksahtaa kuuluvasti ja tuntuvasti n\u00e4in tunnet selv\u00e4sti, ett\u00e4 asetettu arvo on saavutettu sis\u00e4lt\u00e4\u00e4 3mm kuusiokolon.","og_url":"https:\/\/ebikespareparts.fi\/da\/vare\/momenttiruuvivaannin-saadetty-02-nm\/","og_site_name":"Ebikespareparts.fi","article_publisher":"https:\/\/www.facebook.com\/smhj.fi","article_modified_time":"2026-04-17T00:00:12+00:00","og_image":[{"width":1000,"height":1000,"url":"https:\/\/ebikespareparts.fi\/wp-content\/uploads\/2025\/03\/2jK9u3oznVPYZKW9KLin1UtAII72IbzZkJmGGCNsBCIy4DVptH.jpg","type":"image\/jpeg"}],"twitter_card":"summary_large_image","twitter_misc":{"Estimeret l\u00e6setid":"1 minut"},"schema":{"@context":"https:\/\/schema.org","@graph":[{"@type":"WebPage","@id":"https:\/\/ebikespareparts.fi\/tuote\/momenttiruuvivaannin-saadetty-02-nm\/","url":"https:\/\/ebikespareparts.fi\/tuote\/momenttiruuvivaannin-saadetty-02-nm\/","name":"PLA00925 Momenttiruuviv\u00e4\u00e4nnin s\u00e4\u00e4detty 0,2 Nm - Ebikespareparts.fi","isPartOf":{"@id":"https:\/\/ebikespareparts.fi\/#website"},"primaryImageOfPage":{"@id":"https:\/\/ebikespareparts.fi\/tuote\/momenttiruuvivaannin-saadetty-02-nm\/#primaryimage"},"image":{"@id":"https:\/\/ebikespareparts.fi\/tuote\/momenttiruuvivaannin-saadetty-02-nm\/#primaryimage"},"thumbnailUrl":"https:\/\/ebikespareparts.fi\/wp-content\/uploads\/2025\/03\/2jK9u3oznVPYZKW9KLin1UtAII72IbzZkJmGGCNsBCIy4DVptH.jpg","datePublished":"2024-04-17T18:32:31+00:00","dateModified":"2026-04-17T00:00:12+00:00","breadcrumb":{"@id":"https:\/\/ebikespareparts.fi\/tuote\/momenttiruuvivaannin-saadetty-02-nm\/#breadcrumb"},"inLanguage":"da-DK","potentialAction":[{"@type":"ReadAction","target":["https:\/\/ebikespareparts.fi\/tuote\/momenttiruuvivaannin-saadetty-02-nm\/"]}]},{"@type":"ImageObject","inLanguage":"da-DK","@id":"https:\/\/ebikespareparts.fi\/tuote\/momenttiruuvivaannin-saadetty-02-nm\/#primaryimage","url":"https:\/\/ebikespareparts.fi\/wp-content\/uploads\/2025\/03\/2jK9u3oznVPYZKW9KLin1UtAII72IbzZkJmGGCNsBCIy4DVptH.jpg","contentUrl":"https:\/\/ebikespareparts.fi\/wp-content\/uploads\/2025\/03\/2jK9u3oznVPYZKW9KLin1UtAII72IbzZkJmGGCNsBCIy4DVptH.jpg","width":1000,"height":1000,"caption":"2jK9u3oznVPYZKW9KLin1UtAII72IbzZkJmGGCNsBCIy4DVptH"},{"@type":"BreadcrumbList","@id":"https:\/\/ebikespareparts.fi\/tuote\/momenttiruuvivaannin-saadetty-02-nm\/#breadcrumb","itemListElement":[{"@type":"ListItem","position":1,"name":"Etusivu","item":"https:\/\/ebikespareparts.fi\/"},{"@type":"ListItem","position":2,"name":"Kauppa","item":"https:\/\/ebikespareparts.fi\/kauppa\/"},{"@type":"ListItem","position":3,"name":"PLA00925 Momenttiruuviv\u00e4\u00e4nnin s\u00e4\u00e4detty 0,2 Nm"}]},{"@type":"WebSite","@id":"https:\/\/ebikespareparts.fi\/#website","url":"https:\/\/ebikespareparts.fi\/","name":"Ebikespareparts.fi","description":"S\u00e4hk\u00f6py\u00f6r\u00e4n osat - E-bike osat - Huolto","publisher":{"@id":"https:\/\/ebikespareparts.fi\/#organization"},"potentialAction":[{"@type":"SearchAction","target":{"@type":"EntryPoint","urlTemplate":"https:\/\/ebikespareparts.fi\/?s={search_term_string}"},"query-input":{"@type":"PropertyValueSpecification","valueRequired":true,"valueName":"search_term_string"}}],"inLanguage":"da-DK"},{"@type":"Organization","@id":"https:\/\/ebikespareparts.fi\/#organization","name":"Ebikespareparts.fi","url":"https:\/\/ebikespareparts.fi\/","logo":{"@type":"ImageObject","inLanguage":"da-DK","@id":"https:\/\/ebikespareparts.fi\/#\/schema\/logo\/image\/","url":"https:\/\/ebikespareparts.fi\/wp-content\/uploads\/2024\/05\/logo-musta-tausta.jpg","contentUrl":"https:\/\/ebikespareparts.fi\/wp-content\/uploads\/2024\/05\/logo-musta-tausta.jpg","width":1013,"height":950,"caption":"Ebikespareparts.fi"},"image":{"@id":"https:\/\/ebikespareparts.fi\/#\/schema\/logo\/image\/"},"sameAs":["https:\/\/www.facebook.com\/smhj.fi"]}]}},"_links":{"self":[{"href":"https:\/\/ebikespareparts.fi\/da\/wp-json\/wp\/v2\/product\/46967","targetHints":{"allow":["GET"]}}],"collection":[{"href":"https:\/\/ebikespareparts.fi\/da\/wp-json\/wp\/v2\/product"}],"about":[{"href":"https:\/\/ebikespareparts.fi\/da\/wp-json\/wp\/v2\/types\/product"}],"replies":[{"embeddable":true,"href":"https:\/\/ebikespareparts.fi\/da\/wp-json\/wp\/v2\/comments?post=46967"}],"version-history":[{"count":0,"href":"https:\/\/ebikespareparts.fi\/da\/wp-json\/wp\/v2\/product\/46967\/revisions"}],"wp:featuredmedia":[{"embeddable":true,"href":"https:\/\/ebikespareparts.fi\/da\/wp-json\/wp\/v2\/media\/47586"}],"wp:attachment":[{"href":"https:\/\/ebikespareparts.fi\/da\/wp-json\/wp\/v2\/media?parent=46967"}],"wp:term":[{"taxonomy":"product_brand","embeddable":true,"href":"https:\/\/ebikespareparts.fi\/da\/wp-json\/wp\/v2\/product_brand?post=46967"},{"taxonomy":"product_cat","embeddable":true,"href":"https:\/\/ebikespareparts.fi\/da\/wp-json\/wp\/v2\/product_cat?post=46967"},{"taxonomy":"product_tag","embeddable":true,"href":"https:\/\/ebikespareparts.fi\/da\/wp-json\/wp\/v2\/product_tag?post=46967"}],"curies":[{"name":"wp","href":"https:\/\/api.w.org\/{rel}","templated":true}]}}