{"id":45706,"date":"2023-10-19T15:20:55","date_gmt":"2023-10-19T12:20:55","guid":{"rendered":"https:\/\/ebikespareparts.fi\/?page_id=45706"},"modified":"2023-11-15T10:22:30","modified_gmt":"2023-11-15T08:22:30","slug":"bosch-gen-2-2","status":"publish","type":"page","link":"https:\/\/ebikespareparts.fi\/en\/laakerien-tunnistaminen\/bosch-gen-2-2\/","title":{"rendered":"Bosch Gen 2"},"content":{"rendered":"<div class=\"wp-block-group\"><div class=\"wp-block-group__inner-container is-layout-flow wp-block-group-is-layout-flow\">\n<h2 class=\"wp-block-heading\">Bosch Gen 2<\/h2>\n\n\n\n<figure class=\"wp-block-image size-full\"><img fetchpriority=\"high\" decoding=\"async\" width=\"882\" height=\"734\" src=\"https:\/\/ebikespareparts.fi\/wp-content\/uploads\/2023\/10\/bosch-gen-2-identifier.jpeg\" alt=\"\" class=\"wp-image-45692\" srcset=\"https:\/\/ebikespareparts.fi\/wp-content\/uploads\/2023\/10\/bosch-gen-2-identifier.jpeg 882w, https:\/\/ebikespareparts.fi\/wp-content\/uploads\/2023\/10\/bosch-gen-2-identifier-600x499.jpeg 600w, https:\/\/ebikespareparts.fi\/wp-content\/uploads\/2023\/10\/bosch-gen-2-identifier-300x250.jpeg 300w, https:\/\/ebikespareparts.fi\/wp-content\/uploads\/2023\/10\/bosch-gen-2-identifier-768x639.jpeg 768w\" sizes=\"(max-width: 882px) 100vw, 882px\" \/><\/figure>\n\n\n\n<p>If you replace the bearings yourself, you can see from the picture which bearing goes where, and buy the one you need separately from the online shop!<\/p>\n\n\n\n<p>These are common bearings for Bosch ebike Active and Performance Line \/ CX motors. These bearings are most likely to fail due to wear or water ingress. We can also supply O-rings and small parts for these motors. If you cannot find the part you are looking for, please contact us, I am sure we can help.<\/p>\n\n\n\n<ol class=\"wp-block-list\">\n<li>Bosch main motor bearing picture 1 part no PLB 00518<\/li>\n\n\n\n<li>&nbsp;Main motor large needle bearing clutch roller bearing Figure 2 part no PLB 00517.<\/li>\n\n\n\n<li>&nbsp;Ball bearing part of the gear unit Figure 3 part no PLB 00523<\/li>\n\n\n\n<li>&nbsp;Bearing for the right side rim shaft picture 4 part no PLB 00520<\/li>\n\n\n\n<li>&nbsp;Small bearing for the freewheel gearbox Figure 5 part no PLB 00519<\/li>\n\n\n\n<li>&nbsp;Free gearbox shaft small needle bearing picture 6 part no PLB 00515<\/li>\n\n\n\n<li>&nbsp;Small bearing for gearbox clutch Figure 7 part no PLB 00522<\/li>\n\n\n\n<li>&nbsp;Needle roller bearing for gear unit Figure 8 part no PLB 00524<\/li>\n\n\n\n<li>&nbsp;Bearing for the left side rim shaft picture no 9 part no PLB 00521<\/li>\n\n\n\n<li>&nbsp;Needle roller bearing for main motor drive gear figure no 10 part no PLB 00516<\/li>\n<\/ol>\n<\/div><\/div>\n\n\n\n<div class=\"wp-block-group\"><div class=\"wp-block-group__inner-container is-layout-flow wp-block-group-is-layout-flow\">\n<div class=\"wp-block-columns is-layout-flex wp-container-core-columns-is-layout-28f84493 wp-block-columns-is-layout-flex\">\n<div class=\"wp-block-column is-layout-flow wp-block-column-is-layout-flow\">\n<p><strong>Generation 2<\/strong><\/p>\n\n\n\n<p>- Gen 2 Active Line 48 Nm 2014 - 2018 Mostly fitted to hybrid and city bikes. The earliest engines are silver and the later ones are black.<\/p>\n\n\n\n<p>- Gen 2 Performance Line 50 Nm for hub gear, 63 Nm for rear gear 2014-2019. The engine is fitted to hybrid and urban and some early EMTB bikes. Early engines were silver, later black.<\/p>\n\n\n\n<p>- Gen 2 Performance Line CX 75 Nm 2017-2019 Installed mostly on EMTB and some road bikes, this engine was installed until 2019 and was directly followed by the Bosch Gen 4 engine, often confused with the Gen 3 bike engine.<\/p>\n<\/div>\n\n\n\n<div class=\"wp-block-column is-layout-flow wp-block-column-is-layout-flow\">\n<figure class=\"wp-block-image size-large\"><img decoding=\"async\" width=\"1024\" height=\"732\" src=\"https:\/\/ebikespareparts.fi\/wp-content\/uploads\/2023\/10\/bosch-gen-2-1024x732.jpg\" alt=\"\" class=\"wp-image-45693\" srcset=\"https:\/\/ebikespareparts.fi\/wp-content\/uploads\/2023\/10\/bosch-gen-2-1024x732.jpg 1024w, https:\/\/ebikespareparts.fi\/wp-content\/uploads\/2023\/10\/bosch-gen-2-600x429.jpg 600w, https:\/\/ebikespareparts.fi\/wp-content\/uploads\/2023\/10\/bosch-gen-2-300x215.jpg 300w, https:\/\/ebikespareparts.fi\/wp-content\/uploads\/2023\/10\/bosch-gen-2-768x549.jpg 768w, https:\/\/ebikespareparts.fi\/wp-content\/uploads\/2023\/10\/bosch-gen-2.jpg 1510w\" sizes=\"(max-width: 1024px) 100vw, 1024px\" \/><\/figure>\n<\/div>\n<\/div>\n<\/div><\/div>\n\n\n\n<div class=\"wp-block-group\"><div class=\"wp-block-group__inner-container is-layout-flow wp-block-group-is-layout-flow\">\n<p><strong>Does your Bosch Motor need regular maintenance?<\/strong><\/p>\n\n\n\n<p>Bosch motors are not designed to be serviced and should only be repaired if they become faulty. The motors are sealed and, when kept dry, will run for over 80 000 km without any problems.<\/p>\n\n\n\n<p>My Bosch engine sounds a bit rough, should I keep driving it until it stops working?<\/p>\n\n\n\n<p>No! If you hear your engine making extra noise while driving, it's already too late! The bearings are damaged, the balls inside the bearing wear out quickly and as they wear they shrink and this causes the bearing seals to lift up from the inner\/outer cavities, allowing water or dirt to enter directly into the engine! All Ebike motors fail in this way. Don't ignore the noise level changes in your engine as there is a limit to what can be repaired.<\/p>\n\n\n\n<p>Why do bearings fail, are they of poor quality?<br>The bearings fitted to most Bosh motors are of very good quality and well sealed, but even if a bearing is classified as \u201csealed\u201d, it is not waterproof! At best, they are water and dust resistant. This is true for 99 of the Ebike motors on the market with the %.<\/p>\n\n\n\n<p><strong>Why don't manufacturers seal Ebike engines against water and dirt?<\/strong><\/p>\n\n\n\n<p>Sealing the engine at the design stage would be very easy, but seals increase drag and battery consumption. It would be a competitive disadvantage for a manufacturer to launch an engine that achieves 2km less distance than its competitor.<br><br><strong>My engine is squeaking whether it's the bearings<\/strong><br><strong>- The bearings will thunder, grind occasionally or seize. They usually do not squeak. The creaking is usually caused by one of the following:<\/strong><br><strong>- Loosened engine bolts. This causes the aluminium engine frame to creak against the aluminium frame.<\/strong><br><strong>- The seat pan creaks in the frame (most sounds travel along the frame and into the engine area).<\/strong><br><strong>- Crank loose<\/strong><\/p>\n\n\n\n<p><strong>- If a new cage and front wheel are installed, (Gen 3 and 4) check the front wheel bolts<\/strong><br><strong>- The pedal makes noise<\/strong><br><strong>- Suspension joints make noise<\/strong><br><strong>- Rear wheel axle loose<\/strong><\/p>\n\n\n\n<p><strong>Can I get an additional gasket for my Gen 4 engine?<\/strong><\/p>\n\n\n\n<p>There is currently no additional protection for the Gen 4 engine, but this engine already has pretty good seals installed when new. They will need to be removed and re-lubricated from time to time, depending on driving conditions, your cleaning habits, weather conditions, etc.<\/p>\n\n\n\n<p>Will the tuning damage or wear parts on my Bosch motor?<br>No damage to the engine has been observed during maintenance due to the use of the deceleration device.<\/p>\n\n\n\n<p><strong>What can cause damage or wear to my engine besides water and dust?<\/strong><br>Slightly higher wear rates have been observed in engines used at low pedal speeds and high gears, where the engine is running relatively slowly and trying to increase power. Pedalling at a higher pedal speed is definitely better and more efficient for the engine. Damage can be caused by pedal shocks and collisions, but that's it! Engines are generally very durable if you take care of them.<\/p>\n\n\n\n<p><strong>When should I take my engine in for service?<\/strong><br>Bosch motors are maintenance-free and last for thousands of kilometres when kept dry.<br><strong>Can I get more power from the engine?<\/strong><br>Not at the moment.<\/p>\n\n\n\n<p><strong>Can I change the engine to a newer model?<\/strong><br>In some cases this would be possible, but not as easy as it sounds. Engines can vary greatly from model to model, size, comb type, mounting bolt size and location, plug type and location, etc. These can all change, as can compatibility with older batteries and controllers. In general, at the end of the day, it is cheaper and easier to buy a new bike at this time.<\/p>\n<\/div><\/div>","protected":false},"excerpt":{"rendered":"<p>Bosch Gen 2 If you replace the bearings yourself, you can see from the picture which bearing goes where, and buy the one you need separately from the online shop! These are common bearings for Bosch ebike Active and Performance Line \/ CX motors. These bearings are the most likely to fail due to wear or water ingress. We can also supply O-rings and small parts for these motors. If you cannot find what you are looking for <a href=\"https:\/\/ebikespareparts.fi\/en\/laakerien-tunnistaminen\/bosch-gen-2-2\/\" class=\"more-link\">&#8230;<span class=\"screen-reader-text\">  Bosch Gen 2<\/span><\/a><\/p>","protected":false},"author":1,"featured_media":0,"parent":45721,"menu_order":0,"comment_status":"closed","ping_status":"closed","template":"","meta":{"_acf_changed":false,"footnotes":""},"class_list":["post-45706","page","type-page","status-publish","hentry"],"acf":[],"yoast_head":"<!-- This site is optimized with the Yoast SEO plugin v27.4 - https:\/\/yoast.com\/product\/yoast-seo-wordpress\/ -->\n<title>Bosch Gen 2 - Ebikespareparts.fi<\/title>\n<meta name=\"robots\" content=\"index, follow, max-snippet:-1, max-image-preview:large, max-video-preview:-1\" \/>\n<link rel=\"canonical\" href=\"https:\/\/ebikespareparts.fi\/en\/laakerien-tunnistaminen\/bosch-gen-2-2\/\" \/>\n<meta property=\"og:locale\" content=\"en_GB\" \/>\n<meta property=\"og:type\" content=\"article\" \/>\n<meta property=\"og:title\" content=\"Bosch Gen 2 - Ebikespareparts.fi\" \/>\n<meta property=\"og:description\" content=\"Bosch Gen 2 Jos vaihdat laakerit itse, voit kuvasta tunnistaa, mik\u00e4 laakeri menee minnekin, ja ostaa erikseen juuri tarvitsemasi verkkokaupan puolelta! N\u00e4m\u00e4 ovat yleisi\u00e4 laakereita Bosch ebike Active and Performance Line \/ CX -moottoreissa. Kyseiset laakerit vioittuvat todenn\u00e4k\u00f6isimmin kulumisen tai veden sis\u00e4\u00e4np\u00e4\u00e4syn vuoksi. Voimme toimittaa my\u00f6s O-renkaita ja pienosia kyseisille moottoreille. Jos et l\u00f6yd\u00e4 etsim\u00e4\u00e4si ... Bosch Gen 2\" \/>\n<meta property=\"og:url\" content=\"https:\/\/ebikespareparts.fi\/en\/laakerien-tunnistaminen\/bosch-gen-2-2\/\" \/>\n<meta property=\"og:site_name\" content=\"Ebikespareparts.fi\" \/>\n<meta property=\"article:publisher\" content=\"https:\/\/www.facebook.com\/smhj.fi\" \/>\n<meta property=\"article:modified_time\" content=\"2023-11-15T08:22:30+00:00\" \/>\n<meta property=\"og:image\" content=\"https:\/\/smhjfi-wp23116.test.cchosting.fi\/wp-content\/uploads\/2023\/10\/bosch-gen-2-identifier.jpeg\" \/>\n<meta name=\"twitter:card\" content=\"summary_large_image\" \/>\n<meta name=\"twitter:label1\" content=\"Estimated reading time\" \/>\n\t<meta name=\"twitter:data1\" content=\"5 minutes\" \/>\n<script type=\"application\/ld+json\" class=\"yoast-schema-graph\">{\"@context\":\"https:\\\/\\\/schema.org\",\"@graph\":[{\"@type\":\"WebPage\",\"@id\":\"https:\\\/\\\/ebikespareparts.fi\\\/laakerien-tunnistaminen\\\/bosch-gen-2-2\\\/\",\"url\":\"https:\\\/\\\/ebikespareparts.fi\\\/laakerien-tunnistaminen\\\/bosch-gen-2-2\\\/\",\"name\":\"Bosch Gen 2 - Ebikespareparts.fi\",\"isPartOf\":{\"@id\":\"https:\\\/\\\/ebikespareparts.fi\\\/#website\"},\"primaryImageOfPage\":{\"@id\":\"https:\\\/\\\/ebikespareparts.fi\\\/laakerien-tunnistaminen\\\/bosch-gen-2-2\\\/#primaryimage\"},\"image\":{\"@id\":\"https:\\\/\\\/ebikespareparts.fi\\\/laakerien-tunnistaminen\\\/bosch-gen-2-2\\\/#primaryimage\"},\"thumbnailUrl\":\"https:\\\/\\\/ebikespareparts.fi\\\/wp-content\\\/uploads\\\/2023\\\/10\\\/bosch-gen-2-identifier.jpeg\",\"datePublished\":\"2023-10-19T12:20:55+00:00\",\"dateModified\":\"2023-11-15T08:22:30+00:00\",\"breadcrumb\":{\"@id\":\"https:\\\/\\\/ebikespareparts.fi\\\/laakerien-tunnistaminen\\\/bosch-gen-2-2\\\/#breadcrumb\"},\"inLanguage\":\"en-GB\",\"potentialAction\":[{\"@type\":\"ReadAction\",\"target\":[\"https:\\\/\\\/ebikespareparts.fi\\\/laakerien-tunnistaminen\\\/bosch-gen-2-2\\\/\"]}]},{\"@type\":\"ImageObject\",\"inLanguage\":\"en-GB\",\"@id\":\"https:\\\/\\\/ebikespareparts.fi\\\/laakerien-tunnistaminen\\\/bosch-gen-2-2\\\/#primaryimage\",\"url\":\"https:\\\/\\\/ebikespareparts.fi\\\/wp-content\\\/uploads\\\/2023\\\/10\\\/bosch-gen-2-identifier.jpeg\",\"contentUrl\":\"https:\\\/\\\/ebikespareparts.fi\\\/wp-content\\\/uploads\\\/2023\\\/10\\\/bosch-gen-2-identifier.jpeg\"},{\"@type\":\"BreadcrumbList\",\"@id\":\"https:\\\/\\\/ebikespareparts.fi\\\/laakerien-tunnistaminen\\\/bosch-gen-2-2\\\/#breadcrumb\",\"itemListElement\":[{\"@type\":\"ListItem\",\"position\":1,\"name\":\"Etusivu\",\"item\":\"https:\\\/\\\/ebikespareparts.fi\\\/\"},{\"@type\":\"ListItem\",\"position\":2,\"name\":\"Laakerien tunnistaminen\",\"item\":\"https:\\\/\\\/ebikespareparts.fi\\\/laakerien-tunnistaminen\\\/\"},{\"@type\":\"ListItem\",\"position\":3,\"name\":\"Bosch Gen 2\"}]},{\"@type\":\"WebSite\",\"@id\":\"https:\\\/\\\/ebikespareparts.fi\\\/#website\",\"url\":\"https:\\\/\\\/ebikespareparts.fi\\\/\",\"name\":\"Ebikespareparts.fi\",\"description\":\"S\u00e4hk\u00f6py\u00f6r\u00e4n osat - E-bike osat - Huolto\",\"publisher\":{\"@id\":\"https:\\\/\\\/ebikespareparts.fi\\\/#organization\"},\"potentialAction\":[{\"@type\":\"SearchAction\",\"target\":{\"@type\":\"EntryPoint\",\"urlTemplate\":\"https:\\\/\\\/ebikespareparts.fi\\\/?s={search_term_string}\"},\"query-input\":{\"@type\":\"PropertyValueSpecification\",\"valueRequired\":true,\"valueName\":\"search_term_string\"}}],\"inLanguage\":\"en-GB\"},{\"@type\":\"Organization\",\"@id\":\"https:\\\/\\\/ebikespareparts.fi\\\/#organization\",\"name\":\"Ebikespareparts.fi\",\"url\":\"https:\\\/\\\/ebikespareparts.fi\\\/\",\"logo\":{\"@type\":\"ImageObject\",\"inLanguage\":\"en-GB\",\"@id\":\"https:\\\/\\\/ebikespareparts.fi\\\/#\\\/schema\\\/logo\\\/image\\\/\",\"url\":\"https:\\\/\\\/ebikespareparts.fi\\\/wp-content\\\/uploads\\\/2024\\\/05\\\/logo-musta-tausta.jpg\",\"contentUrl\":\"https:\\\/\\\/ebikespareparts.fi\\\/wp-content\\\/uploads\\\/2024\\\/05\\\/logo-musta-tausta.jpg\",\"width\":1013,\"height\":950,\"caption\":\"Ebikespareparts.fi\"},\"image\":{\"@id\":\"https:\\\/\\\/ebikespareparts.fi\\\/#\\\/schema\\\/logo\\\/image\\\/\"},\"sameAs\":[\"https:\\\/\\\/www.facebook.com\\\/smhj.fi\"]}]}<\/script>\n<!-- \/ Yoast SEO plugin. -->","yoast_head_json":{"title":"Bosch Gen 2 - Ebikespareparts.fi","robots":{"index":"index","follow":"follow","max-snippet":"max-snippet:-1","max-image-preview":"max-image-preview:large","max-video-preview":"max-video-preview:-1"},"canonical":"https:\/\/ebikespareparts.fi\/en\/laakerien-tunnistaminen\/bosch-gen-2-2\/","og_locale":"en_GB","og_type":"article","og_title":"Bosch Gen 2 - Ebikespareparts.fi","og_description":"Bosch Gen 2 Jos vaihdat laakerit itse, voit kuvasta tunnistaa, mik\u00e4 laakeri menee minnekin, ja ostaa erikseen juuri tarvitsemasi verkkokaupan puolelta! N\u00e4m\u00e4 ovat yleisi\u00e4 laakereita Bosch ebike Active and Performance Line \/ CX -moottoreissa. Kyseiset laakerit vioittuvat todenn\u00e4k\u00f6isimmin kulumisen tai veden sis\u00e4\u00e4np\u00e4\u00e4syn vuoksi. Voimme toimittaa my\u00f6s O-renkaita ja pienosia kyseisille moottoreille. Jos et l\u00f6yd\u00e4 etsim\u00e4\u00e4si ... Bosch Gen 2","og_url":"https:\/\/ebikespareparts.fi\/en\/laakerien-tunnistaminen\/bosch-gen-2-2\/","og_site_name":"Ebikespareparts.fi","article_publisher":"https:\/\/www.facebook.com\/smhj.fi","article_modified_time":"2023-11-15T08:22:30+00:00","og_image":[{"url":"https:\/\/smhjfi-wp23116.test.cchosting.fi\/wp-content\/uploads\/2023\/10\/bosch-gen-2-identifier.jpeg","type":"","width":"","height":""}],"twitter_card":"summary_large_image","twitter_misc":{"Estimated reading time":"5 minutes"},"schema":{"@context":"https:\/\/schema.org","@graph":[{"@type":"WebPage","@id":"https:\/\/ebikespareparts.fi\/laakerien-tunnistaminen\/bosch-gen-2-2\/","url":"https:\/\/ebikespareparts.fi\/laakerien-tunnistaminen\/bosch-gen-2-2\/","name":"Bosch Gen 2 - Ebikespareparts.fi","isPartOf":{"@id":"https:\/\/ebikespareparts.fi\/#website"},"primaryImageOfPage":{"@id":"https:\/\/ebikespareparts.fi\/laakerien-tunnistaminen\/bosch-gen-2-2\/#primaryimage"},"image":{"@id":"https:\/\/ebikespareparts.fi\/laakerien-tunnistaminen\/bosch-gen-2-2\/#primaryimage"},"thumbnailUrl":"https:\/\/ebikespareparts.fi\/wp-content\/uploads\/2023\/10\/bosch-gen-2-identifier.jpeg","datePublished":"2023-10-19T12:20:55+00:00","dateModified":"2023-11-15T08:22:30+00:00","breadcrumb":{"@id":"https:\/\/ebikespareparts.fi\/laakerien-tunnistaminen\/bosch-gen-2-2\/#breadcrumb"},"inLanguage":"en-GB","potentialAction":[{"@type":"ReadAction","target":["https:\/\/ebikespareparts.fi\/laakerien-tunnistaminen\/bosch-gen-2-2\/"]}]},{"@type":"ImageObject","inLanguage":"en-GB","@id":"https:\/\/ebikespareparts.fi\/laakerien-tunnistaminen\/bosch-gen-2-2\/#primaryimage","url":"https:\/\/ebikespareparts.fi\/wp-content\/uploads\/2023\/10\/bosch-gen-2-identifier.jpeg","contentUrl":"https:\/\/ebikespareparts.fi\/wp-content\/uploads\/2023\/10\/bosch-gen-2-identifier.jpeg"},{"@type":"BreadcrumbList","@id":"https:\/\/ebikespareparts.fi\/laakerien-tunnistaminen\/bosch-gen-2-2\/#breadcrumb","itemListElement":[{"@type":"ListItem","position":1,"name":"Etusivu","item":"https:\/\/ebikespareparts.fi\/"},{"@type":"ListItem","position":2,"name":"Laakerien tunnistaminen","item":"https:\/\/ebikespareparts.fi\/laakerien-tunnistaminen\/"},{"@type":"ListItem","position":3,"name":"Bosch Gen 2"}]},{"@type":"WebSite","@id":"https:\/\/ebikespareparts.fi\/#website","url":"https:\/\/ebikespareparts.fi\/","name":"Ebikespareparts.fi","description":"S\u00e4hk\u00f6py\u00f6r\u00e4n osat - E-bike osat - Huolto","publisher":{"@id":"https:\/\/ebikespareparts.fi\/#organization"},"potentialAction":[{"@type":"SearchAction","target":{"@type":"EntryPoint","urlTemplate":"https:\/\/ebikespareparts.fi\/?s={search_term_string}"},"query-input":{"@type":"PropertyValueSpecification","valueRequired":true,"valueName":"search_term_string"}}],"inLanguage":"en-GB"},{"@type":"Organization","@id":"https:\/\/ebikespareparts.fi\/#organization","name":"Ebikespareparts.fi","url":"https:\/\/ebikespareparts.fi\/","logo":{"@type":"ImageObject","inLanguage":"en-GB","@id":"https:\/\/ebikespareparts.fi\/#\/schema\/logo\/image\/","url":"https:\/\/ebikespareparts.fi\/wp-content\/uploads\/2024\/05\/logo-musta-tausta.jpg","contentUrl":"https:\/\/ebikespareparts.fi\/wp-content\/uploads\/2024\/05\/logo-musta-tausta.jpg","width":1013,"height":950,"caption":"Ebikespareparts.fi"},"image":{"@id":"https:\/\/ebikespareparts.fi\/#\/schema\/logo\/image\/"},"sameAs":["https:\/\/www.facebook.com\/smhj.fi"]}]}},"_links":{"self":[{"href":"https:\/\/ebikespareparts.fi\/en\/wp-json\/wp\/v2\/pages\/45706","targetHints":{"allow":["GET"]}}],"collection":[{"href":"https:\/\/ebikespareparts.fi\/en\/wp-json\/wp\/v2\/pages"}],"about":[{"href":"https:\/\/ebikespareparts.fi\/en\/wp-json\/wp\/v2\/types\/page"}],"author":[{"embeddable":true,"href":"https:\/\/ebikespareparts.fi\/en\/wp-json\/wp\/v2\/users\/1"}],"replies":[{"embeddable":true,"href":"https:\/\/ebikespareparts.fi\/en\/wp-json\/wp\/v2\/comments?post=45706"}],"version-history":[{"count":0,"href":"https:\/\/ebikespareparts.fi\/en\/wp-json\/wp\/v2\/pages\/45706\/revisions"}],"up":[{"embeddable":true,"href":"https:\/\/ebikespareparts.fi\/en\/wp-json\/wp\/v2\/pages\/45721"}],"wp:attachment":[{"href":"https:\/\/ebikespareparts.fi\/en\/wp-json\/wp\/v2\/media?parent=45706"}],"curies":[{"name":"wp","href":"https:\/\/api.w.org\/{rel}","templated":true}]}}