{"id":45711,"date":"2023-10-19T15:32:29","date_gmt":"2023-10-19T12:32:29","guid":{"rendered":"https:\/\/ebikespareparts.fi\/?page_id=45711"},"modified":"2023-11-15T10:58:46","modified_gmt":"2023-11-15T08:58:46","slug":"bosch-gen-4","status":"publish","type":"page","link":"https:\/\/ebikespareparts.fi\/en\/laakerien-tunnistaminen\/bosch-gen-4\/","title":{"rendered":"Bosch Gen 4"},"content":{"rendered":"<div class=\"wp-block-group\"><div class=\"wp-block-group__inner-container is-layout-flow wp-block-group-is-layout-flow\">\n<h2 class=\"wp-block-heading\">Bosch Gen 4<\/h2>\n\n\n\n<figure class=\"wp-block-image size-full is-resized\"><img fetchpriority=\"high\" decoding=\"async\" width=\"944\" height=\"549\" src=\"https:\/\/ebikespareparts.fi\/wp-content\/uploads\/2023\/10\/bosch-gen-4-identifier.jpeg\" alt=\"\" class=\"wp-image-45696\" style=\"aspect-ratio:1.7194899817850637;width:769px;height:auto\" srcset=\"https:\/\/ebikespareparts.fi\/wp-content\/uploads\/2023\/10\/bosch-gen-4-identifier.jpeg 944w, https:\/\/ebikespareparts.fi\/wp-content\/uploads\/2023\/10\/bosch-gen-4-identifier-600x349.jpeg 600w, https:\/\/ebikespareparts.fi\/wp-content\/uploads\/2023\/10\/bosch-gen-4-identifier-300x174.jpeg 300w, https:\/\/ebikespareparts.fi\/wp-content\/uploads\/2023\/10\/bosch-gen-4-identifier-768x447.jpeg 768w\" sizes=\"(max-width: 944px) 100vw, 944px\" \/><\/figure>\n\n\n\n<p>If you are replacing your own bearings, you can find the bearings you need and their part numbers in our bearing identifier. These parts can then be found in our shop. If you need other engine parts, please contact us and we will be happy to help.<\/p>\n\n\n\n<ol class=\"wp-block-list\">\n<li>&nbsp;Left side crankshaft bearing part PLB 40521<\/li>\n\n\n\n<li>O-ring left crankshaft half part no PLB 40532<\/li>\n\n\n\n<li>Lower housing part of operating device bearing part no PLB 40524<\/li>\n\n\n\n<li>Anchor shaft needle bearing, upper housing part PLB 40526<\/li>\n\n\n\n<li>O-ring gear bearing part PLB 40530<\/li>\n\n\n\n<li>Steel transmission bearing part PLB 40528<\/li>\n\n\n\n<li>Bearing for right-hand crankshaft part PLB 40520<\/li>\n\n\n\n<li>O-ring, lower armature bearing support part PLB 40529<\/li>\n\n\n\n<li>Anchor support bearing left part PLB 40523<\/li>\n\n\n\n<li>Needle bearing for transmission shaft, lower housing part PLB 40525<\/li>\n\n\n\n<li>Inverter support bearing for right hand motor cover PLB 40527<\/li>\n\n\n\n<li>O-ring bearing shaft small part PLB 40531<\/li>\n\n\n\n<li>Motor drive gear support bearing. Part PLB 40522<\/li>\n<\/ol>\n<\/div><\/div>\n\n\n\n<div class=\"wp-block-group\"><div class=\"wp-block-group__inner-container is-layout-flow wp-block-group-is-layout-flow\">\n<div class=\"wp-block-columns is-layout-flex wp-container-core-columns-is-layout-28f84493 wp-block-columns-is-layout-flex\">\n<div class=\"wp-block-column is-layout-flow wp-block-column-is-layout-flow\">\n<p><strong>Generation 4<\/strong><br>- Gen 4 Performance Line CX 75 Nm mountain bike engine. Later upgraded to 85 Nm in 2020 - still on the programme.<br>- Gen 4 Speed Line and Cargo Line engines also exist, but essentially all engines are designed specifically for a particular function and battery consumption.<\/p>\n<\/div>\n\n\n\n<div class=\"wp-block-column is-layout-flow wp-block-column-is-layout-flow\">\n<figure class=\"wp-block-image size-full\"><img decoding=\"async\" width=\"972\" height=\"800\" src=\"https:\/\/ebikespareparts.fi\/wp-content\/uploads\/2023\/10\/bosch-performance-cx-motor.png\" alt=\"\" class=\"wp-image-45697\" srcset=\"https:\/\/ebikespareparts.fi\/wp-content\/uploads\/2023\/10\/bosch-performance-cx-motor.png 972w, https:\/\/ebikespareparts.fi\/wp-content\/uploads\/2023\/10\/bosch-performance-cx-motor-600x494.png 600w, https:\/\/ebikespareparts.fi\/wp-content\/uploads\/2023\/10\/bosch-performance-cx-motor-300x247.png 300w, https:\/\/ebikespareparts.fi\/wp-content\/uploads\/2023\/10\/bosch-performance-cx-motor-768x632.png 768w\" sizes=\"(max-width: 972px) 100vw, 972px\" \/><\/figure>\n<\/div>\n<\/div>\n<\/div><\/div>\n\n\n\n<div class=\"wp-block-group\"><div class=\"wp-block-group__inner-container is-layout-flow wp-block-group-is-layout-flow\">\n<p><strong>Does your Bosch Motor need regular maintenance?<\/strong><\/p>\n\n\n\n<p>Bosch motors are not designed to be serviced and should only be repaired if they become faulty. The motors are sealed and, when kept dry, will run for over 80 000 km without any problems.<\/p>\n\n\n\n<p>My Bosch engine sounds a bit rough, should I keep driving it until it stops working?<\/p>\n\n\n\n<p>No! If you hear your engine making extra noise while driving, it's already too late! The bearings are damaged, the balls inside the bearing wear out quickly and as they wear they shrink and this causes the bearing seals to lift up from the inner\/outer cavities, allowing water or dirt to enter directly into the engine! All Ebike motors fail in this way. Don't ignore the noise level changes in your engine as there is a limit to what can be repaired.<\/p>\n\n\n\n<p>Why do bearings fail, are they of poor quality?<br>The bearings fitted to most Bosh motors are of very good quality and well sealed, but even if a bearing is classified as \u201csealed\u201d, it is not waterproof! At best, they are water and dust resistant. This is true for 99 of the Ebike motors on the market with the %.<\/p>\n\n\n\n<p><strong>Why do manufacturers not seal Ebike engines from water and<\/strong><strong>&nbsp;from dirt?<\/strong><\/p>\n\n\n\n<p>Sealing the engine at the design stage would be very easy, but seals increase drag and battery consumption. It would be a competitive disadvantage for a manufacturer to launch an engine that achieves 2km less distance than its competitor.<\/p>\n\n\n\n<p><strong>My engine is squeaking whether it's the bearings<\/strong><br><strong>- The bearings will thunder, grind occasionally or seize. They usually do not squeak. The creaking is usually caused by one of the following:<\/strong><br><strong>- Loosened engine bolts. This causes the aluminium engine frame to creak against the aluminium frame.<\/strong><br><strong>- The seat pan creaks in the frame (most sounds travel along the frame and into the engine area).<\/strong><br><strong>- Crank loose<\/strong><\/p>\n\n\n\n<p><strong>- If a new cage and front wheel are installed, (Gen 3 and 4) check the front wheel bolts<\/strong><br><strong>- The pedal makes noise<\/strong><br><strong>- Suspension joints make noise<\/strong><br><strong>- Rear wheel axle loose<\/strong><\/p>\n\n\n\n<p><strong>Can I get an additional gasket for my Gen 4 engine?<\/strong><\/p>\n\n\n\n<p>There is currently no additional protection for the Gen 4 engine, but this engine already has pretty good seals installed when new. They will need to be removed and re-lubricated from time to time, depending on driving conditions, your cleaning habits, weather conditions, etc.<\/p>\n\n\n\n<p>Will the tuning damage or wear parts on my Bosch motor?<br>No damage to the engine has been observed during maintenance due to the use of the deceleration device.<\/p>\n\n\n\n<p><strong>What can cause damage or wear to my engine besides water and dust?<\/strong><br>Slightly higher wear rates have been observed in engines used at low pedal speeds and high gears, where the engine is running relatively slowly and trying to increase power. Pedalling at a higher pedal speed is definitely better and more efficient for the engine. Damage can be caused by pedal shocks and collisions, but that's it! Engines are generally very durable if you take care of them.<\/p>\n\n\n\n<p><strong>When should I take my engine in for service?<\/strong><br>Bosch motors are maintenance-free and last for thousands of kilometres when kept dry.<br><strong>Can I get more power from the engine?<\/strong><br>Not at the moment.<\/p>\n\n\n\n<p><strong>Can I change the engine to a newer model?<\/strong><br>In some cases this would be possible, but not as easy as it sounds. Engines can vary greatly from model to model, size, comb type, mounting bolt size and location, plug type and location, etc. These can all change, as can compatibility with older batteries and controllers. In general, at the end of the day, it is cheaper and easier to buy a new bike at this time.<\/p>\n<\/div><\/div>","protected":false},"excerpt":{"rendered":"<p>Bosch Gen 4 If you are replacing your own bearings, you will find the bearings you need and their part numbers in our bearing identification. These parts can then be found in our shop. If you need other engine parts, please contact us and we will be happy to help. Generation 4- Gen 4 Performance Line CX 75 Nm mountain bike engine. Later upgraded to 85 Nm 2020 - still on the programme.- Gen 4 Speed Line and Cargo Line <a href=\"https:\/\/ebikespareparts.fi\/en\/laakerien-tunnistaminen\/bosch-gen-4\/\" class=\"more-link\">&#8230;<span class=\"screen-reader-text\">  Bosch Gen 4<\/span><\/a><\/p>","protected":false},"author":1,"featured_media":0,"parent":45721,"menu_order":0,"comment_status":"closed","ping_status":"closed","template":"","meta":{"_acf_changed":false,"footnotes":""},"class_list":["post-45711","page","type-page","status-publish","hentry"],"acf":[],"yoast_head":"<!-- This site is optimized with the Yoast SEO plugin v27.5 - https:\/\/yoast.com\/product\/yoast-seo-wordpress\/ -->\n<title>Bosch Gen 4 - Ebikespareparts.fi<\/title>\n<meta name=\"robots\" content=\"index, follow, max-snippet:-1, max-image-preview:large, max-video-preview:-1\" \/>\n<link rel=\"canonical\" href=\"https:\/\/ebikespareparts.fi\/en\/laakerien-tunnistaminen\/bosch-gen-4\/\" \/>\n<meta property=\"og:locale\" content=\"en_GB\" \/>\n<meta property=\"og:type\" content=\"article\" \/>\n<meta property=\"og:title\" content=\"Bosch Gen 4 - Ebikespareparts.fi\" \/>\n<meta property=\"og:description\" content=\"Bosch Gen 4 Jos olet vaihtamassa omia laakereitasi, l\u00f6yd\u00e4t tarvitsemasi laakerit ja niiden osanumerot laakeritunnisteestamme. N\u00e4m\u00e4 osat l\u00f6ytyv\u00e4t sitten kaupastamme. Jos tarvitset muita moottorin osia, ota meihin yhteytt\u00e4 autamme mielell\u00e4mme. Generation 4\u2022 Gen 4 Performance Line CX 75 Nm maastopy\u00f6r\u00e4moottori. My\u00f6hemmin p\u00e4ivitetty 85 Nm:iin 2020 \u2013 edelleen ohjelmassa.\u2022 Gen 4 Speed Line ja Cargo Line ... Bosch Gen 4\" \/>\n<meta property=\"og:url\" content=\"https:\/\/ebikespareparts.fi\/en\/laakerien-tunnistaminen\/bosch-gen-4\/\" \/>\n<meta property=\"og:site_name\" content=\"Ebikespareparts.fi\" \/>\n<meta property=\"article:publisher\" content=\"https:\/\/www.facebook.com\/smhj.fi\" \/>\n<meta property=\"article:modified_time\" content=\"2023-11-15T08:58:46+00:00\" \/>\n<meta property=\"og:image\" content=\"https:\/\/smhjfi-wp23116.test.cchosting.fi\/wp-content\/uploads\/2023\/10\/bosch-gen-4-identifier.jpeg\" \/>\n<meta name=\"twitter:card\" content=\"summary_large_image\" \/>\n<meta name=\"twitter:label1\" content=\"Estimated reading time\" \/>\n\t<meta name=\"twitter:data1\" content=\"5 minutes\" \/>\n<script type=\"application\/ld+json\" class=\"yoast-schema-graph\">{\"@context\":\"https:\\\/\\\/schema.org\",\"@graph\":[{\"@type\":\"WebPage\",\"@id\":\"https:\\\/\\\/ebikespareparts.fi\\\/laakerien-tunnistaminen\\\/bosch-gen-4\\\/\",\"url\":\"https:\\\/\\\/ebikespareparts.fi\\\/laakerien-tunnistaminen\\\/bosch-gen-4\\\/\",\"name\":\"Bosch Gen 4 - Ebikespareparts.fi\",\"isPartOf\":{\"@id\":\"https:\\\/\\\/ebikespareparts.fi\\\/#website\"},\"primaryImageOfPage\":{\"@id\":\"https:\\\/\\\/ebikespareparts.fi\\\/laakerien-tunnistaminen\\\/bosch-gen-4\\\/#primaryimage\"},\"image\":{\"@id\":\"https:\\\/\\\/ebikespareparts.fi\\\/laakerien-tunnistaminen\\\/bosch-gen-4\\\/#primaryimage\"},\"thumbnailUrl\":\"https:\\\/\\\/ebikespareparts.fi\\\/wp-content\\\/uploads\\\/2023\\\/10\\\/bosch-gen-4-identifier.jpeg\",\"datePublished\":\"2023-10-19T12:32:29+00:00\",\"dateModified\":\"2023-11-15T08:58:46+00:00\",\"breadcrumb\":{\"@id\":\"https:\\\/\\\/ebikespareparts.fi\\\/laakerien-tunnistaminen\\\/bosch-gen-4\\\/#breadcrumb\"},\"inLanguage\":\"en-GB\",\"potentialAction\":[{\"@type\":\"ReadAction\",\"target\":[\"https:\\\/\\\/ebikespareparts.fi\\\/laakerien-tunnistaminen\\\/bosch-gen-4\\\/\"]}]},{\"@type\":\"ImageObject\",\"inLanguage\":\"en-GB\",\"@id\":\"https:\\\/\\\/ebikespareparts.fi\\\/laakerien-tunnistaminen\\\/bosch-gen-4\\\/#primaryimage\",\"url\":\"https:\\\/\\\/ebikespareparts.fi\\\/wp-content\\\/uploads\\\/2023\\\/10\\\/bosch-gen-4-identifier.jpeg\",\"contentUrl\":\"https:\\\/\\\/ebikespareparts.fi\\\/wp-content\\\/uploads\\\/2023\\\/10\\\/bosch-gen-4-identifier.jpeg\"},{\"@type\":\"BreadcrumbList\",\"@id\":\"https:\\\/\\\/ebikespareparts.fi\\\/laakerien-tunnistaminen\\\/bosch-gen-4\\\/#breadcrumb\",\"itemListElement\":[{\"@type\":\"ListItem\",\"position\":1,\"name\":\"Etusivu\",\"item\":\"https:\\\/\\\/ebikespareparts.fi\\\/\"},{\"@type\":\"ListItem\",\"position\":2,\"name\":\"Laakerien tunnistaminen\",\"item\":\"https:\\\/\\\/ebikespareparts.fi\\\/laakerien-tunnistaminen\\\/\"},{\"@type\":\"ListItem\",\"position\":3,\"name\":\"Bosch Gen 4\"}]},{\"@type\":\"WebSite\",\"@id\":\"https:\\\/\\\/ebikespareparts.fi\\\/#website\",\"url\":\"https:\\\/\\\/ebikespareparts.fi\\\/\",\"name\":\"Ebikespareparts.fi\",\"description\":\"S\u00e4hk\u00f6py\u00f6r\u00e4n osat - E-bike osat - Huolto\",\"publisher\":{\"@id\":\"https:\\\/\\\/ebikespareparts.fi\\\/#organization\"},\"potentialAction\":[{\"@type\":\"SearchAction\",\"target\":{\"@type\":\"EntryPoint\",\"urlTemplate\":\"https:\\\/\\\/ebikespareparts.fi\\\/?s={search_term_string}\"},\"query-input\":{\"@type\":\"PropertyValueSpecification\",\"valueRequired\":true,\"valueName\":\"search_term_string\"}}],\"inLanguage\":\"en-GB\"},{\"@type\":\"Organization\",\"@id\":\"https:\\\/\\\/ebikespareparts.fi\\\/#organization\",\"name\":\"Ebikespareparts.fi\",\"url\":\"https:\\\/\\\/ebikespareparts.fi\\\/\",\"logo\":{\"@type\":\"ImageObject\",\"inLanguage\":\"en-GB\",\"@id\":\"https:\\\/\\\/ebikespareparts.fi\\\/#\\\/schema\\\/logo\\\/image\\\/\",\"url\":\"https:\\\/\\\/ebikespareparts.fi\\\/wp-content\\\/uploads\\\/2024\\\/05\\\/logo-musta-tausta.jpg\",\"contentUrl\":\"https:\\\/\\\/ebikespareparts.fi\\\/wp-content\\\/uploads\\\/2024\\\/05\\\/logo-musta-tausta.jpg\",\"width\":1013,\"height\":950,\"caption\":\"Ebikespareparts.fi\"},\"image\":{\"@id\":\"https:\\\/\\\/ebikespareparts.fi\\\/#\\\/schema\\\/logo\\\/image\\\/\"},\"sameAs\":[\"https:\\\/\\\/www.facebook.com\\\/smhj.fi\"]}]}<\/script>\n<!-- \/ Yoast SEO plugin. -->","yoast_head_json":{"title":"Bosch Gen 4 - Ebikespareparts.fi","robots":{"index":"index","follow":"follow","max-snippet":"max-snippet:-1","max-image-preview":"max-image-preview:large","max-video-preview":"max-video-preview:-1"},"canonical":"https:\/\/ebikespareparts.fi\/en\/laakerien-tunnistaminen\/bosch-gen-4\/","og_locale":"en_GB","og_type":"article","og_title":"Bosch Gen 4 - Ebikespareparts.fi","og_description":"Bosch Gen 4 Jos olet vaihtamassa omia laakereitasi, l\u00f6yd\u00e4t tarvitsemasi laakerit ja niiden osanumerot laakeritunnisteestamme. N\u00e4m\u00e4 osat l\u00f6ytyv\u00e4t sitten kaupastamme. Jos tarvitset muita moottorin osia, ota meihin yhteytt\u00e4 autamme mielell\u00e4mme. Generation 4\u2022 Gen 4 Performance Line CX 75 Nm maastopy\u00f6r\u00e4moottori. My\u00f6hemmin p\u00e4ivitetty 85 Nm:iin 2020 \u2013 edelleen ohjelmassa.\u2022 Gen 4 Speed Line ja Cargo Line ... Bosch Gen 4","og_url":"https:\/\/ebikespareparts.fi\/en\/laakerien-tunnistaminen\/bosch-gen-4\/","og_site_name":"Ebikespareparts.fi","article_publisher":"https:\/\/www.facebook.com\/smhj.fi","article_modified_time":"2023-11-15T08:58:46+00:00","og_image":[{"url":"https:\/\/smhjfi-wp23116.test.cchosting.fi\/wp-content\/uploads\/2023\/10\/bosch-gen-4-identifier.jpeg","type":"","width":"","height":""}],"twitter_card":"summary_large_image","twitter_misc":{"Estimated reading time":"5 minutes"},"schema":{"@context":"https:\/\/schema.org","@graph":[{"@type":"WebPage","@id":"https:\/\/ebikespareparts.fi\/laakerien-tunnistaminen\/bosch-gen-4\/","url":"https:\/\/ebikespareparts.fi\/laakerien-tunnistaminen\/bosch-gen-4\/","name":"Bosch Gen 4 - Ebikespareparts.fi","isPartOf":{"@id":"https:\/\/ebikespareparts.fi\/#website"},"primaryImageOfPage":{"@id":"https:\/\/ebikespareparts.fi\/laakerien-tunnistaminen\/bosch-gen-4\/#primaryimage"},"image":{"@id":"https:\/\/ebikespareparts.fi\/laakerien-tunnistaminen\/bosch-gen-4\/#primaryimage"},"thumbnailUrl":"https:\/\/ebikespareparts.fi\/wp-content\/uploads\/2023\/10\/bosch-gen-4-identifier.jpeg","datePublished":"2023-10-19T12:32:29+00:00","dateModified":"2023-11-15T08:58:46+00:00","breadcrumb":{"@id":"https:\/\/ebikespareparts.fi\/laakerien-tunnistaminen\/bosch-gen-4\/#breadcrumb"},"inLanguage":"en-GB","potentialAction":[{"@type":"ReadAction","target":["https:\/\/ebikespareparts.fi\/laakerien-tunnistaminen\/bosch-gen-4\/"]}]},{"@type":"ImageObject","inLanguage":"en-GB","@id":"https:\/\/ebikespareparts.fi\/laakerien-tunnistaminen\/bosch-gen-4\/#primaryimage","url":"https:\/\/ebikespareparts.fi\/wp-content\/uploads\/2023\/10\/bosch-gen-4-identifier.jpeg","contentUrl":"https:\/\/ebikespareparts.fi\/wp-content\/uploads\/2023\/10\/bosch-gen-4-identifier.jpeg"},{"@type":"BreadcrumbList","@id":"https:\/\/ebikespareparts.fi\/laakerien-tunnistaminen\/bosch-gen-4\/#breadcrumb","itemListElement":[{"@type":"ListItem","position":1,"name":"Etusivu","item":"https:\/\/ebikespareparts.fi\/"},{"@type":"ListItem","position":2,"name":"Laakerien tunnistaminen","item":"https:\/\/ebikespareparts.fi\/laakerien-tunnistaminen\/"},{"@type":"ListItem","position":3,"name":"Bosch Gen 4"}]},{"@type":"WebSite","@id":"https:\/\/ebikespareparts.fi\/#website","url":"https:\/\/ebikespareparts.fi\/","name":"Ebikespareparts.fi","description":"S\u00e4hk\u00f6py\u00f6r\u00e4n osat - E-bike osat - Huolto","publisher":{"@id":"https:\/\/ebikespareparts.fi\/#organization"},"potentialAction":[{"@type":"SearchAction","target":{"@type":"EntryPoint","urlTemplate":"https:\/\/ebikespareparts.fi\/?s={search_term_string}"},"query-input":{"@type":"PropertyValueSpecification","valueRequired":true,"valueName":"search_term_string"}}],"inLanguage":"en-GB"},{"@type":"Organization","@id":"https:\/\/ebikespareparts.fi\/#organization","name":"Ebikespareparts.fi","url":"https:\/\/ebikespareparts.fi\/","logo":{"@type":"ImageObject","inLanguage":"en-GB","@id":"https:\/\/ebikespareparts.fi\/#\/schema\/logo\/image\/","url":"https:\/\/ebikespareparts.fi\/wp-content\/uploads\/2024\/05\/logo-musta-tausta.jpg","contentUrl":"https:\/\/ebikespareparts.fi\/wp-content\/uploads\/2024\/05\/logo-musta-tausta.jpg","width":1013,"height":950,"caption":"Ebikespareparts.fi"},"image":{"@id":"https:\/\/ebikespareparts.fi\/#\/schema\/logo\/image\/"},"sameAs":["https:\/\/www.facebook.com\/smhj.fi"]}]}},"_links":{"self":[{"href":"https:\/\/ebikespareparts.fi\/en\/wp-json\/wp\/v2\/pages\/45711","targetHints":{"allow":["GET"]}}],"collection":[{"href":"https:\/\/ebikespareparts.fi\/en\/wp-json\/wp\/v2\/pages"}],"about":[{"href":"https:\/\/ebikespareparts.fi\/en\/wp-json\/wp\/v2\/types\/page"}],"author":[{"embeddable":true,"href":"https:\/\/ebikespareparts.fi\/en\/wp-json\/wp\/v2\/users\/1"}],"replies":[{"embeddable":true,"href":"https:\/\/ebikespareparts.fi\/en\/wp-json\/wp\/v2\/comments?post=45711"}],"version-history":[{"count":0,"href":"https:\/\/ebikespareparts.fi\/en\/wp-json\/wp\/v2\/pages\/45711\/revisions"}],"up":[{"embeddable":true,"href":"https:\/\/ebikespareparts.fi\/en\/wp-json\/wp\/v2\/pages\/45721"}],"wp:attachment":[{"href":"https:\/\/ebikespareparts.fi\/en\/wp-json\/wp\/v2\/media?parent=45711"}],"curies":[{"name":"wp","href":"https:\/\/api.w.org\/{rel}","templated":true}]}}