{"id":45719,"date":"2023-10-19T15:42:00","date_gmt":"2023-10-19T12:42:00","guid":{"rendered":"https:\/\/ebikespareparts.fi\/?page_id=45719"},"modified":"2023-11-15T11:00:39","modified_gmt":"2023-11-15T09:00:39","slug":"panasonic","status":"publish","type":"page","link":"https:\/\/ebikespareparts.fi\/en\/laakerien-tunnistaminen\/panasonic\/","title":{"rendered":"Panasonic"},"content":{"rendered":"<div class=\"wp-block-group\"><div class=\"wp-block-group__inner-container is-layout-flow wp-block-group-is-layout-flow\">\n<h2 class=\"wp-block-heading\">Panasonic<\/h2>\n\n\n\n<figure class=\"wp-block-image size-full\"><img fetchpriority=\"high\" decoding=\"async\" width=\"884\" height=\"693\" src=\"https:\/\/ebikespareparts.fi\/wp-content\/uploads\/2023\/10\/panasonic-identifier.jpeg\" alt=\"\" class=\"wp-image-45701\" srcset=\"https:\/\/ebikespareparts.fi\/wp-content\/uploads\/2023\/10\/panasonic-identifier.jpeg 884w, https:\/\/ebikespareparts.fi\/wp-content\/uploads\/2023\/10\/panasonic-identifier-600x470.jpeg 600w, https:\/\/ebikespareparts.fi\/wp-content\/uploads\/2023\/10\/panasonic-identifier-300x235.jpeg 300w, https:\/\/ebikespareparts.fi\/wp-content\/uploads\/2023\/10\/panasonic-identifier-768x602.jpeg 768w\" sizes=\"(max-width: 884px) 100vw, 884px\" \/><\/figure>\n\n\n\n<p>Although we started servicing and reconditioning Bosch ebike motors, many people soon asked if we did other motors?<\/p>\n\n\n\n<p>So we started looking at other engines. We found the same problem... bearing failure!<\/p>\n\n\n\n<p>If you replace the bearings yourself, you can identify which bearings go where and buy the ones you need one by one!<\/p>\n\n\n\n<p>These are all the most common bearings in Panasonic ebike motors. The bearings shown are most likely to fail due to wear or water ingress. We can also supply O-rings and lock rings for these motors. If you don't see what you are looking for, please contact us, we can certainly help.<\/p>\n<\/div><\/div>","protected":false},"excerpt":{"rendered":"<p>Panasonic Although we started servicing and reconditioning Bosch ebike motors, many people soon asked if we did other motors? So we started looking into other motors. We found the same problem... bearing failure! If you replace the bearings yourself, you can identify which bearings go where and buy individually just what you need! These are all the most common bearings in Panasonic ebike motors. The bearings shown are the most likely to fail due to wear or water ingress <a href=\"https:\/\/ebikespareparts.fi\/en\/laakerien-tunnistaminen\/panasonic\/\" class=\"more-link\">&#8230;<span class=\"screen-reader-text\">  Panasonic<\/span><\/a><\/p>","protected":false},"author":1,"featured_media":0,"parent":45721,"menu_order":0,"comment_status":"closed","ping_status":"closed","template":"","meta":{"_acf_changed":false,"footnotes":""},"class_list":["post-45719","page","type-page","status-publish","hentry"],"acf":[],"yoast_head":"<!-- This site is optimized with the Yoast SEO plugin v27.4 - https:\/\/yoast.com\/product\/yoast-seo-wordpress\/ -->\n<title>Panasonic - Ebikespareparts.fi<\/title>\n<meta name=\"robots\" content=\"index, follow, max-snippet:-1, max-image-preview:large, max-video-preview:-1\" \/>\n<link rel=\"canonical\" href=\"https:\/\/ebikespareparts.fi\/en\/laakerien-tunnistaminen\/panasonic\/\" \/>\n<meta property=\"og:locale\" content=\"en_GB\" \/>\n<meta property=\"og:type\" content=\"article\" \/>\n<meta property=\"og:title\" content=\"Panasonic - Ebikespareparts.fi\" \/>\n<meta property=\"og:description\" content=\"Panasonic Vaikka aloitimme Boschin ebike-moottoreiden huollon ja kunnostuksen, monet ihmiset kysyiv\u00e4t pian, teemmek\u00f6 muita moottoreita? Joten aloimme tutkia muita moottoreita. L\u00f6ysimme saman ongelman\u2026 laakerin vika! Jos vaihdat laakerit itse, voit tunnistaa, mik\u00e4 laakerit menee minne ja ostaa yksitellen juuri tarvitsemasi! N\u00e4m\u00e4 ovat kaikki yleisimm\u00e4t laakerit Panasonicin ebike-moottoreissa. Esitetyt laakerit vioittuvat todenn\u00e4k\u00f6isimmin kulumisen tai veden sis\u00e4\u00e4np\u00e4\u00e4syn ... Panasonic\" \/>\n<meta property=\"og:url\" content=\"https:\/\/ebikespareparts.fi\/en\/laakerien-tunnistaminen\/panasonic\/\" \/>\n<meta property=\"og:site_name\" content=\"Ebikespareparts.fi\" \/>\n<meta property=\"article:publisher\" content=\"https:\/\/www.facebook.com\/smhj.fi\" \/>\n<meta property=\"article:modified_time\" content=\"2023-11-15T09:00:39+00:00\" \/>\n<meta property=\"og:image\" content=\"https:\/\/smhjfi-wp23116.test.cchosting.fi\/wp-content\/uploads\/2023\/10\/panasonic-identifier.jpeg\" \/>\n<meta name=\"twitter:card\" content=\"summary_large_image\" \/>\n<meta name=\"twitter:label1\" content=\"Estimated reading time\" \/>\n\t<meta name=\"twitter:data1\" content=\"1 minute\" \/>\n<script type=\"application\/ld+json\" class=\"yoast-schema-graph\">{\"@context\":\"https:\\\/\\\/schema.org\",\"@graph\":[{\"@type\":\"WebPage\",\"@id\":\"https:\\\/\\\/ebikespareparts.fi\\\/laakerien-tunnistaminen\\\/panasonic\\\/\",\"url\":\"https:\\\/\\\/ebikespareparts.fi\\\/laakerien-tunnistaminen\\\/panasonic\\\/\",\"name\":\"Panasonic - Ebikespareparts.fi\",\"isPartOf\":{\"@id\":\"https:\\\/\\\/ebikespareparts.fi\\\/#website\"},\"primaryImageOfPage\":{\"@id\":\"https:\\\/\\\/ebikespareparts.fi\\\/laakerien-tunnistaminen\\\/panasonic\\\/#primaryimage\"},\"image\":{\"@id\":\"https:\\\/\\\/ebikespareparts.fi\\\/laakerien-tunnistaminen\\\/panasonic\\\/#primaryimage\"},\"thumbnailUrl\":\"https:\\\/\\\/ebikespareparts.fi\\\/wp-content\\\/uploads\\\/2023\\\/10\\\/panasonic-identifier.jpeg\",\"datePublished\":\"2023-10-19T12:42:00+00:00\",\"dateModified\":\"2023-11-15T09:00:39+00:00\",\"breadcrumb\":{\"@id\":\"https:\\\/\\\/ebikespareparts.fi\\\/laakerien-tunnistaminen\\\/panasonic\\\/#breadcrumb\"},\"inLanguage\":\"en-GB\",\"potentialAction\":[{\"@type\":\"ReadAction\",\"target\":[\"https:\\\/\\\/ebikespareparts.fi\\\/laakerien-tunnistaminen\\\/panasonic\\\/\"]}]},{\"@type\":\"ImageObject\",\"inLanguage\":\"en-GB\",\"@id\":\"https:\\\/\\\/ebikespareparts.fi\\\/laakerien-tunnistaminen\\\/panasonic\\\/#primaryimage\",\"url\":\"https:\\\/\\\/ebikespareparts.fi\\\/wp-content\\\/uploads\\\/2023\\\/10\\\/panasonic-identifier.jpeg\",\"contentUrl\":\"https:\\\/\\\/ebikespareparts.fi\\\/wp-content\\\/uploads\\\/2023\\\/10\\\/panasonic-identifier.jpeg\"},{\"@type\":\"BreadcrumbList\",\"@id\":\"https:\\\/\\\/ebikespareparts.fi\\\/laakerien-tunnistaminen\\\/panasonic\\\/#breadcrumb\",\"itemListElement\":[{\"@type\":\"ListItem\",\"position\":1,\"name\":\"Etusivu\",\"item\":\"https:\\\/\\\/ebikespareparts.fi\\\/\"},{\"@type\":\"ListItem\",\"position\":2,\"name\":\"Laakerien tunnistaminen\",\"item\":\"https:\\\/\\\/ebikespareparts.fi\\\/laakerien-tunnistaminen\\\/\"},{\"@type\":\"ListItem\",\"position\":3,\"name\":\"Panasonic\"}]},{\"@type\":\"WebSite\",\"@id\":\"https:\\\/\\\/ebikespareparts.fi\\\/#website\",\"url\":\"https:\\\/\\\/ebikespareparts.fi\\\/\",\"name\":\"Ebikespareparts.fi\",\"description\":\"S\u00e4hk\u00f6py\u00f6r\u00e4n osat - E-bike osat - Huolto\",\"publisher\":{\"@id\":\"https:\\\/\\\/ebikespareparts.fi\\\/#organization\"},\"potentialAction\":[{\"@type\":\"SearchAction\",\"target\":{\"@type\":\"EntryPoint\",\"urlTemplate\":\"https:\\\/\\\/ebikespareparts.fi\\\/?s={search_term_string}\"},\"query-input\":{\"@type\":\"PropertyValueSpecification\",\"valueRequired\":true,\"valueName\":\"search_term_string\"}}],\"inLanguage\":\"en-GB\"},{\"@type\":\"Organization\",\"@id\":\"https:\\\/\\\/ebikespareparts.fi\\\/#organization\",\"name\":\"Ebikespareparts.fi\",\"url\":\"https:\\\/\\\/ebikespareparts.fi\\\/\",\"logo\":{\"@type\":\"ImageObject\",\"inLanguage\":\"en-GB\",\"@id\":\"https:\\\/\\\/ebikespareparts.fi\\\/#\\\/schema\\\/logo\\\/image\\\/\",\"url\":\"https:\\\/\\\/ebikespareparts.fi\\\/wp-content\\\/uploads\\\/2024\\\/05\\\/logo-musta-tausta.jpg\",\"contentUrl\":\"https:\\\/\\\/ebikespareparts.fi\\\/wp-content\\\/uploads\\\/2024\\\/05\\\/logo-musta-tausta.jpg\",\"width\":1013,\"height\":950,\"caption\":\"Ebikespareparts.fi\"},\"image\":{\"@id\":\"https:\\\/\\\/ebikespareparts.fi\\\/#\\\/schema\\\/logo\\\/image\\\/\"},\"sameAs\":[\"https:\\\/\\\/www.facebook.com\\\/smhj.fi\"]}]}<\/script>\n<!-- \/ Yoast SEO plugin. -->","yoast_head_json":{"title":"Panasonic - Ebikespareparts.fi","robots":{"index":"index","follow":"follow","max-snippet":"max-snippet:-1","max-image-preview":"max-image-preview:large","max-video-preview":"max-video-preview:-1"},"canonical":"https:\/\/ebikespareparts.fi\/en\/laakerien-tunnistaminen\/panasonic\/","og_locale":"en_GB","og_type":"article","og_title":"Panasonic - Ebikespareparts.fi","og_description":"Panasonic Vaikka aloitimme Boschin ebike-moottoreiden huollon ja kunnostuksen, monet ihmiset kysyiv\u00e4t pian, teemmek\u00f6 muita moottoreita? Joten aloimme tutkia muita moottoreita. L\u00f6ysimme saman ongelman\u2026 laakerin vika! Jos vaihdat laakerit itse, voit tunnistaa, mik\u00e4 laakerit menee minne ja ostaa yksitellen juuri tarvitsemasi! N\u00e4m\u00e4 ovat kaikki yleisimm\u00e4t laakerit Panasonicin ebike-moottoreissa. Esitetyt laakerit vioittuvat todenn\u00e4k\u00f6isimmin kulumisen tai veden sis\u00e4\u00e4np\u00e4\u00e4syn ... Panasonic","og_url":"https:\/\/ebikespareparts.fi\/en\/laakerien-tunnistaminen\/panasonic\/","og_site_name":"Ebikespareparts.fi","article_publisher":"https:\/\/www.facebook.com\/smhj.fi","article_modified_time":"2023-11-15T09:00:39+00:00","og_image":[{"url":"https:\/\/smhjfi-wp23116.test.cchosting.fi\/wp-content\/uploads\/2023\/10\/panasonic-identifier.jpeg","type":"","width":"","height":""}],"twitter_card":"summary_large_image","twitter_misc":{"Estimated reading time":"1 minute"},"schema":{"@context":"https:\/\/schema.org","@graph":[{"@type":"WebPage","@id":"https:\/\/ebikespareparts.fi\/laakerien-tunnistaminen\/panasonic\/","url":"https:\/\/ebikespareparts.fi\/laakerien-tunnistaminen\/panasonic\/","name":"Panasonic - Ebikespareparts.fi","isPartOf":{"@id":"https:\/\/ebikespareparts.fi\/#website"},"primaryImageOfPage":{"@id":"https:\/\/ebikespareparts.fi\/laakerien-tunnistaminen\/panasonic\/#primaryimage"},"image":{"@id":"https:\/\/ebikespareparts.fi\/laakerien-tunnistaminen\/panasonic\/#primaryimage"},"thumbnailUrl":"https:\/\/ebikespareparts.fi\/wp-content\/uploads\/2023\/10\/panasonic-identifier.jpeg","datePublished":"2023-10-19T12:42:00+00:00","dateModified":"2023-11-15T09:00:39+00:00","breadcrumb":{"@id":"https:\/\/ebikespareparts.fi\/laakerien-tunnistaminen\/panasonic\/#breadcrumb"},"inLanguage":"en-GB","potentialAction":[{"@type":"ReadAction","target":["https:\/\/ebikespareparts.fi\/laakerien-tunnistaminen\/panasonic\/"]}]},{"@type":"ImageObject","inLanguage":"en-GB","@id":"https:\/\/ebikespareparts.fi\/laakerien-tunnistaminen\/panasonic\/#primaryimage","url":"https:\/\/ebikespareparts.fi\/wp-content\/uploads\/2023\/10\/panasonic-identifier.jpeg","contentUrl":"https:\/\/ebikespareparts.fi\/wp-content\/uploads\/2023\/10\/panasonic-identifier.jpeg"},{"@type":"BreadcrumbList","@id":"https:\/\/ebikespareparts.fi\/laakerien-tunnistaminen\/panasonic\/#breadcrumb","itemListElement":[{"@type":"ListItem","position":1,"name":"Etusivu","item":"https:\/\/ebikespareparts.fi\/"},{"@type":"ListItem","position":2,"name":"Laakerien tunnistaminen","item":"https:\/\/ebikespareparts.fi\/laakerien-tunnistaminen\/"},{"@type":"ListItem","position":3,"name":"Panasonic"}]},{"@type":"WebSite","@id":"https:\/\/ebikespareparts.fi\/#website","url":"https:\/\/ebikespareparts.fi\/","name":"Ebikespareparts.fi","description":"S\u00e4hk\u00f6py\u00f6r\u00e4n osat - E-bike osat - Huolto","publisher":{"@id":"https:\/\/ebikespareparts.fi\/#organization"},"potentialAction":[{"@type":"SearchAction","target":{"@type":"EntryPoint","urlTemplate":"https:\/\/ebikespareparts.fi\/?s={search_term_string}"},"query-input":{"@type":"PropertyValueSpecification","valueRequired":true,"valueName":"search_term_string"}}],"inLanguage":"en-GB"},{"@type":"Organization","@id":"https:\/\/ebikespareparts.fi\/#organization","name":"Ebikespareparts.fi","url":"https:\/\/ebikespareparts.fi\/","logo":{"@type":"ImageObject","inLanguage":"en-GB","@id":"https:\/\/ebikespareparts.fi\/#\/schema\/logo\/image\/","url":"https:\/\/ebikespareparts.fi\/wp-content\/uploads\/2024\/05\/logo-musta-tausta.jpg","contentUrl":"https:\/\/ebikespareparts.fi\/wp-content\/uploads\/2024\/05\/logo-musta-tausta.jpg","width":1013,"height":950,"caption":"Ebikespareparts.fi"},"image":{"@id":"https:\/\/ebikespareparts.fi\/#\/schema\/logo\/image\/"},"sameAs":["https:\/\/www.facebook.com\/smhj.fi"]}]}},"_links":{"self":[{"href":"https:\/\/ebikespareparts.fi\/en\/wp-json\/wp\/v2\/pages\/45719","targetHints":{"allow":["GET"]}}],"collection":[{"href":"https:\/\/ebikespareparts.fi\/en\/wp-json\/wp\/v2\/pages"}],"about":[{"href":"https:\/\/ebikespareparts.fi\/en\/wp-json\/wp\/v2\/types\/page"}],"author":[{"embeddable":true,"href":"https:\/\/ebikespareparts.fi\/en\/wp-json\/wp\/v2\/users\/1"}],"replies":[{"embeddable":true,"href":"https:\/\/ebikespareparts.fi\/en\/wp-json\/wp\/v2\/comments?post=45719"}],"version-history":[{"count":0,"href":"https:\/\/ebikespareparts.fi\/en\/wp-json\/wp\/v2\/pages\/45719\/revisions"}],"up":[{"embeddable":true,"href":"https:\/\/ebikespareparts.fi\/en\/wp-json\/wp\/v2\/pages\/45721"}],"wp:attachment":[{"href":"https:\/\/ebikespareparts.fi\/en\/wp-json\/wp\/v2\/media?parent=45719"}],"curies":[{"name":"wp","href":"https:\/\/api.w.org\/{rel}","templated":true}]}}