{"id":45721,"date":"2023-10-19T15:42:32","date_gmt":"2023-10-19T12:42:32","guid":{"rendered":"https:\/\/ebikespareparts.fi\/?page_id=45721"},"modified":"2025-08-26T09:21:09","modified_gmt":"2025-08-26T06:21:09","slug":"laakerien-tunnistaminen","status":"publish","type":"page","link":"https:\/\/ebikespareparts.fi\/en\/laakerien-tunnistaminen\/","title":{"rendered":"Identification of bearings"},"content":{"rendered":"<div class=\"wp-block-group\"><div class=\"wp-block-group__inner-container is-layout-flow wp-block-group-is-layout-flow\">\n<p>If you replace the bearings yourself, you can search for the correct bearing in the \u201dbearing identification\u201d section and buy the bearings alone. You can get the product numbers of the individual parts from the scatterplots.<\/p>\n\n\n\n<p>The scatterplots on this site are helpful when you are looking for bearings for Bosch, Brose, Mahlen, Panasonic, Shimano or Yamaha engines.<\/p>\n\n\n\n<p>The most common cause of bearing failure is wear or water ingress. We also supply O-rings, seals and lock rings.<br><br>Contact us if you can't find the right product for your needs on our website, we'll be happy to help!<\/p>\n<\/div><\/div>\n\n\n\n<div style=\"height:40px\" aria-hidden=\"true\" class=\"wp-block-spacer\"><\/div>\n\n\n\n<div class=\"wp-block-query bearing-grid is-layout-flow wp-block-query-is-layout-flow\"><ul class=\"wp-block-post-template is-layout-flow wp-block-post-template-is-layout-flow\"><li class=\"wp-block-post post-45703 page type-page status-publish hentry\">\n<h4 class=\"wp-block-post-title\"><a href=\"https:\/\/ebikespareparts.fi\/en\/laakerien-tunnistaminen\/bosch-gen-1\/\" target=\"_self\" >Bosch Gen 1<\/a><\/h4>\n\n<div style=\"font-size:1rem;\" class=\"wp-block-post-excerpt\"><p class=\"wp-block-post-excerpt__excerpt\">Bosch Gen 1 Generation 1Gen 1 Bosch \u201cClassic\u201d Line 50 Nm (2011 - 2014) is mostly fitted to hybrid and city bikes, but has been used on some early EMTB models such as the Moustache and Haibike. Does my Bosch Motor need regular maintenance? Bosch motors are not designed to be serviced and should only be repaired if they become faulty. The motors are sealed and<\/p><p class=\"wp-block-post-excerpt__more-text\"><a class=\"wp-block-post-excerpt__more-link\" href=\"https:\/\/ebikespareparts.fi\/en\/laakerien-tunnistaminen\/bosch-gen-1\/\">Read more<\/a><\/p><\/div>\n<\/li><li class=\"wp-block-post post-45706 page type-page status-publish hentry\">\n<h4 class=\"wp-block-post-title\"><a href=\"https:\/\/ebikespareparts.fi\/en\/laakerien-tunnistaminen\/bosch-gen-2-2\/\" target=\"_self\" >Bosch Gen 2<\/a><\/h4>\n\n<div style=\"font-size:1rem;\" class=\"wp-block-post-excerpt\"><p class=\"wp-block-post-excerpt__excerpt\">Bosch Gen 2 If you replace the bearings yourself, you can see from the picture which bearing goes where, and buy the one you need separately from the online shop! These are common bearings for Bosch ebike Active and Performance Line \/ CX motors. These bearings are the most likely to fail due to wear or water ingress. We can also supply O-rings and small parts for these motors. If you cannot find what you are looking for<\/p><p class=\"wp-block-post-excerpt__more-text\"><a class=\"wp-block-post-excerpt__more-link\" href=\"https:\/\/ebikespareparts.fi\/en\/laakerien-tunnistaminen\/bosch-gen-2-2\/\">Read more<\/a><\/p><\/div>\n<\/li><li class=\"wp-block-post post-45709 page type-page status-publish hentry\">\n<h4 class=\"wp-block-post-title\"><a href=\"https:\/\/ebikespareparts.fi\/en\/laakerien-tunnistaminen\/bosch-gen-3-2\/\" target=\"_self\" >Bosch Gen 3<\/a><\/h4>\n\n<div style=\"font-size:1rem;\" class=\"wp-block-post-excerpt\"><p class=\"wp-block-post-excerpt__excerpt\">Bosch Gen 3 If you replace the bearings yourself, you can see from the picture which bearing goes where, and buy the parts you need separately! These are the commonly used bearings for Bosch ebike Generation 3 Active Line, Active Line Plus and Performance Line motors. Bosch Generation 3 (BDU3xx) motor (NOTE: Large front wheel) Generation 3 Gen 3 Active Line 40 Nm 2018<\/p><p class=\"wp-block-post-excerpt__more-text\"><a class=\"wp-block-post-excerpt__more-link\" href=\"https:\/\/ebikespareparts.fi\/en\/laakerien-tunnistaminen\/bosch-gen-3-2\/\">Read more<\/a><\/p><\/div>\n<\/li><li class=\"wp-block-post post-45711 page type-page status-publish hentry\">\n<h4 class=\"wp-block-post-title\"><a href=\"https:\/\/ebikespareparts.fi\/en\/laakerien-tunnistaminen\/bosch-gen-4\/\" target=\"_self\" >Bosch Gen 4<\/a><\/h4>\n\n<div style=\"font-size:1rem;\" class=\"wp-block-post-excerpt\"><p class=\"wp-block-post-excerpt__excerpt\">Bosch Gen 4 If you are replacing your own bearings, you will find the bearings you need and their part numbers in our bearing identification. These parts can then be found in our shop. If you need other engine parts, please contact us and we will be happy to help. Generation 4- Gen 4 Performance Line CX 75 Nm mountain bike engine. Later upgraded to 85 Nm 2020 - still on the programme.- Gen 4 Speed Line and Cargo Line<\/p><p class=\"wp-block-post-excerpt__more-text\"><a class=\"wp-block-post-excerpt__more-link\" href=\"https:\/\/ebikespareparts.fi\/en\/laakerien-tunnistaminen\/bosch-gen-4\/\">Read more<\/a><\/p><\/div>\n<\/li><li class=\"wp-block-post post-45715 page type-page status-publish hentry\">\n<h4 class=\"wp-block-post-title\"><a href=\"https:\/\/ebikespareparts.fi\/en\/laakerien-tunnistaminen\/brose-s-mag\/\" target=\"_self\" >Brose \u2019S\u2019 MAG<\/a><\/h4>\n\n<div style=\"font-size:1rem;\" class=\"wp-block-post-excerpt\"><p class=\"wp-block-post-excerpt__excerpt\">Brose \u2019S\u2019 MAG If you replace the bearings yourself, you can identify which bearings go where and buy the bearings you need one by one.  The picture shows all the most common bearings for Brose \u201cT\u201d, \u201cS\u201d and \u201cS\u201d MAG ebike motors.These bearings are the most likely to fail due to wear or water ingress. We can also supply seals for these motors. If you cannot find the part you are looking for on our website, please contact us and<\/p><p class=\"wp-block-post-excerpt__more-text\"><a class=\"wp-block-post-excerpt__more-link\" href=\"https:\/\/ebikespareparts.fi\/en\/laakerien-tunnistaminen\/brose-s-mag\/\">Read more<\/a><\/p><\/div>\n<\/li><li class=\"wp-block-post post-45713 page type-page status-publish hentry\">\n<h4 class=\"wp-block-post-title\"><a href=\"https:\/\/ebikespareparts.fi\/en\/laakerien-tunnistaminen\/brose-t-s\/\" target=\"_self\" >Brose \u2019T\u2019 &amp; \u2019S\u2019<\/a><\/h4>\n\n<div style=\"font-size:1rem;\" class=\"wp-block-post-excerpt\"><p class=\"wp-block-post-excerpt__excerpt\">Brose \u2019T\u2019 &amp; \u2019S\u2019 If you replace the bearings yourself, you can identify which bearings go where and buy the bearings you need one by one.  The picture shows all the most common bearings for Brose \u201cT\u201d, \u201cS\u201d and \u201cS\u201d MAG ebike motors.These bearings are the most likely to fail due to wear or water ingress. We can also supply seals for these motors. If you cannot find the part you are looking for on our website, please contact us.<\/p><p class=\"wp-block-post-excerpt__more-text\"><a class=\"wp-block-post-excerpt__more-link\" href=\"https:\/\/ebikespareparts.fi\/en\/laakerien-tunnistaminen\/brose-t-s\/\">Read more<\/a><\/p><\/div>\n<\/li><li class=\"wp-block-post post-45723 page type-page status-publish hentry\">\n<h4 class=\"wp-block-post-title\"><a href=\"https:\/\/ebikespareparts.fi\/en\/laakerien-tunnistaminen\/impulse-2-0\/\" target=\"_self\" >Impulse 2.0<\/a><\/h4>\n\n<div style=\"font-size:1rem;\" class=\"wp-block-post-excerpt\"><p class=\"wp-block-post-excerpt__excerpt\">Impulse 2.0 Although we started servicing and reconditioning Bosch ebike motors, many people soon asked if we did other motors? So we started looking into other motors. We found the same problem... bearing failure! If you replace the bearings yourself, you can identify which bearings go where and buy individually just what you need! These are all the most common bearings on Impulse 2.0 ebike motors. The bearings shown are the ones most likely to fail due to wear<\/p><p class=\"wp-block-post-excerpt__more-text\"><a class=\"wp-block-post-excerpt__more-link\" href=\"https:\/\/ebikespareparts.fi\/en\/laakerien-tunnistaminen\/impulse-2-0\/\">Read more<\/a><\/p><\/div>\n<\/li><li class=\"wp-block-post post-45719 page type-page status-publish hentry\">\n<h4 class=\"wp-block-post-title\"><a href=\"https:\/\/ebikespareparts.fi\/en\/laakerien-tunnistaminen\/panasonic\/\" target=\"_self\" >Panasonic<\/a><\/h4>\n\n<div style=\"font-size:1rem;\" class=\"wp-block-post-excerpt\"><p class=\"wp-block-post-excerpt__excerpt\">Panasonic Although we started servicing and reconditioning Bosch ebike motors, many people soon asked if we did other motors? So we started looking into other motors. We found the same problem... bearing failure! If you replace the bearings yourself, you can identify which bearings go where and buy individually just what you need! These are all the most common bearings in Panasonic ebike motors. The bearings shown are the most likely to fail due to wear or water ingress<\/p><p class=\"wp-block-post-excerpt__more-text\"><a class=\"wp-block-post-excerpt__more-link\" href=\"https:\/\/ebikespareparts.fi\/en\/laakerien-tunnistaminen\/panasonic\/\">Read more<\/a><\/p><\/div>\n<\/li><li class=\"wp-block-post post-45717 page type-page status-publish hentry\">\n<h4 class=\"wp-block-post-title\"><a href=\"https:\/\/ebikespareparts.fi\/en\/laakerien-tunnistaminen\/yamaha\/\" target=\"_self\" >Yamaha<\/a><\/h4>\n\n<div style=\"font-size:1rem;\" class=\"wp-block-post-excerpt\"><p class=\"wp-block-post-excerpt__excerpt\">Yamaha Although we started servicing and reconditioning Bosch ebike engines, many people soon asked if we did other engines? So we started looking into other engines. We found the same problem... bearing failure! If you replace the bearings yourself, you can identify which bearings go where and buy individually just what you need! These are all the most common bearings found in Yamaha-PW ebike motors. The bearings shown are the most likely to fail due to wear or water<\/p><p class=\"wp-block-post-excerpt__more-text\"><a class=\"wp-block-post-excerpt__more-link\" href=\"https:\/\/ebikespareparts.fi\/en\/laakerien-tunnistaminen\/yamaha\/\">Read more<\/a><\/p><\/div>\n<\/li><\/ul>\n\n\n\n<\/div>","protected":false},"excerpt":{"rendered":"<p>Mik\u00e4li vaihdat laakerit itse, voit hakea \u201dlaakereiden tunnistaminen\u201d -kohdasta oikean laakerin ja ostaa pelk\u00e4t laakerit. Hajoituskuvista saat yksitt\u00e4isten osien tuotenumerot. Sivuston hajoituskuvista on apua, kun etsit laakeria esim. Boschin, Brosen, Mahlen, Panasonicin, Shimanon tai Yamahan moottoreihin. Yleisin syy laakereiden vioittumiselle on kuluminen tai veden p\u00e4\u00e4sy laakereihin. Toimitamme my\u00f6s O-renkaat, tiivisteet ja lukkorenkaat. Ole yhteydess\u00e4 meihin, <a href=\"https:\/\/ebikespareparts.fi\/en\/laakerien-tunnistaminen\/\" class=\"more-link\">&#8230;<span class=\"screen-reader-text\">  Identification of bearings<\/span><\/a><\/p>","protected":false},"author":1,"featured_media":0,"parent":0,"menu_order":0,"comment_status":"closed","ping_status":"closed","template":"","meta":{"_acf_changed":false,"footnotes":""},"class_list":["post-45721","page","type-page","status-publish","hentry"],"acf":[],"yoast_head":"<!-- This site is optimized with the Yoast SEO plugin v27.5 - https:\/\/yoast.com\/product\/yoast-seo-wordpress\/ -->\n<title>Laakerien tunnistaminen - Ebikespareparts.fi<\/title>\n<meta name=\"robots\" content=\"index, follow, max-snippet:-1, max-image-preview:large, max-video-preview:-1\" \/>\n<link rel=\"canonical\" href=\"https:\/\/ebikespareparts.fi\/en\/laakerien-tunnistaminen\/\" \/>\n<meta property=\"og:locale\" content=\"en_GB\" \/>\n<meta property=\"og:type\" content=\"article\" \/>\n<meta property=\"og:title\" content=\"Laakerien tunnistaminen - Ebikespareparts.fi\" \/>\n<meta property=\"og:description\" content=\"Mik\u00e4li vaihdat laakerit itse, voit hakea \u201dlaakereiden tunnistaminen\u201d -kohdasta oikean laakerin ja ostaa pelk\u00e4t laakerit. Hajoituskuvista saat yksitt\u00e4isten osien tuotenumerot. Sivuston hajoituskuvista on apua, kun etsit laakeria esim. Boschin, Brosen, Mahlen, Panasonicin, Shimanon tai Yamahan moottoreihin. Yleisin syy laakereiden vioittumiselle on kuluminen tai veden p\u00e4\u00e4sy laakereihin. Toimitamme my\u00f6s O-renkaat, tiivisteet ja lukkorenkaat. Ole yhteydess\u00e4 meihin, ... Laakerien tunnistaminen\" \/>\n<meta property=\"og:url\" content=\"https:\/\/ebikespareparts.fi\/en\/laakerien-tunnistaminen\/\" \/>\n<meta property=\"og:site_name\" content=\"Ebikespareparts.fi\" \/>\n<meta property=\"article:publisher\" content=\"https:\/\/www.facebook.com\/smhj.fi\" \/>\n<meta property=\"article:modified_time\" content=\"2025-08-26T06:21:09+00:00\" \/>\n<meta name=\"twitter:card\" content=\"summary_large_image\" \/>\n<meta name=\"twitter:label1\" content=\"Estimated reading time\" \/>\n\t<meta name=\"twitter:data1\" content=\"1 minute\" \/>\n<script type=\"application\/ld+json\" class=\"yoast-schema-graph\">{\"@context\":\"https:\\\/\\\/schema.org\",\"@graph\":[{\"@type\":\"WebPage\",\"@id\":\"https:\\\/\\\/ebikespareparts.fi\\\/laakerien-tunnistaminen\\\/\",\"url\":\"https:\\\/\\\/ebikespareparts.fi\\\/laakerien-tunnistaminen\\\/\",\"name\":\"Laakerien tunnistaminen - Ebikespareparts.fi\",\"isPartOf\":{\"@id\":\"https:\\\/\\\/ebikespareparts.fi\\\/#website\"},\"datePublished\":\"2023-10-19T12:42:32+00:00\",\"dateModified\":\"2025-08-26T06:21:09+00:00\",\"breadcrumb\":{\"@id\":\"https:\\\/\\\/ebikespareparts.fi\\\/laakerien-tunnistaminen\\\/#breadcrumb\"},\"inLanguage\":\"en-GB\",\"potentialAction\":[{\"@type\":\"ReadAction\",\"target\":[\"https:\\\/\\\/ebikespareparts.fi\\\/laakerien-tunnistaminen\\\/\"]}]},{\"@type\":\"BreadcrumbList\",\"@id\":\"https:\\\/\\\/ebikespareparts.fi\\\/laakerien-tunnistaminen\\\/#breadcrumb\",\"itemListElement\":[{\"@type\":\"ListItem\",\"position\":1,\"name\":\"Etusivu\",\"item\":\"https:\\\/\\\/ebikespareparts.fi\\\/\"},{\"@type\":\"ListItem\",\"position\":2,\"name\":\"Laakerien tunnistaminen\"}]},{\"@type\":\"WebSite\",\"@id\":\"https:\\\/\\\/ebikespareparts.fi\\\/#website\",\"url\":\"https:\\\/\\\/ebikespareparts.fi\\\/\",\"name\":\"Ebikespareparts.fi\",\"description\":\"S\u00e4hk\u00f6py\u00f6r\u00e4n osat - E-bike osat - Huolto\",\"publisher\":{\"@id\":\"https:\\\/\\\/ebikespareparts.fi\\\/#organization\"},\"potentialAction\":[{\"@type\":\"SearchAction\",\"target\":{\"@type\":\"EntryPoint\",\"urlTemplate\":\"https:\\\/\\\/ebikespareparts.fi\\\/?s={search_term_string}\"},\"query-input\":{\"@type\":\"PropertyValueSpecification\",\"valueRequired\":true,\"valueName\":\"search_term_string\"}}],\"inLanguage\":\"en-GB\"},{\"@type\":\"Organization\",\"@id\":\"https:\\\/\\\/ebikespareparts.fi\\\/#organization\",\"name\":\"Ebikespareparts.fi\",\"url\":\"https:\\\/\\\/ebikespareparts.fi\\\/\",\"logo\":{\"@type\":\"ImageObject\",\"inLanguage\":\"en-GB\",\"@id\":\"https:\\\/\\\/ebikespareparts.fi\\\/#\\\/schema\\\/logo\\\/image\\\/\",\"url\":\"https:\\\/\\\/ebikespareparts.fi\\\/wp-content\\\/uploads\\\/2024\\\/05\\\/logo-musta-tausta.jpg\",\"contentUrl\":\"https:\\\/\\\/ebikespareparts.fi\\\/wp-content\\\/uploads\\\/2024\\\/05\\\/logo-musta-tausta.jpg\",\"width\":1013,\"height\":950,\"caption\":\"Ebikespareparts.fi\"},\"image\":{\"@id\":\"https:\\\/\\\/ebikespareparts.fi\\\/#\\\/schema\\\/logo\\\/image\\\/\"},\"sameAs\":[\"https:\\\/\\\/www.facebook.com\\\/smhj.fi\"]}]}<\/script>\n<!-- \/ Yoast SEO plugin. -->","yoast_head_json":{"title":"Laakerien tunnistaminen - Ebikespareparts.fi","robots":{"index":"index","follow":"follow","max-snippet":"max-snippet:-1","max-image-preview":"max-image-preview:large","max-video-preview":"max-video-preview:-1"},"canonical":"https:\/\/ebikespareparts.fi\/en\/laakerien-tunnistaminen\/","og_locale":"en_GB","og_type":"article","og_title":"Laakerien tunnistaminen - Ebikespareparts.fi","og_description":"Mik\u00e4li vaihdat laakerit itse, voit hakea \u201dlaakereiden tunnistaminen\u201d -kohdasta oikean laakerin ja ostaa pelk\u00e4t laakerit. Hajoituskuvista saat yksitt\u00e4isten osien tuotenumerot. Sivuston hajoituskuvista on apua, kun etsit laakeria esim. Boschin, Brosen, Mahlen, Panasonicin, Shimanon tai Yamahan moottoreihin. Yleisin syy laakereiden vioittumiselle on kuluminen tai veden p\u00e4\u00e4sy laakereihin. Toimitamme my\u00f6s O-renkaat, tiivisteet ja lukkorenkaat. Ole yhteydess\u00e4 meihin, ... Laakerien tunnistaminen","og_url":"https:\/\/ebikespareparts.fi\/en\/laakerien-tunnistaminen\/","og_site_name":"Ebikespareparts.fi","article_publisher":"https:\/\/www.facebook.com\/smhj.fi","article_modified_time":"2025-08-26T06:21:09+00:00","twitter_card":"summary_large_image","twitter_misc":{"Estimated reading time":"1 minute"},"schema":{"@context":"https:\/\/schema.org","@graph":[{"@type":"WebPage","@id":"https:\/\/ebikespareparts.fi\/laakerien-tunnistaminen\/","url":"https:\/\/ebikespareparts.fi\/laakerien-tunnistaminen\/","name":"Laakerien tunnistaminen - Ebikespareparts.fi","isPartOf":{"@id":"https:\/\/ebikespareparts.fi\/#website"},"datePublished":"2023-10-19T12:42:32+00:00","dateModified":"2025-08-26T06:21:09+00:00","breadcrumb":{"@id":"https:\/\/ebikespareparts.fi\/laakerien-tunnistaminen\/#breadcrumb"},"inLanguage":"en-GB","potentialAction":[{"@type":"ReadAction","target":["https:\/\/ebikespareparts.fi\/laakerien-tunnistaminen\/"]}]},{"@type":"BreadcrumbList","@id":"https:\/\/ebikespareparts.fi\/laakerien-tunnistaminen\/#breadcrumb","itemListElement":[{"@type":"ListItem","position":1,"name":"Etusivu","item":"https:\/\/ebikespareparts.fi\/"},{"@type":"ListItem","position":2,"name":"Laakerien tunnistaminen"}]},{"@type":"WebSite","@id":"https:\/\/ebikespareparts.fi\/#website","url":"https:\/\/ebikespareparts.fi\/","name":"Ebikespareparts.fi","description":"S\u00e4hk\u00f6py\u00f6r\u00e4n osat - E-bike osat - Huolto","publisher":{"@id":"https:\/\/ebikespareparts.fi\/#organization"},"potentialAction":[{"@type":"SearchAction","target":{"@type":"EntryPoint","urlTemplate":"https:\/\/ebikespareparts.fi\/?s={search_term_string}"},"query-input":{"@type":"PropertyValueSpecification","valueRequired":true,"valueName":"search_term_string"}}],"inLanguage":"en-GB"},{"@type":"Organization","@id":"https:\/\/ebikespareparts.fi\/#organization","name":"Ebikespareparts.fi","url":"https:\/\/ebikespareparts.fi\/","logo":{"@type":"ImageObject","inLanguage":"en-GB","@id":"https:\/\/ebikespareparts.fi\/#\/schema\/logo\/image\/","url":"https:\/\/ebikespareparts.fi\/wp-content\/uploads\/2024\/05\/logo-musta-tausta.jpg","contentUrl":"https:\/\/ebikespareparts.fi\/wp-content\/uploads\/2024\/05\/logo-musta-tausta.jpg","width":1013,"height":950,"caption":"Ebikespareparts.fi"},"image":{"@id":"https:\/\/ebikespareparts.fi\/#\/schema\/logo\/image\/"},"sameAs":["https:\/\/www.facebook.com\/smhj.fi"]}]}},"_links":{"self":[{"href":"https:\/\/ebikespareparts.fi\/en\/wp-json\/wp\/v2\/pages\/45721","targetHints":{"allow":["GET"]}}],"collection":[{"href":"https:\/\/ebikespareparts.fi\/en\/wp-json\/wp\/v2\/pages"}],"about":[{"href":"https:\/\/ebikespareparts.fi\/en\/wp-json\/wp\/v2\/types\/page"}],"author":[{"embeddable":true,"href":"https:\/\/ebikespareparts.fi\/en\/wp-json\/wp\/v2\/users\/1"}],"replies":[{"embeddable":true,"href":"https:\/\/ebikespareparts.fi\/en\/wp-json\/wp\/v2\/comments?post=45721"}],"version-history":[{"count":0,"href":"https:\/\/ebikespareparts.fi\/en\/wp-json\/wp\/v2\/pages\/45721\/revisions"}],"wp:attachment":[{"href":"https:\/\/ebikespareparts.fi\/en\/wp-json\/wp\/v2\/media?parent=45721"}],"curies":[{"name":"wp","href":"https:\/\/api.w.org\/{rel}","templated":true}]}}