{"id":103,"date":"2023-10-03T15:16:41","date_gmt":"2023-10-03T12:16:41","guid":{"rendered":"https:\/\/ebikespareparts.fi\/?post_type=product&#038;p=103"},"modified":"2026-03-10T15:27:25","modified_gmt":"2026-03-10T13:27:25","slug":"bosch-gen-2-moottorin-huoltokorjaus-sarja","status":"publish","type":"product","link":"https:\/\/ebikespareparts.fi\/en\/product\/bosch-gen-2-moottorin-huoltokorjaus-sarja\/","title":{"rendered":"PLB00703 Bosch Gen 2 engine service repair kit +"},"content":{"rendered":"<h4 dir=\"ltr\" data-placeholder=\"K\u00e4\u00e4nn\u00f6s\">PLB00703 Bosch Gen 2 engine service repair kit +<\/h4>\n<h5>When you want to make the job easy, this kit is great - you don't need any other parts and you get the engine transmission right.<\/h5>\n<p>The kit includes the original Bosch service\/repair kit, with the blanket seals removed* and all the parts needed for the rest of the engine added. Left crankshaft bearing, freewheel needle roller bearing, both gearbox bearings, left crankshaft O-ring and sprocket position O-ring, all 10 new lock rings, 2 pressure plates, located on each side of the main crankshaft drive sprocket , the right crankshaft seal (this replaces the Bosch felt seals and is 100 % waterproof) and a full set of new damping membranes to fit between the engine and frame.<\/p>\n<p>It is known that many of the motors that have been serviced have suffered water damage now added to other drive unit bearings that were not replaced when the Bosch service kit was installed. These bearings and components have now been added to the kit to allow you to service the left side of the motor as well. This ensures that you have everything you need to do the job right.<\/p>\n<p>You can also consider the Mega Kit PLB00704 which contains everything you need to overhaul your engine to reduce the chance of a recurrence. Even special tools are included. The kit does not include hand tools or INSTRUCTIONS!<\/p>\n<p>* The principal recommends that felt seals are not installed because they cause unnecessary problems in wet or dusty conditions by absorbing moisture and dirt.<\/p>\n<p><img fetchpriority=\"high\" decoding=\"async\" class=\"alignnone size-full wp-image-998\" src=\"https:\/\/www.performancelinebearings.com\/wp-content\/uploads\/2019\/02\/IMG_1392-e1551354934821.jpg\" alt=\"\" width=\"1000\" height=\"750\" \/><\/p>\n<p>Bosch Generation 2 motor BDU2xx (NOTE: Small chainring)<\/p>\n<p><img decoding=\"async\" class=\"alignnone wp-image-8226\" src=\"https:\/\/www.performancelinebearings.com\/wp-content\/uploads\/2019\/09\/Bosch-Gen-2--300x200.jpg\" alt=\"\" width=\"200\" height=\"133\" \/><\/p>","protected":false},"excerpt":{"rendered":"<p>PLB00703 Bosch Gen 2 moottorin huoltokorjaus sarja + Kun haluat tehd\u00e4 ty\u00f6n helpoksi on t\u00e4m\u00e4 sarja loistava et tarvitse muita osia ja saat moottorin voimansiirron kuntoon. Sarja sis\u00e4lt\u00e4\u00e4 alkuper\u00e4isen Boschin huolto-\/korjaussarjan, siit\u00e4 on poistettu huopatiivisteet* ja lis\u00e4tty kaikki muuhun moottoriin tarvittavat osat. Vasen kampiakselin laakeri, vapaapy\u00f6r\u00e4n neularullalaakeri, molemmat vaihteiston laakerit, vasemman kampiakselin O-rengas ja ketjupy\u00f6r\u00e4n <a href=\"https:\/\/ebikespareparts.fi\/en\/product\/bosch-gen-2-moottorin-huoltokorjaus-sarja\/\" class=\"more-link\">&#8230;<span class=\"screen-reader-text\">  PLB00703 Bosch Gen 2 engine service repair kit +<\/span><\/a><\/p>","protected":false},"featured_media":47414,"comment_status":"closed","ping_status":"closed","template":"","meta":{"_acf_changed":false},"product_brand":[],"product_cat":[18,19],"product_tag":[],"class_list":{"0":"post-103","1":"product","2":"type-product","3":"status-publish","4":"has-post-thumbnail","6":"product_cat-bosch-gen-2","7":"product_cat-bosch-laakerit","8":"product_shipping_class-grease","10":"first","11":"outofstock","12":"taxable","13":"shipping-taxable","14":"purchasable","15":"product-type-simple"},"acf":[],"yoast_head":"<!-- This site is optimized with the Yoast SEO plugin v27.5 - https:\/\/yoast.com\/product\/yoast-seo-wordpress\/ -->\n<title>PLB00703 Bosch Gen 2 moottorin huoltokorjaus sarja + - Ebikespareparts.fi<\/title>\n<meta name=\"description\" content=\"Bosch Gen 2 moottorin huoltokorjaus sarja +\" \/>\n<meta name=\"robots\" content=\"index, follow, max-snippet:-1, max-image-preview:large, max-video-preview:-1\" \/>\n<link rel=\"canonical\" href=\"https:\/\/ebikespareparts.fi\/en\/product\/bosch-gen-2-moottorin-huoltokorjaus-sarja\/\" \/>\n<meta property=\"og:locale\" content=\"en_GB\" \/>\n<meta property=\"og:type\" content=\"article\" \/>\n<meta property=\"og:title\" content=\"PLB00703 Bosch Gen 2 moottorin huoltokorjaus sarja + - Ebikespareparts.fi\" \/>\n<meta property=\"og:description\" content=\"Bosch Gen 2 moottorin huoltokorjaus sarja +\" \/>\n<meta property=\"og:url\" content=\"https:\/\/ebikespareparts.fi\/en\/product\/bosch-gen-2-moottorin-huoltokorjaus-sarja\/\" \/>\n<meta property=\"og:site_name\" content=\"Ebikespareparts.fi\" \/>\n<meta property=\"article:publisher\" content=\"https:\/\/www.facebook.com\/smhj.fi\" \/>\n<meta property=\"article:modified_time\" content=\"2026-03-10T13:27:25+00:00\" \/>\n<meta property=\"og:image\" content=\"https:\/\/ebikespareparts.fi\/wp-content\/uploads\/2025\/03\/qarP0o7IpmQ3FyxbRcIvVVd4BegGzOERtPDr29tWSebvYQyXae.jpg\" \/>\n\t<meta property=\"og:image:width\" content=\"1000\" \/>\n\t<meta property=\"og:image:height\" content=\"750\" \/>\n\t<meta property=\"og:image:type\" content=\"image\/jpeg\" \/>\n<meta name=\"twitter:card\" content=\"summary_large_image\" \/>\n<meta name=\"twitter:label1\" content=\"Estimated reading time\" \/>\n\t<meta name=\"twitter:data1\" content=\"2 minutes\" \/>\n<script type=\"application\/ld+json\" class=\"yoast-schema-graph\">{\"@context\":\"https:\\\/\\\/schema.org\",\"@graph\":[{\"@type\":\"WebPage\",\"@id\":\"https:\\\/\\\/ebikespareparts.fi\\\/tuote\\\/bosch-gen-2-moottorin-huoltokorjaus-sarja\\\/\",\"url\":\"https:\\\/\\\/ebikespareparts.fi\\\/tuote\\\/bosch-gen-2-moottorin-huoltokorjaus-sarja\\\/\",\"name\":\"PLB00703 Bosch Gen 2 moottorin huoltokorjaus sarja + - Ebikespareparts.fi\",\"isPartOf\":{\"@id\":\"https:\\\/\\\/ebikespareparts.fi\\\/#website\"},\"primaryImageOfPage\":{\"@id\":\"https:\\\/\\\/ebikespareparts.fi\\\/tuote\\\/bosch-gen-2-moottorin-huoltokorjaus-sarja\\\/#primaryimage\"},\"image\":{\"@id\":\"https:\\\/\\\/ebikespareparts.fi\\\/tuote\\\/bosch-gen-2-moottorin-huoltokorjaus-sarja\\\/#primaryimage\"},\"thumbnailUrl\":\"https:\\\/\\\/ebikespareparts.fi\\\/wp-content\\\/uploads\\\/2025\\\/03\\\/qarP0o7IpmQ3FyxbRcIvVVd4BegGzOERtPDr29tWSebvYQyXae.jpg\",\"datePublished\":\"2023-10-03T12:16:41+00:00\",\"dateModified\":\"2026-03-10T13:27:25+00:00\",\"description\":\"Bosch Gen 2 moottorin huoltokorjaus sarja +\",\"breadcrumb\":{\"@id\":\"https:\\\/\\\/ebikespareparts.fi\\\/tuote\\\/bosch-gen-2-moottorin-huoltokorjaus-sarja\\\/#breadcrumb\"},\"inLanguage\":\"en-GB\",\"potentialAction\":[{\"@type\":\"ReadAction\",\"target\":[\"https:\\\/\\\/ebikespareparts.fi\\\/tuote\\\/bosch-gen-2-moottorin-huoltokorjaus-sarja\\\/\"]}]},{\"@type\":\"ImageObject\",\"inLanguage\":\"en-GB\",\"@id\":\"https:\\\/\\\/ebikespareparts.fi\\\/tuote\\\/bosch-gen-2-moottorin-huoltokorjaus-sarja\\\/#primaryimage\",\"url\":\"https:\\\/\\\/ebikespareparts.fi\\\/wp-content\\\/uploads\\\/2025\\\/03\\\/qarP0o7IpmQ3FyxbRcIvVVd4BegGzOERtPDr29tWSebvYQyXae.jpg\",\"contentUrl\":\"https:\\\/\\\/ebikespareparts.fi\\\/wp-content\\\/uploads\\\/2025\\\/03\\\/qarP0o7IpmQ3FyxbRcIvVVd4BegGzOERtPDr29tWSebvYQyXae.jpg\",\"width\":1000,\"height\":750,\"caption\":\"qarP0o7IpmQ3FyxbRcIvVVd4BegGzOERtPDr29tWSebvYQyXae\"},{\"@type\":\"BreadcrumbList\",\"@id\":\"https:\\\/\\\/ebikespareparts.fi\\\/tuote\\\/bosch-gen-2-moottorin-huoltokorjaus-sarja\\\/#breadcrumb\",\"itemListElement\":[{\"@type\":\"ListItem\",\"position\":1,\"name\":\"Etusivu\",\"item\":\"https:\\\/\\\/ebikespareparts.fi\\\/\"},{\"@type\":\"ListItem\",\"position\":2,\"name\":\"Kauppa\",\"item\":\"https:\\\/\\\/ebikespareparts.fi\\\/kauppa\\\/\"},{\"@type\":\"ListItem\",\"position\":3,\"name\":\"PLB00703 Bosch Gen 2 moottorin huoltokorjaus sarja +\"}]},{\"@type\":\"WebSite\",\"@id\":\"https:\\\/\\\/ebikespareparts.fi\\\/#website\",\"url\":\"https:\\\/\\\/ebikespareparts.fi\\\/\",\"name\":\"Ebikespareparts.fi\",\"description\":\"S\u00e4hk\u00f6py\u00f6r\u00e4n osat - E-bike osat - Huolto\",\"publisher\":{\"@id\":\"https:\\\/\\\/ebikespareparts.fi\\\/#organization\"},\"potentialAction\":[{\"@type\":\"SearchAction\",\"target\":{\"@type\":\"EntryPoint\",\"urlTemplate\":\"https:\\\/\\\/ebikespareparts.fi\\\/?s={search_term_string}\"},\"query-input\":{\"@type\":\"PropertyValueSpecification\",\"valueRequired\":true,\"valueName\":\"search_term_string\"}}],\"inLanguage\":\"en-GB\"},{\"@type\":\"Organization\",\"@id\":\"https:\\\/\\\/ebikespareparts.fi\\\/#organization\",\"name\":\"Ebikespareparts.fi\",\"url\":\"https:\\\/\\\/ebikespareparts.fi\\\/\",\"logo\":{\"@type\":\"ImageObject\",\"inLanguage\":\"en-GB\",\"@id\":\"https:\\\/\\\/ebikespareparts.fi\\\/#\\\/schema\\\/logo\\\/image\\\/\",\"url\":\"https:\\\/\\\/ebikespareparts.fi\\\/wp-content\\\/uploads\\\/2024\\\/05\\\/logo-musta-tausta.jpg\",\"contentUrl\":\"https:\\\/\\\/ebikespareparts.fi\\\/wp-content\\\/uploads\\\/2024\\\/05\\\/logo-musta-tausta.jpg\",\"width\":1013,\"height\":950,\"caption\":\"Ebikespareparts.fi\"},\"image\":{\"@id\":\"https:\\\/\\\/ebikespareparts.fi\\\/#\\\/schema\\\/logo\\\/image\\\/\"},\"sameAs\":[\"https:\\\/\\\/www.facebook.com\\\/smhj.fi\"]}]}<\/script>\n<!-- \/ Yoast SEO plugin. -->","yoast_head_json":{"title":"PLB00703 Bosch Gen 2 moottorin huoltokorjaus sarja + - Ebikespareparts.fi","description":"Bosch Gen 2 moottorin huoltokorjaus sarja +","robots":{"index":"index","follow":"follow","max-snippet":"max-snippet:-1","max-image-preview":"max-image-preview:large","max-video-preview":"max-video-preview:-1"},"canonical":"https:\/\/ebikespareparts.fi\/en\/product\/bosch-gen-2-moottorin-huoltokorjaus-sarja\/","og_locale":"en_GB","og_type":"article","og_title":"PLB00703 Bosch Gen 2 moottorin huoltokorjaus sarja + - Ebikespareparts.fi","og_description":"Bosch Gen 2 moottorin huoltokorjaus sarja +","og_url":"https:\/\/ebikespareparts.fi\/en\/product\/bosch-gen-2-moottorin-huoltokorjaus-sarja\/","og_site_name":"Ebikespareparts.fi","article_publisher":"https:\/\/www.facebook.com\/smhj.fi","article_modified_time":"2026-03-10T13:27:25+00:00","og_image":[{"width":1000,"height":750,"url":"https:\/\/ebikespareparts.fi\/wp-content\/uploads\/2025\/03\/qarP0o7IpmQ3FyxbRcIvVVd4BegGzOERtPDr29tWSebvYQyXae.jpg","type":"image\/jpeg"}],"twitter_card":"summary_large_image","twitter_misc":{"Estimated reading time":"2 minutes"},"schema":{"@context":"https:\/\/schema.org","@graph":[{"@type":"WebPage","@id":"https:\/\/ebikespareparts.fi\/tuote\/bosch-gen-2-moottorin-huoltokorjaus-sarja\/","url":"https:\/\/ebikespareparts.fi\/tuote\/bosch-gen-2-moottorin-huoltokorjaus-sarja\/","name":"PLB00703 Bosch Gen 2 moottorin huoltokorjaus sarja + - Ebikespareparts.fi","isPartOf":{"@id":"https:\/\/ebikespareparts.fi\/#website"},"primaryImageOfPage":{"@id":"https:\/\/ebikespareparts.fi\/tuote\/bosch-gen-2-moottorin-huoltokorjaus-sarja\/#primaryimage"},"image":{"@id":"https:\/\/ebikespareparts.fi\/tuote\/bosch-gen-2-moottorin-huoltokorjaus-sarja\/#primaryimage"},"thumbnailUrl":"https:\/\/ebikespareparts.fi\/wp-content\/uploads\/2025\/03\/qarP0o7IpmQ3FyxbRcIvVVd4BegGzOERtPDr29tWSebvYQyXae.jpg","datePublished":"2023-10-03T12:16:41+00:00","dateModified":"2026-03-10T13:27:25+00:00","description":"Bosch Gen 2 moottorin huoltokorjaus sarja +","breadcrumb":{"@id":"https:\/\/ebikespareparts.fi\/tuote\/bosch-gen-2-moottorin-huoltokorjaus-sarja\/#breadcrumb"},"inLanguage":"en-GB","potentialAction":[{"@type":"ReadAction","target":["https:\/\/ebikespareparts.fi\/tuote\/bosch-gen-2-moottorin-huoltokorjaus-sarja\/"]}]},{"@type":"ImageObject","inLanguage":"en-GB","@id":"https:\/\/ebikespareparts.fi\/tuote\/bosch-gen-2-moottorin-huoltokorjaus-sarja\/#primaryimage","url":"https:\/\/ebikespareparts.fi\/wp-content\/uploads\/2025\/03\/qarP0o7IpmQ3FyxbRcIvVVd4BegGzOERtPDr29tWSebvYQyXae.jpg","contentUrl":"https:\/\/ebikespareparts.fi\/wp-content\/uploads\/2025\/03\/qarP0o7IpmQ3FyxbRcIvVVd4BegGzOERtPDr29tWSebvYQyXae.jpg","width":1000,"height":750,"caption":"qarP0o7IpmQ3FyxbRcIvVVd4BegGzOERtPDr29tWSebvYQyXae"},{"@type":"BreadcrumbList","@id":"https:\/\/ebikespareparts.fi\/tuote\/bosch-gen-2-moottorin-huoltokorjaus-sarja\/#breadcrumb","itemListElement":[{"@type":"ListItem","position":1,"name":"Etusivu","item":"https:\/\/ebikespareparts.fi\/"},{"@type":"ListItem","position":2,"name":"Kauppa","item":"https:\/\/ebikespareparts.fi\/kauppa\/"},{"@type":"ListItem","position":3,"name":"PLB00703 Bosch Gen 2 moottorin huoltokorjaus sarja +"}]},{"@type":"WebSite","@id":"https:\/\/ebikespareparts.fi\/#website","url":"https:\/\/ebikespareparts.fi\/","name":"Ebikespareparts.fi","description":"S\u00e4hk\u00f6py\u00f6r\u00e4n osat - E-bike osat - Huolto","publisher":{"@id":"https:\/\/ebikespareparts.fi\/#organization"},"potentialAction":[{"@type":"SearchAction","target":{"@type":"EntryPoint","urlTemplate":"https:\/\/ebikespareparts.fi\/?s={search_term_string}"},"query-input":{"@type":"PropertyValueSpecification","valueRequired":true,"valueName":"search_term_string"}}],"inLanguage":"en-GB"},{"@type":"Organization","@id":"https:\/\/ebikespareparts.fi\/#organization","name":"Ebikespareparts.fi","url":"https:\/\/ebikespareparts.fi\/","logo":{"@type":"ImageObject","inLanguage":"en-GB","@id":"https:\/\/ebikespareparts.fi\/#\/schema\/logo\/image\/","url":"https:\/\/ebikespareparts.fi\/wp-content\/uploads\/2024\/05\/logo-musta-tausta.jpg","contentUrl":"https:\/\/ebikespareparts.fi\/wp-content\/uploads\/2024\/05\/logo-musta-tausta.jpg","width":1013,"height":950,"caption":"Ebikespareparts.fi"},"image":{"@id":"https:\/\/ebikespareparts.fi\/#\/schema\/logo\/image\/"},"sameAs":["https:\/\/www.facebook.com\/smhj.fi"]}]}},"_links":{"self":[{"href":"https:\/\/ebikespareparts.fi\/en\/wp-json\/wp\/v2\/product\/103","targetHints":{"allow":["GET"]}}],"collection":[{"href":"https:\/\/ebikespareparts.fi\/en\/wp-json\/wp\/v2\/product"}],"about":[{"href":"https:\/\/ebikespareparts.fi\/en\/wp-json\/wp\/v2\/types\/product"}],"replies":[{"embeddable":true,"href":"https:\/\/ebikespareparts.fi\/en\/wp-json\/wp\/v2\/comments?post=103"}],"version-history":[{"count":1,"href":"https:\/\/ebikespareparts.fi\/en\/wp-json\/wp\/v2\/product\/103\/revisions"}],"predecessor-version":[{"id":49166,"href":"https:\/\/ebikespareparts.fi\/en\/wp-json\/wp\/v2\/product\/103\/revisions\/49166"}],"wp:featuredmedia":[{"embeddable":true,"href":"https:\/\/ebikespareparts.fi\/en\/wp-json\/wp\/v2\/media\/47414"}],"wp:attachment":[{"href":"https:\/\/ebikespareparts.fi\/en\/wp-json\/wp\/v2\/media?parent=103"}],"wp:term":[{"taxonomy":"product_brand","embeddable":true,"href":"https:\/\/ebikespareparts.fi\/en\/wp-json\/wp\/v2\/product_brand?post=103"},{"taxonomy":"product_cat","embeddable":true,"href":"https:\/\/ebikespareparts.fi\/en\/wp-json\/wp\/v2\/product_cat?post=103"},{"taxonomy":"product_tag","embeddable":true,"href":"https:\/\/ebikespareparts.fi\/en\/wp-json\/wp\/v2\/product_tag?post=103"}],"curies":[{"name":"wp","href":"https:\/\/api.w.org\/{rel}","templated":true}]}}