{"id":276,"date":"2023-10-03T15:17:42","date_gmt":"2023-10-03T12:17:42","guid":{"rendered":"https:\/\/ebikespareparts.fi\/?post_type=product&#038;p=276"},"modified":"2026-03-12T19:05:14","modified_gmt":"2026-03-12T17:05:14","slug":"yamaha-pw-pw-se-muovinen-vetopyora-kokoonpano","status":"publish","type":"product","link":"https:\/\/ebikespareparts.fi\/en\/product\/yamaha-pw-pw-se-muovinen-vetopyora-kokoonpano\/","title":{"rendered":"Yamaha PW, PW-SE Plastic drive wheel assembly 22\u00d761"},"content":{"rendered":"<p><\/p>\r\n\r\n<p>Yamaha PW &amp; PW-SE plastic drive wheel assembly<\/p>\r\n\r\n<p><strong>Plastic bevel tooth thickness 22mm diameter 61,00 mm<\/strong><\/p>\r\n\r\n<p><\/p>\r\n\r\n<p><\/p>\r\n\r\n<div class=\"wp-block-columns is-layout-flex wp-container-core-columns-is-layout-28f84493 wp-block-columns-is-layout-flex\">\r\n<p><\/p>\r\n\r\n<div class=\"wp-block-column is-layout-flow wp-block-column-is-layout-flow\" style=\"flex-basis: 66.66%\">\r\n<p><\/p>\r\n\r\n<p class=\"tw-data-text tw-text-large tw-ta\" data-placeholder=\"K\u00e4\u00e4nn\u00f6s\" dir=\"ltr\" id=\"tw-target-text\"><span class=\"Y2IQFc\" lang=\"fi\">This is a genuine Yamaha part. It is a plastic transmission part,<br \/>\r\nwhich transfers power from the electric motor to a large steel drive gear.<\/span><\/p>\r\n\r\n<p class=\"tw-data-text tw-text-large tw-ta\" data-placeholder=\"K\u00e4\u00e4nn\u00f6s\" dir=\"ltr\" id=\"tw-target-text\"><span class=\"Y2IQFc\" lang=\"fi\">The gearbox has been fitted with a new bottom bracket bearing and clutch bearing.<br \/>\r\nalso comes with small parts.<\/span><\/p>\r\n\r\n<p><\/p>\r\n\r\n<p><\/p>\r\n\r\n<p class=\"tw-data-text tw-text-large tw-ta\" data-placeholder=\"K\u00e4\u00e4nn\u00f6s\" dir=\"ltr\" id=\"tw-target-text\"><span class=\"Y2IQFc\" lang=\"fi\">This traction device assembly is suitable for the following:<\/span><br \/>\r\nYamaha PW Series 1, 2 and 3<br \/>\r\nYamaha PW-SE<\/p>\r\n\r\n<p><\/p>\r\n<\/div>\r\n\r\n<p><\/p>\r\n<\/div>\r\n\r\n<p><\/p>\r\n\r\n<p><\/p>\r\n\r\n<div class=\"wp-block-columns are-vertically-aligned-top is-layout-flex wp-container-core-columns-is-layout-28f84493 wp-block-columns-is-layout-flex\">\r\n<p>&nbsp;<\/p>\r\n\r\n<div class=\"wp-block-column is-vertically-aligned-top is-layout-flow wp-block-column-is-layout-flow\"><\/p>\r\n<\/div>\r\n\r\n<p><\/p>\r\n<\/div>\r\n\r\n<p><\/p>","protected":false},"excerpt":{"rendered":"<p>Yamaha PW &amp; PW-SE muovinen vetopy\u00f6r\u00e4 kokoonpano Muovisen viiston hammastuksen paksuus 22mm halkaisija 61,00 mm T\u00e4m\u00e4 on aito Yamahan osa. Se on muovinen voimansiirron osa, joka siirt\u00e4\u00e4 voiman s\u00e4hk\u00f6moottorista suurelle ter\u00e4ksiselle k\u00e4ytt\u00f6vaihteelle. Vaihteistoon on asennettu uusi alatukilaakeri ja kytkinlaakeri. mukana tulee my\u00f6s pienosat. T\u00e4m\u00e4 vetolaite kokoonpano sopii seuraaviin: Yamaha PW Series 1, 2 and 3 <a href=\"https:\/\/ebikespareparts.fi\/en\/product\/yamaha-pw-pw-se-muovinen-vetopyora-kokoonpano\/\" class=\"more-link\">&#8230;<span class=\"screen-reader-text\">  Yamaha PW, PW-SE Plastic drive wheel assembly 22\u00d761<\/span><\/a><\/p>","protected":false},"featured_media":47490,"comment_status":"closed","ping_status":"closed","template":"","meta":{"_acf_changed":false},"product_brand":[],"product_cat":[54],"product_tag":[],"class_list":{"0":"post-276","1":"product","2":"type-product","3":"status-publish","4":"has-post-thumbnail","6":"product_cat-yamaha-moottori-osat","7":"product_shipping_class-small","9":"first","10":"instock","11":"taxable","12":"shipping-taxable","13":"purchasable","14":"product-type-simple"},"acf":[],"yoast_head":"<!-- This site is optimized with the Yoast SEO plugin v27.5 - https:\/\/yoast.com\/product\/yoast-seo-wordpress\/ -->\n<title>Yamaha PW, PW-SE Muovinen vetopy\u00f6r\u00e4 kokoonpano 22x61 - Ebikespareparts.fi<\/title>\n<meta name=\"robots\" content=\"index, follow, max-snippet:-1, max-image-preview:large, max-video-preview:-1\" \/>\n<link rel=\"canonical\" href=\"https:\/\/ebikespareparts.fi\/en\/product\/yamaha-pw-pw-se-muovinen-vetopyora-kokoonpano\/\" \/>\n<meta property=\"og:locale\" content=\"en_GB\" \/>\n<meta property=\"og:type\" content=\"article\" \/>\n<meta property=\"og:title\" content=\"Yamaha PW, PW-SE Muovinen vetopy\u00f6r\u00e4 kokoonpano 22x61 - Ebikespareparts.fi\" \/>\n<meta property=\"og:description\" content=\"Yamaha PW &amp; PW-SE muovinen vetopy\u00f6r\u00e4 kokoonpano Muovisen viiston hammastuksen paksuus 22mm halkaisija 61,00 mm T\u00e4m\u00e4 on aito Yamahan osa. Se on muovinen voimansiirron osa, joka siirt\u00e4\u00e4 voiman s\u00e4hk\u00f6moottorista suurelle ter\u00e4ksiselle k\u00e4ytt\u00f6vaihteelle. Vaihteistoon on asennettu uusi alatukilaakeri ja kytkinlaakeri. mukana tulee my\u00f6s pienosat. T\u00e4m\u00e4 vetolaite kokoonpano sopii seuraaviin: Yamaha PW Series 1, 2 and 3 ... Yamaha PW, PW-SE Muovinen vetopy\u00f6r\u00e4 kokoonpano 22&#215;61\" \/>\n<meta property=\"og:url\" content=\"https:\/\/ebikespareparts.fi\/en\/product\/yamaha-pw-pw-se-muovinen-vetopyora-kokoonpano\/\" \/>\n<meta property=\"og:site_name\" content=\"Ebikespareparts.fi\" \/>\n<meta property=\"article:publisher\" content=\"https:\/\/www.facebook.com\/smhj.fi\" \/>\n<meta property=\"article:modified_time\" content=\"2026-03-12T17:05:14+00:00\" \/>\n<meta property=\"og:image\" content=\"https:\/\/ebikespareparts.fi\/wp-content\/uploads\/2025\/03\/0JBDk3xDXv4gEesmJkPGPjUKmjuMEwclUQIT24GSfVGTQvrblk.jpg\" \/>\n\t<meta property=\"og:image:width\" content=\"1000\" \/>\n\t<meta property=\"og:image:height\" content=\"666\" \/>\n\t<meta property=\"og:image:type\" content=\"image\/jpeg\" \/>\n<meta name=\"twitter:card\" content=\"summary_large_image\" \/>\n<meta name=\"twitter:label1\" content=\"Estimated reading time\" \/>\n\t<meta name=\"twitter:data1\" content=\"1 minute\" \/>\n<script type=\"application\/ld+json\" class=\"yoast-schema-graph\">{\"@context\":\"https:\\\/\\\/schema.org\",\"@graph\":[{\"@type\":\"WebPage\",\"@id\":\"https:\\\/\\\/ebikespareparts.fi\\\/tuote\\\/yamaha-pw-pw-se-muovinen-vetopyora-kokoonpano\\\/\",\"url\":\"https:\\\/\\\/ebikespareparts.fi\\\/tuote\\\/yamaha-pw-pw-se-muovinen-vetopyora-kokoonpano\\\/\",\"name\":\"Yamaha PW, PW-SE Muovinen vetopy\u00f6r\u00e4 kokoonpano 22x61 - Ebikespareparts.fi\",\"isPartOf\":{\"@id\":\"https:\\\/\\\/ebikespareparts.fi\\\/#website\"},\"primaryImageOfPage\":{\"@id\":\"https:\\\/\\\/ebikespareparts.fi\\\/tuote\\\/yamaha-pw-pw-se-muovinen-vetopyora-kokoonpano\\\/#primaryimage\"},\"image\":{\"@id\":\"https:\\\/\\\/ebikespareparts.fi\\\/tuote\\\/yamaha-pw-pw-se-muovinen-vetopyora-kokoonpano\\\/#primaryimage\"},\"thumbnailUrl\":\"https:\\\/\\\/ebikespareparts.fi\\\/wp-content\\\/uploads\\\/2025\\\/03\\\/0JBDk3xDXv4gEesmJkPGPjUKmjuMEwclUQIT24GSfVGTQvrblk.jpg\",\"datePublished\":\"2023-10-03T12:17:42+00:00\",\"dateModified\":\"2026-03-12T17:05:14+00:00\",\"breadcrumb\":{\"@id\":\"https:\\\/\\\/ebikespareparts.fi\\\/tuote\\\/yamaha-pw-pw-se-muovinen-vetopyora-kokoonpano\\\/#breadcrumb\"},\"inLanguage\":\"en-GB\",\"potentialAction\":[{\"@type\":\"ReadAction\",\"target\":[\"https:\\\/\\\/ebikespareparts.fi\\\/tuote\\\/yamaha-pw-pw-se-muovinen-vetopyora-kokoonpano\\\/\"]}]},{\"@type\":\"ImageObject\",\"inLanguage\":\"en-GB\",\"@id\":\"https:\\\/\\\/ebikespareparts.fi\\\/tuote\\\/yamaha-pw-pw-se-muovinen-vetopyora-kokoonpano\\\/#primaryimage\",\"url\":\"https:\\\/\\\/ebikespareparts.fi\\\/wp-content\\\/uploads\\\/2025\\\/03\\\/0JBDk3xDXv4gEesmJkPGPjUKmjuMEwclUQIT24GSfVGTQvrblk.jpg\",\"contentUrl\":\"https:\\\/\\\/ebikespareparts.fi\\\/wp-content\\\/uploads\\\/2025\\\/03\\\/0JBDk3xDXv4gEesmJkPGPjUKmjuMEwclUQIT24GSfVGTQvrblk.jpg\",\"width\":1000,\"height\":666,\"caption\":\"0JBDk3xDXv4gEesmJkPGPjUKmjuMEwclUQIT24GSfVGTQvrblk\"},{\"@type\":\"BreadcrumbList\",\"@id\":\"https:\\\/\\\/ebikespareparts.fi\\\/tuote\\\/yamaha-pw-pw-se-muovinen-vetopyora-kokoonpano\\\/#breadcrumb\",\"itemListElement\":[{\"@type\":\"ListItem\",\"position\":1,\"name\":\"Etusivu\",\"item\":\"https:\\\/\\\/ebikespareparts.fi\\\/\"},{\"@type\":\"ListItem\",\"position\":2,\"name\":\"Kauppa\",\"item\":\"https:\\\/\\\/ebikespareparts.fi\\\/kauppa\\\/\"},{\"@type\":\"ListItem\",\"position\":3,\"name\":\"Yamaha PW, PW-SE Muovinen vetopy\u00f6r\u00e4 kokoonpano 22&#215;61\"}]},{\"@type\":\"WebSite\",\"@id\":\"https:\\\/\\\/ebikespareparts.fi\\\/#website\",\"url\":\"https:\\\/\\\/ebikespareparts.fi\\\/\",\"name\":\"Ebikespareparts.fi\",\"description\":\"S\u00e4hk\u00f6py\u00f6r\u00e4n osat - E-bike osat - Huolto\",\"publisher\":{\"@id\":\"https:\\\/\\\/ebikespareparts.fi\\\/#organization\"},\"potentialAction\":[{\"@type\":\"SearchAction\",\"target\":{\"@type\":\"EntryPoint\",\"urlTemplate\":\"https:\\\/\\\/ebikespareparts.fi\\\/?s={search_term_string}\"},\"query-input\":{\"@type\":\"PropertyValueSpecification\",\"valueRequired\":true,\"valueName\":\"search_term_string\"}}],\"inLanguage\":\"en-GB\"},{\"@type\":\"Organization\",\"@id\":\"https:\\\/\\\/ebikespareparts.fi\\\/#organization\",\"name\":\"Ebikespareparts.fi\",\"url\":\"https:\\\/\\\/ebikespareparts.fi\\\/\",\"logo\":{\"@type\":\"ImageObject\",\"inLanguage\":\"en-GB\",\"@id\":\"https:\\\/\\\/ebikespareparts.fi\\\/#\\\/schema\\\/logo\\\/image\\\/\",\"url\":\"https:\\\/\\\/ebikespareparts.fi\\\/wp-content\\\/uploads\\\/2024\\\/05\\\/logo-musta-tausta.jpg\",\"contentUrl\":\"https:\\\/\\\/ebikespareparts.fi\\\/wp-content\\\/uploads\\\/2024\\\/05\\\/logo-musta-tausta.jpg\",\"width\":1013,\"height\":950,\"caption\":\"Ebikespareparts.fi\"},\"image\":{\"@id\":\"https:\\\/\\\/ebikespareparts.fi\\\/#\\\/schema\\\/logo\\\/image\\\/\"},\"sameAs\":[\"https:\\\/\\\/www.facebook.com\\\/smhj.fi\"]}]}<\/script>\n<!-- \/ Yoast SEO plugin. -->","yoast_head_json":{"title":"Yamaha PW, PW-SE Muovinen vetopy\u00f6r\u00e4 kokoonpano 22x61 - Ebikespareparts.fi","robots":{"index":"index","follow":"follow","max-snippet":"max-snippet:-1","max-image-preview":"max-image-preview:large","max-video-preview":"max-video-preview:-1"},"canonical":"https:\/\/ebikespareparts.fi\/en\/product\/yamaha-pw-pw-se-muovinen-vetopyora-kokoonpano\/","og_locale":"en_GB","og_type":"article","og_title":"Yamaha PW, PW-SE Muovinen vetopy\u00f6r\u00e4 kokoonpano 22x61 - Ebikespareparts.fi","og_description":"Yamaha PW &amp; PW-SE muovinen vetopy\u00f6r\u00e4 kokoonpano Muovisen viiston hammastuksen paksuus 22mm halkaisija 61,00 mm T\u00e4m\u00e4 on aito Yamahan osa. Se on muovinen voimansiirron osa, joka siirt\u00e4\u00e4 voiman s\u00e4hk\u00f6moottorista suurelle ter\u00e4ksiselle k\u00e4ytt\u00f6vaihteelle. Vaihteistoon on asennettu uusi alatukilaakeri ja kytkinlaakeri. mukana tulee my\u00f6s pienosat. T\u00e4m\u00e4 vetolaite kokoonpano sopii seuraaviin: Yamaha PW Series 1, 2 and 3 ... Yamaha PW, PW-SE Muovinen vetopy\u00f6r\u00e4 kokoonpano 22&#215;61","og_url":"https:\/\/ebikespareparts.fi\/en\/product\/yamaha-pw-pw-se-muovinen-vetopyora-kokoonpano\/","og_site_name":"Ebikespareparts.fi","article_publisher":"https:\/\/www.facebook.com\/smhj.fi","article_modified_time":"2026-03-12T17:05:14+00:00","og_image":[{"width":1000,"height":666,"url":"https:\/\/ebikespareparts.fi\/wp-content\/uploads\/2025\/03\/0JBDk3xDXv4gEesmJkPGPjUKmjuMEwclUQIT24GSfVGTQvrblk.jpg","type":"image\/jpeg"}],"twitter_card":"summary_large_image","twitter_misc":{"Estimated reading time":"1 minute"},"schema":{"@context":"https:\/\/schema.org","@graph":[{"@type":"WebPage","@id":"https:\/\/ebikespareparts.fi\/tuote\/yamaha-pw-pw-se-muovinen-vetopyora-kokoonpano\/","url":"https:\/\/ebikespareparts.fi\/tuote\/yamaha-pw-pw-se-muovinen-vetopyora-kokoonpano\/","name":"Yamaha PW, PW-SE Muovinen vetopy\u00f6r\u00e4 kokoonpano 22x61 - Ebikespareparts.fi","isPartOf":{"@id":"https:\/\/ebikespareparts.fi\/#website"},"primaryImageOfPage":{"@id":"https:\/\/ebikespareparts.fi\/tuote\/yamaha-pw-pw-se-muovinen-vetopyora-kokoonpano\/#primaryimage"},"image":{"@id":"https:\/\/ebikespareparts.fi\/tuote\/yamaha-pw-pw-se-muovinen-vetopyora-kokoonpano\/#primaryimage"},"thumbnailUrl":"https:\/\/ebikespareparts.fi\/wp-content\/uploads\/2025\/03\/0JBDk3xDXv4gEesmJkPGPjUKmjuMEwclUQIT24GSfVGTQvrblk.jpg","datePublished":"2023-10-03T12:17:42+00:00","dateModified":"2026-03-12T17:05:14+00:00","breadcrumb":{"@id":"https:\/\/ebikespareparts.fi\/tuote\/yamaha-pw-pw-se-muovinen-vetopyora-kokoonpano\/#breadcrumb"},"inLanguage":"en-GB","potentialAction":[{"@type":"ReadAction","target":["https:\/\/ebikespareparts.fi\/tuote\/yamaha-pw-pw-se-muovinen-vetopyora-kokoonpano\/"]}]},{"@type":"ImageObject","inLanguage":"en-GB","@id":"https:\/\/ebikespareparts.fi\/tuote\/yamaha-pw-pw-se-muovinen-vetopyora-kokoonpano\/#primaryimage","url":"https:\/\/ebikespareparts.fi\/wp-content\/uploads\/2025\/03\/0JBDk3xDXv4gEesmJkPGPjUKmjuMEwclUQIT24GSfVGTQvrblk.jpg","contentUrl":"https:\/\/ebikespareparts.fi\/wp-content\/uploads\/2025\/03\/0JBDk3xDXv4gEesmJkPGPjUKmjuMEwclUQIT24GSfVGTQvrblk.jpg","width":1000,"height":666,"caption":"0JBDk3xDXv4gEesmJkPGPjUKmjuMEwclUQIT24GSfVGTQvrblk"},{"@type":"BreadcrumbList","@id":"https:\/\/ebikespareparts.fi\/tuote\/yamaha-pw-pw-se-muovinen-vetopyora-kokoonpano\/#breadcrumb","itemListElement":[{"@type":"ListItem","position":1,"name":"Etusivu","item":"https:\/\/ebikespareparts.fi\/"},{"@type":"ListItem","position":2,"name":"Kauppa","item":"https:\/\/ebikespareparts.fi\/kauppa\/"},{"@type":"ListItem","position":3,"name":"Yamaha PW, PW-SE Muovinen vetopy\u00f6r\u00e4 kokoonpano 22&#215;61"}]},{"@type":"WebSite","@id":"https:\/\/ebikespareparts.fi\/#website","url":"https:\/\/ebikespareparts.fi\/","name":"Ebikespareparts.fi","description":"S\u00e4hk\u00f6py\u00f6r\u00e4n osat - E-bike osat - Huolto","publisher":{"@id":"https:\/\/ebikespareparts.fi\/#organization"},"potentialAction":[{"@type":"SearchAction","target":{"@type":"EntryPoint","urlTemplate":"https:\/\/ebikespareparts.fi\/?s={search_term_string}"},"query-input":{"@type":"PropertyValueSpecification","valueRequired":true,"valueName":"search_term_string"}}],"inLanguage":"en-GB"},{"@type":"Organization","@id":"https:\/\/ebikespareparts.fi\/#organization","name":"Ebikespareparts.fi","url":"https:\/\/ebikespareparts.fi\/","logo":{"@type":"ImageObject","inLanguage":"en-GB","@id":"https:\/\/ebikespareparts.fi\/#\/schema\/logo\/image\/","url":"https:\/\/ebikespareparts.fi\/wp-content\/uploads\/2024\/05\/logo-musta-tausta.jpg","contentUrl":"https:\/\/ebikespareparts.fi\/wp-content\/uploads\/2024\/05\/logo-musta-tausta.jpg","width":1013,"height":950,"caption":"Ebikespareparts.fi"},"image":{"@id":"https:\/\/ebikespareparts.fi\/#\/schema\/logo\/image\/"},"sameAs":["https:\/\/www.facebook.com\/smhj.fi"]}]}},"_links":{"self":[{"href":"https:\/\/ebikespareparts.fi\/en\/wp-json\/wp\/v2\/product\/276","targetHints":{"allow":["GET"]}}],"collection":[{"href":"https:\/\/ebikespareparts.fi\/en\/wp-json\/wp\/v2\/product"}],"about":[{"href":"https:\/\/ebikespareparts.fi\/en\/wp-json\/wp\/v2\/types\/product"}],"replies":[{"embeddable":true,"href":"https:\/\/ebikespareparts.fi\/en\/wp-json\/wp\/v2\/comments?post=276"}],"version-history":[{"count":2,"href":"https:\/\/ebikespareparts.fi\/en\/wp-json\/wp\/v2\/product\/276\/revisions"}],"predecessor-version":[{"id":49262,"href":"https:\/\/ebikespareparts.fi\/en\/wp-json\/wp\/v2\/product\/276\/revisions\/49262"}],"wp:featuredmedia":[{"embeddable":true,"href":"https:\/\/ebikespareparts.fi\/en\/wp-json\/wp\/v2\/media\/47490"}],"wp:attachment":[{"href":"https:\/\/ebikespareparts.fi\/en\/wp-json\/wp\/v2\/media?parent=276"}],"wp:term":[{"taxonomy":"product_brand","embeddable":true,"href":"https:\/\/ebikespareparts.fi\/en\/wp-json\/wp\/v2\/product_brand?post=276"},{"taxonomy":"product_cat","embeddable":true,"href":"https:\/\/ebikespareparts.fi\/en\/wp-json\/wp\/v2\/product_cat?post=276"},{"taxonomy":"product_tag","embeddable":true,"href":"https:\/\/ebikespareparts.fi\/en\/wp-json\/wp\/v2\/product_tag?post=276"}],"curies":[{"name":"wp","href":"https:\/\/api.w.org\/{rel}","templated":true}]}}