{"id":279,"date":"2023-10-03T15:17:42","date_gmt":"2023-10-03T12:17:42","guid":{"rendered":"https:\/\/ebikespareparts.fi\/?post_type=product&#038;p=279"},"modified":"2026-03-10T15:27:07","modified_gmt":"2026-03-10T13:27:07","slug":"pla00933-yamaha-36mm-eturattaan-tyokalu","status":"publish","type":"product","link":"https:\/\/ebikespareparts.fi\/en\/product\/pla00933-yamaha-36mm-eturattaan-tyokalu\/","title":{"rendered":"PLA00933 Yamaha 36mm front wheel tool"},"content":{"rendered":"<p><\/p> <h2 class=\"wp-block-heading\">PLA00933 Yamaha 36mm locking tool<\/h2> <p><\/p> <p><\/p> <div class=\"wp-block-columns is-layout-flex wp-container-core-columns-is-layout-28f84493 wp-block-columns-is-layout-flex\"> <p><\/p> <div class=\"wp-block-column is-layout-flow wp-block-column-is-layout-flow\" style=\"flex-basis: 66.66%\"> <p><\/p> <p id=\"tw-target-text\" class=\"tw-data-text tw-text-large tw-ta\" dir=\"ltr\" data-placeholder=\"K\u00e4\u00e4nn\u00f6s\"><span class=\"Y2IQFc\" lang=\"fi\">This tool is specially made to fit a cage and a 36 mm nut <br \/>which holds the front wheel cage in the Yamaha engine.<\/span><\/p> <p>It is a 3\/8\u2033 socket for a ratchet or torque wrench.<\/p> <p><strong>Tool not suitable for Yamaha PW-X, X2 or X3, please check PW-X Tool<\/strong><\/p> <p><\/p> <p><\/p> <p id=\"tw-target-text\" class=\"tw-data-text tw-text-large tw-ta\" dir=\"ltr\" data-placeholder=\"K\u00e4\u00e4nn\u00f6s\"><span class=\"Y2IQFc\" lang=\"fi\"><strong>NOTE: This tool is suitable for the engines listed below.<\/strong><br \/><\/span>Yamaha PW Series 1, 2 and 3<br \/>Yamaha PW-SE<br \/>Yamaha PW-ST<br \/>Yamaha PW-TE<br \/>Yamaha PW-CE<\/p> <p><\/div> <p><\/div> <p><\/p> <p><\/p> <div class=\"wp-block-columns is-layout-flex wp-container-core-columns-is-layout-28f84493 wp-block-columns-is-layout-flex\"><\/p> <div class=\"wp-block-column is-layout-flow wp-block-column-is-layout-flow\" style=\"flex-basis: 100%\"><\/p> <div class=\"wp-block-columns is-layout-flex wp-container-core-columns-is-layout-28f84493 wp-block-columns-is-layout-flex\"><\/p> <div class=\"wp-block-column is-layout-flow wp-block-column-is-layout-flow\"><\/div> <p><\/div> <p><\/div> <p><\/div> <p><\/p> <p><\/p> <div class=\"wp-block-columns are-vertically-aligned-top is-layout-flex wp-container-core-columns-is-layout-28f84493 wp-block-columns-is-layout-flex\"><\/p> <div class=\"wp-block-column is-vertically-aligned-top is-layout-flow wp-block-column-is-layout-flow\"> <\/div> <p><\/div> <p><\/p>","protected":false},"excerpt":{"rendered":"<p>PLA00933 Yamaha 36mm lukitus ty\u00f6kalu T\u00e4m\u00e4 ty\u00f6kalu on erityisesti valmistettu sopimaan h\u00e4kin ja 36 mm mutterin v\u00e4liin, joka pit\u00e4\u00e4 eturattaan h\u00e4kin Yamaha-moottorissa. Se on on 3\/8&#8243; hylsyk\u00e4ytt\u00f6 r\u00e4ikk\u00e4\u00e4 tai momenttiavainta varten. Ty\u00f6kalu ei sovi Yamaha PW-X, X2 tai X3, tarkista: PW-X Tool HUOMAA: T\u00e4m\u00e4 ty\u00f6kalu sopii alla lueteltuihin moottoreihin.Yamaha PW Series 1, 2 and 3Yamaha <a href=\"https:\/\/ebikespareparts.fi\/en\/product\/pla00933-yamaha-36mm-eturattaan-tyokalu\/\" class=\"more-link\">&#8230;<span class=\"screen-reader-text\">  PLA00933 Yamaha 36mm front wheel tool<\/span><\/a><\/p>","protected":false},"featured_media":47302,"comment_status":"closed","ping_status":"closed","template":"","meta":{"_acf_changed":false},"product_brand":[],"product_cat":[39,33,48],"product_tag":[],"class_list":{"0":"post-279","1":"product","2":"type-product","3":"status-publish","4":"has-post-thumbnail","6":"product_cat-tyokalut","7":"product_cat-yamaha-pw-pw-se","8":"product_cat-yamaha-tyokalut","9":"product_shipping_class-small","11":"first","12":"instock","13":"taxable","14":"shipping-taxable","15":"purchasable","16":"product-type-simple"},"acf":[],"yoast_head":"<!-- This site is optimized with the Yoast SEO plugin v27.5 - https:\/\/yoast.com\/product\/yoast-seo-wordpress\/ -->\n<title>PLA00933 Yamaha 36mm eturattaan ty\u00f6kalu - Ebikespareparts.fi<\/title>\n<meta name=\"robots\" content=\"index, follow, max-snippet:-1, max-image-preview:large, max-video-preview:-1\" \/>\n<link rel=\"canonical\" href=\"https:\/\/ebikespareparts.fi\/en\/product\/pla00933-yamaha-36mm-eturattaan-tyokalu\/\" \/>\n<meta property=\"og:locale\" content=\"en_GB\" \/>\n<meta property=\"og:type\" content=\"article\" \/>\n<meta property=\"og:title\" content=\"PLA00933 Yamaha 36mm eturattaan ty\u00f6kalu - Ebikespareparts.fi\" \/>\n<meta property=\"og:description\" content=\"PLA00933 Yamaha 36mm lukitus ty\u00f6kalu T\u00e4m\u00e4 ty\u00f6kalu on erityisesti valmistettu sopimaan h\u00e4kin ja 36 mm mutterin v\u00e4liin, joka pit\u00e4\u00e4 eturattaan h\u00e4kin Yamaha-moottorissa. Se on on 3\/8&#8243; hylsyk\u00e4ytt\u00f6 r\u00e4ikk\u00e4\u00e4 tai momenttiavainta varten. Ty\u00f6kalu ei sovi Yamaha PW-X, X2 tai X3, tarkista: PW-X Tool HUOMAA: T\u00e4m\u00e4 ty\u00f6kalu sopii alla lueteltuihin moottoreihin.Yamaha PW Series 1, 2 and 3Yamaha ... PLA00933 Yamaha 36mm eturattaan ty\u00f6kalu\" \/>\n<meta property=\"og:url\" content=\"https:\/\/ebikespareparts.fi\/en\/product\/pla00933-yamaha-36mm-eturattaan-tyokalu\/\" \/>\n<meta property=\"og:site_name\" content=\"Ebikespareparts.fi\" \/>\n<meta property=\"article:publisher\" content=\"https:\/\/www.facebook.com\/smhj.fi\" \/>\n<meta property=\"article:modified_time\" content=\"2026-03-10T13:27:07+00:00\" \/>\n<meta property=\"og:image\" content=\"https:\/\/ebikespareparts.fi\/wp-content\/uploads\/2025\/03\/k9rgBMRbA8dQJNJuDz6sKrf1F8fhcxfaEC9NBzhhV8lNsQlIiJ.jpg\" \/>\n\t<meta property=\"og:image:width\" content=\"1000\" \/>\n\t<meta property=\"og:image:height\" content=\"666\" \/>\n\t<meta property=\"og:image:type\" content=\"image\/jpeg\" \/>\n<meta name=\"twitter:card\" content=\"summary_large_image\" \/>\n<meta name=\"twitter:label1\" content=\"Estimated reading time\" \/>\n\t<meta name=\"twitter:data1\" content=\"1 minute\" \/>\n<script type=\"application\/ld+json\" class=\"yoast-schema-graph\">{\"@context\":\"https:\\\/\\\/schema.org\",\"@graph\":[{\"@type\":\"WebPage\",\"@id\":\"https:\\\/\\\/ebikespareparts.fi\\\/tuote\\\/pla00933-yamaha-36mm-eturattaan-tyokalu\\\/\",\"url\":\"https:\\\/\\\/ebikespareparts.fi\\\/tuote\\\/pla00933-yamaha-36mm-eturattaan-tyokalu\\\/\",\"name\":\"PLA00933 Yamaha 36mm eturattaan ty\u00f6kalu - Ebikespareparts.fi\",\"isPartOf\":{\"@id\":\"https:\\\/\\\/ebikespareparts.fi\\\/#website\"},\"primaryImageOfPage\":{\"@id\":\"https:\\\/\\\/ebikespareparts.fi\\\/tuote\\\/pla00933-yamaha-36mm-eturattaan-tyokalu\\\/#primaryimage\"},\"image\":{\"@id\":\"https:\\\/\\\/ebikespareparts.fi\\\/tuote\\\/pla00933-yamaha-36mm-eturattaan-tyokalu\\\/#primaryimage\"},\"thumbnailUrl\":\"https:\\\/\\\/ebikespareparts.fi\\\/wp-content\\\/uploads\\\/2025\\\/03\\\/k9rgBMRbA8dQJNJuDz6sKrf1F8fhcxfaEC9NBzhhV8lNsQlIiJ.jpg\",\"datePublished\":\"2023-10-03T12:17:42+00:00\",\"dateModified\":\"2026-03-10T13:27:07+00:00\",\"breadcrumb\":{\"@id\":\"https:\\\/\\\/ebikespareparts.fi\\\/tuote\\\/pla00933-yamaha-36mm-eturattaan-tyokalu\\\/#breadcrumb\"},\"inLanguage\":\"en-GB\",\"potentialAction\":[{\"@type\":\"ReadAction\",\"target\":[\"https:\\\/\\\/ebikespareparts.fi\\\/tuote\\\/pla00933-yamaha-36mm-eturattaan-tyokalu\\\/\"]}]},{\"@type\":\"ImageObject\",\"inLanguage\":\"en-GB\",\"@id\":\"https:\\\/\\\/ebikespareparts.fi\\\/tuote\\\/pla00933-yamaha-36mm-eturattaan-tyokalu\\\/#primaryimage\",\"url\":\"https:\\\/\\\/ebikespareparts.fi\\\/wp-content\\\/uploads\\\/2025\\\/03\\\/k9rgBMRbA8dQJNJuDz6sKrf1F8fhcxfaEC9NBzhhV8lNsQlIiJ.jpg\",\"contentUrl\":\"https:\\\/\\\/ebikespareparts.fi\\\/wp-content\\\/uploads\\\/2025\\\/03\\\/k9rgBMRbA8dQJNJuDz6sKrf1F8fhcxfaEC9NBzhhV8lNsQlIiJ.jpg\",\"width\":1000,\"height\":666,\"caption\":\"k9rgBMRbA8dQJNJuDz6sKrf1F8fhcxfaEC9NBzhhV8lNsQlIiJ\"},{\"@type\":\"BreadcrumbList\",\"@id\":\"https:\\\/\\\/ebikespareparts.fi\\\/tuote\\\/pla00933-yamaha-36mm-eturattaan-tyokalu\\\/#breadcrumb\",\"itemListElement\":[{\"@type\":\"ListItem\",\"position\":1,\"name\":\"Etusivu\",\"item\":\"https:\\\/\\\/ebikespareparts.fi\\\/\"},{\"@type\":\"ListItem\",\"position\":2,\"name\":\"Kauppa\",\"item\":\"https:\\\/\\\/ebikespareparts.fi\\\/kauppa\\\/\"},{\"@type\":\"ListItem\",\"position\":3,\"name\":\"PLA00933 Yamaha 36mm eturattaan ty\u00f6kalu\"}]},{\"@type\":\"WebSite\",\"@id\":\"https:\\\/\\\/ebikespareparts.fi\\\/#website\",\"url\":\"https:\\\/\\\/ebikespareparts.fi\\\/\",\"name\":\"Ebikespareparts.fi\",\"description\":\"S\u00e4hk\u00f6py\u00f6r\u00e4n osat - E-bike osat - Huolto\",\"publisher\":{\"@id\":\"https:\\\/\\\/ebikespareparts.fi\\\/#organization\"},\"potentialAction\":[{\"@type\":\"SearchAction\",\"target\":{\"@type\":\"EntryPoint\",\"urlTemplate\":\"https:\\\/\\\/ebikespareparts.fi\\\/?s={search_term_string}\"},\"query-input\":{\"@type\":\"PropertyValueSpecification\",\"valueRequired\":true,\"valueName\":\"search_term_string\"}}],\"inLanguage\":\"en-GB\"},{\"@type\":\"Organization\",\"@id\":\"https:\\\/\\\/ebikespareparts.fi\\\/#organization\",\"name\":\"Ebikespareparts.fi\",\"url\":\"https:\\\/\\\/ebikespareparts.fi\\\/\",\"logo\":{\"@type\":\"ImageObject\",\"inLanguage\":\"en-GB\",\"@id\":\"https:\\\/\\\/ebikespareparts.fi\\\/#\\\/schema\\\/logo\\\/image\\\/\",\"url\":\"https:\\\/\\\/ebikespareparts.fi\\\/wp-content\\\/uploads\\\/2024\\\/05\\\/logo-musta-tausta.jpg\",\"contentUrl\":\"https:\\\/\\\/ebikespareparts.fi\\\/wp-content\\\/uploads\\\/2024\\\/05\\\/logo-musta-tausta.jpg\",\"width\":1013,\"height\":950,\"caption\":\"Ebikespareparts.fi\"},\"image\":{\"@id\":\"https:\\\/\\\/ebikespareparts.fi\\\/#\\\/schema\\\/logo\\\/image\\\/\"},\"sameAs\":[\"https:\\\/\\\/www.facebook.com\\\/smhj.fi\"]}]}<\/script>\n<!-- \/ Yoast SEO plugin. -->","yoast_head_json":{"title":"PLA00933 Yamaha 36mm eturattaan ty\u00f6kalu - Ebikespareparts.fi","robots":{"index":"index","follow":"follow","max-snippet":"max-snippet:-1","max-image-preview":"max-image-preview:large","max-video-preview":"max-video-preview:-1"},"canonical":"https:\/\/ebikespareparts.fi\/en\/product\/pla00933-yamaha-36mm-eturattaan-tyokalu\/","og_locale":"en_GB","og_type":"article","og_title":"PLA00933 Yamaha 36mm eturattaan ty\u00f6kalu - Ebikespareparts.fi","og_description":"PLA00933 Yamaha 36mm lukitus ty\u00f6kalu T\u00e4m\u00e4 ty\u00f6kalu on erityisesti valmistettu sopimaan h\u00e4kin ja 36 mm mutterin v\u00e4liin, joka pit\u00e4\u00e4 eturattaan h\u00e4kin Yamaha-moottorissa. Se on on 3\/8&#8243; hylsyk\u00e4ytt\u00f6 r\u00e4ikk\u00e4\u00e4 tai momenttiavainta varten. Ty\u00f6kalu ei sovi Yamaha PW-X, X2 tai X3, tarkista: PW-X Tool HUOMAA: T\u00e4m\u00e4 ty\u00f6kalu sopii alla lueteltuihin moottoreihin.Yamaha PW Series 1, 2 and 3Yamaha ... PLA00933 Yamaha 36mm eturattaan ty\u00f6kalu","og_url":"https:\/\/ebikespareparts.fi\/en\/product\/pla00933-yamaha-36mm-eturattaan-tyokalu\/","og_site_name":"Ebikespareparts.fi","article_publisher":"https:\/\/www.facebook.com\/smhj.fi","article_modified_time":"2026-03-10T13:27:07+00:00","og_image":[{"width":1000,"height":666,"url":"https:\/\/ebikespareparts.fi\/wp-content\/uploads\/2025\/03\/k9rgBMRbA8dQJNJuDz6sKrf1F8fhcxfaEC9NBzhhV8lNsQlIiJ.jpg","type":"image\/jpeg"}],"twitter_card":"summary_large_image","twitter_misc":{"Estimated reading time":"1 minute"},"schema":{"@context":"https:\/\/schema.org","@graph":[{"@type":"WebPage","@id":"https:\/\/ebikespareparts.fi\/tuote\/pla00933-yamaha-36mm-eturattaan-tyokalu\/","url":"https:\/\/ebikespareparts.fi\/tuote\/pla00933-yamaha-36mm-eturattaan-tyokalu\/","name":"PLA00933 Yamaha 36mm eturattaan ty\u00f6kalu - Ebikespareparts.fi","isPartOf":{"@id":"https:\/\/ebikespareparts.fi\/#website"},"primaryImageOfPage":{"@id":"https:\/\/ebikespareparts.fi\/tuote\/pla00933-yamaha-36mm-eturattaan-tyokalu\/#primaryimage"},"image":{"@id":"https:\/\/ebikespareparts.fi\/tuote\/pla00933-yamaha-36mm-eturattaan-tyokalu\/#primaryimage"},"thumbnailUrl":"https:\/\/ebikespareparts.fi\/wp-content\/uploads\/2025\/03\/k9rgBMRbA8dQJNJuDz6sKrf1F8fhcxfaEC9NBzhhV8lNsQlIiJ.jpg","datePublished":"2023-10-03T12:17:42+00:00","dateModified":"2026-03-10T13:27:07+00:00","breadcrumb":{"@id":"https:\/\/ebikespareparts.fi\/tuote\/pla00933-yamaha-36mm-eturattaan-tyokalu\/#breadcrumb"},"inLanguage":"en-GB","potentialAction":[{"@type":"ReadAction","target":["https:\/\/ebikespareparts.fi\/tuote\/pla00933-yamaha-36mm-eturattaan-tyokalu\/"]}]},{"@type":"ImageObject","inLanguage":"en-GB","@id":"https:\/\/ebikespareparts.fi\/tuote\/pla00933-yamaha-36mm-eturattaan-tyokalu\/#primaryimage","url":"https:\/\/ebikespareparts.fi\/wp-content\/uploads\/2025\/03\/k9rgBMRbA8dQJNJuDz6sKrf1F8fhcxfaEC9NBzhhV8lNsQlIiJ.jpg","contentUrl":"https:\/\/ebikespareparts.fi\/wp-content\/uploads\/2025\/03\/k9rgBMRbA8dQJNJuDz6sKrf1F8fhcxfaEC9NBzhhV8lNsQlIiJ.jpg","width":1000,"height":666,"caption":"k9rgBMRbA8dQJNJuDz6sKrf1F8fhcxfaEC9NBzhhV8lNsQlIiJ"},{"@type":"BreadcrumbList","@id":"https:\/\/ebikespareparts.fi\/tuote\/pla00933-yamaha-36mm-eturattaan-tyokalu\/#breadcrumb","itemListElement":[{"@type":"ListItem","position":1,"name":"Etusivu","item":"https:\/\/ebikespareparts.fi\/"},{"@type":"ListItem","position":2,"name":"Kauppa","item":"https:\/\/ebikespareparts.fi\/kauppa\/"},{"@type":"ListItem","position":3,"name":"PLA00933 Yamaha 36mm eturattaan ty\u00f6kalu"}]},{"@type":"WebSite","@id":"https:\/\/ebikespareparts.fi\/#website","url":"https:\/\/ebikespareparts.fi\/","name":"Ebikespareparts.fi","description":"S\u00e4hk\u00f6py\u00f6r\u00e4n osat - E-bike osat - Huolto","publisher":{"@id":"https:\/\/ebikespareparts.fi\/#organization"},"potentialAction":[{"@type":"SearchAction","target":{"@type":"EntryPoint","urlTemplate":"https:\/\/ebikespareparts.fi\/?s={search_term_string}"},"query-input":{"@type":"PropertyValueSpecification","valueRequired":true,"valueName":"search_term_string"}}],"inLanguage":"en-GB"},{"@type":"Organization","@id":"https:\/\/ebikespareparts.fi\/#organization","name":"Ebikespareparts.fi","url":"https:\/\/ebikespareparts.fi\/","logo":{"@type":"ImageObject","inLanguage":"en-GB","@id":"https:\/\/ebikespareparts.fi\/#\/schema\/logo\/image\/","url":"https:\/\/ebikespareparts.fi\/wp-content\/uploads\/2024\/05\/logo-musta-tausta.jpg","contentUrl":"https:\/\/ebikespareparts.fi\/wp-content\/uploads\/2024\/05\/logo-musta-tausta.jpg","width":1013,"height":950,"caption":"Ebikespareparts.fi"},"image":{"@id":"https:\/\/ebikespareparts.fi\/#\/schema\/logo\/image\/"},"sameAs":["https:\/\/www.facebook.com\/smhj.fi"]}]}},"_links":{"self":[{"href":"https:\/\/ebikespareparts.fi\/en\/wp-json\/wp\/v2\/product\/279","targetHints":{"allow":["GET"]}}],"collection":[{"href":"https:\/\/ebikespareparts.fi\/en\/wp-json\/wp\/v2\/product"}],"about":[{"href":"https:\/\/ebikespareparts.fi\/en\/wp-json\/wp\/v2\/types\/product"}],"replies":[{"embeddable":true,"href":"https:\/\/ebikespareparts.fi\/en\/wp-json\/wp\/v2\/comments?post=279"}],"version-history":[{"count":1,"href":"https:\/\/ebikespareparts.fi\/en\/wp-json\/wp\/v2\/product\/279\/revisions"}],"predecessor-version":[{"id":49110,"href":"https:\/\/ebikespareparts.fi\/en\/wp-json\/wp\/v2\/product\/279\/revisions\/49110"}],"wp:featuredmedia":[{"embeddable":true,"href":"https:\/\/ebikespareparts.fi\/en\/wp-json\/wp\/v2\/media\/47302"}],"wp:attachment":[{"href":"https:\/\/ebikespareparts.fi\/en\/wp-json\/wp\/v2\/media?parent=279"}],"wp:term":[{"taxonomy":"product_brand","embeddable":true,"href":"https:\/\/ebikespareparts.fi\/en\/wp-json\/wp\/v2\/product_brand?post=279"},{"taxonomy":"product_cat","embeddable":true,"href":"https:\/\/ebikespareparts.fi\/en\/wp-json\/wp\/v2\/product_cat?post=279"},{"taxonomy":"product_tag","embeddable":true,"href":"https:\/\/ebikespareparts.fi\/en\/wp-json\/wp\/v2\/product_tag?post=279"}],"curies":[{"name":"wp","href":"https:\/\/api.w.org\/{rel}","templated":true}]}}