{"id":281,"date":"2023-10-03T15:17:42","date_gmt":"2023-10-03T12:17:42","guid":{"rendered":"https:\/\/ebikespareparts.fi\/?post_type=product&#038;p=281"},"modified":"2026-03-10T15:27:24","modified_gmt":"2026-03-10T13:27:24","slug":"bosch-moottorin-paalaakerin-asennus-tyokalu","status":"publish","type":"product","link":"https:\/\/ebikespareparts.fi\/en\/product\/bosch-moottorin-paalaakerin-asennus-tyokalu\/","title":{"rendered":"PLA00924B Bosch engine main bearing installation tool"},"content":{"rendered":"<p><\/p>\r\n\r\n<p>Bosch GEN 2 engine main bearing installation tool<\/p>\r\n\r\n<p><span style=\"font-size: var(--wp--preset--font-size--small);font-family: var(--wp--preset--font-family--inter)\">This tool ensures that the motor bearing is installed without damage. The main bearing fitted to a Bosch Gen 2 motor is a large bearing with very small ball bearings. These ball bearings can be damaged very easily when the bearing is installed. The main motor bearing tool can be used to mount the bearing to the motor cover and then support the bearing while pressing the gear bracket\/head onto the bearing.<\/span><\/p>\r\n\r\n<p><\/p>\r\n\r\n<p><\/p>\r\n\r\n<div class=\"wp-block-columns is-layout-flex wp-container-core-columns-is-layout-28f84493 wp-block-columns-is-layout-flex\">\r\n<p>&nbsp;<\/p>\r\n\r\n<div class=\"wp-block-column is-layout-flow wp-block-column-is-layout-flow\" style=\"flex-basis: 100%\">\r\n<p>&nbsp;<\/p>\r\n\r\n<div class=\"wp-block-columns is-layout-flex wp-container-core-columns-is-layout-28f84493 wp-block-columns-is-layout-flex\">\r\n<p>&nbsp;<\/p>\r\n\r\n<div class=\"wp-block-column is-layout-flow wp-block-column-is-layout-flow\"><\/p>\r\n<\/div>\r\n\r\n<p><\/p>\r\n<\/div>\r\n\r\n<p><\/p>\r\n<\/div>\r\n\r\n<p><\/p>\r\n<\/div>\r\n\r\n<p><\/p>","protected":false},"excerpt":{"rendered":"<p>Bosch GEN 2 moottorin p\u00e4\u00e4laakerin asennus ty\u00f6kalu T\u00e4m\u00e4 ty\u00f6kalu varmistaa, ett\u00e4 moottorin laakerin asennus tapahtuu ilman vaurioita. Bosch Gen 2 -moottoriin asennettu p\u00e4\u00e4laakeri on suuri laakeri, jossa on eritt\u00e4in pienet kuulalaakerit. N\u00e4m\u00e4 kuulalaakerit voivat vaurioitua eritt\u00e4in helposti, kun laakeria asennetaan. P\u00e4\u00e4moottorin laakerity\u00f6kalulla voidaan asentaa laakeri moottorin kanteen ja sitten tukea laakeria samalla, kun hammaspy\u00f6r\u00e4n kannatin\/p\u00e4\u00e4osa <a href=\"https:\/\/ebikespareparts.fi\/en\/product\/bosch-moottorin-paalaakerin-asennus-tyokalu\/\" class=\"more-link\">&#8230;<span class=\"screen-reader-text\">  PLA00924B Bosch engine main bearing installation tool<\/span><\/a><\/p>","protected":false},"featured_media":47483,"comment_status":"closed","ping_status":"closed","template":"","meta":{"_acf_changed":false},"product_brand":[],"product_cat":[18,46,39],"product_tag":[],"class_list":{"0":"post-281","1":"product","2":"type-product","3":"status-publish","4":"has-post-thumbnail","6":"product_cat-bosch-gen-2","7":"product_cat-bosch-tyokalut","8":"product_cat-tyokalut","9":"product_shipping_class-small","11":"first","12":"outofstock","13":"taxable","14":"shipping-taxable","15":"purchasable","16":"product-type-simple"},"acf":[],"yoast_head":"<!-- This site is optimized with the Yoast SEO plugin v27.5 - https:\/\/yoast.com\/product\/yoast-seo-wordpress\/ -->\n<title>PLA00924B Bosch moottorin p\u00e4\u00e4laakerin asennus ty\u00f6kalu - Ebikespareparts.fi<\/title>\n<meta name=\"robots\" content=\"index, follow, max-snippet:-1, max-image-preview:large, max-video-preview:-1\" \/>\n<link rel=\"canonical\" href=\"https:\/\/ebikespareparts.fi\/en\/product\/bosch-moottorin-paalaakerin-asennus-tyokalu\/\" \/>\n<meta property=\"og:locale\" content=\"en_GB\" \/>\n<meta property=\"og:type\" content=\"article\" \/>\n<meta property=\"og:title\" content=\"PLA00924B Bosch moottorin p\u00e4\u00e4laakerin asennus ty\u00f6kalu - Ebikespareparts.fi\" \/>\n<meta property=\"og:description\" content=\"Bosch GEN 2 moottorin p\u00e4\u00e4laakerin asennus ty\u00f6kalu T\u00e4m\u00e4 ty\u00f6kalu varmistaa, ett\u00e4 moottorin laakerin asennus tapahtuu ilman vaurioita. Bosch Gen 2 -moottoriin asennettu p\u00e4\u00e4laakeri on suuri laakeri, jossa on eritt\u00e4in pienet kuulalaakerit. N\u00e4m\u00e4 kuulalaakerit voivat vaurioitua eritt\u00e4in helposti, kun laakeria asennetaan. P\u00e4\u00e4moottorin laakerity\u00f6kalulla voidaan asentaa laakeri moottorin kanteen ja sitten tukea laakeria samalla, kun hammaspy\u00f6r\u00e4n kannatin\/p\u00e4\u00e4osa ... PLA00924B Bosch moottorin p\u00e4\u00e4laakerin asennus ty\u00f6kalu\" \/>\n<meta property=\"og:url\" content=\"https:\/\/ebikespareparts.fi\/en\/product\/bosch-moottorin-paalaakerin-asennus-tyokalu\/\" \/>\n<meta property=\"og:site_name\" content=\"Ebikespareparts.fi\" \/>\n<meta property=\"article:publisher\" content=\"https:\/\/www.facebook.com\/smhj.fi\" \/>\n<meta property=\"article:modified_time\" content=\"2026-03-10T13:27:24+00:00\" \/>\n<meta property=\"og:image\" content=\"https:\/\/ebikespareparts.fi\/wp-content\/uploads\/2025\/03\/x8rKgUvmjSVVIyk6slLgC3IB4SNbgpyQZWLO5iLEXjTbzSvMhi.jpg\" \/>\n\t<meta property=\"og:image:width\" content=\"1000\" \/>\n\t<meta property=\"og:image:height\" content=\"666\" \/>\n\t<meta property=\"og:image:type\" content=\"image\/jpeg\" \/>\n<meta name=\"twitter:card\" content=\"summary_large_image\" \/>\n<meta name=\"twitter:label1\" content=\"Estimated reading time\" \/>\n\t<meta name=\"twitter:data1\" content=\"1 minute\" \/>\n<script type=\"application\/ld+json\" class=\"yoast-schema-graph\">{\"@context\":\"https:\\\/\\\/schema.org\",\"@graph\":[{\"@type\":\"WebPage\",\"@id\":\"https:\\\/\\\/ebikespareparts.fi\\\/tuote\\\/bosch-moottorin-paalaakerin-asennus-tyokalu\\\/\",\"url\":\"https:\\\/\\\/ebikespareparts.fi\\\/tuote\\\/bosch-moottorin-paalaakerin-asennus-tyokalu\\\/\",\"name\":\"PLA00924B Bosch moottorin p\u00e4\u00e4laakerin asennus ty\u00f6kalu - Ebikespareparts.fi\",\"isPartOf\":{\"@id\":\"https:\\\/\\\/ebikespareparts.fi\\\/#website\"},\"primaryImageOfPage\":{\"@id\":\"https:\\\/\\\/ebikespareparts.fi\\\/tuote\\\/bosch-moottorin-paalaakerin-asennus-tyokalu\\\/#primaryimage\"},\"image\":{\"@id\":\"https:\\\/\\\/ebikespareparts.fi\\\/tuote\\\/bosch-moottorin-paalaakerin-asennus-tyokalu\\\/#primaryimage\"},\"thumbnailUrl\":\"https:\\\/\\\/ebikespareparts.fi\\\/wp-content\\\/uploads\\\/2025\\\/03\\\/x8rKgUvmjSVVIyk6slLgC3IB4SNbgpyQZWLO5iLEXjTbzSvMhi.jpg\",\"datePublished\":\"2023-10-03T12:17:42+00:00\",\"dateModified\":\"2026-03-10T13:27:24+00:00\",\"breadcrumb\":{\"@id\":\"https:\\\/\\\/ebikespareparts.fi\\\/tuote\\\/bosch-moottorin-paalaakerin-asennus-tyokalu\\\/#breadcrumb\"},\"inLanguage\":\"en-GB\",\"potentialAction\":[{\"@type\":\"ReadAction\",\"target\":[\"https:\\\/\\\/ebikespareparts.fi\\\/tuote\\\/bosch-moottorin-paalaakerin-asennus-tyokalu\\\/\"]}]},{\"@type\":\"ImageObject\",\"inLanguage\":\"en-GB\",\"@id\":\"https:\\\/\\\/ebikespareparts.fi\\\/tuote\\\/bosch-moottorin-paalaakerin-asennus-tyokalu\\\/#primaryimage\",\"url\":\"https:\\\/\\\/ebikespareparts.fi\\\/wp-content\\\/uploads\\\/2025\\\/03\\\/x8rKgUvmjSVVIyk6slLgC3IB4SNbgpyQZWLO5iLEXjTbzSvMhi.jpg\",\"contentUrl\":\"https:\\\/\\\/ebikespareparts.fi\\\/wp-content\\\/uploads\\\/2025\\\/03\\\/x8rKgUvmjSVVIyk6slLgC3IB4SNbgpyQZWLO5iLEXjTbzSvMhi.jpg\",\"width\":1000,\"height\":666,\"caption\":\"x8rKgUvmjSVVIyk6slLgC3IB4SNbgpyQZWLO5iLEXjTbzSvMhi\"},{\"@type\":\"BreadcrumbList\",\"@id\":\"https:\\\/\\\/ebikespareparts.fi\\\/tuote\\\/bosch-moottorin-paalaakerin-asennus-tyokalu\\\/#breadcrumb\",\"itemListElement\":[{\"@type\":\"ListItem\",\"position\":1,\"name\":\"Etusivu\",\"item\":\"https:\\\/\\\/ebikespareparts.fi\\\/\"},{\"@type\":\"ListItem\",\"position\":2,\"name\":\"Kauppa\",\"item\":\"https:\\\/\\\/ebikespareparts.fi\\\/kauppa\\\/\"},{\"@type\":\"ListItem\",\"position\":3,\"name\":\"PLA00924B Bosch moottorin p\u00e4\u00e4laakerin asennus ty\u00f6kalu\"}]},{\"@type\":\"WebSite\",\"@id\":\"https:\\\/\\\/ebikespareparts.fi\\\/#website\",\"url\":\"https:\\\/\\\/ebikespareparts.fi\\\/\",\"name\":\"Ebikespareparts.fi\",\"description\":\"S\u00e4hk\u00f6py\u00f6r\u00e4n osat - E-bike osat - Huolto\",\"publisher\":{\"@id\":\"https:\\\/\\\/ebikespareparts.fi\\\/#organization\"},\"potentialAction\":[{\"@type\":\"SearchAction\",\"target\":{\"@type\":\"EntryPoint\",\"urlTemplate\":\"https:\\\/\\\/ebikespareparts.fi\\\/?s={search_term_string}\"},\"query-input\":{\"@type\":\"PropertyValueSpecification\",\"valueRequired\":true,\"valueName\":\"search_term_string\"}}],\"inLanguage\":\"en-GB\"},{\"@type\":\"Organization\",\"@id\":\"https:\\\/\\\/ebikespareparts.fi\\\/#organization\",\"name\":\"Ebikespareparts.fi\",\"url\":\"https:\\\/\\\/ebikespareparts.fi\\\/\",\"logo\":{\"@type\":\"ImageObject\",\"inLanguage\":\"en-GB\",\"@id\":\"https:\\\/\\\/ebikespareparts.fi\\\/#\\\/schema\\\/logo\\\/image\\\/\",\"url\":\"https:\\\/\\\/ebikespareparts.fi\\\/wp-content\\\/uploads\\\/2024\\\/05\\\/logo-musta-tausta.jpg\",\"contentUrl\":\"https:\\\/\\\/ebikespareparts.fi\\\/wp-content\\\/uploads\\\/2024\\\/05\\\/logo-musta-tausta.jpg\",\"width\":1013,\"height\":950,\"caption\":\"Ebikespareparts.fi\"},\"image\":{\"@id\":\"https:\\\/\\\/ebikespareparts.fi\\\/#\\\/schema\\\/logo\\\/image\\\/\"},\"sameAs\":[\"https:\\\/\\\/www.facebook.com\\\/smhj.fi\"]}]}<\/script>\n<!-- \/ Yoast SEO plugin. -->","yoast_head_json":{"title":"PLA00924B Bosch moottorin p\u00e4\u00e4laakerin asennus ty\u00f6kalu - Ebikespareparts.fi","robots":{"index":"index","follow":"follow","max-snippet":"max-snippet:-1","max-image-preview":"max-image-preview:large","max-video-preview":"max-video-preview:-1"},"canonical":"https:\/\/ebikespareparts.fi\/en\/product\/bosch-moottorin-paalaakerin-asennus-tyokalu\/","og_locale":"en_GB","og_type":"article","og_title":"PLA00924B Bosch moottorin p\u00e4\u00e4laakerin asennus ty\u00f6kalu - Ebikespareparts.fi","og_description":"Bosch GEN 2 moottorin p\u00e4\u00e4laakerin asennus ty\u00f6kalu T\u00e4m\u00e4 ty\u00f6kalu varmistaa, ett\u00e4 moottorin laakerin asennus tapahtuu ilman vaurioita. Bosch Gen 2 -moottoriin asennettu p\u00e4\u00e4laakeri on suuri laakeri, jossa on eritt\u00e4in pienet kuulalaakerit. N\u00e4m\u00e4 kuulalaakerit voivat vaurioitua eritt\u00e4in helposti, kun laakeria asennetaan. P\u00e4\u00e4moottorin laakerity\u00f6kalulla voidaan asentaa laakeri moottorin kanteen ja sitten tukea laakeria samalla, kun hammaspy\u00f6r\u00e4n kannatin\/p\u00e4\u00e4osa ... PLA00924B Bosch moottorin p\u00e4\u00e4laakerin asennus ty\u00f6kalu","og_url":"https:\/\/ebikespareparts.fi\/en\/product\/bosch-moottorin-paalaakerin-asennus-tyokalu\/","og_site_name":"Ebikespareparts.fi","article_publisher":"https:\/\/www.facebook.com\/smhj.fi","article_modified_time":"2026-03-10T13:27:24+00:00","og_image":[{"width":1000,"height":666,"url":"https:\/\/ebikespareparts.fi\/wp-content\/uploads\/2025\/03\/x8rKgUvmjSVVIyk6slLgC3IB4SNbgpyQZWLO5iLEXjTbzSvMhi.jpg","type":"image\/jpeg"}],"twitter_card":"summary_large_image","twitter_misc":{"Estimated reading time":"1 minute"},"schema":{"@context":"https:\/\/schema.org","@graph":[{"@type":"WebPage","@id":"https:\/\/ebikespareparts.fi\/tuote\/bosch-moottorin-paalaakerin-asennus-tyokalu\/","url":"https:\/\/ebikespareparts.fi\/tuote\/bosch-moottorin-paalaakerin-asennus-tyokalu\/","name":"PLA00924B Bosch moottorin p\u00e4\u00e4laakerin asennus ty\u00f6kalu - Ebikespareparts.fi","isPartOf":{"@id":"https:\/\/ebikespareparts.fi\/#website"},"primaryImageOfPage":{"@id":"https:\/\/ebikespareparts.fi\/tuote\/bosch-moottorin-paalaakerin-asennus-tyokalu\/#primaryimage"},"image":{"@id":"https:\/\/ebikespareparts.fi\/tuote\/bosch-moottorin-paalaakerin-asennus-tyokalu\/#primaryimage"},"thumbnailUrl":"https:\/\/ebikespareparts.fi\/wp-content\/uploads\/2025\/03\/x8rKgUvmjSVVIyk6slLgC3IB4SNbgpyQZWLO5iLEXjTbzSvMhi.jpg","datePublished":"2023-10-03T12:17:42+00:00","dateModified":"2026-03-10T13:27:24+00:00","breadcrumb":{"@id":"https:\/\/ebikespareparts.fi\/tuote\/bosch-moottorin-paalaakerin-asennus-tyokalu\/#breadcrumb"},"inLanguage":"en-GB","potentialAction":[{"@type":"ReadAction","target":["https:\/\/ebikespareparts.fi\/tuote\/bosch-moottorin-paalaakerin-asennus-tyokalu\/"]}]},{"@type":"ImageObject","inLanguage":"en-GB","@id":"https:\/\/ebikespareparts.fi\/tuote\/bosch-moottorin-paalaakerin-asennus-tyokalu\/#primaryimage","url":"https:\/\/ebikespareparts.fi\/wp-content\/uploads\/2025\/03\/x8rKgUvmjSVVIyk6slLgC3IB4SNbgpyQZWLO5iLEXjTbzSvMhi.jpg","contentUrl":"https:\/\/ebikespareparts.fi\/wp-content\/uploads\/2025\/03\/x8rKgUvmjSVVIyk6slLgC3IB4SNbgpyQZWLO5iLEXjTbzSvMhi.jpg","width":1000,"height":666,"caption":"x8rKgUvmjSVVIyk6slLgC3IB4SNbgpyQZWLO5iLEXjTbzSvMhi"},{"@type":"BreadcrumbList","@id":"https:\/\/ebikespareparts.fi\/tuote\/bosch-moottorin-paalaakerin-asennus-tyokalu\/#breadcrumb","itemListElement":[{"@type":"ListItem","position":1,"name":"Etusivu","item":"https:\/\/ebikespareparts.fi\/"},{"@type":"ListItem","position":2,"name":"Kauppa","item":"https:\/\/ebikespareparts.fi\/kauppa\/"},{"@type":"ListItem","position":3,"name":"PLA00924B Bosch moottorin p\u00e4\u00e4laakerin asennus ty\u00f6kalu"}]},{"@type":"WebSite","@id":"https:\/\/ebikespareparts.fi\/#website","url":"https:\/\/ebikespareparts.fi\/","name":"Ebikespareparts.fi","description":"S\u00e4hk\u00f6py\u00f6r\u00e4n osat - E-bike osat - Huolto","publisher":{"@id":"https:\/\/ebikespareparts.fi\/#organization"},"potentialAction":[{"@type":"SearchAction","target":{"@type":"EntryPoint","urlTemplate":"https:\/\/ebikespareparts.fi\/?s={search_term_string}"},"query-input":{"@type":"PropertyValueSpecification","valueRequired":true,"valueName":"search_term_string"}}],"inLanguage":"en-GB"},{"@type":"Organization","@id":"https:\/\/ebikespareparts.fi\/#organization","name":"Ebikespareparts.fi","url":"https:\/\/ebikespareparts.fi\/","logo":{"@type":"ImageObject","inLanguage":"en-GB","@id":"https:\/\/ebikespareparts.fi\/#\/schema\/logo\/image\/","url":"https:\/\/ebikespareparts.fi\/wp-content\/uploads\/2024\/05\/logo-musta-tausta.jpg","contentUrl":"https:\/\/ebikespareparts.fi\/wp-content\/uploads\/2024\/05\/logo-musta-tausta.jpg","width":1013,"height":950,"caption":"Ebikespareparts.fi"},"image":{"@id":"https:\/\/ebikespareparts.fi\/#\/schema\/logo\/image\/"},"sameAs":["https:\/\/www.facebook.com\/smhj.fi"]}]}},"_links":{"self":[{"href":"https:\/\/ebikespareparts.fi\/en\/wp-json\/wp\/v2\/product\/281","targetHints":{"allow":["GET"]}}],"collection":[{"href":"https:\/\/ebikespareparts.fi\/en\/wp-json\/wp\/v2\/product"}],"about":[{"href":"https:\/\/ebikespareparts.fi\/en\/wp-json\/wp\/v2\/types\/product"}],"replies":[{"embeddable":true,"href":"https:\/\/ebikespareparts.fi\/en\/wp-json\/wp\/v2\/comments?post=281"}],"version-history":[{"count":1,"href":"https:\/\/ebikespareparts.fi\/en\/wp-json\/wp\/v2\/product\/281\/revisions"}],"predecessor-version":[{"id":49157,"href":"https:\/\/ebikespareparts.fi\/en\/wp-json\/wp\/v2\/product\/281\/revisions\/49157"}],"wp:featuredmedia":[{"embeddable":true,"href":"https:\/\/ebikespareparts.fi\/en\/wp-json\/wp\/v2\/media\/47483"}],"wp:attachment":[{"href":"https:\/\/ebikespareparts.fi\/en\/wp-json\/wp\/v2\/media?parent=281"}],"wp:term":[{"taxonomy":"product_brand","embeddable":true,"href":"https:\/\/ebikespareparts.fi\/en\/wp-json\/wp\/v2\/product_brand?post=281"},{"taxonomy":"product_cat","embeddable":true,"href":"https:\/\/ebikespareparts.fi\/en\/wp-json\/wp\/v2\/product_cat?post=281"},{"taxonomy":"product_tag","embeddable":true,"href":"https:\/\/ebikespareparts.fi\/en\/wp-json\/wp\/v2\/product_tag?post=281"}],"curies":[{"name":"wp","href":"https:\/\/api.w.org\/{rel}","templated":true}]}}