{"id":341,"date":"2023-10-03T15:17:59","date_gmt":"2023-10-03T12:17:59","guid":{"rendered":"https:\/\/ebikespareparts.fi\/?post_type=product&#038;p=341"},"modified":"2026-03-11T02:00:47","modified_gmt":"2026-03-11T00:00:47","slug":"hakin-irroitus-tyokalu-kaikille-brose-moottoreille-osa-no-pla00938","status":"publish","type":"product","link":"https:\/\/ebikespareparts.fi\/en\/product\/hakin-irroitus-tyokalu-kaikille-brose-moottoreille-osa-no-pla00938\/","title":{"rendered":"PLA00938 Cage removal tool for all Brose motors."},"content":{"rendered":"<p>To safely remove the front sprocket chain guide from the Brose engine:<br \/> Removing the sprocket cage by simply pulling on the cage and pushing against the end of the sprocket shaft can damage internal parts such as<br \/> bearings and motion sensor. It can also lift the belt's drive bearing out of position, causing damage to the belt. To install the chain guide , tighten with a torque wrench to 50 Nm.<\/p>","protected":false},"excerpt":{"rendered":"<p>Irrottaaksesi eturattaan ketjuh\u00e4kin turvallisesti Brose-moottorista: Ketjurattaan h\u00e4kin irrottaminen vet\u00e4m\u00e4ll\u00e4 vain h\u00e4kist\u00e4 ja painamalla kammen akselin p\u00e4\u00e4t\u00e4 vasten voi vahingoittaa sis\u00e4osia kuten laakereita ja liiketunnistinta. Se voi my\u00f6s nostaa hihnan vetolaakerin pois oikeasta asennosta aiheuttaen hihnan vaurioitumisen. Ketjuh\u00e4kin asennus , kirist\u00e4 momenttiavaimella 50 Nm.<\/p>","protected":false},"featured_media":47459,"comment_status":"open","ping_status":"closed","template":"","meta":{"_acf_changed":false},"product_brand":[],"product_cat":[47,39],"product_tag":[],"class_list":{"0":"post-341","1":"product","2":"type-product","3":"status-publish","4":"has-post-thumbnail","6":"product_cat-brose-tyokalut","7":"product_cat-tyokalut","9":"first","10":"instock","11":"taxable","12":"shipping-taxable","13":"purchasable","14":"product-type-simple"},"acf":[],"yoast_head":"<!-- This site is optimized with the Yoast SEO plugin v27.5 - https:\/\/yoast.com\/product\/yoast-seo-wordpress\/ -->\n<title>PLA00938 H\u00e4kin irroitus ty\u00f6kalu kaikille Brose-moottoreille. - Ebikespareparts.fi<\/title>\n<meta name=\"robots\" content=\"index, follow, max-snippet:-1, max-image-preview:large, max-video-preview:-1\" \/>\n<link rel=\"canonical\" href=\"https:\/\/ebikespareparts.fi\/en\/product\/hakin-irroitus-tyokalu-kaikille-brose-moottoreille-osa-no-pla00938\/\" \/>\n<meta property=\"og:locale\" content=\"en_GB\" \/>\n<meta property=\"og:type\" content=\"article\" \/>\n<meta property=\"og:title\" content=\"PLA00938 H\u00e4kin irroitus ty\u00f6kalu kaikille Brose-moottoreille. - Ebikespareparts.fi\" \/>\n<meta property=\"og:description\" content=\"Irrottaaksesi eturattaan ketjuh\u00e4kin turvallisesti Brose-moottorista: Ketjurattaan h\u00e4kin irrottaminen vet\u00e4m\u00e4ll\u00e4 vain h\u00e4kist\u00e4 ja painamalla kammen akselin p\u00e4\u00e4t\u00e4 vasten voi vahingoittaa sis\u00e4osia kuten laakereita ja liiketunnistinta. Se voi my\u00f6s nostaa hihnan vetolaakerin pois oikeasta asennosta aiheuttaen hihnan vaurioitumisen. Ketjuh\u00e4kin asennus , kirist\u00e4 momenttiavaimella 50 Nm.\" \/>\n<meta property=\"og:url\" content=\"https:\/\/ebikespareparts.fi\/en\/product\/hakin-irroitus-tyokalu-kaikille-brose-moottoreille-osa-no-pla00938\/\" \/>\n<meta property=\"og:site_name\" content=\"Ebikespareparts.fi\" \/>\n<meta property=\"article:publisher\" content=\"https:\/\/www.facebook.com\/smhj.fi\" \/>\n<meta property=\"article:modified_time\" content=\"2026-03-11T00:00:47+00:00\" \/>\n<meta property=\"og:image\" content=\"https:\/\/ebikespareparts.fi\/wp-content\/uploads\/2023\/10\/IMG_0596-2.jpg\" \/>\n\t<meta property=\"og:image:width\" content=\"1024\" \/>\n\t<meta property=\"og:image:height\" content=\"682\" \/>\n\t<meta property=\"og:image:type\" content=\"image\/jpeg\" \/>\n<meta name=\"twitter:card\" content=\"summary_large_image\" \/>\n<meta name=\"twitter:label1\" content=\"Estimated reading time\" \/>\n\t<meta name=\"twitter:data1\" content=\"1 minute\" \/>\n<script type=\"application\/ld+json\" class=\"yoast-schema-graph\">{\"@context\":\"https:\\\/\\\/schema.org\",\"@graph\":[{\"@type\":\"WebPage\",\"@id\":\"https:\\\/\\\/ebikespareparts.fi\\\/tuote\\\/hakin-irroitus-tyokalu-kaikille-brose-moottoreille-osa-no-pla00938\\\/\",\"url\":\"https:\\\/\\\/ebikespareparts.fi\\\/tuote\\\/hakin-irroitus-tyokalu-kaikille-brose-moottoreille-osa-no-pla00938\\\/\",\"name\":\"PLA00938 H\u00e4kin irroitus ty\u00f6kalu kaikille Brose-moottoreille. - Ebikespareparts.fi\",\"isPartOf\":{\"@id\":\"https:\\\/\\\/ebikespareparts.fi\\\/#website\"},\"primaryImageOfPage\":{\"@id\":\"https:\\\/\\\/ebikespareparts.fi\\\/tuote\\\/hakin-irroitus-tyokalu-kaikille-brose-moottoreille-osa-no-pla00938\\\/#primaryimage\"},\"image\":{\"@id\":\"https:\\\/\\\/ebikespareparts.fi\\\/tuote\\\/hakin-irroitus-tyokalu-kaikille-brose-moottoreille-osa-no-pla00938\\\/#primaryimage\"},\"thumbnailUrl\":\"https:\\\/\\\/ebikespareparts.fi\\\/wp-content\\\/uploads\\\/2025\\\/03\\\/zDOzeJFzwPQh1dF17sPQc83eOmqwBSNyWmEYQlkDJmgxrnz4QC.jpg\",\"datePublished\":\"2023-10-03T12:17:59+00:00\",\"dateModified\":\"2026-03-11T00:00:47+00:00\",\"breadcrumb\":{\"@id\":\"https:\\\/\\\/ebikespareparts.fi\\\/tuote\\\/hakin-irroitus-tyokalu-kaikille-brose-moottoreille-osa-no-pla00938\\\/#breadcrumb\"},\"inLanguage\":\"en-GB\",\"potentialAction\":[{\"@type\":\"ReadAction\",\"target\":[\"https:\\\/\\\/ebikespareparts.fi\\\/tuote\\\/hakin-irroitus-tyokalu-kaikille-brose-moottoreille-osa-no-pla00938\\\/\"]}]},{\"@type\":\"ImageObject\",\"inLanguage\":\"en-GB\",\"@id\":\"https:\\\/\\\/ebikespareparts.fi\\\/tuote\\\/hakin-irroitus-tyokalu-kaikille-brose-moottoreille-osa-no-pla00938\\\/#primaryimage\",\"url\":\"https:\\\/\\\/ebikespareparts.fi\\\/wp-content\\\/uploads\\\/2025\\\/03\\\/zDOzeJFzwPQh1dF17sPQc83eOmqwBSNyWmEYQlkDJmgxrnz4QC.jpg\",\"contentUrl\":\"https:\\\/\\\/ebikespareparts.fi\\\/wp-content\\\/uploads\\\/2025\\\/03\\\/zDOzeJFzwPQh1dF17sPQc83eOmqwBSNyWmEYQlkDJmgxrnz4QC.jpg\",\"width\":1000,\"height\":666,\"caption\":\"zDOzeJFzwPQh1dF17sPQc83eOmqwBSNyWmEYQlkDJmgxrnz4QC\"},{\"@type\":\"BreadcrumbList\",\"@id\":\"https:\\\/\\\/ebikespareparts.fi\\\/tuote\\\/hakin-irroitus-tyokalu-kaikille-brose-moottoreille-osa-no-pla00938\\\/#breadcrumb\",\"itemListElement\":[{\"@type\":\"ListItem\",\"position\":1,\"name\":\"Etusivu\",\"item\":\"https:\\\/\\\/ebikespareparts.fi\\\/\"},{\"@type\":\"ListItem\",\"position\":2,\"name\":\"Kauppa\",\"item\":\"https:\\\/\\\/ebikespareparts.fi\\\/kauppa\\\/\"},{\"@type\":\"ListItem\",\"position\":3,\"name\":\"PLA00938 H\u00e4kin irroitus ty\u00f6kalu kaikille Brose-moottoreille.\"}]},{\"@type\":\"WebSite\",\"@id\":\"https:\\\/\\\/ebikespareparts.fi\\\/#website\",\"url\":\"https:\\\/\\\/ebikespareparts.fi\\\/\",\"name\":\"Ebikespareparts.fi\",\"description\":\"S\u00e4hk\u00f6py\u00f6r\u00e4n osat - E-bike osat - Huolto\",\"publisher\":{\"@id\":\"https:\\\/\\\/ebikespareparts.fi\\\/#organization\"},\"potentialAction\":[{\"@type\":\"SearchAction\",\"target\":{\"@type\":\"EntryPoint\",\"urlTemplate\":\"https:\\\/\\\/ebikespareparts.fi\\\/?s={search_term_string}\"},\"query-input\":{\"@type\":\"PropertyValueSpecification\",\"valueRequired\":true,\"valueName\":\"search_term_string\"}}],\"inLanguage\":\"en-GB\"},{\"@type\":\"Organization\",\"@id\":\"https:\\\/\\\/ebikespareparts.fi\\\/#organization\",\"name\":\"Ebikespareparts.fi\",\"url\":\"https:\\\/\\\/ebikespareparts.fi\\\/\",\"logo\":{\"@type\":\"ImageObject\",\"inLanguage\":\"en-GB\",\"@id\":\"https:\\\/\\\/ebikespareparts.fi\\\/#\\\/schema\\\/logo\\\/image\\\/\",\"url\":\"https:\\\/\\\/ebikespareparts.fi\\\/wp-content\\\/uploads\\\/2024\\\/05\\\/logo-musta-tausta.jpg\",\"contentUrl\":\"https:\\\/\\\/ebikespareparts.fi\\\/wp-content\\\/uploads\\\/2024\\\/05\\\/logo-musta-tausta.jpg\",\"width\":1013,\"height\":950,\"caption\":\"Ebikespareparts.fi\"},\"image\":{\"@id\":\"https:\\\/\\\/ebikespareparts.fi\\\/#\\\/schema\\\/logo\\\/image\\\/\"},\"sameAs\":[\"https:\\\/\\\/www.facebook.com\\\/smhj.fi\"]}]}<\/script>\n<!-- \/ Yoast SEO plugin. -->","yoast_head_json":{"title":"PLA00938 H\u00e4kin irroitus ty\u00f6kalu kaikille Brose-moottoreille. - Ebikespareparts.fi","robots":{"index":"index","follow":"follow","max-snippet":"max-snippet:-1","max-image-preview":"max-image-preview:large","max-video-preview":"max-video-preview:-1"},"canonical":"https:\/\/ebikespareparts.fi\/en\/product\/hakin-irroitus-tyokalu-kaikille-brose-moottoreille-osa-no-pla00938\/","og_locale":"en_GB","og_type":"article","og_title":"PLA00938 H\u00e4kin irroitus ty\u00f6kalu kaikille Brose-moottoreille. - Ebikespareparts.fi","og_description":"Irrottaaksesi eturattaan ketjuh\u00e4kin turvallisesti Brose-moottorista: Ketjurattaan h\u00e4kin irrottaminen vet\u00e4m\u00e4ll\u00e4 vain h\u00e4kist\u00e4 ja painamalla kammen akselin p\u00e4\u00e4t\u00e4 vasten voi vahingoittaa sis\u00e4osia kuten laakereita ja liiketunnistinta. Se voi my\u00f6s nostaa hihnan vetolaakerin pois oikeasta asennosta aiheuttaen hihnan vaurioitumisen. Ketjuh\u00e4kin asennus , kirist\u00e4 momenttiavaimella 50 Nm.","og_url":"https:\/\/ebikespareparts.fi\/en\/product\/hakin-irroitus-tyokalu-kaikille-brose-moottoreille-osa-no-pla00938\/","og_site_name":"Ebikespareparts.fi","article_publisher":"https:\/\/www.facebook.com\/smhj.fi","article_modified_time":"2026-03-11T00:00:47+00:00","og_image":[{"width":1024,"height":682,"url":"https:\/\/ebikespareparts.fi\/wp-content\/uploads\/2023\/10\/IMG_0596-2.jpg","type":"image\/jpeg"}],"twitter_card":"summary_large_image","twitter_misc":{"Estimated reading time":"1 minute"},"schema":{"@context":"https:\/\/schema.org","@graph":[{"@type":"WebPage","@id":"https:\/\/ebikespareparts.fi\/tuote\/hakin-irroitus-tyokalu-kaikille-brose-moottoreille-osa-no-pla00938\/","url":"https:\/\/ebikespareparts.fi\/tuote\/hakin-irroitus-tyokalu-kaikille-brose-moottoreille-osa-no-pla00938\/","name":"PLA00938 H\u00e4kin irroitus ty\u00f6kalu kaikille Brose-moottoreille. - Ebikespareparts.fi","isPartOf":{"@id":"https:\/\/ebikespareparts.fi\/#website"},"primaryImageOfPage":{"@id":"https:\/\/ebikespareparts.fi\/tuote\/hakin-irroitus-tyokalu-kaikille-brose-moottoreille-osa-no-pla00938\/#primaryimage"},"image":{"@id":"https:\/\/ebikespareparts.fi\/tuote\/hakin-irroitus-tyokalu-kaikille-brose-moottoreille-osa-no-pla00938\/#primaryimage"},"thumbnailUrl":"https:\/\/ebikespareparts.fi\/wp-content\/uploads\/2025\/03\/zDOzeJFzwPQh1dF17sPQc83eOmqwBSNyWmEYQlkDJmgxrnz4QC.jpg","datePublished":"2023-10-03T12:17:59+00:00","dateModified":"2026-03-11T00:00:47+00:00","breadcrumb":{"@id":"https:\/\/ebikespareparts.fi\/tuote\/hakin-irroitus-tyokalu-kaikille-brose-moottoreille-osa-no-pla00938\/#breadcrumb"},"inLanguage":"en-GB","potentialAction":[{"@type":"ReadAction","target":["https:\/\/ebikespareparts.fi\/tuote\/hakin-irroitus-tyokalu-kaikille-brose-moottoreille-osa-no-pla00938\/"]}]},{"@type":"ImageObject","inLanguage":"en-GB","@id":"https:\/\/ebikespareparts.fi\/tuote\/hakin-irroitus-tyokalu-kaikille-brose-moottoreille-osa-no-pla00938\/#primaryimage","url":"https:\/\/ebikespareparts.fi\/wp-content\/uploads\/2025\/03\/zDOzeJFzwPQh1dF17sPQc83eOmqwBSNyWmEYQlkDJmgxrnz4QC.jpg","contentUrl":"https:\/\/ebikespareparts.fi\/wp-content\/uploads\/2025\/03\/zDOzeJFzwPQh1dF17sPQc83eOmqwBSNyWmEYQlkDJmgxrnz4QC.jpg","width":1000,"height":666,"caption":"zDOzeJFzwPQh1dF17sPQc83eOmqwBSNyWmEYQlkDJmgxrnz4QC"},{"@type":"BreadcrumbList","@id":"https:\/\/ebikespareparts.fi\/tuote\/hakin-irroitus-tyokalu-kaikille-brose-moottoreille-osa-no-pla00938\/#breadcrumb","itemListElement":[{"@type":"ListItem","position":1,"name":"Etusivu","item":"https:\/\/ebikespareparts.fi\/"},{"@type":"ListItem","position":2,"name":"Kauppa","item":"https:\/\/ebikespareparts.fi\/kauppa\/"},{"@type":"ListItem","position":3,"name":"PLA00938 H\u00e4kin irroitus ty\u00f6kalu kaikille Brose-moottoreille."}]},{"@type":"WebSite","@id":"https:\/\/ebikespareparts.fi\/#website","url":"https:\/\/ebikespareparts.fi\/","name":"Ebikespareparts.fi","description":"S\u00e4hk\u00f6py\u00f6r\u00e4n osat - E-bike osat - Huolto","publisher":{"@id":"https:\/\/ebikespareparts.fi\/#organization"},"potentialAction":[{"@type":"SearchAction","target":{"@type":"EntryPoint","urlTemplate":"https:\/\/ebikespareparts.fi\/?s={search_term_string}"},"query-input":{"@type":"PropertyValueSpecification","valueRequired":true,"valueName":"search_term_string"}}],"inLanguage":"en-GB"},{"@type":"Organization","@id":"https:\/\/ebikespareparts.fi\/#organization","name":"Ebikespareparts.fi","url":"https:\/\/ebikespareparts.fi\/","logo":{"@type":"ImageObject","inLanguage":"en-GB","@id":"https:\/\/ebikespareparts.fi\/#\/schema\/logo\/image\/","url":"https:\/\/ebikespareparts.fi\/wp-content\/uploads\/2024\/05\/logo-musta-tausta.jpg","contentUrl":"https:\/\/ebikespareparts.fi\/wp-content\/uploads\/2024\/05\/logo-musta-tausta.jpg","width":1013,"height":950,"caption":"Ebikespareparts.fi"},"image":{"@id":"https:\/\/ebikespareparts.fi\/#\/schema\/logo\/image\/"},"sameAs":["https:\/\/www.facebook.com\/smhj.fi"]}]}},"_links":{"self":[{"href":"https:\/\/ebikespareparts.fi\/en\/wp-json\/wp\/v2\/product\/341","targetHints":{"allow":["GET"]}}],"collection":[{"href":"https:\/\/ebikespareparts.fi\/en\/wp-json\/wp\/v2\/product"}],"about":[{"href":"https:\/\/ebikespareparts.fi\/en\/wp-json\/wp\/v2\/types\/product"}],"replies":[{"embeddable":true,"href":"https:\/\/ebikespareparts.fi\/en\/wp-json\/wp\/v2\/comments?post=341"}],"version-history":[{"count":0,"href":"https:\/\/ebikespareparts.fi\/en\/wp-json\/wp\/v2\/product\/341\/revisions"}],"wp:featuredmedia":[{"embeddable":true,"href":"https:\/\/ebikespareparts.fi\/en\/wp-json\/wp\/v2\/media\/47459"}],"wp:attachment":[{"href":"https:\/\/ebikespareparts.fi\/en\/wp-json\/wp\/v2\/media?parent=341"}],"wp:term":[{"taxonomy":"product_brand","embeddable":true,"href":"https:\/\/ebikespareparts.fi\/en\/wp-json\/wp\/v2\/product_brand?post=341"},{"taxonomy":"product_cat","embeddable":true,"href":"https:\/\/ebikespareparts.fi\/en\/wp-json\/wp\/v2\/product_cat?post=341"},{"taxonomy":"product_tag","embeddable":true,"href":"https:\/\/ebikespareparts.fi\/en\/wp-json\/wp\/v2\/product_tag?post=341"}],"curies":[{"name":"wp","href":"https:\/\/api.w.org\/{rel}","templated":true}]}}