{"id":345,"date":"2023-10-03T15:18:00","date_gmt":"2023-10-03T12:18:00","guid":{"rendered":"https:\/\/ebikespareparts.fi\/?post_type=product&#038;p=345"},"modified":"2026-03-10T15:27:43","modified_gmt":"2026-03-10T13:27:43","slug":"brose-kammen-akseli-brose-c-t-tf-s-s-mag","status":"publish","type":"product","link":"https:\/\/ebikespareparts.fi\/en\/product\/brose-kammen-akseli-brose-c-t-tf-s-s-mag\/","title":{"rendered":"Brose combs axle Brose C, T, TF, S &amp; S-Mag"},"content":{"rendered":"<p>The bearing surface on the crankshaft is a critical component of overall engine reliability, engine noise and bearing life. There are two important bearing surfaces on the camshaft. The needle roller bearing surface and the clutch bearing surface. If either of these bearing surfaces becomes damaged or rusted and bumpy, they will cause premature bearing failure, especially for the spring clutch bearing. The clutch bearing surface MUST be smooth and clean or the bearing will fail.<\/p>\n<p>The pictures show some examples of damage to the bearing surface.<\/p>","protected":false},"excerpt":{"rendered":"<p>Kammen akselin laakeripinta on kriittinen osa moottoreiden yleist\u00e4 luotettavuutta, moottorin melua ja laakerien k\u00e4ytt\u00f6ik\u00e4\u00e4. Kammen akselissa on kaksi t\u00e4rke\u00e4\u00e4 laakeripintaa. Neularullalaakeripinta ja kytkimen laakeripinta. Jos jompikumpi n\u00e4ist\u00e4 laakeripinnoista vaurioituu tai ruostuu ja on kuoppainen, ne aiheuttavat ennenaikaisen laakerin rikkoutumisen, erityisesti jousikytkimen laakerille. Kytkimen laakerin pinta T\u00c4YTYY olla sile\u00e4 ja puhdas tai laakeri ei toimi. Kuvissa <a href=\"https:\/\/ebikespareparts.fi\/en\/product\/brose-kammen-akseli-brose-c-t-tf-s-s-mag\/\" class=\"more-link\">&#8230;<span class=\"screen-reader-text\">  Brose combs axle Brose C, T, TF, S &amp; S-Mag<\/span><\/a><\/p>","protected":false},"featured_media":47576,"comment_status":"open","ping_status":"closed","template":"","meta":{"_acf_changed":false},"product_brand":[],"product_cat":[66,131],"product_tag":[],"class_list":{"0":"post-345","1":"product","2":"type-product","3":"status-publish","4":"has-post-thumbnail","6":"product_cat-brose","7":"product_cat-brose-moottorit-ja-varaosat","9":"first","10":"outofstock","11":"taxable","12":"shipping-taxable","13":"purchasable","14":"product-type-simple"},"acf":[],"yoast_head":"<!-- This site is optimized with the Yoast SEO plugin v27.5 - https:\/\/yoast.com\/product\/yoast-seo-wordpress\/ -->\n<title>Brose kammen akseli Brose C, T, TF, S &amp; S-Mag - Ebikespareparts.fi<\/title>\n<meta name=\"robots\" content=\"index, follow, max-snippet:-1, max-image-preview:large, max-video-preview:-1\" \/>\n<link rel=\"canonical\" href=\"https:\/\/ebikespareparts.fi\/en\/product\/brose-kammen-akseli-brose-c-t-tf-s-s-mag\/\" \/>\n<meta property=\"og:locale\" content=\"en_GB\" \/>\n<meta property=\"og:type\" content=\"article\" \/>\n<meta property=\"og:title\" content=\"Brose kammen akseli Brose C, T, TF, S &amp; S-Mag - Ebikespareparts.fi\" \/>\n<meta property=\"og:description\" content=\"Kammen akselin laakeripinta on kriittinen osa moottoreiden yleist\u00e4 luotettavuutta, moottorin melua ja laakerien k\u00e4ytt\u00f6ik\u00e4\u00e4. Kammen akselissa on kaksi t\u00e4rke\u00e4\u00e4 laakeripintaa. Neularullalaakeripinta ja kytkimen laakeripinta. Jos jompikumpi n\u00e4ist\u00e4 laakeripinnoista vaurioituu tai ruostuu ja on kuoppainen, ne aiheuttavat ennenaikaisen laakerin rikkoutumisen, erityisesti jousikytkimen laakerille. Kytkimen laakerin pinta T\u00c4YTYY olla sile\u00e4 ja puhdas tai laakeri ei toimi. Kuvissa ... Brose kammen akseli Brose C, T, TF, S &amp; S-Mag\" \/>\n<meta property=\"og:url\" content=\"https:\/\/ebikespareparts.fi\/en\/product\/brose-kammen-akseli-brose-c-t-tf-s-s-mag\/\" \/>\n<meta property=\"og:site_name\" content=\"Ebikespareparts.fi\" \/>\n<meta property=\"article:publisher\" content=\"https:\/\/www.facebook.com\/smhj.fi\" \/>\n<meta property=\"article:modified_time\" content=\"2026-03-10T13:27:43+00:00\" \/>\n<meta property=\"og:image\" content=\"https:\/\/ebikespareparts.fi\/wp-content\/uploads\/2025\/03\/80etM8DW8pvpbsrC7KkgApTFImLeU7AjC1iC6JdYK0RV2FohzK.jpg\" \/>\n\t<meta property=\"og:image:width\" content=\"1000\" \/>\n\t<meta property=\"og:image:height\" content=\"669\" \/>\n\t<meta property=\"og:image:type\" content=\"image\/jpeg\" \/>\n<meta name=\"twitter:card\" content=\"summary_large_image\" \/>\n<meta name=\"twitter:label1\" content=\"Estimated reading time\" \/>\n\t<meta name=\"twitter:data1\" content=\"1 minute\" \/>\n<script type=\"application\/ld+json\" class=\"yoast-schema-graph\">{\"@context\":\"https:\\\/\\\/schema.org\",\"@graph\":[{\"@type\":\"WebPage\",\"@id\":\"https:\\\/\\\/ebikespareparts.fi\\\/tuote\\\/brose-kammen-akseli-brose-c-t-tf-s-s-mag\\\/\",\"url\":\"https:\\\/\\\/ebikespareparts.fi\\\/tuote\\\/brose-kammen-akseli-brose-c-t-tf-s-s-mag\\\/\",\"name\":\"Brose kammen akseli Brose C, T, TF, S &amp; S-Mag - Ebikespareparts.fi\",\"isPartOf\":{\"@id\":\"https:\\\/\\\/ebikespareparts.fi\\\/#website\"},\"primaryImageOfPage\":{\"@id\":\"https:\\\/\\\/ebikespareparts.fi\\\/tuote\\\/brose-kammen-akseli-brose-c-t-tf-s-s-mag\\\/#primaryimage\"},\"image\":{\"@id\":\"https:\\\/\\\/ebikespareparts.fi\\\/tuote\\\/brose-kammen-akseli-brose-c-t-tf-s-s-mag\\\/#primaryimage\"},\"thumbnailUrl\":\"https:\\\/\\\/ebikespareparts.fi\\\/wp-content\\\/uploads\\\/2025\\\/03\\\/80etM8DW8pvpbsrC7KkgApTFImLeU7AjC1iC6JdYK0RV2FohzK.jpg\",\"datePublished\":\"2023-10-03T12:18:00+00:00\",\"dateModified\":\"2026-03-10T13:27:43+00:00\",\"breadcrumb\":{\"@id\":\"https:\\\/\\\/ebikespareparts.fi\\\/tuote\\\/brose-kammen-akseli-brose-c-t-tf-s-s-mag\\\/#breadcrumb\"},\"inLanguage\":\"en-GB\",\"potentialAction\":[{\"@type\":\"ReadAction\",\"target\":[\"https:\\\/\\\/ebikespareparts.fi\\\/tuote\\\/brose-kammen-akseli-brose-c-t-tf-s-s-mag\\\/\"]}]},{\"@type\":\"ImageObject\",\"inLanguage\":\"en-GB\",\"@id\":\"https:\\\/\\\/ebikespareparts.fi\\\/tuote\\\/brose-kammen-akseli-brose-c-t-tf-s-s-mag\\\/#primaryimage\",\"url\":\"https:\\\/\\\/ebikespareparts.fi\\\/wp-content\\\/uploads\\\/2025\\\/03\\\/80etM8DW8pvpbsrC7KkgApTFImLeU7AjC1iC6JdYK0RV2FohzK.jpg\",\"contentUrl\":\"https:\\\/\\\/ebikespareparts.fi\\\/wp-content\\\/uploads\\\/2025\\\/03\\\/80etM8DW8pvpbsrC7KkgApTFImLeU7AjC1iC6JdYK0RV2FohzK.jpg\",\"width\":1000,\"height\":669,\"caption\":\"80etM8DW8pvpbsrC7KkgApTFImLeU7AjC1iC6JdYK0RV2FohzK\"},{\"@type\":\"BreadcrumbList\",\"@id\":\"https:\\\/\\\/ebikespareparts.fi\\\/tuote\\\/brose-kammen-akseli-brose-c-t-tf-s-s-mag\\\/#breadcrumb\",\"itemListElement\":[{\"@type\":\"ListItem\",\"position\":1,\"name\":\"Etusivu\",\"item\":\"https:\\\/\\\/ebikespareparts.fi\\\/\"},{\"@type\":\"ListItem\",\"position\":2,\"name\":\"Kauppa\",\"item\":\"https:\\\/\\\/ebikespareparts.fi\\\/kauppa\\\/\"},{\"@type\":\"ListItem\",\"position\":3,\"name\":\"Brose kammen akseli Brose C, T, TF, S &amp; S-Mag\"}]},{\"@type\":\"WebSite\",\"@id\":\"https:\\\/\\\/ebikespareparts.fi\\\/#website\",\"url\":\"https:\\\/\\\/ebikespareparts.fi\\\/\",\"name\":\"Ebikespareparts.fi\",\"description\":\"S\u00e4hk\u00f6py\u00f6r\u00e4n osat - E-bike osat - Huolto\",\"publisher\":{\"@id\":\"https:\\\/\\\/ebikespareparts.fi\\\/#organization\"},\"potentialAction\":[{\"@type\":\"SearchAction\",\"target\":{\"@type\":\"EntryPoint\",\"urlTemplate\":\"https:\\\/\\\/ebikespareparts.fi\\\/?s={search_term_string}\"},\"query-input\":{\"@type\":\"PropertyValueSpecification\",\"valueRequired\":true,\"valueName\":\"search_term_string\"}}],\"inLanguage\":\"en-GB\"},{\"@type\":\"Organization\",\"@id\":\"https:\\\/\\\/ebikespareparts.fi\\\/#organization\",\"name\":\"Ebikespareparts.fi\",\"url\":\"https:\\\/\\\/ebikespareparts.fi\\\/\",\"logo\":{\"@type\":\"ImageObject\",\"inLanguage\":\"en-GB\",\"@id\":\"https:\\\/\\\/ebikespareparts.fi\\\/#\\\/schema\\\/logo\\\/image\\\/\",\"url\":\"https:\\\/\\\/ebikespareparts.fi\\\/wp-content\\\/uploads\\\/2024\\\/05\\\/logo-musta-tausta.jpg\",\"contentUrl\":\"https:\\\/\\\/ebikespareparts.fi\\\/wp-content\\\/uploads\\\/2024\\\/05\\\/logo-musta-tausta.jpg\",\"width\":1013,\"height\":950,\"caption\":\"Ebikespareparts.fi\"},\"image\":{\"@id\":\"https:\\\/\\\/ebikespareparts.fi\\\/#\\\/schema\\\/logo\\\/image\\\/\"},\"sameAs\":[\"https:\\\/\\\/www.facebook.com\\\/smhj.fi\"]}]}<\/script>\n<!-- \/ Yoast SEO plugin. -->","yoast_head_json":{"title":"Brose kammen akseli Brose C, T, TF, S &amp; S-Mag - Ebikespareparts.fi","robots":{"index":"index","follow":"follow","max-snippet":"max-snippet:-1","max-image-preview":"max-image-preview:large","max-video-preview":"max-video-preview:-1"},"canonical":"https:\/\/ebikespareparts.fi\/en\/product\/brose-kammen-akseli-brose-c-t-tf-s-s-mag\/","og_locale":"en_GB","og_type":"article","og_title":"Brose kammen akseli Brose C, T, TF, S &amp; S-Mag - Ebikespareparts.fi","og_description":"Kammen akselin laakeripinta on kriittinen osa moottoreiden yleist\u00e4 luotettavuutta, moottorin melua ja laakerien k\u00e4ytt\u00f6ik\u00e4\u00e4. Kammen akselissa on kaksi t\u00e4rke\u00e4\u00e4 laakeripintaa. Neularullalaakeripinta ja kytkimen laakeripinta. Jos jompikumpi n\u00e4ist\u00e4 laakeripinnoista vaurioituu tai ruostuu ja on kuoppainen, ne aiheuttavat ennenaikaisen laakerin rikkoutumisen, erityisesti jousikytkimen laakerille. Kytkimen laakerin pinta T\u00c4YTYY olla sile\u00e4 ja puhdas tai laakeri ei toimi. Kuvissa ... Brose kammen akseli Brose C, T, TF, S &amp; S-Mag","og_url":"https:\/\/ebikespareparts.fi\/en\/product\/brose-kammen-akseli-brose-c-t-tf-s-s-mag\/","og_site_name":"Ebikespareparts.fi","article_publisher":"https:\/\/www.facebook.com\/smhj.fi","article_modified_time":"2026-03-10T13:27:43+00:00","og_image":[{"width":1000,"height":669,"url":"https:\/\/ebikespareparts.fi\/wp-content\/uploads\/2025\/03\/80etM8DW8pvpbsrC7KkgApTFImLeU7AjC1iC6JdYK0RV2FohzK.jpg","type":"image\/jpeg"}],"twitter_card":"summary_large_image","twitter_misc":{"Estimated reading time":"1 minute"},"schema":{"@context":"https:\/\/schema.org","@graph":[{"@type":"WebPage","@id":"https:\/\/ebikespareparts.fi\/tuote\/brose-kammen-akseli-brose-c-t-tf-s-s-mag\/","url":"https:\/\/ebikespareparts.fi\/tuote\/brose-kammen-akseli-brose-c-t-tf-s-s-mag\/","name":"Brose kammen akseli Brose C, T, TF, S &amp; S-Mag - Ebikespareparts.fi","isPartOf":{"@id":"https:\/\/ebikespareparts.fi\/#website"},"primaryImageOfPage":{"@id":"https:\/\/ebikespareparts.fi\/tuote\/brose-kammen-akseli-brose-c-t-tf-s-s-mag\/#primaryimage"},"image":{"@id":"https:\/\/ebikespareparts.fi\/tuote\/brose-kammen-akseli-brose-c-t-tf-s-s-mag\/#primaryimage"},"thumbnailUrl":"https:\/\/ebikespareparts.fi\/wp-content\/uploads\/2025\/03\/80etM8DW8pvpbsrC7KkgApTFImLeU7AjC1iC6JdYK0RV2FohzK.jpg","datePublished":"2023-10-03T12:18:00+00:00","dateModified":"2026-03-10T13:27:43+00:00","breadcrumb":{"@id":"https:\/\/ebikespareparts.fi\/tuote\/brose-kammen-akseli-brose-c-t-tf-s-s-mag\/#breadcrumb"},"inLanguage":"en-GB","potentialAction":[{"@type":"ReadAction","target":["https:\/\/ebikespareparts.fi\/tuote\/brose-kammen-akseli-brose-c-t-tf-s-s-mag\/"]}]},{"@type":"ImageObject","inLanguage":"en-GB","@id":"https:\/\/ebikespareparts.fi\/tuote\/brose-kammen-akseli-brose-c-t-tf-s-s-mag\/#primaryimage","url":"https:\/\/ebikespareparts.fi\/wp-content\/uploads\/2025\/03\/80etM8DW8pvpbsrC7KkgApTFImLeU7AjC1iC6JdYK0RV2FohzK.jpg","contentUrl":"https:\/\/ebikespareparts.fi\/wp-content\/uploads\/2025\/03\/80etM8DW8pvpbsrC7KkgApTFImLeU7AjC1iC6JdYK0RV2FohzK.jpg","width":1000,"height":669,"caption":"80etM8DW8pvpbsrC7KkgApTFImLeU7AjC1iC6JdYK0RV2FohzK"},{"@type":"BreadcrumbList","@id":"https:\/\/ebikespareparts.fi\/tuote\/brose-kammen-akseli-brose-c-t-tf-s-s-mag\/#breadcrumb","itemListElement":[{"@type":"ListItem","position":1,"name":"Etusivu","item":"https:\/\/ebikespareparts.fi\/"},{"@type":"ListItem","position":2,"name":"Kauppa","item":"https:\/\/ebikespareparts.fi\/kauppa\/"},{"@type":"ListItem","position":3,"name":"Brose kammen akseli Brose C, T, TF, S &amp; S-Mag"}]},{"@type":"WebSite","@id":"https:\/\/ebikespareparts.fi\/#website","url":"https:\/\/ebikespareparts.fi\/","name":"Ebikespareparts.fi","description":"S\u00e4hk\u00f6py\u00f6r\u00e4n osat - E-bike osat - Huolto","publisher":{"@id":"https:\/\/ebikespareparts.fi\/#organization"},"potentialAction":[{"@type":"SearchAction","target":{"@type":"EntryPoint","urlTemplate":"https:\/\/ebikespareparts.fi\/?s={search_term_string}"},"query-input":{"@type":"PropertyValueSpecification","valueRequired":true,"valueName":"search_term_string"}}],"inLanguage":"en-GB"},{"@type":"Organization","@id":"https:\/\/ebikespareparts.fi\/#organization","name":"Ebikespareparts.fi","url":"https:\/\/ebikespareparts.fi\/","logo":{"@type":"ImageObject","inLanguage":"en-GB","@id":"https:\/\/ebikespareparts.fi\/#\/schema\/logo\/image\/","url":"https:\/\/ebikespareparts.fi\/wp-content\/uploads\/2024\/05\/logo-musta-tausta.jpg","contentUrl":"https:\/\/ebikespareparts.fi\/wp-content\/uploads\/2024\/05\/logo-musta-tausta.jpg","width":1013,"height":950,"caption":"Ebikespareparts.fi"},"image":{"@id":"https:\/\/ebikespareparts.fi\/#\/schema\/logo\/image\/"},"sameAs":["https:\/\/www.facebook.com\/smhj.fi"]}]}},"_links":{"self":[{"href":"https:\/\/ebikespareparts.fi\/en\/wp-json\/wp\/v2\/product\/345","targetHints":{"allow":["GET"]}}],"collection":[{"href":"https:\/\/ebikespareparts.fi\/en\/wp-json\/wp\/v2\/product"}],"about":[{"href":"https:\/\/ebikespareparts.fi\/en\/wp-json\/wp\/v2\/types\/product"}],"replies":[{"embeddable":true,"href":"https:\/\/ebikespareparts.fi\/en\/wp-json\/wp\/v2\/comments?post=345"}],"version-history":[{"count":0,"href":"https:\/\/ebikespareparts.fi\/en\/wp-json\/wp\/v2\/product\/345\/revisions"}],"wp:featuredmedia":[{"embeddable":true,"href":"https:\/\/ebikespareparts.fi\/en\/wp-json\/wp\/v2\/media\/47576"}],"wp:attachment":[{"href":"https:\/\/ebikespareparts.fi\/en\/wp-json\/wp\/v2\/media?parent=345"}],"wp:term":[{"taxonomy":"product_brand","embeddable":true,"href":"https:\/\/ebikespareparts.fi\/en\/wp-json\/wp\/v2\/product_brand?post=345"},{"taxonomy":"product_cat","embeddable":true,"href":"https:\/\/ebikespareparts.fi\/en\/wp-json\/wp\/v2\/product_cat?post=345"},{"taxonomy":"product_tag","embeddable":true,"href":"https:\/\/ebikespareparts.fi\/en\/wp-json\/wp\/v2\/product_tag?post=345"}],"curies":[{"name":"wp","href":"https:\/\/api.w.org\/{rel}","templated":true}]}}