{"id":349,"date":"2023-10-03T15:18:00","date_gmt":"2023-10-03T12:18:00","guid":{"rendered":"https:\/\/ebikespareparts.fi\/?post_type=product&#038;p=349"},"modified":"2026-03-10T15:27:27","modified_gmt":"2026-03-10T13:27:27","slug":"plb20141-brose-s-mag-moottorin-kayttohihnasarja","status":"publish","type":"product","link":"https:\/\/ebikespareparts.fi\/en\/product\/plb20141-brose-s-mag-moottorin-kayttohihnasarja\/","title":{"rendered":"PLB20141 Brose S Mag motor drive belt set"},"content":{"rendered":"<p>Brose S Mag <strong>black magnesium<\/strong> engine drive belt set (black magnesium engine) <span class=\"Y2IQFc\" lang=\"fi\">Original belt set with titanium screws seal o ring and new belt tension adjusting screw as well as o-ring and sticker to protect the adjusting screw.<\/span><\/p>\n<p>Both sides of the Brose carbon fibre belt should be liberally lubricated with \u201dtechnical\u201d petroleum jelly. Failure to do so will result in high belt wear and temperature and may cause excessive noise. Technical Vaseline is a non-corrosive mixture of oils and long-chain non-polar hydrocarbons, but is generally thicker than pharmaceutical grade Vaseline. The product has a low melting point which is important if the belt dries out and starts to heat up.<\/p>\n<p><strong>PLB20151<\/strong> Technical Vaseline for lubricating the drive belt is best applied with an old toothbrush, for example, which is good for that.<\/p>\n<p><strong>NOTE ! a few tips. Remember to remove the pulley adjusting screw before removing the side cover. Use a 6mm thread pin to clean the thread. Install the spindle only after you have installed the side head to make the job easier Lubricate the belt on both sides Remember the belt tension is only 0,2nm if it gets too tight it can break the pulley and the electric motor bearing as well as the belt. Torque wrench 0,2nm product number PLA00925 can be found in the Brose tools section.<\/strong><\/p>","protected":false},"excerpt":{"rendered":"<p>Brose S Mag musta magnesium moottorin k\u00e4ytt\u00f6hihnasarja (musta magnesium moottori) Alkuper\u00e4inen hihnasarja titaani ruuvit tiiviste o rengas ja uusi hihnankireyden s\u00e4\u00e4t\u00f6ruuvi sek\u00e4 o-rengas ja tarra s\u00e4\u00e4t\u00f6ruuvin suojaksi. Brose-hiilikuituhihnan molemmat puolet on voideltava runsaasti \u201dteknisell\u00e4\u201d vaseliinilla. T\u00e4m\u00e4n laiminly\u00f6nti johtaa hihnan korkeaan kulumiseen ja l\u00e4mp\u00f6tilaan ja voi aiheuttaa liiallista melua. Tekninen vaseliini on sy\u00f6vytt\u00e4m\u00e4t\u00f6n \u00f6ljyjen ja pitk\u00e4ketjuisten <a href=\"https:\/\/ebikespareparts.fi\/en\/product\/plb20141-brose-s-mag-moottorin-kayttohihnasarja\/\" class=\"more-link\">&#8230;<span class=\"screen-reader-text\">  PLB20141 Brose S Mag motor drive belt set<\/span><\/a><\/p>","protected":false},"featured_media":47289,"comment_status":"open","ping_status":"closed","template":"","meta":{"_acf_changed":false},"product_brand":[],"product_cat":[131],"product_tag":[],"class_list":{"0":"post-349","1":"product","2":"type-product","3":"status-publish","4":"has-post-thumbnail","6":"product_cat-brose-moottorit-ja-varaosat","8":"first","9":"outofstock","10":"taxable","11":"shipping-taxable","12":"purchasable","13":"product-type-simple"},"acf":[],"yoast_head":"<!-- This site is optimized with the Yoast SEO plugin v27.5 - https:\/\/yoast.com\/product\/yoast-seo-wordpress\/ -->\n<title>PLB20141 Brose S Mag moottorin k\u00e4ytt\u00f6hihnasarja - Ebikespareparts.fi<\/title>\n<meta name=\"robots\" content=\"index, follow, max-snippet:-1, max-image-preview:large, max-video-preview:-1\" \/>\n<link rel=\"canonical\" href=\"https:\/\/ebikespareparts.fi\/en\/product\/plb20141-brose-s-mag-moottorin-kayttohihnasarja\/\" \/>\n<meta property=\"og:locale\" content=\"en_GB\" \/>\n<meta property=\"og:type\" content=\"article\" \/>\n<meta property=\"og:title\" content=\"PLB20141 Brose S Mag moottorin k\u00e4ytt\u00f6hihnasarja - Ebikespareparts.fi\" \/>\n<meta property=\"og:description\" content=\"Brose S Mag musta magnesium moottorin k\u00e4ytt\u00f6hihnasarja (musta magnesium moottori) Alkuper\u00e4inen hihnasarja titaani ruuvit tiiviste o rengas ja uusi hihnankireyden s\u00e4\u00e4t\u00f6ruuvi sek\u00e4 o-rengas ja tarra s\u00e4\u00e4t\u00f6ruuvin suojaksi. Brose-hiilikuituhihnan molemmat puolet on voideltava runsaasti \u201dteknisell\u00e4\u201d vaseliinilla. T\u00e4m\u00e4n laiminly\u00f6nti johtaa hihnan korkeaan kulumiseen ja l\u00e4mp\u00f6tilaan ja voi aiheuttaa liiallista melua. Tekninen vaseliini on sy\u00f6vytt\u00e4m\u00e4t\u00f6n \u00f6ljyjen ja pitk\u00e4ketjuisten ... PLB20141 Brose S Mag moottorin k\u00e4ytt\u00f6hihnasarja\" \/>\n<meta property=\"og:url\" content=\"https:\/\/ebikespareparts.fi\/en\/product\/plb20141-brose-s-mag-moottorin-kayttohihnasarja\/\" \/>\n<meta property=\"og:site_name\" content=\"Ebikespareparts.fi\" \/>\n<meta property=\"article:publisher\" content=\"https:\/\/www.facebook.com\/smhj.fi\" \/>\n<meta property=\"article:modified_time\" content=\"2026-03-10T13:27:27+00:00\" \/>\n<meta property=\"og:image\" content=\"https:\/\/ebikespareparts.fi\/wp-content\/uploads\/2025\/03\/3fAk6X4pv6qXOrOv39ofsKQt7mFecNXZ8sB4IPEDXbg6Pxh757.jpg\" \/>\n\t<meta property=\"og:image:width\" content=\"1000\" \/>\n\t<meta property=\"og:image:height\" content=\"681\" \/>\n\t<meta property=\"og:image:type\" content=\"image\/jpeg\" \/>\n<meta name=\"twitter:card\" content=\"summary_large_image\" \/>\n<meta name=\"twitter:label1\" content=\"Estimated reading time\" \/>\n\t<meta name=\"twitter:data1\" content=\"2 minutes\" \/>\n<script type=\"application\/ld+json\" class=\"yoast-schema-graph\">{\"@context\":\"https:\\\/\\\/schema.org\",\"@graph\":[{\"@type\":\"WebPage\",\"@id\":\"https:\\\/\\\/ebikespareparts.fi\\\/tuote\\\/plb20141-brose-s-mag-moottorin-kayttohihnasarja\\\/\",\"url\":\"https:\\\/\\\/ebikespareparts.fi\\\/tuote\\\/plb20141-brose-s-mag-moottorin-kayttohihnasarja\\\/\",\"name\":\"PLB20141 Brose S Mag moottorin k\u00e4ytt\u00f6hihnasarja - Ebikespareparts.fi\",\"isPartOf\":{\"@id\":\"https:\\\/\\\/ebikespareparts.fi\\\/#website\"},\"primaryImageOfPage\":{\"@id\":\"https:\\\/\\\/ebikespareparts.fi\\\/tuote\\\/plb20141-brose-s-mag-moottorin-kayttohihnasarja\\\/#primaryimage\"},\"image\":{\"@id\":\"https:\\\/\\\/ebikespareparts.fi\\\/tuote\\\/plb20141-brose-s-mag-moottorin-kayttohihnasarja\\\/#primaryimage\"},\"thumbnailUrl\":\"https:\\\/\\\/ebikespareparts.fi\\\/wp-content\\\/uploads\\\/2025\\\/03\\\/3fAk6X4pv6qXOrOv39ofsKQt7mFecNXZ8sB4IPEDXbg6Pxh757.jpg\",\"datePublished\":\"2023-10-03T12:18:00+00:00\",\"dateModified\":\"2026-03-10T13:27:27+00:00\",\"breadcrumb\":{\"@id\":\"https:\\\/\\\/ebikespareparts.fi\\\/tuote\\\/plb20141-brose-s-mag-moottorin-kayttohihnasarja\\\/#breadcrumb\"},\"inLanguage\":\"en-GB\",\"potentialAction\":[{\"@type\":\"ReadAction\",\"target\":[\"https:\\\/\\\/ebikespareparts.fi\\\/tuote\\\/plb20141-brose-s-mag-moottorin-kayttohihnasarja\\\/\"]}]},{\"@type\":\"ImageObject\",\"inLanguage\":\"en-GB\",\"@id\":\"https:\\\/\\\/ebikespareparts.fi\\\/tuote\\\/plb20141-brose-s-mag-moottorin-kayttohihnasarja\\\/#primaryimage\",\"url\":\"https:\\\/\\\/ebikespareparts.fi\\\/wp-content\\\/uploads\\\/2025\\\/03\\\/3fAk6X4pv6qXOrOv39ofsKQt7mFecNXZ8sB4IPEDXbg6Pxh757.jpg\",\"contentUrl\":\"https:\\\/\\\/ebikespareparts.fi\\\/wp-content\\\/uploads\\\/2025\\\/03\\\/3fAk6X4pv6qXOrOv39ofsKQt7mFecNXZ8sB4IPEDXbg6Pxh757.jpg\",\"width\":1000,\"height\":681,\"caption\":\"3fAk6X4pv6qXOrOv39ofsKQt7mFecNXZ8sB4IPEDXbg6Pxh757\"},{\"@type\":\"BreadcrumbList\",\"@id\":\"https:\\\/\\\/ebikespareparts.fi\\\/tuote\\\/plb20141-brose-s-mag-moottorin-kayttohihnasarja\\\/#breadcrumb\",\"itemListElement\":[{\"@type\":\"ListItem\",\"position\":1,\"name\":\"Etusivu\",\"item\":\"https:\\\/\\\/ebikespareparts.fi\\\/\"},{\"@type\":\"ListItem\",\"position\":2,\"name\":\"Kauppa\",\"item\":\"https:\\\/\\\/ebikespareparts.fi\\\/kauppa\\\/\"},{\"@type\":\"ListItem\",\"position\":3,\"name\":\"PLB20141 Brose S Mag moottorin k\u00e4ytt\u00f6hihnasarja\"}]},{\"@type\":\"WebSite\",\"@id\":\"https:\\\/\\\/ebikespareparts.fi\\\/#website\",\"url\":\"https:\\\/\\\/ebikespareparts.fi\\\/\",\"name\":\"Ebikespareparts.fi\",\"description\":\"S\u00e4hk\u00f6py\u00f6r\u00e4n osat - E-bike osat - Huolto\",\"publisher\":{\"@id\":\"https:\\\/\\\/ebikespareparts.fi\\\/#organization\"},\"potentialAction\":[{\"@type\":\"SearchAction\",\"target\":{\"@type\":\"EntryPoint\",\"urlTemplate\":\"https:\\\/\\\/ebikespareparts.fi\\\/?s={search_term_string}\"},\"query-input\":{\"@type\":\"PropertyValueSpecification\",\"valueRequired\":true,\"valueName\":\"search_term_string\"}}],\"inLanguage\":\"en-GB\"},{\"@type\":\"Organization\",\"@id\":\"https:\\\/\\\/ebikespareparts.fi\\\/#organization\",\"name\":\"Ebikespareparts.fi\",\"url\":\"https:\\\/\\\/ebikespareparts.fi\\\/\",\"logo\":{\"@type\":\"ImageObject\",\"inLanguage\":\"en-GB\",\"@id\":\"https:\\\/\\\/ebikespareparts.fi\\\/#\\\/schema\\\/logo\\\/image\\\/\",\"url\":\"https:\\\/\\\/ebikespareparts.fi\\\/wp-content\\\/uploads\\\/2024\\\/05\\\/logo-musta-tausta.jpg\",\"contentUrl\":\"https:\\\/\\\/ebikespareparts.fi\\\/wp-content\\\/uploads\\\/2024\\\/05\\\/logo-musta-tausta.jpg\",\"width\":1013,\"height\":950,\"caption\":\"Ebikespareparts.fi\"},\"image\":{\"@id\":\"https:\\\/\\\/ebikespareparts.fi\\\/#\\\/schema\\\/logo\\\/image\\\/\"},\"sameAs\":[\"https:\\\/\\\/www.facebook.com\\\/smhj.fi\"]}]}<\/script>\n<!-- \/ Yoast SEO plugin. -->","yoast_head_json":{"title":"PLB20141 Brose S Mag moottorin k\u00e4ytt\u00f6hihnasarja - Ebikespareparts.fi","robots":{"index":"index","follow":"follow","max-snippet":"max-snippet:-1","max-image-preview":"max-image-preview:large","max-video-preview":"max-video-preview:-1"},"canonical":"https:\/\/ebikespareparts.fi\/en\/product\/plb20141-brose-s-mag-moottorin-kayttohihnasarja\/","og_locale":"en_GB","og_type":"article","og_title":"PLB20141 Brose S Mag moottorin k\u00e4ytt\u00f6hihnasarja - Ebikespareparts.fi","og_description":"Brose S Mag musta magnesium moottorin k\u00e4ytt\u00f6hihnasarja (musta magnesium moottori) Alkuper\u00e4inen hihnasarja titaani ruuvit tiiviste o rengas ja uusi hihnankireyden s\u00e4\u00e4t\u00f6ruuvi sek\u00e4 o-rengas ja tarra s\u00e4\u00e4t\u00f6ruuvin suojaksi. Brose-hiilikuituhihnan molemmat puolet on voideltava runsaasti \u201dteknisell\u00e4\u201d vaseliinilla. T\u00e4m\u00e4n laiminly\u00f6nti johtaa hihnan korkeaan kulumiseen ja l\u00e4mp\u00f6tilaan ja voi aiheuttaa liiallista melua. Tekninen vaseliini on sy\u00f6vytt\u00e4m\u00e4t\u00f6n \u00f6ljyjen ja pitk\u00e4ketjuisten ... PLB20141 Brose S Mag moottorin k\u00e4ytt\u00f6hihnasarja","og_url":"https:\/\/ebikespareparts.fi\/en\/product\/plb20141-brose-s-mag-moottorin-kayttohihnasarja\/","og_site_name":"Ebikespareparts.fi","article_publisher":"https:\/\/www.facebook.com\/smhj.fi","article_modified_time":"2026-03-10T13:27:27+00:00","og_image":[{"width":1000,"height":681,"url":"https:\/\/ebikespareparts.fi\/wp-content\/uploads\/2025\/03\/3fAk6X4pv6qXOrOv39ofsKQt7mFecNXZ8sB4IPEDXbg6Pxh757.jpg","type":"image\/jpeg"}],"twitter_card":"summary_large_image","twitter_misc":{"Estimated reading time":"2 minutes"},"schema":{"@context":"https:\/\/schema.org","@graph":[{"@type":"WebPage","@id":"https:\/\/ebikespareparts.fi\/tuote\/plb20141-brose-s-mag-moottorin-kayttohihnasarja\/","url":"https:\/\/ebikespareparts.fi\/tuote\/plb20141-brose-s-mag-moottorin-kayttohihnasarja\/","name":"PLB20141 Brose S Mag moottorin k\u00e4ytt\u00f6hihnasarja - Ebikespareparts.fi","isPartOf":{"@id":"https:\/\/ebikespareparts.fi\/#website"},"primaryImageOfPage":{"@id":"https:\/\/ebikespareparts.fi\/tuote\/plb20141-brose-s-mag-moottorin-kayttohihnasarja\/#primaryimage"},"image":{"@id":"https:\/\/ebikespareparts.fi\/tuote\/plb20141-brose-s-mag-moottorin-kayttohihnasarja\/#primaryimage"},"thumbnailUrl":"https:\/\/ebikespareparts.fi\/wp-content\/uploads\/2025\/03\/3fAk6X4pv6qXOrOv39ofsKQt7mFecNXZ8sB4IPEDXbg6Pxh757.jpg","datePublished":"2023-10-03T12:18:00+00:00","dateModified":"2026-03-10T13:27:27+00:00","breadcrumb":{"@id":"https:\/\/ebikespareparts.fi\/tuote\/plb20141-brose-s-mag-moottorin-kayttohihnasarja\/#breadcrumb"},"inLanguage":"en-GB","potentialAction":[{"@type":"ReadAction","target":["https:\/\/ebikespareparts.fi\/tuote\/plb20141-brose-s-mag-moottorin-kayttohihnasarja\/"]}]},{"@type":"ImageObject","inLanguage":"en-GB","@id":"https:\/\/ebikespareparts.fi\/tuote\/plb20141-brose-s-mag-moottorin-kayttohihnasarja\/#primaryimage","url":"https:\/\/ebikespareparts.fi\/wp-content\/uploads\/2025\/03\/3fAk6X4pv6qXOrOv39ofsKQt7mFecNXZ8sB4IPEDXbg6Pxh757.jpg","contentUrl":"https:\/\/ebikespareparts.fi\/wp-content\/uploads\/2025\/03\/3fAk6X4pv6qXOrOv39ofsKQt7mFecNXZ8sB4IPEDXbg6Pxh757.jpg","width":1000,"height":681,"caption":"3fAk6X4pv6qXOrOv39ofsKQt7mFecNXZ8sB4IPEDXbg6Pxh757"},{"@type":"BreadcrumbList","@id":"https:\/\/ebikespareparts.fi\/tuote\/plb20141-brose-s-mag-moottorin-kayttohihnasarja\/#breadcrumb","itemListElement":[{"@type":"ListItem","position":1,"name":"Etusivu","item":"https:\/\/ebikespareparts.fi\/"},{"@type":"ListItem","position":2,"name":"Kauppa","item":"https:\/\/ebikespareparts.fi\/kauppa\/"},{"@type":"ListItem","position":3,"name":"PLB20141 Brose S Mag moottorin k\u00e4ytt\u00f6hihnasarja"}]},{"@type":"WebSite","@id":"https:\/\/ebikespareparts.fi\/#website","url":"https:\/\/ebikespareparts.fi\/","name":"Ebikespareparts.fi","description":"S\u00e4hk\u00f6py\u00f6r\u00e4n osat - E-bike osat - Huolto","publisher":{"@id":"https:\/\/ebikespareparts.fi\/#organization"},"potentialAction":[{"@type":"SearchAction","target":{"@type":"EntryPoint","urlTemplate":"https:\/\/ebikespareparts.fi\/?s={search_term_string}"},"query-input":{"@type":"PropertyValueSpecification","valueRequired":true,"valueName":"search_term_string"}}],"inLanguage":"en-GB"},{"@type":"Organization","@id":"https:\/\/ebikespareparts.fi\/#organization","name":"Ebikespareparts.fi","url":"https:\/\/ebikespareparts.fi\/","logo":{"@type":"ImageObject","inLanguage":"en-GB","@id":"https:\/\/ebikespareparts.fi\/#\/schema\/logo\/image\/","url":"https:\/\/ebikespareparts.fi\/wp-content\/uploads\/2024\/05\/logo-musta-tausta.jpg","contentUrl":"https:\/\/ebikespareparts.fi\/wp-content\/uploads\/2024\/05\/logo-musta-tausta.jpg","width":1013,"height":950,"caption":"Ebikespareparts.fi"},"image":{"@id":"https:\/\/ebikespareparts.fi\/#\/schema\/logo\/image\/"},"sameAs":["https:\/\/www.facebook.com\/smhj.fi"]}]}},"_links":{"self":[{"href":"https:\/\/ebikespareparts.fi\/en\/wp-json\/wp\/v2\/product\/349","targetHints":{"allow":["GET"]}}],"collection":[{"href":"https:\/\/ebikespareparts.fi\/en\/wp-json\/wp\/v2\/product"}],"about":[{"href":"https:\/\/ebikespareparts.fi\/en\/wp-json\/wp\/v2\/types\/product"}],"replies":[{"embeddable":true,"href":"https:\/\/ebikespareparts.fi\/en\/wp-json\/wp\/v2\/comments?post=349"}],"version-history":[{"count":1,"href":"https:\/\/ebikespareparts.fi\/en\/wp-json\/wp\/v2\/product\/349\/revisions"}],"predecessor-version":[{"id":49174,"href":"https:\/\/ebikespareparts.fi\/en\/wp-json\/wp\/v2\/product\/349\/revisions\/49174"}],"wp:featuredmedia":[{"embeddable":true,"href":"https:\/\/ebikespareparts.fi\/en\/wp-json\/wp\/v2\/media\/47289"}],"wp:attachment":[{"href":"https:\/\/ebikespareparts.fi\/en\/wp-json\/wp\/v2\/media?parent=349"}],"wp:term":[{"taxonomy":"product_brand","embeddable":true,"href":"https:\/\/ebikespareparts.fi\/en\/wp-json\/wp\/v2\/product_brand?post=349"},{"taxonomy":"product_cat","embeddable":true,"href":"https:\/\/ebikespareparts.fi\/en\/wp-json\/wp\/v2\/product_cat?post=349"},{"taxonomy":"product_tag","embeddable":true,"href":"https:\/\/ebikespareparts.fi\/en\/wp-json\/wp\/v2\/product_tag?post=349"}],"curies":[{"name":"wp","href":"https:\/\/api.w.org\/{rel}","templated":true}]}}