{"id":38,"date":"2023-10-03T15:16:21","date_gmt":"2023-10-03T12:16:21","guid":{"rendered":"https:\/\/ebikespareparts.fi\/?post_type=product&#038;p=38"},"modified":"2026-03-12T15:35:13","modified_gmt":"2026-03-12T13:35:13","slug":"impulse-2-0-laakereiden-sarja-osa-no-pli00701","status":"publish","type":"product","link":"https:\/\/ebikespareparts.fi\/en\/product\/impulse-2-0-laakereiden-sarja-osa-no-pli00701\/","title":{"rendered":"PLI00701 Impulse 2.0 complete bearing set"},"content":{"rendered":"<p class=\"tw-data-text tw-text-large tw-ta\" data-placeholder=\"K\u00e4\u00e4nn\u00f6s\" dir=\"ltr\" id=\"tw-target-text\"><span class=\"Y2IQFc\" lang=\"fi\">This kit contains all the bearings, O-rings and seals needed to rebuild your Impulse 2 ebike.<\/span><\/p>","protected":false},"excerpt":{"rendered":"<p>This kit contains all the bearings, O-rings and seals needed to rebuild your Impulse 2 ebike.<\/p>","protected":false},"featured_media":47562,"comment_status":"closed","ping_status":"closed","template":"","meta":{"_acf_changed":false},"product_brand":[],"product_cat":[35],"product_tag":[],"class_list":{"0":"post-38","1":"product","2":"type-product","3":"status-publish","4":"has-post-thumbnail","6":"product_cat-impulse-2-0","7":"product_shipping_class-grease","9":"first","10":"instock","11":"taxable","12":"shipping-taxable","13":"purchasable","14":"product-type-simple"},"acf":[],"yoast_head":"<!-- This site is optimized with the Yoast SEO plugin v27.5 - https:\/\/yoast.com\/product\/yoast-seo-wordpress\/ -->\n<title>PLI00701 Impulse 2.0 t\u00e4ydellinen laakeri sarja - Ebikespareparts.fi<\/title>\n<meta name=\"robots\" content=\"index, follow, max-snippet:-1, max-image-preview:large, max-video-preview:-1\" \/>\n<link rel=\"canonical\" href=\"https:\/\/ebikespareparts.fi\/en\/product\/impulse-2-0-laakereiden-sarja-osa-no-pli00701\/\" \/>\n<meta property=\"og:locale\" content=\"en_GB\" \/>\n<meta property=\"og:type\" content=\"article\" \/>\n<meta property=\"og:title\" content=\"PLI00701 Impulse 2.0 t\u00e4ydellinen laakeri sarja - Ebikespareparts.fi\" \/>\n<meta property=\"og:description\" content=\"T\u00e4m\u00e4 sarja sis\u00e4lt\u00e4\u00e4 kaikki laakerit, O-renkaat ja tiivisteet, joita tarvitaan Impulse 2 ebike -moottorin kunnostukseen.\" \/>\n<meta property=\"og:url\" content=\"https:\/\/ebikespareparts.fi\/en\/product\/impulse-2-0-laakereiden-sarja-osa-no-pli00701\/\" \/>\n<meta property=\"og:site_name\" content=\"Ebikespareparts.fi\" \/>\n<meta property=\"article:publisher\" content=\"https:\/\/www.facebook.com\/smhj.fi\" \/>\n<meta property=\"article:modified_time\" content=\"2026-03-12T13:35:13+00:00\" \/>\n<meta property=\"og:image\" content=\"https:\/\/ebikespareparts.fi\/wp-content\/uploads\/2025\/03\/dbmuZnQgBDMRul9eVdgEtrvbFHEAe3QxdIOAkPLjw4Hef4SVrz.jpg\" \/>\n\t<meta property=\"og:image:width\" content=\"1000\" \/>\n\t<meta property=\"og:image:height\" content=\"666\" \/>\n\t<meta property=\"og:image:type\" content=\"image\/jpeg\" \/>\n<meta name=\"twitter:card\" content=\"summary_large_image\" \/>\n<meta name=\"twitter:label1\" content=\"Estimated reading time\" \/>\n\t<meta name=\"twitter:data1\" content=\"1 minute\" \/>\n<script type=\"application\/ld+json\" class=\"yoast-schema-graph\">{\"@context\":\"https:\\\/\\\/schema.org\",\"@graph\":[{\"@type\":\"WebPage\",\"@id\":\"https:\\\/\\\/ebikespareparts.fi\\\/tuote\\\/impulse-2-0-laakereiden-sarja-osa-no-pli00701\\\/\",\"url\":\"https:\\\/\\\/ebikespareparts.fi\\\/tuote\\\/impulse-2-0-laakereiden-sarja-osa-no-pli00701\\\/\",\"name\":\"PLI00701 Impulse 2.0 t\u00e4ydellinen laakeri sarja - Ebikespareparts.fi\",\"isPartOf\":{\"@id\":\"https:\\\/\\\/ebikespareparts.fi\\\/#website\"},\"primaryImageOfPage\":{\"@id\":\"https:\\\/\\\/ebikespareparts.fi\\\/tuote\\\/impulse-2-0-laakereiden-sarja-osa-no-pli00701\\\/#primaryimage\"},\"image\":{\"@id\":\"https:\\\/\\\/ebikespareparts.fi\\\/tuote\\\/impulse-2-0-laakereiden-sarja-osa-no-pli00701\\\/#primaryimage\"},\"thumbnailUrl\":\"https:\\\/\\\/ebikespareparts.fi\\\/wp-content\\\/uploads\\\/2025\\\/03\\\/dbmuZnQgBDMRul9eVdgEtrvbFHEAe3QxdIOAkPLjw4Hef4SVrz.jpg\",\"datePublished\":\"2023-10-03T12:16:21+00:00\",\"dateModified\":\"2026-03-12T13:35:13+00:00\",\"breadcrumb\":{\"@id\":\"https:\\\/\\\/ebikespareparts.fi\\\/tuote\\\/impulse-2-0-laakereiden-sarja-osa-no-pli00701\\\/#breadcrumb\"},\"inLanguage\":\"en-GB\",\"potentialAction\":[{\"@type\":\"ReadAction\",\"target\":[\"https:\\\/\\\/ebikespareparts.fi\\\/tuote\\\/impulse-2-0-laakereiden-sarja-osa-no-pli00701\\\/\"]}]},{\"@type\":\"ImageObject\",\"inLanguage\":\"en-GB\",\"@id\":\"https:\\\/\\\/ebikespareparts.fi\\\/tuote\\\/impulse-2-0-laakereiden-sarja-osa-no-pli00701\\\/#primaryimage\",\"url\":\"https:\\\/\\\/ebikespareparts.fi\\\/wp-content\\\/uploads\\\/2025\\\/03\\\/dbmuZnQgBDMRul9eVdgEtrvbFHEAe3QxdIOAkPLjw4Hef4SVrz.jpg\",\"contentUrl\":\"https:\\\/\\\/ebikespareparts.fi\\\/wp-content\\\/uploads\\\/2025\\\/03\\\/dbmuZnQgBDMRul9eVdgEtrvbFHEAe3QxdIOAkPLjw4Hef4SVrz.jpg\",\"width\":1000,\"height\":666,\"caption\":\"dbmuZnQgBDMRul9eVdgEtrvbFHEAe3QxdIOAkPLjw4Hef4SVrz\"},{\"@type\":\"BreadcrumbList\",\"@id\":\"https:\\\/\\\/ebikespareparts.fi\\\/tuote\\\/impulse-2-0-laakereiden-sarja-osa-no-pli00701\\\/#breadcrumb\",\"itemListElement\":[{\"@type\":\"ListItem\",\"position\":1,\"name\":\"Etusivu\",\"item\":\"https:\\\/\\\/ebikespareparts.fi\\\/\"},{\"@type\":\"ListItem\",\"position\":2,\"name\":\"Kauppa\",\"item\":\"https:\\\/\\\/ebikespareparts.fi\\\/kauppa\\\/\"},{\"@type\":\"ListItem\",\"position\":3,\"name\":\"PLI00701 Impulse 2.0 t\u00e4ydellinen laakeri sarja\"}]},{\"@type\":\"WebSite\",\"@id\":\"https:\\\/\\\/ebikespareparts.fi\\\/#website\",\"url\":\"https:\\\/\\\/ebikespareparts.fi\\\/\",\"name\":\"Ebikespareparts.fi\",\"description\":\"S\u00e4hk\u00f6py\u00f6r\u00e4n osat - E-bike osat - Huolto\",\"publisher\":{\"@id\":\"https:\\\/\\\/ebikespareparts.fi\\\/#organization\"},\"potentialAction\":[{\"@type\":\"SearchAction\",\"target\":{\"@type\":\"EntryPoint\",\"urlTemplate\":\"https:\\\/\\\/ebikespareparts.fi\\\/?s={search_term_string}\"},\"query-input\":{\"@type\":\"PropertyValueSpecification\",\"valueRequired\":true,\"valueName\":\"search_term_string\"}}],\"inLanguage\":\"en-GB\"},{\"@type\":\"Organization\",\"@id\":\"https:\\\/\\\/ebikespareparts.fi\\\/#organization\",\"name\":\"Ebikespareparts.fi\",\"url\":\"https:\\\/\\\/ebikespareparts.fi\\\/\",\"logo\":{\"@type\":\"ImageObject\",\"inLanguage\":\"en-GB\",\"@id\":\"https:\\\/\\\/ebikespareparts.fi\\\/#\\\/schema\\\/logo\\\/image\\\/\",\"url\":\"https:\\\/\\\/ebikespareparts.fi\\\/wp-content\\\/uploads\\\/2024\\\/05\\\/logo-musta-tausta.jpg\",\"contentUrl\":\"https:\\\/\\\/ebikespareparts.fi\\\/wp-content\\\/uploads\\\/2024\\\/05\\\/logo-musta-tausta.jpg\",\"width\":1013,\"height\":950,\"caption\":\"Ebikespareparts.fi\"},\"image\":{\"@id\":\"https:\\\/\\\/ebikespareparts.fi\\\/#\\\/schema\\\/logo\\\/image\\\/\"},\"sameAs\":[\"https:\\\/\\\/www.facebook.com\\\/smhj.fi\"]}]}<\/script>\n<!-- \/ Yoast SEO plugin. -->","yoast_head_json":{"title":"PLI00701 Impulse 2.0 t\u00e4ydellinen laakeri sarja - Ebikespareparts.fi","robots":{"index":"index","follow":"follow","max-snippet":"max-snippet:-1","max-image-preview":"max-image-preview:large","max-video-preview":"max-video-preview:-1"},"canonical":"https:\/\/ebikespareparts.fi\/en\/product\/impulse-2-0-laakereiden-sarja-osa-no-pli00701\/","og_locale":"en_GB","og_type":"article","og_title":"PLI00701 Impulse 2.0 t\u00e4ydellinen laakeri sarja - Ebikespareparts.fi","og_description":"T\u00e4m\u00e4 sarja sis\u00e4lt\u00e4\u00e4 kaikki laakerit, O-renkaat ja tiivisteet, joita tarvitaan Impulse 2 ebike -moottorin kunnostukseen.","og_url":"https:\/\/ebikespareparts.fi\/en\/product\/impulse-2-0-laakereiden-sarja-osa-no-pli00701\/","og_site_name":"Ebikespareparts.fi","article_publisher":"https:\/\/www.facebook.com\/smhj.fi","article_modified_time":"2026-03-12T13:35:13+00:00","og_image":[{"width":1000,"height":666,"url":"https:\/\/ebikespareparts.fi\/wp-content\/uploads\/2025\/03\/dbmuZnQgBDMRul9eVdgEtrvbFHEAe3QxdIOAkPLjw4Hef4SVrz.jpg","type":"image\/jpeg"}],"twitter_card":"summary_large_image","twitter_misc":{"Estimated reading time":"1 minute"},"schema":{"@context":"https:\/\/schema.org","@graph":[{"@type":"WebPage","@id":"https:\/\/ebikespareparts.fi\/tuote\/impulse-2-0-laakereiden-sarja-osa-no-pli00701\/","url":"https:\/\/ebikespareparts.fi\/tuote\/impulse-2-0-laakereiden-sarja-osa-no-pli00701\/","name":"PLI00701 Impulse 2.0 t\u00e4ydellinen laakeri sarja - Ebikespareparts.fi","isPartOf":{"@id":"https:\/\/ebikespareparts.fi\/#website"},"primaryImageOfPage":{"@id":"https:\/\/ebikespareparts.fi\/tuote\/impulse-2-0-laakereiden-sarja-osa-no-pli00701\/#primaryimage"},"image":{"@id":"https:\/\/ebikespareparts.fi\/tuote\/impulse-2-0-laakereiden-sarja-osa-no-pli00701\/#primaryimage"},"thumbnailUrl":"https:\/\/ebikespareparts.fi\/wp-content\/uploads\/2025\/03\/dbmuZnQgBDMRul9eVdgEtrvbFHEAe3QxdIOAkPLjw4Hef4SVrz.jpg","datePublished":"2023-10-03T12:16:21+00:00","dateModified":"2026-03-12T13:35:13+00:00","breadcrumb":{"@id":"https:\/\/ebikespareparts.fi\/tuote\/impulse-2-0-laakereiden-sarja-osa-no-pli00701\/#breadcrumb"},"inLanguage":"en-GB","potentialAction":[{"@type":"ReadAction","target":["https:\/\/ebikespareparts.fi\/tuote\/impulse-2-0-laakereiden-sarja-osa-no-pli00701\/"]}]},{"@type":"ImageObject","inLanguage":"en-GB","@id":"https:\/\/ebikespareparts.fi\/tuote\/impulse-2-0-laakereiden-sarja-osa-no-pli00701\/#primaryimage","url":"https:\/\/ebikespareparts.fi\/wp-content\/uploads\/2025\/03\/dbmuZnQgBDMRul9eVdgEtrvbFHEAe3QxdIOAkPLjw4Hef4SVrz.jpg","contentUrl":"https:\/\/ebikespareparts.fi\/wp-content\/uploads\/2025\/03\/dbmuZnQgBDMRul9eVdgEtrvbFHEAe3QxdIOAkPLjw4Hef4SVrz.jpg","width":1000,"height":666,"caption":"dbmuZnQgBDMRul9eVdgEtrvbFHEAe3QxdIOAkPLjw4Hef4SVrz"},{"@type":"BreadcrumbList","@id":"https:\/\/ebikespareparts.fi\/tuote\/impulse-2-0-laakereiden-sarja-osa-no-pli00701\/#breadcrumb","itemListElement":[{"@type":"ListItem","position":1,"name":"Etusivu","item":"https:\/\/ebikespareparts.fi\/"},{"@type":"ListItem","position":2,"name":"Kauppa","item":"https:\/\/ebikespareparts.fi\/kauppa\/"},{"@type":"ListItem","position":3,"name":"PLI00701 Impulse 2.0 t\u00e4ydellinen laakeri sarja"}]},{"@type":"WebSite","@id":"https:\/\/ebikespareparts.fi\/#website","url":"https:\/\/ebikespareparts.fi\/","name":"Ebikespareparts.fi","description":"S\u00e4hk\u00f6py\u00f6r\u00e4n osat - E-bike osat - Huolto","publisher":{"@id":"https:\/\/ebikespareparts.fi\/#organization"},"potentialAction":[{"@type":"SearchAction","target":{"@type":"EntryPoint","urlTemplate":"https:\/\/ebikespareparts.fi\/?s={search_term_string}"},"query-input":{"@type":"PropertyValueSpecification","valueRequired":true,"valueName":"search_term_string"}}],"inLanguage":"en-GB"},{"@type":"Organization","@id":"https:\/\/ebikespareparts.fi\/#organization","name":"Ebikespareparts.fi","url":"https:\/\/ebikespareparts.fi\/","logo":{"@type":"ImageObject","inLanguage":"en-GB","@id":"https:\/\/ebikespareparts.fi\/#\/schema\/logo\/image\/","url":"https:\/\/ebikespareparts.fi\/wp-content\/uploads\/2024\/05\/logo-musta-tausta.jpg","contentUrl":"https:\/\/ebikespareparts.fi\/wp-content\/uploads\/2024\/05\/logo-musta-tausta.jpg","width":1013,"height":950,"caption":"Ebikespareparts.fi"},"image":{"@id":"https:\/\/ebikespareparts.fi\/#\/schema\/logo\/image\/"},"sameAs":["https:\/\/www.facebook.com\/smhj.fi"]}]}},"_links":{"self":[{"href":"https:\/\/ebikespareparts.fi\/en\/wp-json\/wp\/v2\/product\/38","targetHints":{"allow":["GET"]}}],"collection":[{"href":"https:\/\/ebikespareparts.fi\/en\/wp-json\/wp\/v2\/product"}],"about":[{"href":"https:\/\/ebikespareparts.fi\/en\/wp-json\/wp\/v2\/types\/product"}],"replies":[{"embeddable":true,"href":"https:\/\/ebikespareparts.fi\/en\/wp-json\/wp\/v2\/comments?post=38"}],"version-history":[{"count":1,"href":"https:\/\/ebikespareparts.fi\/en\/wp-json\/wp\/v2\/product\/38\/revisions"}],"predecessor-version":[{"id":49169,"href":"https:\/\/ebikespareparts.fi\/en\/wp-json\/wp\/v2\/product\/38\/revisions\/49169"}],"wp:featuredmedia":[{"embeddable":true,"href":"https:\/\/ebikespareparts.fi\/en\/wp-json\/wp\/v2\/media\/47562"}],"wp:attachment":[{"href":"https:\/\/ebikespareparts.fi\/en\/wp-json\/wp\/v2\/media?parent=38"}],"wp:term":[{"taxonomy":"product_brand","embeddable":true,"href":"https:\/\/ebikespareparts.fi\/en\/wp-json\/wp\/v2\/product_brand?post=38"},{"taxonomy":"product_cat","embeddable":true,"href":"https:\/\/ebikespareparts.fi\/en\/wp-json\/wp\/v2\/product_cat?post=38"},{"taxonomy":"product_tag","embeddable":true,"href":"https:\/\/ebikespareparts.fi\/en\/wp-json\/wp\/v2\/product_tag?post=38"}],"curies":[{"name":"wp","href":"https:\/\/api.w.org\/{rel}","templated":true}]}}