{"id":384,"date":"2023-10-03T15:18:23","date_gmt":"2023-10-03T12:18:23","guid":{"rendered":"https:\/\/ebikespareparts.fi\/?post_type=product&#038;p=384"},"modified":"2026-04-22T03:00:12","modified_gmt":"2026-04-22T00:00:12","slug":"plb20145-laakeritiiviste-sopii-kaikkiin-brose-moottoreihin","status":"publish","type":"product","link":"https:\/\/ebikespareparts.fi\/en\/product\/plb20145-laakeritiiviste-sopii-kaikkiin-brose-moottoreihin\/","title":{"rendered":"PLB20145 Bearing seal suitable for all Brose motors"},"content":{"rendered":"<h4 class=\"tw-data-text tw-text-large tw-ta\" data-placeholder=\"K\u00e4\u00e4nn\u00f6s\" dir=\"ltr\" id=\"tw-target-text\"><span class=\"Y2IQFc\" lang=\"fi\">Early Brose C, T, TF engines did not have a seal covering the right-hand crankshaft bearing. <\/span><\/h4>\n<h4 class=\"tw-data-text tw-text-large tw-ta\" data-placeholder=\"K\u00e4\u00e4nn\u00f6s\" dir=\"ltr\"><span class=\"Y2IQFc\" lang=\"fi\">This seal is highly effective in preventing water and dirt from entering the bearing and ultimately the engine.<\/span><\/h4>\n<h4 class=\"tw-data-text tw-text-large tw-ta\" data-placeholder=\"K\u00e4\u00e4nn\u00f6s\" dir=\"ltr\" id=\"tw-target-text\"><span class=\"Y2IQFc\" lang=\"fi\">This is also a good option if the Brose S or S-Mag gasket is missing, worn or damaged (for 1.2, 1.3, 2.1 and 2.2 engines).<\/span><\/h4>","protected":false},"excerpt":{"rendered":"<p>Varhaisissa Brose C, T, TF moottoreissa ei ollut tiivistett\u00e4, joka peitti oikeanpuoleisen kammen akselin laakerin. T\u00e4m\u00e4 tiiviste on eritt\u00e4in tehokas est\u00e4m\u00e4\u00e4n veden ja lian p\u00e4\u00e4syn laakeriin ja lopulta moottoriin. T\u00e4m\u00e4 on my\u00f6s hyv\u00e4 vaihtoehto, jos Brose S- tai S-Mag-tiiviste puuttuu, on kulunut tai vaurioitunut. (1.2-, 1.3-, 2.1- ja 2.2-moottoreille)<\/p>","protected":false},"featured_media":47548,"comment_status":"open","ping_status":"closed","template":"","meta":{"_acf_changed":false},"product_brand":[],"product_cat":[37],"product_tag":[],"class_list":{"0":"post-384","1":"product","2":"type-product","3":"status-publish","4":"has-post-thumbnail","6":"product_cat-brose-laakerit","8":"first","9":"instock","10":"taxable","11":"shipping-taxable","12":"purchasable","13":"product-type-simple"},"acf":[],"yoast_head":"<!-- This site is optimized with the Yoast SEO plugin v27.5 - https:\/\/yoast.com\/product\/yoast-seo-wordpress\/ -->\n<title>PLB20145 Laakeritiiviste sopii kaikkiin Brose-moottoreihin - Ebikespareparts.fi<\/title>\n<meta name=\"robots\" content=\"index, follow, max-snippet:-1, max-image-preview:large, max-video-preview:-1\" \/>\n<link rel=\"canonical\" href=\"https:\/\/ebikespareparts.fi\/en\/product\/plb20145-laakeritiiviste-sopii-kaikkiin-brose-moottoreihin\/\" \/>\n<meta property=\"og:locale\" content=\"en_GB\" \/>\n<meta property=\"og:type\" content=\"article\" \/>\n<meta property=\"og:title\" content=\"PLB20145 Laakeritiiviste sopii kaikkiin Brose-moottoreihin - Ebikespareparts.fi\" \/>\n<meta property=\"og:description\" content=\"Varhaisissa Brose C, T, TF moottoreissa ei ollut tiivistett\u00e4, joka peitti oikeanpuoleisen kammen akselin laakerin. T\u00e4m\u00e4 tiiviste on eritt\u00e4in tehokas est\u00e4m\u00e4\u00e4n veden ja lian p\u00e4\u00e4syn laakeriin ja lopulta moottoriin. T\u00e4m\u00e4 on my\u00f6s hyv\u00e4 vaihtoehto, jos Brose S- tai S-Mag-tiiviste puuttuu, on kulunut tai vaurioitunut. (1.2-, 1.3-, 2.1- ja 2.2-moottoreille)\" \/>\n<meta property=\"og:url\" content=\"https:\/\/ebikespareparts.fi\/en\/product\/plb20145-laakeritiiviste-sopii-kaikkiin-brose-moottoreihin\/\" \/>\n<meta property=\"og:site_name\" content=\"Ebikespareparts.fi\" \/>\n<meta property=\"article:publisher\" content=\"https:\/\/www.facebook.com\/smhj.fi\" \/>\n<meta property=\"article:modified_time\" content=\"2026-04-22T00:00:12+00:00\" \/>\n<meta property=\"og:image\" content=\"https:\/\/ebikespareparts.fi\/wp-content\/uploads\/2025\/03\/EMQjU8qNBgJnul6kiHVjuM1OZvAVvtVNQCkgFgdJh2WEe3GSYx.jpg\" \/>\n\t<meta property=\"og:image:width\" content=\"1000\" \/>\n\t<meta property=\"og:image:height\" content=\"948\" \/>\n\t<meta property=\"og:image:type\" content=\"image\/jpeg\" \/>\n<meta name=\"twitter:card\" content=\"summary_large_image\" \/>\n<meta name=\"twitter:label1\" content=\"Estimated reading time\" \/>\n\t<meta name=\"twitter:data1\" content=\"1 minute\" \/>\n<script type=\"application\/ld+json\" class=\"yoast-schema-graph\">{\"@context\":\"https:\\\/\\\/schema.org\",\"@graph\":[{\"@type\":\"WebPage\",\"@id\":\"https:\\\/\\\/ebikespareparts.fi\\\/tuote\\\/plb20145-laakeritiiviste-sopii-kaikkiin-brose-moottoreihin\\\/\",\"url\":\"https:\\\/\\\/ebikespareparts.fi\\\/tuote\\\/plb20145-laakeritiiviste-sopii-kaikkiin-brose-moottoreihin\\\/\",\"name\":\"PLB20145 Laakeritiiviste sopii kaikkiin Brose-moottoreihin - Ebikespareparts.fi\",\"isPartOf\":{\"@id\":\"https:\\\/\\\/ebikespareparts.fi\\\/#website\"},\"primaryImageOfPage\":{\"@id\":\"https:\\\/\\\/ebikespareparts.fi\\\/tuote\\\/plb20145-laakeritiiviste-sopii-kaikkiin-brose-moottoreihin\\\/#primaryimage\"},\"image\":{\"@id\":\"https:\\\/\\\/ebikespareparts.fi\\\/tuote\\\/plb20145-laakeritiiviste-sopii-kaikkiin-brose-moottoreihin\\\/#primaryimage\"},\"thumbnailUrl\":\"https:\\\/\\\/ebikespareparts.fi\\\/wp-content\\\/uploads\\\/2025\\\/03\\\/EMQjU8qNBgJnul6kiHVjuM1OZvAVvtVNQCkgFgdJh2WEe3GSYx.jpg\",\"datePublished\":\"2023-10-03T12:18:23+00:00\",\"dateModified\":\"2026-04-22T00:00:12+00:00\",\"breadcrumb\":{\"@id\":\"https:\\\/\\\/ebikespareparts.fi\\\/tuote\\\/plb20145-laakeritiiviste-sopii-kaikkiin-brose-moottoreihin\\\/#breadcrumb\"},\"inLanguage\":\"en-GB\",\"potentialAction\":[{\"@type\":\"ReadAction\",\"target\":[\"https:\\\/\\\/ebikespareparts.fi\\\/tuote\\\/plb20145-laakeritiiviste-sopii-kaikkiin-brose-moottoreihin\\\/\"]}]},{\"@type\":\"ImageObject\",\"inLanguage\":\"en-GB\",\"@id\":\"https:\\\/\\\/ebikespareparts.fi\\\/tuote\\\/plb20145-laakeritiiviste-sopii-kaikkiin-brose-moottoreihin\\\/#primaryimage\",\"url\":\"https:\\\/\\\/ebikespareparts.fi\\\/wp-content\\\/uploads\\\/2025\\\/03\\\/EMQjU8qNBgJnul6kiHVjuM1OZvAVvtVNQCkgFgdJh2WEe3GSYx.jpg\",\"contentUrl\":\"https:\\\/\\\/ebikespareparts.fi\\\/wp-content\\\/uploads\\\/2025\\\/03\\\/EMQjU8qNBgJnul6kiHVjuM1OZvAVvtVNQCkgFgdJh2WEe3GSYx.jpg\",\"width\":1000,\"height\":948,\"caption\":\"EMQjU8qNBgJnul6kiHVjuM1OZvAVvtVNQCkgFgdJh2WEe3GSYx\"},{\"@type\":\"BreadcrumbList\",\"@id\":\"https:\\\/\\\/ebikespareparts.fi\\\/tuote\\\/plb20145-laakeritiiviste-sopii-kaikkiin-brose-moottoreihin\\\/#breadcrumb\",\"itemListElement\":[{\"@type\":\"ListItem\",\"position\":1,\"name\":\"Etusivu\",\"item\":\"https:\\\/\\\/ebikespareparts.fi\\\/\"},{\"@type\":\"ListItem\",\"position\":2,\"name\":\"Kauppa\",\"item\":\"https:\\\/\\\/ebikespareparts.fi\\\/kauppa\\\/\"},{\"@type\":\"ListItem\",\"position\":3,\"name\":\"PLB20145 Laakeritiiviste sopii kaikkiin Brose-moottoreihin\"}]},{\"@type\":\"WebSite\",\"@id\":\"https:\\\/\\\/ebikespareparts.fi\\\/#website\",\"url\":\"https:\\\/\\\/ebikespareparts.fi\\\/\",\"name\":\"Ebikespareparts.fi\",\"description\":\"S\u00e4hk\u00f6py\u00f6r\u00e4n osat - E-bike osat - Huolto\",\"publisher\":{\"@id\":\"https:\\\/\\\/ebikespareparts.fi\\\/#organization\"},\"potentialAction\":[{\"@type\":\"SearchAction\",\"target\":{\"@type\":\"EntryPoint\",\"urlTemplate\":\"https:\\\/\\\/ebikespareparts.fi\\\/?s={search_term_string}\"},\"query-input\":{\"@type\":\"PropertyValueSpecification\",\"valueRequired\":true,\"valueName\":\"search_term_string\"}}],\"inLanguage\":\"en-GB\"},{\"@type\":\"Organization\",\"@id\":\"https:\\\/\\\/ebikespareparts.fi\\\/#organization\",\"name\":\"Ebikespareparts.fi\",\"url\":\"https:\\\/\\\/ebikespareparts.fi\\\/\",\"logo\":{\"@type\":\"ImageObject\",\"inLanguage\":\"en-GB\",\"@id\":\"https:\\\/\\\/ebikespareparts.fi\\\/#\\\/schema\\\/logo\\\/image\\\/\",\"url\":\"https:\\\/\\\/ebikespareparts.fi\\\/wp-content\\\/uploads\\\/2024\\\/05\\\/logo-musta-tausta.jpg\",\"contentUrl\":\"https:\\\/\\\/ebikespareparts.fi\\\/wp-content\\\/uploads\\\/2024\\\/05\\\/logo-musta-tausta.jpg\",\"width\":1013,\"height\":950,\"caption\":\"Ebikespareparts.fi\"},\"image\":{\"@id\":\"https:\\\/\\\/ebikespareparts.fi\\\/#\\\/schema\\\/logo\\\/image\\\/\"},\"sameAs\":[\"https:\\\/\\\/www.facebook.com\\\/smhj.fi\"]}]}<\/script>\n<!-- \/ Yoast SEO plugin. -->","yoast_head_json":{"title":"PLB20145 Laakeritiiviste sopii kaikkiin Brose-moottoreihin - Ebikespareparts.fi","robots":{"index":"index","follow":"follow","max-snippet":"max-snippet:-1","max-image-preview":"max-image-preview:large","max-video-preview":"max-video-preview:-1"},"canonical":"https:\/\/ebikespareparts.fi\/en\/product\/plb20145-laakeritiiviste-sopii-kaikkiin-brose-moottoreihin\/","og_locale":"en_GB","og_type":"article","og_title":"PLB20145 Laakeritiiviste sopii kaikkiin Brose-moottoreihin - Ebikespareparts.fi","og_description":"Varhaisissa Brose C, T, TF moottoreissa ei ollut tiivistett\u00e4, joka peitti oikeanpuoleisen kammen akselin laakerin. T\u00e4m\u00e4 tiiviste on eritt\u00e4in tehokas est\u00e4m\u00e4\u00e4n veden ja lian p\u00e4\u00e4syn laakeriin ja lopulta moottoriin. T\u00e4m\u00e4 on my\u00f6s hyv\u00e4 vaihtoehto, jos Brose S- tai S-Mag-tiiviste puuttuu, on kulunut tai vaurioitunut. (1.2-, 1.3-, 2.1- ja 2.2-moottoreille)","og_url":"https:\/\/ebikespareparts.fi\/en\/product\/plb20145-laakeritiiviste-sopii-kaikkiin-brose-moottoreihin\/","og_site_name":"Ebikespareparts.fi","article_publisher":"https:\/\/www.facebook.com\/smhj.fi","article_modified_time":"2026-04-22T00:00:12+00:00","og_image":[{"width":1000,"height":948,"url":"https:\/\/ebikespareparts.fi\/wp-content\/uploads\/2025\/03\/EMQjU8qNBgJnul6kiHVjuM1OZvAVvtVNQCkgFgdJh2WEe3GSYx.jpg","type":"image\/jpeg"}],"twitter_card":"summary_large_image","twitter_misc":{"Estimated reading time":"1 minute"},"schema":{"@context":"https:\/\/schema.org","@graph":[{"@type":"WebPage","@id":"https:\/\/ebikespareparts.fi\/tuote\/plb20145-laakeritiiviste-sopii-kaikkiin-brose-moottoreihin\/","url":"https:\/\/ebikespareparts.fi\/tuote\/plb20145-laakeritiiviste-sopii-kaikkiin-brose-moottoreihin\/","name":"PLB20145 Laakeritiiviste sopii kaikkiin Brose-moottoreihin - Ebikespareparts.fi","isPartOf":{"@id":"https:\/\/ebikespareparts.fi\/#website"},"primaryImageOfPage":{"@id":"https:\/\/ebikespareparts.fi\/tuote\/plb20145-laakeritiiviste-sopii-kaikkiin-brose-moottoreihin\/#primaryimage"},"image":{"@id":"https:\/\/ebikespareparts.fi\/tuote\/plb20145-laakeritiiviste-sopii-kaikkiin-brose-moottoreihin\/#primaryimage"},"thumbnailUrl":"https:\/\/ebikespareparts.fi\/wp-content\/uploads\/2025\/03\/EMQjU8qNBgJnul6kiHVjuM1OZvAVvtVNQCkgFgdJh2WEe3GSYx.jpg","datePublished":"2023-10-03T12:18:23+00:00","dateModified":"2026-04-22T00:00:12+00:00","breadcrumb":{"@id":"https:\/\/ebikespareparts.fi\/tuote\/plb20145-laakeritiiviste-sopii-kaikkiin-brose-moottoreihin\/#breadcrumb"},"inLanguage":"en-GB","potentialAction":[{"@type":"ReadAction","target":["https:\/\/ebikespareparts.fi\/tuote\/plb20145-laakeritiiviste-sopii-kaikkiin-brose-moottoreihin\/"]}]},{"@type":"ImageObject","inLanguage":"en-GB","@id":"https:\/\/ebikespareparts.fi\/tuote\/plb20145-laakeritiiviste-sopii-kaikkiin-brose-moottoreihin\/#primaryimage","url":"https:\/\/ebikespareparts.fi\/wp-content\/uploads\/2025\/03\/EMQjU8qNBgJnul6kiHVjuM1OZvAVvtVNQCkgFgdJh2WEe3GSYx.jpg","contentUrl":"https:\/\/ebikespareparts.fi\/wp-content\/uploads\/2025\/03\/EMQjU8qNBgJnul6kiHVjuM1OZvAVvtVNQCkgFgdJh2WEe3GSYx.jpg","width":1000,"height":948,"caption":"EMQjU8qNBgJnul6kiHVjuM1OZvAVvtVNQCkgFgdJh2WEe3GSYx"},{"@type":"BreadcrumbList","@id":"https:\/\/ebikespareparts.fi\/tuote\/plb20145-laakeritiiviste-sopii-kaikkiin-brose-moottoreihin\/#breadcrumb","itemListElement":[{"@type":"ListItem","position":1,"name":"Etusivu","item":"https:\/\/ebikespareparts.fi\/"},{"@type":"ListItem","position":2,"name":"Kauppa","item":"https:\/\/ebikespareparts.fi\/kauppa\/"},{"@type":"ListItem","position":3,"name":"PLB20145 Laakeritiiviste sopii kaikkiin Brose-moottoreihin"}]},{"@type":"WebSite","@id":"https:\/\/ebikespareparts.fi\/#website","url":"https:\/\/ebikespareparts.fi\/","name":"Ebikespareparts.fi","description":"S\u00e4hk\u00f6py\u00f6r\u00e4n osat - E-bike osat - Huolto","publisher":{"@id":"https:\/\/ebikespareparts.fi\/#organization"},"potentialAction":[{"@type":"SearchAction","target":{"@type":"EntryPoint","urlTemplate":"https:\/\/ebikespareparts.fi\/?s={search_term_string}"},"query-input":{"@type":"PropertyValueSpecification","valueRequired":true,"valueName":"search_term_string"}}],"inLanguage":"en-GB"},{"@type":"Organization","@id":"https:\/\/ebikespareparts.fi\/#organization","name":"Ebikespareparts.fi","url":"https:\/\/ebikespareparts.fi\/","logo":{"@type":"ImageObject","inLanguage":"en-GB","@id":"https:\/\/ebikespareparts.fi\/#\/schema\/logo\/image\/","url":"https:\/\/ebikespareparts.fi\/wp-content\/uploads\/2024\/05\/logo-musta-tausta.jpg","contentUrl":"https:\/\/ebikespareparts.fi\/wp-content\/uploads\/2024\/05\/logo-musta-tausta.jpg","width":1013,"height":950,"caption":"Ebikespareparts.fi"},"image":{"@id":"https:\/\/ebikespareparts.fi\/#\/schema\/logo\/image\/"},"sameAs":["https:\/\/www.facebook.com\/smhj.fi"]}]}},"_links":{"self":[{"href":"https:\/\/ebikespareparts.fi\/en\/wp-json\/wp\/v2\/product\/384","targetHints":{"allow":["GET"]}}],"collection":[{"href":"https:\/\/ebikespareparts.fi\/en\/wp-json\/wp\/v2\/product"}],"about":[{"href":"https:\/\/ebikespareparts.fi\/en\/wp-json\/wp\/v2\/types\/product"}],"replies":[{"embeddable":true,"href":"https:\/\/ebikespareparts.fi\/en\/wp-json\/wp\/v2\/comments?post=384"}],"version-history":[{"count":1,"href":"https:\/\/ebikespareparts.fi\/en\/wp-json\/wp\/v2\/product\/384\/revisions"}],"predecessor-version":[{"id":49154,"href":"https:\/\/ebikespareparts.fi\/en\/wp-json\/wp\/v2\/product\/384\/revisions\/49154"}],"wp:featuredmedia":[{"embeddable":true,"href":"https:\/\/ebikespareparts.fi\/en\/wp-json\/wp\/v2\/media\/47548"}],"wp:attachment":[{"href":"https:\/\/ebikespareparts.fi\/en\/wp-json\/wp\/v2\/media?parent=384"}],"wp:term":[{"taxonomy":"product_brand","embeddable":true,"href":"https:\/\/ebikespareparts.fi\/en\/wp-json\/wp\/v2\/product_brand?post=384"},{"taxonomy":"product_cat","embeddable":true,"href":"https:\/\/ebikespareparts.fi\/en\/wp-json\/wp\/v2\/product_cat?post=384"},{"taxonomy":"product_tag","embeddable":true,"href":"https:\/\/ebikespareparts.fi\/en\/wp-json\/wp\/v2\/product_tag?post=384"}],"curies":[{"name":"wp","href":"https:\/\/api.w.org\/{rel}","templated":true}]}}