{"id":433,"date":"2023-10-03T15:18:45","date_gmt":"2023-10-03T12:18:45","guid":{"rendered":"https:\/\/ebikespareparts.fi\/?post_type=product&#038;p=433"},"modified":"2026-03-10T15:27:33","modified_gmt":"2026-03-10T13:27:33","slug":"lbhv-laakeripesa-brose-c-t-tf-s-ja-s-mag","status":"publish","type":"product","link":"https:\/\/ebikespareparts.fi\/en\/product\/lbhv-laakeripesa-brose-c-t-tf-s-ja-s-mag\/","title":{"rendered":"LBHV Bearing housing Brose C-, T-, TF-, S- and S-Mag"},"content":{"rendered":"<h4 id=\"tw-target-text\" class=\"tw-data-text tw-text-large tw-ta\" dir=\"ltr\" data-placeholder=\"K\u00e4\u00e4nn\u00f6s\"><span class=\"Y2IQFc\" lang=\"fi\">Bearing housing<\/span><strong><span class=\"Y2IQFc\" lang=\"fi\"> For Brose C-, T-, TF-, S- and S-Mag pulley drive bearing.<\/span><\/strong><\/h4>\n<p><span class=\"Y2IQFc\" lang=\"fi\">This special hardened bearing ring fits Brose C, T, TF, S &amp; S-Mag 2.1 &amp; 2.2 models. The large drive pulley includes the one-way clutch bearing and its pulley. <\/span><span class=\"Y2IQFc\" lang=\"fi\">This can be worn or damaged by rust, bearing failure, etc. It can also be damaged when trying to remove the bearing itself. The bearing surface of the clutch MUST be smooth, clean and lubricated with the correct grease otherwise the bearing will not function correctly.<\/span><\/p>","protected":false},"excerpt":{"rendered":"<p>Laakeripes\u00e4 Brose C-, T-, TF-, S- ja S-Mag-hihnapy\u00f6r\u00e4n vetolaakerille. T\u00e4m\u00e4 erikoiskarkaistu laakerikeh\u00e4 sopii Brose C, T, TF, S &amp; S-Mag 2.1 &amp; 2.2 malleihin. Suuri vetohihnapy\u00f6r\u00e4 sis\u00e4lt\u00e4\u00e4 yksisuuntaisen kytkimen laakerin ja sen py\u00f6r\u00e4n. T\u00e4m\u00e4 voi kulua tai vaurioitua ruosteesta, laakerin rikkoutumisesta jne. Se voi my\u00f6s vaurioitua yritt\u00e4ess\u00e4 poistaa itse laakeria. Kytkimen laakeri pinnan T\u00c4YTYY olla <a href=\"https:\/\/ebikespareparts.fi\/en\/product\/lbhv-laakeripesa-brose-c-t-tf-s-ja-s-mag\/\" class=\"more-link\">&#8230;<span class=\"screen-reader-text\">  LBHV Bearing housing Brose C-, T-, TF-, S- and S-Mag<\/span><\/a><\/p>","protected":false},"featured_media":47472,"comment_status":"open","ping_status":"closed","template":"","meta":{"_acf_changed":false},"product_brand":[],"product_cat":[37],"product_tag":[],"class_list":{"0":"post-433","1":"product","2":"type-product","3":"status-publish","4":"has-post-thumbnail","6":"product_cat-brose-laakerit","8":"first","9":"outofstock","10":"taxable","11":"shipping-taxable","12":"purchasable","13":"product-type-simple"},"acf":[],"yoast_head":"<!-- This site is optimized with the Yoast SEO plugin v27.5 - https:\/\/yoast.com\/product\/yoast-seo-wordpress\/ -->\n<title>LBHV Laakeripes\u00e4 Brose C-, T-, TF-, S- ja S-Mag - Ebikespareparts.fi<\/title>\n<meta name=\"robots\" content=\"index, follow, max-snippet:-1, max-image-preview:large, max-video-preview:-1\" \/>\n<link rel=\"canonical\" href=\"https:\/\/ebikespareparts.fi\/en\/product\/lbhv-laakeripesa-brose-c-t-tf-s-ja-s-mag\/\" \/>\n<meta property=\"og:locale\" content=\"en_GB\" \/>\n<meta property=\"og:type\" content=\"article\" \/>\n<meta property=\"og:title\" content=\"LBHV Laakeripes\u00e4 Brose C-, T-, TF-, S- ja S-Mag - Ebikespareparts.fi\" \/>\n<meta property=\"og:description\" content=\"Laakeripes\u00e4 Brose C-, T-, TF-, S- ja S-Mag-hihnapy\u00f6r\u00e4n vetolaakerille. T\u00e4m\u00e4 erikoiskarkaistu laakerikeh\u00e4 sopii Brose C, T, TF, S &amp; S-Mag 2.1 &amp; 2.2 malleihin. Suuri vetohihnapy\u00f6r\u00e4 sis\u00e4lt\u00e4\u00e4 yksisuuntaisen kytkimen laakerin ja sen py\u00f6r\u00e4n. T\u00e4m\u00e4 voi kulua tai vaurioitua ruosteesta, laakerin rikkoutumisesta jne. Se voi my\u00f6s vaurioitua yritt\u00e4ess\u00e4 poistaa itse laakeria. Kytkimen laakeri pinnan T\u00c4YTYY olla ... LBHV Laakeripes\u00e4 Brose C-, T-, TF-, S- ja S-Mag\" \/>\n<meta property=\"og:url\" content=\"https:\/\/ebikespareparts.fi\/en\/product\/lbhv-laakeripesa-brose-c-t-tf-s-ja-s-mag\/\" \/>\n<meta property=\"og:site_name\" content=\"Ebikespareparts.fi\" \/>\n<meta property=\"article:publisher\" content=\"https:\/\/www.facebook.com\/smhj.fi\" \/>\n<meta property=\"article:modified_time\" content=\"2026-03-10T13:27:33+00:00\" \/>\n<meta property=\"og:image\" content=\"https:\/\/ebikespareparts.fi\/wp-content\/uploads\/2025\/03\/djuEJIMWENEeVjbPv3nK3wqMUALZSDG9VChEqXqyirZgmdqzcj.jpg\" \/>\n\t<meta property=\"og:image:width\" content=\"1000\" \/>\n\t<meta property=\"og:image:height\" content=\"914\" \/>\n\t<meta property=\"og:image:type\" content=\"image\/jpeg\" \/>\n<meta name=\"twitter:card\" content=\"summary_large_image\" \/>\n<meta name=\"twitter:label1\" content=\"Estimated reading time\" \/>\n\t<meta name=\"twitter:data1\" content=\"1 minute\" \/>\n<script type=\"application\/ld+json\" class=\"yoast-schema-graph\">{\"@context\":\"https:\\\/\\\/schema.org\",\"@graph\":[{\"@type\":\"WebPage\",\"@id\":\"https:\\\/\\\/ebikespareparts.fi\\\/tuote\\\/lbhv-laakeripesa-brose-c-t-tf-s-ja-s-mag\\\/\",\"url\":\"https:\\\/\\\/ebikespareparts.fi\\\/tuote\\\/lbhv-laakeripesa-brose-c-t-tf-s-ja-s-mag\\\/\",\"name\":\"LBHV Laakeripes\u00e4 Brose C-, T-, TF-, S- ja S-Mag - Ebikespareparts.fi\",\"isPartOf\":{\"@id\":\"https:\\\/\\\/ebikespareparts.fi\\\/#website\"},\"primaryImageOfPage\":{\"@id\":\"https:\\\/\\\/ebikespareparts.fi\\\/tuote\\\/lbhv-laakeripesa-brose-c-t-tf-s-ja-s-mag\\\/#primaryimage\"},\"image\":{\"@id\":\"https:\\\/\\\/ebikespareparts.fi\\\/tuote\\\/lbhv-laakeripesa-brose-c-t-tf-s-ja-s-mag\\\/#primaryimage\"},\"thumbnailUrl\":\"https:\\\/\\\/ebikespareparts.fi\\\/wp-content\\\/uploads\\\/2025\\\/03\\\/djuEJIMWENEeVjbPv3nK3wqMUALZSDG9VChEqXqyirZgmdqzcj.jpg\",\"datePublished\":\"2023-10-03T12:18:45+00:00\",\"dateModified\":\"2026-03-10T13:27:33+00:00\",\"breadcrumb\":{\"@id\":\"https:\\\/\\\/ebikespareparts.fi\\\/tuote\\\/lbhv-laakeripesa-brose-c-t-tf-s-ja-s-mag\\\/#breadcrumb\"},\"inLanguage\":\"en-GB\",\"potentialAction\":[{\"@type\":\"ReadAction\",\"target\":[\"https:\\\/\\\/ebikespareparts.fi\\\/tuote\\\/lbhv-laakeripesa-brose-c-t-tf-s-ja-s-mag\\\/\"]}]},{\"@type\":\"ImageObject\",\"inLanguage\":\"en-GB\",\"@id\":\"https:\\\/\\\/ebikespareparts.fi\\\/tuote\\\/lbhv-laakeripesa-brose-c-t-tf-s-ja-s-mag\\\/#primaryimage\",\"url\":\"https:\\\/\\\/ebikespareparts.fi\\\/wp-content\\\/uploads\\\/2025\\\/03\\\/djuEJIMWENEeVjbPv3nK3wqMUALZSDG9VChEqXqyirZgmdqzcj.jpg\",\"contentUrl\":\"https:\\\/\\\/ebikespareparts.fi\\\/wp-content\\\/uploads\\\/2025\\\/03\\\/djuEJIMWENEeVjbPv3nK3wqMUALZSDG9VChEqXqyirZgmdqzcj.jpg\",\"width\":1000,\"height\":914,\"caption\":\"djuEJIMWENEeVjbPv3nK3wqMUALZSDG9VChEqXqyirZgmdqzcj\"},{\"@type\":\"BreadcrumbList\",\"@id\":\"https:\\\/\\\/ebikespareparts.fi\\\/tuote\\\/lbhv-laakeripesa-brose-c-t-tf-s-ja-s-mag\\\/#breadcrumb\",\"itemListElement\":[{\"@type\":\"ListItem\",\"position\":1,\"name\":\"Etusivu\",\"item\":\"https:\\\/\\\/ebikespareparts.fi\\\/\"},{\"@type\":\"ListItem\",\"position\":2,\"name\":\"Kauppa\",\"item\":\"https:\\\/\\\/ebikespareparts.fi\\\/kauppa\\\/\"},{\"@type\":\"ListItem\",\"position\":3,\"name\":\"LBHV Laakeripes\u00e4 Brose C-, T-, TF-, S- ja S-Mag\"}]},{\"@type\":\"WebSite\",\"@id\":\"https:\\\/\\\/ebikespareparts.fi\\\/#website\",\"url\":\"https:\\\/\\\/ebikespareparts.fi\\\/\",\"name\":\"Ebikespareparts.fi\",\"description\":\"S\u00e4hk\u00f6py\u00f6r\u00e4n osat - E-bike osat - Huolto\",\"publisher\":{\"@id\":\"https:\\\/\\\/ebikespareparts.fi\\\/#organization\"},\"potentialAction\":[{\"@type\":\"SearchAction\",\"target\":{\"@type\":\"EntryPoint\",\"urlTemplate\":\"https:\\\/\\\/ebikespareparts.fi\\\/?s={search_term_string}\"},\"query-input\":{\"@type\":\"PropertyValueSpecification\",\"valueRequired\":true,\"valueName\":\"search_term_string\"}}],\"inLanguage\":\"en-GB\"},{\"@type\":\"Organization\",\"@id\":\"https:\\\/\\\/ebikespareparts.fi\\\/#organization\",\"name\":\"Ebikespareparts.fi\",\"url\":\"https:\\\/\\\/ebikespareparts.fi\\\/\",\"logo\":{\"@type\":\"ImageObject\",\"inLanguage\":\"en-GB\",\"@id\":\"https:\\\/\\\/ebikespareparts.fi\\\/#\\\/schema\\\/logo\\\/image\\\/\",\"url\":\"https:\\\/\\\/ebikespareparts.fi\\\/wp-content\\\/uploads\\\/2024\\\/05\\\/logo-musta-tausta.jpg\",\"contentUrl\":\"https:\\\/\\\/ebikespareparts.fi\\\/wp-content\\\/uploads\\\/2024\\\/05\\\/logo-musta-tausta.jpg\",\"width\":1013,\"height\":950,\"caption\":\"Ebikespareparts.fi\"},\"image\":{\"@id\":\"https:\\\/\\\/ebikespareparts.fi\\\/#\\\/schema\\\/logo\\\/image\\\/\"},\"sameAs\":[\"https:\\\/\\\/www.facebook.com\\\/smhj.fi\"]}]}<\/script>\n<!-- \/ Yoast SEO plugin. -->","yoast_head_json":{"title":"LBHV Laakeripes\u00e4 Brose C-, T-, TF-, S- ja S-Mag - Ebikespareparts.fi","robots":{"index":"index","follow":"follow","max-snippet":"max-snippet:-1","max-image-preview":"max-image-preview:large","max-video-preview":"max-video-preview:-1"},"canonical":"https:\/\/ebikespareparts.fi\/en\/product\/lbhv-laakeripesa-brose-c-t-tf-s-ja-s-mag\/","og_locale":"en_GB","og_type":"article","og_title":"LBHV Laakeripes\u00e4 Brose C-, T-, TF-, S- ja S-Mag - Ebikespareparts.fi","og_description":"Laakeripes\u00e4 Brose C-, T-, TF-, S- ja S-Mag-hihnapy\u00f6r\u00e4n vetolaakerille. T\u00e4m\u00e4 erikoiskarkaistu laakerikeh\u00e4 sopii Brose C, T, TF, S &amp; S-Mag 2.1 &amp; 2.2 malleihin. Suuri vetohihnapy\u00f6r\u00e4 sis\u00e4lt\u00e4\u00e4 yksisuuntaisen kytkimen laakerin ja sen py\u00f6r\u00e4n. T\u00e4m\u00e4 voi kulua tai vaurioitua ruosteesta, laakerin rikkoutumisesta jne. Se voi my\u00f6s vaurioitua yritt\u00e4ess\u00e4 poistaa itse laakeria. Kytkimen laakeri pinnan T\u00c4YTYY olla ... LBHV Laakeripes\u00e4 Brose C-, T-, TF-, S- ja S-Mag","og_url":"https:\/\/ebikespareparts.fi\/en\/product\/lbhv-laakeripesa-brose-c-t-tf-s-ja-s-mag\/","og_site_name":"Ebikespareparts.fi","article_publisher":"https:\/\/www.facebook.com\/smhj.fi","article_modified_time":"2026-03-10T13:27:33+00:00","og_image":[{"width":1000,"height":914,"url":"https:\/\/ebikespareparts.fi\/wp-content\/uploads\/2025\/03\/djuEJIMWENEeVjbPv3nK3wqMUALZSDG9VChEqXqyirZgmdqzcj.jpg","type":"image\/jpeg"}],"twitter_card":"summary_large_image","twitter_misc":{"Estimated reading time":"1 minute"},"schema":{"@context":"https:\/\/schema.org","@graph":[{"@type":"WebPage","@id":"https:\/\/ebikespareparts.fi\/tuote\/lbhv-laakeripesa-brose-c-t-tf-s-ja-s-mag\/","url":"https:\/\/ebikespareparts.fi\/tuote\/lbhv-laakeripesa-brose-c-t-tf-s-ja-s-mag\/","name":"LBHV Laakeripes\u00e4 Brose C-, T-, TF-, S- ja S-Mag - Ebikespareparts.fi","isPartOf":{"@id":"https:\/\/ebikespareparts.fi\/#website"},"primaryImageOfPage":{"@id":"https:\/\/ebikespareparts.fi\/tuote\/lbhv-laakeripesa-brose-c-t-tf-s-ja-s-mag\/#primaryimage"},"image":{"@id":"https:\/\/ebikespareparts.fi\/tuote\/lbhv-laakeripesa-brose-c-t-tf-s-ja-s-mag\/#primaryimage"},"thumbnailUrl":"https:\/\/ebikespareparts.fi\/wp-content\/uploads\/2025\/03\/djuEJIMWENEeVjbPv3nK3wqMUALZSDG9VChEqXqyirZgmdqzcj.jpg","datePublished":"2023-10-03T12:18:45+00:00","dateModified":"2026-03-10T13:27:33+00:00","breadcrumb":{"@id":"https:\/\/ebikespareparts.fi\/tuote\/lbhv-laakeripesa-brose-c-t-tf-s-ja-s-mag\/#breadcrumb"},"inLanguage":"en-GB","potentialAction":[{"@type":"ReadAction","target":["https:\/\/ebikespareparts.fi\/tuote\/lbhv-laakeripesa-brose-c-t-tf-s-ja-s-mag\/"]}]},{"@type":"ImageObject","inLanguage":"en-GB","@id":"https:\/\/ebikespareparts.fi\/tuote\/lbhv-laakeripesa-brose-c-t-tf-s-ja-s-mag\/#primaryimage","url":"https:\/\/ebikespareparts.fi\/wp-content\/uploads\/2025\/03\/djuEJIMWENEeVjbPv3nK3wqMUALZSDG9VChEqXqyirZgmdqzcj.jpg","contentUrl":"https:\/\/ebikespareparts.fi\/wp-content\/uploads\/2025\/03\/djuEJIMWENEeVjbPv3nK3wqMUALZSDG9VChEqXqyirZgmdqzcj.jpg","width":1000,"height":914,"caption":"djuEJIMWENEeVjbPv3nK3wqMUALZSDG9VChEqXqyirZgmdqzcj"},{"@type":"BreadcrumbList","@id":"https:\/\/ebikespareparts.fi\/tuote\/lbhv-laakeripesa-brose-c-t-tf-s-ja-s-mag\/#breadcrumb","itemListElement":[{"@type":"ListItem","position":1,"name":"Etusivu","item":"https:\/\/ebikespareparts.fi\/"},{"@type":"ListItem","position":2,"name":"Kauppa","item":"https:\/\/ebikespareparts.fi\/kauppa\/"},{"@type":"ListItem","position":3,"name":"LBHV Laakeripes\u00e4 Brose C-, T-, TF-, S- ja S-Mag"}]},{"@type":"WebSite","@id":"https:\/\/ebikespareparts.fi\/#website","url":"https:\/\/ebikespareparts.fi\/","name":"Ebikespareparts.fi","description":"S\u00e4hk\u00f6py\u00f6r\u00e4n osat - E-bike osat - Huolto","publisher":{"@id":"https:\/\/ebikespareparts.fi\/#organization"},"potentialAction":[{"@type":"SearchAction","target":{"@type":"EntryPoint","urlTemplate":"https:\/\/ebikespareparts.fi\/?s={search_term_string}"},"query-input":{"@type":"PropertyValueSpecification","valueRequired":true,"valueName":"search_term_string"}}],"inLanguage":"en-GB"},{"@type":"Organization","@id":"https:\/\/ebikespareparts.fi\/#organization","name":"Ebikespareparts.fi","url":"https:\/\/ebikespareparts.fi\/","logo":{"@type":"ImageObject","inLanguage":"en-GB","@id":"https:\/\/ebikespareparts.fi\/#\/schema\/logo\/image\/","url":"https:\/\/ebikespareparts.fi\/wp-content\/uploads\/2024\/05\/logo-musta-tausta.jpg","contentUrl":"https:\/\/ebikespareparts.fi\/wp-content\/uploads\/2024\/05\/logo-musta-tausta.jpg","width":1013,"height":950,"caption":"Ebikespareparts.fi"},"image":{"@id":"https:\/\/ebikespareparts.fi\/#\/schema\/logo\/image\/"},"sameAs":["https:\/\/www.facebook.com\/smhj.fi"]}]}},"_links":{"self":[{"href":"https:\/\/ebikespareparts.fi\/en\/wp-json\/wp\/v2\/product\/433","targetHints":{"allow":["GET"]}}],"collection":[{"href":"https:\/\/ebikespareparts.fi\/en\/wp-json\/wp\/v2\/product"}],"about":[{"href":"https:\/\/ebikespareparts.fi\/en\/wp-json\/wp\/v2\/types\/product"}],"replies":[{"embeddable":true,"href":"https:\/\/ebikespareparts.fi\/en\/wp-json\/wp\/v2\/comments?post=433"}],"version-history":[{"count":1,"href":"https:\/\/ebikespareparts.fi\/en\/wp-json\/wp\/v2\/product\/433\/revisions"}],"predecessor-version":[{"id":49193,"href":"https:\/\/ebikespareparts.fi\/en\/wp-json\/wp\/v2\/product\/433\/revisions\/49193"}],"wp:featuredmedia":[{"embeddable":true,"href":"https:\/\/ebikespareparts.fi\/en\/wp-json\/wp\/v2\/media\/47472"}],"wp:attachment":[{"href":"https:\/\/ebikespareparts.fi\/en\/wp-json\/wp\/v2\/media?parent=433"}],"wp:term":[{"taxonomy":"product_brand","embeddable":true,"href":"https:\/\/ebikespareparts.fi\/en\/wp-json\/wp\/v2\/product_brand?post=433"},{"taxonomy":"product_cat","embeddable":true,"href":"https:\/\/ebikespareparts.fi\/en\/wp-json\/wp\/v2\/product_cat?post=433"},{"taxonomy":"product_tag","embeddable":true,"href":"https:\/\/ebikespareparts.fi\/en\/wp-json\/wp\/v2\/product_tag?post=433"}],"curies":[{"name":"wp","href":"https:\/\/api.w.org\/{rel}","templated":true}]}}