{"id":45919,"date":"2023-11-02T14:45:41","date_gmt":"2023-11-02T12:45:41","guid":{"rendered":"https:\/\/ebikespareparts.fi\/?post_type=product&#038;p=45919"},"modified":"2026-03-10T15:27:33","modified_gmt":"2026-03-10T13:27:33","slug":"br642-brose-nopeusanturin-kaapeli-420-mm","status":"publish","type":"product","link":"https:\/\/ebikespareparts.fi\/en\/product\/br642-brose-nopeusanturin-kaapeli-420-mm\/","title":{"rendered":"BR642 BROSE speed sensor cable 420 mm"},"content":{"rendered":"<h3>BR642 BROSE speed sensor cable 420 mm<\/h3>\n<h4>Brose speed sensor. The engine determines important driving data via the rear wheel speed sensor.  If the speed sensor is faulty, you can easily replace it.  The speed sensor is available in different cable lengths to ensure perfect integration with the electric bike.<\/h4>","protected":false},"excerpt":{"rendered":"<p>BR642 BROSE nopeusanturin kaapeli 420 mm Brose-nopeussensori. Moottori m\u00e4\u00e4ritt\u00e4\u00e4 t\u00e4rke\u00e4t ajotiedot takapy\u00f6r\u00e4n nopeusanturin kautta. Jos nopeusanturi on viallinen, voit vaihtaa sen helposti. Nopeusanturia on saatavana eri pituisina johtoina, jotta se integroituu t\u00e4ydellisesti s\u00e4hk\u00f6py\u00f6r\u00e4\u00e4n.<\/p>","protected":false},"featured_media":47362,"comment_status":"open","ping_status":"closed","template":"","meta":{"_acf_changed":false},"product_brand":[],"product_cat":[131],"product_tag":[],"class_list":{"0":"post-45919","1":"product","2":"type-product","3":"status-publish","4":"has-post-thumbnail","6":"product_cat-brose-moottorit-ja-varaosat","8":"first","9":"instock","10":"taxable","11":"shipping-taxable","12":"purchasable","13":"product-type-simple"},"acf":[],"yoast_head":"<!-- This site is optimized with the Yoast SEO plugin v27.5 - https:\/\/yoast.com\/product\/yoast-seo-wordpress\/ -->\n<title>BR642 BROSE nopeusanturin kaapeli 420 mm - Ebikespareparts.fi<\/title>\n<meta name=\"robots\" content=\"index, follow, max-snippet:-1, max-image-preview:large, max-video-preview:-1\" \/>\n<link rel=\"canonical\" href=\"https:\/\/ebikespareparts.fi\/en\/product\/br642-brose-nopeusanturin-kaapeli-420-mm\/\" \/>\n<meta property=\"og:locale\" content=\"en_GB\" \/>\n<meta property=\"og:type\" content=\"article\" \/>\n<meta property=\"og:title\" content=\"BR642 BROSE nopeusanturin kaapeli 420 mm - Ebikespareparts.fi\" \/>\n<meta property=\"og:description\" content=\"BR642 BROSE nopeusanturin kaapeli 420 mm Brose-nopeussensori. Moottori m\u00e4\u00e4ritt\u00e4\u00e4 t\u00e4rke\u00e4t ajotiedot takapy\u00f6r\u00e4n nopeusanturin kautta. Jos nopeusanturi on viallinen, voit vaihtaa sen helposti. Nopeusanturia on saatavana eri pituisina johtoina, jotta se integroituu t\u00e4ydellisesti s\u00e4hk\u00f6py\u00f6r\u00e4\u00e4n.\" \/>\n<meta property=\"og:url\" content=\"https:\/\/ebikespareparts.fi\/en\/product\/br642-brose-nopeusanturin-kaapeli-420-mm\/\" \/>\n<meta property=\"og:site_name\" content=\"Ebikespareparts.fi\" \/>\n<meta property=\"article:publisher\" content=\"https:\/\/www.facebook.com\/smhj.fi\" \/>\n<meta property=\"article:modified_time\" content=\"2026-03-10T13:27:33+00:00\" \/>\n<meta property=\"og:image\" content=\"https:\/\/ebikespareparts.fi\/wp-content\/uploads\/2023\/11\/brose-speed-sensor.jpg\" \/>\n\t<meta property=\"og:image:width\" content=\"1000\" \/>\n\t<meta property=\"og:image:height\" content=\"1000\" \/>\n\t<meta property=\"og:image:type\" content=\"image\/jpeg\" \/>\n<meta name=\"twitter:card\" content=\"summary_large_image\" \/>\n<meta name=\"twitter:label1\" content=\"Estimated reading time\" \/>\n\t<meta name=\"twitter:data1\" content=\"1 minute\" \/>\n<script type=\"application\/ld+json\" class=\"yoast-schema-graph\">{\"@context\":\"https:\\\/\\\/schema.org\",\"@graph\":[{\"@type\":\"WebPage\",\"@id\":\"https:\\\/\\\/ebikespareparts.fi\\\/tuote\\\/br642-brose-nopeusanturin-kaapeli-420-mm\\\/\",\"url\":\"https:\\\/\\\/ebikespareparts.fi\\\/tuote\\\/br642-brose-nopeusanturin-kaapeli-420-mm\\\/\",\"name\":\"BR642 BROSE nopeusanturin kaapeli 420 mm - Ebikespareparts.fi\",\"isPartOf\":{\"@id\":\"https:\\\/\\\/ebikespareparts.fi\\\/#website\"},\"primaryImageOfPage\":{\"@id\":\"https:\\\/\\\/ebikespareparts.fi\\\/tuote\\\/br642-brose-nopeusanturin-kaapeli-420-mm\\\/#primaryimage\"},\"image\":{\"@id\":\"https:\\\/\\\/ebikespareparts.fi\\\/tuote\\\/br642-brose-nopeusanturin-kaapeli-420-mm\\\/#primaryimage\"},\"thumbnailUrl\":\"https:\\\/\\\/ebikespareparts.fi\\\/wp-content\\\/uploads\\\/2025\\\/03\\\/UcPfTTgstk0rYcYQlUF1smeBAhQ9PcwfdU1dL2NW8iJrZ73ZhW.jpg\",\"datePublished\":\"2023-11-02T12:45:41+00:00\",\"dateModified\":\"2026-03-10T13:27:33+00:00\",\"breadcrumb\":{\"@id\":\"https:\\\/\\\/ebikespareparts.fi\\\/tuote\\\/br642-brose-nopeusanturin-kaapeli-420-mm\\\/#breadcrumb\"},\"inLanguage\":\"en-GB\",\"potentialAction\":[{\"@type\":\"ReadAction\",\"target\":[\"https:\\\/\\\/ebikespareparts.fi\\\/tuote\\\/br642-brose-nopeusanturin-kaapeli-420-mm\\\/\"]}]},{\"@type\":\"ImageObject\",\"inLanguage\":\"en-GB\",\"@id\":\"https:\\\/\\\/ebikespareparts.fi\\\/tuote\\\/br642-brose-nopeusanturin-kaapeli-420-mm\\\/#primaryimage\",\"url\":\"https:\\\/\\\/ebikespareparts.fi\\\/wp-content\\\/uploads\\\/2025\\\/03\\\/UcPfTTgstk0rYcYQlUF1smeBAhQ9PcwfdU1dL2NW8iJrZ73ZhW.jpg\",\"contentUrl\":\"https:\\\/\\\/ebikespareparts.fi\\\/wp-content\\\/uploads\\\/2025\\\/03\\\/UcPfTTgstk0rYcYQlUF1smeBAhQ9PcwfdU1dL2NW8iJrZ73ZhW.jpg\",\"width\":1000,\"height\":1000,\"caption\":\"UcPfTTgstk0rYcYQlUF1smeBAhQ9PcwfdU1dL2NW8iJrZ73ZhW\"},{\"@type\":\"BreadcrumbList\",\"@id\":\"https:\\\/\\\/ebikespareparts.fi\\\/tuote\\\/br642-brose-nopeusanturin-kaapeli-420-mm\\\/#breadcrumb\",\"itemListElement\":[{\"@type\":\"ListItem\",\"position\":1,\"name\":\"Etusivu\",\"item\":\"https:\\\/\\\/ebikespareparts.fi\\\/\"},{\"@type\":\"ListItem\",\"position\":2,\"name\":\"Kauppa\",\"item\":\"https:\\\/\\\/ebikespareparts.fi\\\/kauppa\\\/\"},{\"@type\":\"ListItem\",\"position\":3,\"name\":\"BR642 BROSE nopeusanturin kaapeli 420 mm\"}]},{\"@type\":\"WebSite\",\"@id\":\"https:\\\/\\\/ebikespareparts.fi\\\/#website\",\"url\":\"https:\\\/\\\/ebikespareparts.fi\\\/\",\"name\":\"Ebikespareparts.fi\",\"description\":\"S\u00e4hk\u00f6py\u00f6r\u00e4n osat - E-bike osat - Huolto\",\"publisher\":{\"@id\":\"https:\\\/\\\/ebikespareparts.fi\\\/#organization\"},\"potentialAction\":[{\"@type\":\"SearchAction\",\"target\":{\"@type\":\"EntryPoint\",\"urlTemplate\":\"https:\\\/\\\/ebikespareparts.fi\\\/?s={search_term_string}\"},\"query-input\":{\"@type\":\"PropertyValueSpecification\",\"valueRequired\":true,\"valueName\":\"search_term_string\"}}],\"inLanguage\":\"en-GB\"},{\"@type\":\"Organization\",\"@id\":\"https:\\\/\\\/ebikespareparts.fi\\\/#organization\",\"name\":\"Ebikespareparts.fi\",\"url\":\"https:\\\/\\\/ebikespareparts.fi\\\/\",\"logo\":{\"@type\":\"ImageObject\",\"inLanguage\":\"en-GB\",\"@id\":\"https:\\\/\\\/ebikespareparts.fi\\\/#\\\/schema\\\/logo\\\/image\\\/\",\"url\":\"https:\\\/\\\/ebikespareparts.fi\\\/wp-content\\\/uploads\\\/2024\\\/05\\\/logo-musta-tausta.jpg\",\"contentUrl\":\"https:\\\/\\\/ebikespareparts.fi\\\/wp-content\\\/uploads\\\/2024\\\/05\\\/logo-musta-tausta.jpg\",\"width\":1013,\"height\":950,\"caption\":\"Ebikespareparts.fi\"},\"image\":{\"@id\":\"https:\\\/\\\/ebikespareparts.fi\\\/#\\\/schema\\\/logo\\\/image\\\/\"},\"sameAs\":[\"https:\\\/\\\/www.facebook.com\\\/smhj.fi\"]}]}<\/script>\n<!-- \/ Yoast SEO plugin. -->","yoast_head_json":{"title":"BR642 BROSE nopeusanturin kaapeli 420 mm - Ebikespareparts.fi","robots":{"index":"index","follow":"follow","max-snippet":"max-snippet:-1","max-image-preview":"max-image-preview:large","max-video-preview":"max-video-preview:-1"},"canonical":"https:\/\/ebikespareparts.fi\/en\/product\/br642-brose-nopeusanturin-kaapeli-420-mm\/","og_locale":"en_GB","og_type":"article","og_title":"BR642 BROSE nopeusanturin kaapeli 420 mm - Ebikespareparts.fi","og_description":"BR642 BROSE nopeusanturin kaapeli 420 mm Brose-nopeussensori. Moottori m\u00e4\u00e4ritt\u00e4\u00e4 t\u00e4rke\u00e4t ajotiedot takapy\u00f6r\u00e4n nopeusanturin kautta. Jos nopeusanturi on viallinen, voit vaihtaa sen helposti. Nopeusanturia on saatavana eri pituisina johtoina, jotta se integroituu t\u00e4ydellisesti s\u00e4hk\u00f6py\u00f6r\u00e4\u00e4n.","og_url":"https:\/\/ebikespareparts.fi\/en\/product\/br642-brose-nopeusanturin-kaapeli-420-mm\/","og_site_name":"Ebikespareparts.fi","article_publisher":"https:\/\/www.facebook.com\/smhj.fi","article_modified_time":"2026-03-10T13:27:33+00:00","og_image":[{"width":1000,"height":1000,"url":"https:\/\/ebikespareparts.fi\/wp-content\/uploads\/2023\/11\/brose-speed-sensor.jpg","type":"image\/jpeg"}],"twitter_card":"summary_large_image","twitter_misc":{"Estimated reading time":"1 minute"},"schema":{"@context":"https:\/\/schema.org","@graph":[{"@type":"WebPage","@id":"https:\/\/ebikespareparts.fi\/tuote\/br642-brose-nopeusanturin-kaapeli-420-mm\/","url":"https:\/\/ebikespareparts.fi\/tuote\/br642-brose-nopeusanturin-kaapeli-420-mm\/","name":"BR642 BROSE nopeusanturin kaapeli 420 mm - Ebikespareparts.fi","isPartOf":{"@id":"https:\/\/ebikespareparts.fi\/#website"},"primaryImageOfPage":{"@id":"https:\/\/ebikespareparts.fi\/tuote\/br642-brose-nopeusanturin-kaapeli-420-mm\/#primaryimage"},"image":{"@id":"https:\/\/ebikespareparts.fi\/tuote\/br642-brose-nopeusanturin-kaapeli-420-mm\/#primaryimage"},"thumbnailUrl":"https:\/\/ebikespareparts.fi\/wp-content\/uploads\/2025\/03\/UcPfTTgstk0rYcYQlUF1smeBAhQ9PcwfdU1dL2NW8iJrZ73ZhW.jpg","datePublished":"2023-11-02T12:45:41+00:00","dateModified":"2026-03-10T13:27:33+00:00","breadcrumb":{"@id":"https:\/\/ebikespareparts.fi\/tuote\/br642-brose-nopeusanturin-kaapeli-420-mm\/#breadcrumb"},"inLanguage":"en-GB","potentialAction":[{"@type":"ReadAction","target":["https:\/\/ebikespareparts.fi\/tuote\/br642-brose-nopeusanturin-kaapeli-420-mm\/"]}]},{"@type":"ImageObject","inLanguage":"en-GB","@id":"https:\/\/ebikespareparts.fi\/tuote\/br642-brose-nopeusanturin-kaapeli-420-mm\/#primaryimage","url":"https:\/\/ebikespareparts.fi\/wp-content\/uploads\/2025\/03\/UcPfTTgstk0rYcYQlUF1smeBAhQ9PcwfdU1dL2NW8iJrZ73ZhW.jpg","contentUrl":"https:\/\/ebikespareparts.fi\/wp-content\/uploads\/2025\/03\/UcPfTTgstk0rYcYQlUF1smeBAhQ9PcwfdU1dL2NW8iJrZ73ZhW.jpg","width":1000,"height":1000,"caption":"UcPfTTgstk0rYcYQlUF1smeBAhQ9PcwfdU1dL2NW8iJrZ73ZhW"},{"@type":"BreadcrumbList","@id":"https:\/\/ebikespareparts.fi\/tuote\/br642-brose-nopeusanturin-kaapeli-420-mm\/#breadcrumb","itemListElement":[{"@type":"ListItem","position":1,"name":"Etusivu","item":"https:\/\/ebikespareparts.fi\/"},{"@type":"ListItem","position":2,"name":"Kauppa","item":"https:\/\/ebikespareparts.fi\/kauppa\/"},{"@type":"ListItem","position":3,"name":"BR642 BROSE nopeusanturin kaapeli 420 mm"}]},{"@type":"WebSite","@id":"https:\/\/ebikespareparts.fi\/#website","url":"https:\/\/ebikespareparts.fi\/","name":"Ebikespareparts.fi","description":"S\u00e4hk\u00f6py\u00f6r\u00e4n osat - E-bike osat - Huolto","publisher":{"@id":"https:\/\/ebikespareparts.fi\/#organization"},"potentialAction":[{"@type":"SearchAction","target":{"@type":"EntryPoint","urlTemplate":"https:\/\/ebikespareparts.fi\/?s={search_term_string}"},"query-input":{"@type":"PropertyValueSpecification","valueRequired":true,"valueName":"search_term_string"}}],"inLanguage":"en-GB"},{"@type":"Organization","@id":"https:\/\/ebikespareparts.fi\/#organization","name":"Ebikespareparts.fi","url":"https:\/\/ebikespareparts.fi\/","logo":{"@type":"ImageObject","inLanguage":"en-GB","@id":"https:\/\/ebikespareparts.fi\/#\/schema\/logo\/image\/","url":"https:\/\/ebikespareparts.fi\/wp-content\/uploads\/2024\/05\/logo-musta-tausta.jpg","contentUrl":"https:\/\/ebikespareparts.fi\/wp-content\/uploads\/2024\/05\/logo-musta-tausta.jpg","width":1013,"height":950,"caption":"Ebikespareparts.fi"},"image":{"@id":"https:\/\/ebikespareparts.fi\/#\/schema\/logo\/image\/"},"sameAs":["https:\/\/www.facebook.com\/smhj.fi"]}]}},"_links":{"self":[{"href":"https:\/\/ebikespareparts.fi\/en\/wp-json\/wp\/v2\/product\/45919","targetHints":{"allow":["GET"]}}],"collection":[{"href":"https:\/\/ebikespareparts.fi\/en\/wp-json\/wp\/v2\/product"}],"about":[{"href":"https:\/\/ebikespareparts.fi\/en\/wp-json\/wp\/v2\/types\/product"}],"replies":[{"embeddable":true,"href":"https:\/\/ebikespareparts.fi\/en\/wp-json\/wp\/v2\/comments?post=45919"}],"version-history":[{"count":0,"href":"https:\/\/ebikespareparts.fi\/en\/wp-json\/wp\/v2\/product\/45919\/revisions"}],"wp:featuredmedia":[{"embeddable":true,"href":"https:\/\/ebikespareparts.fi\/en\/wp-json\/wp\/v2\/media\/47362"}],"wp:attachment":[{"href":"https:\/\/ebikespareparts.fi\/en\/wp-json\/wp\/v2\/media?parent=45919"}],"wp:term":[{"taxonomy":"product_brand","embeddable":true,"href":"https:\/\/ebikespareparts.fi\/en\/wp-json\/wp\/v2\/product_brand?post=45919"},{"taxonomy":"product_cat","embeddable":true,"href":"https:\/\/ebikespareparts.fi\/en\/wp-json\/wp\/v2\/product_cat?post=45919"},{"taxonomy":"product_tag","embeddable":true,"href":"https:\/\/ebikespareparts.fi\/en\/wp-json\/wp\/v2\/product_tag?post=45919"}],"curies":[{"name":"wp","href":"https:\/\/api.w.org\/{rel}","templated":true}]}}