{"id":45921,"date":"2023-11-02T14:59:11","date_gmt":"2023-11-02T12:59:11","guid":{"rendered":"https:\/\/ebikespareparts.fi\/?post_type=product&#038;p=45921"},"modified":"2026-03-10T15:27:05","modified_gmt":"2026-03-10T13:27:05","slug":"br101-brose-ohjausyksikko-allround","status":"publish","type":"product","link":"https:\/\/ebikespareparts.fi\/en\/product\/br101-brose-ohjausyksikko-allround\/","title":{"rendered":"BR101 BROSE control unit Allround"},"content":{"rendered":"<h3>BR101 BROSE control unit Allround<\/h3>\n<h4>The 1.5-inch colour display is easy to read. The low curvature prevents reflections from the sun, making it easy to read at all times and in all conditions. Compatible with the Marquardt Just Drive 3 4311 display with 4 support levels.<\/h4>\n<h4>If you are unsure about the installation, please contact a bike shop or authorised workshop to have the screen installed.<\/h4>","protected":false},"excerpt":{"rendered":"<p>BR101 BROSE ohjausyksikk\u00f6 Allround 1,5 tuuman v\u00e4rin\u00e4ytt\u00f6 on helppolukuinen. Pieni kaarevuus est\u00e4\u00e4 heijastuksia auringosta, joten se on helppo lukea kaikkina aikoina ja kaikissa olosuhteissa. Yhteensopiva Marquardt Just Drive 3 4311 -n\u00e4yt\u00f6n kanssa, jossa on 4 tukitasoa. Mik\u00e4li olet ep\u00e4varma asennuksen suhteen ota yhteytt\u00e4 py\u00f6r\u00e4liikkeeseen tai valtuutettuun korjaamoon n\u00e4yt\u00f6n asentamista varten.<\/p>","protected":false},"featured_media":47570,"comment_status":"open","ping_status":"closed","template":"","meta":{"_acf_changed":false},"product_brand":[],"product_cat":[131],"product_tag":[],"class_list":{"0":"post-45921","1":"product","2":"type-product","3":"status-publish","4":"has-post-thumbnail","6":"product_cat-brose-moottorit-ja-varaosat","8":"first","9":"instock","10":"taxable","11":"shipping-taxable","12":"purchasable","13":"product-type-simple"},"acf":[],"yoast_head":"<!-- This site is optimized with the Yoast SEO plugin v27.5 - https:\/\/yoast.com\/product\/yoast-seo-wordpress\/ -->\n<title>BR101 BROSE ohjausyksikk\u00f6 Allround - Ebikespareparts.fi<\/title>\n<meta name=\"robots\" content=\"index, follow, max-snippet:-1, max-image-preview:large, max-video-preview:-1\" \/>\n<link rel=\"canonical\" href=\"https:\/\/ebikespareparts.fi\/en\/product\/br101-brose-ohjausyksikko-allround\/\" \/>\n<meta property=\"og:locale\" content=\"en_GB\" \/>\n<meta property=\"og:type\" content=\"article\" \/>\n<meta property=\"og:title\" content=\"BR101 BROSE ohjausyksikk\u00f6 Allround - Ebikespareparts.fi\" \/>\n<meta property=\"og:description\" content=\"BR101 BROSE ohjausyksikk\u00f6 Allround 1,5 tuuman v\u00e4rin\u00e4ytt\u00f6 on helppolukuinen. Pieni kaarevuus est\u00e4\u00e4 heijastuksia auringosta, joten se on helppo lukea kaikkina aikoina ja kaikissa olosuhteissa. Yhteensopiva Marquardt Just Drive 3 4311 -n\u00e4yt\u00f6n kanssa, jossa on 4 tukitasoa. Mik\u00e4li olet ep\u00e4varma asennuksen suhteen ota yhteytt\u00e4 py\u00f6r\u00e4liikkeeseen tai valtuutettuun korjaamoon n\u00e4yt\u00f6n asentamista varten.\" \/>\n<meta property=\"og:url\" content=\"https:\/\/ebikespareparts.fi\/en\/product\/br101-brose-ohjausyksikko-allround\/\" \/>\n<meta property=\"og:site_name\" content=\"Ebikespareparts.fi\" \/>\n<meta property=\"article:publisher\" content=\"https:\/\/www.facebook.com\/smhj.fi\" \/>\n<meta property=\"article:modified_time\" content=\"2026-03-10T13:27:05+00:00\" \/>\n<meta property=\"og:image\" content=\"https:\/\/ebikespareparts.fi\/wp-content\/uploads\/2023\/11\/brose-allround-display_3840x2160.jpg\" \/>\n\t<meta property=\"og:image:width\" content=\"775\" \/>\n\t<meta property=\"og:image:height\" content=\"692\" \/>\n\t<meta property=\"og:image:type\" content=\"image\/jpeg\" \/>\n<meta name=\"twitter:card\" content=\"summary_large_image\" \/>\n<meta name=\"twitter:label1\" content=\"Estimated reading time\" \/>\n\t<meta name=\"twitter:data1\" content=\"1 minute\" \/>\n<script type=\"application\/ld+json\" class=\"yoast-schema-graph\">{\"@context\":\"https:\\\/\\\/schema.org\",\"@graph\":[{\"@type\":\"WebPage\",\"@id\":\"https:\\\/\\\/ebikespareparts.fi\\\/tuote\\\/br101-brose-ohjausyksikko-allround\\\/\",\"url\":\"https:\\\/\\\/ebikespareparts.fi\\\/tuote\\\/br101-brose-ohjausyksikko-allround\\\/\",\"name\":\"BR101 BROSE ohjausyksikk\u00f6 Allround - Ebikespareparts.fi\",\"isPartOf\":{\"@id\":\"https:\\\/\\\/ebikespareparts.fi\\\/#website\"},\"primaryImageOfPage\":{\"@id\":\"https:\\\/\\\/ebikespareparts.fi\\\/tuote\\\/br101-brose-ohjausyksikko-allround\\\/#primaryimage\"},\"image\":{\"@id\":\"https:\\\/\\\/ebikespareparts.fi\\\/tuote\\\/br101-brose-ohjausyksikko-allround\\\/#primaryimage\"},\"thumbnailUrl\":\"https:\\\/\\\/ebikespareparts.fi\\\/wp-content\\\/uploads\\\/2025\\\/03\\\/Bm3qnYUrZgrqv2V9phmagAI2lFuazdwuUMB9n4q7yH9ZkzwQUb.jpg\",\"datePublished\":\"2023-11-02T12:59:11+00:00\",\"dateModified\":\"2026-03-10T13:27:05+00:00\",\"breadcrumb\":{\"@id\":\"https:\\\/\\\/ebikespareparts.fi\\\/tuote\\\/br101-brose-ohjausyksikko-allround\\\/#breadcrumb\"},\"inLanguage\":\"en-GB\",\"potentialAction\":[{\"@type\":\"ReadAction\",\"target\":[\"https:\\\/\\\/ebikespareparts.fi\\\/tuote\\\/br101-brose-ohjausyksikko-allround\\\/\"]}]},{\"@type\":\"ImageObject\",\"inLanguage\":\"en-GB\",\"@id\":\"https:\\\/\\\/ebikespareparts.fi\\\/tuote\\\/br101-brose-ohjausyksikko-allround\\\/#primaryimage\",\"url\":\"https:\\\/\\\/ebikespareparts.fi\\\/wp-content\\\/uploads\\\/2025\\\/03\\\/Bm3qnYUrZgrqv2V9phmagAI2lFuazdwuUMB9n4q7yH9ZkzwQUb.jpg\",\"contentUrl\":\"https:\\\/\\\/ebikespareparts.fi\\\/wp-content\\\/uploads\\\/2025\\\/03\\\/Bm3qnYUrZgrqv2V9phmagAI2lFuazdwuUMB9n4q7yH9ZkzwQUb.jpg\",\"width\":775,\"height\":692,\"caption\":\"Bm3qnYUrZgrqv2V9phmagAI2lFuazdwuUMB9n4q7yH9ZkzwQUb\"},{\"@type\":\"BreadcrumbList\",\"@id\":\"https:\\\/\\\/ebikespareparts.fi\\\/tuote\\\/br101-brose-ohjausyksikko-allround\\\/#breadcrumb\",\"itemListElement\":[{\"@type\":\"ListItem\",\"position\":1,\"name\":\"Etusivu\",\"item\":\"https:\\\/\\\/ebikespareparts.fi\\\/\"},{\"@type\":\"ListItem\",\"position\":2,\"name\":\"Kauppa\",\"item\":\"https:\\\/\\\/ebikespareparts.fi\\\/kauppa\\\/\"},{\"@type\":\"ListItem\",\"position\":3,\"name\":\"BR101 BROSE ohjausyksikk\u00f6 Allround\"}]},{\"@type\":\"WebSite\",\"@id\":\"https:\\\/\\\/ebikespareparts.fi\\\/#website\",\"url\":\"https:\\\/\\\/ebikespareparts.fi\\\/\",\"name\":\"Ebikespareparts.fi\",\"description\":\"S\u00e4hk\u00f6py\u00f6r\u00e4n osat - E-bike osat - Huolto\",\"publisher\":{\"@id\":\"https:\\\/\\\/ebikespareparts.fi\\\/#organization\"},\"potentialAction\":[{\"@type\":\"SearchAction\",\"target\":{\"@type\":\"EntryPoint\",\"urlTemplate\":\"https:\\\/\\\/ebikespareparts.fi\\\/?s={search_term_string}\"},\"query-input\":{\"@type\":\"PropertyValueSpecification\",\"valueRequired\":true,\"valueName\":\"search_term_string\"}}],\"inLanguage\":\"en-GB\"},{\"@type\":\"Organization\",\"@id\":\"https:\\\/\\\/ebikespareparts.fi\\\/#organization\",\"name\":\"Ebikespareparts.fi\",\"url\":\"https:\\\/\\\/ebikespareparts.fi\\\/\",\"logo\":{\"@type\":\"ImageObject\",\"inLanguage\":\"en-GB\",\"@id\":\"https:\\\/\\\/ebikespareparts.fi\\\/#\\\/schema\\\/logo\\\/image\\\/\",\"url\":\"https:\\\/\\\/ebikespareparts.fi\\\/wp-content\\\/uploads\\\/2024\\\/05\\\/logo-musta-tausta.jpg\",\"contentUrl\":\"https:\\\/\\\/ebikespareparts.fi\\\/wp-content\\\/uploads\\\/2024\\\/05\\\/logo-musta-tausta.jpg\",\"width\":1013,\"height\":950,\"caption\":\"Ebikespareparts.fi\"},\"image\":{\"@id\":\"https:\\\/\\\/ebikespareparts.fi\\\/#\\\/schema\\\/logo\\\/image\\\/\"},\"sameAs\":[\"https:\\\/\\\/www.facebook.com\\\/smhj.fi\"]}]}<\/script>\n<!-- \/ Yoast SEO plugin. -->","yoast_head_json":{"title":"BR101 BROSE ohjausyksikk\u00f6 Allround - Ebikespareparts.fi","robots":{"index":"index","follow":"follow","max-snippet":"max-snippet:-1","max-image-preview":"max-image-preview:large","max-video-preview":"max-video-preview:-1"},"canonical":"https:\/\/ebikespareparts.fi\/en\/product\/br101-brose-ohjausyksikko-allround\/","og_locale":"en_GB","og_type":"article","og_title":"BR101 BROSE ohjausyksikk\u00f6 Allround - Ebikespareparts.fi","og_description":"BR101 BROSE ohjausyksikk\u00f6 Allround 1,5 tuuman v\u00e4rin\u00e4ytt\u00f6 on helppolukuinen. Pieni kaarevuus est\u00e4\u00e4 heijastuksia auringosta, joten se on helppo lukea kaikkina aikoina ja kaikissa olosuhteissa. Yhteensopiva Marquardt Just Drive 3 4311 -n\u00e4yt\u00f6n kanssa, jossa on 4 tukitasoa. Mik\u00e4li olet ep\u00e4varma asennuksen suhteen ota yhteytt\u00e4 py\u00f6r\u00e4liikkeeseen tai valtuutettuun korjaamoon n\u00e4yt\u00f6n asentamista varten.","og_url":"https:\/\/ebikespareparts.fi\/en\/product\/br101-brose-ohjausyksikko-allround\/","og_site_name":"Ebikespareparts.fi","article_publisher":"https:\/\/www.facebook.com\/smhj.fi","article_modified_time":"2026-03-10T13:27:05+00:00","og_image":[{"width":775,"height":692,"url":"https:\/\/ebikespareparts.fi\/wp-content\/uploads\/2023\/11\/brose-allround-display_3840x2160.jpg","type":"image\/jpeg"}],"twitter_card":"summary_large_image","twitter_misc":{"Estimated reading time":"1 minute"},"schema":{"@context":"https:\/\/schema.org","@graph":[{"@type":"WebPage","@id":"https:\/\/ebikespareparts.fi\/tuote\/br101-brose-ohjausyksikko-allround\/","url":"https:\/\/ebikespareparts.fi\/tuote\/br101-brose-ohjausyksikko-allround\/","name":"BR101 BROSE ohjausyksikk\u00f6 Allround - Ebikespareparts.fi","isPartOf":{"@id":"https:\/\/ebikespareparts.fi\/#website"},"primaryImageOfPage":{"@id":"https:\/\/ebikespareparts.fi\/tuote\/br101-brose-ohjausyksikko-allround\/#primaryimage"},"image":{"@id":"https:\/\/ebikespareparts.fi\/tuote\/br101-brose-ohjausyksikko-allround\/#primaryimage"},"thumbnailUrl":"https:\/\/ebikespareparts.fi\/wp-content\/uploads\/2025\/03\/Bm3qnYUrZgrqv2V9phmagAI2lFuazdwuUMB9n4q7yH9ZkzwQUb.jpg","datePublished":"2023-11-02T12:59:11+00:00","dateModified":"2026-03-10T13:27:05+00:00","breadcrumb":{"@id":"https:\/\/ebikespareparts.fi\/tuote\/br101-brose-ohjausyksikko-allround\/#breadcrumb"},"inLanguage":"en-GB","potentialAction":[{"@type":"ReadAction","target":["https:\/\/ebikespareparts.fi\/tuote\/br101-brose-ohjausyksikko-allround\/"]}]},{"@type":"ImageObject","inLanguage":"en-GB","@id":"https:\/\/ebikespareparts.fi\/tuote\/br101-brose-ohjausyksikko-allround\/#primaryimage","url":"https:\/\/ebikespareparts.fi\/wp-content\/uploads\/2025\/03\/Bm3qnYUrZgrqv2V9phmagAI2lFuazdwuUMB9n4q7yH9ZkzwQUb.jpg","contentUrl":"https:\/\/ebikespareparts.fi\/wp-content\/uploads\/2025\/03\/Bm3qnYUrZgrqv2V9phmagAI2lFuazdwuUMB9n4q7yH9ZkzwQUb.jpg","width":775,"height":692,"caption":"Bm3qnYUrZgrqv2V9phmagAI2lFuazdwuUMB9n4q7yH9ZkzwQUb"},{"@type":"BreadcrumbList","@id":"https:\/\/ebikespareparts.fi\/tuote\/br101-brose-ohjausyksikko-allround\/#breadcrumb","itemListElement":[{"@type":"ListItem","position":1,"name":"Etusivu","item":"https:\/\/ebikespareparts.fi\/"},{"@type":"ListItem","position":2,"name":"Kauppa","item":"https:\/\/ebikespareparts.fi\/kauppa\/"},{"@type":"ListItem","position":3,"name":"BR101 BROSE ohjausyksikk\u00f6 Allround"}]},{"@type":"WebSite","@id":"https:\/\/ebikespareparts.fi\/#website","url":"https:\/\/ebikespareparts.fi\/","name":"Ebikespareparts.fi","description":"S\u00e4hk\u00f6py\u00f6r\u00e4n osat - E-bike osat - Huolto","publisher":{"@id":"https:\/\/ebikespareparts.fi\/#organization"},"potentialAction":[{"@type":"SearchAction","target":{"@type":"EntryPoint","urlTemplate":"https:\/\/ebikespareparts.fi\/?s={search_term_string}"},"query-input":{"@type":"PropertyValueSpecification","valueRequired":true,"valueName":"search_term_string"}}],"inLanguage":"en-GB"},{"@type":"Organization","@id":"https:\/\/ebikespareparts.fi\/#organization","name":"Ebikespareparts.fi","url":"https:\/\/ebikespareparts.fi\/","logo":{"@type":"ImageObject","inLanguage":"en-GB","@id":"https:\/\/ebikespareparts.fi\/#\/schema\/logo\/image\/","url":"https:\/\/ebikespareparts.fi\/wp-content\/uploads\/2024\/05\/logo-musta-tausta.jpg","contentUrl":"https:\/\/ebikespareparts.fi\/wp-content\/uploads\/2024\/05\/logo-musta-tausta.jpg","width":1013,"height":950,"caption":"Ebikespareparts.fi"},"image":{"@id":"https:\/\/ebikespareparts.fi\/#\/schema\/logo\/image\/"},"sameAs":["https:\/\/www.facebook.com\/smhj.fi"]}]}},"_links":{"self":[{"href":"https:\/\/ebikespareparts.fi\/en\/wp-json\/wp\/v2\/product\/45921","targetHints":{"allow":["GET"]}}],"collection":[{"href":"https:\/\/ebikespareparts.fi\/en\/wp-json\/wp\/v2\/product"}],"about":[{"href":"https:\/\/ebikespareparts.fi\/en\/wp-json\/wp\/v2\/types\/product"}],"replies":[{"embeddable":true,"href":"https:\/\/ebikespareparts.fi\/en\/wp-json\/wp\/v2\/comments?post=45921"}],"version-history":[{"count":0,"href":"https:\/\/ebikespareparts.fi\/en\/wp-json\/wp\/v2\/product\/45921\/revisions"}],"wp:featuredmedia":[{"embeddable":true,"href":"https:\/\/ebikespareparts.fi\/en\/wp-json\/wp\/v2\/media\/47570"}],"wp:attachment":[{"href":"https:\/\/ebikespareparts.fi\/en\/wp-json\/wp\/v2\/media?parent=45921"}],"wp:term":[{"taxonomy":"product_brand","embeddable":true,"href":"https:\/\/ebikespareparts.fi\/en\/wp-json\/wp\/v2\/product_brand?post=45921"},{"taxonomy":"product_cat","embeddable":true,"href":"https:\/\/ebikespareparts.fi\/en\/wp-json\/wp\/v2\/product_cat?post=45921"},{"taxonomy":"product_tag","embeddable":true,"href":"https:\/\/ebikespareparts.fi\/en\/wp-json\/wp\/v2\/product_tag?post=45921"}],"curies":[{"name":"wp","href":"https:\/\/api.w.org\/{rel}","templated":true}]}}