{"id":45925,"date":"2023-11-02T15:15:36","date_gmt":"2023-11-02T13:15:36","guid":{"rendered":"https:\/\/ebikespareparts.fi\/?post_type=product&#038;p=45925"},"modified":"2026-03-10T15:27:16","modified_gmt":"2026-03-10T13:27:16","slug":"br100-brose-ohjausyksikko-comfort-marquardt","status":"publish","type":"product","link":"https:\/\/ebikespareparts.fi\/en\/product\/br100-brose-ohjausyksikko-comfort-marquardt\/","title":{"rendered":"BR100 BROSE control unit Comfort Marquardt"},"content":{"rendered":"<h3>BR100 BROSE control unit Comfort Marquardt<\/h3>\n<h4>The Brose steering unit Comfort Marquardt offers an excellent combination of steering element and electric wheel display. You can control your e-bike intuitively with ergonomically designed buttons. You can see speed, battery status, support level, remaining range and much more. You can also power your mobile phone while riding via the integrated micro USB B port.<\/h4>\n<p>&nbsp;<\/p>","protected":false},"excerpt":{"rendered":"<p>BR100 BROSE-ohjausyksikk\u00f6 Comfort Marquardt Brose ohjausyksikk\u00f6 Comfort Marquardt tarjoaa erinomaisen yhdistelm\u00e4n ohjauselementti\u00e4 ja s\u00e4hk\u00f6py\u00f6r\u00e4n n\u00e4ytt\u00f6\u00e4. Voit ohjata s\u00e4hk\u00f6py\u00f6r\u00e4\u00e4si intuitiivisesti ergonomisesti suunniteltujen painikkeiden avulla. N\u00e4et nopeuden, akun tilan, tukitason, j\u00e4ljell\u00e4 olevan kantaman ja paljon muuta. Voit my\u00f6s saada virtaa matkapuhelimeesi ajon aikana integroidun micro USB B -liit\u00e4nn\u00e4n kautta &nbsp;<\/p>","protected":false},"featured_media":47592,"comment_status":"open","ping_status":"closed","template":"","meta":{"_acf_changed":false},"product_brand":[],"product_cat":[131],"product_tag":[],"class_list":{"0":"post-45925","1":"product","2":"type-product","3":"status-publish","4":"has-post-thumbnail","6":"product_cat-brose-moottorit-ja-varaosat","8":"first","9":"outofstock","10":"taxable","11":"shipping-taxable","12":"purchasable","13":"product-type-simple"},"acf":[],"yoast_head":"<!-- This site is optimized with the Yoast SEO plugin v27.5 - https:\/\/yoast.com\/product\/yoast-seo-wordpress\/ -->\n<title>BR100 BROSE-ohjausyksikk\u00f6 Comfort Marquardt - Ebikespareparts.fi<\/title>\n<meta name=\"robots\" content=\"index, follow, max-snippet:-1, max-image-preview:large, max-video-preview:-1\" \/>\n<link rel=\"canonical\" href=\"https:\/\/ebikespareparts.fi\/en\/product\/br100-brose-ohjausyksikko-comfort-marquardt\/\" \/>\n<meta property=\"og:locale\" content=\"en_GB\" \/>\n<meta property=\"og:type\" content=\"article\" \/>\n<meta property=\"og:title\" content=\"BR100 BROSE-ohjausyksikk\u00f6 Comfort Marquardt - Ebikespareparts.fi\" \/>\n<meta property=\"og:description\" content=\"BR100 BROSE-ohjausyksikk\u00f6 Comfort Marquardt Brose ohjausyksikk\u00f6 Comfort Marquardt tarjoaa erinomaisen yhdistelm\u00e4n ohjauselementti\u00e4 ja s\u00e4hk\u00f6py\u00f6r\u00e4n n\u00e4ytt\u00f6\u00e4. Voit ohjata s\u00e4hk\u00f6py\u00f6r\u00e4\u00e4si intuitiivisesti ergonomisesti suunniteltujen painikkeiden avulla. N\u00e4et nopeuden, akun tilan, tukitason, j\u00e4ljell\u00e4 olevan kantaman ja paljon muuta. Voit my\u00f6s saada virtaa matkapuhelimeesi ajon aikana integroidun micro USB B -liit\u00e4nn\u00e4n kautta &nbsp;\" \/>\n<meta property=\"og:url\" content=\"https:\/\/ebikespareparts.fi\/en\/product\/br100-brose-ohjausyksikko-comfort-marquardt\/\" \/>\n<meta property=\"og:site_name\" content=\"Ebikespareparts.fi\" \/>\n<meta property=\"article:publisher\" content=\"https:\/\/www.facebook.com\/smhj.fi\" \/>\n<meta property=\"article:modified_time\" content=\"2026-03-10T13:27:16+00:00\" \/>\n<meta property=\"og:image\" content=\"https:\/\/ebikespareparts.fi\/wp-content\/uploads\/2025\/03\/e4T1CyRJHGPik3XPOay6Yb7apgz1gIx6DjaUU46zcsGs18vbir.jpg\" \/>\n\t<meta property=\"og:image:width\" content=\"1000\" \/>\n\t<meta property=\"og:image:height\" content=\"665\" \/>\n\t<meta property=\"og:image:type\" content=\"image\/jpeg\" \/>\n<meta name=\"twitter:card\" content=\"summary_large_image\" \/>\n<meta name=\"twitter:label1\" content=\"Estimated reading time\" \/>\n\t<meta name=\"twitter:data1\" content=\"1 minute\" \/>\n<script type=\"application\/ld+json\" class=\"yoast-schema-graph\">{\"@context\":\"https:\\\/\\\/schema.org\",\"@graph\":[{\"@type\":\"WebPage\",\"@id\":\"https:\\\/\\\/ebikespareparts.fi\\\/tuote\\\/br100-brose-ohjausyksikko-comfort-marquardt\\\/\",\"url\":\"https:\\\/\\\/ebikespareparts.fi\\\/tuote\\\/br100-brose-ohjausyksikko-comfort-marquardt\\\/\",\"name\":\"BR100 BROSE-ohjausyksikk\u00f6 Comfort Marquardt - Ebikespareparts.fi\",\"isPartOf\":{\"@id\":\"https:\\\/\\\/ebikespareparts.fi\\\/#website\"},\"primaryImageOfPage\":{\"@id\":\"https:\\\/\\\/ebikespareparts.fi\\\/tuote\\\/br100-brose-ohjausyksikko-comfort-marquardt\\\/#primaryimage\"},\"image\":{\"@id\":\"https:\\\/\\\/ebikespareparts.fi\\\/tuote\\\/br100-brose-ohjausyksikko-comfort-marquardt\\\/#primaryimage\"},\"thumbnailUrl\":\"https:\\\/\\\/ebikespareparts.fi\\\/wp-content\\\/uploads\\\/2025\\\/03\\\/e4T1CyRJHGPik3XPOay6Yb7apgz1gIx6DjaUU46zcsGs18vbir.jpg\",\"datePublished\":\"2023-11-02T13:15:36+00:00\",\"dateModified\":\"2026-03-10T13:27:16+00:00\",\"breadcrumb\":{\"@id\":\"https:\\\/\\\/ebikespareparts.fi\\\/tuote\\\/br100-brose-ohjausyksikko-comfort-marquardt\\\/#breadcrumb\"},\"inLanguage\":\"en-GB\",\"potentialAction\":[{\"@type\":\"ReadAction\",\"target\":[\"https:\\\/\\\/ebikespareparts.fi\\\/tuote\\\/br100-brose-ohjausyksikko-comfort-marquardt\\\/\"]}]},{\"@type\":\"ImageObject\",\"inLanguage\":\"en-GB\",\"@id\":\"https:\\\/\\\/ebikespareparts.fi\\\/tuote\\\/br100-brose-ohjausyksikko-comfort-marquardt\\\/#primaryimage\",\"url\":\"https:\\\/\\\/ebikespareparts.fi\\\/wp-content\\\/uploads\\\/2025\\\/03\\\/e4T1CyRJHGPik3XPOay6Yb7apgz1gIx6DjaUU46zcsGs18vbir.jpg\",\"contentUrl\":\"https:\\\/\\\/ebikespareparts.fi\\\/wp-content\\\/uploads\\\/2025\\\/03\\\/e4T1CyRJHGPik3XPOay6Yb7apgz1gIx6DjaUU46zcsGs18vbir.jpg\",\"width\":1000,\"height\":665,\"caption\":\"e4T1CyRJHGPik3XPOay6Yb7apgz1gIx6DjaUU46zcsGs18vbir\"},{\"@type\":\"BreadcrumbList\",\"@id\":\"https:\\\/\\\/ebikespareparts.fi\\\/tuote\\\/br100-brose-ohjausyksikko-comfort-marquardt\\\/#breadcrumb\",\"itemListElement\":[{\"@type\":\"ListItem\",\"position\":1,\"name\":\"Etusivu\",\"item\":\"https:\\\/\\\/ebikespareparts.fi\\\/\"},{\"@type\":\"ListItem\",\"position\":2,\"name\":\"Kauppa\",\"item\":\"https:\\\/\\\/ebikespareparts.fi\\\/kauppa\\\/\"},{\"@type\":\"ListItem\",\"position\":3,\"name\":\"BR100 BROSE-ohjausyksikk\u00f6 Comfort Marquardt\"}]},{\"@type\":\"WebSite\",\"@id\":\"https:\\\/\\\/ebikespareparts.fi\\\/#website\",\"url\":\"https:\\\/\\\/ebikespareparts.fi\\\/\",\"name\":\"Ebikespareparts.fi\",\"description\":\"S\u00e4hk\u00f6py\u00f6r\u00e4n osat - E-bike osat - Huolto\",\"publisher\":{\"@id\":\"https:\\\/\\\/ebikespareparts.fi\\\/#organization\"},\"potentialAction\":[{\"@type\":\"SearchAction\",\"target\":{\"@type\":\"EntryPoint\",\"urlTemplate\":\"https:\\\/\\\/ebikespareparts.fi\\\/?s={search_term_string}\"},\"query-input\":{\"@type\":\"PropertyValueSpecification\",\"valueRequired\":true,\"valueName\":\"search_term_string\"}}],\"inLanguage\":\"en-GB\"},{\"@type\":\"Organization\",\"@id\":\"https:\\\/\\\/ebikespareparts.fi\\\/#organization\",\"name\":\"Ebikespareparts.fi\",\"url\":\"https:\\\/\\\/ebikespareparts.fi\\\/\",\"logo\":{\"@type\":\"ImageObject\",\"inLanguage\":\"en-GB\",\"@id\":\"https:\\\/\\\/ebikespareparts.fi\\\/#\\\/schema\\\/logo\\\/image\\\/\",\"url\":\"https:\\\/\\\/ebikespareparts.fi\\\/wp-content\\\/uploads\\\/2024\\\/05\\\/logo-musta-tausta.jpg\",\"contentUrl\":\"https:\\\/\\\/ebikespareparts.fi\\\/wp-content\\\/uploads\\\/2024\\\/05\\\/logo-musta-tausta.jpg\",\"width\":1013,\"height\":950,\"caption\":\"Ebikespareparts.fi\"},\"image\":{\"@id\":\"https:\\\/\\\/ebikespareparts.fi\\\/#\\\/schema\\\/logo\\\/image\\\/\"},\"sameAs\":[\"https:\\\/\\\/www.facebook.com\\\/smhj.fi\"]}]}<\/script>\n<!-- \/ Yoast SEO plugin. -->","yoast_head_json":{"title":"BR100 BROSE-ohjausyksikk\u00f6 Comfort Marquardt - Ebikespareparts.fi","robots":{"index":"index","follow":"follow","max-snippet":"max-snippet:-1","max-image-preview":"max-image-preview:large","max-video-preview":"max-video-preview:-1"},"canonical":"https:\/\/ebikespareparts.fi\/en\/product\/br100-brose-ohjausyksikko-comfort-marquardt\/","og_locale":"en_GB","og_type":"article","og_title":"BR100 BROSE-ohjausyksikk\u00f6 Comfort Marquardt - Ebikespareparts.fi","og_description":"BR100 BROSE-ohjausyksikk\u00f6 Comfort Marquardt Brose ohjausyksikk\u00f6 Comfort Marquardt tarjoaa erinomaisen yhdistelm\u00e4n ohjauselementti\u00e4 ja s\u00e4hk\u00f6py\u00f6r\u00e4n n\u00e4ytt\u00f6\u00e4. Voit ohjata s\u00e4hk\u00f6py\u00f6r\u00e4\u00e4si intuitiivisesti ergonomisesti suunniteltujen painikkeiden avulla. N\u00e4et nopeuden, akun tilan, tukitason, j\u00e4ljell\u00e4 olevan kantaman ja paljon muuta. Voit my\u00f6s saada virtaa matkapuhelimeesi ajon aikana integroidun micro USB B -liit\u00e4nn\u00e4n kautta &nbsp;","og_url":"https:\/\/ebikespareparts.fi\/en\/product\/br100-brose-ohjausyksikko-comfort-marquardt\/","og_site_name":"Ebikespareparts.fi","article_publisher":"https:\/\/www.facebook.com\/smhj.fi","article_modified_time":"2026-03-10T13:27:16+00:00","og_image":[{"width":1000,"height":665,"url":"https:\/\/ebikespareparts.fi\/wp-content\/uploads\/2025\/03\/e4T1CyRJHGPik3XPOay6Yb7apgz1gIx6DjaUU46zcsGs18vbir.jpg","type":"image\/jpeg"}],"twitter_card":"summary_large_image","twitter_misc":{"Estimated reading time":"1 minute"},"schema":{"@context":"https:\/\/schema.org","@graph":[{"@type":"WebPage","@id":"https:\/\/ebikespareparts.fi\/tuote\/br100-brose-ohjausyksikko-comfort-marquardt\/","url":"https:\/\/ebikespareparts.fi\/tuote\/br100-brose-ohjausyksikko-comfort-marquardt\/","name":"BR100 BROSE-ohjausyksikk\u00f6 Comfort Marquardt - Ebikespareparts.fi","isPartOf":{"@id":"https:\/\/ebikespareparts.fi\/#website"},"primaryImageOfPage":{"@id":"https:\/\/ebikespareparts.fi\/tuote\/br100-brose-ohjausyksikko-comfort-marquardt\/#primaryimage"},"image":{"@id":"https:\/\/ebikespareparts.fi\/tuote\/br100-brose-ohjausyksikko-comfort-marquardt\/#primaryimage"},"thumbnailUrl":"https:\/\/ebikespareparts.fi\/wp-content\/uploads\/2025\/03\/e4T1CyRJHGPik3XPOay6Yb7apgz1gIx6DjaUU46zcsGs18vbir.jpg","datePublished":"2023-11-02T13:15:36+00:00","dateModified":"2026-03-10T13:27:16+00:00","breadcrumb":{"@id":"https:\/\/ebikespareparts.fi\/tuote\/br100-brose-ohjausyksikko-comfort-marquardt\/#breadcrumb"},"inLanguage":"en-GB","potentialAction":[{"@type":"ReadAction","target":["https:\/\/ebikespareparts.fi\/tuote\/br100-brose-ohjausyksikko-comfort-marquardt\/"]}]},{"@type":"ImageObject","inLanguage":"en-GB","@id":"https:\/\/ebikespareparts.fi\/tuote\/br100-brose-ohjausyksikko-comfort-marquardt\/#primaryimage","url":"https:\/\/ebikespareparts.fi\/wp-content\/uploads\/2025\/03\/e4T1CyRJHGPik3XPOay6Yb7apgz1gIx6DjaUU46zcsGs18vbir.jpg","contentUrl":"https:\/\/ebikespareparts.fi\/wp-content\/uploads\/2025\/03\/e4T1CyRJHGPik3XPOay6Yb7apgz1gIx6DjaUU46zcsGs18vbir.jpg","width":1000,"height":665,"caption":"e4T1CyRJHGPik3XPOay6Yb7apgz1gIx6DjaUU46zcsGs18vbir"},{"@type":"BreadcrumbList","@id":"https:\/\/ebikespareparts.fi\/tuote\/br100-brose-ohjausyksikko-comfort-marquardt\/#breadcrumb","itemListElement":[{"@type":"ListItem","position":1,"name":"Etusivu","item":"https:\/\/ebikespareparts.fi\/"},{"@type":"ListItem","position":2,"name":"Kauppa","item":"https:\/\/ebikespareparts.fi\/kauppa\/"},{"@type":"ListItem","position":3,"name":"BR100 BROSE-ohjausyksikk\u00f6 Comfort Marquardt"}]},{"@type":"WebSite","@id":"https:\/\/ebikespareparts.fi\/#website","url":"https:\/\/ebikespareparts.fi\/","name":"Ebikespareparts.fi","description":"S\u00e4hk\u00f6py\u00f6r\u00e4n osat - E-bike osat - Huolto","publisher":{"@id":"https:\/\/ebikespareparts.fi\/#organization"},"potentialAction":[{"@type":"SearchAction","target":{"@type":"EntryPoint","urlTemplate":"https:\/\/ebikespareparts.fi\/?s={search_term_string}"},"query-input":{"@type":"PropertyValueSpecification","valueRequired":true,"valueName":"search_term_string"}}],"inLanguage":"en-GB"},{"@type":"Organization","@id":"https:\/\/ebikespareparts.fi\/#organization","name":"Ebikespareparts.fi","url":"https:\/\/ebikespareparts.fi\/","logo":{"@type":"ImageObject","inLanguage":"en-GB","@id":"https:\/\/ebikespareparts.fi\/#\/schema\/logo\/image\/","url":"https:\/\/ebikespareparts.fi\/wp-content\/uploads\/2024\/05\/logo-musta-tausta.jpg","contentUrl":"https:\/\/ebikespareparts.fi\/wp-content\/uploads\/2024\/05\/logo-musta-tausta.jpg","width":1013,"height":950,"caption":"Ebikespareparts.fi"},"image":{"@id":"https:\/\/ebikespareparts.fi\/#\/schema\/logo\/image\/"},"sameAs":["https:\/\/www.facebook.com\/smhj.fi"]}]}},"_links":{"self":[{"href":"https:\/\/ebikespareparts.fi\/en\/wp-json\/wp\/v2\/product\/45925","targetHints":{"allow":["GET"]}}],"collection":[{"href":"https:\/\/ebikespareparts.fi\/en\/wp-json\/wp\/v2\/product"}],"about":[{"href":"https:\/\/ebikespareparts.fi\/en\/wp-json\/wp\/v2\/types\/product"}],"replies":[{"embeddable":true,"href":"https:\/\/ebikespareparts.fi\/en\/wp-json\/wp\/v2\/comments?post=45925"}],"version-history":[{"count":0,"href":"https:\/\/ebikespareparts.fi\/en\/wp-json\/wp\/v2\/product\/45925\/revisions"}],"wp:featuredmedia":[{"embeddable":true,"href":"https:\/\/ebikespareparts.fi\/en\/wp-json\/wp\/v2\/media\/47592"}],"wp:attachment":[{"href":"https:\/\/ebikespareparts.fi\/en\/wp-json\/wp\/v2\/media?parent=45925"}],"wp:term":[{"taxonomy":"product_brand","embeddable":true,"href":"https:\/\/ebikespareparts.fi\/en\/wp-json\/wp\/v2\/product_brand?post=45925"},{"taxonomy":"product_cat","embeddable":true,"href":"https:\/\/ebikespareparts.fi\/en\/wp-json\/wp\/v2\/product_cat?post=45925"},{"taxonomy":"product_tag","embeddable":true,"href":"https:\/\/ebikespareparts.fi\/en\/wp-json\/wp\/v2\/product_tag?post=45925"}],"curies":[{"name":"wp","href":"https:\/\/api.w.org\/{rel}","templated":true}]}}