{"id":45960,"date":"2023-11-11T16:13:13","date_gmt":"2023-11-11T14:13:13","guid":{"rendered":"https:\/\/ebikespareparts.fi\/?post_type=product&#038;p=45960"},"modified":"2026-04-26T03:00:11","modified_gmt":"2026-04-26T00:00:11","slug":"pls00620-shimano-e8000-vasemman-kammen-akselin-laakeri","status":"publish","type":"product","link":"https:\/\/ebikespareparts.fi\/en\/product\/pls00620-shimano-e8000-vasemman-kammen-akselin-laakeri\/","title":{"rendered":"PLS00620 Shimano E8000 Left crankshaft bearing"},"content":{"rendered":"<p>PLS00620 Shimano E8000 Left crankshaft bearing when replacing the bearing you must remove the shaft and the circuit boards around it be careful when removing the small data connectors so you don't break them.<\/p>\n<p>&nbsp;<\/p>","protected":false},"excerpt":{"rendered":"<p>PLS00620 Shimano E8000 Left crankshaft bearing when replacing the bearing you must remove the shaft and the circuit boards around it be careful when removing the small data connectors so you don't break them. &nbsp;<\/p>","protected":false},"featured_media":47474,"comment_status":"open","ping_status":"closed","template":"","meta":{"_acf_changed":false},"product_brand":[],"product_cat":[115,31],"product_tag":[],"class_list":{"0":"post-45960","1":"product","2":"type-product","3":"status-publish","4":"has-post-thumbnail","6":"product_cat-shimano-e-8000","7":"product_cat-shimano-laakerit","9":"first","10":"outofstock","11":"taxable","12":"shipping-taxable","13":"purchasable","14":"product-type-simple"},"acf":[],"yoast_head":"<!-- This site is optimized with the Yoast SEO plugin v27.5 - https:\/\/yoast.com\/product\/yoast-seo-wordpress\/ -->\n<title>PLS00620 Shimano E8000 Vasemman kammen akselin laakeri - Ebikespareparts.fi<\/title>\n<meta name=\"robots\" content=\"index, follow, max-snippet:-1, max-image-preview:large, max-video-preview:-1\" \/>\n<link rel=\"canonical\" href=\"https:\/\/ebikespareparts.fi\/en\/product\/pls00620-shimano-e8000-vasemman-kammen-akselin-laakeri\/\" \/>\n<meta property=\"og:locale\" content=\"en_GB\" \/>\n<meta property=\"og:type\" content=\"article\" \/>\n<meta property=\"og:title\" content=\"PLS00620 Shimano E8000 Vasemman kammen akselin laakeri - Ebikespareparts.fi\" \/>\n<meta property=\"og:description\" content=\"PLS00620 Shimano E8000 Vasemman kammen akselin laakeri kun vaihdat laakerin sinun pit\u00e4\u00e4 poistaa akseli ja sen ymp\u00e4rill\u00e4 olevat piirikortit ole tarkkana kun irrotat pienet data liittimet ettet riko niit\u00e4. &nbsp;\" \/>\n<meta property=\"og:url\" content=\"https:\/\/ebikespareparts.fi\/en\/product\/pls00620-shimano-e8000-vasemman-kammen-akselin-laakeri\/\" \/>\n<meta property=\"og:site_name\" content=\"Ebikespareparts.fi\" \/>\n<meta property=\"article:publisher\" content=\"https:\/\/www.facebook.com\/smhj.fi\" \/>\n<meta property=\"article:modified_time\" content=\"2026-04-26T00:00:11+00:00\" \/>\n<meta property=\"og:image\" content=\"https:\/\/ebikespareparts.fi\/wp-content\/uploads\/2023\/11\/pls00620-1.jpg\" \/>\n\t<meta property=\"og:image:width\" content=\"658\" \/>\n\t<meta property=\"og:image:height\" content=\"692\" \/>\n\t<meta property=\"og:image:type\" content=\"image\/jpeg\" \/>\n<meta name=\"twitter:card\" content=\"summary_large_image\" \/>\n<meta name=\"twitter:label1\" content=\"Estimated reading time\" \/>\n\t<meta name=\"twitter:data1\" content=\"1 minute\" \/>\n<script type=\"application\/ld+json\" class=\"yoast-schema-graph\">{\"@context\":\"https:\\\/\\\/schema.org\",\"@graph\":[{\"@type\":\"WebPage\",\"@id\":\"https:\\\/\\\/ebikespareparts.fi\\\/tuote\\\/pls00620-shimano-e8000-vasemman-kammen-akselin-laakeri\\\/\",\"url\":\"https:\\\/\\\/ebikespareparts.fi\\\/tuote\\\/pls00620-shimano-e8000-vasemman-kammen-akselin-laakeri\\\/\",\"name\":\"PLS00620 Shimano E8000 Vasemman kammen akselin laakeri - Ebikespareparts.fi\",\"isPartOf\":{\"@id\":\"https:\\\/\\\/ebikespareparts.fi\\\/#website\"},\"primaryImageOfPage\":{\"@id\":\"https:\\\/\\\/ebikespareparts.fi\\\/tuote\\\/pls00620-shimano-e8000-vasemman-kammen-akselin-laakeri\\\/#primaryimage\"},\"image\":{\"@id\":\"https:\\\/\\\/ebikespareparts.fi\\\/tuote\\\/pls00620-shimano-e8000-vasemman-kammen-akselin-laakeri\\\/#primaryimage\"},\"thumbnailUrl\":\"https:\\\/\\\/ebikespareparts.fi\\\/wp-content\\\/uploads\\\/2025\\\/03\\\/uEkzBwokuFzwZnyWsnvMEeAzgOAEVliEBpEM2FKjz5tH8pJ5K1.jpg\",\"datePublished\":\"2023-11-11T14:13:13+00:00\",\"dateModified\":\"2026-04-26T00:00:11+00:00\",\"breadcrumb\":{\"@id\":\"https:\\\/\\\/ebikespareparts.fi\\\/tuote\\\/pls00620-shimano-e8000-vasemman-kammen-akselin-laakeri\\\/#breadcrumb\"},\"inLanguage\":\"en-GB\",\"potentialAction\":[{\"@type\":\"ReadAction\",\"target\":[\"https:\\\/\\\/ebikespareparts.fi\\\/tuote\\\/pls00620-shimano-e8000-vasemman-kammen-akselin-laakeri\\\/\"]}]},{\"@type\":\"ImageObject\",\"inLanguage\":\"en-GB\",\"@id\":\"https:\\\/\\\/ebikespareparts.fi\\\/tuote\\\/pls00620-shimano-e8000-vasemman-kammen-akselin-laakeri\\\/#primaryimage\",\"url\":\"https:\\\/\\\/ebikespareparts.fi\\\/wp-content\\\/uploads\\\/2025\\\/03\\\/uEkzBwokuFzwZnyWsnvMEeAzgOAEVliEBpEM2FKjz5tH8pJ5K1.jpg\",\"contentUrl\":\"https:\\\/\\\/ebikespareparts.fi\\\/wp-content\\\/uploads\\\/2025\\\/03\\\/uEkzBwokuFzwZnyWsnvMEeAzgOAEVliEBpEM2FKjz5tH8pJ5K1.jpg\",\"width\":658,\"height\":692,\"caption\":\"uEkzBwokuFzwZnyWsnvMEeAzgOAEVliEBpEM2FKjz5tH8pJ5K1\"},{\"@type\":\"BreadcrumbList\",\"@id\":\"https:\\\/\\\/ebikespareparts.fi\\\/tuote\\\/pls00620-shimano-e8000-vasemman-kammen-akselin-laakeri\\\/#breadcrumb\",\"itemListElement\":[{\"@type\":\"ListItem\",\"position\":1,\"name\":\"Etusivu\",\"item\":\"https:\\\/\\\/ebikespareparts.fi\\\/\"},{\"@type\":\"ListItem\",\"position\":2,\"name\":\"Kauppa\",\"item\":\"https:\\\/\\\/ebikespareparts.fi\\\/kauppa\\\/\"},{\"@type\":\"ListItem\",\"position\":3,\"name\":\"PLS00620 Shimano E8000 Vasemman kammen akselin laakeri\"}]},{\"@type\":\"WebSite\",\"@id\":\"https:\\\/\\\/ebikespareparts.fi\\\/#website\",\"url\":\"https:\\\/\\\/ebikespareparts.fi\\\/\",\"name\":\"Ebikespareparts.fi\",\"description\":\"S\u00e4hk\u00f6py\u00f6r\u00e4n osat - E-bike osat - Huolto\",\"publisher\":{\"@id\":\"https:\\\/\\\/ebikespareparts.fi\\\/#organization\"},\"potentialAction\":[{\"@type\":\"SearchAction\",\"target\":{\"@type\":\"EntryPoint\",\"urlTemplate\":\"https:\\\/\\\/ebikespareparts.fi\\\/?s={search_term_string}\"},\"query-input\":{\"@type\":\"PropertyValueSpecification\",\"valueRequired\":true,\"valueName\":\"search_term_string\"}}],\"inLanguage\":\"en-GB\"},{\"@type\":\"Organization\",\"@id\":\"https:\\\/\\\/ebikespareparts.fi\\\/#organization\",\"name\":\"Ebikespareparts.fi\",\"url\":\"https:\\\/\\\/ebikespareparts.fi\\\/\",\"logo\":{\"@type\":\"ImageObject\",\"inLanguage\":\"en-GB\",\"@id\":\"https:\\\/\\\/ebikespareparts.fi\\\/#\\\/schema\\\/logo\\\/image\\\/\",\"url\":\"https:\\\/\\\/ebikespareparts.fi\\\/wp-content\\\/uploads\\\/2024\\\/05\\\/logo-musta-tausta.jpg\",\"contentUrl\":\"https:\\\/\\\/ebikespareparts.fi\\\/wp-content\\\/uploads\\\/2024\\\/05\\\/logo-musta-tausta.jpg\",\"width\":1013,\"height\":950,\"caption\":\"Ebikespareparts.fi\"},\"image\":{\"@id\":\"https:\\\/\\\/ebikespareparts.fi\\\/#\\\/schema\\\/logo\\\/image\\\/\"},\"sameAs\":[\"https:\\\/\\\/www.facebook.com\\\/smhj.fi\"]}]}<\/script>\n<!-- \/ Yoast SEO plugin. -->","yoast_head_json":{"title":"PLS00620 Shimano E8000 Vasemman kammen akselin laakeri - Ebikespareparts.fi","robots":{"index":"index","follow":"follow","max-snippet":"max-snippet:-1","max-image-preview":"max-image-preview:large","max-video-preview":"max-video-preview:-1"},"canonical":"https:\/\/ebikespareparts.fi\/en\/product\/pls00620-shimano-e8000-vasemman-kammen-akselin-laakeri\/","og_locale":"en_GB","og_type":"article","og_title":"PLS00620 Shimano E8000 Vasemman kammen akselin laakeri - Ebikespareparts.fi","og_description":"PLS00620 Shimano E8000 Vasemman kammen akselin laakeri kun vaihdat laakerin sinun pit\u00e4\u00e4 poistaa akseli ja sen ymp\u00e4rill\u00e4 olevat piirikortit ole tarkkana kun irrotat pienet data liittimet ettet riko niit\u00e4. &nbsp;","og_url":"https:\/\/ebikespareparts.fi\/en\/product\/pls00620-shimano-e8000-vasemman-kammen-akselin-laakeri\/","og_site_name":"Ebikespareparts.fi","article_publisher":"https:\/\/www.facebook.com\/smhj.fi","article_modified_time":"2026-04-26T00:00:11+00:00","og_image":[{"width":658,"height":692,"url":"https:\/\/ebikespareparts.fi\/wp-content\/uploads\/2023\/11\/pls00620-1.jpg","type":"image\/jpeg"}],"twitter_card":"summary_large_image","twitter_misc":{"Estimated reading time":"1 minute"},"schema":{"@context":"https:\/\/schema.org","@graph":[{"@type":"WebPage","@id":"https:\/\/ebikespareparts.fi\/tuote\/pls00620-shimano-e8000-vasemman-kammen-akselin-laakeri\/","url":"https:\/\/ebikespareparts.fi\/tuote\/pls00620-shimano-e8000-vasemman-kammen-akselin-laakeri\/","name":"PLS00620 Shimano E8000 Vasemman kammen akselin laakeri - Ebikespareparts.fi","isPartOf":{"@id":"https:\/\/ebikespareparts.fi\/#website"},"primaryImageOfPage":{"@id":"https:\/\/ebikespareparts.fi\/tuote\/pls00620-shimano-e8000-vasemman-kammen-akselin-laakeri\/#primaryimage"},"image":{"@id":"https:\/\/ebikespareparts.fi\/tuote\/pls00620-shimano-e8000-vasemman-kammen-akselin-laakeri\/#primaryimage"},"thumbnailUrl":"https:\/\/ebikespareparts.fi\/wp-content\/uploads\/2025\/03\/uEkzBwokuFzwZnyWsnvMEeAzgOAEVliEBpEM2FKjz5tH8pJ5K1.jpg","datePublished":"2023-11-11T14:13:13+00:00","dateModified":"2026-04-26T00:00:11+00:00","breadcrumb":{"@id":"https:\/\/ebikespareparts.fi\/tuote\/pls00620-shimano-e8000-vasemman-kammen-akselin-laakeri\/#breadcrumb"},"inLanguage":"en-GB","potentialAction":[{"@type":"ReadAction","target":["https:\/\/ebikespareparts.fi\/tuote\/pls00620-shimano-e8000-vasemman-kammen-akselin-laakeri\/"]}]},{"@type":"ImageObject","inLanguage":"en-GB","@id":"https:\/\/ebikespareparts.fi\/tuote\/pls00620-shimano-e8000-vasemman-kammen-akselin-laakeri\/#primaryimage","url":"https:\/\/ebikespareparts.fi\/wp-content\/uploads\/2025\/03\/uEkzBwokuFzwZnyWsnvMEeAzgOAEVliEBpEM2FKjz5tH8pJ5K1.jpg","contentUrl":"https:\/\/ebikespareparts.fi\/wp-content\/uploads\/2025\/03\/uEkzBwokuFzwZnyWsnvMEeAzgOAEVliEBpEM2FKjz5tH8pJ5K1.jpg","width":658,"height":692,"caption":"uEkzBwokuFzwZnyWsnvMEeAzgOAEVliEBpEM2FKjz5tH8pJ5K1"},{"@type":"BreadcrumbList","@id":"https:\/\/ebikespareparts.fi\/tuote\/pls00620-shimano-e8000-vasemman-kammen-akselin-laakeri\/#breadcrumb","itemListElement":[{"@type":"ListItem","position":1,"name":"Etusivu","item":"https:\/\/ebikespareparts.fi\/"},{"@type":"ListItem","position":2,"name":"Kauppa","item":"https:\/\/ebikespareparts.fi\/kauppa\/"},{"@type":"ListItem","position":3,"name":"PLS00620 Shimano E8000 Vasemman kammen akselin laakeri"}]},{"@type":"WebSite","@id":"https:\/\/ebikespareparts.fi\/#website","url":"https:\/\/ebikespareparts.fi\/","name":"Ebikespareparts.fi","description":"S\u00e4hk\u00f6py\u00f6r\u00e4n osat - E-bike osat - Huolto","publisher":{"@id":"https:\/\/ebikespareparts.fi\/#organization"},"potentialAction":[{"@type":"SearchAction","target":{"@type":"EntryPoint","urlTemplate":"https:\/\/ebikespareparts.fi\/?s={search_term_string}"},"query-input":{"@type":"PropertyValueSpecification","valueRequired":true,"valueName":"search_term_string"}}],"inLanguage":"en-GB"},{"@type":"Organization","@id":"https:\/\/ebikespareparts.fi\/#organization","name":"Ebikespareparts.fi","url":"https:\/\/ebikespareparts.fi\/","logo":{"@type":"ImageObject","inLanguage":"en-GB","@id":"https:\/\/ebikespareparts.fi\/#\/schema\/logo\/image\/","url":"https:\/\/ebikespareparts.fi\/wp-content\/uploads\/2024\/05\/logo-musta-tausta.jpg","contentUrl":"https:\/\/ebikespareparts.fi\/wp-content\/uploads\/2024\/05\/logo-musta-tausta.jpg","width":1013,"height":950,"caption":"Ebikespareparts.fi"},"image":{"@id":"https:\/\/ebikespareparts.fi\/#\/schema\/logo\/image\/"},"sameAs":["https:\/\/www.facebook.com\/smhj.fi"]}]}},"_links":{"self":[{"href":"https:\/\/ebikespareparts.fi\/en\/wp-json\/wp\/v2\/product\/45960","targetHints":{"allow":["GET"]}}],"collection":[{"href":"https:\/\/ebikespareparts.fi\/en\/wp-json\/wp\/v2\/product"}],"about":[{"href":"https:\/\/ebikespareparts.fi\/en\/wp-json\/wp\/v2\/types\/product"}],"replies":[{"embeddable":true,"href":"https:\/\/ebikespareparts.fi\/en\/wp-json\/wp\/v2\/comments?post=45960"}],"version-history":[{"count":0,"href":"https:\/\/ebikespareparts.fi\/en\/wp-json\/wp\/v2\/product\/45960\/revisions"}],"wp:featuredmedia":[{"embeddable":true,"href":"https:\/\/ebikespareparts.fi\/en\/wp-json\/wp\/v2\/media\/47474"}],"wp:attachment":[{"href":"https:\/\/ebikespareparts.fi\/en\/wp-json\/wp\/v2\/media?parent=45960"}],"wp:term":[{"taxonomy":"product_brand","embeddable":true,"href":"https:\/\/ebikespareparts.fi\/en\/wp-json\/wp\/v2\/product_brand?post=45960"},{"taxonomy":"product_cat","embeddable":true,"href":"https:\/\/ebikespareparts.fi\/en\/wp-json\/wp\/v2\/product_cat?post=45960"},{"taxonomy":"product_tag","embeddable":true,"href":"https:\/\/ebikespareparts.fi\/en\/wp-json\/wp\/v2\/product_tag?post=45960"}],"curies":[{"name":"wp","href":"https:\/\/api.w.org\/{rel}","templated":true}]}}