{"id":47050,"date":"2024-05-23T20:46:41","date_gmt":"2024-05-23T17:46:41","guid":{"rendered":"https:\/\/ebikespareparts.fi\/?post_type=product&#038;p=47050"},"modified":"2026-03-10T15:27:40","modified_gmt":"2026-03-10T13:27:40","slug":"6903-2-rs-17x30x7-pyoran-linkun-laakeri","status":"publish","type":"product","link":"https:\/\/ebikespareparts.fi\/en\/product\/6903-2-rs-17x30x7-pyoran-linkun-laakeri\/","title":{"rendered":"61903 \/ 6903 2RS 17X30X7 wheel disc link bearing"},"content":{"rendered":"<h5>61903 \/ 6903 2RS 17X30X7 wheel disc and link bearing<\/h5>\n<h5>e.g.: Trek and other full suspension bikes, DT-3, Zipp 8,<\/h5>","protected":false},"excerpt":{"rendered":"<p>61903 \/ 6903 2RS 17X30X7 py\u00f6r\u00e4n kiekon ja linkun laakeri esim: Trek ym t\u00e4ysijousto py\u00f6riin, DT-3, Zipp 8,<\/p>","protected":false},"featured_media":47367,"comment_status":"open","ping_status":"closed","template":"","meta":{"_acf_changed":false},"product_brand":[],"product_cat":[58,134],"product_tag":[],"class_list":{"0":"post-47050","1":"product","2":"type-product","3":"status-publish","4":"has-post-thumbnail","6":"product_cat-pyoran-laakerit","7":"product_cat-trek-laakerit","9":"first","10":"outofstock","11":"taxable","12":"shipping-taxable","13":"purchasable","14":"product-type-simple"},"acf":[],"yoast_head":"<!-- This site is optimized with the Yoast SEO plugin v27.5 - https:\/\/yoast.com\/product\/yoast-seo-wordpress\/ -->\n<title>61903 \/ 6903 2RS 17X30X7 py\u00f6r\u00e4n kiekon linkun laakeri - Ebikespareparts.fi<\/title>\n<meta name=\"description\" content=\"Mik\u00e4li suunnittelet vaihtaa py\u00f6r\u00e4n linkun laakerit niin t\u00e4ss\u00e4 hyv\u00e4 vaihtoehto ja laakerit on suunniteltu erityisesti jousituksen niveliin\" \/>\n<meta name=\"robots\" content=\"index, follow, max-snippet:-1, max-image-preview:large, max-video-preview:-1\" \/>\n<link rel=\"canonical\" href=\"https:\/\/ebikespareparts.fi\/en\/product\/6903-2-rs-17x30x7-pyoran-linkun-laakeri\/\" \/>\n<meta property=\"og:locale\" content=\"en_GB\" \/>\n<meta property=\"og:type\" content=\"article\" \/>\n<meta property=\"og:title\" content=\"61903 \/ 6903 2RS 17X30X7 py\u00f6r\u00e4n kiekon linkun laakeri - Ebikespareparts.fi\" \/>\n<meta property=\"og:description\" content=\"Mik\u00e4li suunnittelet vaihtaa py\u00f6r\u00e4n linkun laakerit niin t\u00e4ss\u00e4 hyv\u00e4 vaihtoehto ja laakerit on suunniteltu erityisesti jousituksen niveliin\" \/>\n<meta property=\"og:url\" content=\"https:\/\/ebikespareparts.fi\/en\/product\/6903-2-rs-17x30x7-pyoran-linkun-laakeri\/\" \/>\n<meta property=\"og:site_name\" content=\"Ebikespareparts.fi\" \/>\n<meta property=\"article:publisher\" content=\"https:\/\/www.facebook.com\/smhj.fi\" \/>\n<meta property=\"article:modified_time\" content=\"2026-03-10T13:27:40+00:00\" \/>\n<meta property=\"og:image\" content=\"https:\/\/ebikespareparts.fi\/wp-content\/uploads\/2025\/03\/qfMJ3hkMKxIPrc8NjgJlvcK9GTNmxNbnraKdwZTxlddP5uqerg.jpg\" \/>\n\t<meta property=\"og:image:width\" content=\"355\" \/>\n\t<meta property=\"og:image:height\" content=\"284\" \/>\n\t<meta property=\"og:image:type\" content=\"image\/jpeg\" \/>\n<meta name=\"twitter:card\" content=\"summary_large_image\" \/>\n<meta name=\"twitter:label1\" content=\"Estimated reading time\" \/>\n\t<meta name=\"twitter:data1\" content=\"1 minute\" \/>\n<script type=\"application\/ld+json\" class=\"yoast-schema-graph\">{\"@context\":\"https:\\\/\\\/schema.org\",\"@graph\":[{\"@type\":\"WebPage\",\"@id\":\"https:\\\/\\\/ebikespareparts.fi\\\/tuote\\\/6903-2-rs-17x30x7-pyoran-linkun-laakeri\\\/\",\"url\":\"https:\\\/\\\/ebikespareparts.fi\\\/tuote\\\/6903-2-rs-17x30x7-pyoran-linkun-laakeri\\\/\",\"name\":\"61903 \\\/ 6903 2RS 17X30X7 py\u00f6r\u00e4n kiekon linkun laakeri - Ebikespareparts.fi\",\"isPartOf\":{\"@id\":\"https:\\\/\\\/ebikespareparts.fi\\\/#website\"},\"primaryImageOfPage\":{\"@id\":\"https:\\\/\\\/ebikespareparts.fi\\\/tuote\\\/6903-2-rs-17x30x7-pyoran-linkun-laakeri\\\/#primaryimage\"},\"image\":{\"@id\":\"https:\\\/\\\/ebikespareparts.fi\\\/tuote\\\/6903-2-rs-17x30x7-pyoran-linkun-laakeri\\\/#primaryimage\"},\"thumbnailUrl\":\"https:\\\/\\\/ebikespareparts.fi\\\/wp-content\\\/uploads\\\/2025\\\/03\\\/qfMJ3hkMKxIPrc8NjgJlvcK9GTNmxNbnraKdwZTxlddP5uqerg.jpg\",\"datePublished\":\"2024-05-23T17:46:41+00:00\",\"dateModified\":\"2026-03-10T13:27:40+00:00\",\"description\":\"Mik\u00e4li suunnittelet vaihtaa py\u00f6r\u00e4n linkun laakerit niin t\u00e4ss\u00e4 hyv\u00e4 vaihtoehto ja laakerit on suunniteltu erityisesti jousituksen niveliin\",\"breadcrumb\":{\"@id\":\"https:\\\/\\\/ebikespareparts.fi\\\/tuote\\\/6903-2-rs-17x30x7-pyoran-linkun-laakeri\\\/#breadcrumb\"},\"inLanguage\":\"en-GB\",\"potentialAction\":[{\"@type\":\"ReadAction\",\"target\":[\"https:\\\/\\\/ebikespareparts.fi\\\/tuote\\\/6903-2-rs-17x30x7-pyoran-linkun-laakeri\\\/\"]}]},{\"@type\":\"ImageObject\",\"inLanguage\":\"en-GB\",\"@id\":\"https:\\\/\\\/ebikespareparts.fi\\\/tuote\\\/6903-2-rs-17x30x7-pyoran-linkun-laakeri\\\/#primaryimage\",\"url\":\"https:\\\/\\\/ebikespareparts.fi\\\/wp-content\\\/uploads\\\/2025\\\/03\\\/qfMJ3hkMKxIPrc8NjgJlvcK9GTNmxNbnraKdwZTxlddP5uqerg.jpg\",\"contentUrl\":\"https:\\\/\\\/ebikespareparts.fi\\\/wp-content\\\/uploads\\\/2025\\\/03\\\/qfMJ3hkMKxIPrc8NjgJlvcK9GTNmxNbnraKdwZTxlddP5uqerg.jpg\",\"width\":355,\"height\":284,\"caption\":\"qfMJ3hkMKxIPrc8NjgJlvcK9GTNmxNbnraKdwZTxlddP5uqerg\"},{\"@type\":\"BreadcrumbList\",\"@id\":\"https:\\\/\\\/ebikespareparts.fi\\\/tuote\\\/6903-2-rs-17x30x7-pyoran-linkun-laakeri\\\/#breadcrumb\",\"itemListElement\":[{\"@type\":\"ListItem\",\"position\":1,\"name\":\"Etusivu\",\"item\":\"https:\\\/\\\/ebikespareparts.fi\\\/\"},{\"@type\":\"ListItem\",\"position\":2,\"name\":\"Kauppa\",\"item\":\"https:\\\/\\\/ebikespareparts.fi\\\/kauppa\\\/\"},{\"@type\":\"ListItem\",\"position\":3,\"name\":\"61903 \\\/ 6903 2RS 17X30X7 py\u00f6r\u00e4n kiekon linkun laakeri\"}]},{\"@type\":\"WebSite\",\"@id\":\"https:\\\/\\\/ebikespareparts.fi\\\/#website\",\"url\":\"https:\\\/\\\/ebikespareparts.fi\\\/\",\"name\":\"Ebikespareparts.fi\",\"description\":\"S\u00e4hk\u00f6py\u00f6r\u00e4n osat - E-bike osat - Huolto\",\"publisher\":{\"@id\":\"https:\\\/\\\/ebikespareparts.fi\\\/#organization\"},\"potentialAction\":[{\"@type\":\"SearchAction\",\"target\":{\"@type\":\"EntryPoint\",\"urlTemplate\":\"https:\\\/\\\/ebikespareparts.fi\\\/?s={search_term_string}\"},\"query-input\":{\"@type\":\"PropertyValueSpecification\",\"valueRequired\":true,\"valueName\":\"search_term_string\"}}],\"inLanguage\":\"en-GB\"},{\"@type\":\"Organization\",\"@id\":\"https:\\\/\\\/ebikespareparts.fi\\\/#organization\",\"name\":\"Ebikespareparts.fi\",\"url\":\"https:\\\/\\\/ebikespareparts.fi\\\/\",\"logo\":{\"@type\":\"ImageObject\",\"inLanguage\":\"en-GB\",\"@id\":\"https:\\\/\\\/ebikespareparts.fi\\\/#\\\/schema\\\/logo\\\/image\\\/\",\"url\":\"https:\\\/\\\/ebikespareparts.fi\\\/wp-content\\\/uploads\\\/2024\\\/05\\\/logo-musta-tausta.jpg\",\"contentUrl\":\"https:\\\/\\\/ebikespareparts.fi\\\/wp-content\\\/uploads\\\/2024\\\/05\\\/logo-musta-tausta.jpg\",\"width\":1013,\"height\":950,\"caption\":\"Ebikespareparts.fi\"},\"image\":{\"@id\":\"https:\\\/\\\/ebikespareparts.fi\\\/#\\\/schema\\\/logo\\\/image\\\/\"},\"sameAs\":[\"https:\\\/\\\/www.facebook.com\\\/smhj.fi\"]}]}<\/script>\n<!-- \/ Yoast SEO plugin. -->","yoast_head_json":{"title":"61903 \/ 6903 2RS 17X30X7 py\u00f6r\u00e4n kiekon linkun laakeri - Ebikespareparts.fi","description":"Mik\u00e4li suunnittelet vaihtaa py\u00f6r\u00e4n linkun laakerit niin t\u00e4ss\u00e4 hyv\u00e4 vaihtoehto ja laakerit on suunniteltu erityisesti jousituksen niveliin","robots":{"index":"index","follow":"follow","max-snippet":"max-snippet:-1","max-image-preview":"max-image-preview:large","max-video-preview":"max-video-preview:-1"},"canonical":"https:\/\/ebikespareparts.fi\/en\/product\/6903-2-rs-17x30x7-pyoran-linkun-laakeri\/","og_locale":"en_GB","og_type":"article","og_title":"61903 \/ 6903 2RS 17X30X7 py\u00f6r\u00e4n kiekon linkun laakeri - Ebikespareparts.fi","og_description":"Mik\u00e4li suunnittelet vaihtaa py\u00f6r\u00e4n linkun laakerit niin t\u00e4ss\u00e4 hyv\u00e4 vaihtoehto ja laakerit on suunniteltu erityisesti jousituksen niveliin","og_url":"https:\/\/ebikespareparts.fi\/en\/product\/6903-2-rs-17x30x7-pyoran-linkun-laakeri\/","og_site_name":"Ebikespareparts.fi","article_publisher":"https:\/\/www.facebook.com\/smhj.fi","article_modified_time":"2026-03-10T13:27:40+00:00","og_image":[{"width":355,"height":284,"url":"https:\/\/ebikespareparts.fi\/wp-content\/uploads\/2025\/03\/qfMJ3hkMKxIPrc8NjgJlvcK9GTNmxNbnraKdwZTxlddP5uqerg.jpg","type":"image\/jpeg"}],"twitter_card":"summary_large_image","twitter_misc":{"Estimated reading time":"1 minute"},"schema":{"@context":"https:\/\/schema.org","@graph":[{"@type":"WebPage","@id":"https:\/\/ebikespareparts.fi\/tuote\/6903-2-rs-17x30x7-pyoran-linkun-laakeri\/","url":"https:\/\/ebikespareparts.fi\/tuote\/6903-2-rs-17x30x7-pyoran-linkun-laakeri\/","name":"61903 \/ 6903 2RS 17X30X7 py\u00f6r\u00e4n kiekon linkun laakeri - Ebikespareparts.fi","isPartOf":{"@id":"https:\/\/ebikespareparts.fi\/#website"},"primaryImageOfPage":{"@id":"https:\/\/ebikespareparts.fi\/tuote\/6903-2-rs-17x30x7-pyoran-linkun-laakeri\/#primaryimage"},"image":{"@id":"https:\/\/ebikespareparts.fi\/tuote\/6903-2-rs-17x30x7-pyoran-linkun-laakeri\/#primaryimage"},"thumbnailUrl":"https:\/\/ebikespareparts.fi\/wp-content\/uploads\/2025\/03\/qfMJ3hkMKxIPrc8NjgJlvcK9GTNmxNbnraKdwZTxlddP5uqerg.jpg","datePublished":"2024-05-23T17:46:41+00:00","dateModified":"2026-03-10T13:27:40+00:00","description":"Mik\u00e4li suunnittelet vaihtaa py\u00f6r\u00e4n linkun laakerit niin t\u00e4ss\u00e4 hyv\u00e4 vaihtoehto ja laakerit on suunniteltu erityisesti jousituksen niveliin","breadcrumb":{"@id":"https:\/\/ebikespareparts.fi\/tuote\/6903-2-rs-17x30x7-pyoran-linkun-laakeri\/#breadcrumb"},"inLanguage":"en-GB","potentialAction":[{"@type":"ReadAction","target":["https:\/\/ebikespareparts.fi\/tuote\/6903-2-rs-17x30x7-pyoran-linkun-laakeri\/"]}]},{"@type":"ImageObject","inLanguage":"en-GB","@id":"https:\/\/ebikespareparts.fi\/tuote\/6903-2-rs-17x30x7-pyoran-linkun-laakeri\/#primaryimage","url":"https:\/\/ebikespareparts.fi\/wp-content\/uploads\/2025\/03\/qfMJ3hkMKxIPrc8NjgJlvcK9GTNmxNbnraKdwZTxlddP5uqerg.jpg","contentUrl":"https:\/\/ebikespareparts.fi\/wp-content\/uploads\/2025\/03\/qfMJ3hkMKxIPrc8NjgJlvcK9GTNmxNbnraKdwZTxlddP5uqerg.jpg","width":355,"height":284,"caption":"qfMJ3hkMKxIPrc8NjgJlvcK9GTNmxNbnraKdwZTxlddP5uqerg"},{"@type":"BreadcrumbList","@id":"https:\/\/ebikespareparts.fi\/tuote\/6903-2-rs-17x30x7-pyoran-linkun-laakeri\/#breadcrumb","itemListElement":[{"@type":"ListItem","position":1,"name":"Etusivu","item":"https:\/\/ebikespareparts.fi\/"},{"@type":"ListItem","position":2,"name":"Kauppa","item":"https:\/\/ebikespareparts.fi\/kauppa\/"},{"@type":"ListItem","position":3,"name":"61903 \/ 6903 2RS 17X30X7 py\u00f6r\u00e4n kiekon linkun laakeri"}]},{"@type":"WebSite","@id":"https:\/\/ebikespareparts.fi\/#website","url":"https:\/\/ebikespareparts.fi\/","name":"Ebikespareparts.fi","description":"S\u00e4hk\u00f6py\u00f6r\u00e4n osat - E-bike osat - Huolto","publisher":{"@id":"https:\/\/ebikespareparts.fi\/#organization"},"potentialAction":[{"@type":"SearchAction","target":{"@type":"EntryPoint","urlTemplate":"https:\/\/ebikespareparts.fi\/?s={search_term_string}"},"query-input":{"@type":"PropertyValueSpecification","valueRequired":true,"valueName":"search_term_string"}}],"inLanguage":"en-GB"},{"@type":"Organization","@id":"https:\/\/ebikespareparts.fi\/#organization","name":"Ebikespareparts.fi","url":"https:\/\/ebikespareparts.fi\/","logo":{"@type":"ImageObject","inLanguage":"en-GB","@id":"https:\/\/ebikespareparts.fi\/#\/schema\/logo\/image\/","url":"https:\/\/ebikespareparts.fi\/wp-content\/uploads\/2024\/05\/logo-musta-tausta.jpg","contentUrl":"https:\/\/ebikespareparts.fi\/wp-content\/uploads\/2024\/05\/logo-musta-tausta.jpg","width":1013,"height":950,"caption":"Ebikespareparts.fi"},"image":{"@id":"https:\/\/ebikespareparts.fi\/#\/schema\/logo\/image\/"},"sameAs":["https:\/\/www.facebook.com\/smhj.fi"]}]}},"_links":{"self":[{"href":"https:\/\/ebikespareparts.fi\/en\/wp-json\/wp\/v2\/product\/47050","targetHints":{"allow":["GET"]}}],"collection":[{"href":"https:\/\/ebikespareparts.fi\/en\/wp-json\/wp\/v2\/product"}],"about":[{"href":"https:\/\/ebikespareparts.fi\/en\/wp-json\/wp\/v2\/types\/product"}],"replies":[{"embeddable":true,"href":"https:\/\/ebikespareparts.fi\/en\/wp-json\/wp\/v2\/comments?post=47050"}],"version-history":[{"count":0,"href":"https:\/\/ebikespareparts.fi\/en\/wp-json\/wp\/v2\/product\/47050\/revisions"}],"wp:featuredmedia":[{"embeddable":true,"href":"https:\/\/ebikespareparts.fi\/en\/wp-json\/wp\/v2\/media\/47367"}],"wp:attachment":[{"href":"https:\/\/ebikespareparts.fi\/en\/wp-json\/wp\/v2\/media?parent=47050"}],"wp:term":[{"taxonomy":"product_brand","embeddable":true,"href":"https:\/\/ebikespareparts.fi\/en\/wp-json\/wp\/v2\/product_brand?post=47050"},{"taxonomy":"product_cat","embeddable":true,"href":"https:\/\/ebikespareparts.fi\/en\/wp-json\/wp\/v2\/product_cat?post=47050"},{"taxonomy":"product_tag","embeddable":true,"href":"https:\/\/ebikespareparts.fi\/en\/wp-json\/wp\/v2\/product_tag?post=47050"}],"curies":[{"name":"wp","href":"https:\/\/api.w.org\/{rel}","templated":true}]}}