{"id":45709,"date":"2023-10-19T15:27:34","date_gmt":"2023-10-19T12:27:34","guid":{"rendered":"https:\/\/ebikespareparts.fi\/?page_id=45709"},"modified":"2023-11-15T11:00:16","modified_gmt":"2023-11-15T09:00:16","slug":"bosch-gen-3-2","status":"publish","type":"page","link":"https:\/\/ebikespareparts.fi\/sv\/laakerien-tunnistaminen\/bosch-gen-3-2\/","title":{"rendered":"Bosch Gen 3"},"content":{"rendered":"<div class=\"wp-block-group\"><div class=\"wp-block-group__inner-container is-layout-flow wp-block-group-is-layout-flow\">\n<h2 class=\"wp-block-heading\">Bosch Gen 3<\/h2>\n\n\n\n<figure class=\"wp-block-image size-full\"><img fetchpriority=\"high\" decoding=\"async\" width=\"816\" height=\"649\" src=\"https:\/\/ebikespareparts.fi\/wp-content\/uploads\/2023\/10\/bosch-gen-3-identifier-NEW-816px.jpeg\" alt=\"\" class=\"wp-image-45694\" srcset=\"https:\/\/ebikespareparts.fi\/wp-content\/uploads\/2023\/10\/bosch-gen-3-identifier-NEW-816px.jpeg 816w, https:\/\/ebikespareparts.fi\/wp-content\/uploads\/2023\/10\/bosch-gen-3-identifier-NEW-816px-600x477.jpeg 600w, https:\/\/ebikespareparts.fi\/wp-content\/uploads\/2023\/10\/bosch-gen-3-identifier-NEW-816px-300x239.jpeg 300w, https:\/\/ebikespareparts.fi\/wp-content\/uploads\/2023\/10\/bosch-gen-3-identifier-NEW-816px-768x611.jpeg 768w\" sizes=\"(max-width: 816px) 100vw, 816px\" \/><\/figure>\n\n\n\n<p>Byter du lagren sj\u00e4lv kan du p\u00e5 bilden k\u00e4nna igen vilket lager som g\u00e5r vart och k\u00f6pa exakt de delar du beh\u00f6ver separat!<\/p>\n\n\n\n<p>Dessa \u00e4r vanligt anv\u00e4nda lager i Bosch ebike Generation 3 Active Line, Active Line Plus och Performance Line-motorer.<\/p>\n\n\n\n<p>Bosch Generation 3 (BDU3xx) motor (OBS: Stort framdrev)<\/p>\n\n\n\n<ol class=\"wp-block-list\">\n<li>&nbsp;V\u00e4nster sida f\u00f6r ankarst\u00f6dlager bild 1 del nr PLB 30524<\/li>\n\n\n\n<li>&nbsp;H\u00f6ger sida f\u00f6r ankarst\u00f6dlager bild 2 del nr PLB 30523<\/li>\n\n\n\n<li>&nbsp;Gratis vagn kopplingslager bild 3 del nr PLB 30522<\/li>\n\n\n\n<li>&nbsp;H\u00f6ger sida vevlager bild 4 del nr PLB 30520<\/li>\n\n\n\n<li>&nbsp;V\u00e4nster sida vevlager bild 5 del nr PLB 30521<\/li>\n\n\n\n<li>&nbsp;O-ring f\u00f6r vevaxel inre bild 6 art nr PLB 30525<\/li>\n\n\n\n<li>&nbsp;O-ring kedjehjuls f\u00e4stpunkt bild 7 del nr PLB 30526<\/li>\n<\/ol>\n<\/div><\/div>\n\n\n\n<div class=\"wp-block-group\"><div class=\"wp-block-group__inner-container is-layout-flow wp-block-group-is-layout-flow\">\n<div class=\"wp-block-columns is-layout-flex wp-container-core-columns-is-layout-28f84493 wp-block-columns-is-layout-flex\">\n<div class=\"wp-block-column is-layout-flow wp-block-column-is-layout-flow\">\n<p><strong>Generation 3<\/strong><br>\u2022 Gen 3 Active Line 40 Nm 2018 \u2013 fortfarande tillg\u00e4nglig. Cykelmotor f\u00f6r smidig stadsk\u00f6rning med l\u00e5ng batteritid.<br>\u2022 Gen 3 Active Line Plus 50 Nm 2018 \u2013 fortfarande tillg\u00e4nglig. Cykelmotor f\u00f6r stadsk\u00f6rning med sm\u00e5 backar. Samma motor, lite mer kraft, men \u00e4nd\u00e5 b\u00e4ttre batterif\u00f6rbrukning.<br>\u2022 Gen 3 Performance Line (finns inte p\u00e5 CX) 65 Nm 2018 \u2013 kvar. Cykelmotorhybrid \/ utflykt f\u00f6r cyklar, dvs f\u00f6r l\u00e4ngre, h\u00f6gre backar.<br>\u2022 (\u00c4NJ INSTALLERAD P\u00c5 MOUNTAINCYKLAR)<br>\u2022 Observera St\u00f6rre kedjehjul som inte anv\u00e4nds i GEN 2-modeller<\/p>\n<\/div>\n\n\n\n<div class=\"wp-block-column is-layout-flow wp-block-column-is-layout-flow\">\n<figure class=\"wp-block-image size-large\"><img decoding=\"async\" width=\"1024\" height=\"866\" src=\"https:\/\/ebikespareparts.fi\/wp-content\/uploads\/2023\/10\/bosch-gen-3-1024x866.png\" alt=\"\" class=\"wp-image-45695\" srcset=\"https:\/\/ebikespareparts.fi\/wp-content\/uploads\/2023\/10\/bosch-gen-3-1024x866.png 1024w, https:\/\/ebikespareparts.fi\/wp-content\/uploads\/2023\/10\/bosch-gen-3-600x508.png 600w, https:\/\/ebikespareparts.fi\/wp-content\/uploads\/2023\/10\/bosch-gen-3-300x254.png 300w, https:\/\/ebikespareparts.fi\/wp-content\/uploads\/2023\/10\/bosch-gen-3-768x650.png 768w, https:\/\/ebikespareparts.fi\/wp-content\/uploads\/2023\/10\/bosch-gen-3.png 1040w\" sizes=\"(max-width: 1024px) 100vw, 1024px\" \/><\/figure>\n<\/div>\n<\/div>\n<\/div><\/div>\n\n\n\n<div class=\"wp-block-group\"><div class=\"wp-block-group__inner-container is-layout-flow wp-block-group-is-layout-flow\">\n<p><strong>Beh\u00f6ver Bosch Motor regelbundet underh\u00e5ll?<\/strong><\/p>\n\n\n\n<p>Bosch-motorer \u00e4r inte konstruerade f\u00f6r service och b\u00f6r endast repareras vid behov fel. Motorerna \u00e4r t\u00e4tade och torra kan de k\u00f6ras mer \u00e4n 80 000 km utan problem.<\/p>\n\n\n\n<p>Min bosch-motor l\u00e5ter lite grov, ska jag forts\u00e4tta k\u00f6ra tills den g\u00f6r det sluta arbeta?<\/p>\n\n\n\n<p>Nej! Om du h\u00f6r din motor g\u00f6ra extra ljud n\u00e4r du k\u00f6r \u00e4r det redan f\u00f6r sent! Laurel \u00e4r skadade slits kulorna inuti lagret snabbt och n\u00e4r de slits slits de blir mindre och detta g\u00f6r att lagert\u00e4tningarna stiger fr\u00e5n det inre\/yttre h\u00e5let, vilket orsakar vatten eller smuts kommer direkt till motorn! Alla Ebike-motorer misslyckas p\u00e5 detta s\u00e4tt. Ignorera inte f\u00f6r\u00e4ndringar i ljudniv\u00e5n p\u00e5 din motor, eftersom det finns en gr\u00e4ns f\u00f6r vad som kan repareras.<\/p>\n\n\n\n<p>Varf\u00f6r g\u00e5r lagren s\u00f6nder, \u00e4r de av d\u00e5lig kvalitet?<br>Lagren som \u00e4r monterade p\u00e5 de flesta Bosh-motorer \u00e4r av mycket god kvalitet och v\u00e4l t\u00e4tade, men \u00e4ven om lagret \u00e4r klassat som \u201dt\u00e4tat\u201d \u00e4r det inte vattent\u00e4tt! De \u00e4r som b\u00e4st vatten- och dammbest\u00e4ndig. Detta g\u00e4ller f\u00f6r 99 % Ebike-motorer p\u00e5 marknaden.<\/p>\n\n\n\n<p><strong>Varf\u00f6r t\u00e4tar inte tillverkare Ebike-motorer fr\u00e5n vatten och fr\u00e5n smuts?<\/strong><\/p>\n\n\n\n<p>Att t\u00e4ta motorn p\u00e5 designstadiet skulle vara mycket enkelt, men packningarna l\u00e4gger till drag och batterif\u00f6rbrukning. Det skulle vara d\u00e5ligt f\u00f6r tillverkaren att lansera en motor ur konkurrenssynpunkt, som uppn\u00e5r en 2 km kortare distans \u00e4n sina konkurrenter.<\/p>\n\n\n\n<p><br><strong>Min motor knarrar, \u00e4r det n\u00e5got problem med lagren?<\/strong><br><strong>\u2022 Lager mullrar, slipar periodvis eller k\u00e4rvar. De knarrar vanligtvis inte. Gn\u00e4llig orsakas vanligtvis av n\u00e5got av f\u00f6ljande:<\/strong><br><strong>\u2022 L\u00f6sa motorbultar. Detta g\u00f6r att motorramen i aluminium knarrar mot aluminiumramen.<\/strong><br><strong>\u2022 Sadelstolpen knarrar i ramen (de flesta ljud f\u00e4rdas l\u00e4ngs ramen och b\u00e4rs till motoromr\u00e5det).<\/strong><br><strong>\u2022 Veva loss<\/strong><\/p>\n\n\n\n<p><strong>\u2022 Om en ny h\u00e5llare och fr\u00e4mre kedjehjul har installerats, (Gen 3 och 4) kontrollera de fr\u00e4mre kedjehjulets bultar<\/strong><br><strong>\u2022 Pedalen l\u00e5ter<\/strong><br><strong>\u2022 Upph\u00e4ngningsleder l\u00e5ter<\/strong><br><strong>\u2022 Bakhjulsaxel l\u00f6s<\/strong><\/p>\n\n\n\n<p><strong>Kan jag f\u00e5 extra t\u00e4tning f\u00f6r min Gen 4-motor?<\/strong><\/p>\n\n\n\n<p>Det finns f\u00f6r n\u00e4rvarande inget extra skydd f\u00f6r Gen 4-motorn. men denna motor har redan en hel del installerade bra t\u00e4tningar som ny. De m\u00e5ste tas bort och sm\u00f6rjas om d\u00e5 och d\u00e5, vilket beror p\u00e5 k\u00f6rningen\nf\u00f6rh\u00e5llanden, dina st\u00e4dvanor, v\u00e4derf\u00f6rh\u00e5llanden osv.<\/p>\n\n\n\n<p>Kommer trimningen att skada eller slita delar av min Bosch-motor?<br>Vid underh\u00e5ll har det inte visat sig att anv\u00e4ndningen av begr\u00e4nsningsborttagningsanordningen har orsakat skador p\u00e5 motorn skada.<\/p>\n\n\n\n<p><strong>F\u00f6rutom vatten och damm, vad kan orsaka skada eller slitage p\u00e5 min motor?<\/strong><br>N\u00e5got h\u00f6gre slitage har tagits med i motorer som anv\u00e4nds vid l\u00e5ga varvtal med pedalhastighet och h\u00f6ga v\u00e4xlar, vilket g\u00f6r att motorn snurrar relativt l\u00e5ngsamt och f\u00f6rs\u00f6ker \u00f6ka mer kraft. Att trampa p\u00e5 en h\u00f6gre takt \u00e4r definitivt b\u00e4ttre och effektivare f\u00f6r motorn. Skador kan orsakas av pedalst\u00f6tar och kollisioner, men det \u00e4r allt! Motorer \u00e4r vanligtvis mycket h\u00e5llbara om de tas om hand.<\/p>\n\n\n\n<p><strong>N\u00e4r ska jag ta in motorn f\u00f6r service?<\/strong><br>Bosch-motorer \u00e4r underh\u00e5llsfria och h\u00e5ller i tusentals kilometer torra h\u00f6lls.<br><strong>Kan jag f\u00e5 mer kraft fr\u00e5n motorn?<\/strong><br>F\u00f6r tillf\u00e4llet nej.<\/p>\n\n\n\n<p><strong>Kan jag byta ut motorn mot en nyare modell?<\/strong><br>I vissa fall skulle detta vara m\u00f6jligt, men inte s\u00e5 l\u00e4tt som det l\u00e5ter. Motorer kan variera mycket beroende p\u00e5 modell, storlek, vevtyp, monteringsbultens storlek och placering, plugg typ och plats etc. Dessa kan alla \u00e4ndras samt kompatibilitet med \u00e4ldre batterier och\nmed kontroller. Vanligtvis, i slut\u00e4ndan, \u00e4r det f\u00f6r n\u00e4rvarande billigare att k\u00f6pa en ny cykel och l\u00e4ttare.<\/p>\n<\/div><\/div>","protected":false},"excerpt":{"rendered":"<p>Bosch Gen 3 Om du byter ut lagren sj\u00e4lv kan du se p\u00e5 bilden vilket lager som sitter var och k\u00f6pa de delar du beh\u00f6ver separat! Det h\u00e4r \u00e4r de vanligaste lagren f\u00f6r Bosch ebike Generation 3 Active Line, Active Line Plus och Performance Line-motorer. Bosch Generation 3 (BDU3xx)-motor (OBS: Stort framhjul) Generation 3 Gen 3 Active Line 40 Nm 2018 <a href=\"https:\/\/ebikespareparts.fi\/sv\/laakerien-tunnistaminen\/bosch-gen-3-2\/\" class=\"more-link\">\u2026 <span class=\"screen-reader-text\">  Bosch Gen 3<\/span><\/a><\/p>","protected":false},"author":1,"featured_media":0,"parent":45721,"menu_order":0,"comment_status":"closed","ping_status":"closed","template":"","meta":{"_acf_changed":false,"footnotes":""},"class_list":["post-45709","page","type-page","status-publish","hentry"],"acf":[],"yoast_head":"<!-- This site is optimized with the Yoast SEO plugin v27.3 - https:\/\/yoast.com\/product\/yoast-seo-wordpress\/ -->\n<title>Bosch Gen 3 - Ebikespareparts.fi<\/title>\n<meta name=\"robots\" content=\"index, follow, max-snippet:-1, max-image-preview:large, max-video-preview:-1\" \/>\n<link rel=\"canonical\" href=\"https:\/\/ebikespareparts.fi\/sv\/laakerien-tunnistaminen\/bosch-gen-3-2\/\" \/>\n<meta property=\"og:locale\" content=\"sv_SE\" \/>\n<meta property=\"og:type\" content=\"article\" \/>\n<meta property=\"og:title\" content=\"Bosch Gen 3 - Ebikespareparts.fi\" \/>\n<meta property=\"og:description\" content=\"Bosch Gen 3 Jos vaihdat laakerit itse, voit kuvasta tunnistaa, mik\u00e4 laakeri menee minnekin, ja ostaa erikseen juuri tarvitsemasi osat! N\u00e4m\u00e4 ovat yleisesti k\u00e4ytettyj\u00e4 laakereita Bosch ebike Generation 3 Active Line-, Active Line Plus- ja Performance Line -moottoreissa. Bosch Generation 3 (BDU3xx) -moottori (HUOMAUTUS: Suuri eturatas) Generation 3\u2022 Gen 3 Active Line 40 Nm 2018 \u2026  Bosch Gen 3\" \/>\n<meta property=\"og:url\" content=\"https:\/\/ebikespareparts.fi\/sv\/laakerien-tunnistaminen\/bosch-gen-3-2\/\" \/>\n<meta property=\"og:site_name\" content=\"Ebikespareparts.fi\" \/>\n<meta property=\"article:publisher\" content=\"https:\/\/www.facebook.com\/smhj.fi\" \/>\n<meta property=\"article:modified_time\" content=\"2023-11-15T09:00:16+00:00\" \/>\n<meta property=\"og:image\" content=\"https:\/\/smhjfi-wp23116.test.cchosting.fi\/wp-content\/uploads\/2023\/10\/bosch-gen-3-identifier-NEW-816px.jpeg\" \/>\n<meta name=\"twitter:card\" content=\"summary_large_image\" \/>\n<meta name=\"twitter:label1\" content=\"Ber\u00e4knad l\u00e4stid\" \/>\n\t<meta name=\"twitter:data1\" content=\"5 minuter\" \/>\n<script type=\"application\/ld+json\" class=\"yoast-schema-graph\">{\"@context\":\"https:\\\/\\\/schema.org\",\"@graph\":[{\"@type\":\"WebPage\",\"@id\":\"https:\\\/\\\/ebikespareparts.fi\\\/laakerien-tunnistaminen\\\/bosch-gen-3-2\\\/\",\"url\":\"https:\\\/\\\/ebikespareparts.fi\\\/laakerien-tunnistaminen\\\/bosch-gen-3-2\\\/\",\"name\":\"Bosch Gen 3 - Ebikespareparts.fi\",\"isPartOf\":{\"@id\":\"https:\\\/\\\/ebikespareparts.fi\\\/#website\"},\"primaryImageOfPage\":{\"@id\":\"https:\\\/\\\/ebikespareparts.fi\\\/laakerien-tunnistaminen\\\/bosch-gen-3-2\\\/#primaryimage\"},\"image\":{\"@id\":\"https:\\\/\\\/ebikespareparts.fi\\\/laakerien-tunnistaminen\\\/bosch-gen-3-2\\\/#primaryimage\"},\"thumbnailUrl\":\"https:\\\/\\\/ebikespareparts.fi\\\/wp-content\\\/uploads\\\/2023\\\/10\\\/bosch-gen-3-identifier-NEW-816px.jpeg\",\"datePublished\":\"2023-10-19T12:27:34+00:00\",\"dateModified\":\"2023-11-15T09:00:16+00:00\",\"breadcrumb\":{\"@id\":\"https:\\\/\\\/ebikespareparts.fi\\\/laakerien-tunnistaminen\\\/bosch-gen-3-2\\\/#breadcrumb\"},\"inLanguage\":\"sv-SE\",\"potentialAction\":[{\"@type\":\"ReadAction\",\"target\":[\"https:\\\/\\\/ebikespareparts.fi\\\/laakerien-tunnistaminen\\\/bosch-gen-3-2\\\/\"]}]},{\"@type\":\"ImageObject\",\"inLanguage\":\"sv-SE\",\"@id\":\"https:\\\/\\\/ebikespareparts.fi\\\/laakerien-tunnistaminen\\\/bosch-gen-3-2\\\/#primaryimage\",\"url\":\"https:\\\/\\\/ebikespareparts.fi\\\/wp-content\\\/uploads\\\/2023\\\/10\\\/bosch-gen-3-identifier-NEW-816px.jpeg\",\"contentUrl\":\"https:\\\/\\\/ebikespareparts.fi\\\/wp-content\\\/uploads\\\/2023\\\/10\\\/bosch-gen-3-identifier-NEW-816px.jpeg\"},{\"@type\":\"BreadcrumbList\",\"@id\":\"https:\\\/\\\/ebikespareparts.fi\\\/laakerien-tunnistaminen\\\/bosch-gen-3-2\\\/#breadcrumb\",\"itemListElement\":[{\"@type\":\"ListItem\",\"position\":1,\"name\":\"Etusivu\",\"item\":\"https:\\\/\\\/ebikespareparts.fi\\\/\"},{\"@type\":\"ListItem\",\"position\":2,\"name\":\"Laakerien tunnistaminen\",\"item\":\"https:\\\/\\\/ebikespareparts.fi\\\/laakerien-tunnistaminen\\\/\"},{\"@type\":\"ListItem\",\"position\":3,\"name\":\"Bosch Gen 3\"}]},{\"@type\":\"WebSite\",\"@id\":\"https:\\\/\\\/ebikespareparts.fi\\\/#website\",\"url\":\"https:\\\/\\\/ebikespareparts.fi\\\/\",\"name\":\"Ebikespareparts.fi\",\"description\":\"S\u00e4hk\u00f6py\u00f6r\u00e4n osat - E-bike osat - Huolto\",\"publisher\":{\"@id\":\"https:\\\/\\\/ebikespareparts.fi\\\/#organization\"},\"potentialAction\":[{\"@type\":\"SearchAction\",\"target\":{\"@type\":\"EntryPoint\",\"urlTemplate\":\"https:\\\/\\\/ebikespareparts.fi\\\/?s={search_term_string}\"},\"query-input\":{\"@type\":\"PropertyValueSpecification\",\"valueRequired\":true,\"valueName\":\"search_term_string\"}}],\"inLanguage\":\"sv-SE\"},{\"@type\":\"Organization\",\"@id\":\"https:\\\/\\\/ebikespareparts.fi\\\/#organization\",\"name\":\"Ebikespareparts.fi\",\"url\":\"https:\\\/\\\/ebikespareparts.fi\\\/\",\"logo\":{\"@type\":\"ImageObject\",\"inLanguage\":\"sv-SE\",\"@id\":\"https:\\\/\\\/ebikespareparts.fi\\\/#\\\/schema\\\/logo\\\/image\\\/\",\"url\":\"https:\\\/\\\/ebikespareparts.fi\\\/wp-content\\\/uploads\\\/2024\\\/05\\\/logo-musta-tausta.jpg\",\"contentUrl\":\"https:\\\/\\\/ebikespareparts.fi\\\/wp-content\\\/uploads\\\/2024\\\/05\\\/logo-musta-tausta.jpg\",\"width\":1013,\"height\":950,\"caption\":\"Ebikespareparts.fi\"},\"image\":{\"@id\":\"https:\\\/\\\/ebikespareparts.fi\\\/#\\\/schema\\\/logo\\\/image\\\/\"},\"sameAs\":[\"https:\\\/\\\/www.facebook.com\\\/smhj.fi\"]}]}<\/script>\n<!-- \/ Yoast SEO plugin. -->","yoast_head_json":{"title":"Bosch Gen 3 - Ebikespareparts.fi","robots":{"index":"index","follow":"follow","max-snippet":"max-snippet:-1","max-image-preview":"max-image-preview:large","max-video-preview":"max-video-preview:-1"},"canonical":"https:\/\/ebikespareparts.fi\/sv\/laakerien-tunnistaminen\/bosch-gen-3-2\/","og_locale":"sv_SE","og_type":"article","og_title":"Bosch Gen 3 - Ebikespareparts.fi","og_description":"Bosch Gen 3 Jos vaihdat laakerit itse, voit kuvasta tunnistaa, mik\u00e4 laakeri menee minnekin, ja ostaa erikseen juuri tarvitsemasi osat! N\u00e4m\u00e4 ovat yleisesti k\u00e4ytettyj\u00e4 laakereita Bosch ebike Generation 3 Active Line-, Active Line Plus- ja Performance Line -moottoreissa. Bosch Generation 3 (BDU3xx) -moottori (HUOMAUTUS: Suuri eturatas) Generation 3\u2022 Gen 3 Active Line 40 Nm 2018 \u2026  Bosch Gen 3","og_url":"https:\/\/ebikespareparts.fi\/sv\/laakerien-tunnistaminen\/bosch-gen-3-2\/","og_site_name":"Ebikespareparts.fi","article_publisher":"https:\/\/www.facebook.com\/smhj.fi","article_modified_time":"2023-11-15T09:00:16+00:00","og_image":[{"url":"https:\/\/smhjfi-wp23116.test.cchosting.fi\/wp-content\/uploads\/2023\/10\/bosch-gen-3-identifier-NEW-816px.jpeg","type":"","width":"","height":""}],"twitter_card":"summary_large_image","twitter_misc":{"Ber\u00e4knad l\u00e4stid":"5 minuter"},"schema":{"@context":"https:\/\/schema.org","@graph":[{"@type":"WebPage","@id":"https:\/\/ebikespareparts.fi\/laakerien-tunnistaminen\/bosch-gen-3-2\/","url":"https:\/\/ebikespareparts.fi\/laakerien-tunnistaminen\/bosch-gen-3-2\/","name":"Bosch Gen 3 - Ebikespareparts.fi","isPartOf":{"@id":"https:\/\/ebikespareparts.fi\/#website"},"primaryImageOfPage":{"@id":"https:\/\/ebikespareparts.fi\/laakerien-tunnistaminen\/bosch-gen-3-2\/#primaryimage"},"image":{"@id":"https:\/\/ebikespareparts.fi\/laakerien-tunnistaminen\/bosch-gen-3-2\/#primaryimage"},"thumbnailUrl":"https:\/\/ebikespareparts.fi\/wp-content\/uploads\/2023\/10\/bosch-gen-3-identifier-NEW-816px.jpeg","datePublished":"2023-10-19T12:27:34+00:00","dateModified":"2023-11-15T09:00:16+00:00","breadcrumb":{"@id":"https:\/\/ebikespareparts.fi\/laakerien-tunnistaminen\/bosch-gen-3-2\/#breadcrumb"},"inLanguage":"sv-SE","potentialAction":[{"@type":"ReadAction","target":["https:\/\/ebikespareparts.fi\/laakerien-tunnistaminen\/bosch-gen-3-2\/"]}]},{"@type":"ImageObject","inLanguage":"sv-SE","@id":"https:\/\/ebikespareparts.fi\/laakerien-tunnistaminen\/bosch-gen-3-2\/#primaryimage","url":"https:\/\/ebikespareparts.fi\/wp-content\/uploads\/2023\/10\/bosch-gen-3-identifier-NEW-816px.jpeg","contentUrl":"https:\/\/ebikespareparts.fi\/wp-content\/uploads\/2023\/10\/bosch-gen-3-identifier-NEW-816px.jpeg"},{"@type":"BreadcrumbList","@id":"https:\/\/ebikespareparts.fi\/laakerien-tunnistaminen\/bosch-gen-3-2\/#breadcrumb","itemListElement":[{"@type":"ListItem","position":1,"name":"Etusivu","item":"https:\/\/ebikespareparts.fi\/"},{"@type":"ListItem","position":2,"name":"Laakerien tunnistaminen","item":"https:\/\/ebikespareparts.fi\/laakerien-tunnistaminen\/"},{"@type":"ListItem","position":3,"name":"Bosch Gen 3"}]},{"@type":"WebSite","@id":"https:\/\/ebikespareparts.fi\/#website","url":"https:\/\/ebikespareparts.fi\/","name":"Ebikespareparts.fi","description":"S\u00e4hk\u00f6py\u00f6r\u00e4n osat - E-bike osat - Huolto","publisher":{"@id":"https:\/\/ebikespareparts.fi\/#organization"},"potentialAction":[{"@type":"SearchAction","target":{"@type":"EntryPoint","urlTemplate":"https:\/\/ebikespareparts.fi\/?s={search_term_string}"},"query-input":{"@type":"PropertyValueSpecification","valueRequired":true,"valueName":"search_term_string"}}],"inLanguage":"sv-SE"},{"@type":"Organization","@id":"https:\/\/ebikespareparts.fi\/#organization","name":"Ebikespareparts.fi","url":"https:\/\/ebikespareparts.fi\/","logo":{"@type":"ImageObject","inLanguage":"sv-SE","@id":"https:\/\/ebikespareparts.fi\/#\/schema\/logo\/image\/","url":"https:\/\/ebikespareparts.fi\/wp-content\/uploads\/2024\/05\/logo-musta-tausta.jpg","contentUrl":"https:\/\/ebikespareparts.fi\/wp-content\/uploads\/2024\/05\/logo-musta-tausta.jpg","width":1013,"height":950,"caption":"Ebikespareparts.fi"},"image":{"@id":"https:\/\/ebikespareparts.fi\/#\/schema\/logo\/image\/"},"sameAs":["https:\/\/www.facebook.com\/smhj.fi"]}]}},"_links":{"self":[{"href":"https:\/\/ebikespareparts.fi\/sv\/wp-json\/wp\/v2\/pages\/45709","targetHints":{"allow":["GET"]}}],"collection":[{"href":"https:\/\/ebikespareparts.fi\/sv\/wp-json\/wp\/v2\/pages"}],"about":[{"href":"https:\/\/ebikespareparts.fi\/sv\/wp-json\/wp\/v2\/types\/page"}],"author":[{"embeddable":true,"href":"https:\/\/ebikespareparts.fi\/sv\/wp-json\/wp\/v2\/users\/1"}],"replies":[{"embeddable":true,"href":"https:\/\/ebikespareparts.fi\/sv\/wp-json\/wp\/v2\/comments?post=45709"}],"version-history":[{"count":0,"href":"https:\/\/ebikespareparts.fi\/sv\/wp-json\/wp\/v2\/pages\/45709\/revisions"}],"up":[{"embeddable":true,"href":"https:\/\/ebikespareparts.fi\/sv\/wp-json\/wp\/v2\/pages\/45721"}],"wp:attachment":[{"href":"https:\/\/ebikespareparts.fi\/sv\/wp-json\/wp\/v2\/media?parent=45709"}],"curies":[{"name":"wp","href":"https:\/\/api.w.org\/{rel}","templated":true}]}}