{"id":45715,"date":"2023-10-19T15:38:17","date_gmt":"2023-10-19T12:38:17","guid":{"rendered":"https:\/\/ebikespareparts.fi\/?page_id=45715"},"modified":"2023-11-15T11:01:48","modified_gmt":"2023-11-15T09:01:48","slug":"brose-s-mag","status":"publish","type":"page","link":"https:\/\/ebikespareparts.fi\/sv\/laakerien-tunnistaminen\/brose-s-mag\/","title":{"rendered":"Brose \u2019S\u2019 MAG"},"content":{"rendered":"<div class=\"wp-block-group\"><div class=\"wp-block-group__inner-container is-layout-flow wp-block-group-is-layout-flow\">\n<h2 class=\"wp-block-heading\">Brose \u2019S\u2019 MAG<\/h2>\n\n\n\n<figure class=\"wp-block-image size-full\"><img fetchpriority=\"high\" decoding=\"async\" width=\"1024\" height=\"826\" src=\"https:\/\/ebikespareparts.fi\/wp-content\/uploads\/2023\/10\/brose-S-MAG-diagram.jpeg\" alt=\"\" class=\"wp-image-45699\" srcset=\"https:\/\/ebikespareparts.fi\/wp-content\/uploads\/2023\/10\/brose-S-MAG-diagram.jpeg 1024w, https:\/\/ebikespareparts.fi\/wp-content\/uploads\/2023\/10\/brose-S-MAG-diagram-600x484.jpeg 600w, https:\/\/ebikespareparts.fi\/wp-content\/uploads\/2023\/10\/brose-S-MAG-diagram-300x242.jpeg 300w, https:\/\/ebikespareparts.fi\/wp-content\/uploads\/2023\/10\/brose-S-MAG-diagram-768x620.jpeg 768w\" sizes=\"(max-width: 1024px) 100vw, 1024px\" \/><\/figure>\n\n\n\n<p>Om du byter lagren sj\u00e4lv kan du identifiera vilka lager som g\u00e5r vart och k\u00f6pa de lager du beh\u00f6ver ett och ett.<\/p>\n\n\n\n<p>&nbsp;Bilden visar alla de vanligaste lagren f\u00f6r Brose \"T\", \"S\" och \"S\" MAG ebike-motorer. De aktuella lagren \u00e4r med st\u00f6rsta sannolikhet skadade p\u00e5 grund av slitage eller vattenintr\u00e4ngning. Vi kan \u00e4ven leverera packningar till dessa motorer. Om delen du s\u00f6ker inte kan hittas p\u00e5 hemsidan, kontakta oss och ber\u00e4tta vilken del du beh\u00f6ver s\u00e5 ska vi f\u00f6rs\u00f6ka hj\u00e4lpa till.<\/p>\n<\/div><\/div>","protected":false},"excerpt":{"rendered":"<p>Brose \u2019S\u2019 MAG Om du byter ut lagren sj\u00e4lv kan du identifiera vilka lager som sitter var och k\u00f6pa de lager du beh\u00f6ver ett i taget.  Bilden visar alla de vanligaste lagren f\u00f6r Brose \u201cT\u201d, \u201cS\u201d och \u201cS\u201d MAG elcykelmotorer. Dessa lager \u00e4r de mest sannolika att misslyckas p\u00e5 grund av slitage eller vattenintr\u00e4ngning. Vi kan ocks\u00e5 leverera t\u00e4tningar till dessa motorer. Om du inte hittar den del du letar efter p\u00e5 v\u00e5r webbplats, v\u00e4nligen kontakta oss och <a href=\"https:\/\/ebikespareparts.fi\/sv\/laakerien-tunnistaminen\/brose-s-mag\/\" class=\"more-link\">\u2026 <span class=\"screen-reader-text\">  Brose \u2019S\u2019 MAG<\/span><\/a><\/p>","protected":false},"author":1,"featured_media":0,"parent":45721,"menu_order":0,"comment_status":"closed","ping_status":"closed","template":"","meta":{"_acf_changed":false,"footnotes":""},"class_list":["post-45715","page","type-page","status-publish","hentry"],"acf":[],"yoast_head":"<!-- This site is optimized with the Yoast SEO plugin v27.5 - https:\/\/yoast.com\/product\/yoast-seo-wordpress\/ -->\n<title>Brose &#039;S&#039; MAG - Ebikespareparts.fi<\/title>\n<meta name=\"robots\" content=\"index, follow, max-snippet:-1, max-image-preview:large, max-video-preview:-1\" \/>\n<link rel=\"canonical\" href=\"https:\/\/ebikespareparts.fi\/sv\/laakerien-tunnistaminen\/brose-s-mag\/\" \/>\n<meta property=\"og:locale\" content=\"sv_SE\" \/>\n<meta property=\"og:type\" content=\"article\" \/>\n<meta property=\"og:title\" content=\"Brose &#039;S&#039; MAG - Ebikespareparts.fi\" \/>\n<meta property=\"og:description\" content=\"Brose &#8217;S&#8217; MAG Jos vaihdat laakerit itse, voit tunnistaa, mik\u00e4 laakerit menee minnekin ja ostaa yksitellen juuri tarvitsemasi laakerit. &nbsp;Kuvassa kaikki yleisimm\u00e4t laakerit Brose \u201cT\u201d, \u201cS\u201d ja \u201cS\u201d MAG ebike -moottoreihin.Kyseiset laakerit vioittuvat todenn\u00e4k\u00f6isimmin kulumisen tai veden sis\u00e4\u00e4np\u00e4\u00e4syn vuoksi. Voimme toimittaa my\u00f6s tiivisteet n\u00e4ihin moottoreihin. Jos etsim\u00e4\u00e4si osaa ei l\u00f6ydy sivuilta, ota meihin yhteytt\u00e4 ja \u2026  Brose &#8217;S&#8217; MAG\" \/>\n<meta property=\"og:url\" content=\"https:\/\/ebikespareparts.fi\/sv\/laakerien-tunnistaminen\/brose-s-mag\/\" \/>\n<meta property=\"og:site_name\" content=\"Ebikespareparts.fi\" \/>\n<meta property=\"article:publisher\" content=\"https:\/\/www.facebook.com\/smhj.fi\" \/>\n<meta property=\"article:modified_time\" content=\"2023-11-15T09:01:48+00:00\" \/>\n<meta property=\"og:image\" content=\"https:\/\/smhjfi-wp23116.test.cchosting.fi\/wp-content\/uploads\/2023\/10\/brose-S-MAG-diagram.jpeg\" \/>\n<meta name=\"twitter:card\" content=\"summary_large_image\" \/>\n<meta name=\"twitter:label1\" content=\"Ber\u00e4knad l\u00e4stid\" \/>\n\t<meta name=\"twitter:data1\" content=\"1 minut\" \/>\n<script type=\"application\/ld+json\" class=\"yoast-schema-graph\">{\"@context\":\"https:\\\/\\\/schema.org\",\"@graph\":[{\"@type\":\"WebPage\",\"@id\":\"https:\\\/\\\/ebikespareparts.fi\\\/laakerien-tunnistaminen\\\/brose-s-mag\\\/\",\"url\":\"https:\\\/\\\/ebikespareparts.fi\\\/laakerien-tunnistaminen\\\/brose-s-mag\\\/\",\"name\":\"Brose 'S' MAG - Ebikespareparts.fi\",\"isPartOf\":{\"@id\":\"https:\\\/\\\/ebikespareparts.fi\\\/#website\"},\"primaryImageOfPage\":{\"@id\":\"https:\\\/\\\/ebikespareparts.fi\\\/laakerien-tunnistaminen\\\/brose-s-mag\\\/#primaryimage\"},\"image\":{\"@id\":\"https:\\\/\\\/ebikespareparts.fi\\\/laakerien-tunnistaminen\\\/brose-s-mag\\\/#primaryimage\"},\"thumbnailUrl\":\"https:\\\/\\\/ebikespareparts.fi\\\/wp-content\\\/uploads\\\/2023\\\/10\\\/brose-S-MAG-diagram.jpeg\",\"datePublished\":\"2023-10-19T12:38:17+00:00\",\"dateModified\":\"2023-11-15T09:01:48+00:00\",\"breadcrumb\":{\"@id\":\"https:\\\/\\\/ebikespareparts.fi\\\/laakerien-tunnistaminen\\\/brose-s-mag\\\/#breadcrumb\"},\"inLanguage\":\"sv-SE\",\"potentialAction\":[{\"@type\":\"ReadAction\",\"target\":[\"https:\\\/\\\/ebikespareparts.fi\\\/laakerien-tunnistaminen\\\/brose-s-mag\\\/\"]}]},{\"@type\":\"ImageObject\",\"inLanguage\":\"sv-SE\",\"@id\":\"https:\\\/\\\/ebikespareparts.fi\\\/laakerien-tunnistaminen\\\/brose-s-mag\\\/#primaryimage\",\"url\":\"https:\\\/\\\/ebikespareparts.fi\\\/wp-content\\\/uploads\\\/2023\\\/10\\\/brose-S-MAG-diagram.jpeg\",\"contentUrl\":\"https:\\\/\\\/ebikespareparts.fi\\\/wp-content\\\/uploads\\\/2023\\\/10\\\/brose-S-MAG-diagram.jpeg\"},{\"@type\":\"BreadcrumbList\",\"@id\":\"https:\\\/\\\/ebikespareparts.fi\\\/laakerien-tunnistaminen\\\/brose-s-mag\\\/#breadcrumb\",\"itemListElement\":[{\"@type\":\"ListItem\",\"position\":1,\"name\":\"Etusivu\",\"item\":\"https:\\\/\\\/ebikespareparts.fi\\\/\"},{\"@type\":\"ListItem\",\"position\":2,\"name\":\"Laakerien tunnistaminen\",\"item\":\"https:\\\/\\\/ebikespareparts.fi\\\/laakerien-tunnistaminen\\\/\"},{\"@type\":\"ListItem\",\"position\":3,\"name\":\"Brose &#8217;S&#8217; MAG\"}]},{\"@type\":\"WebSite\",\"@id\":\"https:\\\/\\\/ebikespareparts.fi\\\/#website\",\"url\":\"https:\\\/\\\/ebikespareparts.fi\\\/\",\"name\":\"Ebikespareparts.fi\",\"description\":\"S\u00e4hk\u00f6py\u00f6r\u00e4n osat - E-bike osat - Huolto\",\"publisher\":{\"@id\":\"https:\\\/\\\/ebikespareparts.fi\\\/#organization\"},\"potentialAction\":[{\"@type\":\"SearchAction\",\"target\":{\"@type\":\"EntryPoint\",\"urlTemplate\":\"https:\\\/\\\/ebikespareparts.fi\\\/?s={search_term_string}\"},\"query-input\":{\"@type\":\"PropertyValueSpecification\",\"valueRequired\":true,\"valueName\":\"search_term_string\"}}],\"inLanguage\":\"sv-SE\"},{\"@type\":\"Organization\",\"@id\":\"https:\\\/\\\/ebikespareparts.fi\\\/#organization\",\"name\":\"Ebikespareparts.fi\",\"url\":\"https:\\\/\\\/ebikespareparts.fi\\\/\",\"logo\":{\"@type\":\"ImageObject\",\"inLanguage\":\"sv-SE\",\"@id\":\"https:\\\/\\\/ebikespareparts.fi\\\/#\\\/schema\\\/logo\\\/image\\\/\",\"url\":\"https:\\\/\\\/ebikespareparts.fi\\\/wp-content\\\/uploads\\\/2024\\\/05\\\/logo-musta-tausta.jpg\",\"contentUrl\":\"https:\\\/\\\/ebikespareparts.fi\\\/wp-content\\\/uploads\\\/2024\\\/05\\\/logo-musta-tausta.jpg\",\"width\":1013,\"height\":950,\"caption\":\"Ebikespareparts.fi\"},\"image\":{\"@id\":\"https:\\\/\\\/ebikespareparts.fi\\\/#\\\/schema\\\/logo\\\/image\\\/\"},\"sameAs\":[\"https:\\\/\\\/www.facebook.com\\\/smhj.fi\"]}]}<\/script>\n<!-- \/ Yoast SEO plugin. -->","yoast_head_json":{"title":"Brose 'S' MAG - Ebikespareparts.fi","robots":{"index":"index","follow":"follow","max-snippet":"max-snippet:-1","max-image-preview":"max-image-preview:large","max-video-preview":"max-video-preview:-1"},"canonical":"https:\/\/ebikespareparts.fi\/sv\/laakerien-tunnistaminen\/brose-s-mag\/","og_locale":"sv_SE","og_type":"article","og_title":"Brose 'S' MAG - Ebikespareparts.fi","og_description":"Brose &#8217;S&#8217; MAG Jos vaihdat laakerit itse, voit tunnistaa, mik\u00e4 laakerit menee minnekin ja ostaa yksitellen juuri tarvitsemasi laakerit. &nbsp;Kuvassa kaikki yleisimm\u00e4t laakerit Brose \u201cT\u201d, \u201cS\u201d ja \u201cS\u201d MAG ebike -moottoreihin.Kyseiset laakerit vioittuvat todenn\u00e4k\u00f6isimmin kulumisen tai veden sis\u00e4\u00e4np\u00e4\u00e4syn vuoksi. Voimme toimittaa my\u00f6s tiivisteet n\u00e4ihin moottoreihin. Jos etsim\u00e4\u00e4si osaa ei l\u00f6ydy sivuilta, ota meihin yhteytt\u00e4 ja \u2026  Brose &#8217;S&#8217; MAG","og_url":"https:\/\/ebikespareparts.fi\/sv\/laakerien-tunnistaminen\/brose-s-mag\/","og_site_name":"Ebikespareparts.fi","article_publisher":"https:\/\/www.facebook.com\/smhj.fi","article_modified_time":"2023-11-15T09:01:48+00:00","og_image":[{"url":"https:\/\/smhjfi-wp23116.test.cchosting.fi\/wp-content\/uploads\/2023\/10\/brose-S-MAG-diagram.jpeg","type":"","width":"","height":""}],"twitter_card":"summary_large_image","twitter_misc":{"Ber\u00e4knad l\u00e4stid":"1 minut"},"schema":{"@context":"https:\/\/schema.org","@graph":[{"@type":"WebPage","@id":"https:\/\/ebikespareparts.fi\/laakerien-tunnistaminen\/brose-s-mag\/","url":"https:\/\/ebikespareparts.fi\/laakerien-tunnistaminen\/brose-s-mag\/","name":"Brose 'S' MAG - Ebikespareparts.fi","isPartOf":{"@id":"https:\/\/ebikespareparts.fi\/#website"},"primaryImageOfPage":{"@id":"https:\/\/ebikespareparts.fi\/laakerien-tunnistaminen\/brose-s-mag\/#primaryimage"},"image":{"@id":"https:\/\/ebikespareparts.fi\/laakerien-tunnistaminen\/brose-s-mag\/#primaryimage"},"thumbnailUrl":"https:\/\/ebikespareparts.fi\/wp-content\/uploads\/2023\/10\/brose-S-MAG-diagram.jpeg","datePublished":"2023-10-19T12:38:17+00:00","dateModified":"2023-11-15T09:01:48+00:00","breadcrumb":{"@id":"https:\/\/ebikespareparts.fi\/laakerien-tunnistaminen\/brose-s-mag\/#breadcrumb"},"inLanguage":"sv-SE","potentialAction":[{"@type":"ReadAction","target":["https:\/\/ebikespareparts.fi\/laakerien-tunnistaminen\/brose-s-mag\/"]}]},{"@type":"ImageObject","inLanguage":"sv-SE","@id":"https:\/\/ebikespareparts.fi\/laakerien-tunnistaminen\/brose-s-mag\/#primaryimage","url":"https:\/\/ebikespareparts.fi\/wp-content\/uploads\/2023\/10\/brose-S-MAG-diagram.jpeg","contentUrl":"https:\/\/ebikespareparts.fi\/wp-content\/uploads\/2023\/10\/brose-S-MAG-diagram.jpeg"},{"@type":"BreadcrumbList","@id":"https:\/\/ebikespareparts.fi\/laakerien-tunnistaminen\/brose-s-mag\/#breadcrumb","itemListElement":[{"@type":"ListItem","position":1,"name":"Etusivu","item":"https:\/\/ebikespareparts.fi\/"},{"@type":"ListItem","position":2,"name":"Laakerien tunnistaminen","item":"https:\/\/ebikespareparts.fi\/laakerien-tunnistaminen\/"},{"@type":"ListItem","position":3,"name":"Brose &#8217;S&#8217; MAG"}]},{"@type":"WebSite","@id":"https:\/\/ebikespareparts.fi\/#website","url":"https:\/\/ebikespareparts.fi\/","name":"Ebikespareparts.fi","description":"S\u00e4hk\u00f6py\u00f6r\u00e4n osat - E-bike osat - Huolto","publisher":{"@id":"https:\/\/ebikespareparts.fi\/#organization"},"potentialAction":[{"@type":"SearchAction","target":{"@type":"EntryPoint","urlTemplate":"https:\/\/ebikespareparts.fi\/?s={search_term_string}"},"query-input":{"@type":"PropertyValueSpecification","valueRequired":true,"valueName":"search_term_string"}}],"inLanguage":"sv-SE"},{"@type":"Organization","@id":"https:\/\/ebikespareparts.fi\/#organization","name":"Ebikespareparts.fi","url":"https:\/\/ebikespareparts.fi\/","logo":{"@type":"ImageObject","inLanguage":"sv-SE","@id":"https:\/\/ebikespareparts.fi\/#\/schema\/logo\/image\/","url":"https:\/\/ebikespareparts.fi\/wp-content\/uploads\/2024\/05\/logo-musta-tausta.jpg","contentUrl":"https:\/\/ebikespareparts.fi\/wp-content\/uploads\/2024\/05\/logo-musta-tausta.jpg","width":1013,"height":950,"caption":"Ebikespareparts.fi"},"image":{"@id":"https:\/\/ebikespareparts.fi\/#\/schema\/logo\/image\/"},"sameAs":["https:\/\/www.facebook.com\/smhj.fi"]}]}},"_links":{"self":[{"href":"https:\/\/ebikespareparts.fi\/sv\/wp-json\/wp\/v2\/pages\/45715","targetHints":{"allow":["GET"]}}],"collection":[{"href":"https:\/\/ebikespareparts.fi\/sv\/wp-json\/wp\/v2\/pages"}],"about":[{"href":"https:\/\/ebikespareparts.fi\/sv\/wp-json\/wp\/v2\/types\/page"}],"author":[{"embeddable":true,"href":"https:\/\/ebikespareparts.fi\/sv\/wp-json\/wp\/v2\/users\/1"}],"replies":[{"embeddable":true,"href":"https:\/\/ebikespareparts.fi\/sv\/wp-json\/wp\/v2\/comments?post=45715"}],"version-history":[{"count":0,"href":"https:\/\/ebikespareparts.fi\/sv\/wp-json\/wp\/v2\/pages\/45715\/revisions"}],"up":[{"embeddable":true,"href":"https:\/\/ebikespareparts.fi\/sv\/wp-json\/wp\/v2\/pages\/45721"}],"wp:attachment":[{"href":"https:\/\/ebikespareparts.fi\/sv\/wp-json\/wp\/v2\/media?parent=45715"}],"curies":[{"name":"wp","href":"https:\/\/api.w.org\/{rel}","templated":true}]}}