{"id":105,"date":"2023-10-03T15:16:41","date_gmt":"2023-10-03T12:16:41","guid":{"rendered":"https:\/\/ebikespareparts.fi\/?post_type=product&#038;p=105"},"modified":"2026-03-10T15:27:06","modified_gmt":"2026-03-10T13:27:06","slug":"mudstop-tyokalu-bosch-gen-2-moottorin-kopalle","status":"publish","type":"product","link":"https:\/\/ebikespareparts.fi\/sv\/produkt\/mudstop-tyokalu-bosch-gen-2-moottorin-kopalle\/","title":{"rendered":"MudStop-verktyg f\u00f6r Bosch Gen 2 motork\u00e5pa"},"content":{"rendered":"<p><\/p> <p id=\"tw-target-text\" class=\"tw-data-text tw-text-large tw-ta\" dir=\"ltr\" data-placeholder=\"K\u00e4\u00e4nn\u00f6s\"><span class=\"Y2IQFc\" lang=\"fi\">Om du vill installera MudStop p\u00e5 din Bosch-motor och montera plasthylsan <br \/>motorskydd kr\u00e4vs det ett specialverktyg f\u00f6r att bearbeta boet MudStop-<br \/>f\u00f6r att installera lagert\u00e4tningen. Se instruktioner h\u00e4r:<\/span><\/p> <p><\/p> <p><\/p> <div class=\"wp-block-file\"><a href=\"https:\/\/www.ebikemotorcentre.com\/wp-content\/uploads\/2021\/11\/MudStop-instructions-1.pdf\" target=\"_blank\" rel=\"noreferrer noopener\">MudStop-instruktioner-1<\/a><\/div> <p><\/p>","protected":false},"excerpt":{"rendered":"<p>Jos haluat asentaa MudStopin Bosch-moottoriisi ja asentaa muoviset moottorisuojukset, niin se vaatii erikoisty\u00f6kalun ty\u00f6st\u00e4m\u00e4\u00e4n pes\u00e4n MudStop-laakerin tiivisteen asentamiseksi. Katso ohjeet t\u00e4\u00e4lt\u00e4:<\/p>","protected":false},"featured_media":47501,"comment_status":"closed","ping_status":"closed","template":"","meta":{"_acf_changed":false},"product_brand":[],"product_cat":[40,39],"product_tag":[],"class_list":{"0":"post-105","1":"product","2":"type-product","3":"status-publish","4":"has-post-thumbnail","6":"product_cat-mudstop-tyokalut","7":"product_cat-tyokalut","8":"product_shipping_class-grease","10":"first","11":"outofstock","12":"taxable","13":"shipping-taxable","14":"purchasable","15":"product-type-simple"},"acf":[],"yoast_head":"<!-- This site is optimized with the Yoast SEO plugin v27.3 - https:\/\/yoast.com\/product\/yoast-seo-wordpress\/ -->\n<title>MudStop ty\u00f6kalu Bosch Gen 2 moottorin kopalle - Ebikespareparts.fi<\/title>\n<meta name=\"robots\" content=\"index, follow, max-snippet:-1, max-image-preview:large, max-video-preview:-1\" \/>\n<link rel=\"canonical\" href=\"https:\/\/ebikespareparts.fi\/sv\/produkt\/mudstop-tyokalu-bosch-gen-2-moottorin-kopalle\/\" \/>\n<meta property=\"og:locale\" content=\"sv_SE\" \/>\n<meta property=\"og:type\" content=\"article\" \/>\n<meta property=\"og:title\" content=\"MudStop ty\u00f6kalu Bosch Gen 2 moottorin kopalle - Ebikespareparts.fi\" \/>\n<meta property=\"og:description\" content=\"Jos haluat asentaa MudStopin Bosch-moottoriisi ja asentaa muoviset moottorisuojukset, niin se vaatii erikoisty\u00f6kalun ty\u00f6st\u00e4m\u00e4\u00e4n pes\u00e4n MudStop-laakerin tiivisteen asentamiseksi. Katso ohjeet t\u00e4\u00e4lt\u00e4:\" \/>\n<meta property=\"og:url\" content=\"https:\/\/ebikespareparts.fi\/sv\/produkt\/mudstop-tyokalu-bosch-gen-2-moottorin-kopalle\/\" \/>\n<meta property=\"og:site_name\" content=\"Ebikespareparts.fi\" \/>\n<meta property=\"article:publisher\" content=\"https:\/\/www.facebook.com\/smhj.fi\" \/>\n<meta property=\"article:modified_time\" content=\"2026-03-10T13:27:06+00:00\" \/>\n<meta property=\"og:image\" content=\"https:\/\/ebikespareparts.fi\/wp-content\/uploads\/2025\/03\/DmTF2zUQKCiJDqVhSXnTrTe6RTmfb2UIUxnsPwHGTwjLb0FDpN.jpg\" \/>\n\t<meta property=\"og:image:width\" content=\"640\" \/>\n\t<meta property=\"og:image:height\" content=\"480\" \/>\n\t<meta property=\"og:image:type\" content=\"image\/jpeg\" \/>\n<meta name=\"twitter:card\" content=\"summary_large_image\" \/>\n<script type=\"application\/ld+json\" class=\"yoast-schema-graph\">{\"@context\":\"https:\\\/\\\/schema.org\",\"@graph\":[{\"@type\":\"WebPage\",\"@id\":\"https:\\\/\\\/ebikespareparts.fi\\\/tuote\\\/mudstop-tyokalu-bosch-gen-2-moottorin-kopalle\\\/\",\"url\":\"https:\\\/\\\/ebikespareparts.fi\\\/tuote\\\/mudstop-tyokalu-bosch-gen-2-moottorin-kopalle\\\/\",\"name\":\"MudStop ty\u00f6kalu Bosch Gen 2 moottorin kopalle - Ebikespareparts.fi\",\"isPartOf\":{\"@id\":\"https:\\\/\\\/ebikespareparts.fi\\\/#website\"},\"primaryImageOfPage\":{\"@id\":\"https:\\\/\\\/ebikespareparts.fi\\\/tuote\\\/mudstop-tyokalu-bosch-gen-2-moottorin-kopalle\\\/#primaryimage\"},\"image\":{\"@id\":\"https:\\\/\\\/ebikespareparts.fi\\\/tuote\\\/mudstop-tyokalu-bosch-gen-2-moottorin-kopalle\\\/#primaryimage\"},\"thumbnailUrl\":\"https:\\\/\\\/ebikespareparts.fi\\\/wp-content\\\/uploads\\\/2025\\\/03\\\/DmTF2zUQKCiJDqVhSXnTrTe6RTmfb2UIUxnsPwHGTwjLb0FDpN.jpg\",\"datePublished\":\"2023-10-03T12:16:41+00:00\",\"dateModified\":\"2026-03-10T13:27:06+00:00\",\"breadcrumb\":{\"@id\":\"https:\\\/\\\/ebikespareparts.fi\\\/tuote\\\/mudstop-tyokalu-bosch-gen-2-moottorin-kopalle\\\/#breadcrumb\"},\"inLanguage\":\"sv-SE\",\"potentialAction\":[{\"@type\":\"ReadAction\",\"target\":[\"https:\\\/\\\/ebikespareparts.fi\\\/tuote\\\/mudstop-tyokalu-bosch-gen-2-moottorin-kopalle\\\/\"]}]},{\"@type\":\"ImageObject\",\"inLanguage\":\"sv-SE\",\"@id\":\"https:\\\/\\\/ebikespareparts.fi\\\/tuote\\\/mudstop-tyokalu-bosch-gen-2-moottorin-kopalle\\\/#primaryimage\",\"url\":\"https:\\\/\\\/ebikespareparts.fi\\\/wp-content\\\/uploads\\\/2025\\\/03\\\/DmTF2zUQKCiJDqVhSXnTrTe6RTmfb2UIUxnsPwHGTwjLb0FDpN.jpg\",\"contentUrl\":\"https:\\\/\\\/ebikespareparts.fi\\\/wp-content\\\/uploads\\\/2025\\\/03\\\/DmTF2zUQKCiJDqVhSXnTrTe6RTmfb2UIUxnsPwHGTwjLb0FDpN.jpg\",\"width\":640,\"height\":480,\"caption\":\"DmTF2zUQKCiJDqVhSXnTrTe6RTmfb2UIUxnsPwHGTwjLb0FDpN\"},{\"@type\":\"BreadcrumbList\",\"@id\":\"https:\\\/\\\/ebikespareparts.fi\\\/tuote\\\/mudstop-tyokalu-bosch-gen-2-moottorin-kopalle\\\/#breadcrumb\",\"itemListElement\":[{\"@type\":\"ListItem\",\"position\":1,\"name\":\"Etusivu\",\"item\":\"https:\\\/\\\/ebikespareparts.fi\\\/\"},{\"@type\":\"ListItem\",\"position\":2,\"name\":\"Kauppa\",\"item\":\"https:\\\/\\\/ebikespareparts.fi\\\/kauppa\\\/\"},{\"@type\":\"ListItem\",\"position\":3,\"name\":\"MudStop ty\u00f6kalu Bosch Gen 2 moottorin kopalle\"}]},{\"@type\":\"WebSite\",\"@id\":\"https:\\\/\\\/ebikespareparts.fi\\\/#website\",\"url\":\"https:\\\/\\\/ebikespareparts.fi\\\/\",\"name\":\"Ebikespareparts.fi\",\"description\":\"S\u00e4hk\u00f6py\u00f6r\u00e4n osat - E-bike osat - Huolto\",\"publisher\":{\"@id\":\"https:\\\/\\\/ebikespareparts.fi\\\/#organization\"},\"potentialAction\":[{\"@type\":\"SearchAction\",\"target\":{\"@type\":\"EntryPoint\",\"urlTemplate\":\"https:\\\/\\\/ebikespareparts.fi\\\/?s={search_term_string}\"},\"query-input\":{\"@type\":\"PropertyValueSpecification\",\"valueRequired\":true,\"valueName\":\"search_term_string\"}}],\"inLanguage\":\"sv-SE\"},{\"@type\":\"Organization\",\"@id\":\"https:\\\/\\\/ebikespareparts.fi\\\/#organization\",\"name\":\"Ebikespareparts.fi\",\"url\":\"https:\\\/\\\/ebikespareparts.fi\\\/\",\"logo\":{\"@type\":\"ImageObject\",\"inLanguage\":\"sv-SE\",\"@id\":\"https:\\\/\\\/ebikespareparts.fi\\\/#\\\/schema\\\/logo\\\/image\\\/\",\"url\":\"https:\\\/\\\/ebikespareparts.fi\\\/wp-content\\\/uploads\\\/2024\\\/05\\\/logo-musta-tausta.jpg\",\"contentUrl\":\"https:\\\/\\\/ebikespareparts.fi\\\/wp-content\\\/uploads\\\/2024\\\/05\\\/logo-musta-tausta.jpg\",\"width\":1013,\"height\":950,\"caption\":\"Ebikespareparts.fi\"},\"image\":{\"@id\":\"https:\\\/\\\/ebikespareparts.fi\\\/#\\\/schema\\\/logo\\\/image\\\/\"},\"sameAs\":[\"https:\\\/\\\/www.facebook.com\\\/smhj.fi\"]}]}<\/script>\n<!-- \/ Yoast SEO plugin. -->","yoast_head_json":{"title":"MudStop ty\u00f6kalu Bosch Gen 2 moottorin kopalle - Ebikespareparts.fi","robots":{"index":"index","follow":"follow","max-snippet":"max-snippet:-1","max-image-preview":"max-image-preview:large","max-video-preview":"max-video-preview:-1"},"canonical":"https:\/\/ebikespareparts.fi\/sv\/produkt\/mudstop-tyokalu-bosch-gen-2-moottorin-kopalle\/","og_locale":"sv_SE","og_type":"article","og_title":"MudStop ty\u00f6kalu Bosch Gen 2 moottorin kopalle - Ebikespareparts.fi","og_description":"Jos haluat asentaa MudStopin Bosch-moottoriisi ja asentaa muoviset moottorisuojukset, niin se vaatii erikoisty\u00f6kalun ty\u00f6st\u00e4m\u00e4\u00e4n pes\u00e4n MudStop-laakerin tiivisteen asentamiseksi. Katso ohjeet t\u00e4\u00e4lt\u00e4:","og_url":"https:\/\/ebikespareparts.fi\/sv\/produkt\/mudstop-tyokalu-bosch-gen-2-moottorin-kopalle\/","og_site_name":"Ebikespareparts.fi","article_publisher":"https:\/\/www.facebook.com\/smhj.fi","article_modified_time":"2026-03-10T13:27:06+00:00","og_image":[{"width":640,"height":480,"url":"https:\/\/ebikespareparts.fi\/wp-content\/uploads\/2025\/03\/DmTF2zUQKCiJDqVhSXnTrTe6RTmfb2UIUxnsPwHGTwjLb0FDpN.jpg","type":"image\/jpeg"}],"twitter_card":"summary_large_image","schema":{"@context":"https:\/\/schema.org","@graph":[{"@type":"WebPage","@id":"https:\/\/ebikespareparts.fi\/tuote\/mudstop-tyokalu-bosch-gen-2-moottorin-kopalle\/","url":"https:\/\/ebikespareparts.fi\/tuote\/mudstop-tyokalu-bosch-gen-2-moottorin-kopalle\/","name":"MudStop ty\u00f6kalu Bosch Gen 2 moottorin kopalle - Ebikespareparts.fi","isPartOf":{"@id":"https:\/\/ebikespareparts.fi\/#website"},"primaryImageOfPage":{"@id":"https:\/\/ebikespareparts.fi\/tuote\/mudstop-tyokalu-bosch-gen-2-moottorin-kopalle\/#primaryimage"},"image":{"@id":"https:\/\/ebikespareparts.fi\/tuote\/mudstop-tyokalu-bosch-gen-2-moottorin-kopalle\/#primaryimage"},"thumbnailUrl":"https:\/\/ebikespareparts.fi\/wp-content\/uploads\/2025\/03\/DmTF2zUQKCiJDqVhSXnTrTe6RTmfb2UIUxnsPwHGTwjLb0FDpN.jpg","datePublished":"2023-10-03T12:16:41+00:00","dateModified":"2026-03-10T13:27:06+00:00","breadcrumb":{"@id":"https:\/\/ebikespareparts.fi\/tuote\/mudstop-tyokalu-bosch-gen-2-moottorin-kopalle\/#breadcrumb"},"inLanguage":"sv-SE","potentialAction":[{"@type":"ReadAction","target":["https:\/\/ebikespareparts.fi\/tuote\/mudstop-tyokalu-bosch-gen-2-moottorin-kopalle\/"]}]},{"@type":"ImageObject","inLanguage":"sv-SE","@id":"https:\/\/ebikespareparts.fi\/tuote\/mudstop-tyokalu-bosch-gen-2-moottorin-kopalle\/#primaryimage","url":"https:\/\/ebikespareparts.fi\/wp-content\/uploads\/2025\/03\/DmTF2zUQKCiJDqVhSXnTrTe6RTmfb2UIUxnsPwHGTwjLb0FDpN.jpg","contentUrl":"https:\/\/ebikespareparts.fi\/wp-content\/uploads\/2025\/03\/DmTF2zUQKCiJDqVhSXnTrTe6RTmfb2UIUxnsPwHGTwjLb0FDpN.jpg","width":640,"height":480,"caption":"DmTF2zUQKCiJDqVhSXnTrTe6RTmfb2UIUxnsPwHGTwjLb0FDpN"},{"@type":"BreadcrumbList","@id":"https:\/\/ebikespareparts.fi\/tuote\/mudstop-tyokalu-bosch-gen-2-moottorin-kopalle\/#breadcrumb","itemListElement":[{"@type":"ListItem","position":1,"name":"Etusivu","item":"https:\/\/ebikespareparts.fi\/"},{"@type":"ListItem","position":2,"name":"Kauppa","item":"https:\/\/ebikespareparts.fi\/kauppa\/"},{"@type":"ListItem","position":3,"name":"MudStop ty\u00f6kalu Bosch Gen 2 moottorin kopalle"}]},{"@type":"WebSite","@id":"https:\/\/ebikespareparts.fi\/#website","url":"https:\/\/ebikespareparts.fi\/","name":"Ebikespareparts.fi","description":"S\u00e4hk\u00f6py\u00f6r\u00e4n osat - E-bike osat - Huolto","publisher":{"@id":"https:\/\/ebikespareparts.fi\/#organization"},"potentialAction":[{"@type":"SearchAction","target":{"@type":"EntryPoint","urlTemplate":"https:\/\/ebikespareparts.fi\/?s={search_term_string}"},"query-input":{"@type":"PropertyValueSpecification","valueRequired":true,"valueName":"search_term_string"}}],"inLanguage":"sv-SE"},{"@type":"Organization","@id":"https:\/\/ebikespareparts.fi\/#organization","name":"Ebikespareparts.fi","url":"https:\/\/ebikespareparts.fi\/","logo":{"@type":"ImageObject","inLanguage":"sv-SE","@id":"https:\/\/ebikespareparts.fi\/#\/schema\/logo\/image\/","url":"https:\/\/ebikespareparts.fi\/wp-content\/uploads\/2024\/05\/logo-musta-tausta.jpg","contentUrl":"https:\/\/ebikespareparts.fi\/wp-content\/uploads\/2024\/05\/logo-musta-tausta.jpg","width":1013,"height":950,"caption":"Ebikespareparts.fi"},"image":{"@id":"https:\/\/ebikespareparts.fi\/#\/schema\/logo\/image\/"},"sameAs":["https:\/\/www.facebook.com\/smhj.fi"]}]}},"_links":{"self":[{"href":"https:\/\/ebikespareparts.fi\/sv\/wp-json\/wp\/v2\/product\/105","targetHints":{"allow":["GET"]}}],"collection":[{"href":"https:\/\/ebikespareparts.fi\/sv\/wp-json\/wp\/v2\/product"}],"about":[{"href":"https:\/\/ebikespareparts.fi\/sv\/wp-json\/wp\/v2\/types\/product"}],"replies":[{"embeddable":true,"href":"https:\/\/ebikespareparts.fi\/sv\/wp-json\/wp\/v2\/comments?post=105"}],"version-history":[{"count":1,"href":"https:\/\/ebikespareparts.fi\/sv\/wp-json\/wp\/v2\/product\/105\/revisions"}],"predecessor-version":[{"id":49108,"href":"https:\/\/ebikespareparts.fi\/sv\/wp-json\/wp\/v2\/product\/105\/revisions\/49108"}],"wp:featuredmedia":[{"embeddable":true,"href":"https:\/\/ebikespareparts.fi\/sv\/wp-json\/wp\/v2\/media\/47501"}],"wp:attachment":[{"href":"https:\/\/ebikespareparts.fi\/sv\/wp-json\/wp\/v2\/media?parent=105"}],"wp:term":[{"taxonomy":"product_brand","embeddable":true,"href":"https:\/\/ebikespareparts.fi\/sv\/wp-json\/wp\/v2\/product_brand?post=105"},{"taxonomy":"product_cat","embeddable":true,"href":"https:\/\/ebikespareparts.fi\/sv\/wp-json\/wp\/v2\/product_cat?post=105"},{"taxonomy":"product_tag","embeddable":true,"href":"https:\/\/ebikespareparts.fi\/sv\/wp-json\/wp\/v2\/product_tag?post=105"}],"curies":[{"name":"wp","href":"https:\/\/api.w.org\/{rel}","templated":true}]}}