{"id":151,"date":"2023-10-03T15:17:02","date_gmt":"2023-10-03T12:17:02","guid":{"rendered":"https:\/\/ebikespareparts.fi\/?post_type=product&#038;p=151"},"modified":"2026-03-10T15:27:24","modified_gmt":"2026-03-10T13:27:24","slug":"bosch-gen-2-lukitustyokalu-icetoolzin-ketjumutterityokalu-pla00928","status":"publish","type":"product","link":"https:\/\/ebikespareparts.fi\/sv\/produkt\/bosch-gen-2-lukitustyokalu-icetoolzin-ketjumutterityokalu-pla00928\/","title":{"rendered":"PLA00928 Bosch Gen 2 l\u00e5sverktyg, kedjemutterverktyg fr\u00e5n IceTools"},"content":{"rendered":"<p><span class=\"Y2IQFc\" lang=\"fi\">IceToolz l\u00e5sringverktyg f\u00f6r att ta bort den g\u00e4ngade muttern eller det g\u00e4ngade kedjeskyddet fr\u00e5n det fr\u00e4mre drevet p\u00e5 en Bosch Gen 2-motor.\n\nGeneration 2 (Gen 2) omfattar Active Line och Performance Line 2014 - 2018 och Performance Line CX 2017 - 2019. Dessa motorer har en liten v\u00e4xel och ser ut som motorn nedan <\/span><\/p>\n<p><span class=\"Y2IQFc\" lang=\"fi\">Generation 2 (Gen 2) omfattar Active Line och Performance Line 2014 - 2018 samt Performance Line CX 2017 - 2019. Dessa motorer har en liten v\u00e4xel och ser ut som motorn nedan.<\/span><\/p>\n<p><img fetchpriority=\"high\" decoding=\"async\" alt=\"\" class=\"alignnone size-medium wp-image-8226\" height=\"200\" src=\"https:\/\/www.performancelinebearings.com\/wp-content\/uploads\/2019\/09\/Bosch-Gen-2--300x200.jpg\" width=\"300\" \/><\/p>\n<p>&nbsp;<\/p>\n<p>&nbsp;<\/p>","protected":false},"excerpt":{"rendered":"<p>IceToolz-lukkorengasty\u00f6kalu, jolla irrotetaan kierremutteri tai kierreketjusuojus Bosch Gen 2 -moottorin eturattaalta. Generation 2 (Gen 2) kattaa Active Line ja Performance Line 2014 &#8211; 2018 ja Performance Line CX 2017 &#8211; 2019. N\u00e4iss\u00e4 moottoreissa on pieni hammaspy\u00f6r\u00e4 ja ne n\u00e4ytt\u00e4v\u00e4t alla olevalta moottorilta. &nbsp; &nbsp;<\/p>","protected":false},"featured_media":47435,"comment_status":"closed","ping_status":"closed","template":"","meta":{"_acf_changed":false},"product_brand":[],"product_cat":[46,39],"product_tag":[],"class_list":{"0":"post-151","1":"product","2":"type-product","3":"status-publish","4":"has-post-thumbnail","6":"product_cat-bosch-tyokalut","7":"product_cat-tyokalut","8":"product_shipping_class-grease","10":"first","11":"instock","12":"taxable","13":"shipping-taxable","14":"purchasable","15":"product-type-simple"},"acf":[],"yoast_head":"<!-- This site is optimized with the Yoast SEO plugin v27.3 - https:\/\/yoast.com\/product\/yoast-seo-wordpress\/ -->\n<title>PLA00928 Bosch Gen 2 Lukitusty\u00f6kalu, IceToolzin ketjumutterity\u00f6kalu - Ebikespareparts.fi<\/title>\n<meta name=\"robots\" content=\"index, follow, max-snippet:-1, max-image-preview:large, max-video-preview:-1\" \/>\n<link rel=\"canonical\" href=\"https:\/\/ebikespareparts.fi\/sv\/produkt\/bosch-gen-2-lukitustyokalu-icetoolzin-ketjumutterityokalu-pla00928\/\" \/>\n<meta property=\"og:locale\" content=\"sv_SE\" \/>\n<meta property=\"og:type\" content=\"article\" \/>\n<meta property=\"og:title\" content=\"PLA00928 Bosch Gen 2 Lukitusty\u00f6kalu, IceToolzin ketjumutterity\u00f6kalu - Ebikespareparts.fi\" \/>\n<meta property=\"og:description\" content=\"IceToolz-lukkorengasty\u00f6kalu, jolla irrotetaan kierremutteri tai kierreketjusuojus Bosch Gen 2 -moottorin eturattaalta. Generation 2 (Gen 2) kattaa Active Line ja Performance Line 2014 &#8211; 2018 ja Performance Line CX 2017 &#8211; 2019. N\u00e4iss\u00e4 moottoreissa on pieni hammaspy\u00f6r\u00e4 ja ne n\u00e4ytt\u00e4v\u00e4t alla olevalta moottorilta. &nbsp; &nbsp;\" \/>\n<meta property=\"og:url\" content=\"https:\/\/ebikespareparts.fi\/sv\/produkt\/bosch-gen-2-lukitustyokalu-icetoolzin-ketjumutterityokalu-pla00928\/\" \/>\n<meta property=\"og:site_name\" content=\"Ebikespareparts.fi\" \/>\n<meta property=\"article:publisher\" content=\"https:\/\/www.facebook.com\/smhj.fi\" \/>\n<meta property=\"article:modified_time\" content=\"2026-03-10T13:27:24+00:00\" \/>\n<meta property=\"og:image\" content=\"https:\/\/ebikespareparts.fi\/wp-content\/uploads\/2025\/03\/u0NaLyQ9x4zi26Y0WD8KLAMM4EYmkrqsVX1OY7xuJwQVMmNLrY.jpg\" \/>\n\t<meta property=\"og:image:width\" content=\"466\" \/>\n\t<meta property=\"og:image:height\" content=\"373\" \/>\n\t<meta property=\"og:image:type\" content=\"image\/jpeg\" \/>\n<meta name=\"twitter:card\" content=\"summary_large_image\" \/>\n<meta name=\"twitter:label1\" content=\"Ber\u00e4knad l\u00e4stid\" \/>\n\t<meta name=\"twitter:data1\" content=\"1 minut\" \/>\n<script type=\"application\/ld+json\" class=\"yoast-schema-graph\">{\"@context\":\"https:\\\/\\\/schema.org\",\"@graph\":[{\"@type\":\"WebPage\",\"@id\":\"https:\\\/\\\/ebikespareparts.fi\\\/tuote\\\/bosch-gen-2-lukitustyokalu-icetoolzin-ketjumutterityokalu-pla00928\\\/\",\"url\":\"https:\\\/\\\/ebikespareparts.fi\\\/tuote\\\/bosch-gen-2-lukitustyokalu-icetoolzin-ketjumutterityokalu-pla00928\\\/\",\"name\":\"PLA00928 Bosch Gen 2 Lukitusty\u00f6kalu, IceToolzin ketjumutterity\u00f6kalu - Ebikespareparts.fi\",\"isPartOf\":{\"@id\":\"https:\\\/\\\/ebikespareparts.fi\\\/#website\"},\"primaryImageOfPage\":{\"@id\":\"https:\\\/\\\/ebikespareparts.fi\\\/tuote\\\/bosch-gen-2-lukitustyokalu-icetoolzin-ketjumutterityokalu-pla00928\\\/#primaryimage\"},\"image\":{\"@id\":\"https:\\\/\\\/ebikespareparts.fi\\\/tuote\\\/bosch-gen-2-lukitustyokalu-icetoolzin-ketjumutterityokalu-pla00928\\\/#primaryimage\"},\"thumbnailUrl\":\"https:\\\/\\\/ebikespareparts.fi\\\/wp-content\\\/uploads\\\/2025\\\/03\\\/u0NaLyQ9x4zi26Y0WD8KLAMM4EYmkrqsVX1OY7xuJwQVMmNLrY.jpg\",\"datePublished\":\"2023-10-03T12:17:02+00:00\",\"dateModified\":\"2026-03-10T13:27:24+00:00\",\"breadcrumb\":{\"@id\":\"https:\\\/\\\/ebikespareparts.fi\\\/tuote\\\/bosch-gen-2-lukitustyokalu-icetoolzin-ketjumutterityokalu-pla00928\\\/#breadcrumb\"},\"inLanguage\":\"sv-SE\",\"potentialAction\":[{\"@type\":\"ReadAction\",\"target\":[\"https:\\\/\\\/ebikespareparts.fi\\\/tuote\\\/bosch-gen-2-lukitustyokalu-icetoolzin-ketjumutterityokalu-pla00928\\\/\"]}]},{\"@type\":\"ImageObject\",\"inLanguage\":\"sv-SE\",\"@id\":\"https:\\\/\\\/ebikespareparts.fi\\\/tuote\\\/bosch-gen-2-lukitustyokalu-icetoolzin-ketjumutterityokalu-pla00928\\\/#primaryimage\",\"url\":\"https:\\\/\\\/ebikespareparts.fi\\\/wp-content\\\/uploads\\\/2025\\\/03\\\/u0NaLyQ9x4zi26Y0WD8KLAMM4EYmkrqsVX1OY7xuJwQVMmNLrY.jpg\",\"contentUrl\":\"https:\\\/\\\/ebikespareparts.fi\\\/wp-content\\\/uploads\\\/2025\\\/03\\\/u0NaLyQ9x4zi26Y0WD8KLAMM4EYmkrqsVX1OY7xuJwQVMmNLrY.jpg\",\"width\":466,\"height\":373,\"caption\":\"u0NaLyQ9x4zi26Y0WD8KLAMM4EYmkrqsVX1OY7xuJwQVMmNLrY\"},{\"@type\":\"BreadcrumbList\",\"@id\":\"https:\\\/\\\/ebikespareparts.fi\\\/tuote\\\/bosch-gen-2-lukitustyokalu-icetoolzin-ketjumutterityokalu-pla00928\\\/#breadcrumb\",\"itemListElement\":[{\"@type\":\"ListItem\",\"position\":1,\"name\":\"Etusivu\",\"item\":\"https:\\\/\\\/ebikespareparts.fi\\\/\"},{\"@type\":\"ListItem\",\"position\":2,\"name\":\"Kauppa\",\"item\":\"https:\\\/\\\/ebikespareparts.fi\\\/kauppa\\\/\"},{\"@type\":\"ListItem\",\"position\":3,\"name\":\"PLA00928 Bosch Gen 2 Lukitusty\u00f6kalu, IceToolzin ketjumutterity\u00f6kalu\"}]},{\"@type\":\"WebSite\",\"@id\":\"https:\\\/\\\/ebikespareparts.fi\\\/#website\",\"url\":\"https:\\\/\\\/ebikespareparts.fi\\\/\",\"name\":\"Ebikespareparts.fi\",\"description\":\"S\u00e4hk\u00f6py\u00f6r\u00e4n osat - E-bike osat - Huolto\",\"publisher\":{\"@id\":\"https:\\\/\\\/ebikespareparts.fi\\\/#organization\"},\"potentialAction\":[{\"@type\":\"SearchAction\",\"target\":{\"@type\":\"EntryPoint\",\"urlTemplate\":\"https:\\\/\\\/ebikespareparts.fi\\\/?s={search_term_string}\"},\"query-input\":{\"@type\":\"PropertyValueSpecification\",\"valueRequired\":true,\"valueName\":\"search_term_string\"}}],\"inLanguage\":\"sv-SE\"},{\"@type\":\"Organization\",\"@id\":\"https:\\\/\\\/ebikespareparts.fi\\\/#organization\",\"name\":\"Ebikespareparts.fi\",\"url\":\"https:\\\/\\\/ebikespareparts.fi\\\/\",\"logo\":{\"@type\":\"ImageObject\",\"inLanguage\":\"sv-SE\",\"@id\":\"https:\\\/\\\/ebikespareparts.fi\\\/#\\\/schema\\\/logo\\\/image\\\/\",\"url\":\"https:\\\/\\\/ebikespareparts.fi\\\/wp-content\\\/uploads\\\/2024\\\/05\\\/logo-musta-tausta.jpg\",\"contentUrl\":\"https:\\\/\\\/ebikespareparts.fi\\\/wp-content\\\/uploads\\\/2024\\\/05\\\/logo-musta-tausta.jpg\",\"width\":1013,\"height\":950,\"caption\":\"Ebikespareparts.fi\"},\"image\":{\"@id\":\"https:\\\/\\\/ebikespareparts.fi\\\/#\\\/schema\\\/logo\\\/image\\\/\"},\"sameAs\":[\"https:\\\/\\\/www.facebook.com\\\/smhj.fi\"]}]}<\/script>\n<!-- \/ Yoast SEO plugin. -->","yoast_head_json":{"title":"PLA00928 Bosch Gen 2 Lukitusty\u00f6kalu, IceToolzin ketjumutterity\u00f6kalu - Ebikespareparts.fi","robots":{"index":"index","follow":"follow","max-snippet":"max-snippet:-1","max-image-preview":"max-image-preview:large","max-video-preview":"max-video-preview:-1"},"canonical":"https:\/\/ebikespareparts.fi\/sv\/produkt\/bosch-gen-2-lukitustyokalu-icetoolzin-ketjumutterityokalu-pla00928\/","og_locale":"sv_SE","og_type":"article","og_title":"PLA00928 Bosch Gen 2 Lukitusty\u00f6kalu, IceToolzin ketjumutterity\u00f6kalu - Ebikespareparts.fi","og_description":"IceToolz-lukkorengasty\u00f6kalu, jolla irrotetaan kierremutteri tai kierreketjusuojus Bosch Gen 2 -moottorin eturattaalta. Generation 2 (Gen 2) kattaa Active Line ja Performance Line 2014 &#8211; 2018 ja Performance Line CX 2017 &#8211; 2019. N\u00e4iss\u00e4 moottoreissa on pieni hammaspy\u00f6r\u00e4 ja ne n\u00e4ytt\u00e4v\u00e4t alla olevalta moottorilta. &nbsp; &nbsp;","og_url":"https:\/\/ebikespareparts.fi\/sv\/produkt\/bosch-gen-2-lukitustyokalu-icetoolzin-ketjumutterityokalu-pla00928\/","og_site_name":"Ebikespareparts.fi","article_publisher":"https:\/\/www.facebook.com\/smhj.fi","article_modified_time":"2026-03-10T13:27:24+00:00","og_image":[{"width":466,"height":373,"url":"https:\/\/ebikespareparts.fi\/wp-content\/uploads\/2025\/03\/u0NaLyQ9x4zi26Y0WD8KLAMM4EYmkrqsVX1OY7xuJwQVMmNLrY.jpg","type":"image\/jpeg"}],"twitter_card":"summary_large_image","twitter_misc":{"Ber\u00e4knad l\u00e4stid":"1 minut"},"schema":{"@context":"https:\/\/schema.org","@graph":[{"@type":"WebPage","@id":"https:\/\/ebikespareparts.fi\/tuote\/bosch-gen-2-lukitustyokalu-icetoolzin-ketjumutterityokalu-pla00928\/","url":"https:\/\/ebikespareparts.fi\/tuote\/bosch-gen-2-lukitustyokalu-icetoolzin-ketjumutterityokalu-pla00928\/","name":"PLA00928 Bosch Gen 2 Lukitusty\u00f6kalu, IceToolzin ketjumutterity\u00f6kalu - Ebikespareparts.fi","isPartOf":{"@id":"https:\/\/ebikespareparts.fi\/#website"},"primaryImageOfPage":{"@id":"https:\/\/ebikespareparts.fi\/tuote\/bosch-gen-2-lukitustyokalu-icetoolzin-ketjumutterityokalu-pla00928\/#primaryimage"},"image":{"@id":"https:\/\/ebikespareparts.fi\/tuote\/bosch-gen-2-lukitustyokalu-icetoolzin-ketjumutterityokalu-pla00928\/#primaryimage"},"thumbnailUrl":"https:\/\/ebikespareparts.fi\/wp-content\/uploads\/2025\/03\/u0NaLyQ9x4zi26Y0WD8KLAMM4EYmkrqsVX1OY7xuJwQVMmNLrY.jpg","datePublished":"2023-10-03T12:17:02+00:00","dateModified":"2026-03-10T13:27:24+00:00","breadcrumb":{"@id":"https:\/\/ebikespareparts.fi\/tuote\/bosch-gen-2-lukitustyokalu-icetoolzin-ketjumutterityokalu-pla00928\/#breadcrumb"},"inLanguage":"sv-SE","potentialAction":[{"@type":"ReadAction","target":["https:\/\/ebikespareparts.fi\/tuote\/bosch-gen-2-lukitustyokalu-icetoolzin-ketjumutterityokalu-pla00928\/"]}]},{"@type":"ImageObject","inLanguage":"sv-SE","@id":"https:\/\/ebikespareparts.fi\/tuote\/bosch-gen-2-lukitustyokalu-icetoolzin-ketjumutterityokalu-pla00928\/#primaryimage","url":"https:\/\/ebikespareparts.fi\/wp-content\/uploads\/2025\/03\/u0NaLyQ9x4zi26Y0WD8KLAMM4EYmkrqsVX1OY7xuJwQVMmNLrY.jpg","contentUrl":"https:\/\/ebikespareparts.fi\/wp-content\/uploads\/2025\/03\/u0NaLyQ9x4zi26Y0WD8KLAMM4EYmkrqsVX1OY7xuJwQVMmNLrY.jpg","width":466,"height":373,"caption":"u0NaLyQ9x4zi26Y0WD8KLAMM4EYmkrqsVX1OY7xuJwQVMmNLrY"},{"@type":"BreadcrumbList","@id":"https:\/\/ebikespareparts.fi\/tuote\/bosch-gen-2-lukitustyokalu-icetoolzin-ketjumutterityokalu-pla00928\/#breadcrumb","itemListElement":[{"@type":"ListItem","position":1,"name":"Etusivu","item":"https:\/\/ebikespareparts.fi\/"},{"@type":"ListItem","position":2,"name":"Kauppa","item":"https:\/\/ebikespareparts.fi\/kauppa\/"},{"@type":"ListItem","position":3,"name":"PLA00928 Bosch Gen 2 Lukitusty\u00f6kalu, IceToolzin ketjumutterity\u00f6kalu"}]},{"@type":"WebSite","@id":"https:\/\/ebikespareparts.fi\/#website","url":"https:\/\/ebikespareparts.fi\/","name":"Ebikespareparts.fi","description":"S\u00e4hk\u00f6py\u00f6r\u00e4n osat - E-bike osat - Huolto","publisher":{"@id":"https:\/\/ebikespareparts.fi\/#organization"},"potentialAction":[{"@type":"SearchAction","target":{"@type":"EntryPoint","urlTemplate":"https:\/\/ebikespareparts.fi\/?s={search_term_string}"},"query-input":{"@type":"PropertyValueSpecification","valueRequired":true,"valueName":"search_term_string"}}],"inLanguage":"sv-SE"},{"@type":"Organization","@id":"https:\/\/ebikespareparts.fi\/#organization","name":"Ebikespareparts.fi","url":"https:\/\/ebikespareparts.fi\/","logo":{"@type":"ImageObject","inLanguage":"sv-SE","@id":"https:\/\/ebikespareparts.fi\/#\/schema\/logo\/image\/","url":"https:\/\/ebikespareparts.fi\/wp-content\/uploads\/2024\/05\/logo-musta-tausta.jpg","contentUrl":"https:\/\/ebikespareparts.fi\/wp-content\/uploads\/2024\/05\/logo-musta-tausta.jpg","width":1013,"height":950,"caption":"Ebikespareparts.fi"},"image":{"@id":"https:\/\/ebikespareparts.fi\/#\/schema\/logo\/image\/"},"sameAs":["https:\/\/www.facebook.com\/smhj.fi"]}]}},"_links":{"self":[{"href":"https:\/\/ebikespareparts.fi\/sv\/wp-json\/wp\/v2\/product\/151","targetHints":{"allow":["GET"]}}],"collection":[{"href":"https:\/\/ebikespareparts.fi\/sv\/wp-json\/wp\/v2\/product"}],"about":[{"href":"https:\/\/ebikespareparts.fi\/sv\/wp-json\/wp\/v2\/types\/product"}],"replies":[{"embeddable":true,"href":"https:\/\/ebikespareparts.fi\/sv\/wp-json\/wp\/v2\/comments?post=151"}],"version-history":[{"count":1,"href":"https:\/\/ebikespareparts.fi\/sv\/wp-json\/wp\/v2\/product\/151\/revisions"}],"predecessor-version":[{"id":49159,"href":"https:\/\/ebikespareparts.fi\/sv\/wp-json\/wp\/v2\/product\/151\/revisions\/49159"}],"wp:featuredmedia":[{"embeddable":true,"href":"https:\/\/ebikespareparts.fi\/sv\/wp-json\/wp\/v2\/media\/47435"}],"wp:attachment":[{"href":"https:\/\/ebikespareparts.fi\/sv\/wp-json\/wp\/v2\/media?parent=151"}],"wp:term":[{"taxonomy":"product_brand","embeddable":true,"href":"https:\/\/ebikespareparts.fi\/sv\/wp-json\/wp\/v2\/product_brand?post=151"},{"taxonomy":"product_cat","embeddable":true,"href":"https:\/\/ebikespareparts.fi\/sv\/wp-json\/wp\/v2\/product_cat?post=151"},{"taxonomy":"product_tag","embeddable":true,"href":"https:\/\/ebikespareparts.fi\/sv\/wp-json\/wp\/v2\/product_tag?post=151"}],"curies":[{"name":"wp","href":"https:\/\/api.w.org\/{rel}","templated":true}]}}