{"id":153,"date":"2023-10-03T15:17:02","date_gmt":"2023-10-03T12:17:02","guid":{"rendered":"https:\/\/ebikespareparts.fi\/?post_type=product&#038;p=153"},"modified":"2026-03-10T15:27:36","modified_gmt":"2026-03-10T13:27:36","slug":"brose-c-t-s-s-mag-lukitusrengas-hamahakkimutteri-hylsy","status":"publish","type":"product","link":"https:\/\/ebikespareparts.fi\/sv\/produkt\/brose-c-t-s-s-mag-lukitusrengas-hamahakkimutteri-hylsy\/","title":{"rendered":"PLA00931 Brose C, T, S &amp; S-Mag L\u00e5sring f\u00f6r hylsa"},"content":{"rendered":"<p><\/p> <p><\/p> <p><\/p> <p>Detta verktyg passar alla Brose kedjehjulsmonteringsmuttrar. Verktyget har en 3\/8\" skiftnyckel med en sp\u00e4rr eller en liten vridmomentaxel<\/p> <p><\/p> <p><\/p>","protected":false},"excerpt":{"rendered":"<p>Detta verktyg passar alla Brose kedjehjulsmonteringsmuttrar. Verktyget har en 3\/8\" skiftnyckel med en sp\u00e4rr eller en liten vridmomentaxel<\/p>","protected":false},"featured_media":47532,"comment_status":"closed","ping_status":"closed","template":"","meta":{"_acf_changed":false},"product_brand":[],"product_cat":[47,39],"product_tag":[],"class_list":{"0":"post-153","1":"product","2":"type-product","3":"status-publish","4":"has-post-thumbnail","6":"product_cat-brose-tyokalut","7":"product_cat-tyokalut","8":"product_shipping_class-grease","10":"first","11":"instock","12":"taxable","13":"shipping-taxable","14":"purchasable","15":"product-type-simple"},"acf":[],"yoast_head":"<!-- This site is optimized with the Yoast SEO plugin v27.3 - https:\/\/yoast.com\/product\/yoast-seo-wordpress\/ -->\n<title>PLA00931 Brose C, T, S &amp; S-Mag Lukitusrengas hylsy - Ebikespareparts.fi<\/title>\n<meta name=\"robots\" content=\"index, follow, max-snippet:-1, max-image-preview:large, max-video-preview:-1\" \/>\n<link rel=\"canonical\" href=\"https:\/\/ebikespareparts.fi\/sv\/produkt\/brose-c-t-s-s-mag-lukitusrengas-hamahakkimutteri-hylsy\/\" \/>\n<meta property=\"og:locale\" content=\"sv_SE\" \/>\n<meta property=\"og:type\" content=\"article\" \/>\n<meta property=\"og:title\" content=\"PLA00931 Brose C, T, S &amp; S-Mag Lukitusrengas hylsy - Ebikespareparts.fi\" \/>\n<meta property=\"og:description\" content=\"T\u00e4m\u00e4 ty\u00f6kalu sopii kaikkiin Brose ketjurattaan kiinnitys muttereihin. Ty\u00f6kalussa on 3\/8&#8243; v\u00e4\u00e4nti\u00f6 r\u00e4ikk\u00e4\u00e4 tai pient\u00e4 momenttia varten.\" \/>\n<meta property=\"og:url\" content=\"https:\/\/ebikespareparts.fi\/sv\/produkt\/brose-c-t-s-s-mag-lukitusrengas-hamahakkimutteri-hylsy\/\" \/>\n<meta property=\"og:site_name\" content=\"Ebikespareparts.fi\" \/>\n<meta property=\"article:publisher\" content=\"https:\/\/www.facebook.com\/smhj.fi\" \/>\n<meta property=\"article:modified_time\" content=\"2026-03-10T13:27:36+00:00\" \/>\n<meta property=\"og:image\" content=\"https:\/\/ebikespareparts.fi\/wp-content\/uploads\/2025\/03\/96XastiueDXr01cdZVEXXXvQQMikGGXHVdWqdxVkpKxoanDOhq.jpg\" \/>\n\t<meta property=\"og:image:width\" content=\"904\" \/>\n\t<meta property=\"og:image:height\" content=\"999\" \/>\n\t<meta property=\"og:image:type\" content=\"image\/jpeg\" \/>\n<meta name=\"twitter:card\" content=\"summary_large_image\" \/>\n<meta name=\"twitter:label1\" content=\"Ber\u00e4knad l\u00e4stid\" \/>\n\t<meta name=\"twitter:data1\" content=\"1 minut\" \/>\n<script type=\"application\/ld+json\" class=\"yoast-schema-graph\">{\"@context\":\"https:\\\/\\\/schema.org\",\"@graph\":[{\"@type\":\"WebPage\",\"@id\":\"https:\\\/\\\/ebikespareparts.fi\\\/tuote\\\/brose-c-t-s-s-mag-lukitusrengas-hamahakkimutteri-hylsy\\\/\",\"url\":\"https:\\\/\\\/ebikespareparts.fi\\\/tuote\\\/brose-c-t-s-s-mag-lukitusrengas-hamahakkimutteri-hylsy\\\/\",\"name\":\"PLA00931 Brose C, T, S &amp; S-Mag Lukitusrengas hylsy - Ebikespareparts.fi\",\"isPartOf\":{\"@id\":\"https:\\\/\\\/ebikespareparts.fi\\\/#website\"},\"primaryImageOfPage\":{\"@id\":\"https:\\\/\\\/ebikespareparts.fi\\\/tuote\\\/brose-c-t-s-s-mag-lukitusrengas-hamahakkimutteri-hylsy\\\/#primaryimage\"},\"image\":{\"@id\":\"https:\\\/\\\/ebikespareparts.fi\\\/tuote\\\/brose-c-t-s-s-mag-lukitusrengas-hamahakkimutteri-hylsy\\\/#primaryimage\"},\"thumbnailUrl\":\"https:\\\/\\\/ebikespareparts.fi\\\/wp-content\\\/uploads\\\/2025\\\/03\\\/96XastiueDXr01cdZVEXXXvQQMikGGXHVdWqdxVkpKxoanDOhq.jpg\",\"datePublished\":\"2023-10-03T12:17:02+00:00\",\"dateModified\":\"2026-03-10T13:27:36+00:00\",\"breadcrumb\":{\"@id\":\"https:\\\/\\\/ebikespareparts.fi\\\/tuote\\\/brose-c-t-s-s-mag-lukitusrengas-hamahakkimutteri-hylsy\\\/#breadcrumb\"},\"inLanguage\":\"sv-SE\",\"potentialAction\":[{\"@type\":\"ReadAction\",\"target\":[\"https:\\\/\\\/ebikespareparts.fi\\\/tuote\\\/brose-c-t-s-s-mag-lukitusrengas-hamahakkimutteri-hylsy\\\/\"]}]},{\"@type\":\"ImageObject\",\"inLanguage\":\"sv-SE\",\"@id\":\"https:\\\/\\\/ebikespareparts.fi\\\/tuote\\\/brose-c-t-s-s-mag-lukitusrengas-hamahakkimutteri-hylsy\\\/#primaryimage\",\"url\":\"https:\\\/\\\/ebikespareparts.fi\\\/wp-content\\\/uploads\\\/2025\\\/03\\\/96XastiueDXr01cdZVEXXXvQQMikGGXHVdWqdxVkpKxoanDOhq.jpg\",\"contentUrl\":\"https:\\\/\\\/ebikespareparts.fi\\\/wp-content\\\/uploads\\\/2025\\\/03\\\/96XastiueDXr01cdZVEXXXvQQMikGGXHVdWqdxVkpKxoanDOhq.jpg\",\"width\":904,\"height\":999,\"caption\":\"96XastiueDXr01cdZVEXXXvQQMikGGXHVdWqdxVkpKxoanDOhq\"},{\"@type\":\"BreadcrumbList\",\"@id\":\"https:\\\/\\\/ebikespareparts.fi\\\/tuote\\\/brose-c-t-s-s-mag-lukitusrengas-hamahakkimutteri-hylsy\\\/#breadcrumb\",\"itemListElement\":[{\"@type\":\"ListItem\",\"position\":1,\"name\":\"Etusivu\",\"item\":\"https:\\\/\\\/ebikespareparts.fi\\\/\"},{\"@type\":\"ListItem\",\"position\":2,\"name\":\"Kauppa\",\"item\":\"https:\\\/\\\/ebikespareparts.fi\\\/kauppa\\\/\"},{\"@type\":\"ListItem\",\"position\":3,\"name\":\"PLA00931 Brose C, T, S &amp; S-Mag Lukitusrengas hylsy\"}]},{\"@type\":\"WebSite\",\"@id\":\"https:\\\/\\\/ebikespareparts.fi\\\/#website\",\"url\":\"https:\\\/\\\/ebikespareparts.fi\\\/\",\"name\":\"Ebikespareparts.fi\",\"description\":\"S\u00e4hk\u00f6py\u00f6r\u00e4n osat - E-bike osat - Huolto\",\"publisher\":{\"@id\":\"https:\\\/\\\/ebikespareparts.fi\\\/#organization\"},\"potentialAction\":[{\"@type\":\"SearchAction\",\"target\":{\"@type\":\"EntryPoint\",\"urlTemplate\":\"https:\\\/\\\/ebikespareparts.fi\\\/?s={search_term_string}\"},\"query-input\":{\"@type\":\"PropertyValueSpecification\",\"valueRequired\":true,\"valueName\":\"search_term_string\"}}],\"inLanguage\":\"sv-SE\"},{\"@type\":\"Organization\",\"@id\":\"https:\\\/\\\/ebikespareparts.fi\\\/#organization\",\"name\":\"Ebikespareparts.fi\",\"url\":\"https:\\\/\\\/ebikespareparts.fi\\\/\",\"logo\":{\"@type\":\"ImageObject\",\"inLanguage\":\"sv-SE\",\"@id\":\"https:\\\/\\\/ebikespareparts.fi\\\/#\\\/schema\\\/logo\\\/image\\\/\",\"url\":\"https:\\\/\\\/ebikespareparts.fi\\\/wp-content\\\/uploads\\\/2024\\\/05\\\/logo-musta-tausta.jpg\",\"contentUrl\":\"https:\\\/\\\/ebikespareparts.fi\\\/wp-content\\\/uploads\\\/2024\\\/05\\\/logo-musta-tausta.jpg\",\"width\":1013,\"height\":950,\"caption\":\"Ebikespareparts.fi\"},\"image\":{\"@id\":\"https:\\\/\\\/ebikespareparts.fi\\\/#\\\/schema\\\/logo\\\/image\\\/\"},\"sameAs\":[\"https:\\\/\\\/www.facebook.com\\\/smhj.fi\"]}]}<\/script>\n<!-- \/ Yoast SEO plugin. -->","yoast_head_json":{"title":"PLA00931 Brose C, T, S &amp; S-Mag Lukitusrengas hylsy - Ebikespareparts.fi","robots":{"index":"index","follow":"follow","max-snippet":"max-snippet:-1","max-image-preview":"max-image-preview:large","max-video-preview":"max-video-preview:-1"},"canonical":"https:\/\/ebikespareparts.fi\/sv\/produkt\/brose-c-t-s-s-mag-lukitusrengas-hamahakkimutteri-hylsy\/","og_locale":"sv_SE","og_type":"article","og_title":"PLA00931 Brose C, T, S &amp; S-Mag Lukitusrengas hylsy - Ebikespareparts.fi","og_description":"T\u00e4m\u00e4 ty\u00f6kalu sopii kaikkiin Brose ketjurattaan kiinnitys muttereihin. Ty\u00f6kalussa on 3\/8&#8243; v\u00e4\u00e4nti\u00f6 r\u00e4ikk\u00e4\u00e4 tai pient\u00e4 momenttia varten.","og_url":"https:\/\/ebikespareparts.fi\/sv\/produkt\/brose-c-t-s-s-mag-lukitusrengas-hamahakkimutteri-hylsy\/","og_site_name":"Ebikespareparts.fi","article_publisher":"https:\/\/www.facebook.com\/smhj.fi","article_modified_time":"2026-03-10T13:27:36+00:00","og_image":[{"width":904,"height":999,"url":"https:\/\/ebikespareparts.fi\/wp-content\/uploads\/2025\/03\/96XastiueDXr01cdZVEXXXvQQMikGGXHVdWqdxVkpKxoanDOhq.jpg","type":"image\/jpeg"}],"twitter_card":"summary_large_image","twitter_misc":{"Ber\u00e4knad l\u00e4stid":"1 minut"},"schema":{"@context":"https:\/\/schema.org","@graph":[{"@type":"WebPage","@id":"https:\/\/ebikespareparts.fi\/tuote\/brose-c-t-s-s-mag-lukitusrengas-hamahakkimutteri-hylsy\/","url":"https:\/\/ebikespareparts.fi\/tuote\/brose-c-t-s-s-mag-lukitusrengas-hamahakkimutteri-hylsy\/","name":"PLA00931 Brose C, T, S &amp; S-Mag Lukitusrengas hylsy - Ebikespareparts.fi","isPartOf":{"@id":"https:\/\/ebikespareparts.fi\/#website"},"primaryImageOfPage":{"@id":"https:\/\/ebikespareparts.fi\/tuote\/brose-c-t-s-s-mag-lukitusrengas-hamahakkimutteri-hylsy\/#primaryimage"},"image":{"@id":"https:\/\/ebikespareparts.fi\/tuote\/brose-c-t-s-s-mag-lukitusrengas-hamahakkimutteri-hylsy\/#primaryimage"},"thumbnailUrl":"https:\/\/ebikespareparts.fi\/wp-content\/uploads\/2025\/03\/96XastiueDXr01cdZVEXXXvQQMikGGXHVdWqdxVkpKxoanDOhq.jpg","datePublished":"2023-10-03T12:17:02+00:00","dateModified":"2026-03-10T13:27:36+00:00","breadcrumb":{"@id":"https:\/\/ebikespareparts.fi\/tuote\/brose-c-t-s-s-mag-lukitusrengas-hamahakkimutteri-hylsy\/#breadcrumb"},"inLanguage":"sv-SE","potentialAction":[{"@type":"ReadAction","target":["https:\/\/ebikespareparts.fi\/tuote\/brose-c-t-s-s-mag-lukitusrengas-hamahakkimutteri-hylsy\/"]}]},{"@type":"ImageObject","inLanguage":"sv-SE","@id":"https:\/\/ebikespareparts.fi\/tuote\/brose-c-t-s-s-mag-lukitusrengas-hamahakkimutteri-hylsy\/#primaryimage","url":"https:\/\/ebikespareparts.fi\/wp-content\/uploads\/2025\/03\/96XastiueDXr01cdZVEXXXvQQMikGGXHVdWqdxVkpKxoanDOhq.jpg","contentUrl":"https:\/\/ebikespareparts.fi\/wp-content\/uploads\/2025\/03\/96XastiueDXr01cdZVEXXXvQQMikGGXHVdWqdxVkpKxoanDOhq.jpg","width":904,"height":999,"caption":"96XastiueDXr01cdZVEXXXvQQMikGGXHVdWqdxVkpKxoanDOhq"},{"@type":"BreadcrumbList","@id":"https:\/\/ebikespareparts.fi\/tuote\/brose-c-t-s-s-mag-lukitusrengas-hamahakkimutteri-hylsy\/#breadcrumb","itemListElement":[{"@type":"ListItem","position":1,"name":"Etusivu","item":"https:\/\/ebikespareparts.fi\/"},{"@type":"ListItem","position":2,"name":"Kauppa","item":"https:\/\/ebikespareparts.fi\/kauppa\/"},{"@type":"ListItem","position":3,"name":"PLA00931 Brose C, T, S &amp; S-Mag Lukitusrengas hylsy"}]},{"@type":"WebSite","@id":"https:\/\/ebikespareparts.fi\/#website","url":"https:\/\/ebikespareparts.fi\/","name":"Ebikespareparts.fi","description":"S\u00e4hk\u00f6py\u00f6r\u00e4n osat - E-bike osat - Huolto","publisher":{"@id":"https:\/\/ebikespareparts.fi\/#organization"},"potentialAction":[{"@type":"SearchAction","target":{"@type":"EntryPoint","urlTemplate":"https:\/\/ebikespareparts.fi\/?s={search_term_string}"},"query-input":{"@type":"PropertyValueSpecification","valueRequired":true,"valueName":"search_term_string"}}],"inLanguage":"sv-SE"},{"@type":"Organization","@id":"https:\/\/ebikespareparts.fi\/#organization","name":"Ebikespareparts.fi","url":"https:\/\/ebikespareparts.fi\/","logo":{"@type":"ImageObject","inLanguage":"sv-SE","@id":"https:\/\/ebikespareparts.fi\/#\/schema\/logo\/image\/","url":"https:\/\/ebikespareparts.fi\/wp-content\/uploads\/2024\/05\/logo-musta-tausta.jpg","contentUrl":"https:\/\/ebikespareparts.fi\/wp-content\/uploads\/2024\/05\/logo-musta-tausta.jpg","width":1013,"height":950,"caption":"Ebikespareparts.fi"},"image":{"@id":"https:\/\/ebikespareparts.fi\/#\/schema\/logo\/image\/"},"sameAs":["https:\/\/www.facebook.com\/smhj.fi"]}]}},"_links":{"self":[{"href":"https:\/\/ebikespareparts.fi\/sv\/wp-json\/wp\/v2\/product\/153","targetHints":{"allow":["GET"]}}],"collection":[{"href":"https:\/\/ebikespareparts.fi\/sv\/wp-json\/wp\/v2\/product"}],"about":[{"href":"https:\/\/ebikespareparts.fi\/sv\/wp-json\/wp\/v2\/types\/product"}],"replies":[{"embeddable":true,"href":"https:\/\/ebikespareparts.fi\/sv\/wp-json\/wp\/v2\/comments?post=153"}],"version-history":[{"count":1,"href":"https:\/\/ebikespareparts.fi\/sv\/wp-json\/wp\/v2\/product\/153\/revisions"}],"predecessor-version":[{"id":49201,"href":"https:\/\/ebikespareparts.fi\/sv\/wp-json\/wp\/v2\/product\/153\/revisions\/49201"}],"wp:featuredmedia":[{"embeddable":true,"href":"https:\/\/ebikespareparts.fi\/sv\/wp-json\/wp\/v2\/media\/47532"}],"wp:attachment":[{"href":"https:\/\/ebikespareparts.fi\/sv\/wp-json\/wp\/v2\/media?parent=153"}],"wp:term":[{"taxonomy":"product_brand","embeddable":true,"href":"https:\/\/ebikespareparts.fi\/sv\/wp-json\/wp\/v2\/product_brand?post=153"},{"taxonomy":"product_cat","embeddable":true,"href":"https:\/\/ebikespareparts.fi\/sv\/wp-json\/wp\/v2\/product_cat?post=153"},{"taxonomy":"product_tag","embeddable":true,"href":"https:\/\/ebikespareparts.fi\/sv\/wp-json\/wp\/v2\/product_tag?post=153"}],"curies":[{"name":"wp","href":"https:\/\/api.w.org\/{rel}","templated":true}]}}