{"id":155,"date":"2023-10-03T15:17:02","date_gmt":"2023-10-03T12:17:02","guid":{"rendered":"https:\/\/ebikespareparts.fi\/?post_type=product&#038;p=155"},"modified":"2026-03-10T15:27:03","modified_gmt":"2026-03-10T13:27:03","slug":"bosch-gen-4-lukitustyokalu-hammaspyoran-mutterille","status":"publish","type":"product","link":"https:\/\/ebikespareparts.fi\/sv\/produkt\/bosch-gen-4-lukitustyokalu-hammaspyoran-mutterille\/","title":{"rendered":"PLA00930 Bosch Gen 4 L\u00e5sverktyg, f\u00f6r kedjehjul mutter"},"content":{"rendered":"<p id=\"tw-target-text\" class=\"tw-data-text tw-text-large tw-ta\" dir=\"ltr\" data-placeholder=\"K\u00e4\u00e4nn\u00f6s\"><span class=\"Y2IQFc\" lang=\"fi\">Detta \u00e4r ett original Bosch l\u00e5sringverktyg f\u00f6r att ta bort den g\u00e4ngade muttern eller det g\u00e4ngade kedjeskyddet fr\u00e5n det fr\u00e4mre drevet p\u00e5 en Bosch Gen 4-motor.<\/span><\/p>\n<p id=\"tw-target-text\" class=\"tw-data-text tw-text-large tw-ta\" dir=\"ltr\" data-placeholder=\"K\u00e4\u00e4nn\u00f6s\"><span class=\"Y2IQFc\" lang=\"fi\">Generation 4 (Gen 4) t\u00e4cker Performance Line CX och Cargo Line f\u00f6r 2020. Dessa motorer har ett stort framdrev och ser ut som motorn nedan.<\/span><\/p>\n<p><img fetchpriority=\"high\" decoding=\"async\" class=\"alignnone size-medium wp-image-6744\" src=\"https:\/\/www.performancelinebearings.com\/wp-content\/uploads\/2020\/08\/Bosch-Gen-4-300x200.jpg\" alt=\"\" width=\"300\" height=\"200\" \/><\/p>\n<p>&nbsp;<\/p>\n<p>&nbsp;<\/p>","protected":false},"excerpt":{"rendered":"<p>T\u00e4m\u00e4 on alkuper\u00e4inen Boschin lukitusrengasty\u00f6kalu, jolla irrotetaan kierremutteri tai kierreketjusuojus Bosch Gen 4 -moottorin eturattaalta. Generation 4 (Gen 4) kattaa Performance Line CX:n ja tavaralinjan vuodelta 2020. N\u00e4iss\u00e4 moottoreissa on suuri eturatas ja ne n\u00e4ytt\u00e4v\u00e4t alla olevalta moottorilta. &nbsp; &nbsp;<\/p>","protected":false},"featured_media":47544,"comment_status":"closed","ping_status":"closed","template":"","meta":{"_acf_changed":false},"product_brand":[],"product_cat":[52,53,46,39],"product_tag":[],"class_list":{"0":"post-155","1":"product","2":"type-product","3":"status-publish","4":"has-post-thumbnail","6":"product_cat-bosch-gen-3","7":"product_cat-bosch-gen-4","8":"product_cat-bosch-tyokalut","9":"product_cat-tyokalut","10":"product_shipping_class-grease","12":"first","13":"outofstock","14":"taxable","15":"shipping-taxable","16":"purchasable","17":"product-type-simple"},"acf":[],"yoast_head":"<!-- This site is optimized with the Yoast SEO plugin v27.3 - https:\/\/yoast.com\/product\/yoast-seo-wordpress\/ -->\n<title>PLA00930 Bosch Gen 4 Lukitusty\u00f6kalu, hammaspy\u00f6r\u00e4n mutterille - Ebikespareparts.fi<\/title>\n<meta name=\"robots\" content=\"index, follow, max-snippet:-1, max-image-preview:large, max-video-preview:-1\" \/>\n<link rel=\"canonical\" href=\"https:\/\/ebikespareparts.fi\/sv\/produkt\/bosch-gen-4-lukitustyokalu-hammaspyoran-mutterille\/\" \/>\n<meta property=\"og:locale\" content=\"sv_SE\" \/>\n<meta property=\"og:type\" content=\"article\" \/>\n<meta property=\"og:title\" content=\"PLA00930 Bosch Gen 4 Lukitusty\u00f6kalu, hammaspy\u00f6r\u00e4n mutterille - Ebikespareparts.fi\" \/>\n<meta property=\"og:description\" content=\"T\u00e4m\u00e4 on alkuper\u00e4inen Boschin lukitusrengasty\u00f6kalu, jolla irrotetaan kierremutteri tai kierreketjusuojus Bosch Gen 4 -moottorin eturattaalta. Generation 4 (Gen 4) kattaa Performance Line CX:n ja tavaralinjan vuodelta 2020. N\u00e4iss\u00e4 moottoreissa on suuri eturatas ja ne n\u00e4ytt\u00e4v\u00e4t alla olevalta moottorilta. &nbsp; &nbsp;\" \/>\n<meta property=\"og:url\" content=\"https:\/\/ebikespareparts.fi\/sv\/produkt\/bosch-gen-4-lukitustyokalu-hammaspyoran-mutterille\/\" \/>\n<meta property=\"og:site_name\" content=\"Ebikespareparts.fi\" \/>\n<meta property=\"article:publisher\" content=\"https:\/\/www.facebook.com\/smhj.fi\" \/>\n<meta property=\"article:modified_time\" content=\"2026-03-10T13:27:03+00:00\" \/>\n<meta property=\"og:image\" content=\"https:\/\/ebikespareparts.fi\/wp-content\/uploads\/2025\/03\/r0CVjHAiMiNUflDk3dWX4wAxMQD2hPhkkwq8HhcqXbT5kOGjHS.jpg\" \/>\n\t<meta property=\"og:image:width\" content=\"1000\" \/>\n\t<meta property=\"og:image:height\" content=\"1000\" \/>\n\t<meta property=\"og:image:type\" content=\"image\/jpeg\" \/>\n<meta name=\"twitter:card\" content=\"summary_large_image\" \/>\n<meta name=\"twitter:label1\" content=\"Ber\u00e4knad l\u00e4stid\" \/>\n\t<meta name=\"twitter:data1\" content=\"1 minut\" \/>\n<script type=\"application\/ld+json\" class=\"yoast-schema-graph\">{\"@context\":\"https:\\\/\\\/schema.org\",\"@graph\":[{\"@type\":\"WebPage\",\"@id\":\"https:\\\/\\\/ebikespareparts.fi\\\/tuote\\\/bosch-gen-4-lukitustyokalu-hammaspyoran-mutterille\\\/\",\"url\":\"https:\\\/\\\/ebikespareparts.fi\\\/tuote\\\/bosch-gen-4-lukitustyokalu-hammaspyoran-mutterille\\\/\",\"name\":\"PLA00930 Bosch Gen 4 Lukitusty\u00f6kalu, hammaspy\u00f6r\u00e4n mutterille - Ebikespareparts.fi\",\"isPartOf\":{\"@id\":\"https:\\\/\\\/ebikespareparts.fi\\\/#website\"},\"primaryImageOfPage\":{\"@id\":\"https:\\\/\\\/ebikespareparts.fi\\\/tuote\\\/bosch-gen-4-lukitustyokalu-hammaspyoran-mutterille\\\/#primaryimage\"},\"image\":{\"@id\":\"https:\\\/\\\/ebikespareparts.fi\\\/tuote\\\/bosch-gen-4-lukitustyokalu-hammaspyoran-mutterille\\\/#primaryimage\"},\"thumbnailUrl\":\"https:\\\/\\\/ebikespareparts.fi\\\/wp-content\\\/uploads\\\/2025\\\/03\\\/r0CVjHAiMiNUflDk3dWX4wAxMQD2hPhkkwq8HhcqXbT5kOGjHS.jpg\",\"datePublished\":\"2023-10-03T12:17:02+00:00\",\"dateModified\":\"2026-03-10T13:27:03+00:00\",\"breadcrumb\":{\"@id\":\"https:\\\/\\\/ebikespareparts.fi\\\/tuote\\\/bosch-gen-4-lukitustyokalu-hammaspyoran-mutterille\\\/#breadcrumb\"},\"inLanguage\":\"sv-SE\",\"potentialAction\":[{\"@type\":\"ReadAction\",\"target\":[\"https:\\\/\\\/ebikespareparts.fi\\\/tuote\\\/bosch-gen-4-lukitustyokalu-hammaspyoran-mutterille\\\/\"]}]},{\"@type\":\"ImageObject\",\"inLanguage\":\"sv-SE\",\"@id\":\"https:\\\/\\\/ebikespareparts.fi\\\/tuote\\\/bosch-gen-4-lukitustyokalu-hammaspyoran-mutterille\\\/#primaryimage\",\"url\":\"https:\\\/\\\/ebikespareparts.fi\\\/wp-content\\\/uploads\\\/2025\\\/03\\\/r0CVjHAiMiNUflDk3dWX4wAxMQD2hPhkkwq8HhcqXbT5kOGjHS.jpg\",\"contentUrl\":\"https:\\\/\\\/ebikespareparts.fi\\\/wp-content\\\/uploads\\\/2025\\\/03\\\/r0CVjHAiMiNUflDk3dWX4wAxMQD2hPhkkwq8HhcqXbT5kOGjHS.jpg\",\"width\":1000,\"height\":1000,\"caption\":\"r0CVjHAiMiNUflDk3dWX4wAxMQD2hPhkkwq8HhcqXbT5kOGjHS\"},{\"@type\":\"BreadcrumbList\",\"@id\":\"https:\\\/\\\/ebikespareparts.fi\\\/tuote\\\/bosch-gen-4-lukitustyokalu-hammaspyoran-mutterille\\\/#breadcrumb\",\"itemListElement\":[{\"@type\":\"ListItem\",\"position\":1,\"name\":\"Etusivu\",\"item\":\"https:\\\/\\\/ebikespareparts.fi\\\/\"},{\"@type\":\"ListItem\",\"position\":2,\"name\":\"Kauppa\",\"item\":\"https:\\\/\\\/ebikespareparts.fi\\\/kauppa\\\/\"},{\"@type\":\"ListItem\",\"position\":3,\"name\":\"PLA00930 Bosch Gen 4 Lukitusty\u00f6kalu, hammaspy\u00f6r\u00e4n mutterille\"}]},{\"@type\":\"WebSite\",\"@id\":\"https:\\\/\\\/ebikespareparts.fi\\\/#website\",\"url\":\"https:\\\/\\\/ebikespareparts.fi\\\/\",\"name\":\"Ebikespareparts.fi\",\"description\":\"S\u00e4hk\u00f6py\u00f6r\u00e4n osat - E-bike osat - Huolto\",\"publisher\":{\"@id\":\"https:\\\/\\\/ebikespareparts.fi\\\/#organization\"},\"potentialAction\":[{\"@type\":\"SearchAction\",\"target\":{\"@type\":\"EntryPoint\",\"urlTemplate\":\"https:\\\/\\\/ebikespareparts.fi\\\/?s={search_term_string}\"},\"query-input\":{\"@type\":\"PropertyValueSpecification\",\"valueRequired\":true,\"valueName\":\"search_term_string\"}}],\"inLanguage\":\"sv-SE\"},{\"@type\":\"Organization\",\"@id\":\"https:\\\/\\\/ebikespareparts.fi\\\/#organization\",\"name\":\"Ebikespareparts.fi\",\"url\":\"https:\\\/\\\/ebikespareparts.fi\\\/\",\"logo\":{\"@type\":\"ImageObject\",\"inLanguage\":\"sv-SE\",\"@id\":\"https:\\\/\\\/ebikespareparts.fi\\\/#\\\/schema\\\/logo\\\/image\\\/\",\"url\":\"https:\\\/\\\/ebikespareparts.fi\\\/wp-content\\\/uploads\\\/2024\\\/05\\\/logo-musta-tausta.jpg\",\"contentUrl\":\"https:\\\/\\\/ebikespareparts.fi\\\/wp-content\\\/uploads\\\/2024\\\/05\\\/logo-musta-tausta.jpg\",\"width\":1013,\"height\":950,\"caption\":\"Ebikespareparts.fi\"},\"image\":{\"@id\":\"https:\\\/\\\/ebikespareparts.fi\\\/#\\\/schema\\\/logo\\\/image\\\/\"},\"sameAs\":[\"https:\\\/\\\/www.facebook.com\\\/smhj.fi\"]}]}<\/script>\n<!-- \/ Yoast SEO plugin. -->","yoast_head_json":{"title":"PLA00930 Bosch Gen 4 Lukitusty\u00f6kalu, hammaspy\u00f6r\u00e4n mutterille - Ebikespareparts.fi","robots":{"index":"index","follow":"follow","max-snippet":"max-snippet:-1","max-image-preview":"max-image-preview:large","max-video-preview":"max-video-preview:-1"},"canonical":"https:\/\/ebikespareparts.fi\/sv\/produkt\/bosch-gen-4-lukitustyokalu-hammaspyoran-mutterille\/","og_locale":"sv_SE","og_type":"article","og_title":"PLA00930 Bosch Gen 4 Lukitusty\u00f6kalu, hammaspy\u00f6r\u00e4n mutterille - Ebikespareparts.fi","og_description":"T\u00e4m\u00e4 on alkuper\u00e4inen Boschin lukitusrengasty\u00f6kalu, jolla irrotetaan kierremutteri tai kierreketjusuojus Bosch Gen 4 -moottorin eturattaalta. Generation 4 (Gen 4) kattaa Performance Line CX:n ja tavaralinjan vuodelta 2020. N\u00e4iss\u00e4 moottoreissa on suuri eturatas ja ne n\u00e4ytt\u00e4v\u00e4t alla olevalta moottorilta. &nbsp; &nbsp;","og_url":"https:\/\/ebikespareparts.fi\/sv\/produkt\/bosch-gen-4-lukitustyokalu-hammaspyoran-mutterille\/","og_site_name":"Ebikespareparts.fi","article_publisher":"https:\/\/www.facebook.com\/smhj.fi","article_modified_time":"2026-03-10T13:27:03+00:00","og_image":[{"width":1000,"height":1000,"url":"https:\/\/ebikespareparts.fi\/wp-content\/uploads\/2025\/03\/r0CVjHAiMiNUflDk3dWX4wAxMQD2hPhkkwq8HhcqXbT5kOGjHS.jpg","type":"image\/jpeg"}],"twitter_card":"summary_large_image","twitter_misc":{"Ber\u00e4knad l\u00e4stid":"1 minut"},"schema":{"@context":"https:\/\/schema.org","@graph":[{"@type":"WebPage","@id":"https:\/\/ebikespareparts.fi\/tuote\/bosch-gen-4-lukitustyokalu-hammaspyoran-mutterille\/","url":"https:\/\/ebikespareparts.fi\/tuote\/bosch-gen-4-lukitustyokalu-hammaspyoran-mutterille\/","name":"PLA00930 Bosch Gen 4 Lukitusty\u00f6kalu, hammaspy\u00f6r\u00e4n mutterille - Ebikespareparts.fi","isPartOf":{"@id":"https:\/\/ebikespareparts.fi\/#website"},"primaryImageOfPage":{"@id":"https:\/\/ebikespareparts.fi\/tuote\/bosch-gen-4-lukitustyokalu-hammaspyoran-mutterille\/#primaryimage"},"image":{"@id":"https:\/\/ebikespareparts.fi\/tuote\/bosch-gen-4-lukitustyokalu-hammaspyoran-mutterille\/#primaryimage"},"thumbnailUrl":"https:\/\/ebikespareparts.fi\/wp-content\/uploads\/2025\/03\/r0CVjHAiMiNUflDk3dWX4wAxMQD2hPhkkwq8HhcqXbT5kOGjHS.jpg","datePublished":"2023-10-03T12:17:02+00:00","dateModified":"2026-03-10T13:27:03+00:00","breadcrumb":{"@id":"https:\/\/ebikespareparts.fi\/tuote\/bosch-gen-4-lukitustyokalu-hammaspyoran-mutterille\/#breadcrumb"},"inLanguage":"sv-SE","potentialAction":[{"@type":"ReadAction","target":["https:\/\/ebikespareparts.fi\/tuote\/bosch-gen-4-lukitustyokalu-hammaspyoran-mutterille\/"]}]},{"@type":"ImageObject","inLanguage":"sv-SE","@id":"https:\/\/ebikespareparts.fi\/tuote\/bosch-gen-4-lukitustyokalu-hammaspyoran-mutterille\/#primaryimage","url":"https:\/\/ebikespareparts.fi\/wp-content\/uploads\/2025\/03\/r0CVjHAiMiNUflDk3dWX4wAxMQD2hPhkkwq8HhcqXbT5kOGjHS.jpg","contentUrl":"https:\/\/ebikespareparts.fi\/wp-content\/uploads\/2025\/03\/r0CVjHAiMiNUflDk3dWX4wAxMQD2hPhkkwq8HhcqXbT5kOGjHS.jpg","width":1000,"height":1000,"caption":"r0CVjHAiMiNUflDk3dWX4wAxMQD2hPhkkwq8HhcqXbT5kOGjHS"},{"@type":"BreadcrumbList","@id":"https:\/\/ebikespareparts.fi\/tuote\/bosch-gen-4-lukitustyokalu-hammaspyoran-mutterille\/#breadcrumb","itemListElement":[{"@type":"ListItem","position":1,"name":"Etusivu","item":"https:\/\/ebikespareparts.fi\/"},{"@type":"ListItem","position":2,"name":"Kauppa","item":"https:\/\/ebikespareparts.fi\/kauppa\/"},{"@type":"ListItem","position":3,"name":"PLA00930 Bosch Gen 4 Lukitusty\u00f6kalu, hammaspy\u00f6r\u00e4n mutterille"}]},{"@type":"WebSite","@id":"https:\/\/ebikespareparts.fi\/#website","url":"https:\/\/ebikespareparts.fi\/","name":"Ebikespareparts.fi","description":"S\u00e4hk\u00f6py\u00f6r\u00e4n osat - E-bike osat - Huolto","publisher":{"@id":"https:\/\/ebikespareparts.fi\/#organization"},"potentialAction":[{"@type":"SearchAction","target":{"@type":"EntryPoint","urlTemplate":"https:\/\/ebikespareparts.fi\/?s={search_term_string}"},"query-input":{"@type":"PropertyValueSpecification","valueRequired":true,"valueName":"search_term_string"}}],"inLanguage":"sv-SE"},{"@type":"Organization","@id":"https:\/\/ebikespareparts.fi\/#organization","name":"Ebikespareparts.fi","url":"https:\/\/ebikespareparts.fi\/","logo":{"@type":"ImageObject","inLanguage":"sv-SE","@id":"https:\/\/ebikespareparts.fi\/#\/schema\/logo\/image\/","url":"https:\/\/ebikespareparts.fi\/wp-content\/uploads\/2024\/05\/logo-musta-tausta.jpg","contentUrl":"https:\/\/ebikespareparts.fi\/wp-content\/uploads\/2024\/05\/logo-musta-tausta.jpg","width":1013,"height":950,"caption":"Ebikespareparts.fi"},"image":{"@id":"https:\/\/ebikespareparts.fi\/#\/schema\/logo\/image\/"},"sameAs":["https:\/\/www.facebook.com\/smhj.fi"]}]}},"_links":{"self":[{"href":"https:\/\/ebikespareparts.fi\/sv\/wp-json\/wp\/v2\/product\/155","targetHints":{"allow":["GET"]}}],"collection":[{"href":"https:\/\/ebikespareparts.fi\/sv\/wp-json\/wp\/v2\/product"}],"about":[{"href":"https:\/\/ebikespareparts.fi\/sv\/wp-json\/wp\/v2\/types\/product"}],"replies":[{"embeddable":true,"href":"https:\/\/ebikespareparts.fi\/sv\/wp-json\/wp\/v2\/comments?post=155"}],"version-history":[{"count":1,"href":"https:\/\/ebikespareparts.fi\/sv\/wp-json\/wp\/v2\/product\/155\/revisions"}],"predecessor-version":[{"id":49099,"href":"https:\/\/ebikespareparts.fi\/sv\/wp-json\/wp\/v2\/product\/155\/revisions\/49099"}],"wp:featuredmedia":[{"embeddable":true,"href":"https:\/\/ebikespareparts.fi\/sv\/wp-json\/wp\/v2\/media\/47544"}],"wp:attachment":[{"href":"https:\/\/ebikespareparts.fi\/sv\/wp-json\/wp\/v2\/media?parent=155"}],"wp:term":[{"taxonomy":"product_brand","embeddable":true,"href":"https:\/\/ebikespareparts.fi\/sv\/wp-json\/wp\/v2\/product_brand?post=155"},{"taxonomy":"product_cat","embeddable":true,"href":"https:\/\/ebikespareparts.fi\/sv\/wp-json\/wp\/v2\/product_cat?post=155"},{"taxonomy":"product_tag","embeddable":true,"href":"https:\/\/ebikespareparts.fi\/sv\/wp-json\/wp\/v2\/product_tag?post=155"}],"curies":[{"name":"wp","href":"https:\/\/api.w.org\/{rel}","templated":true}]}}