{"id":158,"date":"2023-10-03T15:17:02","date_gmt":"2023-10-03T12:17:02","guid":{"rendered":"https:\/\/ebikespareparts.fi\/?post_type=product&#038;p=158"},"modified":"2026-03-14T02:00:10","modified_gmt":"2026-03-14T00:00:10","slug":"brose-ce-c-tf-s-laakerien-huoltosarja-osa-no-plb20701st","status":"publish","type":"product","link":"https:\/\/ebikespareparts.fi\/sv\/produkt\/brose-ce-c-tf-s-laakerien-huoltosarja-osa-no-plb20701st\/","title":{"rendered":"PLB20701ST Brose underh\u00e5llssats f\u00f6r Ce-, C-, TF- och S-lager"},"content":{"rendered":"<p>Setet inneh\u00e5ller alla lager som beh\u00f6vs f\u00f6r den stora remskivan f\u00f6r montering av Brose Ce, C, TF &amp; S motorns vevaxel, samt en inre skyddst\u00e4tning,<\/p>\n<p>H\u00f6ger vevaxellagert\u00e4tning, lagerfett och t\u00e4tningar.<\/p>\n<p>Obs: Detta kit passar aluminium (alu f\u00e4rg) 1.2e, 1.2, 1.3 motorer. Dessa \u00e4r ocks\u00e5 k\u00e4nda som Ce, C, TF &amp; S<\/p>\n<p>&nbsp;<\/p>","protected":false},"excerpt":{"rendered":"<p>Sarja sis\u00e4lt\u00e4\u00e4 kaikki Brose Ce, C, TF &amp; Smoottorin kammen akselin kokoonpanoon ison hihnapy\u00f6r\u00e4n tarvittavat laakerit sek\u00e4 sis\u00e4isen suojatiivisteen, oikeanpuoleisen kammen akselin laakerin tiivisteen, laakerirasvan ja tiivisteet. Huomaa: T\u00e4m\u00e4 sarja sopii alumiinisille (alu v\u00e4ri) 1.2e, 1.2, 1.3 moottoreille. N\u00e4m\u00e4 tunnetaan my\u00f6s nimell\u00e4 Ce, C, TF &amp; S &nbsp;<\/p>","protected":false},"featured_media":47437,"comment_status":"closed","ping_status":"closed","template":"","meta":{"_acf_changed":false},"product_brand":[],"product_cat":[37],"product_tag":[],"class_list":{"0":"post-158","1":"product","2":"type-product","3":"status-publish","4":"has-post-thumbnail","6":"product_cat-brose-laakerit","7":"product_shipping_class-grease","9":"first","10":"instock","11":"taxable","12":"shipping-taxable","13":"purchasable","14":"product-type-simple"},"acf":[],"yoast_head":"<!-- This site is optimized with the Yoast SEO plugin v27.5 - https:\/\/yoast.com\/product\/yoast-seo-wordpress\/ -->\n<title>PLB20701ST Brose Ce, C, TF &amp; S laakerien huoltosarja - Ebikespareparts.fi<\/title>\n<meta name=\"robots\" content=\"index, follow, max-snippet:-1, max-image-preview:large, max-video-preview:-1\" \/>\n<link rel=\"canonical\" href=\"https:\/\/ebikespareparts.fi\/sv\/produkt\/brose-ce-c-tf-s-laakerien-huoltosarja-osa-no-plb20701st\/\" \/>\n<meta property=\"og:locale\" content=\"sv_SE\" \/>\n<meta property=\"og:type\" content=\"article\" \/>\n<meta property=\"og:title\" content=\"PLB20701ST Brose Ce, C, TF &amp; S laakerien huoltosarja - Ebikespareparts.fi\" \/>\n<meta property=\"og:description\" content=\"Sarja sis\u00e4lt\u00e4\u00e4 kaikki Brose Ce, C, TF &amp; Smoottorin kammen akselin kokoonpanoon ison hihnapy\u00f6r\u00e4n tarvittavat laakerit sek\u00e4 sis\u00e4isen suojatiivisteen, oikeanpuoleisen kammen akselin laakerin tiivisteen, laakerirasvan ja tiivisteet. Huomaa: T\u00e4m\u00e4 sarja sopii alumiinisille (alu v\u00e4ri) 1.2e, 1.2, 1.3 moottoreille. N\u00e4m\u00e4 tunnetaan my\u00f6s nimell\u00e4 Ce, C, TF &amp; S &nbsp;\" \/>\n<meta property=\"og:url\" content=\"https:\/\/ebikespareparts.fi\/sv\/produkt\/brose-ce-c-tf-s-laakerien-huoltosarja-osa-no-plb20701st\/\" \/>\n<meta property=\"og:site_name\" content=\"Ebikespareparts.fi\" \/>\n<meta property=\"article:publisher\" content=\"https:\/\/www.facebook.com\/smhj.fi\" \/>\n<meta property=\"article:modified_time\" content=\"2026-03-14T00:00:10+00:00\" \/>\n<meta property=\"og:image\" content=\"https:\/\/ebikespareparts.fi\/wp-content\/uploads\/2023\/10\/20231114_111908-scaled.jpg\" \/>\n\t<meta property=\"og:image:width\" content=\"2560\" \/>\n\t<meta property=\"og:image:height\" content=\"1593\" \/>\n\t<meta property=\"og:image:type\" content=\"image\/jpeg\" \/>\n<meta name=\"twitter:card\" content=\"summary_large_image\" \/>\n<meta name=\"twitter:label1\" content=\"Ber\u00e4knad l\u00e4stid\" \/>\n\t<meta name=\"twitter:data1\" content=\"1 minut\" \/>\n<script type=\"application\/ld+json\" class=\"yoast-schema-graph\">{\"@context\":\"https:\\\/\\\/schema.org\",\"@graph\":[{\"@type\":\"WebPage\",\"@id\":\"https:\\\/\\\/ebikespareparts.fi\\\/tuote\\\/brose-ce-c-tf-s-laakerien-huoltosarja-osa-no-plb20701st\\\/\",\"url\":\"https:\\\/\\\/ebikespareparts.fi\\\/tuote\\\/brose-ce-c-tf-s-laakerien-huoltosarja-osa-no-plb20701st\\\/\",\"name\":\"PLB20701ST Brose Ce, C, TF &amp; S laakerien huoltosarja - Ebikespareparts.fi\",\"isPartOf\":{\"@id\":\"https:\\\/\\\/ebikespareparts.fi\\\/#website\"},\"primaryImageOfPage\":{\"@id\":\"https:\\\/\\\/ebikespareparts.fi\\\/tuote\\\/brose-ce-c-tf-s-laakerien-huoltosarja-osa-no-plb20701st\\\/#primaryimage\"},\"image\":{\"@id\":\"https:\\\/\\\/ebikespareparts.fi\\\/tuote\\\/brose-ce-c-tf-s-laakerien-huoltosarja-osa-no-plb20701st\\\/#primaryimage\"},\"thumbnailUrl\":\"https:\\\/\\\/ebikespareparts.fi\\\/wp-content\\\/uploads\\\/2025\\\/03\\\/q5Oz9jLLFcC8RXv2fMNaMdRSa200Elp2mgAq4HiW6TPkoIt5Pb.jpg\",\"datePublished\":\"2023-10-03T12:17:02+00:00\",\"dateModified\":\"2026-03-14T00:00:10+00:00\",\"breadcrumb\":{\"@id\":\"https:\\\/\\\/ebikespareparts.fi\\\/tuote\\\/brose-ce-c-tf-s-laakerien-huoltosarja-osa-no-plb20701st\\\/#breadcrumb\"},\"inLanguage\":\"sv-SE\",\"potentialAction\":[{\"@type\":\"ReadAction\",\"target\":[\"https:\\\/\\\/ebikespareparts.fi\\\/tuote\\\/brose-ce-c-tf-s-laakerien-huoltosarja-osa-no-plb20701st\\\/\"]}]},{\"@type\":\"ImageObject\",\"inLanguage\":\"sv-SE\",\"@id\":\"https:\\\/\\\/ebikespareparts.fi\\\/tuote\\\/brose-ce-c-tf-s-laakerien-huoltosarja-osa-no-plb20701st\\\/#primaryimage\",\"url\":\"https:\\\/\\\/ebikespareparts.fi\\\/wp-content\\\/uploads\\\/2025\\\/03\\\/q5Oz9jLLFcC8RXv2fMNaMdRSa200Elp2mgAq4HiW6TPkoIt5Pb.jpg\",\"contentUrl\":\"https:\\\/\\\/ebikespareparts.fi\\\/wp-content\\\/uploads\\\/2025\\\/03\\\/q5Oz9jLLFcC8RXv2fMNaMdRSa200Elp2mgAq4HiW6TPkoIt5Pb.jpg\",\"width\":1000,\"height\":622,\"caption\":\"q5Oz9jLLFcC8RXv2fMNaMdRSa200Elp2mgAq4HiW6TPkoIt5Pb\"},{\"@type\":\"BreadcrumbList\",\"@id\":\"https:\\\/\\\/ebikespareparts.fi\\\/tuote\\\/brose-ce-c-tf-s-laakerien-huoltosarja-osa-no-plb20701st\\\/#breadcrumb\",\"itemListElement\":[{\"@type\":\"ListItem\",\"position\":1,\"name\":\"Etusivu\",\"item\":\"https:\\\/\\\/ebikespareparts.fi\\\/\"},{\"@type\":\"ListItem\",\"position\":2,\"name\":\"Kauppa\",\"item\":\"https:\\\/\\\/ebikespareparts.fi\\\/kauppa\\\/\"},{\"@type\":\"ListItem\",\"position\":3,\"name\":\"PLB20701ST Brose Ce, C, TF &amp; S laakerien huoltosarja\"}]},{\"@type\":\"WebSite\",\"@id\":\"https:\\\/\\\/ebikespareparts.fi\\\/#website\",\"url\":\"https:\\\/\\\/ebikespareparts.fi\\\/\",\"name\":\"Ebikespareparts.fi\",\"description\":\"S\u00e4hk\u00f6py\u00f6r\u00e4n osat - E-bike osat - Huolto\",\"publisher\":{\"@id\":\"https:\\\/\\\/ebikespareparts.fi\\\/#organization\"},\"potentialAction\":[{\"@type\":\"SearchAction\",\"target\":{\"@type\":\"EntryPoint\",\"urlTemplate\":\"https:\\\/\\\/ebikespareparts.fi\\\/?s={search_term_string}\"},\"query-input\":{\"@type\":\"PropertyValueSpecification\",\"valueRequired\":true,\"valueName\":\"search_term_string\"}}],\"inLanguage\":\"sv-SE\"},{\"@type\":\"Organization\",\"@id\":\"https:\\\/\\\/ebikespareparts.fi\\\/#organization\",\"name\":\"Ebikespareparts.fi\",\"url\":\"https:\\\/\\\/ebikespareparts.fi\\\/\",\"logo\":{\"@type\":\"ImageObject\",\"inLanguage\":\"sv-SE\",\"@id\":\"https:\\\/\\\/ebikespareparts.fi\\\/#\\\/schema\\\/logo\\\/image\\\/\",\"url\":\"https:\\\/\\\/ebikespareparts.fi\\\/wp-content\\\/uploads\\\/2024\\\/05\\\/logo-musta-tausta.jpg\",\"contentUrl\":\"https:\\\/\\\/ebikespareparts.fi\\\/wp-content\\\/uploads\\\/2024\\\/05\\\/logo-musta-tausta.jpg\",\"width\":1013,\"height\":950,\"caption\":\"Ebikespareparts.fi\"},\"image\":{\"@id\":\"https:\\\/\\\/ebikespareparts.fi\\\/#\\\/schema\\\/logo\\\/image\\\/\"},\"sameAs\":[\"https:\\\/\\\/www.facebook.com\\\/smhj.fi\"]}]}<\/script>\n<!-- \/ Yoast SEO plugin. -->","yoast_head_json":{"title":"PLB20701ST Brose Ce, C, TF &amp; S laakerien huoltosarja - Ebikespareparts.fi","robots":{"index":"index","follow":"follow","max-snippet":"max-snippet:-1","max-image-preview":"max-image-preview:large","max-video-preview":"max-video-preview:-1"},"canonical":"https:\/\/ebikespareparts.fi\/sv\/produkt\/brose-ce-c-tf-s-laakerien-huoltosarja-osa-no-plb20701st\/","og_locale":"sv_SE","og_type":"article","og_title":"PLB20701ST Brose Ce, C, TF &amp; S laakerien huoltosarja - Ebikespareparts.fi","og_description":"Sarja sis\u00e4lt\u00e4\u00e4 kaikki Brose Ce, C, TF &amp; Smoottorin kammen akselin kokoonpanoon ison hihnapy\u00f6r\u00e4n tarvittavat laakerit sek\u00e4 sis\u00e4isen suojatiivisteen, oikeanpuoleisen kammen akselin laakerin tiivisteen, laakerirasvan ja tiivisteet. Huomaa: T\u00e4m\u00e4 sarja sopii alumiinisille (alu v\u00e4ri) 1.2e, 1.2, 1.3 moottoreille. N\u00e4m\u00e4 tunnetaan my\u00f6s nimell\u00e4 Ce, C, TF &amp; S &nbsp;","og_url":"https:\/\/ebikespareparts.fi\/sv\/produkt\/brose-ce-c-tf-s-laakerien-huoltosarja-osa-no-plb20701st\/","og_site_name":"Ebikespareparts.fi","article_publisher":"https:\/\/www.facebook.com\/smhj.fi","article_modified_time":"2026-03-14T00:00:10+00:00","og_image":[{"width":2560,"height":1593,"url":"https:\/\/ebikespareparts.fi\/wp-content\/uploads\/2023\/10\/20231114_111908-scaled.jpg","type":"image\/jpeg"}],"twitter_card":"summary_large_image","twitter_misc":{"Ber\u00e4knad l\u00e4stid":"1 minut"},"schema":{"@context":"https:\/\/schema.org","@graph":[{"@type":"WebPage","@id":"https:\/\/ebikespareparts.fi\/tuote\/brose-ce-c-tf-s-laakerien-huoltosarja-osa-no-plb20701st\/","url":"https:\/\/ebikespareparts.fi\/tuote\/brose-ce-c-tf-s-laakerien-huoltosarja-osa-no-plb20701st\/","name":"PLB20701ST Brose Ce, C, TF &amp; S laakerien huoltosarja - Ebikespareparts.fi","isPartOf":{"@id":"https:\/\/ebikespareparts.fi\/#website"},"primaryImageOfPage":{"@id":"https:\/\/ebikespareparts.fi\/tuote\/brose-ce-c-tf-s-laakerien-huoltosarja-osa-no-plb20701st\/#primaryimage"},"image":{"@id":"https:\/\/ebikespareparts.fi\/tuote\/brose-ce-c-tf-s-laakerien-huoltosarja-osa-no-plb20701st\/#primaryimage"},"thumbnailUrl":"https:\/\/ebikespareparts.fi\/wp-content\/uploads\/2025\/03\/q5Oz9jLLFcC8RXv2fMNaMdRSa200Elp2mgAq4HiW6TPkoIt5Pb.jpg","datePublished":"2023-10-03T12:17:02+00:00","dateModified":"2026-03-14T00:00:10+00:00","breadcrumb":{"@id":"https:\/\/ebikespareparts.fi\/tuote\/brose-ce-c-tf-s-laakerien-huoltosarja-osa-no-plb20701st\/#breadcrumb"},"inLanguage":"sv-SE","potentialAction":[{"@type":"ReadAction","target":["https:\/\/ebikespareparts.fi\/tuote\/brose-ce-c-tf-s-laakerien-huoltosarja-osa-no-plb20701st\/"]}]},{"@type":"ImageObject","inLanguage":"sv-SE","@id":"https:\/\/ebikespareparts.fi\/tuote\/brose-ce-c-tf-s-laakerien-huoltosarja-osa-no-plb20701st\/#primaryimage","url":"https:\/\/ebikespareparts.fi\/wp-content\/uploads\/2025\/03\/q5Oz9jLLFcC8RXv2fMNaMdRSa200Elp2mgAq4HiW6TPkoIt5Pb.jpg","contentUrl":"https:\/\/ebikespareparts.fi\/wp-content\/uploads\/2025\/03\/q5Oz9jLLFcC8RXv2fMNaMdRSa200Elp2mgAq4HiW6TPkoIt5Pb.jpg","width":1000,"height":622,"caption":"q5Oz9jLLFcC8RXv2fMNaMdRSa200Elp2mgAq4HiW6TPkoIt5Pb"},{"@type":"BreadcrumbList","@id":"https:\/\/ebikespareparts.fi\/tuote\/brose-ce-c-tf-s-laakerien-huoltosarja-osa-no-plb20701st\/#breadcrumb","itemListElement":[{"@type":"ListItem","position":1,"name":"Etusivu","item":"https:\/\/ebikespareparts.fi\/"},{"@type":"ListItem","position":2,"name":"Kauppa","item":"https:\/\/ebikespareparts.fi\/kauppa\/"},{"@type":"ListItem","position":3,"name":"PLB20701ST Brose Ce, C, TF &amp; S laakerien huoltosarja"}]},{"@type":"WebSite","@id":"https:\/\/ebikespareparts.fi\/#website","url":"https:\/\/ebikespareparts.fi\/","name":"Ebikespareparts.fi","description":"S\u00e4hk\u00f6py\u00f6r\u00e4n osat - E-bike osat - Huolto","publisher":{"@id":"https:\/\/ebikespareparts.fi\/#organization"},"potentialAction":[{"@type":"SearchAction","target":{"@type":"EntryPoint","urlTemplate":"https:\/\/ebikespareparts.fi\/?s={search_term_string}"},"query-input":{"@type":"PropertyValueSpecification","valueRequired":true,"valueName":"search_term_string"}}],"inLanguage":"sv-SE"},{"@type":"Organization","@id":"https:\/\/ebikespareparts.fi\/#organization","name":"Ebikespareparts.fi","url":"https:\/\/ebikespareparts.fi\/","logo":{"@type":"ImageObject","inLanguage":"sv-SE","@id":"https:\/\/ebikespareparts.fi\/#\/schema\/logo\/image\/","url":"https:\/\/ebikespareparts.fi\/wp-content\/uploads\/2024\/05\/logo-musta-tausta.jpg","contentUrl":"https:\/\/ebikespareparts.fi\/wp-content\/uploads\/2024\/05\/logo-musta-tausta.jpg","width":1013,"height":950,"caption":"Ebikespareparts.fi"},"image":{"@id":"https:\/\/ebikespareparts.fi\/#\/schema\/logo\/image\/"},"sameAs":["https:\/\/www.facebook.com\/smhj.fi"]}]}},"_links":{"self":[{"href":"https:\/\/ebikespareparts.fi\/sv\/wp-json\/wp\/v2\/product\/158","targetHints":{"allow":["GET"]}}],"collection":[{"href":"https:\/\/ebikespareparts.fi\/sv\/wp-json\/wp\/v2\/product"}],"about":[{"href":"https:\/\/ebikespareparts.fi\/sv\/wp-json\/wp\/v2\/types\/product"}],"replies":[{"embeddable":true,"href":"https:\/\/ebikespareparts.fi\/sv\/wp-json\/wp\/v2\/comments?post=158"}],"version-history":[{"count":0,"href":"https:\/\/ebikespareparts.fi\/sv\/wp-json\/wp\/v2\/product\/158\/revisions"}],"wp:featuredmedia":[{"embeddable":true,"href":"https:\/\/ebikespareparts.fi\/sv\/wp-json\/wp\/v2\/media\/47437"}],"wp:attachment":[{"href":"https:\/\/ebikespareparts.fi\/sv\/wp-json\/wp\/v2\/media?parent=158"}],"wp:term":[{"taxonomy":"product_brand","embeddable":true,"href":"https:\/\/ebikespareparts.fi\/sv\/wp-json\/wp\/v2\/product_brand?post=158"},{"taxonomy":"product_cat","embeddable":true,"href":"https:\/\/ebikespareparts.fi\/sv\/wp-json\/wp\/v2\/product_cat?post=158"},{"taxonomy":"product_tag","embeddable":true,"href":"https:\/\/ebikespareparts.fi\/sv\/wp-json\/wp\/v2\/product_tag?post=158"}],"curies":[{"name":"wp","href":"https:\/\/api.w.org\/{rel}","templated":true}]}}