{"id":214,"date":"2023-10-03T15:17:22","date_gmt":"2023-10-03T12:17:22","guid":{"rendered":"https:\/\/ebikespareparts.fi\/?post_type=product&#038;p=214"},"modified":"2026-03-10T15:27:35","modified_gmt":"2026-03-10T13:27:35","slug":"bosch-gen-1-classic-vasemman-kammen-akselin-laakeri-osa-nro-plb10521","status":"publish","type":"product","link":"https:\/\/ebikespareparts.fi\/sv\/produkt\/bosch-gen-1-classic-vasemman-kammen-akselin-laakeri-osa-nro-plb10521\/","title":{"rendered":"Bosch Gen 1 &quot;Classic&quot; v\u00e4nster vevaxellager. Artikelnummer PLB10521"},"content":{"rendered":"<p class=\"tw-data-text tw-text-large tw-ta\" data-placeholder=\"K\u00e4\u00e4nn\u00f6s\" dir=\"ltr\" id=\"tw-target-text\"><span class=\"Y2IQFc\" lang=\"fi\">Detta lager \u00e4r avsett f\u00f6r Bosch originalmodell \u201dClassic\u201d och har en specialtillverkad innerdiameter.<\/span><\/p>\n<p>Bosch Generation 1 \u201dClassic\u201d<\/p>\n<p><img fetchpriority=\"high\" decoding=\"async\" alt=\"bosch classic\" class=\"size-medium\" height=\"200\" src=\"https:\/\/www.ebikemotorcentre.com\/wp-content\/uploads\/2020\/08\/Bosch-Classic-300x200.jpg\" width=\"300\" \/><\/p>","protected":false},"excerpt":{"rendered":"<p>T\u00e4m\u00e4 laakeri on alkuper\u00e4ist\u00e4 Bosch &#8221;Classic&#8221; -mallia varten ja siin\u00e4 on mittatilausty\u00f6n\u00e4 tehty sis\u00e4halkaisija. Bosch Generation 1 &#8221;Classic&#8221;<\/p>","protected":false},"featured_media":47523,"comment_status":"closed","ping_status":"closed","template":"","meta":{"_acf_changed":false},"product_brand":[],"product_cat":[41,19],"product_tag":[],"class_list":{"0":"post-214","1":"product","2":"type-product","3":"status-publish","4":"has-post-thumbnail","6":"product_cat-bosch-gen-1","7":"product_cat-bosch-laakerit","8":"product_shipping_class-new-small","10":"first","11":"outofstock","12":"taxable","13":"shipping-taxable","14":"purchasable","15":"product-type-simple"},"acf":[],"yoast_head":"<!-- This site is optimized with the Yoast SEO plugin v27.4 - https:\/\/yoast.com\/product\/yoast-seo-wordpress\/ -->\n<title>Bosch Gen 1 &quot;Classic&quot; vasemman kammen akselin laakeri. Osa nro PLB10521 - Ebikespareparts.fi<\/title>\n<meta name=\"robots\" content=\"index, follow, max-snippet:-1, max-image-preview:large, max-video-preview:-1\" \/>\n<link rel=\"canonical\" href=\"https:\/\/ebikespareparts.fi\/sv\/produkt\/bosch-gen-1-classic-vasemman-kammen-akselin-laakeri-osa-nro-plb10521\/\" \/>\n<meta property=\"og:locale\" content=\"sv_SE\" \/>\n<meta property=\"og:type\" content=\"article\" \/>\n<meta property=\"og:title\" content=\"Bosch Gen 1 &quot;Classic&quot; vasemman kammen akselin laakeri. Osa nro PLB10521 - Ebikespareparts.fi\" \/>\n<meta property=\"og:description\" content=\"T\u00e4m\u00e4 laakeri on alkuper\u00e4ist\u00e4 Bosch &#8221;Classic&#8221; -mallia varten ja siin\u00e4 on mittatilausty\u00f6n\u00e4 tehty sis\u00e4halkaisija. Bosch Generation 1 &#8221;Classic&#8221;\" \/>\n<meta property=\"og:url\" content=\"https:\/\/ebikespareparts.fi\/sv\/produkt\/bosch-gen-1-classic-vasemman-kammen-akselin-laakeri-osa-nro-plb10521\/\" \/>\n<meta property=\"og:site_name\" content=\"Ebikespareparts.fi\" \/>\n<meta property=\"article:publisher\" content=\"https:\/\/www.facebook.com\/smhj.fi\" \/>\n<meta property=\"article:modified_time\" content=\"2026-03-10T13:27:35+00:00\" \/>\n<meta property=\"og:image\" content=\"https:\/\/ebikespareparts.fi\/wp-content\/uploads\/2025\/03\/ry5XCAjYx1w97ummFC5Rukn8oE325Xdcg5zFcfnkylSiJ3faDH.jpg\" \/>\n\t<meta property=\"og:image:width\" content=\"1000\" \/>\n\t<meta property=\"og:image:height\" content=\"862\" \/>\n\t<meta property=\"og:image:type\" content=\"image\/jpeg\" \/>\n<meta name=\"twitter:card\" content=\"summary_large_image\" \/>\n<meta name=\"twitter:label1\" content=\"Ber\u00e4knad l\u00e4stid\" \/>\n\t<meta name=\"twitter:data1\" content=\"1 minut\" \/>\n<script type=\"application\/ld+json\" class=\"yoast-schema-graph\">{\"@context\":\"https:\\\/\\\/schema.org\",\"@graph\":[{\"@type\":\"WebPage\",\"@id\":\"https:\\\/\\\/ebikespareparts.fi\\\/tuote\\\/bosch-gen-1-classic-vasemman-kammen-akselin-laakeri-osa-nro-plb10521\\\/\",\"url\":\"https:\\\/\\\/ebikespareparts.fi\\\/tuote\\\/bosch-gen-1-classic-vasemman-kammen-akselin-laakeri-osa-nro-plb10521\\\/\",\"name\":\"Bosch Gen 1 \\\"Classic\\\" vasemman kammen akselin laakeri. Osa nro PLB10521 - Ebikespareparts.fi\",\"isPartOf\":{\"@id\":\"https:\\\/\\\/ebikespareparts.fi\\\/#website\"},\"primaryImageOfPage\":{\"@id\":\"https:\\\/\\\/ebikespareparts.fi\\\/tuote\\\/bosch-gen-1-classic-vasemman-kammen-akselin-laakeri-osa-nro-plb10521\\\/#primaryimage\"},\"image\":{\"@id\":\"https:\\\/\\\/ebikespareparts.fi\\\/tuote\\\/bosch-gen-1-classic-vasemman-kammen-akselin-laakeri-osa-nro-plb10521\\\/#primaryimage\"},\"thumbnailUrl\":\"https:\\\/\\\/ebikespareparts.fi\\\/wp-content\\\/uploads\\\/2025\\\/03\\\/ry5XCAjYx1w97ummFC5Rukn8oE325Xdcg5zFcfnkylSiJ3faDH.jpg\",\"datePublished\":\"2023-10-03T12:17:22+00:00\",\"dateModified\":\"2026-03-10T13:27:35+00:00\",\"breadcrumb\":{\"@id\":\"https:\\\/\\\/ebikespareparts.fi\\\/tuote\\\/bosch-gen-1-classic-vasemman-kammen-akselin-laakeri-osa-nro-plb10521\\\/#breadcrumb\"},\"inLanguage\":\"sv-SE\",\"potentialAction\":[{\"@type\":\"ReadAction\",\"target\":[\"https:\\\/\\\/ebikespareparts.fi\\\/tuote\\\/bosch-gen-1-classic-vasemman-kammen-akselin-laakeri-osa-nro-plb10521\\\/\"]}]},{\"@type\":\"ImageObject\",\"inLanguage\":\"sv-SE\",\"@id\":\"https:\\\/\\\/ebikespareparts.fi\\\/tuote\\\/bosch-gen-1-classic-vasemman-kammen-akselin-laakeri-osa-nro-plb10521\\\/#primaryimage\",\"url\":\"https:\\\/\\\/ebikespareparts.fi\\\/wp-content\\\/uploads\\\/2025\\\/03\\\/ry5XCAjYx1w97ummFC5Rukn8oE325Xdcg5zFcfnkylSiJ3faDH.jpg\",\"contentUrl\":\"https:\\\/\\\/ebikespareparts.fi\\\/wp-content\\\/uploads\\\/2025\\\/03\\\/ry5XCAjYx1w97ummFC5Rukn8oE325Xdcg5zFcfnkylSiJ3faDH.jpg\",\"width\":1000,\"height\":862,\"caption\":\"ry5XCAjYx1w97ummFC5Rukn8oE325Xdcg5zFcfnkylSiJ3faDH\"},{\"@type\":\"BreadcrumbList\",\"@id\":\"https:\\\/\\\/ebikespareparts.fi\\\/tuote\\\/bosch-gen-1-classic-vasemman-kammen-akselin-laakeri-osa-nro-plb10521\\\/#breadcrumb\",\"itemListElement\":[{\"@type\":\"ListItem\",\"position\":1,\"name\":\"Etusivu\",\"item\":\"https:\\\/\\\/ebikespareparts.fi\\\/\"},{\"@type\":\"ListItem\",\"position\":2,\"name\":\"Kauppa\",\"item\":\"https:\\\/\\\/ebikespareparts.fi\\\/kauppa\\\/\"},{\"@type\":\"ListItem\",\"position\":3,\"name\":\"Bosch Gen 1 &#8221;Classic&#8221; vasemman kammen akselin laakeri. Osa nro PLB10521\"}]},{\"@type\":\"WebSite\",\"@id\":\"https:\\\/\\\/ebikespareparts.fi\\\/#website\",\"url\":\"https:\\\/\\\/ebikespareparts.fi\\\/\",\"name\":\"Ebikespareparts.fi\",\"description\":\"S\u00e4hk\u00f6py\u00f6r\u00e4n osat - E-bike osat - Huolto\",\"publisher\":{\"@id\":\"https:\\\/\\\/ebikespareparts.fi\\\/#organization\"},\"potentialAction\":[{\"@type\":\"SearchAction\",\"target\":{\"@type\":\"EntryPoint\",\"urlTemplate\":\"https:\\\/\\\/ebikespareparts.fi\\\/?s={search_term_string}\"},\"query-input\":{\"@type\":\"PropertyValueSpecification\",\"valueRequired\":true,\"valueName\":\"search_term_string\"}}],\"inLanguage\":\"sv-SE\"},{\"@type\":\"Organization\",\"@id\":\"https:\\\/\\\/ebikespareparts.fi\\\/#organization\",\"name\":\"Ebikespareparts.fi\",\"url\":\"https:\\\/\\\/ebikespareparts.fi\\\/\",\"logo\":{\"@type\":\"ImageObject\",\"inLanguage\":\"sv-SE\",\"@id\":\"https:\\\/\\\/ebikespareparts.fi\\\/#\\\/schema\\\/logo\\\/image\\\/\",\"url\":\"https:\\\/\\\/ebikespareparts.fi\\\/wp-content\\\/uploads\\\/2024\\\/05\\\/logo-musta-tausta.jpg\",\"contentUrl\":\"https:\\\/\\\/ebikespareparts.fi\\\/wp-content\\\/uploads\\\/2024\\\/05\\\/logo-musta-tausta.jpg\",\"width\":1013,\"height\":950,\"caption\":\"Ebikespareparts.fi\"},\"image\":{\"@id\":\"https:\\\/\\\/ebikespareparts.fi\\\/#\\\/schema\\\/logo\\\/image\\\/\"},\"sameAs\":[\"https:\\\/\\\/www.facebook.com\\\/smhj.fi\"]}]}<\/script>\n<!-- \/ Yoast SEO plugin. -->","yoast_head_json":{"title":"Bosch Gen 1 \"Classic\" vasemman kammen akselin laakeri. Osa nro PLB10521 - Ebikespareparts.fi","robots":{"index":"index","follow":"follow","max-snippet":"max-snippet:-1","max-image-preview":"max-image-preview:large","max-video-preview":"max-video-preview:-1"},"canonical":"https:\/\/ebikespareparts.fi\/sv\/produkt\/bosch-gen-1-classic-vasemman-kammen-akselin-laakeri-osa-nro-plb10521\/","og_locale":"sv_SE","og_type":"article","og_title":"Bosch Gen 1 \"Classic\" vasemman kammen akselin laakeri. Osa nro PLB10521 - Ebikespareparts.fi","og_description":"T\u00e4m\u00e4 laakeri on alkuper\u00e4ist\u00e4 Bosch &#8221;Classic&#8221; -mallia varten ja siin\u00e4 on mittatilausty\u00f6n\u00e4 tehty sis\u00e4halkaisija. Bosch Generation 1 &#8221;Classic&#8221;","og_url":"https:\/\/ebikespareparts.fi\/sv\/produkt\/bosch-gen-1-classic-vasemman-kammen-akselin-laakeri-osa-nro-plb10521\/","og_site_name":"Ebikespareparts.fi","article_publisher":"https:\/\/www.facebook.com\/smhj.fi","article_modified_time":"2026-03-10T13:27:35+00:00","og_image":[{"width":1000,"height":862,"url":"https:\/\/ebikespareparts.fi\/wp-content\/uploads\/2025\/03\/ry5XCAjYx1w97ummFC5Rukn8oE325Xdcg5zFcfnkylSiJ3faDH.jpg","type":"image\/jpeg"}],"twitter_card":"summary_large_image","twitter_misc":{"Ber\u00e4knad l\u00e4stid":"1 minut"},"schema":{"@context":"https:\/\/schema.org","@graph":[{"@type":"WebPage","@id":"https:\/\/ebikespareparts.fi\/tuote\/bosch-gen-1-classic-vasemman-kammen-akselin-laakeri-osa-nro-plb10521\/","url":"https:\/\/ebikespareparts.fi\/tuote\/bosch-gen-1-classic-vasemman-kammen-akselin-laakeri-osa-nro-plb10521\/","name":"Bosch Gen 1 \"Classic\" vasemman kammen akselin laakeri. Osa nro PLB10521 - Ebikespareparts.fi","isPartOf":{"@id":"https:\/\/ebikespareparts.fi\/#website"},"primaryImageOfPage":{"@id":"https:\/\/ebikespareparts.fi\/tuote\/bosch-gen-1-classic-vasemman-kammen-akselin-laakeri-osa-nro-plb10521\/#primaryimage"},"image":{"@id":"https:\/\/ebikespareparts.fi\/tuote\/bosch-gen-1-classic-vasemman-kammen-akselin-laakeri-osa-nro-plb10521\/#primaryimage"},"thumbnailUrl":"https:\/\/ebikespareparts.fi\/wp-content\/uploads\/2025\/03\/ry5XCAjYx1w97ummFC5Rukn8oE325Xdcg5zFcfnkylSiJ3faDH.jpg","datePublished":"2023-10-03T12:17:22+00:00","dateModified":"2026-03-10T13:27:35+00:00","breadcrumb":{"@id":"https:\/\/ebikespareparts.fi\/tuote\/bosch-gen-1-classic-vasemman-kammen-akselin-laakeri-osa-nro-plb10521\/#breadcrumb"},"inLanguage":"sv-SE","potentialAction":[{"@type":"ReadAction","target":["https:\/\/ebikespareparts.fi\/tuote\/bosch-gen-1-classic-vasemman-kammen-akselin-laakeri-osa-nro-plb10521\/"]}]},{"@type":"ImageObject","inLanguage":"sv-SE","@id":"https:\/\/ebikespareparts.fi\/tuote\/bosch-gen-1-classic-vasemman-kammen-akselin-laakeri-osa-nro-plb10521\/#primaryimage","url":"https:\/\/ebikespareparts.fi\/wp-content\/uploads\/2025\/03\/ry5XCAjYx1w97ummFC5Rukn8oE325Xdcg5zFcfnkylSiJ3faDH.jpg","contentUrl":"https:\/\/ebikespareparts.fi\/wp-content\/uploads\/2025\/03\/ry5XCAjYx1w97ummFC5Rukn8oE325Xdcg5zFcfnkylSiJ3faDH.jpg","width":1000,"height":862,"caption":"ry5XCAjYx1w97ummFC5Rukn8oE325Xdcg5zFcfnkylSiJ3faDH"},{"@type":"BreadcrumbList","@id":"https:\/\/ebikespareparts.fi\/tuote\/bosch-gen-1-classic-vasemman-kammen-akselin-laakeri-osa-nro-plb10521\/#breadcrumb","itemListElement":[{"@type":"ListItem","position":1,"name":"Etusivu","item":"https:\/\/ebikespareparts.fi\/"},{"@type":"ListItem","position":2,"name":"Kauppa","item":"https:\/\/ebikespareparts.fi\/kauppa\/"},{"@type":"ListItem","position":3,"name":"Bosch Gen 1 &#8221;Classic&#8221; vasemman kammen akselin laakeri. Osa nro PLB10521"}]},{"@type":"WebSite","@id":"https:\/\/ebikespareparts.fi\/#website","url":"https:\/\/ebikespareparts.fi\/","name":"Ebikespareparts.fi","description":"S\u00e4hk\u00f6py\u00f6r\u00e4n osat - E-bike osat - Huolto","publisher":{"@id":"https:\/\/ebikespareparts.fi\/#organization"},"potentialAction":[{"@type":"SearchAction","target":{"@type":"EntryPoint","urlTemplate":"https:\/\/ebikespareparts.fi\/?s={search_term_string}"},"query-input":{"@type":"PropertyValueSpecification","valueRequired":true,"valueName":"search_term_string"}}],"inLanguage":"sv-SE"},{"@type":"Organization","@id":"https:\/\/ebikespareparts.fi\/#organization","name":"Ebikespareparts.fi","url":"https:\/\/ebikespareparts.fi\/","logo":{"@type":"ImageObject","inLanguage":"sv-SE","@id":"https:\/\/ebikespareparts.fi\/#\/schema\/logo\/image\/","url":"https:\/\/ebikespareparts.fi\/wp-content\/uploads\/2024\/05\/logo-musta-tausta.jpg","contentUrl":"https:\/\/ebikespareparts.fi\/wp-content\/uploads\/2024\/05\/logo-musta-tausta.jpg","width":1013,"height":950,"caption":"Ebikespareparts.fi"},"image":{"@id":"https:\/\/ebikespareparts.fi\/#\/schema\/logo\/image\/"},"sameAs":["https:\/\/www.facebook.com\/smhj.fi"]}]}},"_links":{"self":[{"href":"https:\/\/ebikespareparts.fi\/sv\/wp-json\/wp\/v2\/product\/214","targetHints":{"allow":["GET"]}}],"collection":[{"href":"https:\/\/ebikespareparts.fi\/sv\/wp-json\/wp\/v2\/product"}],"about":[{"href":"https:\/\/ebikespareparts.fi\/sv\/wp-json\/wp\/v2\/types\/product"}],"replies":[{"embeddable":true,"href":"https:\/\/ebikespareparts.fi\/sv\/wp-json\/wp\/v2\/comments?post=214"}],"version-history":[{"count":1,"href":"https:\/\/ebikespareparts.fi\/sv\/wp-json\/wp\/v2\/product\/214\/revisions"}],"predecessor-version":[{"id":49198,"href":"https:\/\/ebikespareparts.fi\/sv\/wp-json\/wp\/v2\/product\/214\/revisions\/49198"}],"wp:featuredmedia":[{"embeddable":true,"href":"https:\/\/ebikespareparts.fi\/sv\/wp-json\/wp\/v2\/media\/47523"}],"wp:attachment":[{"href":"https:\/\/ebikespareparts.fi\/sv\/wp-json\/wp\/v2\/media?parent=214"}],"wp:term":[{"taxonomy":"product_brand","embeddable":true,"href":"https:\/\/ebikespareparts.fi\/sv\/wp-json\/wp\/v2\/product_brand?post=214"},{"taxonomy":"product_cat","embeddable":true,"href":"https:\/\/ebikespareparts.fi\/sv\/wp-json\/wp\/v2\/product_cat?post=214"},{"taxonomy":"product_tag","embeddable":true,"href":"https:\/\/ebikespareparts.fi\/sv\/wp-json\/wp\/v2\/product_tag?post=214"}],"curies":[{"name":"wp","href":"https:\/\/api.w.org\/{rel}","templated":true}]}}