{"id":221,"date":"2023-10-03T15:17:23","date_gmt":"2023-10-03T12:17:23","guid":{"rendered":"https:\/\/ebikespareparts.fi\/?post_type=product&#038;p=221"},"modified":"2026-03-10T15:27:28","modified_gmt":"2026-03-10T13:27:28","slug":"bosch-gen-3-vapaa-rattaan-kytkimen-laakeri-kuva-3-osa-no-plb30522","status":"publish","type":"product","link":"https:\/\/ebikespareparts.fi\/sv\/produkt\/bosch-gen-3-vapaa-rattaan-kytkimen-laakeri-kuva-3-osa-no-plb30522\/","title":{"rendered":"PLB30522 Bosch Gen 3 frihjulskopplingslager bild 3"},"content":{"rendered":"<p>&nbsp;<\/p>\n<p>Bosch Active Line, Active Line Plus och Performance Line Gen 3 BDU3xx frihjulskopplingslager, l\u00e4mpligt f\u00f6r stora drivv\u00e4xlar.<\/p>\n<p>Bosch Generation 3 motor BDU3xx (OBS: stora fram drev<\/p>\n<p><img decoding=\"async\" alt=\"\" class=\"alignnone wp-image-6741\" height=\"156\" src=\"https:\/\/www.performancelinebearings.com\/wp-content\/uploads\/2020\/08\/Bosch-Gen-3-right-300x247.jpg\" width=\"189\" \/><\/p>","protected":false},"excerpt":{"rendered":"<p>&nbsp; Bosch Active Line, Active Line Plus and Performance Line Gen 3 BDU3xx vapaarataskytkimen laakeri, sopii suureen vetovaihteeseen. Bosch Generation 3 motor BDU3xx (NOTE: iso ketjuratas)<\/p>","protected":false},"featured_media":47516,"comment_status":"closed","ping_status":"closed","template":"","meta":{"_acf_changed":false},"product_brand":[],"product_cat":[52,19],"product_tag":[],"class_list":{"0":"post-221","1":"product","2":"type-product","3":"status-publish","4":"has-post-thumbnail","6":"product_cat-bosch-gen-3","7":"product_cat-bosch-laakerit","8":"product_shipping_class-small","10":"first","11":"instock","12":"taxable","13":"shipping-taxable","14":"purchasable","15":"product-type-simple"},"acf":[],"yoast_head":"<!-- This site is optimized with the Yoast SEO plugin v27.4 - https:\/\/yoast.com\/product\/yoast-seo-wordpress\/ -->\n<title>PLB30522 Bosch Gen 3 vapaa rattaan kytkimen laakeri kuva 3 - Ebikespareparts.fi<\/title>\n<meta name=\"robots\" content=\"index, follow, max-snippet:-1, max-image-preview:large, max-video-preview:-1\" \/>\n<link rel=\"canonical\" href=\"https:\/\/ebikespareparts.fi\/sv\/produkt\/bosch-gen-3-vapaa-rattaan-kytkimen-laakeri-kuva-3-osa-no-plb30522\/\" \/>\n<meta property=\"og:locale\" content=\"sv_SE\" \/>\n<meta property=\"og:type\" content=\"article\" \/>\n<meta property=\"og:title\" content=\"PLB30522 Bosch Gen 3 vapaa rattaan kytkimen laakeri kuva 3 - Ebikespareparts.fi\" \/>\n<meta property=\"og:description\" content=\"&nbsp; Bosch Active Line, Active Line Plus and Performance Line Gen 3 BDU3xx vapaarataskytkimen laakeri, sopii suureen vetovaihteeseen. Bosch Generation 3 motor BDU3xx (NOTE: iso ketjuratas)\" \/>\n<meta property=\"og:url\" content=\"https:\/\/ebikespareparts.fi\/sv\/produkt\/bosch-gen-3-vapaa-rattaan-kytkimen-laakeri-kuva-3-osa-no-plb30522\/\" \/>\n<meta property=\"og:site_name\" content=\"Ebikespareparts.fi\" \/>\n<meta property=\"article:publisher\" content=\"https:\/\/www.facebook.com\/smhj.fi\" \/>\n<meta property=\"article:modified_time\" content=\"2026-03-10T13:27:28+00:00\" \/>\n<meta property=\"og:image\" content=\"https:\/\/ebikespareparts.fi\/wp-content\/uploads\/2025\/03\/z1ApJZiM5XeH9a4lStWHXjh2SwO7xLwfTsLnsRufhhg8O4NEcL.jpg\" \/>\n\t<meta property=\"og:image:width\" content=\"1000\" \/>\n\t<meta property=\"og:image:height\" content=\"666\" \/>\n\t<meta property=\"og:image:type\" content=\"image\/jpeg\" \/>\n<meta name=\"twitter:card\" content=\"summary_large_image\" \/>\n<meta name=\"twitter:label1\" content=\"Ber\u00e4knad l\u00e4stid\" \/>\n\t<meta name=\"twitter:data1\" content=\"1 minut\" \/>\n<script type=\"application\/ld+json\" class=\"yoast-schema-graph\">{\"@context\":\"https:\\\/\\\/schema.org\",\"@graph\":[{\"@type\":\"WebPage\",\"@id\":\"https:\\\/\\\/ebikespareparts.fi\\\/tuote\\\/bosch-gen-3-vapaa-rattaan-kytkimen-laakeri-kuva-3-osa-no-plb30522\\\/\",\"url\":\"https:\\\/\\\/ebikespareparts.fi\\\/tuote\\\/bosch-gen-3-vapaa-rattaan-kytkimen-laakeri-kuva-3-osa-no-plb30522\\\/\",\"name\":\"PLB30522 Bosch Gen 3 vapaa rattaan kytkimen laakeri kuva 3 - Ebikespareparts.fi\",\"isPartOf\":{\"@id\":\"https:\\\/\\\/ebikespareparts.fi\\\/#website\"},\"primaryImageOfPage\":{\"@id\":\"https:\\\/\\\/ebikespareparts.fi\\\/tuote\\\/bosch-gen-3-vapaa-rattaan-kytkimen-laakeri-kuva-3-osa-no-plb30522\\\/#primaryimage\"},\"image\":{\"@id\":\"https:\\\/\\\/ebikespareparts.fi\\\/tuote\\\/bosch-gen-3-vapaa-rattaan-kytkimen-laakeri-kuva-3-osa-no-plb30522\\\/#primaryimage\"},\"thumbnailUrl\":\"https:\\\/\\\/ebikespareparts.fi\\\/wp-content\\\/uploads\\\/2025\\\/03\\\/z1ApJZiM5XeH9a4lStWHXjh2SwO7xLwfTsLnsRufhhg8O4NEcL.jpg\",\"datePublished\":\"2023-10-03T12:17:23+00:00\",\"dateModified\":\"2026-03-10T13:27:28+00:00\",\"breadcrumb\":{\"@id\":\"https:\\\/\\\/ebikespareparts.fi\\\/tuote\\\/bosch-gen-3-vapaa-rattaan-kytkimen-laakeri-kuva-3-osa-no-plb30522\\\/#breadcrumb\"},\"inLanguage\":\"sv-SE\",\"potentialAction\":[{\"@type\":\"ReadAction\",\"target\":[\"https:\\\/\\\/ebikespareparts.fi\\\/tuote\\\/bosch-gen-3-vapaa-rattaan-kytkimen-laakeri-kuva-3-osa-no-plb30522\\\/\"]}]},{\"@type\":\"ImageObject\",\"inLanguage\":\"sv-SE\",\"@id\":\"https:\\\/\\\/ebikespareparts.fi\\\/tuote\\\/bosch-gen-3-vapaa-rattaan-kytkimen-laakeri-kuva-3-osa-no-plb30522\\\/#primaryimage\",\"url\":\"https:\\\/\\\/ebikespareparts.fi\\\/wp-content\\\/uploads\\\/2025\\\/03\\\/z1ApJZiM5XeH9a4lStWHXjh2SwO7xLwfTsLnsRufhhg8O4NEcL.jpg\",\"contentUrl\":\"https:\\\/\\\/ebikespareparts.fi\\\/wp-content\\\/uploads\\\/2025\\\/03\\\/z1ApJZiM5XeH9a4lStWHXjh2SwO7xLwfTsLnsRufhhg8O4NEcL.jpg\",\"width\":1000,\"height\":666,\"caption\":\"z1ApJZiM5XeH9a4lStWHXjh2SwO7xLwfTsLnsRufhhg8O4NEcL\"},{\"@type\":\"BreadcrumbList\",\"@id\":\"https:\\\/\\\/ebikespareparts.fi\\\/tuote\\\/bosch-gen-3-vapaa-rattaan-kytkimen-laakeri-kuva-3-osa-no-plb30522\\\/#breadcrumb\",\"itemListElement\":[{\"@type\":\"ListItem\",\"position\":1,\"name\":\"Etusivu\",\"item\":\"https:\\\/\\\/ebikespareparts.fi\\\/\"},{\"@type\":\"ListItem\",\"position\":2,\"name\":\"Kauppa\",\"item\":\"https:\\\/\\\/ebikespareparts.fi\\\/kauppa\\\/\"},{\"@type\":\"ListItem\",\"position\":3,\"name\":\"PLB30522 Bosch Gen 3 vapaa rattaan kytkimen laakeri kuva 3\"}]},{\"@type\":\"WebSite\",\"@id\":\"https:\\\/\\\/ebikespareparts.fi\\\/#website\",\"url\":\"https:\\\/\\\/ebikespareparts.fi\\\/\",\"name\":\"Ebikespareparts.fi\",\"description\":\"S\u00e4hk\u00f6py\u00f6r\u00e4n osat - E-bike osat - Huolto\",\"publisher\":{\"@id\":\"https:\\\/\\\/ebikespareparts.fi\\\/#organization\"},\"potentialAction\":[{\"@type\":\"SearchAction\",\"target\":{\"@type\":\"EntryPoint\",\"urlTemplate\":\"https:\\\/\\\/ebikespareparts.fi\\\/?s={search_term_string}\"},\"query-input\":{\"@type\":\"PropertyValueSpecification\",\"valueRequired\":true,\"valueName\":\"search_term_string\"}}],\"inLanguage\":\"sv-SE\"},{\"@type\":\"Organization\",\"@id\":\"https:\\\/\\\/ebikespareparts.fi\\\/#organization\",\"name\":\"Ebikespareparts.fi\",\"url\":\"https:\\\/\\\/ebikespareparts.fi\\\/\",\"logo\":{\"@type\":\"ImageObject\",\"inLanguage\":\"sv-SE\",\"@id\":\"https:\\\/\\\/ebikespareparts.fi\\\/#\\\/schema\\\/logo\\\/image\\\/\",\"url\":\"https:\\\/\\\/ebikespareparts.fi\\\/wp-content\\\/uploads\\\/2024\\\/05\\\/logo-musta-tausta.jpg\",\"contentUrl\":\"https:\\\/\\\/ebikespareparts.fi\\\/wp-content\\\/uploads\\\/2024\\\/05\\\/logo-musta-tausta.jpg\",\"width\":1013,\"height\":950,\"caption\":\"Ebikespareparts.fi\"},\"image\":{\"@id\":\"https:\\\/\\\/ebikespareparts.fi\\\/#\\\/schema\\\/logo\\\/image\\\/\"},\"sameAs\":[\"https:\\\/\\\/www.facebook.com\\\/smhj.fi\"]}]}<\/script>\n<!-- \/ Yoast SEO plugin. -->","yoast_head_json":{"title":"PLB30522 Bosch Gen 3 vapaa rattaan kytkimen laakeri kuva 3 - Ebikespareparts.fi","robots":{"index":"index","follow":"follow","max-snippet":"max-snippet:-1","max-image-preview":"max-image-preview:large","max-video-preview":"max-video-preview:-1"},"canonical":"https:\/\/ebikespareparts.fi\/sv\/produkt\/bosch-gen-3-vapaa-rattaan-kytkimen-laakeri-kuva-3-osa-no-plb30522\/","og_locale":"sv_SE","og_type":"article","og_title":"PLB30522 Bosch Gen 3 vapaa rattaan kytkimen laakeri kuva 3 - Ebikespareparts.fi","og_description":"&nbsp; Bosch Active Line, Active Line Plus and Performance Line Gen 3 BDU3xx vapaarataskytkimen laakeri, sopii suureen vetovaihteeseen. Bosch Generation 3 motor BDU3xx (NOTE: iso ketjuratas)","og_url":"https:\/\/ebikespareparts.fi\/sv\/produkt\/bosch-gen-3-vapaa-rattaan-kytkimen-laakeri-kuva-3-osa-no-plb30522\/","og_site_name":"Ebikespareparts.fi","article_publisher":"https:\/\/www.facebook.com\/smhj.fi","article_modified_time":"2026-03-10T13:27:28+00:00","og_image":[{"width":1000,"height":666,"url":"https:\/\/ebikespareparts.fi\/wp-content\/uploads\/2025\/03\/z1ApJZiM5XeH9a4lStWHXjh2SwO7xLwfTsLnsRufhhg8O4NEcL.jpg","type":"image\/jpeg"}],"twitter_card":"summary_large_image","twitter_misc":{"Ber\u00e4knad l\u00e4stid":"1 minut"},"schema":{"@context":"https:\/\/schema.org","@graph":[{"@type":"WebPage","@id":"https:\/\/ebikespareparts.fi\/tuote\/bosch-gen-3-vapaa-rattaan-kytkimen-laakeri-kuva-3-osa-no-plb30522\/","url":"https:\/\/ebikespareparts.fi\/tuote\/bosch-gen-3-vapaa-rattaan-kytkimen-laakeri-kuva-3-osa-no-plb30522\/","name":"PLB30522 Bosch Gen 3 vapaa rattaan kytkimen laakeri kuva 3 - Ebikespareparts.fi","isPartOf":{"@id":"https:\/\/ebikespareparts.fi\/#website"},"primaryImageOfPage":{"@id":"https:\/\/ebikespareparts.fi\/tuote\/bosch-gen-3-vapaa-rattaan-kytkimen-laakeri-kuva-3-osa-no-plb30522\/#primaryimage"},"image":{"@id":"https:\/\/ebikespareparts.fi\/tuote\/bosch-gen-3-vapaa-rattaan-kytkimen-laakeri-kuva-3-osa-no-plb30522\/#primaryimage"},"thumbnailUrl":"https:\/\/ebikespareparts.fi\/wp-content\/uploads\/2025\/03\/z1ApJZiM5XeH9a4lStWHXjh2SwO7xLwfTsLnsRufhhg8O4NEcL.jpg","datePublished":"2023-10-03T12:17:23+00:00","dateModified":"2026-03-10T13:27:28+00:00","breadcrumb":{"@id":"https:\/\/ebikespareparts.fi\/tuote\/bosch-gen-3-vapaa-rattaan-kytkimen-laakeri-kuva-3-osa-no-plb30522\/#breadcrumb"},"inLanguage":"sv-SE","potentialAction":[{"@type":"ReadAction","target":["https:\/\/ebikespareparts.fi\/tuote\/bosch-gen-3-vapaa-rattaan-kytkimen-laakeri-kuva-3-osa-no-plb30522\/"]}]},{"@type":"ImageObject","inLanguage":"sv-SE","@id":"https:\/\/ebikespareparts.fi\/tuote\/bosch-gen-3-vapaa-rattaan-kytkimen-laakeri-kuva-3-osa-no-plb30522\/#primaryimage","url":"https:\/\/ebikespareparts.fi\/wp-content\/uploads\/2025\/03\/z1ApJZiM5XeH9a4lStWHXjh2SwO7xLwfTsLnsRufhhg8O4NEcL.jpg","contentUrl":"https:\/\/ebikespareparts.fi\/wp-content\/uploads\/2025\/03\/z1ApJZiM5XeH9a4lStWHXjh2SwO7xLwfTsLnsRufhhg8O4NEcL.jpg","width":1000,"height":666,"caption":"z1ApJZiM5XeH9a4lStWHXjh2SwO7xLwfTsLnsRufhhg8O4NEcL"},{"@type":"BreadcrumbList","@id":"https:\/\/ebikespareparts.fi\/tuote\/bosch-gen-3-vapaa-rattaan-kytkimen-laakeri-kuva-3-osa-no-plb30522\/#breadcrumb","itemListElement":[{"@type":"ListItem","position":1,"name":"Etusivu","item":"https:\/\/ebikespareparts.fi\/"},{"@type":"ListItem","position":2,"name":"Kauppa","item":"https:\/\/ebikespareparts.fi\/kauppa\/"},{"@type":"ListItem","position":3,"name":"PLB30522 Bosch Gen 3 vapaa rattaan kytkimen laakeri kuva 3"}]},{"@type":"WebSite","@id":"https:\/\/ebikespareparts.fi\/#website","url":"https:\/\/ebikespareparts.fi\/","name":"Ebikespareparts.fi","description":"S\u00e4hk\u00f6py\u00f6r\u00e4n osat - E-bike osat - Huolto","publisher":{"@id":"https:\/\/ebikespareparts.fi\/#organization"},"potentialAction":[{"@type":"SearchAction","target":{"@type":"EntryPoint","urlTemplate":"https:\/\/ebikespareparts.fi\/?s={search_term_string}"},"query-input":{"@type":"PropertyValueSpecification","valueRequired":true,"valueName":"search_term_string"}}],"inLanguage":"sv-SE"},{"@type":"Organization","@id":"https:\/\/ebikespareparts.fi\/#organization","name":"Ebikespareparts.fi","url":"https:\/\/ebikespareparts.fi\/","logo":{"@type":"ImageObject","inLanguage":"sv-SE","@id":"https:\/\/ebikespareparts.fi\/#\/schema\/logo\/image\/","url":"https:\/\/ebikespareparts.fi\/wp-content\/uploads\/2024\/05\/logo-musta-tausta.jpg","contentUrl":"https:\/\/ebikespareparts.fi\/wp-content\/uploads\/2024\/05\/logo-musta-tausta.jpg","width":1013,"height":950,"caption":"Ebikespareparts.fi"},"image":{"@id":"https:\/\/ebikespareparts.fi\/#\/schema\/logo\/image\/"},"sameAs":["https:\/\/www.facebook.com\/smhj.fi"]}]}},"_links":{"self":[{"href":"https:\/\/ebikespareparts.fi\/sv\/wp-json\/wp\/v2\/product\/221","targetHints":{"allow":["GET"]}}],"collection":[{"href":"https:\/\/ebikespareparts.fi\/sv\/wp-json\/wp\/v2\/product"}],"about":[{"href":"https:\/\/ebikespareparts.fi\/sv\/wp-json\/wp\/v2\/types\/product"}],"replies":[{"embeddable":true,"href":"https:\/\/ebikespareparts.fi\/sv\/wp-json\/wp\/v2\/comments?post=221"}],"version-history":[{"count":1,"href":"https:\/\/ebikespareparts.fi\/sv\/wp-json\/wp\/v2\/product\/221\/revisions"}],"predecessor-version":[{"id":49178,"href":"https:\/\/ebikespareparts.fi\/sv\/wp-json\/wp\/v2\/product\/221\/revisions\/49178"}],"wp:featuredmedia":[{"embeddable":true,"href":"https:\/\/ebikespareparts.fi\/sv\/wp-json\/wp\/v2\/media\/47516"}],"wp:attachment":[{"href":"https:\/\/ebikespareparts.fi\/sv\/wp-json\/wp\/v2\/media?parent=221"}],"wp:term":[{"taxonomy":"product_brand","embeddable":true,"href":"https:\/\/ebikespareparts.fi\/sv\/wp-json\/wp\/v2\/product_brand?post=221"},{"taxonomy":"product_cat","embeddable":true,"href":"https:\/\/ebikespareparts.fi\/sv\/wp-json\/wp\/v2\/product_cat?post=221"},{"taxonomy":"product_tag","embeddable":true,"href":"https:\/\/ebikespareparts.fi\/sv\/wp-json\/wp\/v2\/product_tag?post=221"}],"curies":[{"name":"wp","href":"https:\/\/api.w.org\/{rel}","templated":true}]}}