{"id":278,"date":"2023-10-03T15:17:42","date_gmt":"2023-10-03T12:17:42","guid":{"rendered":"https:\/\/ebikespareparts.fi\/?post_type=product&#038;p=278"},"modified":"2026-03-10T15:27:48","modified_gmt":"2026-03-10T13:27:48","slug":"yamaha-piirilevy","status":"publish","type":"product","link":"https:\/\/ebikespareparts.fi\/sv\/produkt\/yamaha-piirilevy\/","title":{"rendered":"Yamaha kretskort"},"content":{"rendered":"<p><\/p> <p>Yamaha <span class=\"Y2IQFc\" lang=\"fi\">tryckt kretskort<\/span><\/p> <p><\/p> <p><\/p> <div class=\"wp-block-columns is-layout-flex wp-container-core-columns-is-layout-28f84493 wp-block-columns-is-layout-flex\"> <p><\/p> <div class=\"wp-block-column is-layout-flow wp-block-column-is-layout-flow\" style=\"flex-basis: 66.66%\"> <p><\/p> <p id=\"tw-target-text\" class=\"tw-data-text tw-text-large tw-ta\" dir=\"ltr\" data-placeholder=\"K\u00e4\u00e4nn\u00f6s\"><span class=\"Y2IQFc\" lang=\"fi\">Detta \u00e4r \u00e4kta Yamaha-delar. Detta \u00e4r ett tryckt kretskort (PCB), <br \/>som \u00e4r placerad inuti motorn f\u00f6r att styra sj\u00e4lva motorn.<\/span><\/p> <p id=\"tw-target-text\" class=\"tw-data-text tw-text-large tw-ta\" dir=\"ltr\" data-placeholder=\"K\u00e4\u00e4nn\u00f6s\"><span class=\"Y2IQFc\" lang=\"fi\">Kretskortet kan vara skadat p\u00e5 grund av vatten eller batteriproblem<\/span><\/p> <p><\/p> <p><\/p> <p>OBS: F\u00f6r att du ska f\u00e5 r\u00e4tt reservdel, kontakta oss med hj\u00e4lp av bokst\u00e4verna och siffrorna p\u00e5 silverdekalen p\u00e5 undersidan av din motor (se bilden nedan).<span class=\"Y2IQFc\" lang=\"fi\">Dessa delar fungerar inte med Giant SyncDrive-motorer.<\/span><\/p> <p><\/div> <p><\/div> <p><\/p> <p><\/p> <div class=\"wp-block-columns is-layout-flex wp-container-core-columns-is-layout-28f84493 wp-block-columns-is-layout-flex\"><\/p> <div class=\"wp-block-column is-layout-flow wp-block-column-is-layout-flow\" style=\"flex-basis: 100%\"><\/p> <div class=\"wp-block-columns is-layout-flex wp-container-core-columns-is-layout-28f84493 wp-block-columns-is-layout-flex\"><\/p> <div class=\"wp-block-column is-layout-flow wp-block-column-is-layout-flow\"><\/div> <p><\/p> <p><\/p> <div class=\"wp-block-column is-layout-flow wp-block-column-is-layout-flow\"><\/div> <p><\/div> <p><\/div> <p><\/div> <p><\/p> <p><\/p> <div class=\"wp-block-columns are-vertically-aligned-top is-layout-flex wp-container-core-columns-is-layout-28f84493 wp-block-columns-is-layout-flex\"><\/p> <div class=\"wp-block-column is-vertically-aligned-top is-layout-flow wp-block-column-is-layout-flow\"> <\/div> <p><\/div> <p><\/p>","protected":false},"excerpt":{"rendered":"<p>Yamaha painettu piirilevy N\u00e4m\u00e4 ovat aitoja Yamaha-osia. T\u00e4m\u00e4 on piirilevy (PCB), joka sijaitsee moottorin sis\u00e4ll\u00e4 ohjaamassa itse moottoria. Piirilevy voi vaurioitua vesi- tai akkuongelmien vuoksi HUOMAA: Toimittaaksesi sinulle oikean osan, ota meihin yhteytt\u00e4 k\u00e4ytt\u00e4m\u00e4ll\u00e4 moottorisi pohjassa olevan hopeisen tarran kirjaimia ja numeroita. (Katso kuva alla).N\u00e4m\u00e4 osat eiv\u00e4t toimi Giant SyncDrive -moottoreiden kanssa.<\/p>","protected":false},"featured_media":47465,"comment_status":"closed","ping_status":"closed","template":"","meta":{"_acf_changed":false},"product_brand":[],"product_cat":[54],"product_tag":[],"class_list":{"0":"post-278","1":"product","2":"type-product","3":"status-publish","4":"has-post-thumbnail","6":"product_cat-yamaha-moottori-osat","7":"product_shipping_class-small","9":"first","10":"outofstock","11":"taxable","12":"shipping-taxable","13":"purchasable","14":"product-type-simple"},"acf":[],"yoast_head":"<!-- This site is optimized with the Yoast SEO plugin v27.5 - https:\/\/yoast.com\/product\/yoast-seo-wordpress\/ -->\n<title>Yamaha piirilevy - Ebikespareparts.fi<\/title>\n<meta name=\"robots\" content=\"index, follow, max-snippet:-1, max-image-preview:large, max-video-preview:-1\" \/>\n<link rel=\"canonical\" href=\"https:\/\/ebikespareparts.fi\/sv\/produkt\/yamaha-piirilevy\/\" \/>\n<meta property=\"og:locale\" content=\"sv_SE\" \/>\n<meta property=\"og:type\" content=\"article\" \/>\n<meta property=\"og:title\" content=\"Yamaha piirilevy - Ebikespareparts.fi\" \/>\n<meta property=\"og:description\" content=\"Yamaha painettu piirilevy N\u00e4m\u00e4 ovat aitoja Yamaha-osia. T\u00e4m\u00e4 on piirilevy (PCB), joka sijaitsee moottorin sis\u00e4ll\u00e4 ohjaamassa itse moottoria. Piirilevy voi vaurioitua vesi- tai akkuongelmien vuoksi HUOMAA: Toimittaaksesi sinulle oikean osan, ota meihin yhteytt\u00e4 k\u00e4ytt\u00e4m\u00e4ll\u00e4 moottorisi pohjassa olevan hopeisen tarran kirjaimia ja numeroita. (Katso kuva alla).N\u00e4m\u00e4 osat eiv\u00e4t toimi Giant SyncDrive -moottoreiden kanssa.\" \/>\n<meta property=\"og:url\" content=\"https:\/\/ebikespareparts.fi\/sv\/produkt\/yamaha-piirilevy\/\" \/>\n<meta property=\"og:site_name\" content=\"Ebikespareparts.fi\" \/>\n<meta property=\"article:publisher\" content=\"https:\/\/www.facebook.com\/smhj.fi\" \/>\n<meta property=\"article:modified_time\" content=\"2026-03-10T13:27:48+00:00\" \/>\n<meta property=\"og:image\" content=\"https:\/\/ebikespareparts.fi\/wp-content\/uploads\/2025\/03\/HlNaFxOtjkEOc6mDX8zxlsYWwcjCTNhIKdR5qkVZNXUiVEG9kR.jpg\" \/>\n\t<meta property=\"og:image:width\" content=\"1000\" \/>\n\t<meta property=\"og:image:height\" content=\"666\" \/>\n\t<meta property=\"og:image:type\" content=\"image\/jpeg\" \/>\n<meta name=\"twitter:card\" content=\"summary_large_image\" \/>\n<meta name=\"twitter:label1\" content=\"Ber\u00e4knad l\u00e4stid\" \/>\n\t<meta name=\"twitter:data1\" content=\"1 minut\" \/>\n<script type=\"application\/ld+json\" class=\"yoast-schema-graph\">{\"@context\":\"https:\\\/\\\/schema.org\",\"@graph\":[{\"@type\":\"WebPage\",\"@id\":\"https:\\\/\\\/ebikespareparts.fi\\\/tuote\\\/yamaha-piirilevy\\\/\",\"url\":\"https:\\\/\\\/ebikespareparts.fi\\\/tuote\\\/yamaha-piirilevy\\\/\",\"name\":\"Yamaha piirilevy - Ebikespareparts.fi\",\"isPartOf\":{\"@id\":\"https:\\\/\\\/ebikespareparts.fi\\\/#website\"},\"primaryImageOfPage\":{\"@id\":\"https:\\\/\\\/ebikespareparts.fi\\\/tuote\\\/yamaha-piirilevy\\\/#primaryimage\"},\"image\":{\"@id\":\"https:\\\/\\\/ebikespareparts.fi\\\/tuote\\\/yamaha-piirilevy\\\/#primaryimage\"},\"thumbnailUrl\":\"https:\\\/\\\/ebikespareparts.fi\\\/wp-content\\\/uploads\\\/2025\\\/03\\\/HlNaFxOtjkEOc6mDX8zxlsYWwcjCTNhIKdR5qkVZNXUiVEG9kR.jpg\",\"datePublished\":\"2023-10-03T12:17:42+00:00\",\"dateModified\":\"2026-03-10T13:27:48+00:00\",\"breadcrumb\":{\"@id\":\"https:\\\/\\\/ebikespareparts.fi\\\/tuote\\\/yamaha-piirilevy\\\/#breadcrumb\"},\"inLanguage\":\"sv-SE\",\"potentialAction\":[{\"@type\":\"ReadAction\",\"target\":[\"https:\\\/\\\/ebikespareparts.fi\\\/tuote\\\/yamaha-piirilevy\\\/\"]}]},{\"@type\":\"ImageObject\",\"inLanguage\":\"sv-SE\",\"@id\":\"https:\\\/\\\/ebikespareparts.fi\\\/tuote\\\/yamaha-piirilevy\\\/#primaryimage\",\"url\":\"https:\\\/\\\/ebikespareparts.fi\\\/wp-content\\\/uploads\\\/2025\\\/03\\\/HlNaFxOtjkEOc6mDX8zxlsYWwcjCTNhIKdR5qkVZNXUiVEG9kR.jpg\",\"contentUrl\":\"https:\\\/\\\/ebikespareparts.fi\\\/wp-content\\\/uploads\\\/2025\\\/03\\\/HlNaFxOtjkEOc6mDX8zxlsYWwcjCTNhIKdR5qkVZNXUiVEG9kR.jpg\",\"width\":1000,\"height\":666,\"caption\":\"HlNaFxOtjkEOc6mDX8zxlsYWwcjCTNhIKdR5qkVZNXUiVEG9kR\"},{\"@type\":\"BreadcrumbList\",\"@id\":\"https:\\\/\\\/ebikespareparts.fi\\\/tuote\\\/yamaha-piirilevy\\\/#breadcrumb\",\"itemListElement\":[{\"@type\":\"ListItem\",\"position\":1,\"name\":\"Etusivu\",\"item\":\"https:\\\/\\\/ebikespareparts.fi\\\/\"},{\"@type\":\"ListItem\",\"position\":2,\"name\":\"Kauppa\",\"item\":\"https:\\\/\\\/ebikespareparts.fi\\\/kauppa\\\/\"},{\"@type\":\"ListItem\",\"position\":3,\"name\":\"Yamaha piirilevy\"}]},{\"@type\":\"WebSite\",\"@id\":\"https:\\\/\\\/ebikespareparts.fi\\\/#website\",\"url\":\"https:\\\/\\\/ebikespareparts.fi\\\/\",\"name\":\"Ebikespareparts.fi\",\"description\":\"S\u00e4hk\u00f6py\u00f6r\u00e4n osat - E-bike osat - Huolto\",\"publisher\":{\"@id\":\"https:\\\/\\\/ebikespareparts.fi\\\/#organization\"},\"potentialAction\":[{\"@type\":\"SearchAction\",\"target\":{\"@type\":\"EntryPoint\",\"urlTemplate\":\"https:\\\/\\\/ebikespareparts.fi\\\/?s={search_term_string}\"},\"query-input\":{\"@type\":\"PropertyValueSpecification\",\"valueRequired\":true,\"valueName\":\"search_term_string\"}}],\"inLanguage\":\"sv-SE\"},{\"@type\":\"Organization\",\"@id\":\"https:\\\/\\\/ebikespareparts.fi\\\/#organization\",\"name\":\"Ebikespareparts.fi\",\"url\":\"https:\\\/\\\/ebikespareparts.fi\\\/\",\"logo\":{\"@type\":\"ImageObject\",\"inLanguage\":\"sv-SE\",\"@id\":\"https:\\\/\\\/ebikespareparts.fi\\\/#\\\/schema\\\/logo\\\/image\\\/\",\"url\":\"https:\\\/\\\/ebikespareparts.fi\\\/wp-content\\\/uploads\\\/2024\\\/05\\\/logo-musta-tausta.jpg\",\"contentUrl\":\"https:\\\/\\\/ebikespareparts.fi\\\/wp-content\\\/uploads\\\/2024\\\/05\\\/logo-musta-tausta.jpg\",\"width\":1013,\"height\":950,\"caption\":\"Ebikespareparts.fi\"},\"image\":{\"@id\":\"https:\\\/\\\/ebikespareparts.fi\\\/#\\\/schema\\\/logo\\\/image\\\/\"},\"sameAs\":[\"https:\\\/\\\/www.facebook.com\\\/smhj.fi\"]}]}<\/script>\n<!-- \/ Yoast SEO plugin. -->","yoast_head_json":{"title":"Yamaha piirilevy - Ebikespareparts.fi","robots":{"index":"index","follow":"follow","max-snippet":"max-snippet:-1","max-image-preview":"max-image-preview:large","max-video-preview":"max-video-preview:-1"},"canonical":"https:\/\/ebikespareparts.fi\/sv\/produkt\/yamaha-piirilevy\/","og_locale":"sv_SE","og_type":"article","og_title":"Yamaha piirilevy - Ebikespareparts.fi","og_description":"Yamaha painettu piirilevy N\u00e4m\u00e4 ovat aitoja Yamaha-osia. T\u00e4m\u00e4 on piirilevy (PCB), joka sijaitsee moottorin sis\u00e4ll\u00e4 ohjaamassa itse moottoria. Piirilevy voi vaurioitua vesi- tai akkuongelmien vuoksi HUOMAA: Toimittaaksesi sinulle oikean osan, ota meihin yhteytt\u00e4 k\u00e4ytt\u00e4m\u00e4ll\u00e4 moottorisi pohjassa olevan hopeisen tarran kirjaimia ja numeroita. (Katso kuva alla).N\u00e4m\u00e4 osat eiv\u00e4t toimi Giant SyncDrive -moottoreiden kanssa.","og_url":"https:\/\/ebikespareparts.fi\/sv\/produkt\/yamaha-piirilevy\/","og_site_name":"Ebikespareparts.fi","article_publisher":"https:\/\/www.facebook.com\/smhj.fi","article_modified_time":"2026-03-10T13:27:48+00:00","og_image":[{"width":1000,"height":666,"url":"https:\/\/ebikespareparts.fi\/wp-content\/uploads\/2025\/03\/HlNaFxOtjkEOc6mDX8zxlsYWwcjCTNhIKdR5qkVZNXUiVEG9kR.jpg","type":"image\/jpeg"}],"twitter_card":"summary_large_image","twitter_misc":{"Ber\u00e4knad l\u00e4stid":"1 minut"},"schema":{"@context":"https:\/\/schema.org","@graph":[{"@type":"WebPage","@id":"https:\/\/ebikespareparts.fi\/tuote\/yamaha-piirilevy\/","url":"https:\/\/ebikespareparts.fi\/tuote\/yamaha-piirilevy\/","name":"Yamaha piirilevy - Ebikespareparts.fi","isPartOf":{"@id":"https:\/\/ebikespareparts.fi\/#website"},"primaryImageOfPage":{"@id":"https:\/\/ebikespareparts.fi\/tuote\/yamaha-piirilevy\/#primaryimage"},"image":{"@id":"https:\/\/ebikespareparts.fi\/tuote\/yamaha-piirilevy\/#primaryimage"},"thumbnailUrl":"https:\/\/ebikespareparts.fi\/wp-content\/uploads\/2025\/03\/HlNaFxOtjkEOc6mDX8zxlsYWwcjCTNhIKdR5qkVZNXUiVEG9kR.jpg","datePublished":"2023-10-03T12:17:42+00:00","dateModified":"2026-03-10T13:27:48+00:00","breadcrumb":{"@id":"https:\/\/ebikespareparts.fi\/tuote\/yamaha-piirilevy\/#breadcrumb"},"inLanguage":"sv-SE","potentialAction":[{"@type":"ReadAction","target":["https:\/\/ebikespareparts.fi\/tuote\/yamaha-piirilevy\/"]}]},{"@type":"ImageObject","inLanguage":"sv-SE","@id":"https:\/\/ebikespareparts.fi\/tuote\/yamaha-piirilevy\/#primaryimage","url":"https:\/\/ebikespareparts.fi\/wp-content\/uploads\/2025\/03\/HlNaFxOtjkEOc6mDX8zxlsYWwcjCTNhIKdR5qkVZNXUiVEG9kR.jpg","contentUrl":"https:\/\/ebikespareparts.fi\/wp-content\/uploads\/2025\/03\/HlNaFxOtjkEOc6mDX8zxlsYWwcjCTNhIKdR5qkVZNXUiVEG9kR.jpg","width":1000,"height":666,"caption":"HlNaFxOtjkEOc6mDX8zxlsYWwcjCTNhIKdR5qkVZNXUiVEG9kR"},{"@type":"BreadcrumbList","@id":"https:\/\/ebikespareparts.fi\/tuote\/yamaha-piirilevy\/#breadcrumb","itemListElement":[{"@type":"ListItem","position":1,"name":"Etusivu","item":"https:\/\/ebikespareparts.fi\/"},{"@type":"ListItem","position":2,"name":"Kauppa","item":"https:\/\/ebikespareparts.fi\/kauppa\/"},{"@type":"ListItem","position":3,"name":"Yamaha piirilevy"}]},{"@type":"WebSite","@id":"https:\/\/ebikespareparts.fi\/#website","url":"https:\/\/ebikespareparts.fi\/","name":"Ebikespareparts.fi","description":"S\u00e4hk\u00f6py\u00f6r\u00e4n osat - E-bike osat - Huolto","publisher":{"@id":"https:\/\/ebikespareparts.fi\/#organization"},"potentialAction":[{"@type":"SearchAction","target":{"@type":"EntryPoint","urlTemplate":"https:\/\/ebikespareparts.fi\/?s={search_term_string}"},"query-input":{"@type":"PropertyValueSpecification","valueRequired":true,"valueName":"search_term_string"}}],"inLanguage":"sv-SE"},{"@type":"Organization","@id":"https:\/\/ebikespareparts.fi\/#organization","name":"Ebikespareparts.fi","url":"https:\/\/ebikespareparts.fi\/","logo":{"@type":"ImageObject","inLanguage":"sv-SE","@id":"https:\/\/ebikespareparts.fi\/#\/schema\/logo\/image\/","url":"https:\/\/ebikespareparts.fi\/wp-content\/uploads\/2024\/05\/logo-musta-tausta.jpg","contentUrl":"https:\/\/ebikespareparts.fi\/wp-content\/uploads\/2024\/05\/logo-musta-tausta.jpg","width":1013,"height":950,"caption":"Ebikespareparts.fi"},"image":{"@id":"https:\/\/ebikespareparts.fi\/#\/schema\/logo\/image\/"},"sameAs":["https:\/\/www.facebook.com\/smhj.fi"]}]}},"_links":{"self":[{"href":"https:\/\/ebikespareparts.fi\/sv\/wp-json\/wp\/v2\/product\/278","targetHints":{"allow":["GET"]}}],"collection":[{"href":"https:\/\/ebikespareparts.fi\/sv\/wp-json\/wp\/v2\/product"}],"about":[{"href":"https:\/\/ebikespareparts.fi\/sv\/wp-json\/wp\/v2\/types\/product"}],"replies":[{"embeddable":true,"href":"https:\/\/ebikespareparts.fi\/sv\/wp-json\/wp\/v2\/comments?post=278"}],"version-history":[{"count":1,"href":"https:\/\/ebikespareparts.fi\/sv\/wp-json\/wp\/v2\/product\/278\/revisions"}],"predecessor-version":[{"id":49239,"href":"https:\/\/ebikespareparts.fi\/sv\/wp-json\/wp\/v2\/product\/278\/revisions\/49239"}],"wp:featuredmedia":[{"embeddable":true,"href":"https:\/\/ebikespareparts.fi\/sv\/wp-json\/wp\/v2\/media\/47465"}],"wp:attachment":[{"href":"https:\/\/ebikespareparts.fi\/sv\/wp-json\/wp\/v2\/media?parent=278"}],"wp:term":[{"taxonomy":"product_brand","embeddable":true,"href":"https:\/\/ebikespareparts.fi\/sv\/wp-json\/wp\/v2\/product_brand?post=278"},{"taxonomy":"product_cat","embeddable":true,"href":"https:\/\/ebikespareparts.fi\/sv\/wp-json\/wp\/v2\/product_cat?post=278"},{"taxonomy":"product_tag","embeddable":true,"href":"https:\/\/ebikespareparts.fi\/sv\/wp-json\/wp\/v2\/product_tag?post=278"}],"curies":[{"name":"wp","href":"https:\/\/api.w.org\/{rel}","templated":true}]}}