{"id":31,"date":"2023-10-03T15:16:21","date_gmt":"2023-10-03T12:16:21","guid":{"rendered":"https:\/\/ebikespareparts.fi\/?post_type=product&#038;p=31"},"modified":"2026-03-30T03:00:10","modified_gmt":"2026-03-30T00:00:10","slug":"bosch-gen-2-moottorin-laakerisarja-osa-no-plb00701","status":"publish","type":"product","link":"https:\/\/ebikespareparts.fi\/sv\/produkt\/bosch-gen-2-moottorin-laakerisarja-osa-no-plb00701\/","title":{"rendered":"PLB00701 Bosch Gen 2 lagersats f\u00f6r motor"},"content":{"rendered":"<p class=\"tw-data-text tw-text-large tw-ta\" data-placeholder=\"K\u00e4\u00e4nn\u00f6s\" dir=\"ltr\" id=\"tw-target-text\"><span class=\"Y2IQFc\" lang=\"fi\">Serien inneh\u00e5ller alla lager som beh\u00f6vs f\u00f6r motor v\u00e4xeln och kraft\u00f6verf\u00f6ringen. Inkluderar tv\u00e5 vevaxel O-ringar och en O-ring bakom drevet.<\/span><\/p>\n<p class=\"tw-data-text tw-text-large tw-ta\" data-placeholder=\"K\u00e4\u00e4nn\u00f6s\" dir=\"ltr\" id=\"tw-target-text\"><span class=\"Y2IQFc\" lang=\"fi\">Om det beh\u00f6vs, kom ih\u00e5g att best\u00e4lla \u00e4kta Bosch motorfett PLA 00919 och huvudmotor lagert\u00e4tning PLB00530<\/span><\/p>\n<p class=\"tw-data-text tw-text-large tw-ta\" data-placeholder=\"K\u00e4\u00e4nn\u00f6s\" dir=\"ltr\" id=\"tw-target-text\"><span class=\"Y2IQFc\" lang=\"fi\">Bosch Generation 2 -mootor BDU2xx (Med liten framdrev )<\/span><\/p>\n<p><img decoding=\"async\" alt=\"\" class=\"alignnone wp-image-8226\" height=\"133\" src=\"https:\/\/www.performancelinebearings.com\/wp-content\/uploads\/2019\/09\/Bosch-Gen-2--300x200.jpg\" width=\"200\" \/><\/p>","protected":false},"excerpt":{"rendered":"<p>Sarja sis\u00e4lt\u00e4\u00e4 kaikki moottorivaihteeseen ja voimansiirtoon tarvittavat laakerit. Sis\u00e4lt\u00e4\u00e4 kaksi kammen akselin O-rengasta ja ketjurattaan takana olevan O-renkaan. Muista tilata tarvittaessa erikseen aito Bosch-moottorirasva ja p\u00e4\u00e4moottorin laakerin tiiviste tai MudStop ja kammen tiiviste. Bosch Generation 2 -moottori BDU2xx (HUOM: Pieni eturatas)<\/p>","protected":false},"featured_media":47468,"comment_status":"closed","ping_status":"closed","template":"","meta":{"_acf_changed":false},"product_brand":[],"product_cat":[18,19],"product_tag":[],"class_list":{"0":"post-31","1":"product","2":"type-product","3":"status-publish","4":"has-post-thumbnail","6":"product_cat-bosch-gen-2","7":"product_cat-bosch-laakerit","8":"product_shipping_class-grease","10":"first","11":"instock","12":"taxable","13":"shipping-taxable","14":"purchasable","15":"product-type-simple"},"acf":[],"yoast_head":"<!-- This site is optimized with the Yoast SEO plugin v27.4 - https:\/\/yoast.com\/product\/yoast-seo-wordpress\/ -->\n<title>PLB00701 Bosch Gen 2 Moottorin laakerisarja - Ebikespareparts.fi<\/title>\n<meta name=\"robots\" content=\"index, follow, max-snippet:-1, max-image-preview:large, max-video-preview:-1\" \/>\n<link rel=\"canonical\" href=\"https:\/\/ebikespareparts.fi\/sv\/produkt\/bosch-gen-2-moottorin-laakerisarja-osa-no-plb00701\/\" \/>\n<meta property=\"og:locale\" content=\"sv_SE\" \/>\n<meta property=\"og:type\" content=\"article\" \/>\n<meta property=\"og:title\" content=\"PLB00701 Bosch Gen 2 Moottorin laakerisarja - Ebikespareparts.fi\" \/>\n<meta property=\"og:description\" content=\"Sarja sis\u00e4lt\u00e4\u00e4 kaikki moottorivaihteeseen ja voimansiirtoon tarvittavat laakerit. Sis\u00e4lt\u00e4\u00e4 kaksi kammen akselin O-rengasta ja ketjurattaan takana olevan O-renkaan. Muista tilata tarvittaessa erikseen aito Bosch-moottorirasva ja p\u00e4\u00e4moottorin laakerin tiiviste tai MudStop ja kammen tiiviste. Bosch Generation 2 -moottori BDU2xx (HUOM: Pieni eturatas)\" \/>\n<meta property=\"og:url\" content=\"https:\/\/ebikespareparts.fi\/sv\/produkt\/bosch-gen-2-moottorin-laakerisarja-osa-no-plb00701\/\" \/>\n<meta property=\"og:site_name\" content=\"Ebikespareparts.fi\" \/>\n<meta property=\"article:publisher\" content=\"https:\/\/www.facebook.com\/smhj.fi\" \/>\n<meta property=\"article:modified_time\" content=\"2026-03-30T00:00:10+00:00\" \/>\n<meta property=\"og:image\" content=\"https:\/\/ebikespareparts.fi\/wp-content\/uploads\/2025\/03\/rMASZJL6HPV4mcAJDHl6Ckvm4wsCVNUV4c99HGG9vrW9jyY088.jpg\" \/>\n\t<meta property=\"og:image:width\" content=\"952\" \/>\n\t<meta property=\"og:image:height\" content=\"714\" \/>\n\t<meta property=\"og:image:type\" content=\"image\/jpeg\" \/>\n<meta name=\"twitter:card\" content=\"summary_large_image\" \/>\n<meta name=\"twitter:label1\" content=\"Ber\u00e4knad l\u00e4stid\" \/>\n\t<meta name=\"twitter:data1\" content=\"1 minut\" \/>\n<script type=\"application\/ld+json\" class=\"yoast-schema-graph\">{\"@context\":\"https:\\\/\\\/schema.org\",\"@graph\":[{\"@type\":\"WebPage\",\"@id\":\"https:\\\/\\\/ebikespareparts.fi\\\/tuote\\\/bosch-gen-2-moottorin-laakerisarja-osa-no-plb00701\\\/\",\"url\":\"https:\\\/\\\/ebikespareparts.fi\\\/tuote\\\/bosch-gen-2-moottorin-laakerisarja-osa-no-plb00701\\\/\",\"name\":\"PLB00701 Bosch Gen 2 Moottorin laakerisarja - Ebikespareparts.fi\",\"isPartOf\":{\"@id\":\"https:\\\/\\\/ebikespareparts.fi\\\/#website\"},\"primaryImageOfPage\":{\"@id\":\"https:\\\/\\\/ebikespareparts.fi\\\/tuote\\\/bosch-gen-2-moottorin-laakerisarja-osa-no-plb00701\\\/#primaryimage\"},\"image\":{\"@id\":\"https:\\\/\\\/ebikespareparts.fi\\\/tuote\\\/bosch-gen-2-moottorin-laakerisarja-osa-no-plb00701\\\/#primaryimage\"},\"thumbnailUrl\":\"https:\\\/\\\/ebikespareparts.fi\\\/wp-content\\\/uploads\\\/2025\\\/03\\\/rMASZJL6HPV4mcAJDHl6Ckvm4wsCVNUV4c99HGG9vrW9jyY088.jpg\",\"datePublished\":\"2023-10-03T12:16:21+00:00\",\"dateModified\":\"2026-03-30T00:00:10+00:00\",\"breadcrumb\":{\"@id\":\"https:\\\/\\\/ebikespareparts.fi\\\/tuote\\\/bosch-gen-2-moottorin-laakerisarja-osa-no-plb00701\\\/#breadcrumb\"},\"inLanguage\":\"sv-SE\",\"potentialAction\":[{\"@type\":\"ReadAction\",\"target\":[\"https:\\\/\\\/ebikespareparts.fi\\\/tuote\\\/bosch-gen-2-moottorin-laakerisarja-osa-no-plb00701\\\/\"]}]},{\"@type\":\"ImageObject\",\"inLanguage\":\"sv-SE\",\"@id\":\"https:\\\/\\\/ebikespareparts.fi\\\/tuote\\\/bosch-gen-2-moottorin-laakerisarja-osa-no-plb00701\\\/#primaryimage\",\"url\":\"https:\\\/\\\/ebikespareparts.fi\\\/wp-content\\\/uploads\\\/2025\\\/03\\\/rMASZJL6HPV4mcAJDHl6Ckvm4wsCVNUV4c99HGG9vrW9jyY088.jpg\",\"contentUrl\":\"https:\\\/\\\/ebikespareparts.fi\\\/wp-content\\\/uploads\\\/2025\\\/03\\\/rMASZJL6HPV4mcAJDHl6Ckvm4wsCVNUV4c99HGG9vrW9jyY088.jpg\",\"width\":952,\"height\":714,\"caption\":\"rMASZJL6HPV4mcAJDHl6Ckvm4wsCVNUV4c99HGG9vrW9jyY088\"},{\"@type\":\"BreadcrumbList\",\"@id\":\"https:\\\/\\\/ebikespareparts.fi\\\/tuote\\\/bosch-gen-2-moottorin-laakerisarja-osa-no-plb00701\\\/#breadcrumb\",\"itemListElement\":[{\"@type\":\"ListItem\",\"position\":1,\"name\":\"Etusivu\",\"item\":\"https:\\\/\\\/ebikespareparts.fi\\\/\"},{\"@type\":\"ListItem\",\"position\":2,\"name\":\"Kauppa\",\"item\":\"https:\\\/\\\/ebikespareparts.fi\\\/kauppa\\\/\"},{\"@type\":\"ListItem\",\"position\":3,\"name\":\"PLB00701 Bosch Gen 2 Moottorin laakerisarja\"}]},{\"@type\":\"WebSite\",\"@id\":\"https:\\\/\\\/ebikespareparts.fi\\\/#website\",\"url\":\"https:\\\/\\\/ebikespareparts.fi\\\/\",\"name\":\"Ebikespareparts.fi\",\"description\":\"S\u00e4hk\u00f6py\u00f6r\u00e4n osat - E-bike osat - Huolto\",\"publisher\":{\"@id\":\"https:\\\/\\\/ebikespareparts.fi\\\/#organization\"},\"potentialAction\":[{\"@type\":\"SearchAction\",\"target\":{\"@type\":\"EntryPoint\",\"urlTemplate\":\"https:\\\/\\\/ebikespareparts.fi\\\/?s={search_term_string}\"},\"query-input\":{\"@type\":\"PropertyValueSpecification\",\"valueRequired\":true,\"valueName\":\"search_term_string\"}}],\"inLanguage\":\"sv-SE\"},{\"@type\":\"Organization\",\"@id\":\"https:\\\/\\\/ebikespareparts.fi\\\/#organization\",\"name\":\"Ebikespareparts.fi\",\"url\":\"https:\\\/\\\/ebikespareparts.fi\\\/\",\"logo\":{\"@type\":\"ImageObject\",\"inLanguage\":\"sv-SE\",\"@id\":\"https:\\\/\\\/ebikespareparts.fi\\\/#\\\/schema\\\/logo\\\/image\\\/\",\"url\":\"https:\\\/\\\/ebikespareparts.fi\\\/wp-content\\\/uploads\\\/2024\\\/05\\\/logo-musta-tausta.jpg\",\"contentUrl\":\"https:\\\/\\\/ebikespareparts.fi\\\/wp-content\\\/uploads\\\/2024\\\/05\\\/logo-musta-tausta.jpg\",\"width\":1013,\"height\":950,\"caption\":\"Ebikespareparts.fi\"},\"image\":{\"@id\":\"https:\\\/\\\/ebikespareparts.fi\\\/#\\\/schema\\\/logo\\\/image\\\/\"},\"sameAs\":[\"https:\\\/\\\/www.facebook.com\\\/smhj.fi\"]}]}<\/script>\n<!-- \/ Yoast SEO plugin. -->","yoast_head_json":{"title":"PLB00701 Bosch Gen 2 Moottorin laakerisarja - Ebikespareparts.fi","robots":{"index":"index","follow":"follow","max-snippet":"max-snippet:-1","max-image-preview":"max-image-preview:large","max-video-preview":"max-video-preview:-1"},"canonical":"https:\/\/ebikespareparts.fi\/sv\/produkt\/bosch-gen-2-moottorin-laakerisarja-osa-no-plb00701\/","og_locale":"sv_SE","og_type":"article","og_title":"PLB00701 Bosch Gen 2 Moottorin laakerisarja - Ebikespareparts.fi","og_description":"Sarja sis\u00e4lt\u00e4\u00e4 kaikki moottorivaihteeseen ja voimansiirtoon tarvittavat laakerit. Sis\u00e4lt\u00e4\u00e4 kaksi kammen akselin O-rengasta ja ketjurattaan takana olevan O-renkaan. Muista tilata tarvittaessa erikseen aito Bosch-moottorirasva ja p\u00e4\u00e4moottorin laakerin tiiviste tai MudStop ja kammen tiiviste. Bosch Generation 2 -moottori BDU2xx (HUOM: Pieni eturatas)","og_url":"https:\/\/ebikespareparts.fi\/sv\/produkt\/bosch-gen-2-moottorin-laakerisarja-osa-no-plb00701\/","og_site_name":"Ebikespareparts.fi","article_publisher":"https:\/\/www.facebook.com\/smhj.fi","article_modified_time":"2026-03-30T00:00:10+00:00","og_image":[{"width":952,"height":714,"url":"https:\/\/ebikespareparts.fi\/wp-content\/uploads\/2025\/03\/rMASZJL6HPV4mcAJDHl6Ckvm4wsCVNUV4c99HGG9vrW9jyY088.jpg","type":"image\/jpeg"}],"twitter_card":"summary_large_image","twitter_misc":{"Ber\u00e4knad l\u00e4stid":"1 minut"},"schema":{"@context":"https:\/\/schema.org","@graph":[{"@type":"WebPage","@id":"https:\/\/ebikespareparts.fi\/tuote\/bosch-gen-2-moottorin-laakerisarja-osa-no-plb00701\/","url":"https:\/\/ebikespareparts.fi\/tuote\/bosch-gen-2-moottorin-laakerisarja-osa-no-plb00701\/","name":"PLB00701 Bosch Gen 2 Moottorin laakerisarja - Ebikespareparts.fi","isPartOf":{"@id":"https:\/\/ebikespareparts.fi\/#website"},"primaryImageOfPage":{"@id":"https:\/\/ebikespareparts.fi\/tuote\/bosch-gen-2-moottorin-laakerisarja-osa-no-plb00701\/#primaryimage"},"image":{"@id":"https:\/\/ebikespareparts.fi\/tuote\/bosch-gen-2-moottorin-laakerisarja-osa-no-plb00701\/#primaryimage"},"thumbnailUrl":"https:\/\/ebikespareparts.fi\/wp-content\/uploads\/2025\/03\/rMASZJL6HPV4mcAJDHl6Ckvm4wsCVNUV4c99HGG9vrW9jyY088.jpg","datePublished":"2023-10-03T12:16:21+00:00","dateModified":"2026-03-30T00:00:10+00:00","breadcrumb":{"@id":"https:\/\/ebikespareparts.fi\/tuote\/bosch-gen-2-moottorin-laakerisarja-osa-no-plb00701\/#breadcrumb"},"inLanguage":"sv-SE","potentialAction":[{"@type":"ReadAction","target":["https:\/\/ebikespareparts.fi\/tuote\/bosch-gen-2-moottorin-laakerisarja-osa-no-plb00701\/"]}]},{"@type":"ImageObject","inLanguage":"sv-SE","@id":"https:\/\/ebikespareparts.fi\/tuote\/bosch-gen-2-moottorin-laakerisarja-osa-no-plb00701\/#primaryimage","url":"https:\/\/ebikespareparts.fi\/wp-content\/uploads\/2025\/03\/rMASZJL6HPV4mcAJDHl6Ckvm4wsCVNUV4c99HGG9vrW9jyY088.jpg","contentUrl":"https:\/\/ebikespareparts.fi\/wp-content\/uploads\/2025\/03\/rMASZJL6HPV4mcAJDHl6Ckvm4wsCVNUV4c99HGG9vrW9jyY088.jpg","width":952,"height":714,"caption":"rMASZJL6HPV4mcAJDHl6Ckvm4wsCVNUV4c99HGG9vrW9jyY088"},{"@type":"BreadcrumbList","@id":"https:\/\/ebikespareparts.fi\/tuote\/bosch-gen-2-moottorin-laakerisarja-osa-no-plb00701\/#breadcrumb","itemListElement":[{"@type":"ListItem","position":1,"name":"Etusivu","item":"https:\/\/ebikespareparts.fi\/"},{"@type":"ListItem","position":2,"name":"Kauppa","item":"https:\/\/ebikespareparts.fi\/kauppa\/"},{"@type":"ListItem","position":3,"name":"PLB00701 Bosch Gen 2 Moottorin laakerisarja"}]},{"@type":"WebSite","@id":"https:\/\/ebikespareparts.fi\/#website","url":"https:\/\/ebikespareparts.fi\/","name":"Ebikespareparts.fi","description":"S\u00e4hk\u00f6py\u00f6r\u00e4n osat - E-bike osat - Huolto","publisher":{"@id":"https:\/\/ebikespareparts.fi\/#organization"},"potentialAction":[{"@type":"SearchAction","target":{"@type":"EntryPoint","urlTemplate":"https:\/\/ebikespareparts.fi\/?s={search_term_string}"},"query-input":{"@type":"PropertyValueSpecification","valueRequired":true,"valueName":"search_term_string"}}],"inLanguage":"sv-SE"},{"@type":"Organization","@id":"https:\/\/ebikespareparts.fi\/#organization","name":"Ebikespareparts.fi","url":"https:\/\/ebikespareparts.fi\/","logo":{"@type":"ImageObject","inLanguage":"sv-SE","@id":"https:\/\/ebikespareparts.fi\/#\/schema\/logo\/image\/","url":"https:\/\/ebikespareparts.fi\/wp-content\/uploads\/2024\/05\/logo-musta-tausta.jpg","contentUrl":"https:\/\/ebikespareparts.fi\/wp-content\/uploads\/2024\/05\/logo-musta-tausta.jpg","width":1013,"height":950,"caption":"Ebikespareparts.fi"},"image":{"@id":"https:\/\/ebikespareparts.fi\/#\/schema\/logo\/image\/"},"sameAs":["https:\/\/www.facebook.com\/smhj.fi"]}]}},"_links":{"self":[{"href":"https:\/\/ebikespareparts.fi\/sv\/wp-json\/wp\/v2\/product\/31","targetHints":{"allow":["GET"]}}],"collection":[{"href":"https:\/\/ebikespareparts.fi\/sv\/wp-json\/wp\/v2\/product"}],"about":[{"href":"https:\/\/ebikespareparts.fi\/sv\/wp-json\/wp\/v2\/types\/product"}],"replies":[{"embeddable":true,"href":"https:\/\/ebikespareparts.fi\/sv\/wp-json\/wp\/v2\/comments?post=31"}],"version-history":[{"count":1,"href":"https:\/\/ebikespareparts.fi\/sv\/wp-json\/wp\/v2\/product\/31\/revisions"}],"predecessor-version":[{"id":49230,"href":"https:\/\/ebikespareparts.fi\/sv\/wp-json\/wp\/v2\/product\/31\/revisions\/49230"}],"wp:featuredmedia":[{"embeddable":true,"href":"https:\/\/ebikespareparts.fi\/sv\/wp-json\/wp\/v2\/media\/47468"}],"wp:attachment":[{"href":"https:\/\/ebikespareparts.fi\/sv\/wp-json\/wp\/v2\/media?parent=31"}],"wp:term":[{"taxonomy":"product_brand","embeddable":true,"href":"https:\/\/ebikespareparts.fi\/sv\/wp-json\/wp\/v2\/product_brand?post=31"},{"taxonomy":"product_cat","embeddable":true,"href":"https:\/\/ebikespareparts.fi\/sv\/wp-json\/wp\/v2\/product_cat?post=31"},{"taxonomy":"product_tag","embeddable":true,"href":"https:\/\/ebikespareparts.fi\/sv\/wp-json\/wp\/v2\/product_tag?post=31"}],"curies":[{"name":"wp","href":"https:\/\/api.w.org\/{rel}","templated":true}]}}