{"id":337,"date":"2023-10-03T15:17:59","date_gmt":"2023-10-03T12:17:59","guid":{"rendered":"https:\/\/ebikespareparts.fi\/?post_type=product&#038;p=337"},"modified":"2026-03-28T02:00:11","modified_gmt":"2026-03-28T00:00:11","slug":"bosch-gen-4-huoltolaakerisarja-osa-no-plb40701","status":"publish","type":"product","link":"https:\/\/ebikespareparts.fi\/sv\/produkt\/bosch-gen-4-huoltolaakerisarja-osa-no-plb40701\/","title":{"rendered":"PLB40701 Bosch Gen 4 Servicelagersats."},"content":{"rendered":"<p class=\"tw-data-text tw-text-large tw-ta\" data-placeholder=\"K\u00e4\u00e4nn\u00f6s\" dir=\"ltr\" id=\"tw-target-text\"><span class=\"Y2IQFc\" lang=\"fi\">Denna sats inneh\u00e5ller alla Bosch Gen 4 utbytbara motorlager. Vi rekommenderar inte att du f\u00f6rs\u00f6ker arbeta med denna motor utan m\u00e5nga specialverktyg och en stark bakgrund inom maskinteknik. Detta kit passar Gen 4 Performance Line CX, Cargo och Speed \u200b\u200b\u200b\u200bmotorer. Bosch Generation 4 motor BDU4xx.<\/span><\/p>","protected":false},"excerpt":{"rendered":"<p>Denna sats inneh\u00e5ller alla Bosch Gen 4 utbytbara motorlager. Vi rekommenderar inte att du f\u00f6rs\u00f6ker arbeta med denna motor utan m\u00e5nga specialverktyg och en stark bakgrund inom maskinteknik. Detta kit passar Gen 4 Performance Line CX, Cargo och Speed \u200b\u200b\u200b\u200bmotorer. Bosch Generation 4 motor BDU4xx.<\/p>","protected":false},"featured_media":47312,"comment_status":"open","ping_status":"closed","template":"","meta":{"_acf_changed":false},"product_brand":[],"product_cat":[53],"product_tag":[],"class_list":{"0":"post-337","1":"product","2":"type-product","3":"status-publish","4":"has-post-thumbnail","6":"product_cat-bosch-gen-4","8":"first","9":"outofstock","10":"taxable","11":"shipping-taxable","12":"purchasable","13":"product-type-simple"},"acf":[],"yoast_head":"<!-- This site is optimized with the Yoast SEO plugin v27.4 - https:\/\/yoast.com\/product\/yoast-seo-wordpress\/ -->\n<title>PLB40701 Bosch Gen 4 huoltolaakerisarja. - Ebikespareparts.fi<\/title>\n<meta name=\"robots\" content=\"index, follow, max-snippet:-1, max-image-preview:large, max-video-preview:-1\" \/>\n<link rel=\"canonical\" href=\"https:\/\/ebikespareparts.fi\/sv\/produkt\/bosch-gen-4-huoltolaakerisarja-osa-no-plb40701\/\" \/>\n<meta property=\"og:locale\" content=\"sv_SE\" \/>\n<meta property=\"og:type\" content=\"article\" \/>\n<meta property=\"og:title\" content=\"PLB40701 Bosch Gen 4 huoltolaakerisarja. - Ebikespareparts.fi\" \/>\n<meta property=\"og:description\" content=\"T\u00e4m\u00e4 sarja sis\u00e4lt\u00e4\u00e4 kaikki Bosch Gen 4 -moottorin vaihdettavissa olevat laakerit. Emme suosittele, ett\u00e4 ryhdyt k\u00e4sittelem\u00e4\u00e4n t\u00e4t\u00e4 moottoria ilman monia erikoisty\u00f6kaluja ja vahvaa konetekniikan taustaa. T\u00e4m\u00e4 sarja sopii Gen 4 Performance Line CX-, Cargo- ja Speed-moottoreille. Bosch Generation 4 -moottori BDU4xx.\" \/>\n<meta property=\"og:url\" content=\"https:\/\/ebikespareparts.fi\/sv\/produkt\/bosch-gen-4-huoltolaakerisarja-osa-no-plb40701\/\" \/>\n<meta property=\"og:site_name\" content=\"Ebikespareparts.fi\" \/>\n<meta property=\"article:publisher\" content=\"https:\/\/www.facebook.com\/smhj.fi\" \/>\n<meta property=\"article:modified_time\" content=\"2026-03-28T00:00:11+00:00\" \/>\n<meta property=\"og:image\" content=\"https:\/\/ebikespareparts.fi\/wp-content\/uploads\/2025\/03\/byCLxwU3hKWsqdIqfLZi3ZDSBDkBQKvKResimwqGJDkuBjg3Vt.jpg\" \/>\n\t<meta property=\"og:image:width\" content=\"1000\" \/>\n\t<meta property=\"og:image:height\" content=\"666\" \/>\n\t<meta property=\"og:image:type\" content=\"image\/jpeg\" \/>\n<meta name=\"twitter:card\" content=\"summary_large_image\" \/>\n<meta name=\"twitter:label1\" content=\"Ber\u00e4knad l\u00e4stid\" \/>\n\t<meta name=\"twitter:data1\" content=\"1 minut\" \/>\n<script type=\"application\/ld+json\" class=\"yoast-schema-graph\">{\"@context\":\"https:\\\/\\\/schema.org\",\"@graph\":[{\"@type\":\"WebPage\",\"@id\":\"https:\\\/\\\/ebikespareparts.fi\\\/tuote\\\/bosch-gen-4-huoltolaakerisarja-osa-no-plb40701\\\/\",\"url\":\"https:\\\/\\\/ebikespareparts.fi\\\/tuote\\\/bosch-gen-4-huoltolaakerisarja-osa-no-plb40701\\\/\",\"name\":\"PLB40701 Bosch Gen 4 huoltolaakerisarja. - Ebikespareparts.fi\",\"isPartOf\":{\"@id\":\"https:\\\/\\\/ebikespareparts.fi\\\/#website\"},\"primaryImageOfPage\":{\"@id\":\"https:\\\/\\\/ebikespareparts.fi\\\/tuote\\\/bosch-gen-4-huoltolaakerisarja-osa-no-plb40701\\\/#primaryimage\"},\"image\":{\"@id\":\"https:\\\/\\\/ebikespareparts.fi\\\/tuote\\\/bosch-gen-4-huoltolaakerisarja-osa-no-plb40701\\\/#primaryimage\"},\"thumbnailUrl\":\"https:\\\/\\\/ebikespareparts.fi\\\/wp-content\\\/uploads\\\/2025\\\/03\\\/byCLxwU3hKWsqdIqfLZi3ZDSBDkBQKvKResimwqGJDkuBjg3Vt.jpg\",\"datePublished\":\"2023-10-03T12:17:59+00:00\",\"dateModified\":\"2026-03-28T00:00:11+00:00\",\"breadcrumb\":{\"@id\":\"https:\\\/\\\/ebikespareparts.fi\\\/tuote\\\/bosch-gen-4-huoltolaakerisarja-osa-no-plb40701\\\/#breadcrumb\"},\"inLanguage\":\"sv-SE\",\"potentialAction\":[{\"@type\":\"ReadAction\",\"target\":[\"https:\\\/\\\/ebikespareparts.fi\\\/tuote\\\/bosch-gen-4-huoltolaakerisarja-osa-no-plb40701\\\/\"]}]},{\"@type\":\"ImageObject\",\"inLanguage\":\"sv-SE\",\"@id\":\"https:\\\/\\\/ebikespareparts.fi\\\/tuote\\\/bosch-gen-4-huoltolaakerisarja-osa-no-plb40701\\\/#primaryimage\",\"url\":\"https:\\\/\\\/ebikespareparts.fi\\\/wp-content\\\/uploads\\\/2025\\\/03\\\/byCLxwU3hKWsqdIqfLZi3ZDSBDkBQKvKResimwqGJDkuBjg3Vt.jpg\",\"contentUrl\":\"https:\\\/\\\/ebikespareparts.fi\\\/wp-content\\\/uploads\\\/2025\\\/03\\\/byCLxwU3hKWsqdIqfLZi3ZDSBDkBQKvKResimwqGJDkuBjg3Vt.jpg\",\"width\":1000,\"height\":666,\"caption\":\"byCLxwU3hKWsqdIqfLZi3ZDSBDkBQKvKResimwqGJDkuBjg3Vt\"},{\"@type\":\"BreadcrumbList\",\"@id\":\"https:\\\/\\\/ebikespareparts.fi\\\/tuote\\\/bosch-gen-4-huoltolaakerisarja-osa-no-plb40701\\\/#breadcrumb\",\"itemListElement\":[{\"@type\":\"ListItem\",\"position\":1,\"name\":\"Etusivu\",\"item\":\"https:\\\/\\\/ebikespareparts.fi\\\/\"},{\"@type\":\"ListItem\",\"position\":2,\"name\":\"Kauppa\",\"item\":\"https:\\\/\\\/ebikespareparts.fi\\\/kauppa\\\/\"},{\"@type\":\"ListItem\",\"position\":3,\"name\":\"PLB40701 Bosch Gen 4 huoltolaakerisarja.\"}]},{\"@type\":\"WebSite\",\"@id\":\"https:\\\/\\\/ebikespareparts.fi\\\/#website\",\"url\":\"https:\\\/\\\/ebikespareparts.fi\\\/\",\"name\":\"Ebikespareparts.fi\",\"description\":\"S\u00e4hk\u00f6py\u00f6r\u00e4n osat - E-bike osat - Huolto\",\"publisher\":{\"@id\":\"https:\\\/\\\/ebikespareparts.fi\\\/#organization\"},\"potentialAction\":[{\"@type\":\"SearchAction\",\"target\":{\"@type\":\"EntryPoint\",\"urlTemplate\":\"https:\\\/\\\/ebikespareparts.fi\\\/?s={search_term_string}\"},\"query-input\":{\"@type\":\"PropertyValueSpecification\",\"valueRequired\":true,\"valueName\":\"search_term_string\"}}],\"inLanguage\":\"sv-SE\"},{\"@type\":\"Organization\",\"@id\":\"https:\\\/\\\/ebikespareparts.fi\\\/#organization\",\"name\":\"Ebikespareparts.fi\",\"url\":\"https:\\\/\\\/ebikespareparts.fi\\\/\",\"logo\":{\"@type\":\"ImageObject\",\"inLanguage\":\"sv-SE\",\"@id\":\"https:\\\/\\\/ebikespareparts.fi\\\/#\\\/schema\\\/logo\\\/image\\\/\",\"url\":\"https:\\\/\\\/ebikespareparts.fi\\\/wp-content\\\/uploads\\\/2024\\\/05\\\/logo-musta-tausta.jpg\",\"contentUrl\":\"https:\\\/\\\/ebikespareparts.fi\\\/wp-content\\\/uploads\\\/2024\\\/05\\\/logo-musta-tausta.jpg\",\"width\":1013,\"height\":950,\"caption\":\"Ebikespareparts.fi\"},\"image\":{\"@id\":\"https:\\\/\\\/ebikespareparts.fi\\\/#\\\/schema\\\/logo\\\/image\\\/\"},\"sameAs\":[\"https:\\\/\\\/www.facebook.com\\\/smhj.fi\"]}]}<\/script>\n<!-- \/ Yoast SEO plugin. -->","yoast_head_json":{"title":"PLB40701 Bosch Gen 4 huoltolaakerisarja. - Ebikespareparts.fi","robots":{"index":"index","follow":"follow","max-snippet":"max-snippet:-1","max-image-preview":"max-image-preview:large","max-video-preview":"max-video-preview:-1"},"canonical":"https:\/\/ebikespareparts.fi\/sv\/produkt\/bosch-gen-4-huoltolaakerisarja-osa-no-plb40701\/","og_locale":"sv_SE","og_type":"article","og_title":"PLB40701 Bosch Gen 4 huoltolaakerisarja. - Ebikespareparts.fi","og_description":"T\u00e4m\u00e4 sarja sis\u00e4lt\u00e4\u00e4 kaikki Bosch Gen 4 -moottorin vaihdettavissa olevat laakerit. Emme suosittele, ett\u00e4 ryhdyt k\u00e4sittelem\u00e4\u00e4n t\u00e4t\u00e4 moottoria ilman monia erikoisty\u00f6kaluja ja vahvaa konetekniikan taustaa. T\u00e4m\u00e4 sarja sopii Gen 4 Performance Line CX-, Cargo- ja Speed-moottoreille. Bosch Generation 4 -moottori BDU4xx.","og_url":"https:\/\/ebikespareparts.fi\/sv\/produkt\/bosch-gen-4-huoltolaakerisarja-osa-no-plb40701\/","og_site_name":"Ebikespareparts.fi","article_publisher":"https:\/\/www.facebook.com\/smhj.fi","article_modified_time":"2026-03-28T00:00:11+00:00","og_image":[{"width":1000,"height":666,"url":"https:\/\/ebikespareparts.fi\/wp-content\/uploads\/2025\/03\/byCLxwU3hKWsqdIqfLZi3ZDSBDkBQKvKResimwqGJDkuBjg3Vt.jpg","type":"image\/jpeg"}],"twitter_card":"summary_large_image","twitter_misc":{"Ber\u00e4knad l\u00e4stid":"1 minut"},"schema":{"@context":"https:\/\/schema.org","@graph":[{"@type":"WebPage","@id":"https:\/\/ebikespareparts.fi\/tuote\/bosch-gen-4-huoltolaakerisarja-osa-no-plb40701\/","url":"https:\/\/ebikespareparts.fi\/tuote\/bosch-gen-4-huoltolaakerisarja-osa-no-plb40701\/","name":"PLB40701 Bosch Gen 4 huoltolaakerisarja. - Ebikespareparts.fi","isPartOf":{"@id":"https:\/\/ebikespareparts.fi\/#website"},"primaryImageOfPage":{"@id":"https:\/\/ebikespareparts.fi\/tuote\/bosch-gen-4-huoltolaakerisarja-osa-no-plb40701\/#primaryimage"},"image":{"@id":"https:\/\/ebikespareparts.fi\/tuote\/bosch-gen-4-huoltolaakerisarja-osa-no-plb40701\/#primaryimage"},"thumbnailUrl":"https:\/\/ebikespareparts.fi\/wp-content\/uploads\/2025\/03\/byCLxwU3hKWsqdIqfLZi3ZDSBDkBQKvKResimwqGJDkuBjg3Vt.jpg","datePublished":"2023-10-03T12:17:59+00:00","dateModified":"2026-03-28T00:00:11+00:00","breadcrumb":{"@id":"https:\/\/ebikespareparts.fi\/tuote\/bosch-gen-4-huoltolaakerisarja-osa-no-plb40701\/#breadcrumb"},"inLanguage":"sv-SE","potentialAction":[{"@type":"ReadAction","target":["https:\/\/ebikespareparts.fi\/tuote\/bosch-gen-4-huoltolaakerisarja-osa-no-plb40701\/"]}]},{"@type":"ImageObject","inLanguage":"sv-SE","@id":"https:\/\/ebikespareparts.fi\/tuote\/bosch-gen-4-huoltolaakerisarja-osa-no-plb40701\/#primaryimage","url":"https:\/\/ebikespareparts.fi\/wp-content\/uploads\/2025\/03\/byCLxwU3hKWsqdIqfLZi3ZDSBDkBQKvKResimwqGJDkuBjg3Vt.jpg","contentUrl":"https:\/\/ebikespareparts.fi\/wp-content\/uploads\/2025\/03\/byCLxwU3hKWsqdIqfLZi3ZDSBDkBQKvKResimwqGJDkuBjg3Vt.jpg","width":1000,"height":666,"caption":"byCLxwU3hKWsqdIqfLZi3ZDSBDkBQKvKResimwqGJDkuBjg3Vt"},{"@type":"BreadcrumbList","@id":"https:\/\/ebikespareparts.fi\/tuote\/bosch-gen-4-huoltolaakerisarja-osa-no-plb40701\/#breadcrumb","itemListElement":[{"@type":"ListItem","position":1,"name":"Etusivu","item":"https:\/\/ebikespareparts.fi\/"},{"@type":"ListItem","position":2,"name":"Kauppa","item":"https:\/\/ebikespareparts.fi\/kauppa\/"},{"@type":"ListItem","position":3,"name":"PLB40701 Bosch Gen 4 huoltolaakerisarja."}]},{"@type":"WebSite","@id":"https:\/\/ebikespareparts.fi\/#website","url":"https:\/\/ebikespareparts.fi\/","name":"Ebikespareparts.fi","description":"S\u00e4hk\u00f6py\u00f6r\u00e4n osat - E-bike osat - Huolto","publisher":{"@id":"https:\/\/ebikespareparts.fi\/#organization"},"potentialAction":[{"@type":"SearchAction","target":{"@type":"EntryPoint","urlTemplate":"https:\/\/ebikespareparts.fi\/?s={search_term_string}"},"query-input":{"@type":"PropertyValueSpecification","valueRequired":true,"valueName":"search_term_string"}}],"inLanguage":"sv-SE"},{"@type":"Organization","@id":"https:\/\/ebikespareparts.fi\/#organization","name":"Ebikespareparts.fi","url":"https:\/\/ebikespareparts.fi\/","logo":{"@type":"ImageObject","inLanguage":"sv-SE","@id":"https:\/\/ebikespareparts.fi\/#\/schema\/logo\/image\/","url":"https:\/\/ebikespareparts.fi\/wp-content\/uploads\/2024\/05\/logo-musta-tausta.jpg","contentUrl":"https:\/\/ebikespareparts.fi\/wp-content\/uploads\/2024\/05\/logo-musta-tausta.jpg","width":1013,"height":950,"caption":"Ebikespareparts.fi"},"image":{"@id":"https:\/\/ebikespareparts.fi\/#\/schema\/logo\/image\/"},"sameAs":["https:\/\/www.facebook.com\/smhj.fi"]}]}},"_links":{"self":[{"href":"https:\/\/ebikespareparts.fi\/sv\/wp-json\/wp\/v2\/product\/337","targetHints":{"allow":["GET"]}}],"collection":[{"href":"https:\/\/ebikespareparts.fi\/sv\/wp-json\/wp\/v2\/product"}],"about":[{"href":"https:\/\/ebikespareparts.fi\/sv\/wp-json\/wp\/v2\/types\/product"}],"replies":[{"embeddable":true,"href":"https:\/\/ebikespareparts.fi\/sv\/wp-json\/wp\/v2\/comments?post=337"}],"version-history":[{"count":1,"href":"https:\/\/ebikespareparts.fi\/sv\/wp-json\/wp\/v2\/product\/337\/revisions"}],"predecessor-version":[{"id":49196,"href":"https:\/\/ebikespareparts.fi\/sv\/wp-json\/wp\/v2\/product\/337\/revisions\/49196"}],"wp:featuredmedia":[{"embeddable":true,"href":"https:\/\/ebikespareparts.fi\/sv\/wp-json\/wp\/v2\/media\/47312"}],"wp:attachment":[{"href":"https:\/\/ebikespareparts.fi\/sv\/wp-json\/wp\/v2\/media?parent=337"}],"wp:term":[{"taxonomy":"product_brand","embeddable":true,"href":"https:\/\/ebikespareparts.fi\/sv\/wp-json\/wp\/v2\/product_brand?post=337"},{"taxonomy":"product_cat","embeddable":true,"href":"https:\/\/ebikespareparts.fi\/sv\/wp-json\/wp\/v2\/product_cat?post=337"},{"taxonomy":"product_tag","embeddable":true,"href":"https:\/\/ebikespareparts.fi\/sv\/wp-json\/wp\/v2\/product_tag?post=337"}],"curies":[{"name":"wp","href":"https:\/\/api.w.org\/{rel}","templated":true}]}}