{"id":339,"date":"2023-10-03T15:17:59","date_gmt":"2023-10-03T12:17:59","guid":{"rendered":"https:\/\/ebikespareparts.fi\/?post_type=product&#038;p=339"},"modified":"2026-03-10T15:27:41","modified_gmt":"2026-03-10T13:27:41","slug":"4-in-1-puristintyokalu-brose-c-t-s-s-mag-osa-no-pla00936","status":"publish","type":"product","link":"https:\/\/ebikespareparts.fi\/sv\/produkt\/4-in-1-puristintyokalu-brose-c-t-s-s-mag-osa-no-pla00936\/","title":{"rendered":"PLA00936 4 funktioner i ett verktyg Brose C, T, S &amp; S-Mag."},"content":{"rendered":"<h4 id=\"tw-target-text\" class=\"tw-data-text tw-text-large tw-ta\" dir=\"ltr\" data-placeholder=\"K\u00e4\u00e4nn\u00f6s\"><span class=\"Y2IQFc\" lang=\"fi\">Detta \u00e4r ett robust pressverktyg i rostfritt st\u00e5l som \u00e4r designat f\u00f6r att klara fyra av de sv\u00e5rare jobben man m\u00f6ter n\u00e4r man bygger om en Brose-motor. <\/span><\/h4>\n<h4 class=\"tw-data-text tw-text-large tw-ta\" dir=\"ltr\" data-placeholder=\"K\u00e4\u00e4nn\u00f6s\"><span class=\"Y2IQFc\" lang=\"fi\">1, Ta bort det h\u00f6gra vevaxellagret fr\u00e5n momentsensorn. <\/span><\/h4>\n<h4 class=\"tw-data-text tw-text-large tw-ta\" dir=\"ltr\" data-placeholder=\"K\u00e4\u00e4nn\u00f6s\"><span class=\"Y2IQFc\" lang=\"fi\">2, bearbetad f\u00f6r att perfekt passa drivremskivans lager och borttagning av skenan. <\/span><\/h4>\n<h4 class=\"tw-data-text tw-text-large tw-ta\" dir=\"ltr\" data-placeholder=\"K\u00e4\u00e4nn\u00f6s\"><span class=\"Y2IQFc\" lang=\"fi\">3, Anv\u00e4nds f\u00f6r att st\u00e4lla in det exakta djupet p\u00e5 vevaxelns n\u00e5lrullager n\u00e4r den extra t\u00e4tningen \u00e4r installerad. <\/span><\/h4>\n<h4 class=\"tw-data-text tw-text-large tw-ta\" dir=\"ltr\" data-placeholder=\"K\u00e4\u00e4nn\u00f6s\"><span class=\"Y2IQFc\" lang=\"fi\">4, bearbetad f\u00f6r att justera det h\u00f6gra vevaxellagret till det exakta djupet p\u00e5 vridmomentsensorn.<\/span><\/h4>","protected":false},"excerpt":{"rendered":"<p>T\u00e4m\u00e4 on vankka ruostumattomasta ter\u00e4ksest\u00e4 valmistettu puristusty\u00f6kalu, joka on suunniteltu suorittamaan 4 hankalampaa ty\u00f6t\u00e4, joita kohdataan Brose-moottoria kunnostettaessa. 1, Irrota oikeanpuoleinen kampiakselin laakeri v\u00e4\u00e4nt\u00f6momentin anturista. 2, Koneistettu niin, ett\u00e4 se sopii t\u00e4ydellisesti k\u00e4ytt\u00f6hihnapy\u00f6r\u00e4n laakerin ja kiskon poistamiseen. 3, K\u00e4ytet\u00e4\u00e4n kampiakselin neularullalaakerin tarkan syvyyden asettamiseen, kun ylim\u00e4\u00e4r\u00e4inen tiiviste on asennettu. 4, Koneistettu s\u00e4\u00e4t\u00e4m\u00e4\u00e4n oikeanpuoleinen kampiakselin laakeri <a href=\"https:\/\/ebikespareparts.fi\/sv\/produkt\/4-in-1-puristintyokalu-brose-c-t-s-s-mag-osa-no-pla00936\/\" class=\"more-link\">\u2026 <span class=\"screen-reader-text\">  PLA00936 4 funktioner i ett verktyg Brose C, T, S &amp; S-Mag.<\/span><\/a><\/p>","protected":false},"featured_media":47337,"comment_status":"open","ping_status":"closed","template":"","meta":{"_acf_changed":false},"product_brand":[],"product_cat":[47,39],"product_tag":[],"class_list":{"0":"post-339","1":"product","2":"type-product","3":"status-publish","4":"has-post-thumbnail","6":"product_cat-brose-tyokalut","7":"product_cat-tyokalut","9":"first","10":"instock","11":"taxable","12":"shipping-taxable","13":"purchasable","14":"product-type-simple"},"acf":[],"yoast_head":"<!-- This site is optimized with the Yoast SEO plugin v27.3 - https:\/\/yoast.com\/product\/yoast-seo-wordpress\/ -->\n<title>PLA00936 4 toimintoa yhdess\u00e4 ty\u00f6kalussa Brose C, T, S &amp; S-Mag. - Ebikespareparts.fi<\/title>\n<meta name=\"robots\" content=\"index, follow, max-snippet:-1, max-image-preview:large, max-video-preview:-1\" \/>\n<link rel=\"canonical\" href=\"https:\/\/ebikespareparts.fi\/sv\/produkt\/4-in-1-puristintyokalu-brose-c-t-s-s-mag-osa-no-pla00936\/\" \/>\n<meta property=\"og:locale\" content=\"sv_SE\" \/>\n<meta property=\"og:type\" content=\"article\" \/>\n<meta property=\"og:title\" content=\"PLA00936 4 toimintoa yhdess\u00e4 ty\u00f6kalussa Brose C, T, S &amp; S-Mag. - Ebikespareparts.fi\" \/>\n<meta property=\"og:description\" content=\"T\u00e4m\u00e4 on vankka ruostumattomasta ter\u00e4ksest\u00e4 valmistettu puristusty\u00f6kalu, joka on suunniteltu suorittamaan 4 hankalampaa ty\u00f6t\u00e4, joita kohdataan Brose-moottoria kunnostettaessa. 1, Irrota oikeanpuoleinen kampiakselin laakeri v\u00e4\u00e4nt\u00f6momentin anturista. 2, Koneistettu niin, ett\u00e4 se sopii t\u00e4ydellisesti k\u00e4ytt\u00f6hihnapy\u00f6r\u00e4n laakerin ja kiskon poistamiseen. 3, K\u00e4ytet\u00e4\u00e4n kampiakselin neularullalaakerin tarkan syvyyden asettamiseen, kun ylim\u00e4\u00e4r\u00e4inen tiiviste on asennettu. 4, Koneistettu s\u00e4\u00e4t\u00e4m\u00e4\u00e4n oikeanpuoleinen kampiakselin laakeri \u2026  PLA00936 4 toimintoa yhdess\u00e4 ty\u00f6kalussa Brose C, T, S &amp; S-Mag.\" \/>\n<meta property=\"og:url\" content=\"https:\/\/ebikespareparts.fi\/sv\/produkt\/4-in-1-puristintyokalu-brose-c-t-s-s-mag-osa-no-pla00936\/\" \/>\n<meta property=\"og:site_name\" content=\"Ebikespareparts.fi\" \/>\n<meta property=\"article:publisher\" content=\"https:\/\/www.facebook.com\/smhj.fi\" \/>\n<meta property=\"article:modified_time\" content=\"2026-03-10T13:27:41+00:00\" \/>\n<meta property=\"og:image\" content=\"https:\/\/ebikespareparts.fi\/wp-content\/uploads\/2025\/03\/oHMuxYHhvds2cgtWV4X9i9S0R3u6Pn4mqxVsDe4N5AaBgv8AXY.jpg\" \/>\n\t<meta property=\"og:image:width\" content=\"977\" \/>\n\t<meta property=\"og:image:height\" content=\"1000\" \/>\n\t<meta property=\"og:image:type\" content=\"image\/jpeg\" \/>\n<meta name=\"twitter:card\" content=\"summary_large_image\" \/>\n<meta name=\"twitter:label1\" content=\"Ber\u00e4knad l\u00e4stid\" \/>\n\t<meta name=\"twitter:data1\" content=\"1 minut\" \/>\n<script type=\"application\/ld+json\" class=\"yoast-schema-graph\">{\"@context\":\"https:\\\/\\\/schema.org\",\"@graph\":[{\"@type\":\"WebPage\",\"@id\":\"https:\\\/\\\/ebikespareparts.fi\\\/tuote\\\/4-in-1-puristintyokalu-brose-c-t-s-s-mag-osa-no-pla00936\\\/\",\"url\":\"https:\\\/\\\/ebikespareparts.fi\\\/tuote\\\/4-in-1-puristintyokalu-brose-c-t-s-s-mag-osa-no-pla00936\\\/\",\"name\":\"PLA00936 4 toimintoa yhdess\u00e4 ty\u00f6kalussa Brose C, T, S &amp; S-Mag. - Ebikespareparts.fi\",\"isPartOf\":{\"@id\":\"https:\\\/\\\/ebikespareparts.fi\\\/#website\"},\"primaryImageOfPage\":{\"@id\":\"https:\\\/\\\/ebikespareparts.fi\\\/tuote\\\/4-in-1-puristintyokalu-brose-c-t-s-s-mag-osa-no-pla00936\\\/#primaryimage\"},\"image\":{\"@id\":\"https:\\\/\\\/ebikespareparts.fi\\\/tuote\\\/4-in-1-puristintyokalu-brose-c-t-s-s-mag-osa-no-pla00936\\\/#primaryimage\"},\"thumbnailUrl\":\"https:\\\/\\\/ebikespareparts.fi\\\/wp-content\\\/uploads\\\/2025\\\/03\\\/oHMuxYHhvds2cgtWV4X9i9S0R3u6Pn4mqxVsDe4N5AaBgv8AXY.jpg\",\"datePublished\":\"2023-10-03T12:17:59+00:00\",\"dateModified\":\"2026-03-10T13:27:41+00:00\",\"breadcrumb\":{\"@id\":\"https:\\\/\\\/ebikespareparts.fi\\\/tuote\\\/4-in-1-puristintyokalu-brose-c-t-s-s-mag-osa-no-pla00936\\\/#breadcrumb\"},\"inLanguage\":\"sv-SE\",\"potentialAction\":[{\"@type\":\"ReadAction\",\"target\":[\"https:\\\/\\\/ebikespareparts.fi\\\/tuote\\\/4-in-1-puristintyokalu-brose-c-t-s-s-mag-osa-no-pla00936\\\/\"]}]},{\"@type\":\"ImageObject\",\"inLanguage\":\"sv-SE\",\"@id\":\"https:\\\/\\\/ebikespareparts.fi\\\/tuote\\\/4-in-1-puristintyokalu-brose-c-t-s-s-mag-osa-no-pla00936\\\/#primaryimage\",\"url\":\"https:\\\/\\\/ebikespareparts.fi\\\/wp-content\\\/uploads\\\/2025\\\/03\\\/oHMuxYHhvds2cgtWV4X9i9S0R3u6Pn4mqxVsDe4N5AaBgv8AXY.jpg\",\"contentUrl\":\"https:\\\/\\\/ebikespareparts.fi\\\/wp-content\\\/uploads\\\/2025\\\/03\\\/oHMuxYHhvds2cgtWV4X9i9S0R3u6Pn4mqxVsDe4N5AaBgv8AXY.jpg\",\"width\":977,\"height\":1000,\"caption\":\"oHMuxYHhvds2cgtWV4X9i9S0R3u6Pn4mqxVsDe4N5AaBgv8AXY\"},{\"@type\":\"BreadcrumbList\",\"@id\":\"https:\\\/\\\/ebikespareparts.fi\\\/tuote\\\/4-in-1-puristintyokalu-brose-c-t-s-s-mag-osa-no-pla00936\\\/#breadcrumb\",\"itemListElement\":[{\"@type\":\"ListItem\",\"position\":1,\"name\":\"Etusivu\",\"item\":\"https:\\\/\\\/ebikespareparts.fi\\\/\"},{\"@type\":\"ListItem\",\"position\":2,\"name\":\"Kauppa\",\"item\":\"https:\\\/\\\/ebikespareparts.fi\\\/kauppa\\\/\"},{\"@type\":\"ListItem\",\"position\":3,\"name\":\"PLA00936 4 toimintoa yhdess\u00e4 ty\u00f6kalussa Brose C, T, S &amp; S-Mag.\"}]},{\"@type\":\"WebSite\",\"@id\":\"https:\\\/\\\/ebikespareparts.fi\\\/#website\",\"url\":\"https:\\\/\\\/ebikespareparts.fi\\\/\",\"name\":\"Ebikespareparts.fi\",\"description\":\"S\u00e4hk\u00f6py\u00f6r\u00e4n osat - E-bike osat - Huolto\",\"publisher\":{\"@id\":\"https:\\\/\\\/ebikespareparts.fi\\\/#organization\"},\"potentialAction\":[{\"@type\":\"SearchAction\",\"target\":{\"@type\":\"EntryPoint\",\"urlTemplate\":\"https:\\\/\\\/ebikespareparts.fi\\\/?s={search_term_string}\"},\"query-input\":{\"@type\":\"PropertyValueSpecification\",\"valueRequired\":true,\"valueName\":\"search_term_string\"}}],\"inLanguage\":\"sv-SE\"},{\"@type\":\"Organization\",\"@id\":\"https:\\\/\\\/ebikespareparts.fi\\\/#organization\",\"name\":\"Ebikespareparts.fi\",\"url\":\"https:\\\/\\\/ebikespareparts.fi\\\/\",\"logo\":{\"@type\":\"ImageObject\",\"inLanguage\":\"sv-SE\",\"@id\":\"https:\\\/\\\/ebikespareparts.fi\\\/#\\\/schema\\\/logo\\\/image\\\/\",\"url\":\"https:\\\/\\\/ebikespareparts.fi\\\/wp-content\\\/uploads\\\/2024\\\/05\\\/logo-musta-tausta.jpg\",\"contentUrl\":\"https:\\\/\\\/ebikespareparts.fi\\\/wp-content\\\/uploads\\\/2024\\\/05\\\/logo-musta-tausta.jpg\",\"width\":1013,\"height\":950,\"caption\":\"Ebikespareparts.fi\"},\"image\":{\"@id\":\"https:\\\/\\\/ebikespareparts.fi\\\/#\\\/schema\\\/logo\\\/image\\\/\"},\"sameAs\":[\"https:\\\/\\\/www.facebook.com\\\/smhj.fi\"]}]}<\/script>\n<!-- \/ Yoast SEO plugin. -->","yoast_head_json":{"title":"PLA00936 4 toimintoa yhdess\u00e4 ty\u00f6kalussa Brose C, T, S &amp; S-Mag. - Ebikespareparts.fi","robots":{"index":"index","follow":"follow","max-snippet":"max-snippet:-1","max-image-preview":"max-image-preview:large","max-video-preview":"max-video-preview:-1"},"canonical":"https:\/\/ebikespareparts.fi\/sv\/produkt\/4-in-1-puristintyokalu-brose-c-t-s-s-mag-osa-no-pla00936\/","og_locale":"sv_SE","og_type":"article","og_title":"PLA00936 4 toimintoa yhdess\u00e4 ty\u00f6kalussa Brose C, T, S &amp; S-Mag. - Ebikespareparts.fi","og_description":"T\u00e4m\u00e4 on vankka ruostumattomasta ter\u00e4ksest\u00e4 valmistettu puristusty\u00f6kalu, joka on suunniteltu suorittamaan 4 hankalampaa ty\u00f6t\u00e4, joita kohdataan Brose-moottoria kunnostettaessa. 1, Irrota oikeanpuoleinen kampiakselin laakeri v\u00e4\u00e4nt\u00f6momentin anturista. 2, Koneistettu niin, ett\u00e4 se sopii t\u00e4ydellisesti k\u00e4ytt\u00f6hihnapy\u00f6r\u00e4n laakerin ja kiskon poistamiseen. 3, K\u00e4ytet\u00e4\u00e4n kampiakselin neularullalaakerin tarkan syvyyden asettamiseen, kun ylim\u00e4\u00e4r\u00e4inen tiiviste on asennettu. 4, Koneistettu s\u00e4\u00e4t\u00e4m\u00e4\u00e4n oikeanpuoleinen kampiakselin laakeri \u2026  PLA00936 4 toimintoa yhdess\u00e4 ty\u00f6kalussa Brose C, T, S &amp; S-Mag.","og_url":"https:\/\/ebikespareparts.fi\/sv\/produkt\/4-in-1-puristintyokalu-brose-c-t-s-s-mag-osa-no-pla00936\/","og_site_name":"Ebikespareparts.fi","article_publisher":"https:\/\/www.facebook.com\/smhj.fi","article_modified_time":"2026-03-10T13:27:41+00:00","og_image":[{"width":977,"height":1000,"url":"https:\/\/ebikespareparts.fi\/wp-content\/uploads\/2025\/03\/oHMuxYHhvds2cgtWV4X9i9S0R3u6Pn4mqxVsDe4N5AaBgv8AXY.jpg","type":"image\/jpeg"}],"twitter_card":"summary_large_image","twitter_misc":{"Ber\u00e4knad l\u00e4stid":"1 minut"},"schema":{"@context":"https:\/\/schema.org","@graph":[{"@type":"WebPage","@id":"https:\/\/ebikespareparts.fi\/tuote\/4-in-1-puristintyokalu-brose-c-t-s-s-mag-osa-no-pla00936\/","url":"https:\/\/ebikespareparts.fi\/tuote\/4-in-1-puristintyokalu-brose-c-t-s-s-mag-osa-no-pla00936\/","name":"PLA00936 4 toimintoa yhdess\u00e4 ty\u00f6kalussa Brose C, T, S &amp; S-Mag. - Ebikespareparts.fi","isPartOf":{"@id":"https:\/\/ebikespareparts.fi\/#website"},"primaryImageOfPage":{"@id":"https:\/\/ebikespareparts.fi\/tuote\/4-in-1-puristintyokalu-brose-c-t-s-s-mag-osa-no-pla00936\/#primaryimage"},"image":{"@id":"https:\/\/ebikespareparts.fi\/tuote\/4-in-1-puristintyokalu-brose-c-t-s-s-mag-osa-no-pla00936\/#primaryimage"},"thumbnailUrl":"https:\/\/ebikespareparts.fi\/wp-content\/uploads\/2025\/03\/oHMuxYHhvds2cgtWV4X9i9S0R3u6Pn4mqxVsDe4N5AaBgv8AXY.jpg","datePublished":"2023-10-03T12:17:59+00:00","dateModified":"2026-03-10T13:27:41+00:00","breadcrumb":{"@id":"https:\/\/ebikespareparts.fi\/tuote\/4-in-1-puristintyokalu-brose-c-t-s-s-mag-osa-no-pla00936\/#breadcrumb"},"inLanguage":"sv-SE","potentialAction":[{"@type":"ReadAction","target":["https:\/\/ebikespareparts.fi\/tuote\/4-in-1-puristintyokalu-brose-c-t-s-s-mag-osa-no-pla00936\/"]}]},{"@type":"ImageObject","inLanguage":"sv-SE","@id":"https:\/\/ebikespareparts.fi\/tuote\/4-in-1-puristintyokalu-brose-c-t-s-s-mag-osa-no-pla00936\/#primaryimage","url":"https:\/\/ebikespareparts.fi\/wp-content\/uploads\/2025\/03\/oHMuxYHhvds2cgtWV4X9i9S0R3u6Pn4mqxVsDe4N5AaBgv8AXY.jpg","contentUrl":"https:\/\/ebikespareparts.fi\/wp-content\/uploads\/2025\/03\/oHMuxYHhvds2cgtWV4X9i9S0R3u6Pn4mqxVsDe4N5AaBgv8AXY.jpg","width":977,"height":1000,"caption":"oHMuxYHhvds2cgtWV4X9i9S0R3u6Pn4mqxVsDe4N5AaBgv8AXY"},{"@type":"BreadcrumbList","@id":"https:\/\/ebikespareparts.fi\/tuote\/4-in-1-puristintyokalu-brose-c-t-s-s-mag-osa-no-pla00936\/#breadcrumb","itemListElement":[{"@type":"ListItem","position":1,"name":"Etusivu","item":"https:\/\/ebikespareparts.fi\/"},{"@type":"ListItem","position":2,"name":"Kauppa","item":"https:\/\/ebikespareparts.fi\/kauppa\/"},{"@type":"ListItem","position":3,"name":"PLA00936 4 toimintoa yhdess\u00e4 ty\u00f6kalussa Brose C, T, S &amp; S-Mag."}]},{"@type":"WebSite","@id":"https:\/\/ebikespareparts.fi\/#website","url":"https:\/\/ebikespareparts.fi\/","name":"Ebikespareparts.fi","description":"S\u00e4hk\u00f6py\u00f6r\u00e4n osat - E-bike osat - Huolto","publisher":{"@id":"https:\/\/ebikespareparts.fi\/#organization"},"potentialAction":[{"@type":"SearchAction","target":{"@type":"EntryPoint","urlTemplate":"https:\/\/ebikespareparts.fi\/?s={search_term_string}"},"query-input":{"@type":"PropertyValueSpecification","valueRequired":true,"valueName":"search_term_string"}}],"inLanguage":"sv-SE"},{"@type":"Organization","@id":"https:\/\/ebikespareparts.fi\/#organization","name":"Ebikespareparts.fi","url":"https:\/\/ebikespareparts.fi\/","logo":{"@type":"ImageObject","inLanguage":"sv-SE","@id":"https:\/\/ebikespareparts.fi\/#\/schema\/logo\/image\/","url":"https:\/\/ebikespareparts.fi\/wp-content\/uploads\/2024\/05\/logo-musta-tausta.jpg","contentUrl":"https:\/\/ebikespareparts.fi\/wp-content\/uploads\/2024\/05\/logo-musta-tausta.jpg","width":1013,"height":950,"caption":"Ebikespareparts.fi"},"image":{"@id":"https:\/\/ebikespareparts.fi\/#\/schema\/logo\/image\/"},"sameAs":["https:\/\/www.facebook.com\/smhj.fi"]}]}},"_links":{"self":[{"href":"https:\/\/ebikespareparts.fi\/sv\/wp-json\/wp\/v2\/product\/339","targetHints":{"allow":["GET"]}}],"collection":[{"href":"https:\/\/ebikespareparts.fi\/sv\/wp-json\/wp\/v2\/product"}],"about":[{"href":"https:\/\/ebikespareparts.fi\/sv\/wp-json\/wp\/v2\/types\/product"}],"replies":[{"embeddable":true,"href":"https:\/\/ebikespareparts.fi\/sv\/wp-json\/wp\/v2\/comments?post=339"}],"version-history":[{"count":1,"href":"https:\/\/ebikespareparts.fi\/sv\/wp-json\/wp\/v2\/product\/339\/revisions"}],"predecessor-version":[{"id":49218,"href":"https:\/\/ebikespareparts.fi\/sv\/wp-json\/wp\/v2\/product\/339\/revisions\/49218"}],"wp:featuredmedia":[{"embeddable":true,"href":"https:\/\/ebikespareparts.fi\/sv\/wp-json\/wp\/v2\/media\/47337"}],"wp:attachment":[{"href":"https:\/\/ebikespareparts.fi\/sv\/wp-json\/wp\/v2\/media?parent=339"}],"wp:term":[{"taxonomy":"product_brand","embeddable":true,"href":"https:\/\/ebikespareparts.fi\/sv\/wp-json\/wp\/v2\/product_brand?post=339"},{"taxonomy":"product_cat","embeddable":true,"href":"https:\/\/ebikespareparts.fi\/sv\/wp-json\/wp\/v2\/product_cat?post=339"},{"taxonomy":"product_tag","embeddable":true,"href":"https:\/\/ebikespareparts.fi\/sv\/wp-json\/wp\/v2\/product_tag?post=339"}],"curies":[{"name":"wp","href":"https:\/\/api.w.org\/{rel}","templated":true}]}}